{"id":11298,"date":"2024-04-16T15:58:27","date_gmt":"2024-04-16T14:58:27","guid":{"rendered":"https:\/\/canaryvip.com\/?post_type=product&#038;p=11298"},"modified":"2025-08-09T12:41:31","modified_gmt":"2025-08-09T11:41:31","slug":"parasailing-tenerife","status":"publish","type":"product","link":"https:\/\/canaryvip.com\/lt\/shop\/parasailing-tenerife\/","title":{"rendered":"Skraidymas parasparniu Tenerif\u0117je"},"content":{"rendered":"<h2><strong>Skraidymas parasparniu Tenerif\u0117je - sklandymas vir\u0161 kri\u0161tolini\u0173 vanden\u0173<\/strong><\/h2>\n<p>Prisijunkite prie m\u016bs\u0173 ir dalyvaukite d\u017eiuginan\u010diame <strong>pasiplaukiojimas parasparniu Tenerif\u0117je<\/strong> ir patirti skryd\u017eio vir\u0161 vandenyno jaudul\u012f! M\u016bs\u0173 <strong>Ekskursijos su parasparniu Tenerif\u0117je<\/strong> atsiveria kvap\u0105 gniau\u017eiantys Kosta Adech\u0117s vaizdai i\u0161 unikalios perspektyvos. Nesvarbu, ar norite skristi vienas, ar su draugais, mes garantuojame nepamir\u0161tam\u0105 skryd\u012f danguje.<\/p>\n<h3><strong>\ud83c\udf0a Prad\u0117kite savo nuotykius Puerto Col\u00f3n<\/strong><\/h3>\n<ul>\n<li><strong>Sveikinimo prad\u017eia:<\/strong> J\u016bs\u0173 nuotykis prasideda <a href=\"https:\/\/maps.app.goo.gl\/bkqEhAxsobcjz9wG9\" target=\"_blank\" rel=\"noopener\">Puerto Col\u00f3n,<\/a>\u00a0Kosta Adech\u0117, kur jus pasitiks m\u016bs\u0173 draugi\u0161ki gidai. Jie apr\u016bpins jus visa reikiama \u012franga ir papasakos, ko tik\u0117tis skryd\u017eio metu.<\/li>\n<li><strong>Pasirengimas skryd\u017eiui:<\/strong> Prie\u0161 pakildami nuo platformos pasiruo\u0161kite b\u016bti saugiai pritvirtinti prie parasparnio. Atsis\u0117skite ir m\u0117gaukit\u0117s jaudinan\u010diu pakilimo vir\u0161 bang\u0173 poj\u016b\u010diu.<\/li>\n<\/ul>\n<h3><strong>Kuo i\u0161siskiria m\u016bs\u0173 skryd\u017eio parasparniu Tenerif\u0117je paslaugos?<\/strong><\/h3>\n<ul>\n<li><strong>\u012eperkama kompetencija:<\/strong> M\u0117gaukit\u0117s konkurencingomis kainomis, kurios prasideda vos nuo 45 eur\u0173 vienam asmeniui, o grup\u0117ms ir \u017ei\u016brovams taikomos specialios kainos. Patirkite auk\u0161tos kokyb\u0117s nuotykius nepermok\u0117dami!<\/li>\n<li><strong>Klient\u0173 pasitenkinimas:<\/strong> Did\u017eiuojam\u0117s savo puikia reputacija, kuri\u0105 patvirtina toki\u0173 nuotyki\u0173 ie\u0161kotoj\u0173 kaip j\u016bs atsiliepimai. M\u016bs\u0173 \u012fsipareigojimas siekti kokyb\u0117s ir \u012fsp\u016bd\u017ei\u0173 atsiskleid\u017eia kiekvieno skryd\u017eio metu.<\/li>\n<li><strong>Lankstus u\u017esakymas:<\/strong> Kei\u010diasi planai? Joki\u0173 problem\u0173. D\u0117l m\u016bs\u0173 lanks\u010dios at\u0161aukimo politikos at\u0161aukite kelion\u0119 likus ne daugiau kaip 24 valandoms iki nuotykio ir atgaukite visus pinigus.<\/li>\n<li><strong>Profesin\u0117 kompetencija:<\/strong> Didel\u0117 m\u016bs\u0173 komandos patirtis parasparni\u0173 sporto srityje u\u017etikrina saugi\u0105 ir jaudinan\u010di\u0105 patirt\u012f nuo prad\u017eios iki pabaigos.<\/li>\n<\/ul>\n<h3><strong>\ud83d\ude80 Patirkite jaudinan\u010di\u0105 patirt\u012f skrisdami parasparniu Tenerif\u0117je<\/strong><\/h3>\n<ul>\n<li><strong>Vaizdingi skryd\u017eiai:<\/strong> Plaukiokite vir\u0161 nuostabi\u0173 Puerto Kolono ir Playa de Las Am\u00e9ricas vanden\u0173. Ore praleisite apie 10 minu\u010di\u0173, m\u0117gaudamiesi ramia aplinka ir vaizdingais vaizdais.<\/li>\n<li><strong>Saugus nusileidimas:<\/strong> M\u016bs\u0173 apmokyti specialistai pad\u0117s jums i\u0161silaipinti, o prie\u0161 saugiai gr\u012f\u017etant \u012f valt\u012f, galb\u016bt pasiplaukios po vanden\u012f ir \u017eaismingai paplaukios.<\/li>\n<\/ul>\n<h3><strong>\ud83c\udf1f Papildomas vandens sportas ir nuotykiai<\/strong><\/h3>\n<ul>\n<li>Atraskite ne tik parasparni\u0173 sport\u0105, bet ir <a href=\"https:\/\/canaryvip.com\/lt\/tenerife\/water-sports\/\">vandens pramogos Tenerif\u0117je.<\/a>\u00a0I\u0161 <a href=\"https:\/\/canaryvip.com\/lt\/shop\/jetski-tenerife\/\">slidin\u0117jimas vandens motociklais<\/a> iki ramesni\u0173 vandens sporto \u0161ak\u0173 - \u010dia kiekvienas ras k\u0105 nors sau.<\/li>\n<li>Lankot\u0117s Gran Kanarijoje? Nepraleiskite ir ten m\u016bs\u0173 skraidymo parasparniu nuotyki\u0173!<\/li>\n<\/ul>\n<h3>\ud83d\udcc5 <strong>U\u017esisakykite ekskursij\u0105 su parasparniu Tenerif\u0117je jau \u0161iandien<\/strong><\/h3>\n<p>Pasinerkite \u012f dang\u0173 su m\u016bs\u0173 skraidymo parasparniu nuotykiais. Puikiai tinka a\u0161tri\u0173 poj\u016b\u010di\u0173 ie\u0161kotojams ir tiems, kurie nori pasim\u0117gauti nepakartojamu Tenerif\u0117s pakran\u010di\u0173 vaizdu. U\u017esisakykite savo viet\u0105 dabar ir leiskit\u0117s \u012f ypating\u0105 kelion\u0119 vir\u0161 j\u016bros.<\/p>\n<h3>\u2705 <strong>Kas \u012fskai\u010diuota \u012f j\u016bs\u0173 plaukimo parasparniu nuotyk\u012f?<\/strong><\/h3>\n<ul>\n<li>I\u0161samus saugos instrukta\u017eas ir visa reikalinga \u012franga.<\/li>\n<li>Skrydis trunka apie 10 minu\u010di\u0173, i\u0161 viso apie 40 minu\u010di\u0173, \u012fskaitant kelion\u0119 laivu.<\/li>\n<li>Profesionalus gidas ir fotografas \u012fam\u017eins j\u016bs\u0173 akimirkas (nuotraukas galima \u012fsigyti).<\/li>\n<\/ul>\n<h3><strong>\u2696\ufe0f Patikimas u\u017esakymas ir lengvas at\u0161aukimas<\/strong><\/h3>\n<ul>\n<li><strong>Paprasti u\u017esakymai:<\/strong> U\u017esisakykite dr\u0105siai \u017einodami, kad galite at\u0161aukti u\u017esakym\u0105 ne v\u0117liau kaip prie\u0161 24 valandas ir atgauti vis\u0105 sumok\u0117t\u0105 sum\u0105 - tai puikiai tinka tiems, kuri\u0173 kelion\u0117s planai kei\u010diasi.<\/li>\n<li><strong>Prieinamumas visiems:<\/strong> M\u016bs\u0173 ekskursijos yra pritaikytos visiems, tod\u0117l galite skristi pavieniui, dviese arba trise. Aptarkite savo pageidavimus su m\u016bs\u0173 gidu, kad gal\u0117tum\u0117te pritaikyti savo patirt\u012f.<\/li>\n<\/ul>\n<h3><strong>\ud83c\udf92 Fantasti\u0161ko skryd\u017eio patarimai<\/strong><\/h3>\n<ul>\n<li><strong>K\u0105 d\u0117v\u0117ti:<\/strong> Rekomenduojame maudymosi kostiumus, nes galite \u0161iek tiek su\u0161lapti. Nepamir\u0161kite kremo nuo saul\u0117s ir rank\u0161luos\u010dio!<\/li>\n<li><strong>Paruo\u0161ta fotoaparatui:<\/strong> Pasiimkite fotoaparat\u0105 arba telefon\u0105, kad gal\u0117tum\u0117te \u012fam\u017einti nuostabius vaizdus - tik b\u016bkite atsarg\u016bs, kad jo nepamestum\u0117te!<\/li>\n<li><strong>Sveikata ir sauga:<\/strong> Nors plaukiojimas parasparniu yra \u0161velnus u\u017esi\u0117mimas, tinkamas bet kokio am\u017eiaus \u017emon\u0117ms, n\u0117\u0161\u010diosioms nerekomenduojama.<\/li>\n<\/ul>\n<h3>\u2753 <strong>Da\u017enai u\u017eduodami klausimai<\/strong><\/h3>\n<ul>\n<li><strong>Ar gali kas nors skristi parasparniu?<\/strong> Taip, skraidymas parasparniu Tenerif\u0117je puikiai tinka nuo 3 met\u0173 am\u017eiaus. Nereikia joki\u0173 plaukimo \u012fg\u016bd\u017ei\u0173, nes pakilsite ir nusileisite tiesiai ant laivo.<\/li>\n<li><strong>Kokios yra saugos priemon\u0117s?<\/strong> Saugumas yra m\u016bs\u0173 prioritetas. J\u016bs b\u016bsite apr\u016bpinti gelb\u0117jimosi liemen\u0117mis, o m\u016bs\u0173 patyr\u0119 gidai u\u017etikrins skland\u0173 skryd\u012f nuo pakilimo iki nusileidimo.<\/li>\n<\/ul>\n<h4><strong>\ud83c\udf1e Pasiruo\u0161\u0119 skristi?<\/strong><\/h4>\n<p>Pakelkite savo atostogas Tenerif\u0117je \u012f naujas auk\u0161tumas su m\u016bs\u0173 skraidymo parasparniu patirtimi. U\u017esisakykite skryd\u012f jau \u0161iandien ir m\u0117gaukit\u0117s \u012fsp\u016bd\u017eiais, patiriamais sklend\u017eiant vir\u0161 nuostabi\u0173 Kanar\u0173 vanden\u0173.<\/p>","protected":false},"excerpt":{"rendered":"<p>\ud83d\udd0d <strong>Skraidymas parasparniu Tenerif\u0117je:<br \/>\n<\/strong>\u2705 Saugus mok\u0117jimas.<br \/>\n\ud83d\udc65 Iki 3 keleivi\u0173 skryd\u017eio metu.<br \/>\n\ud83d\ude80 Skryd\u017eio trukm\u0117 10 min.<br \/>\n\ud83c\udfde\ufe0f Pakilti vir\u0161 vandenyno.<br \/>\n\ud83d\udd59 Skryd\u017eiai vis\u0105 dien\u0105.<br \/>\n\ud83d\udcc5 Skryd\u017eiai galimi kasdien.<br \/>\n\ud83e\udd11 Garantuojama geriausia kaina.<br \/>\n\ud83d\udc6a Nuolaidos grup\u0117ms.<br \/>\n\ud83d\udd01 24 val. at\u0161aukimo politika.<br \/>\n\ud83c\udf0d Vadovai angl\u0173 ir ispan\u0173 kalbomis.<br \/>\n\ud83c\udf1f Rezervuokite i\u0161 anksto, kad sutaupytum\u0117te.<br \/>\n\ud83d\udccd Pakilimas i\u0161 <a href=\"https:\/\/maps.app.goo.gl\/bkqEhAxsobcjz9wG9\">Puerto Col\u00f3n.<\/a><\/p>","protected":false},"featured_media":11302,"comment_status":"open","ping_status":"closed","template":"","meta":{"_acf_changed":false},"product_brand":[],"product_cat":[53],"product_tag":[],"class_list":{"0":"post-11298","1":"product","2":"type-product","3":"status-publish","4":"has-post-thumbnail","6":"product_cat-water-sports","7":"wcpa_has_options","9":"first","10":"instock","11":"virtual","12":"purchasable","13":"product-type-simple"},"acf":[],"wcpa_form_fields":{"wcpaData":{"product":{"product_price":55,"price_html":"From&nbsp;<span class=\"woocommerce-Price-amount amount\"><bdi>55,00&nbsp;<span class=\"woocommerce-Price-currencySymbol\">&euro;<\/span><\/bdi><\/span>","original_product_price":55,"price_including_tax":55,"price_excluding_tax":55,"product_id":{"parent":11298,"variation":false},"is_variable":false,"stock_status":"instock","stock_quantity":null,"parent_sku":"CV11298","product_attributes":[],"custom_fields":[],"is_taxable":false,"product_name":"Parasailing Tenerife","hasImage":false},"fields":{"sec_4661f18b33f9ea":{"extra":{"key":"sec_4661f18b33f9ea","section_id":"sec_4661f18b33f9ea","name":"Default","status":1,"cl_rule":"show","enableCl":false,"relations":[],"toggle":true,"title_tag":"h3","show_title":false,"showPrice":"default","form_id":11316,"form_rules":{"exclude_from_discount":true,"fee_label":"Fee","disp_hide_options_price":true,"disp_show_section_price":false,"disp_show_field_price":true,"layout_option":"standard","pric_use_as_fee":false,"process_fee_as":"woo_fee"},"layout_option":"standard"},"fields":[[{"label":"\ud83d\udcc5 Date","active":true,"required":true,"elementId":"date_9661f18b33fa0a","picker_type":"custom","picker_mode":"single","placeholder":"","description":"","tooltip":"","name":"date_9661f18b33fa0a","label_position":"default","desc_position":"default","enablePrice":false,"className":"","enableCl":false,"relations":[{"operator":"and","rules":[{"operator":"AND","rules":{"cl_field":"radio-group_5661bc90f5e8f5","cl_relation":"is_not_empty","cl_val":"3 Hour Trip"}}]}],"date_pic_inline":true,"date_pic_inline_hide":true,"min_date":{"type":"days","val":"0"},"max_date":{"type":"days","val":"365"},"date_pic_conf":{"disabledWeeks":[],"disabledDates":[]},"price":"","cl_rule":"show","col":6,"type":"date","error":false,"enableDesign":false,"LabelColor":"","gt_translate_keys":["label","placeholder","description","tooltip"],"price_dependency":false,"cl_dependency":false,"value":""}],[{"active":true,"col":6,"relations":false,"cl_rule":"show","enableCl":false,"price":"","enablePrice":false,"className":"","label_position":"default","desc_position":"default","type":"select","required":true,"elementId":"select_2661f18b33fa25","label":"\u23f0 Departure Time","name":"select_2661f18b33fa25","values":[{"label":"Whichever Time is Best","value":"Whichever Time is Best","selected":false,"tempId":"aco_312","gt_translate_keys":["label"]},{"label":"10:00","value":"10:00","selected":false,"tempId":"aco_313","gt_translate_keys":["label"]},{"label":"11:00","value":"11:00","selected":false,"tempId":"aco_314","gt_translate_keys":["label"]},{"label":"12:00","value":"12:00","selected":false,"tempId":"aco_711","gt_translate_keys":["label"]},{"label":"13:00 (1:00 PM)","value":"13:00","selected":false,"tempId":"aco_721","gt_translate_keys":["label"]},{"label":"14:00 (2:00 PM)","value":"14:00","selected":false,"tempId":"aco_983","gt_translate_keys":["label"]},{"label":"15:00 (3:00 PM)","value":"15:00","selected":false,"tempId":"aco_993","gt_translate_keys":["label"]},{"label":"16:00 (4:00 PM)","value":"16:00","selected":false,"tempId":"aco_1183","gt_translate_keys":["label"]}],"dropdown_type":"basic","error":false,"multiple":false,"placeholder":"None","gt_translate_keys":["label","placeholder"],"price_dependency":false,"cl_dependency":false,"value":""}],[{"active":true,"col":6,"relations":false,"cl_rule":"show","enableCl":false,"price":"","enablePrice":false,"className":"","label_position":"default","desc_position":"default","type":"separator","required":false,"elementId":"separator_6164213577","label":"Separator Field","height":"3","separatorType":"fill","error":false,"separatorColor":"#66a5b6","gt_translate_keys":["label"],"price_dependency":false,"cl_dependency":false,"value":""}],[{"active":true,"col":6,"relations":false,"cl_rule":"show","enableCl":false,"price":"","enablePrice":false,"className":"","label_position":"default","desc_position":"default","type":"content","required":false,"elementId":"content_2993137763","label":"","name":"content_2993137763","contentType":"rich","value":"<p>\ud83c\udf9f\ufe0f <strong>Reservation<\/strong>: Pay only a deposit now to reserve; the rest is due on the day of the activity upon arrival.<\/p>","error":false,"gt_translate_keys":["label","value"],"price_dependency":false,"cl_dependency":false}],[{"active":true,"col":6,"relations":[{"operator":false,"rules":[{"operator":"AND","rules":{"cl_field":"","cl_relation":"","cl_val":""}}]}],"cl_rule":"show","enableCl":true,"price":"55","enablePrice":true,"className":"","label_position":"default","desc_position":"default","type":"radio-group","required":false,"elementId":"radio-group_6661f18b33fa1a","label":"","name":"radio-group_6661f18b33fa1a","values":[{"label":"\ud83d\udc64 Participant (55\u20ac)","value":"Participant","selected":true,"tempId":"aco_32","tooltip":"","description":"","gt_translate_keys":["label","tooltip","description"]}],"layOut":"","error":false,"checkUi":"button","priceOptions":"fixed_for_all","pricingType":"fixed","enable_quantity":true,"quantity_label":"","min_quantity":"0","options_tooltip":true,"options_description":true,"is_show_price":true,"gt_translate_keys":["label","quantity_label"],"price_dependency":["content-2927599540"],"cl_dependency":false,"value":""}],[{"label":"","active":true,"required":false,"elementId":"radio-group-9560399481","name":"radio-group-9560399481","label_position":"default","desc_position":"default","enablePrice":true,"className":"","enableCl":true,"relations":[{"operator":false,"rules":[{"operator":"AND","rules":{"cl_field":"","cl_relation":"","cl_val":""}}]}],"enable_quantity":true,"quantity_label":"","min_quantity":"0","checkUi":"button","layOut":"","options_tooltip":true,"options_description":true,"values":[{"label":"\ud83d\udc40 Spectator (45\u20ac)","value":"Spectator","selected":true,"tempId":"aco_32","tooltip":"","description":"","gt_translate_keys":["label","tooltip","description"]}],"priceOptions":"fixed_for_all","pricingType":"fixed","price":"45","is_show_price":true,"cl_rule":"show","col":6,"type":"radio-group","error":false,"gt_translate_keys":["label","quantity_label"],"price_dependency":false,"cl_dependency":false,"value":""}],[{"elementId":"separator-6195229594","separatorType":"fill","separatorColor":"#66a5b6","className":"","height":"3","enableCl":false,"relations":false,"cl_rule":"show","col":6,"type":"separator","error":false,"gt_translate_keys":[],"price_dependency":false,"cl_dependency":false,"value":""}],[{"active":true,"col":6,"relations":false,"cl_rule":"show","enableCl":false,"price":"({field.radio-group_6661f18b33fa1a.quantity}*15)+({field.radio-group-9560399481.quantity}*10)","enablePrice":true,"className":"","label_position":"default","desc_position":"default","type":"content","required":false,"elementId":"content_1028160381","label":"Deposit Payment","name":"content_1028160381","contentType":"plain","value":"","error":false,"subtype":"div","pricingType":"custom","isTemplate":false,"inline":true,"show_in_checkout":true,"gt_translate_keys":["label","value"],"price_dependency":false,"cl_dependency":false}],[{"contentType":"plain","active":true,"label":"Payment at Arrival","elementId":"content-2904205255","value":"","inline":true,"show_in_checkout":true,"name":"content-2904205255","enablePrice":true,"className":"","subtype":"div","enableCl":false,"relations":false,"pricingType":"custom","isTemplate":false,"price":"({field.radio-group_6661f18b33fa1a.quantity}*40)+({field.radio-group-9560399481.quantity}*35)","is_show_price":true,"cl_rule":"show","col":6,"type":"content","error":false,"gt_translate_keys":["label","value"],"price_dependency":false,"cl_dependency":false}],[{"contentType":"plain","active":true,"label":"Total Amount","elementId":"content-2927599540","value":"","inline":true,"show_in_checkout":true,"name":"content-2927599540","enablePrice":true,"className":"","subtype":"div","enableCl":false,"relations":false,"pricingType":"custom","isTemplate":false,"price":"{field.radio-group_6661f18b33fa1a.price}+{field.radio-group-9560399481.quantity}","is_show_price":true,"cl_rule":"show","col":6,"type":"content","error":false,"gt_translate_keys":["label","value"],"price_dependency":false,"cl_dependency":false}]]}},"config":{"price_override":"always","enable_recaptcha":false,"bind_quantity":false,"quantity_bind_formula":false,"disp_summ_show_option_price":true,"disp_summ_show_product_price":false,"disp_summ_show_total_price":false,"disp_summ_show_fee":true,"disp_summ_show_discount":true,"summary_title":"","options_total_label":"Options Price","total_label":"Total Amount","options_product_label":"Product Price","fee_label":"Fee","discount_label":"Discount","has_price":true,"has_quantity_formula":false},"mc_unit":1,"tax_rate":1,"tax_rate_real":1,"discount":{"percentage":0,"fixed":0},"design":{"conf":{"LabelPosition":"above","DescPosition":"above","UploadField":"custom_1","QuantityFieldStyle":"custom_1"},"css":{"LeftLabelWidth":"120px"}},"formulas":[],"lookuptables":[],"clones":false,"cartKey":false}},"_links":{"self":[{"href":"https:\/\/canaryvip.com\/lt\/wp-json\/wp\/v2\/product\/11298","targetHints":{"allow":["GET"]}}],"collection":[{"href":"https:\/\/canaryvip.com\/lt\/wp-json\/wp\/v2\/product"}],"about":[{"href":"https:\/\/canaryvip.com\/lt\/wp-json\/wp\/v2\/types\/product"}],"replies":[{"embeddable":true,"href":"https:\/\/canaryvip.com\/lt\/wp-json\/wp\/v2\/comments?post=11298"}],"wp:featuredmedia":[{"embeddable":true,"href":"https:\/\/canaryvip.com\/lt\/wp-json\/wp\/v2\/media\/11302"}],"wp:attachment":[{"href":"https:\/\/canaryvip.com\/lt\/wp-json\/wp\/v2\/media?parent=11298"}],"wp:term":[{"taxonomy":"product_brand","embeddable":true,"href":"https:\/\/canaryvip.com\/lt\/wp-json\/wp\/v2\/product_brand?post=11298"},{"taxonomy":"product_cat","embeddable":true,"href":"https:\/\/canaryvip.com\/lt\/wp-json\/wp\/v2\/product_cat?post=11298"},{"taxonomy":"product_tag","embeddable":true,"href":"https:\/\/canaryvip.com\/lt\/wp-json\/wp\/v2\/product_tag?post=11298"}],"curies":[{"name":"wp","href":"https:\/\/api.w.org\/{rel}","templated":true}]}}