{"id":11268,"date":"2024-04-14T23:59:56","date_gmt":"2024-04-14T22:59:56","guid":{"rendered":"https:\/\/canaryvip.com\/?post_type=product&#038;p=11268"},"modified":"2025-12-02T11:33:37","modified_gmt":"2025-12-02T11:33:37","slug":"rent-a-boat-compass-160e-without-license","status":"publish","type":"product","link":"https:\/\/canaryvip.com\/lt\/shop\/rent-a-boat-compass-160e-without-license\/","title":{"rendered":"Val\u010di\u0173 nuoma Compass 160e be licencijos"},"content":{"rendered":"<h2>\ud83d\udea4 I\u0161sinuomokite \"Compass 160e\" be licencijos CanaryVIP<\/h2>\n<p><strong>Pasirinkite savo krypt\u012f su CanaryVIP:<\/strong> Patys kontroliuokite savo vandens nuotykius su \"Compass 160e\" - judria motorine valtimi, puikiai tinkan\u010dia tiems, kurie nori i\u0161sinuomoti valt\u012f Tenerif\u0117je ir m\u0117gautis savaranki\u0161ko plaukiojimo laisve.<\/p>\n<p>\u0160vie\u017eia 2023 m. sukurta kompakti\u0161ka 5 m ilgio valtis, kuriai nereikia licencijos, idealiai tinka visiems, norintiems tyrin\u0117ti Tenerif\u0117s pakran\u010di\u0173 gro\u017e\u012f, naudojantis m\u016bs\u0173 savaranki\u0161ko vairavimo val\u010di\u0173 nuomos Tenerif\u0117je paslauga.<\/p>\n<p>I\u0161vykimas i\u0161 kultinio <a href=\"https:\/\/maps.app.goo.gl\/F7XZ1rpbWXBTYFND9\" target=\"_blank\" rel=\"noopener\">Los Gigantes<\/a>, kur <strong>\"Compass 160e<\/strong> suteikia unikali\u0105 galimyb\u0119 atrasti nuo\u0161alias vietas, kaitintis saul\u0117je ar pasim\u0117gauti pikniku ant vandens, apsupto kri\u0161tolo skaidrumo Atlanto bang\u0173.<\/p>\n<p><strong>Patogumo ir patikimumo amatas:<\/strong>\u00a0\"Compass 160e\" sukurtas taip, kad juo b\u016bt\u0173 lengva plaukti, nes turi 15 AG varikl\u012f, kuris u\u017etikrina skland\u0173 plaukim\u0105. \u0160iame laive gali tilpti iki 6 keleivi\u0173 ir jis puikiai tinka norintiems i\u0161sinuomoti laiv\u0105 Tenerif\u0117je pusdieniui arba visos dienos nuotykiams.<\/p>\n<h3>\ud83d\udea4 Compass 160e Tenerif\u0117: J\u016bs\u0173 kelion\u0117, j\u016bs\u0173 komanda<\/h3>\n<ul>\n<li><strong>Kompakti\u0161kas dizainas:<\/strong> Pilotuokite visi\u0161kai nauj\u0105 2023 m. \"Compass 160e\", gars\u0117jant\u012f eleganti\u0161ka i\u0161vaizda ir patogia navigacija.<\/li>\n<li><strong>Stulbinantys peiza\u017eai:<\/strong> Plaukite netoli garsi\u0173j\u0173 Tenerif\u0117s Maskos ir Los Giganteso uol\u0173 ir m\u0117gaukit\u0117s gyvybingu j\u016bros pasauliu.<\/li>\n<li><strong>Privat\u016bs panardinimai:<\/strong> I\u0161meskite inkar\u0105 pasl\u0117ptose \u012flank\u0117l\u0117se, kuriose puikiai tinka maudytis, nardyti ar degintis.<\/li>\n<li><strong>U\u017ekand\u017eiai prie j\u016bros:<\/strong> Laisv\u0117 atsive\u017eti ir m\u0117gautis savo maistu laive sustiprina \u0161i\u0105 asmenin\u0119 savaranki\u0161ko vairavimo val\u010di\u0173 nuomos Tenerif\u0117je patirt\u012f.<\/li>\n<li><strong>Lengvas valdymas:<\/strong> D\u0117l patogaus dizaino ir stabili\u0173 plaukiojimo galimybi\u0173 \"Compass 160e\" leid\u017eia plaukioti valtimi visiems.<\/li>\n<\/ul>\n<h3>\u2728 Svarbiausia informacija apie \"Compass 160e\" nuom\u0105<\/h3>\n<p><strong>Pritaikyta pagal j\u016bs\u0173 pageidavimus:<\/strong> M\u016bs\u0173 \"Compass 160e\", kuriame gali apsistoti iki 6 \u017emoni\u0173, puikiai tinka poros poilsiui ar grup\u0117s i\u0161vykai ir yra paruo\u0161tas bet kokiam renginiui. Pateikiamos i\u0161samios instrukcijos, u\u017etikrinan\u010dios saugi\u0105 ir maloni\u0105 patirt\u012f vandenyje.<\/p>\n<p><strong>Universalus pasirinkimas visiems:<\/strong> Idealiai tinka \u0161eimoms, draugams ar pavieniams keliautojams - \"Compass 160e\" be vairuotojo pa\u017eym\u0117jimo leid\u017eia m\u0117gautis autonomija ir vaizdinga prabanga Tenerif\u0117s pakrant\u0117s fone.<\/p>\n<h3>\ud83d\udea4 Pasiruo\u0161imas \"Compass 160e\" ekskursijai<\/h3>\n<p>Pasiruo\u0161kite nepamir\u0161tamai dienai j\u016broje su b\u016btiniausiais daiktais, pavyzd\u017eiui, maudymosi kostium\u0117liais ir kremu nuo saul\u0117s. Mes suteikiame visas b\u016btinas navigacines priemones, kad gal\u0117tum\u0117te susitelkti tik \u012f atradimo malonum\u0105.<\/p>\n<p>Nepamir\u0161kite fotoaparato, kad gal\u0117tum\u0117te \u012fam\u017einti kvap\u0105 gniau\u017eian\u010dius Tenerif\u0117s pakran\u010di\u0173 vaizdus ir apa\u010dioje klestin\u010di\u0105 vandens gyv\u016bnij\u0105.<\/p>\n<h3>\ud83d\ude99 Prad\u017eios vieta ir automobili\u0173 stov\u0117jimo aik\u0161tel\u0117<\/h3>\n<p><strong>Prad\u0117kite nuo <a href=\"https:\/\/maps.app.goo.gl\/F7XZ1rpbWXBTYFND9\" target=\"_blank\" rel=\"noopener\">Los Gigantes<\/a>:<\/strong> J\u016bs\u0173 j\u016brinis nuotykis prasideda <strong>Puerto de Los Gigantes.<\/strong> Uoste yra daug automobili\u0173 stov\u0117jimo aik\u0161teli\u0173, tod\u0117l lengvai prad\u0117site dien\u0105. Atvykite \u0161iek tiek anks\u010diau, kad kelion\u0119 prad\u0117tum\u0117te neskub\u0117dami.<\/p>\n<h3>\ud83d\udea4 Taip pat i\u0161nagrin\u0117kite: Saxdor 200 nuoma su licencija<\/h3>\n<p>Ie\u0161kantiems prabangos ir na\u0161umo derinio, si\u016blome rinktis m\u016bs\u0173 <strong><a href=\"https:\/\/canaryvip.com\/lt\/shop\/rent-boat-saxdor-200-with-license\/\">\"Saxdor 200\" su licencija.<\/a><\/strong> \u0160is sud\u0117tingas variantas puikiai tinka tiems, kurie nori perimti vair\u0105 ir m\u0117gautis auk\u0161\u010diausios kokyb\u0117s valtimi su \u0161iek tiek daugiau galios ir stiliaus.<\/p>\n<p>I\u0161 tos pa\u010dios garsiosios Los Gigantes i\u0161plaukiantis \"Saxdor 200\" si\u016blo auk\u0161\u010diausio lygio j\u016brinius nuotykius su 115 AG varikliu ir gali priimti iki 6 sve\u010di\u0173. Patirkite jaudul\u012f skrod\u017eiant bangas ir m\u0117gaukit\u0117s prabangiais patogumais bei moderniausiu \"Saxdor 200\" dizainu.<\/p>\n<h3>\ud83c\udf1f CanaryVIP pasi\u017ead\u0117jimas jums<\/h3>\n<p>\"CanaryVIP\" pirmiausia teikiame pirmenyb\u0119 j\u016bs\u0173 pasitenkinimui. M\u0117gaukit\u0117s pritaikomomis at\u0161aukimo taisykl\u0117mis, kurios u\u017etikrina saugum\u0105, kai u\u017esisakote <strong>Compass 160e nuoma.<\/strong> Esame pasiry\u017e\u0119 teikti i\u0161skirtines paslaugas, daug d\u0117mesio skirti saugumui ir norui pagerinti j\u016bs\u0173 \u012fsp\u016bd\u017eius didinguose Tenerif\u0117s vandenyse.<\/p>\n<p>Leiskit\u0117s \u012f nuotykius su <strong>\"Compass 160e\" be licencijos,<\/strong>\u00a0plaukioti po nuostabias Tenerif\u0117s j\u016bras ir atrasti pasl\u0117ptus brangakmenius Tenerif\u0117s pakrant\u0117je. <strong>Los Gigantes.<\/strong><\/p>\n<p>U\u017esisakykite dar \u0161iandien ir leiskit\u0117s \u012f i\u0161skirtin\u012f j\u016brin\u012f nuotyk\u012f, kuriame dera nepriklausomyb\u0117, komfortas ir nepaliestas Kanar\u0173 sal\u0173 gro\u017eis. Rezervuokite dabar ir kurkite nei\u0161dildomus prisiminimus j\u016broje!<\/p>","protected":false},"excerpt":{"rendered":"<p><strong>\ud83d\udd0d Val\u010di\u0173 nuoma Svarbiausi \u012fvykiai:<\/strong><br \/>\n\u2705 Saugus mok\u0117jimas.<br \/>\n\ud83e\udeaa Be laivo licencijos.<br \/>\n\ud83d\udee5\ufe0f 5 m ilgio valtis.<br \/>\n\u23f3 Dienos nuoma 2-8 val.<br \/>\n\ud83d\udd59 Pritaikomas i\u0161vykimo laikas.<br \/>\n\ud83d\udc65 Iki 6 sve\u010di\u0173.<br \/>\n\ud83e\udd3f Snorkeliavimo \u012franga suteikiama.<br \/>\n\ud83e\udd11 Garantuojama geriausia kaina.<br \/>\n\ud83d\udc6a Suaktyvintos nuolaidos.<br \/>\n\ud83d\udd01 At\u0161aukimas iki 4 dien\u0173.<br \/>\n\ud83c\udf0d Daugiakalbis palaikymas.<br \/>\n\ud83c\udf1f U\u017esisakykite anks\u010diau ir sutaupykite!<br \/>\n\ud83d\udccd I\u0161vykimas i\u0161\u00a0<a href=\"https:\/\/maps.app.goo.gl\/F7XZ1rpbWXBTYFND9\">Los Gigantes<\/a>.<\/p>","protected":false},"featured_media":11269,"comment_status":"open","ping_status":"closed","template":"","meta":{"_acf_changed":false},"product_brand":[],"product_cat":[130],"product_tag":[],"class_list":{"0":"post-11268","1":"product","2":"type-product","3":"status-publish","4":"has-post-thumbnail","6":"product_cat-self-drive-boat-hire","7":"wcpa_has_options","9":"first","10":"instock","11":"virtual","12":"purchasable","13":"product-type-simple"},"acf":[],"wcpa_form_fields":{"wcpaData":{"product":{"product_price":220,"price_html":"From&nbsp;<span class=\"woocommerce-Price-amount amount\"><bdi>220,00&nbsp;<span class=\"woocommerce-Price-currencySymbol\">&euro;<\/span><\/bdi><\/span>","original_product_price":220,"price_including_tax":220,"price_excluding_tax":220,"product_id":{"parent":11268,"variation":false},"is_variable":false,"stock_status":"instock","stock_quantity":null,"parent_sku":"CV11268","product_attributes":[],"custom_fields":[],"is_taxable":false,"product_name":"Rent Boat Compass 160e Without License","hasImage":false},"fields":{"sec_7692ecea7b7938":{"extra":{"key":"sec_7692ecea7b7938","section_id":"sec_7692ecea7b7938","name":"Default","status":1,"cl_rule":"show","enableCl":false,"relations":[],"toggle":true,"title_tag":"h3","show_title":false,"showPrice":"default","form_id":16318,"form_rules":{"exclude_from_discount":true,"fee_label":"Fee","disp_hide_options_price":true,"disp_show_section_price":false,"disp_show_field_price":true,"layout_option":"standard","pric_use_as_fee":false,"process_fee_as":"woo_fee"},"layout_option":"standard"},"fields":[[{"label":"\ud83d\udcc5 Date","active":true,"required":true,"elementId":"date_9692ecea7b7958","picker_type":"custom","picker_mode":"single","placeholder":"","description":"","tooltip":"","name":"date_9692ecea7b7958","label_position":"default","desc_position":"default","enablePrice":false,"className":"","enableCl":false,"relations":[{"operator":"and","rules":[{"operator":"AND","rules":{"cl_field":"radio-group_565c78ffa81208","cl_relation":"is","cl_val":"3 Hour Trip"}}]}],"date_pic_inline":true,"date_pic_inline_hide":true,"min_date":{"type":"days","val":"0"},"max_date":{"type":"days","val":"365"},"date_pic_conf":{"disabledWeeks":[],"disabledDates":[]},"price":"","cl_rule":"show","col":6,"type":"date","error":false,"enableDesign":false,"LabelColor":"","isWeightTemplate":false,"isTemplate":false,"min_quantity":"1","quantity_decimal":false,"quantity_step":"1","quantity_label":"Quantity","repeater_field_label":"{field_label}","repeater_bind":"","gt_translate_keys":["label","placeholder","description","tooltip","repeater_field_label","quantity_label"],"price_dependency":false,"cl_dependency":false,"value":""}],[{"active":true,"col":6,"relations":false,"cl_rule":"show","enableCl":false,"price":"","enablePrice":true,"className":"","label_position":"default","desc_position":"default","type":"select","required":true,"elementId":"select_10692ecea7b7973","label":"\u23f3 Trip Duration","name":"select_10692ecea7b7973","values":[{"label":"2 Hours (220\u20ac)","value":"2","selected":false,"tempId":"aco_85","price":"220","gt_translate_keys":["label"]},{"label":"3 Hours (250\u20ac)","value":"3","selected":false,"tempId":"aco_556","price":"250","gt_translate_keys":["label"]},{"label":"4 Hours (310\u20ac)","value":"4","selected":false,"tempId":"aco_605","price":"310","gt_translate_keys":["label"]},{"label":"5 Hours (370\u20ac)","value":"5","selected":false,"tempId":"aco_724","price":"370","gt_translate_keys":["label"]},{"label":"6 Hours (430\u20ac)","value":"6","selected":false,"tempId":"aco_401","price":"430","gt_translate_keys":["label"]}],"dropdown_type":"basic","error":false,"placeholder":"Select Trip Duration","priceOptions":"different_for_all","pricingType":"fixed","is_show_price":false,"isWeightTemplate":false,"isTemplate":false,"min_quantity":"1","quantity_decimal":false,"quantity_step":"1","quantity_label":"Quantity","repeater_field_label":"{field_label}","repeater_bind":"","gt_translate_keys":["label","placeholder","repeater_field_label","quantity_label"],"price_dependency":false,"cl_dependency":false,"value":""}],[{"active":true,"col":6,"relations":[{"operator":false,"rules":[{"operator":"AND","rules":{"cl_field":"radio-group_565c78ffa81208","cl_relation":"is","cl_val":"3 Hour Trip"}}]}],"cl_rule":"show","enableCl":false,"price":"","enablePrice":false,"className":"","label_position":"default","desc_position":"default","type":"select","required":false,"elementId":"select_4692ecea7b79b3","label":"\u23f0 Departure Time","name":"select_4692ecea7b79b3","values":[{"label":"10:00","value":"10:00","selected":false,"tempId":"aco_1472","gt_translate_keys":["label"]},{"label":"13:00","value":"13:00","selected":false,"tempId":"aco_1500","gt_translate_keys":["label"]},{"label":"14:00","value":"14:00","selected":false,"tempId":"aco_1510","gt_translate_keys":["label"]},{"label":"15:00","value":"15:00","selected":false,"tempId":"aco_1520","gt_translate_keys":["label"]}],"dropdown_type":"basic","error":false,"placeholder":"Whichever Time is Best","isWeightTemplate":false,"isTemplate":false,"min_quantity":"1","quantity_decimal":false,"quantity_step":"1","quantity_label":"Quantity","repeater_field_label":"{field_label}","repeater_bind":"","gt_translate_keys":["label","placeholder","repeater_field_label","quantity_label"],"price_dependency":false,"cl_dependency":false,"value":""}],[{"elementId":"separator_3692ecea7b79bd","separatorType":"blank","className":"","height":"1","enableCl":false,"relations":false,"cl_rule":"show","col":6,"type":"separator","gt_translate_keys":[],"price_dependency":false,"cl_dependency":false,"value":""}],[{"label":"\u2705 Number of People","active":true,"required":true,"elementId":"select_8692ecea7b79c7","dropdown_type":"basic","placeholder":"Select Number of People","name":"select_8692ecea7b79c7","label_position":"default","desc_position":"default","enablePrice":false,"className":"","enableCl":false,"relations":[{"operator":false,"rules":[{"operator":"AND","rules":{"cl_field":"radio-group_565c78ffa81208","cl_relation":"is","cl_val":"3 Hour Trip"}}]}],"values":[{"label":"1 person","value":"1","selected":false,"tempId":"aco_1471","gt_translate_keys":["label"]},{"label":"2 people","value":"2","selected":false,"tempId":"aco_1472","gt_translate_keys":["label"]},{"label":"3 people","value":"3","selected":false,"tempId":"aco_1500","gt_translate_keys":["label"]},{"label":"4 people","value":"4","selected":false,"tempId":"aco_1510","gt_translate_keys":["label"]},{"label":"5 people","value":"5","selected":false,"tempId":"aco_1520","gt_translate_keys":["label"]},{"label":"6 people","value":"6","selected":false,"tempId":"aco_2006","gt_translate_keys":["label"]}],"price":"","cl_rule":"show","col":6,"type":"select","error":false,"isWeightTemplate":false,"isTemplate":false,"min_quantity":"1","quantity_decimal":false,"quantity_step":"1","quantity_label":"Quantity","repeater_field_label":"{field_label}","repeater_bind":"","gt_translate_keys":["label","placeholder","repeater_field_label","quantity_label"],"price_dependency":false,"cl_dependency":false,"value":""}]]}},"config":{"price_override":"always","enable_recaptcha":false,"bind_quantity":false,"quantity_bind_formula":false,"disp_summ_show_option_price":true,"disp_summ_show_product_price":false,"disp_summ_show_total_price":true,"disp_summ_show_fee":true,"disp_summ_show_discount":true,"summary_title":"","options_total_label":"Options Price","total_label":"Total Amount","options_product_label":"Product Price","fee_label":"Fee","discount_label":"Discount","has_price":true,"has_quantity_formula":false},"mc_unit":1,"tax_rate":1,"tax_rate_real":1,"discount":{"percentage":0,"fixed":0},"design":{"conf":{"LabelPosition":"above","DescPosition":"above","UploadField":"custom_1","QuantityFieldStyle":"custom_1"},"css":{"LeftLabelWidth":"120px"}},"formulas":{"fmla_1708364241278155361":"(({field.select_10692ecea7b7973.value}>=6)?(130):(({field.select_10692ecea7b7973.value}>=5)?(110):(({field.select_10692ecea7b7973.value}>=4)?(90):(({field.select_10692ecea7b7973.value}>=3)?(70):(({field.select_10692ecea7b7973.value}>=2)?(60):(0))))))","fmla_172299064258378161":"(({field.select_10692ecea7b7973.value}>=6)?(330):(({field.select_10692ecea7b7973.value}>=5)?(280):(({field.select_10692ecea7b7973.value}>=4)?(230):(({field.select_10692ecea7b7973.value}>=3)?(180):(({field.select_10692ecea7b7973.value}>=2)?(120):(0))))))"},"lookuptables":[],"clones":false,"cartKey":false}},"_links":{"self":[{"href":"https:\/\/canaryvip.com\/lt\/wp-json\/wp\/v2\/product\/11268","targetHints":{"allow":["GET"]}}],"collection":[{"href":"https:\/\/canaryvip.com\/lt\/wp-json\/wp\/v2\/product"}],"about":[{"href":"https:\/\/canaryvip.com\/lt\/wp-json\/wp\/v2\/types\/product"}],"replies":[{"embeddable":true,"href":"https:\/\/canaryvip.com\/lt\/wp-json\/wp\/v2\/comments?post=11268"}],"wp:featuredmedia":[{"embeddable":true,"href":"https:\/\/canaryvip.com\/lt\/wp-json\/wp\/v2\/media\/11269"}],"wp:attachment":[{"href":"https:\/\/canaryvip.com\/lt\/wp-json\/wp\/v2\/media?parent=11268"}],"wp:term":[{"taxonomy":"product_brand","embeddable":true,"href":"https:\/\/canaryvip.com\/lt\/wp-json\/wp\/v2\/product_brand?post=11268"},{"taxonomy":"product_cat","embeddable":true,"href":"https:\/\/canaryvip.com\/lt\/wp-json\/wp\/v2\/product_cat?post=11268"},{"taxonomy":"product_tag","embeddable":true,"href":"https:\/\/canaryvip.com\/lt\/wp-json\/wp\/v2\/product_tag?post=11268"}],"curies":[{"name":"wp","href":"https:\/\/api.w.org\/{rel}","templated":true}]}}