{"id":11261,"date":"2024-04-14T23:07:38","date_gmt":"2024-04-14T22:07:38","guid":{"rendered":"https:\/\/canaryvip.com\/?post_type=product&#038;p=11261"},"modified":"2025-06-29T14:59:11","modified_gmt":"2025-06-29T13:59:11","slug":"gladiux-show-tenerife","status":"publish","type":"product","link":"https:\/\/canaryvip.com\/lt\/shop\/gladiux-show-tenerife\/","title":{"rendered":"Gladiux \u0161ou Tenerif\u0117"},"content":{"rendered":"<h2>\ud83d\udee1\ufe0f Patirkite Senov\u0117s Romos \u012fsp\u016bd\u017eius: Gladiux \u0161ou Tenerif\u0117je<\/h2>\n<p>Leiskit\u0117s \u012f jaudinan\u010di\u0105 kelion\u0119 \u012f Senov\u0117s Rom\u0105 su m\u016bs\u0173 Gladiux \u0161ou didingame <strong>Gladiux Xanadu Tenerif\u0117je.<\/strong> \u0160iame \u0161ou, puikiai tinkan\u010diame istorijos entuziastams ir tiems, kurie ie\u0161ko nepakartojamos pramogos, gladiatori\u0173 kovos jaudulys derinamas su viduram\u017ei\u0173 muzikos ir \u0161okio elegancija.<\/p>\n<h3>\ud83c\udfdf\ufe0f Rom\u0117n\u0173 didvyri\u0161kumo naktis: mar\u0161rutas ir svarbiausi \u012fvykiai<\/h3>\n<ul>\n<li><strong>Tvarkara\u0161tis:<\/strong> Prisijunkite prie m\u016bs\u0173 tre\u010diadieniais 21:00 val. ir dalyvaukite adrenalino kupiname \u0161ou arba \u0161e\u0161tadieniais 19:30 val. - m\u016bs\u0173 populiariausioje \u0161vent\u0117je, kurios metu si\u016blome prabangi\u0105 ant groteli\u0173 kept\u0105 vakarien\u0119.<\/li>\n<li><strong>Vieta:<\/strong> Vos u\u017e 20 minu\u010di\u0173 kelio nuo Kosta Adech\u0117s esan\u010diame \"Gladiux Xanadu\" rasite vaizding\u0105 aplink\u0105, kuri jus nukels tiesiai \u012f gladiatori\u0173 ir rom\u0117n\u0173 ve\u017eim\u0173 laikus.<\/li>\n<li><strong>Virtuv\u0117:<\/strong> \u0160e\u0161tadieniais m\u0117gaukit\u0117s mi\u0161ria grilio vakariene, o tre\u010diadieniais - vakariene \u00e0 la carte. Prie patiekal\u0173 galite rinktis sangrij\u0105, vyn\u0105 ir nealkoholinius g\u0117rimus.<\/li>\n<\/ul>\n<h3>\ud83c\udf9f\ufe0f Pritaikykite savo gladiatori\u0173 patirt\u012f<\/h3>\n<ul>\n<li><strong>Bilietai:<\/strong> Pasinerkite \u012f jaudinan\u010di\u0105 \"Gladiux Xanadu\" atmosfer\u0105 su m\u016bs\u0173 lanks\u010diomis biliet\u0173 parinktimis, skirtomis \u012fvairiems pageidavimams ir grupi\u0173 dyd\u017eiams.<\/li>\n<li><strong>Grup\u0117s u\u017esakymai:<\/strong> Puikiai tinka \u012fmoni\u0173 renginiams, privatiems vakar\u0117liams, gimtadieniams ir kt. Pritaikykite savo renginiui teminius gladiatori\u0173 kostiumus, \u012ftraukian\u010dius pasirodymus ir pritaikytus pramog\u0173 paketus. Apsilankykite CanaryVIP <a href=\"https:\/\/canaryvip.com\/lt\/contact\/\">kontaktinis puslapis<\/a> i\u0161samios informacijos ir suplanuoti nepamir\u0161tam\u0105 patirt\u012f, pritaikyt\u0105 j\u016bs\u0173 konkretiems poreikiams.<\/li>\n<\/ul>\n<h3>\ud83d\udde1\ufe0f Pasinerkite \u012f aren\u0105<\/h3>\n<ul>\n<li><strong>M\u016b\u0161iai:<\/strong> Steb\u0117kite jaudinan\u010dias gladiatori\u0173 kovas, kurias atlieka patyr\u0119 raiteliai ir kurios yra skirtos rom\u0117n\u0173 kov\u0173 didybei parodyti nepa\u017eeid\u017eiant saugumo.<\/li>\n<li><strong>Interaktyvios pramogos:<\/strong> Pajuskite Senov\u0117s Romos puls\u0105, kai palaikysite savo m\u0117gstam\u0105 gladiatori\u0173 plieno ir sirgali\u0173 grumtyn\u0117se.<\/li>\n<\/ul>\n<h3>\ud83c\udf89 Rengini\u0173 organizavimas \"Gladiux Xanadu<\/h3>\n<ul>\n<li><strong>Privat\u016bs renginiai:<\/strong> \"Gladiux Xanadu\" - tai ne tik \u012fsp\u016bdinga \u0161ou vieta, bet ir galimyb\u0117 u\u017esisakyti priva\u010di\u0173 u\u017esakym\u0173. Idealiai tinka teminiams vakar\u0117liams su gladiatori\u0173 kostiumais ir j\u016bs\u0173 poreikiams pritaikytais pasirodymais.<\/li>\n<\/ul>\n<h3>\ud83c\udf56 \u0160vent\u0117 kaip rom\u0117nas<\/h3>\n<p><strong>Meniu parinktys:<\/strong> Pasim\u0117gaukite specialiu \u0161e\u0161tadienio vakaro ant groteli\u0173 keptu mi\u0161iniu arba bet kur\u012f vakar\u0105 rinkit\u0117s vegetari\u0161k\u0105 ir be glitimo patiekalus. M\u0117gaukit\u0117s tradiciniais rom\u0117n\u0173 patiekalais, derinamais su vietiniais delikatesais.<\/p>\n<p><strong>VAKARIEN\u0116:<\/strong><\/p>\n<ul>\n<li><strong>Sveiki atvyk\u0119:<\/strong> Stiklin\u0117 kavos<\/li>\n<li><strong>Starteris:<\/strong> Duona ir sviestas<\/li>\n<li><strong>Specialyb\u0117:<\/strong>\n<ul>\n<li><strong>Pirmasis patiekalas:<\/strong> Dar\u017eovi\u0173 sriuba<\/li>\n<li><strong>Antrasis patiekalas:<\/strong> M\u0117sos kepsnin\u0117: pomidor\u0173 ir s\u016brio salotos, tra\u0161ku\u010diai, Xanad\u00fa Canarian mojo<\/li>\n<\/ul>\n<\/li>\n<li><strong>Desertas:<\/strong> Tipi\u0161kas Kanar\u0173 kremas ir grietin\u0117l\u0117<\/li>\n<li><strong>G\u0117rimai:<\/strong> Vynas, sangrija, gaivieji g\u0117rimai, alus ir vanduo<\/li>\n<\/ul>\n<p><strong>Pasirinktinai:<\/strong> Vegetari\u0161kas \/ be glitimo meniu<\/p>\n<h3>\u2696\ufe0f u\u017esakymo ir at\u0161aukimo taisykl\u0117s<\/h3>\n<ul>\n<li><strong>I\u0161ankstinis u\u017esakymas:<\/strong> I\u0161 anksto u\u017esitikrinkite vietas <strong>CanaryVIP<\/strong> kad gal\u0117tum\u0117te m\u0117gautis konkurencingomis kainomis ir u\u017etikrinti skland\u017eiai suplanuot\u0105 vizit\u0105.<\/li>\n<li><strong>Lankstus at\u0161aukimas:<\/strong> Individualiems u\u017esakymams si\u016blome nemokam\u0105 at\u0161aukim\u0105 likus 24 valandoms iki u\u017esakytos sesijos, o grup\u0117ms - ilgesnes at\u0161aukimo galimybes. I\u0161samias grup\u0117s u\u017esakym\u0173 at\u0161aukimo taisykles rasite m\u016bs\u0173 svetain\u0117je.<\/li>\n<\/ul>\n<h3>\ud83d\ude97 Suplanuokite savo apsilankym\u0105<\/h3>\n<ul>\n<li><strong>Prieiga prie vietos:<\/strong> \u012e \"Gladiux Xanadu\" lengva nuvykti nemokama automobili\u0173 stov\u0117jimo aik\u0161tele vietoje arba u\u017e simbolin\u012f mokest\u012f i\u0161 pietin\u0117s Tenerif\u0117s dalies.<\/li>\n<li><strong>Rengini\u0173 naktys:<\/strong> \"Gladiux\" pasirodymai vyksta kiekvien\u0105 tre\u010diadien\u012f ir \u0161e\u0161tadien\u012f, o kitomis dienomis \u010dia galima pavakarieniauti arba pajodin\u0117ti \u017eirgais.<\/li>\n<\/ul>\n<h3>\ud83c\udf1f \u017denkite \u012f istorijos aren\u0105<\/h3>\n<p>Nepraleiskite \u0161ios unikalios galimyb\u0117s patirti istorin\u0117s dramos ir rom\u0117n\u0173 spektaklio vakar\u0105 \"Gladiux Show Tenerif\u0117je\".<\/p>\n<p>Rezervuokite viet\u0105 \u0161iandien ir leiskite senov\u0117s gladiatori\u0173 didybei ir viduram\u017ei\u0173 \u0161ventei praturtinti j\u016bs\u0173 kelion\u0117s nuotyk\u012f. Rezervuokite dabar ir u\u017esitikrinkite nepamir\u0161tam\u0105 istorijos, regini\u0173 ir kulinarini\u0173 malonum\u0173 vakar\u0105! \ud83c\udff0\ud83c\udf57<\/p>","protected":false},"excerpt":{"rendered":"<p>\ud83d\udd0d <strong>\"Gladiux\" \u0161ou Svarbiausi \u012fvykiai:<\/strong><br \/>\n\u2705 Saugus mok\u0117jimas.<br \/>\n\ud83d\udd25 \u012esp\u016bdingi gladiatori\u0173 m\u016b\u0161iai.<br \/>\n\ud83d\udcc5 Tre\u010diadieniais ir \u0161e\u0161tadieniais.<br \/>\n\u23f0 Rodyti: 19:30 - 21:00.<br \/>\n\ud83c\udf56 \u012eskai\u010diuota grilyje kepta vakarien\u0117.<br \/>\n\ud83c\udf77 Sangrija, vynas ir nealkoholiniai g\u0117rimai.<br \/>\n\ud83c\udf0d Rodoma angl\u0173 kalba.<br \/>\n\ud83d\ude97 Nemokama automobili\u0173 stov\u0117jimo aik\u0161tel\u0117 ir papildomas perve\u017eimas.<br \/>\n\ud83e\udd11 Garantuojama geriausia kaina.<br \/>\n\ud83d\udc65 Galimos grupin\u0117s nuolaidos.<br \/>\n\ud83d\udd04 Nemokamas at\u0161aukimas iki 24 val.<br \/>\n\ud83c\udf1f Rezervuokite i\u0161 anksto, populiarus renginys!<br \/>\n\ud83c\udfdb\ufe0f Vieta <a href=\"https:\/\/maps.app.goo.gl\/R9fiHWAcP4tLy9Mu9\">Xanadu<\/a>, Tenerif\u0117.<\/p>","protected":false},"featured_media":11279,"comment_status":"open","ping_status":"closed","template":"","meta":{"_acf_changed":false},"product_brand":[],"product_cat":[59],"product_tag":[],"class_list":{"0":"post-11261","1":"product","2":"type-product","3":"status-publish","4":"has-post-thumbnail","6":"product_cat-evening-shows","7":"wcpa_has_options","9":"first","10":"instock","11":"virtual","12":"purchasable","13":"product-type-simple"},"acf":[],"wcpa_form_fields":{"wcpaData":{"product":{"product_price":35,"price_html":"From&nbsp;<span class=\"woocommerce-Price-amount amount\"><bdi>35,00&nbsp;<span class=\"woocommerce-Price-currencySymbol\">&euro;<\/span><\/bdi><\/span>","original_product_price":35,"price_including_tax":35,"price_excluding_tax":35,"product_id":{"parent":11261,"variation":false},"is_variable":false,"stock_status":"instock","stock_quantity":null,"parent_sku":"CV11261","product_attributes":[],"custom_fields":[],"is_taxable":false,"product_name":"Gladiux Show Tenerife","hasImage":false},"fields":{"sec_h102qb2r1b7":{"extra":{"key":"sec_h102qb2r1b7","section_id":"sec_h102qb2r1b7","name":"Calendar","status":1,"cl_rule":"show","enableCl":false,"relations":[],"toggle":true,"title_tag":"h4","show_title":false,"showPrice":"default","form_id":11474,"form_rules":{"exclude_from_discount":true,"fee_label":"Fee","disp_hide_options_price":true,"disp_show_section_price":false,"disp_show_field_price":true,"layout_option":"standard","pric_use_as_fee":false,"process_fee_as":"woo_fee"},"layout_option":"standard"},"fields":[[{"active":true,"col":6,"relations":false,"cl_rule":"show","enableCl":false,"price":"","enablePrice":false,"className":"","label_position":"default","desc_position":"default","type":"content","required":false,"elementId":"content_8084577962","label":"","name":"content_8084577962","contentType":"rich","value":"<p><strong>Show not available at this moment.<\/strong><\/p>","error":false,"enableDesign":true,"DescColor":"#ff0700","gt_translate_keys":["label","value"],"price_dependency":false,"cl_dependency":false}],[{"label":"\ud83d\udcc5 Date","active":true,"required":true,"elementId":"date_96641647ba4193","picker_type":"custom","picker_mode":"single","placeholder":"","description":"","tooltip":"","name":"date_96641647ba4193","label_position":"default","desc_position":"default","enablePrice":false,"className":"","enableCl":false,"relations":[{"operator":"and","rules":[{"operator":"AND","rules":{"cl_field":"radio-group_96641647ba41a2","cl_relation":"is_not_empty","cl_val":"3 Hour Trip"}}]}],"date_pic_inline":true,"date_pic_inline_hide":true,"min_date":{"type":"days","val":"3"},"max_date":{"type":"days","val":"365"},"date_pic_conf":{"disabledWeeks":[0,1,2,3,4,5,6]},"price":"","cl_rule":"show","col":6,"type":"date","error":false,"enableDesign":false,"LabelColor":"","gt_translate_keys":["label","placeholder","description","tooltip"],"price_dependency":false,"cl_dependency":[false,false],"value":""}]]},"sec_106641647ba41a3":{"extra":{"key":"sec_106641647ba41a3","section_id":"sec_106641647ba41a3","name":"Regular","status":1,"cl_rule":"show","enableCl":true,"relations":[{"operator":false,"rules":[{"operator":"AND","rules":{"cl_field":"date_96641647ba4193","cl_relation":"is_not_empty","cl_val":""}}]}],"toggle":true,"title_tag":"h4","show_title":false,"showPrice":"default","form_id":11474,"form_rules":{"exclude_from_discount":true,"fee_label":"Fee","disp_hide_options_price":true,"disp_show_section_price":false,"disp_show_field_price":true,"layout_option":"standard","pric_use_as_fee":false,"process_fee_as":"woo_fee"},"layout_option":"standard"},"fields":[[{"active":true,"col":6,"relations":false,"cl_rule":"show","enableCl":false,"price":"","enablePrice":false,"className":"","label_position":"default","desc_position":"default","type":"separator","required":false,"elementId":"separator_76641647ba41af","label":"Separator Field","height":"1","separatorType":"blank","error":false,"gt_translate_keys":["label"],"price_dependency":false,"cl_dependency":false,"value":""}],[{"active":true,"col":6,"relations":false,"cl_rule":"show","enableCl":false,"price":"","enablePrice":false,"className":"","label_position":"default","desc_position":"default","type":"content","required":false,"elementId":"content_76641647ba41c3","label":"People","name":"content_76641647ba41c3","contentType":"plain","value":"","error":false,"show_in_checkout":true,"inline":false,"gt_translate_keys":["label","value"],"price_dependency":false,"cl_dependency":false}],[{"active":true,"col":6,"relations":[{"operator":false,"rules":[{"operator":"AND","rules":{"cl_field":"","cl_relation":"","cl_val":""}}]}],"cl_rule":"show","enableCl":true,"price":"45","enablePrice":true,"className":"","label_position":"default","desc_position":"default","type":"radio-group","required":false,"elementId":"radio-group_66641647ba41cd","label":"","name":"radio-group_66641647ba41cd","values":[{"label":"\ud83d\udc64 Adult (45\u20ac)","value":"Adult (45\u20ac)","selected":true,"tempId":"aco_32","tooltip":"+13 Years","description":"","gt_translate_keys":["label","tooltip","description"]}],"layOut":"","error":false,"checkUi":"button","priceOptions":"fixed_for_all","pricingType":"fixed","enable_quantity":true,"quantity_label":"","min_quantity":"0","options_tooltip":true,"options_description":true,"is_show_price":true,"gt_translate_keys":["label","quantity_label"],"price_dependency":["content_3820311617","content-5561342072","content-5624102109"],"cl_dependency":false,"value":""}],[{"label":"","active":true,"required":false,"elementId":"radio-group_46641647ba41d8","name":"radio-group_46641647ba41d8","label_position":"default","desc_position":"default","enablePrice":true,"className":"","enableCl":true,"relations":[{"operator":false,"rules":[{"operator":"AND","rules":{"cl_field":"","cl_relation":"","cl_val":""}}]}],"enable_quantity":true,"quantity_label":"","min_quantity":"0","checkUi":"button","layOut":"","options_tooltip":true,"options_description":true,"values":[{"label":"\ud83d\udc66 Child (22,50\u20ac)","value":"Child (22,50\u20ac)","selected":true,"tempId":"aco_32","tooltip":"4-12 Years","description":"","gt_translate_keys":["label","tooltip","description"]}],"priceOptions":"fixed_for_all","pricingType":"fixed","price":"22.50","cl_rule":"show","col":6,"type":"radio-group","error":false,"is_show_price":true,"gt_translate_keys":["label","quantity_label"],"price_dependency":["content_3820311617","content-5561342072","content-5624102109"],"cl_dependency":false,"value":""}],[{"label":"","active":true,"required":false,"elementId":"radio-group-1941437839","name":"radio-group-1941437839","label_position":"default","desc_position":"default","enablePrice":true,"className":"","enableCl":true,"relations":[{"operator":false,"rules":[{"operator":"AND","rules":{"cl_field":"","cl_relation":"","cl_val":""}}]}],"enable_quantity":true,"quantity_label":"","min_quantity":"0","checkUi":"button","layOut":"","options_tooltip":true,"options_description":true,"values":[{"label":"\ud83d\udc76 Toddle (Free)","value":"Toddle (Free)","selected":true,"tempId":"aco_32","tooltip":"0-3 Years","description":"","gt_translate_keys":["label","tooltip","description"]}],"priceOptions":"fixed_for_all","pricingType":"fixed","price":"0","cl_rule":"show","col":6,"type":"radio-group","error":false,"is_show_price":true,"gt_translate_keys":["label","quantity_label"],"price_dependency":false,"cl_dependency":false,"value":""}],[{"elementId":"separator_96641647ba41b9","separatorType":"fill","className":"","height":"6","enableCl":false,"relations":false,"cl_rule":"show","col":6,"type":"separator","error":false,"separatorColor":"#66a6b6","gt_translate_keys":[],"price_dependency":false,"cl_dependency":false,"value":""}],[{"active":true,"col":6,"relations":false,"cl_rule":"show","enableCl":false,"price":"({field.radio-group_66641647ba41cd.price}*0.3)+({field.radio-group_46641647ba41d8.price}*0.3)","enablePrice":true,"className":"","label_position":"default","desc_position":"default","type":"content","required":false,"elementId":"content_3820311617","label":"Deposit Now","name":"content_3820311617","contentType":"plain","value":"","error":false,"inline":true,"show_in_checkout":true,"subtype":"div","enableDesign":true,"LabelSize":"14px","pricingType":"custom","isTemplate":false,"gt_translate_keys":["label","value"],"price_dependency":false,"cl_dependency":false}],[{"contentType":"plain","active":true,"label":"Payment at Arrival","elementId":"content-5561342072","value":"","inline":true,"show_in_checkout":true,"name":"content-5561342072","enablePrice":true,"className":"","subtype":"div","enableCl":false,"relations":false,"enableDesign":true,"LabelSize":"14px","pricingType":"custom","isTemplate":false,"price":"({field.radio-group_66641647ba41cd.price}*0.7)+({field.radio-group_46641647ba41d8.price}*0.7)","cl_rule":"show","col":6,"type":"content","error":false,"is_show_price":true,"gt_translate_keys":["label","value"],"price_dependency":false,"cl_dependency":false}],[{"contentType":"plain","active":true,"label":"Total Amount","elementId":"content-5624102109","value":"","inline":true,"show_in_checkout":true,"name":"content-5624102109","enablePrice":true,"className":"","subtype":"div","enableCl":false,"relations":false,"enableDesign":true,"LabelSize":"14px","pricingType":"custom","isTemplate":false,"price":"({field.radio-group_66641647ba41cd.price})+({field.radio-group_46641647ba41d8.price})","is_show_price":true,"cl_rule":"show","col":6,"type":"content","error":false,"gt_translate_keys":["label","value"],"price_dependency":false,"cl_dependency":false}]]},"sec_26641647ba4202":{"extra":{"key":"sec_26641647ba4202","section_id":"sec_26641647ba4202","name":"Shuttle Service?","status":1,"cl_rule":"show","enableCl":true,"relations":[{"operator":false,"rules":[{"operator":"AND","rules":{"cl_field":"date_96641647ba4193","cl_relation":"is_not_empty","cl_val":""}}]}],"toggle":true,"title_tag":"h4","show_title":false,"showPrice":"default","form_id":11474,"form_rules":{"exclude_from_discount":true,"fee_label":"Fee","disp_hide_options_price":true,"disp_show_section_price":false,"disp_show_field_price":true,"layout_option":"standard","pric_use_as_fee":false,"process_fee_as":"woo_fee"},"layout_option":"standard"},"fields":[[{"active":true,"col":6,"relations":false,"cl_rule":"show","enableCl":false,"price":"","enablePrice":false,"className":"","label_position":"default","desc_position":"below","type":"checkbox","required":false,"elementId":"checkbox_16641647ba420b","label":"Bus Transfer? (15\u20ac)","name":"checkbox_16641647ba420b","value":"","check_value":"Yes","checkUi":"toggle","error":false,"description":"Pick-up from your hotel in south Tenerife. PAID AT ARRIVAL.","gt_translate_keys":["label","description","value","check_value"],"price_dependency":false,"cl_dependency":["content_106641647ba4214","radio-group_06641647ba421f","radio-group-1726047280","text_16641647ba4231"]}],[{"active":true,"col":6,"relations":false,"cl_rule":"show","enableCl":false,"price":"","enablePrice":false,"className":"","label_position":"default","desc_position":"default","type":"separator","required":false,"elementId":"separator_9863862717","label":"Separator Field","height":"5","separatorType":"blank","error":false,"gt_translate_keys":["label"],"price_dependency":false,"cl_dependency":false,"value":""}],[{"contentType":"plain","active":true,"label":"People for Bus Transfer (Paid at Arrival)","elementId":"content_106641647ba4214","value":"","inline":false,"show_in_checkout":true,"name":"content_106641647ba4214","enablePrice":false,"className":"","enableCl":true,"relations":[{"operator":false,"rules":[{"operator":"AND","rules":{"cl_field":"checkbox_16641647ba420b","cl_relation":"is","cl_val":true}}]}],"price":"","cl_rule":"show","col":6,"type":"content","error":false,"gt_translate_keys":["label","value"],"price_dependency":false,"cl_dependency":false}],[{"label":"","active":true,"required":false,"elementId":"radio-group_06641647ba421f","name":"radio-group_06641647ba421f","label_position":"default","desc_position":"default","enablePrice":true,"className":"","enableCl":true,"relations":[{"operator":false,"rules":[{"operator":"AND","rules":{"cl_field":"checkbox_16641647ba420b","cl_relation":"is","cl_val":true}}]}],"enable_quantity":true,"quantity_label":"","min_quantity":"0","checkUi":"button","layOut":"","options_tooltip":true,"values":[{"label":"\ud83d\udc64 Transport (15\u20ac)","value":"Transport (15\u20ac)","selected":true,"tempId":"aco_32","tooltip":"+4 Years","gt_translate_keys":["label","tooltip"]}],"priceOptions":"fixed_for_all","pricingType":"fixed","price":"15","cl_rule":"show","col":6,"type":"radio-group","error":false,"is_show_price":true,"gt_translate_keys":["label","quantity_label"],"price_dependency":false,"cl_dependency":false,"value":""}],[{"label":"","active":true,"required":false,"elementId":"radio-group-1726047280","name":"radio-group-1726047280","label_position":"default","desc_position":"default","enablePrice":true,"className":"","enableCl":true,"relations":[{"operator":false,"rules":[{"operator":"AND","rules":{"cl_field":"checkbox_16641647ba420b","cl_relation":"is","cl_val":true}}]}],"enable_quantity":true,"quantity_label":"","min_quantity":"0","checkUi":"button","layOut":"","options_tooltip":true,"values":[{"label":"\ud83d\udc76 Toddler Transport (Free)","value":"Toddler Transport (Free)","selected":true,"tempId":"aco_32","tooltip":"0-3 Years","gt_translate_keys":["label","tooltip"]}],"priceOptions":"fixed_for_all","pricingType":"fixed","price":"0","cl_rule":"show","col":6,"type":"radio-group","error":false,"gt_translate_keys":["label","quantity_label"],"price_dependency":false,"cl_dependency":false,"value":""}],[{"active":true,"col":6,"relations":[{"operator":false,"rules":[{"operator":"AND","rules":{"cl_field":"checkbox_16641647ba420b","cl_relation":"is","cl_val":true}}]}],"cl_rule":"show","enableCl":true,"price":"","enablePrice":false,"className":"","label_position":"default","desc_position":"default","type":"text","subtype":"text","required":false,"elementId":"text_16641647ba4231","label":"\ud83d\ude8c Pickup Location","name":"text_16641647ba4231","value":"","error":false,"description":"Pick-up service in Tenerife South. Simply provide your address or hotel name.","gt_translate_keys":["label","description","value"],"price_dependency":false,"cl_dependency":false}]]}},"config":{"price_override":"always","enable_recaptcha":false,"bind_quantity":false,"quantity_bind_formula":false,"disp_summ_show_option_price":false,"disp_summ_show_product_price":false,"disp_summ_show_total_price":false,"disp_summ_show_fee":false,"disp_summ_show_discount":false,"summary_title":"","options_total_label":"Options Price","total_label":"Total Amount","options_product_label":"Product Price","fee_label":"Fee","discount_label":"Discount","has_price":true,"has_quantity_formula":false},"mc_unit":1,"tax_rate":1,"tax_rate_real":1,"discount":{"percentage":0,"fixed":0},"design":{"conf":{"LabelPosition":"above","DescPosition":"above","UploadField":"custom_1","QuantityFieldStyle":"custom_1"},"css":{"LeftLabelWidth":"120px"}},"formulas":[],"lookuptables":[],"clones":false,"cartKey":false}},"_links":{"self":[{"href":"https:\/\/canaryvip.com\/lt\/wp-json\/wp\/v2\/product\/11261","targetHints":{"allow":["GET"]}}],"collection":[{"href":"https:\/\/canaryvip.com\/lt\/wp-json\/wp\/v2\/product"}],"about":[{"href":"https:\/\/canaryvip.com\/lt\/wp-json\/wp\/v2\/types\/product"}],"replies":[{"embeddable":true,"href":"https:\/\/canaryvip.com\/lt\/wp-json\/wp\/v2\/comments?post=11261"}],"wp:featuredmedia":[{"embeddable":true,"href":"https:\/\/canaryvip.com\/lt\/wp-json\/wp\/v2\/media\/11279"}],"wp:attachment":[{"href":"https:\/\/canaryvip.com\/lt\/wp-json\/wp\/v2\/media?parent=11261"}],"wp:term":[{"taxonomy":"product_brand","embeddable":true,"href":"https:\/\/canaryvip.com\/lt\/wp-json\/wp\/v2\/product_brand?post=11261"},{"taxonomy":"product_cat","embeddable":true,"href":"https:\/\/canaryvip.com\/lt\/wp-json\/wp\/v2\/product_cat?post=11261"},{"taxonomy":"product_tag","embeddable":true,"href":"https:\/\/canaryvip.com\/lt\/wp-json\/wp\/v2\/product_tag?post=11261"}],"curies":[{"name":"wp","href":"https:\/\/api.w.org\/{rel}","templated":true}]}}