{"id":11181,"date":"2024-04-11T19:47:34","date_gmt":"2024-04-11T18:47:34","guid":{"rendered":"https:\/\/canaryvip.com\/?post_type=product&#038;p=11181"},"modified":"2026-03-06T15:02:30","modified_gmt":"2026-03-06T15:02:30","slug":"la-gomera-jeep-safari-from-tenerife","status":"publish","type":"product","link":"https:\/\/canaryvip.com\/lt\/shop\/la-gomera-jeep-safari-from-tenerife\/","title":{"rendered":"La Gomeros d\u017eip\u0173 safaris i\u0161 Tenerif\u0117s"},"content":{"rendered":"<h2>Prad\u0117kite <strong>La Gomeros d\u017eip\u0173 safario turas i\u0161 Tenerif\u0117s<\/strong><\/h2>\n<p>Prisijunkite prie m\u016bs\u0173 jaudinan\u010dioje <strong>D\u017eip\u0173 safaris \u012f La Gomer\u0105,<\/strong> unikalus Kanar\u0173 sal\u0173 perlas. I\u0161bandykite intymi\u0105 aplink\u0105 m\u016bs\u0173 ma\u017e\u0173 grupi\u0173 ekskursijose, kurios idealiai tinka \u0161eimoms ar draugams ir kuriose viename d\u017eipe gali tilpti iki 8 keleivi\u0173.<\/p>\n<p>Keliaudami per Atlanto vandenyn\u0105 i\u0161 Tenerif\u0117s \u012f San Sebastiano de La Gomeros pakrant\u0119, pasinerkite \u012f \u017eaving\u0105 pasaul\u012f. M\u016bs\u0173 patog\u016bs keltai skland\u017eiai jus perve\u0161 ir paruo\u0161 nuotykiui, kuriame gamtos gro\u017eis dera su kult\u016bros paveldu.<\/p>\n<p><strong>\u26a0\ufe0f <span style=\"text-decoration: underline;\">SVARBUS PRANE\u0160IMAS:<\/span><\/strong> Nepamir\u0161kite kelion\u0117s dien\u0105 su savimi tur\u0117ti galiojant\u012f pas\u0105. Be galiojan\u010dio paso jums nebus leista \u012flipti \u012f kelt\u0105, plaukiojant\u012f \u012f La Gomer\u0105, ir nebus galima gr\u0105\u017einti pinig\u0173. B\u016btinai pasiruo\u0161kite pas\u0105, kad gal\u0117tum\u0117te m\u0117gautis \u012fsimintina kelione, kupina La Gomeros gamtos gro\u017eio.<\/p>\n<h3><strong>La Gomera Tour Svarbiausi \u012fvykiai:<\/strong><\/h3>\n<ul>\n<li>\ud83c\udf3f <strong>Garajono nacionalinis parkas:<\/strong> Pa\u017einkite senovinius laur\u0173 mi\u0161kus ir sodri\u0105 \u017ealum\u0105 \u0161ioje UNESCO pasaulio paveldo vietov\u0117je. Tai gamtos myl\u0117toj\u0173 rojus ir biologin\u0117s \u012fvairov\u0117s spektaklis.<\/li>\n<li>\ud83c\udfde\ufe0f <strong>Hermigua:<\/strong> \u017dinomas d\u0117l \u017ealiuojan\u010di\u0173 palmi\u0173 girai\u010di\u0173 ir Kanar\u0173 sal\u0173 guarapo sul\u010di\u0173 gamybos. Su\u017einokite, kod\u0117l Hermigua gars\u0117ja auk\u0161ta gyvenimo kokybe ir kra\u0161tovaizd\u017eio gro\u017eiu.<\/li>\n<li>\ud83c\udf74 <strong>Autenti\u0161ka vietin\u0117 virtuv\u0117:<\/strong> Pasim\u0117gaukite tradiciniais Kanar\u0173 sal\u0173 patiekalais vietiniame restorane, kur gal\u0117site pasim\u0117gauti nepamir\u0161tamais La Gomeros virtuv\u0117s skoniais.<\/li>\n<li>\ud83c\udf0a <strong>San Sebastianas de La Gomera:<\/strong> Vaik\u0161\u010diokite spalvingomis salos sostin\u0117s gatv\u0117mis, gro\u017e\u0117kit\u0117s jos architekt\u016bros gro\u017eiu ir m\u0117gaukit\u0117s laisvu laiku.<\/li>\n<li>\ud83c\udf04 <strong>Agulo:<\/strong> Va\u017eiuokite d\u017eipu per \u0161\u012f \u017eav\u0173 kaimel\u012f, gars\u0117jant\u012f siauromis gr\u012fstomis gatvel\u0117mis ir kvap\u0105 gniau\u017eian\u010diais Atlanto vandenyno vaizdais.<\/li>\n<li>\ud83c\udfd6\ufe0f <strong>Laguna Grande:<\/strong> Nuostabi ir rami vieta, puikiai tinkanti kontempliacijai Garajonay vietov\u0117je. D\u0117l unikalios aplinkos aplinkos ji yra pagrindin\u0117 m\u016bs\u0173 kelion\u0117s stotel\u0117.<\/li>\n<\/ul>\n<h3><strong>K\u0105 apima m\u016bs\u0173 La Gomeros d\u017eip\u0173 safario turas:<\/strong><\/h3>\n<ul>\n<li>\ud83d\ude90 <strong>Transportas \u012f abi puses:<\/strong> Si\u016blome patogias pa\u0117mimo ir i\u0161ve\u017eimo paslaugas i\u0161 j\u016bs\u0173 apgyvendinimo vietos arba netoliese esan\u010dios Puerto de la Cruz arba Playa de las Am\u00e9ricas.<\/li>\n<li>\u26f4\ufe0f <strong>Perve\u017eimai keltais:<\/strong> M\u0117gaukit\u0117s skland\u017eia kelione keltu \u012f La Gomer\u0105 ir i\u0161 jos, u\u017etikrinan\u010dia patogi\u0105 kelion\u0119 per Atlant\u0105.<\/li>\n<li>\ud83c\udf7d\ufe0f <strong>Piet\u016bs ir vietos degustacijos:<\/strong> \u012eskai\u010diuotas puikus maistas, kurio metu gal\u0117site paragauti vietini\u0173 kulinarini\u0173 patiekal\u0173.<\/li>\n<li>\ud83d\udde3\ufe0f <strong>Keli\u0173 kalb\u0173 palaikymas:<\/strong> M\u016bs\u0173 ekskursijos rengiamos keliomis kalbomis, \u012fskaitant ispan\u0173, angl\u0173, vokie\u010di\u0173, pranc\u016bz\u0173, ital\u0173, oland\u0173, lenk\u0173 ir vokie\u010di\u0173, kad b\u016bt\u0173 patenkintos \u012fvairi\u0173 \u0161ali\u0173 sve\u010di\u0173 pageidavimai.<\/li>\n<\/ul>\n<h3><b>U\u017esakymo politika ir lankstumas<\/b><\/h3>\n<p><span style=\"font-weight: 400;\">\ud83d\udd01 <\/span><b>Nemokamas at\u0161aukimas iki 48 valand\u0173:<\/b><span style=\"font-weight: 400;\"> Planai gali keistis. Galite at\u0161aukti arba pakeisti u\u017esakym\u0105 iki <\/span><b>likus 48 valandoms iki veiklos<\/b><span style=\"font-weight: 400;\"> ir atgauti vis\u0105 sumok\u0117t\u0105 sum\u0105.<\/span><\/p>\n<p><span style=\"font-weight: 400;\">\ud83d\udeab <\/span><b>Neatvykimo politika:<\/b><span style=\"font-weight: 400;\"> Jei nedalyvausite u\u017esi\u0117mime arba atvyksite per v\u0117lai, kad gal\u0117tum\u0117te jame dalyvauti, u\u017esakymas bus laikomas ne\u012fvykdytu. <\/span><b>neatvykus ir negr\u0105\u017einama.<\/b><span style=\"font-weight: 400;\">.<\/span><\/p>\n<p><span style=\"font-weight: 400;\">\ud83c\udf0a <\/span><b>Oro s\u0105lygos:<\/b><span style=\"font-weight: 400;\"> Jei ekskursija negal\u0117s vykti d\u0117l nesaugi\u0173 oro s\u0105lyg\u0173, gal\u0117site rinktis <\/span><b>perplanuoti kit\u0105 dien\u0105 arba atgauti vis\u0105 sumok\u0117t\u0105 sum\u0105.<\/b><span style=\"font-weight: 400;\">.<\/span><\/p>\n<h4><strong>U\u017esisakykite d\u017eip\u0173 safario nuotyk\u012f La Gomeroje jau \u0161iandien!<\/strong><\/h4>\n<p>Nepraleiskite \u0161ios i\u0161skirtin\u0117s galimyb\u0117s susipa\u017einti su nuostabiais kra\u0161tovaizd\u017eiais ir kult\u016briniu turtingumu <a href=\"https:\/\/www.google.com\/maps\/place\/La+Gomera\/@28.1188754,-17.3060924,12z\/data=!3m1!4b1!4m6!3m5!1s0xc6ae33697cbc54d:0x59c58fe23f47d04e!8m2!3d28.1033035!4d-17.2193578!16zL20vMDFnNG1q?entry=ttu\" target=\"_blank\" rel=\"noopener\">La Gomera<\/a> su <a href=\"https:\/\/canaryvip.com\/lt\/\">CanaryVIP.<\/a><\/p>\n<p>Leiskit\u0117s \u012f atradim\u0173 ir nuotyki\u0173 kupin\u0105 kelion\u0119 nuo stebukling\u0173 Garajonay mi\u0161k\u0173 iki senovini\u0173 Agulo gatveli\u0173 ir kitur. Rezervuokite viet\u0105 dabar ir patirkite geriausius La Gomeros \u012fsp\u016bd\u017eius!<\/p>","protected":false},"excerpt":{"rendered":"<p>\ud83d\udd0d <strong>Svarbiausi kelion\u0117s akcentai:<\/strong><br \/>\n\u2705 Saugus mok\u0117jimas.<br \/>\n\ud83c\uddee\ud83c\udde8 Pa\u017einkite La Gomeros sal\u0105.<br \/>\n\ud83c\udf33 Apsilankykite Garajono parke.<br \/>\n\ud83d\udde3\ufe0f \u0160vilpimo spektaklis gyvai.<br \/>\n\ud83c\udf7d\ufe0f \u012eskai\u010diuoti Kanar\u0173 piet\u016bs.<br \/>\n\ud83d\udcc5 Nuo pirmadienio iki \u0161e\u0161tadienio.<br \/>\n\u23f0 Trukm\u0117 Apie 9 val.<br \/>\n\ud83d\ude8c Pasitikimas vie\u0161butyje ir i\u0161laipinimas.<br \/>\n\ud83d\udd04 48 val. nemokamas at\u0161aukimas.<br \/>\n\ud83c\udf0d Vadovas j\u016bs\u0173 kalba.<br \/>\n\ud83e\udd11 Garantuojama geriausia kaina.<br \/>\n\ud83c\udf1f Rezervuokite dabar ir sutaupykite!<\/p>","protected":false},"featured_media":11183,"comment_status":"open","ping_status":"closed","template":"","meta":{"_acf_changed":false},"product_brand":[],"product_cat":[67],"product_tag":[],"class_list":{"0":"post-11181","1":"product","2":"type-product","3":"status-publish","4":"has-post-thumbnail","6":"product_cat-jeep-tours","7":"wcpa_has_options","9":"first","10":"instock","11":"virtual","12":"purchasable","13":"product-type-simple"},"acf":[],"wcpa_form_fields":{"wcpaData":{"product":{"product_price":145,"price_html":"From&nbsp;<span class=\"woocommerce-Price-amount amount\"><bdi>145,00&nbsp;<span class=\"woocommerce-Price-currencySymbol\">&euro;<\/span><\/bdi><\/span>","original_product_price":145,"price_including_tax":145,"price_excluding_tax":145,"product_id":{"parent":11181,"variation":false},"is_variable":false,"stock_status":"instock","stock_quantity":null,"parent_sku":"CV11181","product_attributes":[],"custom_fields":[],"is_taxable":false,"product_name":"La Gomera Jeep Safari from Tenerife","hasImage":false},"fields":{"sec_36619078bba64e":{"extra":{"key":"sec_36619078bba64e","section_id":"sec_36619078bba64e","name":"Tickets","status":1,"cl_rule":"show","enableCl":false,"relations":[{"operator":false,"rules":[{"operator":"AND","rules":{"cl_field":"radio-group_665df45fcbc30b","cl_relation":"is","cl_val":"Siam Park Regular Tickets"}}]}],"toggle":true,"title_tag":"h4","show_title":false,"showPrice":"default","form_id":11188,"form_rules":{"exclude_from_discount":true,"fee_label":"Fee","disp_hide_options_price":true,"disp_show_section_price":false,"disp_show_field_price":true,"layout_option":"standard","pric_use_as_fee":false,"process_fee_as":"woo_fee"},"layout_option":"standard"},"fields":[[{"active":true,"col":6,"relations":false,"cl_rule":"show","enableCl":false,"price":"","enablePrice":false,"className":"","label_position":"default","desc_position":"default","type":"select","required":true,"elementId":"select_06619078bba6b6","label":"\ud83c\udf0e Language","name":"select_06619078bba6b6","values":[{"label":"English","value":"English","selected":false,"tempId":"aco_1213","gt_translate_keys":["label"]},{"label":"Dutch","value":"Dutch","selected":false,"tempId":"aco_693","gt_translate_keys":["label"]},{"label":"German","value":"German","selected":false,"tempId":"aco_1567","gt_translate_keys":["label"]},{"label":"French","value":"French","selected":false,"tempId":"aco_1215","gt_translate_keys":["label"]},{"label":"Polish","value":"Polish","selected":false,"tempId":"aco_1212","gt_translate_keys":["label"]},{"label":"Italian","value":"Italian","selected":false,"tempId":"aco_611","gt_translate_keys":["label"]},{"label":"Spanish","value":"Spanish","selected":false,"tempId":"aco_1214","gt_translate_keys":["label"]}],"dropdown_type":"basic","error":false,"placeholder":"None","gt_translate_keys":["label","placeholder"],"price_dependency":false,"cl_dependency":["date_86619078bba66f","date_86619078bba66f","date_86619078bba66f","date-8573541398","date-8573541398","date-0948401647","date-1264231762"],"value":""}],[{"label":"\ud83d\udcc5 Date","active":true,"required":true,"elementId":"date_86619078bba66f","picker_type":"custom","picker_mode":"single","placeholder":"","description":"","tooltip":"","name":"date_86619078bba66f","label_position":"default","desc_position":"default","enablePrice":false,"className":"","enableCl":true,"relations":[{"operator":"and","rules":[{"operator":"or","rules":{"cl_field":"select_06619078bba6b6","cl_relation":"is","cl_val":"Dutch"}},{"operator":"or","rules":{"cl_field":"select_06619078bba6b6","cl_relation":"is","cl_val":"German"}},{"operator":"AND","rules":{"cl_field":"select_06619078bba6b6","cl_relation":"is","cl_val":"French"}}]}],"date_pic_inline":true,"date_pic_inline_hide":true,"min_date":{"type":"days","val":"3"},"max_date":{"type":"days","val":"365"},"date_pic_conf":{"disabledWeeks":[0,6]},"price":"","cl_rule":"show","col":6,"type":"date","error":false,"enableDesign":false,"LabelColor":"","isWeightTemplate":false,"isTemplate":false,"min_quantity":"1","quantity_decimal":false,"quantity_step":"1","quantity_label":"Quantity","repeater_field_label":"{field_label}","repeater_bind":"","gt_translate_keys":["label","placeholder","description","tooltip","repeater_field_label","quantity_label"],"price_dependency":false,"cl_dependency":false,"value":""}],[{"label":"\ud83d\udcc5 Date","active":true,"required":true,"elementId":"date-8573541398","picker_type":"custom","picker_mode":"single","placeholder":"","description":"","tooltip":"","name":"date-8573541398","label_position":"default","desc_position":"default","enablePrice":false,"className":"","enableCl":true,"relations":[{"operator":"and","rules":[{"operator":"or","rules":{"cl_field":"select_06619078bba6b6","cl_relation":"is","cl_val":"English"}},{"operator":false,"rules":{"cl_field":"select_06619078bba6b6","cl_relation":"is","cl_val":"Spanish"}}]}],"enableDesign":false,"LabelColor":"","date_pic_inline":true,"date_pic_inline_hide":true,"min_date":{"type":"days","val":"3"},"max_date":{"type":"days","val":"365"},"date_pic_conf":{"disabledWeeks":[0,2,3,6,4]},"price":"","cl_rule":"show","col":6,"type":"date","error":false,"isWeightTemplate":false,"isTemplate":false,"min_quantity":"1","quantity_decimal":false,"quantity_step":"1","quantity_label":"Quantity","repeater_field_label":"{field_label}","repeater_bind":"","gt_translate_keys":["label","placeholder","description","tooltip","repeater_field_label","quantity_label"],"price_dependency":false,"cl_dependency":false,"value":""}],[{"label":"\ud83d\udcc5 Date","active":true,"required":true,"elementId":"date-0948401647","picker_type":"custom","picker_mode":"single","placeholder":"","description":"","tooltip":"","name":"date-0948401647","label_position":"default","desc_position":"default","enablePrice":false,"className":"","enableCl":true,"relations":[{"operator":"and","rules":[{"operator":false,"rules":{"cl_field":"select_06619078bba6b6","cl_relation":"is","cl_val":"Polish"}}]}],"enableDesign":false,"LabelColor":"","date_pic_inline":true,"date_pic_inline_hide":true,"min_date":{"type":"days","val":"3"},"max_date":{"type":"days","val":"365"},"date_pic_conf":{"disabledWeeks":[0,2,4,5]},"price":"","cl_rule":"show","col":6,"type":"date","error":false,"isWeightTemplate":false,"isTemplate":false,"min_quantity":"1","quantity_decimal":false,"quantity_step":"1","quantity_label":"Quantity","repeater_field_label":"{field_label}","repeater_bind":"","gt_translate_keys":["label","placeholder","description","tooltip","repeater_field_label","quantity_label"],"price_dependency":false,"cl_dependency":false,"value":""}],[{"label":"\ud83d\udcc5 Date","active":true,"required":true,"elementId":"date-1264231762","picker_type":"custom","picker_mode":"single","placeholder":"","description":"","tooltip":"","name":"date-1264231762","label_position":"default","desc_position":"default","enablePrice":false,"className":"","enableCl":true,"relations":[{"operator":"and","rules":[{"operator":false,"rules":{"cl_field":"select_06619078bba6b6","cl_relation":"is","cl_val":"Italian"}}]}],"enableDesign":false,"LabelColor":"","date_pic_inline":true,"date_pic_inline_hide":true,"min_date":{"type":"days","val":"3"},"max_date":{"type":"days","val":"365"},"date_pic_conf":{"disabledWeeks":[0,1,2,3,5,6]},"price":"","cl_rule":"show","col":6,"type":"date","error":false,"isWeightTemplate":false,"isTemplate":false,"min_quantity":"1","quantity_decimal":false,"quantity_step":"1","quantity_label":"Quantity","repeater_field_label":"{field_label}","repeater_bind":"","gt_translate_keys":["label","placeholder","description","tooltip","repeater_field_label","quantity_label"],"price_dependency":false,"cl_dependency":false,"value":""}],[{"elementId":"separator_76619078bba67e","separatorType":"blank","className":"","height":"10","enableCl":false,"relations":false,"cl_rule":"show","col":6,"type":"separator","gt_translate_keys":[],"price_dependency":false,"cl_dependency":false,"value":""}],[{"active":true,"col":6,"relations":false,"cl_rule":"show","enableCl":false,"price":"","enablePrice":false,"className":"","label_position":"default","desc_position":"default","type":"content","required":false,"elementId":"content_106619078bba68a","label":"People","name":"content_106619078bba68a","contentType":"plain","value":"","error":false,"show_in_checkout":true,"inline":false,"gt_translate_keys":["label","value"],"price_dependency":false,"cl_dependency":false}],[{"active":true,"col":6,"relations":[{"operator":false,"rules":[{"operator":"AND","rules":{"cl_field":"","cl_relation":"","cl_val":""}}]}],"cl_rule":"show","enableCl":true,"price":"145","enablePrice":true,"className":"","label_position":"default","desc_position":"default","type":"radio-group","required":false,"elementId":"radio-group_96619078bba696","label":"","name":"radio-group_96619078bba696","values":[{"label":"\ud83d\udc64 Adult (145\u20ac)","value":"Adult","selected":true,"tempId":"aco_32","tooltip":"+12 Years","description":"","gt_translate_keys":["label","tooltip","description"]}],"layOut":"","error":false,"checkUi":"button","priceOptions":"fixed_for_all","pricingType":"fixed","enable_quantity":true,"quantity_label":"","min_quantity":"0","options_tooltip":true,"options_description":true,"gt_translate_keys":["label","quantity_label"],"price_dependency":false,"cl_dependency":false,"value":""}],[{"label":"","active":true,"required":false,"elementId":"radio-group_56619078bba6a2","name":"radio-group_56619078bba6a2","label_position":"default","desc_position":"default","enablePrice":true,"className":"","enableCl":false,"relations":false,"enable_quantity":true,"quantity_label":"","min_quantity":"0","checkUi":"button","layOut":"","values":[{"label":"\ud83d\udc66 Child (118\u20ac)","value":"Child","selected":true,"tempId":"aco_32","tooltip":"3-11 Years","description":"","gt_translate_keys":["label","tooltip","description"]}],"priceOptions":"fixed_for_all","pricingType":"fixed","price":"118","cl_rule":"show","col":6,"type":"radio-group","error":false,"options_tooltip":true,"options_description":true,"gt_translate_keys":["label","quantity_label"],"price_dependency":false,"cl_dependency":false,"value":""}],[{"label":"","active":true,"required":false,"elementId":"radio-group_96619078bba6ad","name":"radio-group_96619078bba6ad","label_position":"default","desc_position":"default","enablePrice":true,"className":"","enableCl":false,"relations":false,"enable_quantity":true,"quantity_label":"","min_quantity":"0","checkUi":"button","layOut":"","options_tooltip":true,"options_description":true,"values":[{"label":"\ud83d\udc76 Toddler (6,25\u20ac)","value":"Toddler","selected":true,"tempId":"aco_32","tooltip":"0-2 Years","description":"","gt_translate_keys":["label","tooltip","description"]}],"priceOptions":"fixed_for_all","pricingType":"fixed","price":"6,25","cl_rule":"show","col":6,"type":"radio-group","error":false,"gt_translate_keys":["label","quantity_label"],"price_dependency":false,"cl_dependency":false,"value":""}],[{"active":true,"col":6,"relations":false,"cl_rule":"show","enableCl":false,"price":"","enablePrice":false,"className":"","label_position":"default","desc_position":"default","type":"separator","required":false,"elementId":"separator_86619078bba6c1","label":"Separator Field","height":"7","separatorType":"blank","error":false,"gt_translate_keys":["label"],"price_dependency":false,"cl_dependency":false,"value":""}],[{"active":true,"col":6,"relations":false,"cl_rule":"show","enableCl":false,"price":"","enablePrice":false,"className":"","label_position":"default","desc_position":"default","type":"text","subtype":"text","required":true,"elementId":"text_76619078bba6ca","label":"\ud83d\ude8c Pickup Location","name":"text_76619078bba6ca","value":"","description":"Free pick-up service in Tenerife South. Simply provide your address or hotel name.","error":false,"isWeightTemplate":false,"isTemplate":false,"min_quantity":"1","quantity_decimal":false,"quantity_step":"1","quantity_label":"Quantity","repeater_field_label":"{field_label}","repeater_bind":"","gt_translate_keys":["label","description","value","repeater_field_label","quantity_label"],"price_dependency":false,"cl_dependency":false}]]}},"config":{"price_override":"always","enable_recaptcha":false,"bind_quantity":false,"quantity_bind_formula":false,"disp_summ_show_option_price":true,"disp_summ_show_product_price":false,"disp_summ_show_total_price":true,"disp_summ_show_fee":true,"disp_summ_show_discount":true,"summary_title":"","options_total_label":"Options Price","total_label":"Total Amount","options_product_label":"Product Price","fee_label":"Fee","discount_label":"Discount","has_price":true,"has_quantity_formula":false},"mc_unit":1,"tax_rate":1,"tax_rate_real":1,"discount":{"percentage":0,"fixed":0},"design":{"conf":{"LabelPosition":"above","DescPosition":"above","UploadField":"custom_1","QuantityFieldStyle":"custom_1"},"css":{"LeftLabelWidth":"120px"}},"formulas":[],"lookuptables":[],"clones":false,"cartKey":false}},"_links":{"self":[{"href":"https:\/\/canaryvip.com\/lt\/wp-json\/wp\/v2\/product\/11181","targetHints":{"allow":["GET"]}}],"collection":[{"href":"https:\/\/canaryvip.com\/lt\/wp-json\/wp\/v2\/product"}],"about":[{"href":"https:\/\/canaryvip.com\/lt\/wp-json\/wp\/v2\/types\/product"}],"replies":[{"embeddable":true,"href":"https:\/\/canaryvip.com\/lt\/wp-json\/wp\/v2\/comments?post=11181"}],"wp:featuredmedia":[{"embeddable":true,"href":"https:\/\/canaryvip.com\/lt\/wp-json\/wp\/v2\/media\/11183"}],"wp:attachment":[{"href":"https:\/\/canaryvip.com\/lt\/wp-json\/wp\/v2\/media?parent=11181"}],"wp:term":[{"taxonomy":"product_brand","embeddable":true,"href":"https:\/\/canaryvip.com\/lt\/wp-json\/wp\/v2\/product_brand?post=11181"},{"taxonomy":"product_cat","embeddable":true,"href":"https:\/\/canaryvip.com\/lt\/wp-json\/wp\/v2\/product_cat?post=11181"},{"taxonomy":"product_tag","embeddable":true,"href":"https:\/\/canaryvip.com\/lt\/wp-json\/wp\/v2\/product_tag?post=11181"}],"curies":[{"name":"wp","href":"https:\/\/api.w.org\/{rel}","templated":true}]}}