{"id":11043,"date":"2024-04-11T00:15:30","date_gmt":"2024-04-10T23:15:30","guid":{"rendered":"https:\/\/canaryvip.com\/?post_type=product&#038;p=11043"},"modified":"2025-08-09T12:45:04","modified_gmt":"2025-08-09T11:45:04","slug":"jeep-teide-masca-guided-tour","status":"publish","type":"product","link":"https:\/\/canaryvip.com\/lt\/shop\/jeep-teide-masca-guided-tour\/","title":{"rendered":"Teid\u0117s ir Maskos d\u017eip\u0173 safaris Tenerif\u0117je"},"content":{"rendered":"<h2>\ud83c\udf1f Atraskite <strong>Teid\u0117 ir Maska su m\u016bs\u0173 d\u017eipu vedama ekskursija<\/strong> \ud83d\ude99<\/h2>\n<p>Leiskit\u0117s \u012f u\u017eburian\u010di\u0105 kelion\u0119 kartu su CanaryVIP, nes mes si\u016blome i\u0161skirtin\u0119 ekskursij\u0105 po nuostabiausius Tenerif\u0117s kra\u0161tovaizd\u017eius ir senovinius kaimelius su d\u017eipais po Teid\u0119 ir Mask\u0105. \u0160is nuotykis puikiai tinka \u0161eimoms, pavieniams asmenims ar nedidel\u0117ms grup\u0117ms, nes u\u017etikrina intymi\u0105 ir nepamir\u0161tam\u0105 patirt\u012f iki 8 \u017emoni\u0173 d\u017eipu.<\/p>\n<p>Pasinerkite \u012f pa\u010di\u0105 Tenerif\u0117s \u0161ird\u012f, susipa\u017einkite su nuostabiu gamtos gro\u017eiu ir turtingu kult\u016bros paveldu patogiai \u012fsitais\u0119 tvirtame visureigyje 4\u00d74, kur\u012f vairuoja patyr\u0119 ir daugiakalbiai vairuotojai.<\/p>\n<h3><strong>I\u0161pl\u0117stiniai nuotyki\u0173 akcentai: Teid\u0117 ir Maska<\/strong><\/h3>\n<ul>\n<li>\ud83c\udf0b <strong>Pico Viejo<\/strong>: Pasigro\u017e\u0117kite \u012fkvepian\u010diu Pico Viejo gro\u017eiu. \u0160is \u017eymusis ugnikalnis, \u017einomas d\u0117l savo \u012fsp\u016bdingo \u012fvairiaspalvio 800 metr\u0173 skersmens kraterio, yra nepakartojamas reginys, i\u0161 kurio atsiveria nepakartojami vaizdai ir ry\u0161kus gamtos meistri\u0161kumo demonstravimas.<\/li>\n<li>\ud83c\udfdc\ufe0f <strong>Roques de Garc\u00eda<\/strong>: Gro\u017e\u0117kit\u0117s Roques de Garc\u00eda - auk\u0161tomis uolomis, kurios skrod\u017eia dang\u0173 vir\u0161 Teid\u0117s nacionalinio parko. \u0160ios savitos strukt\u016bros, suformuotos i\u0161 skirting\u0173 med\u017eiag\u0173 sluoksni\u0173, yra viena unikaliausi\u0173 kelion\u0117s lankytin\u0173 viet\u0173.<\/li>\n<li>\ud83c\udf04 <strong>Aripe ir Chirche<\/strong>: Pasivaik\u0161\u010diokite \u017eaviomis Aripe ir Chirche gatvel\u0117mis, kurios pasi\u017eymi originalia XVIII-XIX a. architekt\u016bra. Pajuskite autenti\u0161k\u0105 Tenerif\u0117s kaimo gyvenim\u0105 gamtos ir ramyb\u0117s apsuptyje.<\/li>\n<li>\ud83c\udfde\ufe0f <strong>Teid\u0117s nacionalinis parkas<\/strong>: Pa\u017einkite \u012f UNESCO pasaulio paveldo s\u0105ra\u0161\u0105 \u012ftraukt\u0105 Teid\u0117s nacionalin\u012f park\u0105 - gamtos stebukl\u0105, kuriame dominuoja didingas Teid\u0117s kalnas. D\u0117l savo spalv\u0173 \u012fvairov\u0117s, gyv\u016bnijos ir augalijos bei siurrealistinio kra\u0161tovaizd\u017eio parkas yra pagrindinis m\u016bs\u0173 ekskursijos objektas.<\/li>\n<li>\ud83c\udf32 <strong>Vilaflor<\/strong>: Aplankykite Vilaflor\u0105, \u012fsik\u016brus\u012f tarp pu\u0161\u0173 netoli ugnikalnio vir\u0161\u016bn\u0117s. Atraskite ramyb\u0119, kuri\u0105 suteikia gyvenimas tokiame auk\u0161tyje, m\u0117gaukit\u0117s \u0161variu oru ir nuostabiais nacionalinio parko vaizdais.<\/li>\n<li>\ud83c\udfde\ufe0f <strong>Masca<\/strong>: Susi\u017eav\u0117kite Masca - vienu vaizdingiausi\u0173 Tenerif\u0117s kaimeli\u0173, \u012fk\u016bnijan\u010di\u0173 Kanar\u0173 gamtos architekt\u016br\u0105. M\u016bs\u0173 ekskursija suteiks jums galimyb\u0119 i\u0161 pirm\u0173 l\u016bp\u0173 susipa\u017einti su \u0161ia \u017eavinga vietove.<\/li>\n<\/ul>\n<h3><strong>I\u0161samesn\u0117 informacija apie tur\u0105:<\/strong><\/h3>\n<ul>\n<li>\ud83d\ude99 <strong>Transporto priemon\u0117s ir transportas:<\/strong> M\u016bs\u0173 keturiais ratais varomais d\u017eipais \u012fveikite at\u0161iaurias vietoves ir patirkite patog\u0173 ir jaudinant\u012f nuotyk\u012f. \u012e keliones, kuri\u0173 metu keliaujama tarp sal\u0173, \u012fskai\u010diuotas persik\u0117limas keltu, tod\u0117l kelion\u0117s bus skland\u017eios.<\/li>\n<li>\ud83d\udc65 <strong>Ma\u017eos grup\u0117s garantija:<\/strong> M\u0117gaukit\u0117s labiau individualizuotais nuotykiais ma\u017eose grup\u0117se, kuriose viename d\u017eipe gali b\u016bti ne daugiau kaip 8 keleiviai, \u012fskaitant vairuotoj\u0105.<\/li>\n<li>\ud83d\udd12 <strong>Galimas privatus variantas:<\/strong> Jei norite patirti i\u0161skirtin\u0119 patirt\u012f, rinkit\u0117s VIP arba priva\u010di\u0105 ekskursij\u0105, kurios metu gal\u0117site pasirinkti kelion\u0117s palydovus.<\/li>\n<li>\ud83d\udd01 <strong>\u012etraukusis transportas:<\/strong> Si\u016blome patogias pa\u0117mimo ir i\u0161ve\u017eimo paslaugas i\u0161 j\u016bs\u0173 apgyvendinimo vietos arba netoliese esan\u010dio punkto, tod\u0117l nuo pat prad\u017ei\u0173 iki galo gal\u0117site be vargo keliauti.<\/li>\n<\/ul>\n<h3><strong>I\u0161sami kelioni\u0173 informacija:<\/strong><\/h3>\n<ul>\n<li>\ud83d\udd58 <strong>Trukm\u0117 ir laikas:<\/strong> Ekskursija trunka ma\u017edaug 7 valandas, trunka nuo 9:00 iki 16:00 val. ir leid\u017eia jums visi\u0161kai pasinerti \u012f Tenerif\u0117s gro\u017e\u012f.<\/li>\n<li>\ud83d\uddd3\ufe0f <strong>Galimos dienos:<\/strong> Leiskit\u0117s \u012f \u0161\u012f nuotyk\u012f nuo pirmadienio iki \u0161e\u0161tadienio, nes si\u016blome lanks\u010dias galimybes, kad gal\u0117tum\u0117te prisitaikyti prie savo tvarkara\u0161\u010dio.<\/li>\n<li>\ud83c\udf0d <strong>Si\u016blomos kalbos:<\/strong> M\u016bs\u0173 ekskursijos vyksta keliomis kalbomis, \u012fskaitant ispan\u0173, angl\u0173, vokie\u010di\u0173, pranc\u016bz\u0173, ital\u0173, oland\u0173 ir lenk\u0173, ir yra skirtos viso pasaulio auditorijai.<\/li>\n<\/ul>\n<h3><strong>Atnaujinta u\u017esakymo ir at\u0161aukimo politika:<\/strong><\/h3>\n<ul>\n<li>\ud83d\udd04 <strong>Lankstus at\u0161aukimas:<\/strong> Suprantame, kad planai gali pasikeisti, tod\u0117l si\u016blome galimyb\u0119 at\u0161aukti arba perkelti ekskursij\u0105 prie\u0161 24 valandas, kad b\u016btum\u0117te ram\u016bs.<\/li>\n<li>\u26c5 <strong>Or\u0173 garantija:<\/strong> Jei d\u0117l nepalanki\u0173 oro s\u0105lyg\u0173 tekt\u0173 at\u0161aukti ekskursij\u0105, turite galimyb\u0119 j\u0105 perkelti \u012f kit\u0105 dat\u0105 arba atgauti vis\u0105 sumok\u0117t\u0105 sum\u0105, kad u\u017esakymas nekelt\u0173 r\u016bpes\u010di\u0173.<\/li>\n<li>\ud83d\udce9 <strong>Lengvas susisiekimas:<\/strong> Jei norite gauti bet koki\u0173 u\u017eklaus\u0173 ar patikslinim\u0173, tiesiog <a href=\"https:\/\/canaryvip.com\/lt\/contact\/\">susisiekite su mumis<\/a>ir mes u\u017etikrinsime, kad j\u016bs\u0173 poreikiai b\u016bt\u0173 patenkinti.<\/li>\n<\/ul>\n<h4><strong>Rezervuokite savo Tenerif\u0117s d\u017eip\u0173 nuotykius dabar!<\/strong><\/h4>\n<p>Nepraleiskite \u0161ios nepakartojamos progos kartu su CanaryVIP tyrin\u0117ti Tenerif\u0117s gro\u017e\u012f. Nuo vulkanin\u0117s didyb\u0117s <a href=\"https:\/\/canaryvip.com\/lt\/discover-the-teide-the-ultimate-guide-iconic-volcano\/\">Teid\u0117s nacionalinis parkas<\/a> \u012f istorin\u012f Maskos \u017eaves\u012f ir dar toliau - leiskit\u0117s \u012f kelion\u0119, kupin\u0105 gro\u017eio, nuotyki\u0173 ir pasakojim\u0173, kurie tik ir laukia b\u016bti atrasti.<\/p>","protected":false},"excerpt":{"rendered":"<p><strong>\ud83d\udd0d Ekskursijos svarbiausi \u012fvykiai:<\/strong><br \/>\n\u2705 Saugus mok\u0117jimas.<br \/>\n\ud83d\uddfb Aplankykite Teid\u0117s nacionalin\u012f park\u0105.<br \/>\n\ud83d\udee4\ufe0f Apsilankykite Maskos kaime.<br \/>\n\u23f0 Trukm\u0117 Apie 7 val.<br \/>\n\ud83d\udcc5 Nuo pirmadienio iki \u0161e\u0161tadienio.<br \/>\n\ud83d\ude8c Pasitikimas vie\u0161butyje ir i\u0161laipinimas.<br \/>\n\ud83d\udd04 24 val. nemokamas at\u0161aukimas.<br \/>\n\ud83e\udd11 Garantuojama geriausia kaina.<br \/>\n\ud83c\udf81 Galimos grupin\u0117s nuolaidos.<br \/>\n\ud83c\udf0d Parama keliomis kalbomis.<br \/>\n\ud83c\udf1f Rezervuokite dabar ir sutaupykite!<\/p>","protected":false},"featured_media":11145,"comment_status":"open","ping_status":"closed","template":"","meta":{"_acf_changed":false},"product_brand":[],"product_cat":[67],"product_tag":[],"class_list":{"0":"post-11043","1":"product","2":"type-product","3":"status-publish","4":"has-post-thumbnail","6":"product_cat-jeep-tours","7":"wcpa_has_options","9":"first","10":"instock","11":"virtual","12":"purchasable","13":"product-type-simple"},"acf":[],"wcpa_form_fields":{"wcpaData":{"product":{"product_price":66,"price_html":"From&nbsp;<span class=\"woocommerce-Price-amount amount\"><bdi>66,00&nbsp;<span class=\"woocommerce-Price-currencySymbol\">&euro;<\/span><\/bdi><\/span>","original_product_price":66,"price_including_tax":66,"price_excluding_tax":66,"product_id":{"parent":11043,"variation":false},"is_variable":false,"stock_status":"instock","stock_quantity":null,"parent_sku":"CV11043","product_attributes":[],"custom_fields":[],"is_taxable":false,"product_name":"Teide & Masca Jeep Safari Tenerife","hasImage":false},"fields":{"sec_2661916538e0c2":{"extra":{"key":"sec_2661916538e0c2","section_id":"sec_2661916538e0c2","name":"Tickets","status":1,"cl_rule":"show","enableCl":false,"relations":[{"operator":false,"rules":[{"operator":"AND","rules":{"cl_field":"radio-group_665df45fcbc30b","cl_relation":"is","cl_val":"Siam Park Regular Tickets"}}]}],"toggle":true,"title_tag":"h4","show_title":false,"showPrice":"default","form_id":11191,"form_rules":{"exclude_from_discount":true,"fee_label":"Fee","disp_hide_options_price":true,"disp_show_section_price":false,"disp_show_field_price":true,"layout_option":"standard","pric_use_as_fee":false,"process_fee_as":"woo_fee"},"layout_option":"standard"},"fields":[[{"active":true,"col":6,"relations":false,"cl_rule":"show","enableCl":false,"price":"","enablePrice":false,"className":"","label_position":"default","desc_position":"default","type":"select","required":true,"elementId":"select_9661916538e0e4","label":"\ud83c\udf0e Language","name":"select_9661916538e0e4","values":[{"label":"English","value":"English","selected":false,"tempId":"aco_1213","gt_translate_keys":["label"]},{"label":"Dutch","value":"Dutch","selected":false,"tempId":"aco_693","gt_translate_keys":["label"]},{"label":"German","value":"German","selected":false,"tempId":"aco_1567","gt_translate_keys":["label"]},{"label":"French","value":"French","selected":false,"tempId":"aco_1215","gt_translate_keys":["label"]},{"label":"Polish","value":"Polish","selected":false,"tempId":"aco_1212","gt_translate_keys":["label"]},{"label":"Italian","value":"Italian","selected":false,"tempId":"aco_611","gt_translate_keys":["label"]},{"label":"Spanish","value":"Spanish","selected":false,"tempId":"aco_1214","gt_translate_keys":["label"]}],"dropdown_type":"basic","error":false,"placeholder":"Select Language","gt_translate_keys":["label","placeholder"],"price_dependency":false,"cl_dependency":["date_8661916538e0f2","date_8661916538e0f2","date_8661916538e0f2","date_8661916538e0f2","date_6661916538e0fc","date_1661916538e106","date_8661916538e10f","radio-group_10661916538e130","radio-group-3329476112","radio-group_2661916538e13c","radio-group-3332331927","radio-group_6661916538e147"],"value":""}],[{"label":"\ud83d\udcc5 Date","active":true,"required":true,"elementId":"date_8661916538e0f2","picker_type":"custom","picker_mode":"single","placeholder":"","description":"","tooltip":"","name":"date_8661916538e0f2","label_position":"default","desc_position":"default","enablePrice":false,"className":"","enableCl":true,"relations":[{"operator":"and","rules":[{"operator":"or","rules":{"cl_field":"select_9661916538e0e4","cl_relation":"is","cl_val":"Dutch"}},{"operator":"or","rules":{"cl_field":"select_9661916538e0e4","cl_relation":"is","cl_val":"German"}},{"operator":"or","rules":{"cl_field":"select_9661916538e0e4","cl_relation":"is","cl_val":"French"}},{"operator":"AND","rules":{"cl_field":"select_9661916538e0e4","cl_relation":"is","cl_val":"English"}}]}],"date_pic_inline":true,"date_pic_inline_hide":true,"min_date":{"type":"days","val":"4"},"max_date":{"type":"days","val":"80"},"date_pic_conf":{"disabledWeeks":[0],"disabledDates":["2025-04-11"]},"price":"","cl_rule":"show","col":6,"type":"date","error":false,"enableDesign":false,"LabelColor":"","isWeightTemplate":false,"isTemplate":false,"min_quantity":"1","quantity_decimal":false,"quantity_step":"1","quantity_label":"Quantity","repeater_field_label":"{field_label}","repeater_bind":"","gt_translate_keys":["label","placeholder","description","tooltip","repeater_field_label","quantity_label"],"price_dependency":false,"cl_dependency":false,"value":""}],[{"label":"\ud83d\udcc5 Date","active":true,"required":true,"elementId":"date_6661916538e0fc","picker_type":"custom","picker_mode":"single","placeholder":"","description":"","tooltip":"","name":"date_6661916538e0fc","label_position":"default","desc_position":"default","enablePrice":false,"className":"","enableCl":true,"relations":[{"operator":"and","rules":[{"operator":false,"rules":{"cl_field":"select_9661916538e0e4","cl_relation":"is","cl_val":"Spanish"}}]}],"enableDesign":false,"LabelColor":"","date_pic_inline":true,"date_pic_inline_hide":true,"min_date":{"type":"days","val":"4"},"max_date":{"type":"days","val":"365"},"date_pic_conf":{"disabledWeeks":[0,1,3,5,6]},"price":"","cl_rule":"show","col":6,"type":"date","error":false,"isWeightTemplate":false,"isTemplate":false,"min_quantity":"1","quantity_decimal":false,"quantity_step":"1","quantity_label":"Quantity","repeater_field_label":"{field_label}","repeater_bind":"","gt_translate_keys":["label","placeholder","description","tooltip","repeater_field_label","quantity_label"],"price_dependency":false,"cl_dependency":false,"value":""}],[{"label":"\ud83d\udcc5 Date","active":true,"required":true,"elementId":"date_1661916538e106","picker_type":"custom","picker_mode":"single","placeholder":"","description":"","tooltip":"","name":"date_1661916538e106","label_position":"default","desc_position":"default","enablePrice":false,"className":"","enableCl":true,"relations":[{"operator":"and","rules":[{"operator":false,"rules":{"cl_field":"select_9661916538e0e4","cl_relation":"is","cl_val":"Polish"}}]}],"enableDesign":false,"LabelColor":"","date_pic_inline":true,"date_pic_inline_hide":true,"min_date":{"type":"days","val":"4"},"max_date":{"type":"days","val":"365"},"date_pic_conf":{"disabledWeeks":[0,1,3,4,5,6]},"price":"","cl_rule":"show","col":6,"type":"date","error":false,"isWeightTemplate":false,"isTemplate":false,"min_quantity":"1","quantity_decimal":false,"quantity_step":"1","quantity_label":"Quantity","repeater_field_label":"{field_label}","repeater_bind":"","gt_translate_keys":["label","placeholder","description","tooltip","repeater_field_label","quantity_label"],"price_dependency":false,"cl_dependency":false,"value":""}],[{"label":"\ud83d\udcc5 Date","active":true,"required":true,"elementId":"date_8661916538e10f","picker_type":"custom","picker_mode":"single","placeholder":"","description":"","tooltip":"","name":"date_8661916538e10f","label_position":"default","desc_position":"default","enablePrice":false,"className":"","enableCl":true,"relations":[{"operator":"and","rules":[{"operator":false,"rules":{"cl_field":"select_9661916538e0e4","cl_relation":"is","cl_val":"Italian"}}]}],"enableDesign":false,"LabelColor":"","date_pic_inline":true,"date_pic_inline_hide":true,"min_date":{"type":"days","val":"4"},"max_date":{"type":"days","val":"365"},"date_pic_conf":{"disabledWeeks":[0,1,2,5,4]},"price":"","cl_rule":"show","col":6,"type":"date","error":false,"isWeightTemplate":false,"isTemplate":false,"min_quantity":"1","quantity_decimal":false,"quantity_step":"1","quantity_label":"Quantity","repeater_field_label":"{field_label}","repeater_bind":"","gt_translate_keys":["label","placeholder","description","tooltip","repeater_field_label","quantity_label"],"price_dependency":false,"cl_dependency":false,"value":""}],[{"elementId":"separator_7661916538e11a","separatorType":"blank","className":"","height":"10","enableCl":false,"relations":false,"cl_rule":"show","col":6,"type":"separator","gt_translate_keys":[],"price_dependency":false,"cl_dependency":false,"value":""}],[{"active":true,"col":6,"relations":[{"operator":false,"rules":[{"operator":"AND","rules":{"cl_field":"select_9661916538e0e4","cl_relation":"is_not","cl_val":"Polish"}}]}],"cl_rule":"show","enableCl":true,"price":"66","enablePrice":true,"className":"","label_position":"default","desc_position":"default","type":"radio-group","required":false,"elementId":"radio-group_10661916538e130","label":"","name":"radio-group_10661916538e130","values":[{"label":"\ud83d\udc64 Adult (66\u20ac)","value":"Adult","selected":true,"tempId":"aco_32","tooltip":"+12 Years","description":"","gt_translate_keys":["label","tooltip","description"]}],"layOut":"","error":false,"checkUi":"button","priceOptions":"fixed_for_all","pricingType":"fixed","enable_quantity":true,"quantity_label":"","min_quantity":"0","options_tooltip":true,"options_description":true,"gt_translate_keys":["label","quantity_label"],"price_dependency":false,"cl_dependency":false,"value":""}],[{"label":"","active":true,"required":false,"elementId":"radio-group-3329476112","name":"radio-group-3329476112","label_position":"default","desc_position":"default","enablePrice":true,"className":"","enableCl":true,"relations":[{"operator":false,"rules":[{"operator":"AND","rules":{"cl_field":"select_9661916538e0e4","cl_relation":"is","cl_val":"Polish"}}]}],"enable_quantity":true,"quantity_label":"","min_quantity":"0","checkUi":"button","layOut":"","options_tooltip":true,"options_description":true,"values":[{"label":"\ud83d\udc64 Adult (70\u20ac)","value":"Adult","selected":true,"tempId":"aco_32","tooltip":"+12 Years","description":"","gt_translate_keys":["label","tooltip","description"]}],"priceOptions":"fixed_for_all","pricingType":"fixed","price":"70","cl_rule":"show","col":6,"type":"radio-group","error":false,"gt_translate_keys":["label","quantity_label"],"price_dependency":false,"cl_dependency":false,"value":""}],[{"label":"","active":true,"required":false,"elementId":"radio-group_2661916538e13c","name":"radio-group_2661916538e13c","label_position":"default","desc_position":"default","enablePrice":true,"className":"","enableCl":true,"relations":[{"operator":false,"rules":[{"operator":"AND","rules":{"cl_field":"select_9661916538e0e4","cl_relation":"is_not","cl_val":"Polish"}}]}],"enable_quantity":true,"quantity_label":"","min_quantity":"0","checkUi":"button","layOut":"","values":[{"label":"\ud83d\udc66 Child (52\u20ac)","value":"Child","selected":true,"tempId":"aco_32","tooltip":"3-11 Years","description":"","gt_translate_keys":["label","tooltip","description"]}],"priceOptions":"fixed_for_all","pricingType":"fixed","price":"52","cl_rule":"show","col":6,"type":"radio-group","error":false,"options_tooltip":true,"options_description":true,"gt_translate_keys":["label","quantity_label"],"price_dependency":false,"cl_dependency":false,"value":""}],[{"label":"","active":true,"required":false,"elementId":"radio-group-3332331927","name":"radio-group-3332331927","label_position":"default","desc_position":"default","enablePrice":true,"className":"","enableCl":true,"relations":[{"operator":false,"rules":[{"operator":"AND","rules":{"cl_field":"select_9661916538e0e4","cl_relation":"is","cl_val":"Polish"}}]}],"enable_quantity":true,"quantity_label":"","min_quantity":"0","checkUi":"button","layOut":"","options_tooltip":true,"options_description":true,"values":[{"label":"\ud83d\udc66 Child (55\u20ac)","value":"Child","selected":true,"tempId":"aco_32","tooltip":"3-11 Years","description":"","gt_translate_keys":["label","tooltip","description"]}],"priceOptions":"fixed_for_all","pricingType":"fixed","price":"55","cl_rule":"show","col":6,"type":"radio-group","error":false,"gt_translate_keys":["label","quantity_label"],"price_dependency":false,"cl_dependency":false,"value":""}],[{"label":"","active":true,"required":false,"elementId":"radio-group_6661916538e147","name":"radio-group_6661916538e147","label_position":"default","desc_position":"default","enablePrice":true,"className":"","enableCl":true,"relations":[{"operator":false,"rules":[{"operator":"AND","rules":{"cl_field":"select_9661916538e0e4","cl_relation":"is_not_empty","cl_val":""}}]}],"enable_quantity":true,"quantity_label":"","min_quantity":"0","checkUi":"button","layOut":"","options_tooltip":true,"options_description":true,"values":[{"label":"\ud83d\udc76 Toddler (Free)","value":"Toddler","selected":true,"tempId":"aco_32","tooltip":"0-2 Years","description":"","gt_translate_keys":["label","tooltip","description"]}],"priceOptions":"fixed_for_all","pricingType":"fixed","price":"0","cl_rule":"show","col":6,"type":"radio-group","error":false,"gt_translate_keys":["label","quantity_label"],"price_dependency":false,"cl_dependency":false,"value":""}],[{"active":true,"col":6,"relations":false,"cl_rule":"show","enableCl":false,"price":"","enablePrice":false,"className":"","label_position":"default","desc_position":"default","type":"separator","required":false,"elementId":"separator_6661916538e151","label":"Separator Field","height":"7","separatorType":"blank","error":false,"gt_translate_keys":["label"],"price_dependency":false,"cl_dependency":false,"value":""}],[{"active":true,"col":6,"relations":false,"cl_rule":"show","enableCl":false,"price":"","enablePrice":false,"className":"","label_position":"default","desc_position":"default","type":"text","subtype":"text","required":false,"elementId":"text_4661916538e15b","label":"\ud83d\ude8c Pickup Location","name":"text_4661916538e15b","value":"","description":"Free pick-up service in Tenerife South. Simply provide your address or hotel name.","error":false,"gt_translate_keys":["label","description","value"],"price_dependency":false,"cl_dependency":false}]]}},"config":{"price_override":"always","enable_recaptcha":false,"bind_quantity":false,"quantity_bind_formula":false,"disp_summ_show_option_price":true,"disp_summ_show_product_price":false,"disp_summ_show_total_price":true,"disp_summ_show_fee":true,"disp_summ_show_discount":true,"summary_title":"","options_total_label":"Options Price","total_label":"Total Amount","options_product_label":"Product Price","fee_label":"Fee","discount_label":"Discount","has_price":true,"has_quantity_formula":false},"mc_unit":1,"tax_rate":1,"tax_rate_real":1,"discount":{"percentage":0,"fixed":0},"design":{"conf":{"LabelPosition":"above","DescPosition":"above","UploadField":"custom_1","QuantityFieldStyle":"custom_1"},"css":{"LeftLabelWidth":"120px"}},"formulas":[],"lookuptables":[],"clones":false,"cartKey":false}},"_links":{"self":[{"href":"https:\/\/canaryvip.com\/lt\/wp-json\/wp\/v2\/product\/11043","targetHints":{"allow":["GET"]}}],"collection":[{"href":"https:\/\/canaryvip.com\/lt\/wp-json\/wp\/v2\/product"}],"about":[{"href":"https:\/\/canaryvip.com\/lt\/wp-json\/wp\/v2\/types\/product"}],"replies":[{"embeddable":true,"href":"https:\/\/canaryvip.com\/lt\/wp-json\/wp\/v2\/comments?post=11043"}],"wp:featuredmedia":[{"embeddable":true,"href":"https:\/\/canaryvip.com\/lt\/wp-json\/wp\/v2\/media\/11145"}],"wp:attachment":[{"href":"https:\/\/canaryvip.com\/lt\/wp-json\/wp\/v2\/media?parent=11043"}],"wp:term":[{"taxonomy":"product_brand","embeddable":true,"href":"https:\/\/canaryvip.com\/lt\/wp-json\/wp\/v2\/product_brand?post=11043"},{"taxonomy":"product_cat","embeddable":true,"href":"https:\/\/canaryvip.com\/lt\/wp-json\/wp\/v2\/product_cat?post=11043"},{"taxonomy":"product_tag","embeddable":true,"href":"https:\/\/canaryvip.com\/lt\/wp-json\/wp\/v2\/product_tag?post=11043"}],"curies":[{"name":"wp","href":"https:\/\/api.w.org\/{rel}","templated":true}]}}