{"id":10904,"date":"2024-04-08T11:19:03","date_gmt":"2024-04-08T10:19:03","guid":{"rendered":"https:\/\/canaryvip.com\/?post_type=product&#038;p=10904"},"modified":"2025-06-28T21:05:29","modified_gmt":"2025-06-28T20:05:29","slug":"rent-boat-saxdor-200-with-license","status":"publish","type":"product","link":"https:\/\/canaryvip.com\/lt\/shop\/rent-boat-saxdor-200-with-license\/","title":{"rendered":"Val\u010di\u0173 nuoma Saxdor 200 su licencija Tenerif\u0117"},"content":{"rendered":"<h2>\ud83d\udea4 \"Saxdor 200\" nuoma su licencija CanaryVIP<\/h2>\n<p><strong>Perimkite j\u016brinio nuotykio vair\u0105 su CanaryVIP:<\/strong> \"Saxdor 200\" - i\u0161skirtinis atviras laivas, kuriame modernus dizainas dera su galimybe plaukioti vis\u0105 dien\u0105, - gali b\u016bti j\u016bs\u0173 pa\u010di\u0173 dienos j\u016broje vadas.<\/p>\n<p>\u0160is 2023 m. gim\u0119s ir eleganti\u0161kas 6 m ilgio laivas puikiai tinka tiems, kurie nori stilingai ir lengvai plaukioti Tenerif\u0117s vandenyse.<br \/>\nI\u0161plaukimas i\u0161 vaizdingo <a href=\"https:\/\/maps.app.goo.gl\/F7XZ1rpbWXBTYFND9\" target=\"_blank\" rel=\"noopener\">Los Gigantes,<\/a> . <strong>\"Saxdor 200\" su licencija<\/strong>\u00a0Tai i\u0161skirtin\u0117 galimyb\u0117 atrasti pasl\u0117ptas \u012flankas, pasim\u0117gauti saule ant denio arba pasim\u0117gauti pietumis laive tarp \u017eydr\u0173 Atlanto vandenyno bang\u0173.<\/p>\n<p><strong>Eleganti\u0161kas ir efektyvus laivas:<\/strong>\u00a0\"Saxdor 200\" sukurtas siekiant tobulumo, nes turi 115 AG varikl\u012f, kuris precizi\u0161kai slysta vandeniu. \u0160is laivas, kuriame telpa 6 keleiviai ir kurio degal\u0173 bakas paruo\u0161tas nuotykiams, yra j\u016bs\u0173 vartai \u012f piet\u0173 Tenerif\u0117s lobius.<\/p>\n<h3>\ud83d\udea4 Saxdor 200 Tenerif\u0117: J\u016bs\u0173 diena, j\u016bs\u0173 b\u016bdas<\/h3>\n<ul>\n<li><strong>Sud\u0117tingas dizainas:<\/strong> M\u0117gaukit\u0117s prabanga pilotuodami 2023 m. \"Saxdor 200\", gars\u0117jant\u012f stilinga i\u0161vaizda ir patogiomis s\u0117dyn\u0117mis.<\/li>\n<li><strong>Nepamir\u0161tami vaizdai:<\/strong> Keliaukite link garsi\u0173j\u0173 Maskos ir Los Giganteso uol\u0173, kur nat\u016bralioje aplinkoje klesti j\u016bros gyv\u016bnija.<\/li>\n<li><strong>Nuo\u0161al\u016bs plaukimai:<\/strong> \u012esikurkite ramiose \u012flankose, kuriose puikiai tinka maudytis, nardyti ar tiesiog kaitintis saul\u0117je.<\/li>\n<li><strong>Malonumai laive:<\/strong> Nuomos metu gal\u0117site laisvai m\u0117gautis maistu ant vandens, o kulinariniai malonumai dar labiau sustiprins j\u016bs\u0173 patirt\u012f.<\/li>\n<li><strong>Sklandus buriavimas:<\/strong> D\u0117l galingo variklio ir patogaus valdymo \"Saxdor 200\" u\u017etikrina skland\u017ei\u0105 kelion\u0119 per bangas.<\/li>\n<\/ul>\n<h3>\u2728 I\u0161sami informacija apie \"Saxdor 200\" nuom\u0105<\/h3>\n<p><strong>Jums pritaikyta patirtis:<\/strong> M\u016bs\u0173 \"Saxdor 200\", talpinantis iki 6 sve\u010di\u0173, pritaikytas bet kokiai progai, nesvarbu, ar tai b\u016bt\u0173 intymi dienos kelion\u0117 dviese, ar nuotaikinga i\u0161vyka su draugais. Kiekvien\u0105 kart\u0105 i\u0161sinuomojus laiv\u0105, gausite i\u0161samius nurodymus, kad laikas j\u016broje b\u016bt\u0173 saugus ir malonus.<\/p>\n<p><strong>Nuoma, pritaikyta visiems:<\/strong> Puikiai tinkantis \u0161eimoms, grup\u0117ms ar pavieniams nuotyki\u0173 ie\u0161kotojams, \"Saxdor 200 with License\" \u017eada neprilygstam\u0105 prabangos ir nuotyki\u0173 derin\u012f, kur\u012f papildo nuostabus Tenerif\u0117s pakrant\u0117s fonas.<\/p>\n<h3>\ud83d\udea4 Pasiruo\u0161imas \"Saxdor 200\" kelionei<\/h3>\n<p>Pasiruo\u0161kite i\u0161skirtinei dienai prie vandens su b\u016btiniausiais daiktais, tokiais kaip maudymosi kostium\u0117liai ir kremas nuo saul\u0117s. Suteikiame vis\u0105 reikaling\u0105 navigacijos \u012frang\u0105, tod\u0117l gal\u0117site susitelkti \u012f tyrin\u0117jim\u0105 ir buriavimo d\u017eiaugsm\u0105.<\/p>\n<p>Pasir\u016bpinkite fotoaparatu, kad gal\u0117tum\u0117te \u012fam\u017einti Tenerif\u0117s pakran\u010di\u0173 gro\u017e\u012f ir po bangomis \u0161okan\u010di\u0105 j\u016bros gyvyb\u0119. Su CanaryVIP kiekviena akimirka laive \"Saxdor 200\" turi b\u016bti \u012fsimintina.<\/p>\n<h3>\ud83d\ude99 \u012elaipinimo vieta ir automobili\u0173 stov\u0117jimo aik\u0161tel\u0117<\/h3>\n<p><strong>I\u0161vykti i\u0161 <a href=\"https:\/\/maps.app.goo.gl\/F7XZ1rpbWXBTYFND9\" target=\"_blank\" rel=\"noopener\">Los Gigantes<\/a>:<\/strong> J\u016bs\u0173 j\u016brinis nuotykis prasideda <strong>Puerto de Los Gigantes.<\/strong> Patogioje automobili\u0173 stov\u0117jimo aik\u0161tel\u0117je uoste ekskursija prasideda be streso. Rekomenduojame atvykti \u0161iek tiek anks\u010diau, kad i\u0161vykimas vykt\u0173 skland\u017eiai.<\/p>\n<h3>\ud83d\udea4 Taip pat galima \u012fsigyti: Kompaso 160e nuoma be licencijos<\/h3>\n<p>Tiems, kurie nori laisvesnio buriavimo, si\u016blome<strong> <a href=\"https:\/\/canaryvip.com\/lt\/shop\/rent-boat-compass-160e-without-license\/\">\"Compass 160e\",<\/a><\/strong> galima i\u0161sinuomoti valt\u012f be licencijos. \u0160i galimyb\u0117 puikiai tinka nuotyki\u0173 ie\u0161kotojams, norintiems patiems pasiplaukioti po nuostabius Tenerif\u0117s vandenis.<\/p>\n<p>I\u0161plaukite i\u0161 tos pa\u010dios patogios vietos Puerto de Los Gigantes ir atraskite j\u016bros laisv\u0119 be plaukiojimo licencijos. Nesvarbu, ar norite tyrin\u0117ti nuo\u0161alias \u012flank\u0117les, ar tiesiog m\u0117gautis atviru vandeniu savo tempu, \"Compass 160e\" yra patikimas ir stilingas pasirinkimas.<\/p>\n<h3>\ud83c\udf1f CanaryVIP \u012fsipareigojimas Jums<\/h3>\n<p>\"CanaryVIP\" j\u016bs\u0173 pasitenkinimas yra m\u016bs\u0173 did\u017eiausias r\u016bpestis. M\u0117gaukit\u0117s lanks\u010diomis at\u0161aukimo taisykl\u0117mis, u\u017etikrinan\u010diomis ramyb\u0119 u\u017esakant \"Saxdor 200\" nuom\u0105. Esame pasiry\u017e\u0119 pasi\u016blyti nepaprast\u0105 patirt\u012f, kuri\u0105 pabr\u0117\u017eia kruop\u0161tus d\u0117mesys saugumui ir aistra dalytis Tenerif\u0117s j\u016br\u0173 gro\u017eiu.<\/p>\n<p>Leiskit\u0117s \u012f atradim\u0173 kelion\u0119 su <strong>\"Saxdor 200\" su licencija,<\/strong>\u00a0, plaukiojant po didingus Tenerif\u0117s vandenis ir atrandant pasl\u0117ptus brangakmenius Tenerif\u0117s pakrant\u0117je. <strong>Los Gigantes.<\/strong><\/p>\n<p>U\u017esisakykite dabar ir leiskit\u0117s \u012f i\u0161skirtin\u012f j\u016brin\u012f nuotyk\u012f, kuriame dera laisv\u0117, prabanga ir Kanar\u0173 sal\u0173 gamtos gro\u017eis.<\/p>","protected":false},"excerpt":{"rendered":"<p><strong>\ud83d\udd0d No Worries chartija:<\/strong><br \/>\n\u2705 Saugus mok\u0117jimas.<br \/>\n\ud83e\udeaa Reikalinga valties licencija.<br \/>\n\ud83d\udee5\ufe0f 6 m ilgio valtis.<br \/>\n\u23f3 3-8 val. kasdien\u0117 nuoma.<br \/>\n\ud83d\udd59 Pritaikomas i\u0161vykimo laikas.<br \/>\n\ud83d\udc65 Iki 6 sve\u010di\u0173.<br \/>\n\ud83e\udd3f Snorkeliavimo \u012franga suteikiama.<br \/>\n\ud83e\udd11 Garantuojama geriausia kaina.<br \/>\n\ud83d\udc6a Suaktyvintos nuolaidos.<br \/>\n\ud83d\udd01 At\u0161aukimas iki 4 dien\u0173.<br \/>\n\ud83c\udf0d Daugiakalb\u0117 \u012fgula.<br \/>\n\ud83c\udf1f U\u017esisakykite anks\u010diau ir sutaupykite!<br \/>\n\ud83d\udccd I\u0161vykimas i\u0161\u00a0<a href=\"https:\/\/maps.app.goo.gl\/F7XZ1rpbWXBTYFND9\">Los Gigantes<\/a>.<\/p>","protected":false},"featured_media":11029,"comment_status":"open","ping_status":"closed","template":"","meta":{"_acf_changed":false},"product_brand":[],"product_cat":[130],"product_tag":[],"class_list":{"0":"post-10904","1":"product","2":"type-product","3":"status-publish","4":"has-post-thumbnail","6":"product_cat-self-drive-boat-hire","7":"wcpa_has_options","9":"first","10":"instock","11":"virtual","12":"purchasable","13":"product-type-simple"},"acf":[],"wcpa_form_fields":{"wcpaData":{"product":{"product_price":300,"price_html":"From&nbsp;<span class=\"woocommerce-Price-amount amount\"><bdi>300,00&nbsp;<span class=\"woocommerce-Price-currencySymbol\">&euro;<\/span><\/bdi><\/span>","original_product_price":300,"price_including_tax":300,"price_excluding_tax":300,"product_id":{"parent":10904,"variation":false},"is_variable":false,"stock_status":"instock","stock_quantity":null,"parent_sku":"CV10904","product_attributes":[],"custom_fields":[],"is_taxable":false,"product_name":"Rent Boat Saxdor 200 with License Tenerife","hasImage":false},"fields":{"sec_4668282996d361":{"extra":{"key":"sec_4668282996d361","section_id":"sec_4668282996d361","name":"Contact us","status":1,"cl_rule":"show","enableCl":false,"relations":[],"toggle":true,"title_tag":"h3","show_title":false,"showPrice":"default","form_id":12153,"form_rules":{"exclude_from_discount":true,"fee_label":"Fee","disp_hide_options_price":true,"disp_show_section_price":false,"disp_show_field_price":true,"layout_option":"standard","pric_use_as_fee":false,"process_fee_as":"woo_fee"},"layout_option":"standard"},"fields":[[{"active":true,"col":6,"relations":false,"cl_rule":"show","enableCl":false,"price":"","enablePrice":false,"className":"","label_position":"default","desc_position":"default","type":"content","required":false,"elementId":"content_8291538701","label":"","name":"content_8291538701","contentType":"rich","value":"<p><a href=\"https:\/\/api.whatsapp.com\/send\/?phone=34629670312&amp;text&amp;type=phone_number&amp;app_absent=0\" target=\"_blank\"><strong>Contact us on WhatsApp<\/strong><\/a><strong> to get a personalized price for this activity\/excursion\/rental.<\/strong><\/p>","error":false,"subtype":"div","gt_translate_keys":["label","value"],"price_dependency":false,"cl_dependency":false}]]}},"config":{"price_override":"","enable_recaptcha":false,"bind_quantity":false,"quantity_bind_formula":false,"disp_summ_show_option_price":true,"disp_summ_show_product_price":true,"disp_summ_show_total_price":true,"disp_summ_show_fee":true,"disp_summ_show_discount":true,"summary_title":"","options_total_label":"Options Price","total_label":"Total","options_product_label":"Product Price","fee_label":"Fee","discount_label":"Discount","has_price":true,"has_quantity_formula":false},"mc_unit":1,"tax_rate":1,"tax_rate_real":1,"discount":{"percentage":0,"fixed":0},"design":{"conf":{"LabelPosition":"above","DescPosition":"above","UploadField":"custom_1","QuantityFieldStyle":"custom_1"},"css":{"LeftLabelWidth":"120px"}},"formulas":[],"lookuptables":[],"clones":false,"cartKey":false}},"_links":{"self":[{"href":"https:\/\/canaryvip.com\/lt\/wp-json\/wp\/v2\/product\/10904","targetHints":{"allow":["GET"]}}],"collection":[{"href":"https:\/\/canaryvip.com\/lt\/wp-json\/wp\/v2\/product"}],"about":[{"href":"https:\/\/canaryvip.com\/lt\/wp-json\/wp\/v2\/types\/product"}],"replies":[{"embeddable":true,"href":"https:\/\/canaryvip.com\/lt\/wp-json\/wp\/v2\/comments?post=10904"}],"wp:featuredmedia":[{"embeddable":true,"href":"https:\/\/canaryvip.com\/lt\/wp-json\/wp\/v2\/media\/11029"}],"wp:attachment":[{"href":"https:\/\/canaryvip.com\/lt\/wp-json\/wp\/v2\/media?parent=10904"}],"wp:term":[{"taxonomy":"product_brand","embeddable":true,"href":"https:\/\/canaryvip.com\/lt\/wp-json\/wp\/v2\/product_brand?post=10904"},{"taxonomy":"product_cat","embeddable":true,"href":"https:\/\/canaryvip.com\/lt\/wp-json\/wp\/v2\/product_cat?post=10904"},{"taxonomy":"product_tag","embeddable":true,"href":"https:\/\/canaryvip.com\/lt\/wp-json\/wp\/v2\/product_tag?post=10904"}],"curies":[{"name":"wp","href":"https:\/\/api.w.org\/{rel}","templated":true}]}}