{"id":10522,"date":"2024-03-23T17:19:31","date_gmt":"2024-03-23T17:19:31","guid":{"rendered":"https:\/\/canaryvip.com\/?post_type=product&#038;p=10522"},"modified":"2026-01-01T21:05:33","modified_gmt":"2026-01-01T21:05:33","slug":"submarine-tenerife","status":"publish","type":"product","link":"https:\/\/canaryvip.com\/lt\/shop\/submarine-tenerife\/","title":{"rendered":"Povandeninis safaris Tenerif\u0117je"},"content":{"rendered":"<h2>\ud83c\udf0a Pasinerkite giliai su povandeniniu safariu Tenerif\u0117je<\/h2>\n<p>Patirkite did\u017eiausi\u0105 nuotyk\u012f su m\u016bs\u0173 <strong>povandeninis safaris Tenerif\u0117je,<\/strong>\u00a0, kur jaudinantys atradimai dera su edukaciniais tyrin\u0117jimais po bangomis. \u0160i unikali kelion\u0117 kvie\u010dia atskleisti pasl\u0117ptus vandenyno stebuklus, tod\u0117l j\u0105 b\u016btina atlikti kiekvienam tyrin\u0117tojui. Nors j\u016br\u0173 gyv\u016bnijos ir augalijos steb\u0117jimai skiriasi, \u0161ios kelion\u0117s esm\u0117 yra \u012ftikinama prie\u017eastis leistis \u012f <strong>povandeninis laivas Tenerif\u0117<\/strong> nuotykiai.<\/p>\n<h4><strong>Keliaukite su ikoni\u0161kuoju Tenerif\u0117s geltonuoju povandeniniu laivu<\/strong><\/h4>\n<p>: M\u016bs\u0173 kultinis geltonasis povandeninis laivas - technologinis stebuklas - nardo nuo 30 iki 60 metr\u0173 vandenyno gelm\u0117se. Tapkite u\u017eburian\u010dio povandeninio pasaulio gro\u017eio liudininkais ir i\u0161 patyrusios \u012fgulos su\u017einokite apie povandeninio laivo veikimo subtilybes \u0161iame laive. <strong>povandeninis safaris Tenerif\u0117je.<\/strong><\/p>\n<h4><strong>Povandeninis laivas Tenerif\u0117je - \u012fsp\u016bdingas povandeninis turas<\/strong><\/h4>\n<p>: M\u016bs\u0173 povandeninis laivas pritaikytas geriausiam povandeniniam tyrin\u0117jimui, tod\u0117l i\u0161 jo atsiveria intym\u016bs j\u016bros aplinkos vaizdai. Nors susitikimai su banginiais ir delfinais retesni per <strong>povandeninis safaris Tenerif\u0117je,<\/strong>\u00a0raginame sve\u010dius i\u0161tirti m\u016bs\u0173 <a href=\"https:\/\/canaryvip.com\/lt\/tenerife\/boat-excursions\/?swcfpc=1\">Bangini\u0173 ir delfin\u0173 steb\u0117jimo ekskursijos laivu Tenerif\u0117je<\/a> ir tur\u0117site galimyb\u0119 pamatyti \u0161iuos nuostabius gyv\u016bnus i\u0161 unikalios perspektyvos.<\/p>\n<h2>\ud83d\udea4 Pasiruo\u0161kite povandeninio safario nuotykiui Tenerif\u0117je<\/h2>\n<p>: Nuotykius prad\u0117kite nuo i\u0161samaus saugos instrukta\u017eo ir \u012flipkite \u012f laiv\u0105. Kai \u012fsitaisysite savo s\u0117dyn\u0117se, kuri\u0173 kiekvienoje \u012frengtas ap\u017evalgos langas, b\u016bkite pasiruo\u0161\u0119 pasigro\u017e\u0117ti kvap\u0105 gniau\u017eian\u010diais vaizdais. <strong>povandeninis safaris Tenerif\u0117je.<\/strong><\/p>\n<h4><strong>Atraskite Kanar\u0173 sal\u0173 j\u016br\u0173 biologin\u0119 \u012fvairov\u0119<\/strong><\/h4>\n<p>: Kanar\u0173 salas supan\u010diuose vandenyse knib\u017ed\u0117te knib\u017eda gyvyb\u0117s, \u010dia galima pamatyti daugyb\u0119 vietini\u0173 \u017euv\u0173, raj\u0173 ir, jei fort\u016bna bus palanki, delfin\u0173 ar bangini\u0173. <strong>povandeninis laivas Tenerif\u0117<\/strong> patirtis.<\/p>\n<h4><strong>Patobulinta povandeninio steb\u0117jimo patirtis<\/strong><\/h4>\n<p>: M\u016bs\u0173 povandeniniame laive \u012frengti asmeniniai TV ekranai kiekvienoje ap\u017evalgos aik\u0161tel\u0117je, kuriuose rasite alternatyvi\u0105 perspektyv\u0105 ir verting\u0105 informacij\u0105 apie povandeninio laivo kelion\u0119, \u012fskaitant gyl\u012f ir temperat\u016br\u0105. <strong>povandeninis safaris Tenerif\u0117je<\/strong> nuotykiai.<\/p>\n<h2>\u2728 Svarbiausia informacija apie povandenin\u012f safar\u012f Tenerif\u0117je<\/h2>\n<p>: M\u016bs\u0173 neprilygstamas geltonasis povandeninis laivas u\u017etikrina patog\u0173 ir saug\u0173 tyrin\u0117jim\u0105 visiems, tod\u0117l jis yra geriausias pasirinkimas <strong>povandeninis laivas Tenerif\u0117<\/strong> nuotykiai.<\/p>\n<h4><strong>Povandeninis safaris Tenerif\u0117je, k\u0105 reikia \u017einoti<\/strong><\/h4>\n<p>: Apytikriai valand\u0105 trunkan\u010dioje kelion\u0117je pirmenyb\u0119 teikiame j\u016bs\u0173 saugumui ir patogumui. U\u017esakant grup\u0117ms taikomos specialios nuolaidos, tod\u0117l tai puiki grupin\u0117 pramoga.<\/p>\n<h4><strong>K\u0105 pamatysite<\/strong><\/h4>\n<p>: Pasiruo\u0161kite susitikimams su \u012fvairia j\u016bros gyv\u016bnija, o m\u016bs\u0173 povandeniniame laive \u012frengtos specialios funkcijos pagerins j\u016bs\u0173 steb\u0117jimo patirt\u012f ir u\u017etikrins, kad kiekviena akimirka laive b\u016bt\u0173 \u012fsimintina.<\/p>\n<h4><strong>Prie\u0161 prad\u0117dami kelion\u0119<\/strong><\/h4>\n<p>Ar j\u016bs\u0173 <strong>CanaryVIP<\/strong> : Pasiruo\u0161kite CanaryVIP biliet\u0105 ir apsvarstykite visas b\u016btinas apsaugos nuo jud\u0117jimo ligos priemones. \u0160iame \u0161eimoms skirtame nuotykyje laukiami dalyviai nuo 2 met\u0173 am\u017eiaus, o jaunesniems nei 16 met\u0173 vaikams taikomas reikalavimas, kad juos lyd\u0117t\u0173 suaugusieji.<\/p>\n<h3>\ud83d\ude99 Informacija apie nemokam\u0105 pa\u0117mim\u0105, susitikimus ir politik\u0105<\/h3>\n<p>J\u016bs\u0173 <strong>povandeninis laivas Tenerif\u0117<\/strong> nuotykis prasideda <a href=\"https:\/\/maps.app.goo.gl\/NhudtS2DwkDHnEAP8\" target=\"_blank\" rel=\"noopener\">Puerto Amarilla prieplauka<\/a> San Miguel de Abona. Kad kelion\u0117 prasid\u0117t\u0173 skland\u017eiai, pra\u0161ome atvykti su bilietu likus bent 15 minu\u010di\u0173 iki i\u0161vykimo.<\/p>\n<h4><strong>Nemokamos ir mokamos pa\u0117mimo paslaugos<\/strong><\/h4>\n<p>: J\u016bs\u0173 patogumui si\u016blome nemokamas pa\u0117mimo paslaugas i\u0161 piet\u0173 Tenerif\u0117je esan\u010di\u0173 viet\u0173, kad mus pasiektum\u0117te lengvai ir patogiai. Be to, \u0160iaur\u0117s Tenerif\u0117je apsistojusiems sve\u010diams si\u016blome mokam\u0105 pa\u0117mimo paslaug\u0105, kuri suteikia galimyb\u0119 pasinaudoti m\u016bs\u0173 unikalia patirtimi i\u0161 visos salos.<\/p>\n<h4><strong>Sklandus at\u0161aukimas j\u016bs\u0173 patogumui<\/strong><\/h4>\n<p>: Mes suteikiame galimyb\u0119 at\u0161aukti arba pakeisti kelion\u0117s dat\u0105 likus ne daugiau kaip 24 valandoms iki kelion\u0117s prad\u017eios be joki\u0173 papildom\u0173 i\u0161laid\u0173. U\u017e v\u0117lyv\u0105 at\u0161aukim\u0105 arba neatvykim\u0105 reik\u0117s sumok\u0117ti mokest\u012f, nes esame \u012fsipareigoj\u0119 visiems sve\u010diams elgtis s\u0105\u017einingai.<\/p>\n<p>Prisijunkite prie CanaryVIP ir dalyvaukite nepakartojamoje <strong>povandeninis safaris Tenerif\u0117je,<\/strong>\u00a0, kur saug\u0105, malonum\u0105 ir pagarb\u0105 j\u016bros aplinkai sujungiame \u012f nepaprast\u0105 vandenyno gelmi\u0173 tyrin\u0117jim\u0105. Ar esate pasiruo\u0161\u0119 nuotykiui? Pasinerkite su mumis ir atraskite povandeninio pasaulio paslaptis!<\/p>","protected":false},"excerpt":{"rendered":"<p><strong>\ud83d\udd0d Tenerif\u0117s povandeninis laivas:<\/strong><br \/>\n\u2705 Saugus mok\u0117jimas.<br \/>\n\ud83d\udc1f Atraskite j\u016bros gyvenim\u0105.<br \/>\n\ud83d\ude80 1 val. kelioni\u0173.<br \/>\n<span>\ud83d\udd59 Keli laiko r\u0117mai.<\/span><br \/>\n\ud83d\udcc5 Kiekvien\u0105 dien\u0105, i\u0161skyrus \u0161e\u0161tadien\u012f.<br \/>\n\ud83e\udd11 Garantuojama geriausia kaina.<br \/>\n\ud83d\udc6a Suaktyvintos nuolaidos.<br \/>\n\ud83d\udd01 Iki 24h At\u0161aukimas.<br \/>\n\ud83c\udf0d Daugiakalb\u0117 \u012fgula.<br \/>\n\ud83c\udf1f Rezervuokite dabar ir sutaupykite!<br \/>\n\ud83d\udccd I\u0161vykimas i\u0161 <a href=\"https:\/\/maps.app.goo.gl\/aeD9xSzsoLo9TsdF8\" target=\"_blank\" rel=\"noopener\">Amarilla golfo klubas<\/a>.<\/p>","protected":false},"featured_media":10706,"comment_status":"open","ping_status":"closed","template":"","meta":{"_acf_changed":false},"product_brand":[],"product_cat":[46],"product_tag":[],"class_list":{"0":"post-10522","1":"product","2":"type-product","3":"status-publish","4":"has-post-thumbnail","6":"product_cat-boat-excursions","7":"wcpa_has_options","9":"first","10":"instock","11":"virtual","12":"purchasable","13":"product-type-simple"},"acf":[],"wcpa_form_fields":{"wcpaData":{"product":{"product_price":61,"price_html":"From&nbsp;<span class=\"woocommerce-Price-amount amount\"><bdi>61,00&nbsp;<span class=\"woocommerce-Price-currencySymbol\">&euro;<\/span><\/bdi><\/span>","original_product_price":61,"price_including_tax":61,"price_excluding_tax":61,"product_id":{"parent":10522,"variation":false},"is_variable":false,"stock_status":"instock","stock_quantity":null,"parent_sku":"CV10522","product_attributes":[],"custom_fields":[],"is_taxable":false,"product_name":"Submarine Safari Tenerife","hasImage":false},"fields":{"sec_7661bc90f5e8c6":{"extra":{"key":"sec_7661bc90f5e8c6","section_id":"sec_7661bc90f5e8c6","name":"Default","status":1,"cl_rule":"show","enableCl":false,"relations":[],"toggle":true,"title_tag":"h3","show_title":false,"showPrice":"default","form_id":11259,"form_rules":{"exclude_from_discount":true,"fee_label":"Fee","disp_hide_options_price":true,"disp_show_section_price":false,"disp_show_field_price":true,"layout_option":"standard","pric_use_as_fee":false,"process_fee_as":"woo_fee"},"layout_option":"standard"},"fields":[[{"label":"\ud83d\udcc5 Date","active":true,"required":true,"elementId":"date_9661bc90f5e8e5","picker_type":"custom","picker_mode":"single","placeholder":"","description":"","tooltip":"","name":"date_9661bc90f5e8e5","label_position":"default","desc_position":"default","enablePrice":false,"className":"","enableCl":false,"relations":[{"operator":"and","rules":[{"operator":"AND","rules":{"cl_field":"radio-group_5661bc90f5e8f5","cl_relation":"is_not_empty","cl_val":"3 Hour Trip"}}]}],"date_pic_inline":true,"date_pic_inline_hide":true,"min_date":{"type":"days","val":"2"},"max_date":{"type":"days","val":"365"},"date_pic_conf":{"disabledWeeks":[6],"disabledDates":["2024-05-19 to 2024-05-25"]},"price":"","cl_rule":"show","col":6,"type":"date","error":false,"enableDesign":false,"LabelColor":"","gt_translate_keys":["label","placeholder","description","tooltip"],"price_dependency":false,"cl_dependency":false,"value":""}],[{"active":true,"col":6,"relations":false,"cl_rule":"show","enableCl":false,"price":"","enablePrice":false,"className":"","label_position":"default","desc_position":"default","type":"content","required":false,"elementId":"content_10661bc90f5e917","label":"People","name":"content_10661bc90f5e917","contentType":"plain","value":"","error":false,"show_in_checkout":true,"inline":false,"gt_translate_keys":["label","value"],"price_dependency":false,"cl_dependency":false}],[{"active":true,"col":6,"relations":[{"operator":false,"rules":[{"operator":"AND","rules":{"cl_field":"","cl_relation":"","cl_val":""}}]}],"cl_rule":"show","enableCl":true,"price":"61","enablePrice":true,"className":"","label_position":"default","desc_position":"default","type":"radio-group","required":false,"elementId":"radio-group_5661bc90f5e923","label":"","name":"radio-group_5661bc90f5e923","values":[{"label":"\ud83d\udc64 Adult (61\u20ac)","value":"Adult","selected":true,"tempId":"aco_32","tooltip":"+15 Years","description":"","gt_translate_keys":["label","tooltip","description"]}],"layOut":"","error":false,"checkUi":"button","priceOptions":"fixed_for_all","pricingType":"fixed","enable_quantity":true,"quantity_label":"","min_quantity":"0","options_tooltip":true,"options_description":true,"gt_translate_keys":["label","quantity_label"],"price_dependency":false,"cl_dependency":false,"value":""}],[{"label":"","active":true,"required":false,"elementId":"radio-group_6661bc90f5e92d","name":"radio-group_6661bc90f5e92d","label_position":"default","desc_position":"default","enablePrice":true,"className":"","enableCl":true,"relations":[{"operator":false,"rules":[{"operator":"AND","rules":{"cl_field":"","cl_relation":"","cl_val":""}}]}],"enable_quantity":true,"quantity_label":"","min_quantity":"0","checkUi":"button","layOut":"","options_tooltip":true,"options_description":true,"values":[{"label":"\ud83d\udc66 Child (37\u20ac)","value":"Child","selected":true,"tempId":"aco_32","tooltip":"2-14 Years","description":"","gt_translate_keys":["label","tooltip","description"]}],"priceOptions":"fixed_for_all","pricingType":"fixed","price":"37","cl_rule":"show","col":6,"type":"radio-group","error":false,"gt_translate_keys":["label","quantity_label"],"price_dependency":false,"cl_dependency":false,"value":""}],[{"active":true,"col":6,"relations":false,"cl_rule":"show","enableCl":false,"price":"","enablePrice":false,"className":"","label_position":"default","desc_position":"default","type":"select","required":false,"elementId":"select_2793421639","label":"\ud83c\udf0e Tour Language","name":"select_2793421639","values":[{"label":"\ud83c\uddec\ud83c\udde7 English","value":"English","selected":false,"tempId":"aco_744","gt_translate_keys":["label"]},{"label":"\ud83c\uddea\ud83c\uddf8 Spanish","value":"Spanish","selected":false,"tempId":"aco_754","gt_translate_keys":["label"]},{"label":"\ud83c\udde9\ud83c\uddf0 Danish","value":"Danish","selected":false,"tempId":"aco_354","gt_translate_keys":["label"]},{"label":"\ud83c\udde9\ud83c\uddea Deutsch","value":"Deutsch","selected":false,"tempId":"aco_355","gt_translate_keys":["label"]},{"label":"\ud83c\uddf3\ud83c\uddf1 Dutch","value":"Dutch","selected":false,"tempId":"aco_356","gt_translate_keys":["label"]},{"label":"\ud83c\uddeb\ud83c\uddee Finnish","value":"Finnish","selected":false,"tempId":"aco_1070","gt_translate_keys":["label"]},{"label":"\ud83c\uddeb\ud83c\uddf7 French","value":"French","selected":false,"tempId":"aco_1278","gt_translate_keys":["label"]},{"label":"\ud83c\udded\ud83c\uddfa Hungarian","value":"Hungarian","selected":false,"tempId":"aco_1396","gt_translate_keys":["label"]},{"label":"\ud83c\uddee\ud83c\uddf9 Italian","value":"Italian","selected":false,"tempId":"aco_1568","gt_translate_keys":["label"]},{"label":"\ud83c\uddf5\ud83c\uddf1 Polish","value":"Polish","selected":false,"tempId":"aco_1650","gt_translate_keys":["label"]},{"label":"\ud83c\uddf7\ud83c\uddf4 Romanian","value":"Romanian","selected":false,"tempId":"aco_1660","gt_translate_keys":["label"]},{"label":"\ud83c\uddf8\ud83c\uddea Swedish","value":"Swedish","selected":false,"tempId":"aco_1922","gt_translate_keys":["label"]}],"dropdown_type":"basic","error":false,"placeholder":"Select Preferred Language","gt_translate_keys":["label","placeholder"],"price_dependency":false,"cl_dependency":false,"value":""}]]},"sec_10661bc90f5e958":{"extra":{"key":"sec_10661bc90f5e958","section_id":"sec_10661bc90f5e958","name":"Shuttle Service?","status":1,"cl_rule":"show","enableCl":false,"relations":[{"operator":false,"rules":[{"operator":"AND","rules":{"cl_field":"radio-group_5661bc90f5e8f5","cl_relation":"is_not_empty","cl_val":""}}]}],"toggle":true,"title_tag":"h4","show_title":false,"showPrice":"default","form_id":11259,"form_rules":{"exclude_from_discount":true,"fee_label":"Fee","disp_hide_options_price":true,"disp_show_section_price":false,"disp_show_field_price":true,"layout_option":"standard","pric_use_as_fee":false,"process_fee_as":"woo_fee"},"layout_option":"standard"},"fields":[[{"active":true,"col":6,"relations":false,"cl_rule":"show","enableCl":false,"price":"","enablePrice":false,"className":"","label_position":"default","desc_position":"default","type":"separator","required":false,"elementId":"separator_2797064121","label":"Separator Field","height":"4","separatorType":"blank","error":false,"gt_translate_keys":["label"],"price_dependency":false,"cl_dependency":false,"value":""}],[{"active":true,"col":6,"relations":[{"operator":false,"rules":[{"operator":"or","rules":{"cl_field":"checkbox_9661bc90f5e962","cl_relation":"is_empty","cl_val":"Adult (57\u20ac)"}},{"operator":"AND","rules":{"cl_field":"checkbox_9661bc90f5e962","cl_relation":"is","cl_val":false}}]}],"cl_rule":"show","enableCl":true,"price":"","enablePrice":false,"className":"","label_position":"default","desc_position":"default","type":"text","subtype":"text","required":false,"elementId":"text_4981331526","label":"\ud83d\ude8c South Tenerife Free Pickup","name":"text_4981331526","value":"","description":"Free pick-up service in Tenerife South. Simply provide your address or hotel name.","error":false,"gt_translate_keys":["label","description","value"],"price_dependency":false,"cl_dependency":false}],[{"active":true,"col":6,"relations":false,"cl_rule":"show","enableCl":false,"price":"","enablePrice":false,"className":"","label_position":"default","desc_position":"default","type":"separator","required":false,"elementId":"separator_8316621916","label":"Separator Field","height":"10","separatorType":"blank","gt_translate_keys":["label"],"price_dependency":false,"cl_dependency":false,"value":""}],[{"active":true,"col":6,"relations":false,"cl_rule":"show","enableCl":false,"price":"({field.radio-group_5661bc90f5e923.quantity}*13)+({field.radio-group_6661bc90f5e92d.quantity}*8)","enablePrice":true,"className":"","label_position":"default","desc_position":"below","type":"checkbox","required":false,"elementId":"checkbox_9661bc90f5e962","label":"Pickup from North Tenerife? (13\u20ac)","name":"checkbox_9661bc90f5e962","value":"","check_value":"Yes","checkUi":"toggle","error":false,"description":"Pick-up from your hotel in North Tenerife available for an extra \u20ac13\/adult and \u20ac8\/child.","pricingType":"custom","isTemplate":false,"gt_translate_keys":["label","description","value","check_value"],"price_dependency":false,"cl_dependency":["text_4981331526","text_4981331526","text-6367321769"]}],[{"label":"\ud83d\ude8c North Tenerife Pickup Location","active":true,"required":false,"elementId":"text-6367321769","value":"","description":"Pick-up service in Tenerife North. Simply provide your address or hotel name.","name":"text-6367321769","label_position":"default","desc_position":"default","enablePrice":false,"className":"","enableCl":true,"relations":[{"operator":false,"rules":[{"operator":"AND","rules":{"cl_field":"checkbox_9661bc90f5e962","cl_relation":"is","cl_val":true}}]}],"subtype":"text","price":"","cl_rule":"show","col":6,"type":"text","error":false,"gt_translate_keys":["label","description","value"],"price_dependency":false,"cl_dependency":false}]]}},"config":{"price_override":"always","enable_recaptcha":false,"bind_quantity":false,"quantity_bind_formula":false,"disp_summ_show_option_price":true,"disp_summ_show_product_price":false,"disp_summ_show_total_price":true,"disp_summ_show_fee":true,"disp_summ_show_discount":true,"summary_title":"","options_total_label":"Options Price","total_label":"Total Amount","options_product_label":"Product Price","fee_label":"Fee","discount_label":"Discount","has_price":true,"has_quantity_formula":false},"mc_unit":1,"tax_rate":1,"tax_rate_real":1,"discount":{"percentage":0,"fixed":0},"design":{"conf":{"LabelPosition":"above","DescPosition":"above","UploadField":"custom_1","QuantityFieldStyle":"custom_1"},"css":{"LeftLabelWidth":"120px"}},"formulas":[],"lookuptables":[],"clones":false,"cartKey":false}},"_links":{"self":[{"href":"https:\/\/canaryvip.com\/lt\/wp-json\/wp\/v2\/product\/10522","targetHints":{"allow":["GET"]}}],"collection":[{"href":"https:\/\/canaryvip.com\/lt\/wp-json\/wp\/v2\/product"}],"about":[{"href":"https:\/\/canaryvip.com\/lt\/wp-json\/wp\/v2\/types\/product"}],"replies":[{"embeddable":true,"href":"https:\/\/canaryvip.com\/lt\/wp-json\/wp\/v2\/comments?post=10522"}],"wp:featuredmedia":[{"embeddable":true,"href":"https:\/\/canaryvip.com\/lt\/wp-json\/wp\/v2\/media\/10706"}],"wp:attachment":[{"href":"https:\/\/canaryvip.com\/lt\/wp-json\/wp\/v2\/media?parent=10522"}],"wp:term":[{"taxonomy":"product_brand","embeddable":true,"href":"https:\/\/canaryvip.com\/lt\/wp-json\/wp\/v2\/product_brand?post=10522"},{"taxonomy":"product_cat","embeddable":true,"href":"https:\/\/canaryvip.com\/lt\/wp-json\/wp\/v2\/product_cat?post=10522"},{"taxonomy":"product_tag","embeddable":true,"href":"https:\/\/canaryvip.com\/lt\/wp-json\/wp\/v2\/product_tag?post=10522"}],"curies":[{"name":"wp","href":"https:\/\/api.w.org\/{rel}","templated":true}]}}