{"id":10465,"date":"2024-03-22T00:31:19","date_gmt":"2024-03-22T00:31:19","guid":{"rendered":"https:\/\/canaryvip.com\/?post_type=product&#038;p=10465"},"modified":"2025-08-09T12:48:53","modified_gmt":"2025-08-09T11:48:53","slug":"kayaking-tenerife","status":"publish","type":"product","link":"https:\/\/canaryvip.com\/lt\/shop\/kayaking-tenerife\/","title":{"rendered":"Plaukimas baidar\u0117mis su v\u0117\u017eliais Tenerif\u0117je"},"content":{"rendered":"<h2><strong>\ud83d\udea3 Plaukimas baidar\u0117mis Tenerif\u0117je - plaukimas per roj\u0173<\/strong><\/h2>\n<p>Atraskite Tenerif\u0117s rami\u0173 vanden\u0173 gro\u017e\u012f su m\u016bs\u0173 neprilygstama <strong>Plaukimo baidar\u0117mis nuotykiai.<\/strong>\u00a0. Pajuskite d\u017eiaugsm\u0105 plaukiodami j\u016bra, kur aktyvaus sporto azartas susilieja su raminan\u010dia gamtos aplinka. Su m\u016bs\u0173 <strong>plaukimas baidar\u0117mis Tenerif\u0117je<\/strong> ekskursijos, liudijimas <a href=\"https:\/\/canaryvip.com\/lt\/tenerife\/boat-excursions\/\"><strong>pasteb\u0117ti delfinai<\/strong><\/a> ir <strong>nardymas su v\u0117\u017eliais<\/strong> pagarbiai ir netrukdan\u010diai, tod\u0117l gamtos myl\u0117tojams tai ideali vieta poilsiui.<\/p>\n<h3><strong>\u23f1\ufe0f Vandenyno tyrin\u0117jimas ir plaukimas baidar\u0117mis Tenerif\u0117je<\/strong><\/h3>\n<ul>\n<li><strong>Nuotyki\u0173:<\/strong> Paleiskite savo <strong>plaukimas baidar\u0117mis Tenerif\u0117je<\/strong> keliaukite nuo Los Cristianos krant\u0173, leisdamiesi \u012f vandens treniruotes ir atviros j\u016bros \u017eaves\u012f. M\u016bs\u0173 ekskursijos \u017eada energing\u0105 irklavim\u0105 ir asmeninius susitikimus su gyvybinga Tenerif\u0117s j\u016bros gyv\u016bnija.<\/li>\n<li><strong>Funkcijos:<\/strong> Nors laukini\u0173 gyv\u016bn\u0173 steb\u0117jimai gali skirtis, m\u016bs\u0173 siekis u\u017etikrinti nepaprast\u0105 <strong>plaukimas baidar\u0117mis Tenerif\u0117je<\/strong> patirtis i\u0161lieka pastovi.<\/li>\n<li><strong>Prid\u0117tos privilegijos:<\/strong> Be \u012fsp\u016bd\u017ei\u0173, patiriam\u0173 plaukiant baidar\u0117mis, pasinaudokite galimybe nardyti Palm Mar kri\u0161toliniuose vandenyse, kurie yra j\u016br\u0173 v\u0117\u017eli\u0173 ir daugyb\u0117s j\u016bros r\u016b\u0161i\u0173 prieglobstis. Tai praturtins j\u016bs\u0173 nuotyk\u012f ir pad\u0117s i\u0161 ar\u010diau susipa\u017einti su vandenyno stebuklais.<\/li>\n<\/ul>\n<h3><strong>\ud83c\udf0a Susitikimas su j\u016bros gyv\u016bnija plaukiant baidar\u0117mis Tenerif\u0117je<\/strong><\/h3>\n<ul>\n<li><strong>Patirtis:<\/strong> Irkluokite ramiuose Tenerif\u0117s vandenyse m\u016bs\u0173 <strong>baidari\u0173 \u017eygiai<\/strong> galimyb\u0119 steb\u0117ti delfinus j\u0173 nat\u016bralioje aplinkoje. Nors plaukioti su delfinais neleid\u017eiama, m\u016bs\u0173 ekskursijos ugdo pagarbos ir baim\u0117s jausm\u0105 \u0161iems nuostabiems sutv\u0117rimams.<\/li>\n<li><strong>Svarbiausi \u012fvykiai:<\/strong> Nardymo su vamzdeliu metu gal\u0117site pasinerti \u012f povandenin\u012f pasaul\u012f, nes yra didel\u0117 tikimyb\u0117 plaukti \u0161alia v\u0117\u017eli\u0173 ir raj\u0173, pamatyti Tenerif\u0117s j\u016bros gyv\u016bnijos gro\u017e\u012f ir \u012fvairov\u0119.<\/li>\n<li><strong>Patogumas:<\/strong> U\u017e nedidel\u012f papildom\u0105 mokest\u012f pasirinkite m\u016bs\u0173 pasi\u0117mimo be streso paslaug\u0105, kuri u\u017etikrins skland\u017ei\u0105 j\u016bs\u0173 <strong>plaukimas baidar\u0117mis Tenerif\u0117je<\/strong> nuotykiai. Pirmenyb\u0119 teikiame j\u016bs\u0173 komfortui, kad kiekviena kelion\u0117s dalis b\u016bt\u0173 sklandi.<\/li>\n<\/ul>\n<h3>\ud83c\udf1f Svarbiausia informacija apie plaukim\u0105 baidar\u0117mis Tenerif\u0117je<\/h3>\n<ul>\n<li><strong>Saugos u\u017etikrinimas<\/strong>: Kiekvienas <strong>plaukimas baidar\u0117mis Tenerif\u0117je<\/strong> kelion\u0117 yra paremta m\u016bs\u0173 \u012fsipareigojimu u\u017etikrinti saug\u0105. Prie\u0161 kiekvien\u0105 kelion\u0119 rengiame i\u0161samius saugos instrukta\u017eus, o visus dalyvius apr\u016bpiname b\u016btiniausia \u012franga, \u012fskaitant gelb\u0117jimosi liemenes ir nardymo rinkinius, kad nuotykis b\u016bt\u0173 saugus ir malonus.<\/li>\n<li><strong>Daugiakalbiai gidai<\/strong>: M\u016bs\u0173 kvalifikuoti gidai moka angl\u0173 ir ispan\u0173 kalbas, teikia asmeninius ir informatyvius komentarus per vis\u0105 kelion\u0117s laik\u0105. <strong>plaukimas baidar\u0117mis Tenerif\u0117je<\/strong> ekskursija. Tai u\u017etikrina sveting\u0105 atmosfer\u0105 tarptautiniams nuotyki\u0173 ie\u0161kotojams, tod\u0117l kiekviena j\u016bs\u0173 kelion\u0117s akimirka bus \u012fdomi ir pa\u017eintin\u0117.<\/li>\n<li><strong>Ekspert\u0173 nurodymai<\/strong>: Prie\u0161 <strong>plaukimas baidar\u0117mis Tenerif\u0117je<\/strong> patirt\u012f, m\u016bs\u0173 komanda teikia profesionalius patarimus apie plaukimo baidar\u0117mis technik\u0105 ir saugos praktik\u0105. Nesvarbu, ar esate pradedantysis, ar jau turite patirties, m\u016bs\u0173 patarimai pad\u0117s jums labiau pasitik\u0117ti savimi ir m\u0117gautis vandens pramogomis.<\/li>\n<\/ul>\n<h3>\ud83d\udcc5 <strong>U\u017etikrinkite savo nuotykius Tenerif\u0117je ir u\u017esisakykite dabar<\/strong><\/h3>\n<p>M\u016bs\u0173 <strong>Kelion\u0117s baidar\u0117mis Tenerif\u0117je<\/strong> yra kruop\u0161\u010diai parinkti taip, kad gal\u0117tum\u0117te pasinerti \u012f salos gamtos stebuklus ir patirti i\u0161skirtin\u0119 patirt\u012f, kuri jus glaud\u017eiai sujungs su j\u016bra.<br \/>\nKadangi viet\u0173 skai\u010dius greitai pildosi, rekomenduojame u\u017esisakyti i\u0161 anksto. Pasirinkite <strong>CanaryVIP<\/strong> skland\u017eiai atlikti rezervacij\u0105 ir u\u017esitikrinti viet\u0105 \u0161iame vandens rojuje.<\/p>\n<h3>\u2705 <strong>Kas \u012fskai\u010diuota \u012f kelion\u0119 baidar\u0117mis Tenerif\u0117je?<\/strong><\/h3>\n<ul>\n<li>U\u017e simbolin\u012f mokest\u012f galima pasirinkti pa\u0117mimo ir nuve\u017eimo paslaug\u0105, kuri j\u016bs\u0173 nuotykius padarys dar patogesnius.<\/li>\n<li>Patyrusi\u0173 instruktori\u0173 vedama ekskursija, kurioje susijungia plaukimas baidar\u0117mis ir nardymas su vamzdeliu.<\/li>\n<li>Ma\u017edaug 1,5 valandos plaukimo baidar\u0117mis ir 30 minu\u010di\u0173 nardymo su vamzdeliu, kad gal\u0117tum\u0117te patyrin\u0117ti povandenin\u0119 erdv\u0119.<\/li>\n<li>Spintel\u0117s, kuriose gal\u0117site saugiai laikyti savo daiktus, kol m\u0117gausit\u0117s vandens pramogomis.<\/li>\n<li>Daugiakalbis gidas, u\u017etikrinantis ai\u0161k\u0173 bendravim\u0105 ir turting\u0105 patirt\u012f.<\/li>\n<\/ul>\n<h3><strong>\u2696\ufe0f Baidari\u0173 \u017eygi\u0173 Tenerif\u0117je u\u017esakymo ir at\u0161aukimo taisykl\u0117s:<\/strong><\/h3>\n<ul>\n<li><strong>Planuokite i\u0161 anksto:<\/strong> U\u017esisakykite i\u0161 anksto, kad u\u017esitikrintum\u0117te viet\u0105 ir pasinaudotum\u0117te specialia nuolaida per CanaryVIP. Nepamir\u0161kite, kad plaukimo baidar\u0117mis nuotykiai, ypa\u010d tie, kurie si\u016blo susitikimus su laukiniais gyv\u016bnais, yra labai paklaus\u016bs.<\/li>\n<li><strong>Lankstus at\u0161aukimas:<\/strong> Gyvenimas gali b\u016bti nenusp\u0117jamas. At\u0161aukite kelion\u0119 likus ne daugiau kaip 24 valandoms iki jos prad\u017eios ir atgaukite vis\u0105 sumok\u0117t\u0105 sum\u0105. Suprantame, kad norint, jog kelion\u0117 nekelt\u0173 streso, reikia lankstumo.<\/li>\n<li><strong>Reikalavimai dalyviams:<\/strong> Tinka asmenims, kurie yra pakankamai sveiki ir gerai jau\u010diasi vandenyje. Ankstesn\u0117s plaukimo baidar\u0117mis patirties nereikia, ta\u010diau dalyviai tur\u0117t\u0173 mok\u0117ti plaukti nardymo metu.<\/li>\n<\/ul>\n<h3><strong>\ud83c\udf92 Pasiruo\u0161imas baidari\u0173 \u017eygiui:<\/strong><\/h3>\n<ul>\n<li><strong>K\u0105 pasiimti su savimi:<\/strong> J\u016bs\u0173 nuotykiui labai svarbus komfortas. V\u0117sesn\u0117mis dienomis vilk\u0117kite maudymosi kostium\u0117l\u012f po hidrokostiumu. Nors \u0161lepet\u0117s nerekomenduojamos, kelion\u0117je b\u016btina av\u0117ti tvirtus batus. Nepamir\u0161kite \u012fsid\u0117ti kremo nuo saul\u0117s, skryb\u0117l\u0119 dienin\u0117ms ekskursijoms ir rank\u0161luost\u012f po nardymo.<\/li>\n<li><strong>Nuotrauk\u0173 prisiminimai:<\/strong> Nors neteikiame fotografavimo paslaug\u0173, kvie\u010diame pasiimti fotoaparat\u0105 arba telefon\u0105 ir \u012fam\u017einti kvap\u0105 gniau\u017eian\u010dius vaizdus. Atminkite, kad \u0161iuos daiktus ne\u0161iojat\u0117s savo rizika.<\/li>\n<li><strong>Sveikata ir sauga:<\/strong> Siekiant u\u017etikrinti vis\u0173 dalyvi\u0173 saugum\u0105 ir pasitenkinim\u0105, u\u017esi\u0117mimas nerekomenduojamas n\u0117\u0161\u010diosioms, kuri\u0173 n\u0117\u0161tumas vir\u0161ija 5 m\u0117nesius. Labai svarbu, kad visi baidarininkai tur\u0117t\u0173 pagrindinius plaukimo \u012fg\u016bd\u017eius, ypa\u010d plaukiant su \u0161ni\u016brais, ypa\u010d kelion\u0117s metu.<\/li>\n<\/ul>\n<h3>\u2753 <strong>DUK: J\u016bs\u0173 baidari\u0173 ir kanoj\u0173 irklavimo klausimai<\/strong><\/h3>\n<ul>\n<li><strong>Ar man reikia tur\u0117ti baidari\u0173 plaukimo patirties?<\/strong> Visai ne, m\u016bs\u0173 gidai suteiks jums pagrindinius reikalingus irklavimo \u012fg\u016bd\u017eius. Tiesiog patogiai jauskit\u0117s vandenyje ir b\u016bkite pasiruo\u0161\u0119 \u012fdomiai praleisti dien\u0105.<\/li>\n<li><strong>K\u0105 tur\u0117\u010diau d\u0117v\u0117ti?<\/strong> \u0160alia maudymosi kostium\u0117lio ir kremo nuo saul\u0117s v\u0117sesn\u0117mis dienomis patartina d\u0117v\u0117ti hidrokostium\u0105. Suteikiame vis\u0105 reikaling\u0105 saugos ir nardymo \u012frang\u0105.<\/li>\n<li><strong>Ar yra am\u017eiaus apribojim\u0173?<\/strong> Baidarininkai turi b\u016bti ne jaunesni kaip 6 met\u0173. Vaikus nuo 6 iki 11 met\u0173 turi lyd\u0117ti suaugusieji.<\/li>\n<li><strong>Ar galiu pakeisti baidar\u0119?<\/strong> Be abejo, galite rinktis plaukti vienas, su partneriu ar trij\u0173 asmen\u0173 grupe, ta\u010diau tai neturi \u012ftakos kainai.<\/li>\n<\/ul>\n<h4><strong>\ud83c\udf1e Ar esate pasireng\u0119 apkabinti j\u016br\u0105?<\/strong><\/h4>\n<p>Pasinerkite \u012f nepamir\u0161tam\u0105 plaukim\u0105 baidar\u0117mis Tenerif\u0117s pakrant\u0117je. Nesvarbu, ar plaukiosite Los Cristianos vandenyse, ar gro\u017e\u0117sit\u0117s <strong>delfinai,<\/strong>\u00a0arba <strong>nardymas su v\u0117\u017eliais,<\/strong>\u00a0j\u016bs\u0173 nuotykis su <strong>CanaryVIP<\/strong> \u017eada b\u016bti gro\u017eio, d\u017eiaugsmo ir nei\u0161dildom\u0173 prisiminim\u0173 mi\u0161inys.<br \/>\nU\u017esisakykite viet\u0105 \u0161iandien ir pasiruo\u0161kite b\u016bti nustebinti vandenyno stebuklais! \ud83d\udea3\u200d\u2640\ufe0f\ud83d\udc2c\ud83d\udc22<\/p>\n<p>Jei norite patirti nepakartojam\u0105 nuotyk\u012f nepaliestuose Tenerif\u0117s vandenyse, u\u017esisakykite baidari\u0173 \u017eyg\u012f pas mus jau \u0161iandien!<\/p>","protected":false},"excerpt":{"rendered":"<p><strong>\ud83d\udd0d Plaukimas baidar\u0117mis Tenerif\u0117je:<\/strong><br \/>\n\u2705 Saugus mok\u0117jimas.<br \/>\n\ud83d\udc0b Delfin\u0173 ir v\u0117\u017eli\u0173 steb\u0117jimai.<br \/>\n\ud83d\ude80 2h nuotykiai.<br \/>\n\ud83e\udd3f Snorkeliavimo \u012franga suteikiama.<br \/>\n\ud83d\udd59 Keli i\u0161vykimo laikai.<br \/>\n\ud83d\udcc5 Galima \u012fsigyti kiekvien\u0105 dien\u0105.<br \/>\n\ud83e\udd11 Garantuojama geriausia kaina.<br \/>\n\ud83d\ude8d Neprivaloma perve\u017eimo paslauga.<br \/>\n\ud83d\udc6a Nuolaidos \u0161eimoms ir grup\u0117ms.<br \/>\n\ud83d\udd01 24 val. at\u0161aukimo politika.<br \/>\n\ud83c\udf0d Angl\u0173 ir ispan\u0173 kalb\u0173 vadovai.<br \/>\n\ud83c\udf1f U\u017esisakykite anks\u010diau ir sutaupykite.<br \/>\n\ud83d\udccd I\u0161vykimas i\u0161 <a href=\"https:\/\/maps.app.goo.gl\/g9c9rZaJv7igjr3t8\">Los Cristianos<\/a>.<\/p>","protected":false},"featured_media":10794,"comment_status":"open","ping_status":"closed","template":"","meta":{"_acf_changed":false},"product_brand":[],"product_cat":[53],"product_tag":[],"class_list":{"0":"post-10465","1":"product","2":"type-product","3":"status-publish","4":"has-post-thumbnail","6":"product_cat-water-sports","7":"wcpa_has_options","9":"first","10":"instock","11":"sale","12":"virtual","13":"purchasable","14":"product-type-simple"},"acf":[],"wcpa_form_fields":{"wcpaData":{"product":{"product_price":35,"price_html":"From&nbsp;<del aria-hidden=\"true\"><span class=\"woocommerce-Price-amount amount\"><bdi>45,00&nbsp;<span class=\"woocommerce-Price-currencySymbol\">&euro;<\/span><\/bdi><\/span><\/del> <span class=\"screen-reader-text\">Pradin\u0117 kaina buvo: 45,00&nbsp;&euro;.<\/span><ins aria-hidden=\"true\"><span class=\"woocommerce-Price-amount amount\"><bdi>35,00&nbsp;<span class=\"woocommerce-Price-currencySymbol\">&euro;<\/span><\/bdi><\/span><\/ins><span class=\"screen-reader-text\">Dabartin\u0117 kaina yra: 35,00&nbsp;&euro;.<\/span>","original_product_price":45,"price_including_tax":35,"price_excluding_tax":35,"product_id":{"parent":10465,"variation":false},"is_variable":false,"stock_status":"instock","stock_quantity":null,"parent_sku":"CV10465","product_attributes":[],"custom_fields":[],"is_taxable":false,"product_name":"Kayaking with Turtles Tenerife","hasImage":false},"fields":{"sec_1066337d57eb5e3":{"extra":{"key":"sec_1066337d57eb5e3","section_id":"sec_1066337d57eb5e3","name":"Default","status":1,"cl_rule":"show","enableCl":false,"relations":[],"toggle":true,"title_tag":"h3","show_title":false,"showPrice":"default","form_id":11372,"form_rules":{"exclude_from_discount":true,"fee_label":"Fee","disp_hide_options_price":true,"disp_show_section_price":false,"disp_show_field_price":true,"layout_option":"standard","pric_use_as_fee":false,"process_fee_as":"woo_fee"},"layout_option":"standard"},"fields":[[{"label":"\ud83d\udcc5 Date","active":true,"required":true,"elementId":"date_666337d57eb607","picker_type":"custom","picker_mode":"single","placeholder":"","description":"","tooltip":"","name":"date_666337d57eb607","label_position":"default","desc_position":"default","enablePrice":false,"className":"","enableCl":false,"relations":[{"operator":"and","rules":[{"operator":"AND","rules":{"cl_field":"radio-group_5661bc90f5e8f5","cl_relation":"is_not_empty","cl_val":"3 Hour Trip"}}]}],"date_pic_inline":true,"date_pic_inline_hide":true,"min_date":{"type":"days","val":"0"},"max_date":{"type":"days","val":"365"},"date_pic_conf":{"disabledWeeks":[]},"price":"","cl_rule":"show","col":6,"type":"date","error":false,"enableDesign":false,"LabelColor":"","gt_translate_keys":["label","placeholder","description","tooltip"],"price_dependency":false,"cl_dependency":false,"value":""}],[{"active":true,"col":6,"relations":false,"cl_rule":"show","enableCl":false,"price":"","enablePrice":false,"className":"","label_position":"default","desc_position":"default","type":"select","required":true,"elementId":"select_566337d57eb62f","label":"\u23f0 Departure Time","name":"select_566337d57eb62f","values":[{"label":"Whichever Time is Best","value":"Whichever Time is Best","selected":false,"tempId":"aco_312","gt_translate_keys":["label"]},{"label":"10:00","value":"10:00","selected":false,"tempId":"aco_313","gt_translate_keys":["label"]},{"label":"12:30 (12:30 PM)","value":"12:30","selected":false,"tempId":"aco_314","gt_translate_keys":["label"]},{"label":"14:00 (2:00 PM)","value":"14:00","selected":false,"tempId":"aco_711","gt_translate_keys":["label"]}],"dropdown_type":"basic","error":false,"multiple":false,"placeholder":"None","gt_translate_keys":["label","placeholder"],"price_dependency":false,"cl_dependency":false,"value":""}],[{"active":true,"col":6,"relations":false,"cl_rule":"show","enableCl":false,"price":"","enablePrice":false,"className":"","label_position":"default","desc_position":"default","type":"content","required":false,"elementId":"content_1042762875","label":"","name":"content_1042762875","contentType":"rich","value":"<p>\ud83c\udf9f\ufe0f <strong>Reservation<\/strong>: Pay only a deposit now to reserve; the rest is due on the day of the activity upon arrival.<\/p>","show_in_checkout":true,"error":false,"gt_translate_keys":["label","value"],"price_dependency":false,"cl_dependency":false}],[{"active":true,"col":6,"relations":[{"operator":false,"rules":[{"operator":"AND","rules":{"cl_field":"","cl_relation":"","cl_val":""}}]}],"cl_rule":"show","enableCl":true,"price":"35","enablePrice":true,"className":"","label_position":"default","desc_position":"default","type":"radio-group","required":false,"elementId":"radio-group_166337d57eb617","label":"","name":"radio-group_166337d57eb617","values":[{"label":"\ud83d\udc64 Adult (35\u20ac)","value":"Adult","selected":true,"tempId":"aco_32","tooltip":"+11 Years","description":"","gt_translate_keys":["label","tooltip","description"]}],"layOut":"","error":false,"checkUi":"button","priceOptions":"fixed_for_all","pricingType":"fixed","enable_quantity":true,"quantity_label":"","min_quantity":"0","options_tooltip":true,"options_description":true,"is_show_price":true,"gt_translate_keys":["label","quantity_label"],"price_dependency":false,"cl_dependency":false,"value":""}],[{"label":"","active":true,"required":false,"elementId":"radio-group_166337d57eb624","name":"radio-group_166337d57eb624","label_position":"default","desc_position":"default","enablePrice":true,"className":"","enableCl":true,"relations":[{"operator":false,"rules":[{"operator":"AND","rules":{"cl_field":"","cl_relation":"","cl_val":""}}]}],"enable_quantity":true,"quantity_label":"","min_quantity":"0","checkUi":"button","layOut":"","options_tooltip":true,"options_description":true,"values":[{"label":"\ud83d\udc66 Child (20\u20ac)","value":"Child","selected":true,"tempId":"aco_32","tooltip":"6-10 Years","description":"","gt_translate_keys":["label","tooltip","description"]}],"priceOptions":"fixed_for_all","pricingType":"fixed","price":"20","cl_rule":"show","col":6,"type":"radio-group","error":false,"is_show_price":true,"gt_translate_keys":["label","quantity_label"],"price_dependency":false,"cl_dependency":false,"value":""}],[{"active":true,"col":6,"relations":false,"cl_rule":"show","enableCl":false,"price":"","enablePrice":false,"className":"","label_position":"default","desc_position":"default","type":"separator","required":false,"elementId":"separator_9019492152","label":"Separator Field","height":"6","separatorType":"fill","error":false,"separatorColor":"#66a6b6","gt_translate_keys":["label"],"price_dependency":false,"cl_dependency":false,"value":""}],[{"active":true,"col":6,"relations":false,"cl_rule":"show","enableCl":false,"price":"({field.radio-group_166337d57eb617.quantity}*10)+({field.radio-group_166337d57eb624.quantity}*7.50)","enablePrice":true,"className":"","label_position":"default","desc_position":"default","type":"content","required":false,"elementId":"content_8712621725","label":"Deposit Now","name":"content_8712621725","contentType":"plain","value":"","error":false,"pricingType":"custom","isTemplate":false,"is_show_price":false,"show_in_checkout":true,"enableDesign":true,"LabelSize":"14px","inline":true,"gt_translate_keys":["label","value"],"price_dependency":["content-8850121983"],"cl_dependency":false}],[{"contentType":"plain","active":true,"label":"Payment at Arrival","elementId":"content-8797651822","value":"","name":"content-8797651822","enablePrice":true,"className":"","enableCl":false,"relations":false,"price":"({field.radio-group_166337d57eb617.quantity}*25)+({field.radio-group_166337d57eb624.quantity}*12.50)","cl_rule":"show","col":6,"type":"content","error":false,"is_show_price":true,"pricingType":"custom","isTemplate":false,"show_in_checkout":true,"enableDesign":true,"LabelSize":"14px","inline":true,"gt_translate_keys":["label","value"],"price_dependency":["content-8850121983"],"cl_dependency":false}],[{"contentType":"plain","active":true,"label":"Total Amount","elementId":"content-8850121983","value":"","name":"content-8850121983","enablePrice":true,"className":"","enableCl":false,"relations":false,"price":"{field.content_8712621725.price}+{field.content-8797651822.price}","cl_rule":"show","col":6,"type":"content","error":false,"is_show_price":true,"pricingType":"custom","isTemplate":false,"show_in_checkout":true,"enableDesign":true,"LabelSize":"14px","inline":true,"gt_translate_keys":["label","value"],"price_dependency":false,"cl_dependency":false}]]},"sec_he1t7j115":{"extra":{"key":"sec_he1t7j115","section_id":"sec_he1t7j115","name":"Pickup","status":1,"cl_rule":"show","enableCl":false,"relations":[],"toggle":true,"title_tag":"h4","show_title":false,"showPrice":"default","form_id":11372,"form_rules":{"exclude_from_discount":true,"fee_label":"Fee","disp_hide_options_price":true,"disp_show_section_price":false,"disp_show_field_price":true,"layout_option":"standard","pric_use_as_fee":false,"process_fee_as":"woo_fee"},"layout_option":"standard"},"fields":[[{"active":true,"col":6,"relations":false,"cl_rule":"show","enableCl":false,"price":"","enablePrice":false,"className":"","label_position":"default","desc_position":"default","type":"text","subtype":"text","required":false,"elementId":"text_0736264724","label":"\ud83d\ude8c Pickup Location","name":"text_0736264724","value":"","error":false,"description":"Pick-up service in Tenerife South available for an extra 2\u20ac per person, to be paid on arrival. Please provide your address or hotel name to book the shuttle service; if not needed, leave it blank. | For Callao Salvaje and Palm-Mar, the extra cost is 4\u20ac per person | El M\u00e9dano: 15\u20ac per car | Golf del Sur: 10\u20ac per car.","gt_translate_keys":["label","description","value"],"price_dependency":false,"cl_dependency":false}]]}},"config":{"price_override":"always","enable_recaptcha":false,"bind_quantity":false,"quantity_bind_formula":false,"disp_summ_show_option_price":true,"disp_summ_show_product_price":false,"disp_summ_show_total_price":false,"disp_summ_show_fee":true,"disp_summ_show_discount":true,"summary_title":"","options_total_label":"Options Price","total_label":"Total Amount","options_product_label":"Product Price","fee_label":"Fee","discount_label":"Discount","has_price":true,"has_quantity_formula":false},"mc_unit":1,"tax_rate":1,"tax_rate_real":1,"discount":{"percentage":0,"fixed":0},"design":{"conf":{"LabelPosition":"above","DescPosition":"above","UploadField":"custom_1","QuantityFieldStyle":"custom_1"},"css":{"LeftLabelWidth":"120px"}},"formulas":[],"lookuptables":[],"clones":false,"cartKey":false}},"_links":{"self":[{"href":"https:\/\/canaryvip.com\/lt\/wp-json\/wp\/v2\/product\/10465","targetHints":{"allow":["GET"]}}],"collection":[{"href":"https:\/\/canaryvip.com\/lt\/wp-json\/wp\/v2\/product"}],"about":[{"href":"https:\/\/canaryvip.com\/lt\/wp-json\/wp\/v2\/types\/product"}],"replies":[{"embeddable":true,"href":"https:\/\/canaryvip.com\/lt\/wp-json\/wp\/v2\/comments?post=10465"}],"wp:featuredmedia":[{"embeddable":true,"href":"https:\/\/canaryvip.com\/lt\/wp-json\/wp\/v2\/media\/10794"}],"wp:attachment":[{"href":"https:\/\/canaryvip.com\/lt\/wp-json\/wp\/v2\/media?parent=10465"}],"wp:term":[{"taxonomy":"product_brand","embeddable":true,"href":"https:\/\/canaryvip.com\/lt\/wp-json\/wp\/v2\/product_brand?post=10465"},{"taxonomy":"product_cat","embeddable":true,"href":"https:\/\/canaryvip.com\/lt\/wp-json\/wp\/v2\/product_cat?post=10465"},{"taxonomy":"product_tag","embeddable":true,"href":"https:\/\/canaryvip.com\/lt\/wp-json\/wp\/v2\/product_tag?post=10465"}],"curies":[{"name":"wp","href":"https:\/\/api.w.org\/{rel}","templated":true}]}}