{"id":10186,"date":"2024-03-28T05:27:33","date_gmt":"2024-03-28T05:27:33","guid":{"rendered":"https:\/\/canaryvip.com\/?post_type=product&#038;p=10186"},"modified":"2025-06-28T23:11:45","modified_gmt":"2025-06-28T22:11:45","slug":"rent-a-car-tenerife","status":"publish","type":"product","link":"https:\/\/canaryvip.com\/lt\/shop\/rent-a-car-tenerife\/","title":{"rendered":"Automobili\u0173 nuoma Tenerif\u0117"},"content":{"rendered":"<h2>\ud83d\ude99 Atraskite Tenerif\u0119 su m\u016bs\u0173 auk\u0161\u010diausios klas\u0117s automobili\u0173 nuomos paslauga<\/h2>\n<p>Pajuskite did\u017eiausi\u0105 laisv\u0119 savo tempu tyrin\u0117ti kvap\u0105 gniau\u017eian\u010dius Tenerif\u0117s kra\u0161tovaizd\u017eius. M\u016bs\u0173 <strong>Automobili\u0173 nuoma Tenerif\u0117<\/strong> paslauga d\u0117l <strong>CanaryVIP<\/strong> si\u016blo neprilygstam\u0105 patogum\u0105 ir lankstum\u0105 keliaujant po sal\u0105. Nuo kaitinimosi saul\u0117je nepaliestuose papl\u016bdimiuose iki \u017eygi\u0173 per didingus <a href=\"https:\/\/canaryvip.com\/lt\/discover-the-teide-the-ultimate-guide-iconic-volcano\/\">Teid\u0117s nacionalinis parkas,<\/a>\u00a0ir atrasti pasl\u0117ptus salos brangakmenius, m\u016bs\u0173 \u012fvairus laivynas - tai j\u016bs\u0173 bilietas \u012f nepamir\u0161tam\u0105 nuotyk\u012f.<\/p>\n<h3>\u2b50\ufe0f Kod\u0117l verta rinktis automobili\u0173 nuom\u0105 Tenerif\u0117je?<\/h3>\n<p>Pasirinkimas <strong>automobilio nuoma Tenerif\u0117je<\/strong> su CanaryVIP rei\u0161kia dovanoti sau laisv\u0119. Nebereik\u0117s laikytis vie\u0161ojo transporto apribojim\u0173 ar grie\u017et\u0173 organizuot\u0173 ekskursij\u0173 tvarkara\u0161\u010di\u0173, gal\u0117site laisvai tyrin\u0117ti \u0161i\u0105 nuostabi\u0105 sal\u0105 savo tempu ir pagal savo pom\u0117gius.<\/p>\n<ul>\n<li><strong>Lankstumas:<\/strong> M\u016bs\u0173 <strong>automobilio nuomos paslaugos Tenerif\u0117je<\/strong> suteikiama galimyb\u0117 patiems kurti savo mar\u0161rut\u0105. Nuo saul\u0117tekio iki saul\u0117lyd\u017eio - j\u016bs sprend\u017eiate, k\u0105 ir kada pamatyti.<\/li>\n<li><strong>\u012evairov\u0117:<\/strong> M\u016bs\u0173 automobili\u0173 parkas yra \u012fvairus ir atitinka visus pageidavimus ir poreikius. Nesvarbu, ar ie\u0161kote kompakti\u0161ko automobilio ekskursijoms mieste, ar erdvaus visureigio nuotykiui at\u0161iaurioje vietov\u0117je. <strong>Piet\u0173 Tenerif\u0117,<\/strong>\u00a0mes jums pad\u0117sime.<\/li>\n<li><strong>Konkurencingos kainos:<\/strong> Siekiame, kad produktai b\u016bt\u0173 prieinami u\u017e prieinam\u0105 kain\u0105, ta\u010diau neaukodami kokyb\u0117s. M\u016bs\u0173 <strong>automobili\u0173 nuoma<\/strong> Tenerif\u0117je si\u016blomos kainos yra geriausios, kad b\u016bt\u0173 u\u017etikrinta nebrangi kelion\u0117 po sal\u0105.<\/li>\n<li><strong>Patogumas:<\/strong> Pasiimkite i\u0161sinuomot\u0105 automobil\u012f i\u0161 pagrindini\u0173 viet\u0173, pvz. <strong><a href=\"https:\/\/maps.app.goo.gl\/YAWX2KPn75tN8YMUA\" target=\"_blank\" rel=\"noopener\">Piet\u0173 Tenerif\u0117s oro uostas<\/a>.<\/strong>\u00a0Nuo pat nusileidimo akimirkos j\u016bs\u0173 nuotykiai Tenerif\u0117je prasideda nedelsiant.<\/li>\n<\/ul>\n<h4>\ud83c\udf0d Pa\u017einkite Tenerif\u0119 kaip niekada anks\u010diau<\/h4>\n<p>Tenerif\u0117 \u017eavi ne tik garsiais papl\u016bdimiais ir turist\u0173 lankomomis vietomis, bet ir ma\u017eiau \u017einomomis vietov\u0117mis. . <strong>automobili\u0173 nuoma Tenerif\u0117,<\/strong>\u00a0gal\u0117site tyrin\u0117ti turting\u0105 salos istorij\u0105, gyvybing\u0105 kult\u016br\u0105 ir nuostab\u0173 gamtos gro\u017e\u012f. Va\u017eiuokite per senovinius kaimelius, aplankykite vietinius turgus ir atokiuose papl\u016bdimiuose suraskite savo rojaus kampel\u012f.<\/p>\n<h4>\ud83d\udd0d Atraskite daugiau su automobili\u0173 nuoma Tenerif\u0117je<\/h4>\n<p>Kiekvienas pos\u016bkis Tenerif\u0117je - tai naujas atradimas, o su <strong>CanaryVIP automobilio nuoma Tenerif\u0117je,<\/strong>\u00a0galite laisvai gaudyti kiekvien\u0105 saul\u0117lyd\u012f, kopti \u012f kiekvien\u0105 kaln\u0105 ir g\u0117r\u0117tis kiekvienu vaizdu. Neapsiribokite gidais ir paverskite savo kelion\u0119 asmenini\u0173 patir\u010di\u0173 ir nepamir\u0161tam\u0173 prisiminim\u0173 antologija.<\/p>\n<h4>\u2705 Lengvas u\u017esakymas<\/h4>\n<p>M\u016bs\u0173 u\u017esakymo procesas yra paprastas ir patogus. Vos keliais paspaudimais pasirinkite norim\u0105 transporto priemon\u0119, pasirinkite nuomos laikotarp\u012f ir prid\u0117kite visus papildomus elementus, kuri\u0173 jums gali prireikti. M\u016bs\u0173 tikslas - kad j\u016bs\u0173 <strong>automobilio nuoma Tenerif\u0117je<\/strong> patirtis b\u016bt\u0173 kuo sklandesn\u0117 ir nesud\u0117tingesn\u0117.<\/p>\n<h4>\ud83d\udee1\ufe0f Saugumas ir patogumas<\/h4>\n<p>Svarbiausia - j\u016bs\u0173 saugumas ir patogumas. Kiekviena m\u016bs\u0173 parko transporto priemon\u0117 yra kruop\u0161\u010diai pri\u017ei\u016brima, kad atitikt\u0173 auk\u0161\u010diausius saugumo ir eksploatacini\u0173 savybi\u0173 standartus. Kai pasirenkate <strong>automobilio nuoma Tenerif\u0117 South,<\/strong>\u00a0galite b\u016bti tikri, kad pasir\u016bpinta j\u016bs\u0173 komfortu ir gerove.<\/p>\n<h4>\ud83c\udf31 Tvarios kelion\u0117s<\/h4>\n<p>Esame \u012fsipareigoj\u0119 vykdyti ekologi\u0161kas kelioni\u0173 iniciatyvas. M\u016bs\u0173 si\u016blomos transporto priemon\u0117s yra ekologi\u0161kos, tod\u0117l gal\u0117site tyrin\u0117ti Tenerif\u0117s gamtos gro\u017e\u012f ir kartu suma\u017einti anglies dvideginio p\u0117dsak\u0105.<\/p>\n<h4>\ud83d\udd11 Atrakinkite geriausius Tenerif\u0117s objektus<\/h4>\n<p>Tenerif\u0117 - tai begal\u0117s nuotyki\u0173 ir gro\u017eio sala, nuo saul\u0117s nutviekst\u0173 pakran\u010di\u0173 iki mistini\u0173 Teid\u0117s vir\u0161ukalni\u0173. Su m\u016bs\u0173 <strong>automobili\u0173 nuomos paslaugos,<\/strong>\u00a0kiekvienas \u0161ios kerin\u010dios salos kampelis jums pasiekiamas. <strong>Tenerif\u0117 Automobili\u0173 nuoma<\/strong> ir leiskit\u0117s \u012f atradim\u0173 ir stebukl\u0173 kelion\u0119.<\/p>\n<h3>\ud83d\udcd6 Kaip u\u017esisakyti automobilio nuom\u0105<\/h3>\n<p>Gauti savo <strong>automobilio nuoma Tenerif\u0117je<\/strong> liko vos keli paspaudimai. M\u016bs\u0173 intuityvi internetin\u0117 u\u017esakymo sistema sukurta j\u016bs\u0173 patogumui, kad gal\u0117tum\u0117te pasirinkti automobil\u012f, nustatyti nuomos laikotarp\u012f ir lengvai tvarkyti u\u017esakym\u0105. Patvirtinimas atliekamas greitai, tod\u0117l vos atvyk\u0119 b\u016bsite pasiruo\u0161\u0119 tyrin\u0117ti.<\/p>\n<h4>\ud83d\ude80 J\u016bs\u0173 laukia nuotykis<\/h4>\n<p>Nuotykius Tenerif\u0117je galima patirti ne tik keliaujant \u012f \u012fvairias vietas, bet ir keliaujant tarp j\u0173. Kiekvienas mar\u0161rutas, kuriuo keliaujate su savo <strong>automobilio nuoma Tenerif\u0117je<\/strong> atrasite k\u0105 nors naujo - pasl\u0117pt\u0105 \u012flank\u0117l\u0119, kvap\u0105 gniau\u017eian\u010di\u0105 panoram\u0105 arba vietin\u0119 u\u017ekandin\u0119, kurioje rasite dar neragaut\u0173 skoni\u0173. Su CanaryVIP geriausiai saugomos salos paslaptys taps prieinamos, o j\u016bs\u0173 kelion\u0117 taps \u012fsp\u016bd\u017ei\u0173 med\u017eiokle.<\/p>\n<h4>\u23f3 \u012evertinkite kiekvien\u0105 akimirk\u0105<\/h4>\n<p>Kai <strong>i\u0161sinuomoti automobil\u012f Tenerif\u0117je,<\/strong>\u00a0ne tik sutaupysite laiko, bet ir \u012fprasminsite kiekvien\u0105 atostog\u0173 akimirk\u0105. Nuva\u017eiuokite iki stulbinan\u010di\u0173 Los Gigantes uol\u0173 ir steb\u0117kite saul\u0117lyd\u012f arba raskite nusiraminim\u0105 ramiuose Anagos kaimo parko takuose. Laik\u0105 Tenerif\u0117je galite praleisti taip, kaip norite, nevar\u017eomi suplanuot\u0173 ekskursij\u0173 ir vie\u0161ojo transporto.<\/p>\n<h4>\ud83e\uddf3 Pritaikyta j\u016bs\u0173 poreikiams<\/h4>\n<p>Suprasdami, kad kiekvienas keliautojas turi unikali\u0173 poreiki\u0173, m\u016bs\u0173 <strong>automobilio nuoma Tenerif\u0117<\/strong> paslaugos si\u016blo plat\u0173 pasirinkim\u0105, atitinkant\u012f visus pageidavimus ir reikalavimus. Nuo prabangi\u0173 kabriolet\u0173, leid\u017eian\u010di\u0173 pajusti vandenyno v\u0117jo dvelksm\u0105, iki \u0161eimoms pritaikyt\u0173 mikroautobus\u0173 su patogia \u012franga, <strong>CanaryVIP<\/strong> u\u017etikrina, kad j\u016bs\u0173 transporto priemon\u0117 atitikt\u0173 j\u016bs\u0173 \u012fsivaizduojam\u0105 kelion\u0119.<\/p>\n<h3>\ud83c\udf1f \u012esipareigojimas siekti meistri\u0161kumo<\/h3>\n<p>Svetain\u0117je <strong>CanaryVIP<\/strong>, meistri\u0161kumas yra m\u016bs\u0173 veiklos pagrindas. Siekiame pranokti j\u016bs\u0173 l\u016bkes\u010dius - nuo transporto priemoni\u0173 kokyb\u0117s iki klient\u0173 aptarnavimo. M\u016bs\u0173 komanda visada pasiruo\u0161usi pateikti rekomendacijas, pad\u0117ti su mar\u0161rutais ar suteikti bet koki\u0105 pagalb\u0105, kurios jums reikia j\u016bs\u0173 <strong>automobilio nuoma Tenerif\u0117je<\/strong> patirtis. Esame ne tik paslauga, bet ir j\u016bs\u0173 kelioni\u0173 Tenerif\u0117je partneris.<\/p>\n<h4>\ud83d\udddd\ufe0f Pasinaudokite galimybe<\/h4>\n<p>Tenerif\u0117s gro\u017eis niekam nelaukia, o su CanaryVIP dar niekada nebuvo taip paprasta pasinaudoti galimybe i\u0161tirti \u0161i\u0105 rojaus sal\u0105. Neleiskite, kad pro pir\u0161tus praslyst\u0173 galimyb\u0117 sukurti savo nuotykius. <strong>Tenerif\u0117 Automobili\u0173 nuoma<\/strong> jau \u0161iandien ir perimkite atostog\u0173 kontrol\u0119, kurdami kelion\u0119, kuri b\u016bt\u0173 tokia pat unikali, kaip ir j\u016bs.<\/p>\n<h4>\u2764\ufe0f U\u017esisakykite savo svajoni\u0173 kelion\u0119 \u0161iandien<\/h4>\n<p>Ar esate pasireng\u0119 tyrin\u0117ti Tenerif\u0119 savo s\u0105lygomis?<\/p>\n<p>Apsilankykite <strong>CanaryVIP<\/strong> dabar ir u\u017esisakykite puiki\u0105 automobilio nuom\u0105. Vos keliais paspaudimais gal\u0117site leistis \u012f nepamir\u0161tam\u0105 kelion\u0119, kupin\u0105 atradim\u0173, laisv\u0117s ir tyro tyrin\u0117jimo d\u017eiaugsmo.<\/p>\n<p>J\u016bs\u0173 laukia nuotykiai su CanaryVIP automobili\u0173 nuomos Tenerif\u0117je paslauga - u\u017esisakykite dabar ir atraskite Tenerif\u0117s magij\u0105.<\/p>","protected":false},"excerpt":{"rendered":"<p><strong>\ud83d\udd0d Automobili\u0173 nuoma Tenerif\u0117je:<\/strong><br \/>\n\u2705 Saugus mok\u0117jimas.<br \/>\n\ud83d\ude99 Kelios automobili\u0173 parinktys.<br \/>\n\ud83d\ude80 Nuo 1 iki 30 dien\u0173.<br \/>\n\u2705 \u012etrauktas draudimas.<br \/>\n\ud83c\udfc1 Neribotas kilometr\u0173 skai\u010dius.<br \/>\n\ud83d\udc64 +25 met\u0173 gali vairuoti.<br \/>\n\ud83e\udd11 Garantuojama geriausia kaina.<br \/>\n\ud83d\ude8d Nemokamas pristatymas \u012f vie\u0161but\u012f.<br \/>\n\u2708\ufe0f Pristatymas ir pa\u0117mimas i\u0161 oro uosto.<br \/>\n\ud83d\udc6a Suaktyvintos nuolaidos.<br \/>\n\ud83c\udf1f Rezervuokite dabar ir sutaupykite!<\/p>","protected":false},"featured_media":10916,"comment_status":"open","ping_status":"closed","template":"","meta":{"_acf_changed":false},"product_brand":[],"product_cat":[83],"product_tag":[],"class_list":{"0":"post-10186","1":"product","2":"type-product","3":"status-publish","4":"has-post-thumbnail","6":"product_cat-rentals","7":"wcpa_has_options","9":"first","10":"instock","11":"virtual","12":"purchasable","13":"product-type-simple"},"acf":[],"wcpa_form_fields":{"wcpaData":{"product":{"product_price":50,"price_html":"From&nbsp;<span class=\"woocommerce-Price-amount amount\"><bdi>50,00&nbsp;<span class=\"woocommerce-Price-currencySymbol\">&euro;<\/span><\/bdi><\/span>","original_product_price":50,"price_including_tax":50,"price_excluding_tax":50,"product_id":{"parent":10186,"variation":false},"is_variable":false,"stock_status":"instock","stock_quantity":null,"parent_sku":"CV10186","product_attributes":[],"custom_fields":[],"is_taxable":false,"product_name":"Rent a Car Tenerife","hasImage":false},"fields":{"sec_4668282996d361":{"extra":{"key":"sec_4668282996d361","section_id":"sec_4668282996d361","name":"Contact us","status":1,"cl_rule":"show","enableCl":false,"relations":[],"toggle":true,"title_tag":"h3","show_title":false,"showPrice":"default","form_id":12153,"form_rules":{"exclude_from_discount":true,"fee_label":"Fee","disp_hide_options_price":true,"disp_show_section_price":false,"disp_show_field_price":true,"layout_option":"standard","pric_use_as_fee":false,"process_fee_as":"woo_fee"},"layout_option":"standard"},"fields":[[{"active":true,"col":6,"relations":false,"cl_rule":"show","enableCl":false,"price":"","enablePrice":false,"className":"","label_position":"default","desc_position":"default","type":"content","required":false,"elementId":"content_8291538701","label":"","name":"content_8291538701","contentType":"rich","value":"<p><a href=\"https:\/\/api.whatsapp.com\/send\/?phone=34629670312&amp;text&amp;type=phone_number&amp;app_absent=0\" target=\"_blank\"><strong>Contact us on WhatsApp<\/strong><\/a><strong> to get a personalized price for this activity\/excursion\/rental.<\/strong><\/p>","error":false,"subtype":"div","gt_translate_keys":["label","value"],"price_dependency":false,"cl_dependency":false}]]},"sec_16644ac1d03e64":{"extra":{"key":"sec_16644ac1d03e64","section_id":"sec_16644ac1d03e64","name":"Default","status":1,"cl_rule":"show","enableCl":false,"relations":[],"toggle":true,"title_tag":"h3","show_title":false,"showPrice":"default","form_id":11506,"form_rules":{"exclude_from_discount":true,"fee_label":"Fee","disp_hide_options_price":true,"disp_show_section_price":false,"disp_show_field_price":true,"layout_option":"standard","pric_use_as_fee":false,"process_fee_as":"woo_fee"},"layout_option":"standard"},"fields":[]}},"config":{"price_override":"","enable_recaptcha":false,"bind_quantity":false,"quantity_bind_formula":false,"disp_summ_show_option_price":true,"disp_summ_show_product_price":true,"disp_summ_show_total_price":true,"disp_summ_show_fee":true,"disp_summ_show_discount":true,"summary_title":"","options_total_label":"Options Price","total_label":"Total","options_product_label":"Product Price","fee_label":"Fee","discount_label":"Discount","has_price":true,"has_quantity_formula":false},"mc_unit":1,"tax_rate":1,"tax_rate_real":1,"discount":{"percentage":0,"fixed":0},"design":{"conf":{"LabelPosition":"above","DescPosition":"above","UploadField":"custom_1","QuantityFieldStyle":"custom_1"},"css":{"LeftLabelWidth":"120px"}},"formulas":[],"lookuptables":[],"clones":false,"cartKey":false}},"_links":{"self":[{"href":"https:\/\/canaryvip.com\/lt\/wp-json\/wp\/v2\/product\/10186","targetHints":{"allow":["GET"]}}],"collection":[{"href":"https:\/\/canaryvip.com\/lt\/wp-json\/wp\/v2\/product"}],"about":[{"href":"https:\/\/canaryvip.com\/lt\/wp-json\/wp\/v2\/types\/product"}],"replies":[{"embeddable":true,"href":"https:\/\/canaryvip.com\/lt\/wp-json\/wp\/v2\/comments?post=10186"}],"wp:featuredmedia":[{"embeddable":true,"href":"https:\/\/canaryvip.com\/lt\/wp-json\/wp\/v2\/media\/10916"}],"wp:attachment":[{"href":"https:\/\/canaryvip.com\/lt\/wp-json\/wp\/v2\/media?parent=10186"}],"wp:term":[{"taxonomy":"product_brand","embeddable":true,"href":"https:\/\/canaryvip.com\/lt\/wp-json\/wp\/v2\/product_brand?post=10186"},{"taxonomy":"product_cat","embeddable":true,"href":"https:\/\/canaryvip.com\/lt\/wp-json\/wp\/v2\/product_cat?post=10186"},{"taxonomy":"product_tag","embeddable":true,"href":"https:\/\/canaryvip.com\/lt\/wp-json\/wp\/v2\/product_tag?post=10186"}],"curies":[{"name":"wp","href":"https:\/\/api.w.org\/{rel}","templated":true}]}}