{"id":10109,"date":"2024-02-25T19:09:18","date_gmt":"2024-02-25T19:09:18","guid":{"rendered":"https:\/\/canaryvip.com\/?post_type=product&#038;p=10109"},"modified":"2025-11-25T16:28:10","modified_gmt":"2025-11-25T16:28:10","slug":"gulliver-private-yacht-charter-tenerife","status":"publish","type":"product","link":"https:\/\/canaryvip.com\/lt\/shop\/gulliver-private-yacht-charter-tenerife\/","title":{"rendered":"Guliveris: Jacht\u0173 nuoma Tenerif\u0117je"},"content":{"rendered":"<h2><strong>\ud83d\udee5\ufe0f Guliverio jachta = Nepamir\u0161tamos akimirkos<\/strong><\/h2>\n<p>\u017denkite \u012f j\u016br\u0173 malonum\u0173 pasaul\u012f su \"Gulliver Yacht\" - pagrindine Tenerif\u0117s jachta \u0161eimai, sukurta taip, kad pasi\u016blyt\u0173 vientis\u0105 \u012fsp\u016bd\u017ei\u0173, laisvalaikio ir \u012fsimintin\u0173 patir\u010di\u0173 derin\u012f. \u0160is 20 metr\u0173 ilgio brangakmenis sukuria prielaidas nepakartojamiems j\u016briniams nuotykiams, puikiai tinkantiems \u0161eimoms ir grup\u0117ms, ie\u0161kan\u010dioms i\u0161skirtinio vandenyno rojaus gabal\u0117lio.<\/p>\n<h3>\u2b50\ufe0f <strong>Neribotas d\u017eiaugsmas ir komfortas laive<\/strong><\/h3>\n<p><span style=\"text-decoration: underline;\"><strong>Atraskite i\u0161skirtines \"Guliverio\" savybes:<\/strong><\/span><\/p>\n<ul>\n<li>Erdvus denis, skirtas \u0161eimos malonumams.<\/li>\n<li>Kvie\u010dian\u010dios saul\u0117s pagalv\u0117l\u0117s, kad gal\u0117tum\u0117te patogiai m\u0117gautis saul\u0117s spinduliais.<\/li>\n<li>Gaivinantys vandens \u017eaislai, \u012fskaitant pripu\u010diam\u0105 \u010diuo\u017eykl\u0105, irklentes ir povandeninius motorolerius visoms am\u017eiaus grup\u0117ms.<\/li>\n<li>Prabang\u016bs patiekalai, pritaikyti \u012fvairiems mitybos poreikiams, \u012fskaitant patiekalus be glitimo.<\/li>\n<li>Neribotas kiekis gaivi\u0173j\u0173 g\u0117rim\u0173: gaivi\u0173j\u0173 g\u0117rim\u0173, vyno, alaus, sangrijos ir kavos, kad kelion\u0117 j\u016bra b\u016bt\u0173 malonesn\u0117.<\/li>\n<\/ul>\n<h4>\ud83d\udea4 <strong>Leiskit\u0117s \u012f atradim\u0173 kelion\u0119<\/strong><\/h4>\n<p>J\u016bs\u0173 nuotykis prasideda <a href=\"https:\/\/www.google.com\/maps\/place\/Puerto+Col%C3%B3n\/@28.078002,-16.7394902,17z\/data=!3m2!4b1!5s0xc6a97433884bdf9:0x76d293b7b99db23a!4m6!3m5!1s0xc6a9743509c9ebf:0xd62345524f768247!8m2!3d28.078002!4d-16.7369153!16s%2Fg%2F11c6cqryw_?entry=ttu\" target=\"_blank\" rel=\"noopener\">Puerto Col\u00f3n<\/a>, Kosta Adech\u0117s j\u016bros gyvyb\u0117s \u0161irdyje, kur laivas \"Gulliver\" laukia, kad nuskraidint\u0173 jus \u012f intymi\u0105 kelion\u0119, kurioje gali plaukti tik 12 sve\u010di\u0173. Tai u\u017etikrina asmenin\u0119 ir i\u0161skirtin\u0119 patirt\u012f, nesvarbu, ar plaukiojate kelias valandas, ar leid\u017eiat\u0117s \u012f did\u012fj\u012f \u017eyg\u012f.<\/p>\n<h4>\ud83c\udf0a <strong>Dalyvaukite nepakartojamoje j\u016breivyst\u0117s veikloje<\/strong><\/h4>\n<p>Vos \u012flip\u0119 \u012f \"Guliver\u012f\" pajusite nuotyki\u0173 \u0161auksm\u0105. U\u017eburiantys Tenerif\u0117s vandenys taps j\u016bs\u0173 \u017eaidim\u0173 aik\u0161tele, si\u016blan\u010dia neribotas pramogavimo ir atradim\u0173 galimybes. Pasinerkite \u012f gaivinan\u010dius j\u016bros vandenis, plaukite bangomis irklente arba tyrin\u0117kite povandenin\u012f pasaul\u012f naudodamiesi auk\u0161\u010diausios klas\u0117s nardymo \u012franga. Kiekviena veikla sukurta taip, kad j\u016bs\u0173 j\u016brinis nuotykis b\u016bt\u0173 tikrai nepamir\u0161tamas, ir kvie\u010dia kurti prisiminimus, kurie i\u0161liks visam gyvenimui.<\/p>\n<h4>\ud83d\udc2c <strong>Auk\u0161tesn\u0117 elegancija u\u017e i\u0161skirtin\u0119 kain\u0105<\/strong><\/h4>\n<p>CanaryVIP i\u0161kelia <a href=\"https:\/\/canaryvip.com\/lt\/tenerife\/boat-hire-tenerife\/?swcfpc=1\">jacht\u0173 frachtavimo<\/a> patirti su \"Gulliver\", kuriame derinama prabangi prabanga ir neprilygstama vert\u0117. Atraskite nuotyk\u012f, kuriame \u012fperkamumas dera su rafinuotumu, o konkurencingos kainos apima visus patogumus ir paslaugas, b\u016btinas nepakartojamai kelionei j\u016bra.<\/p>\n<h3>\ud83d\udd52 <strong>Pasirinkite savo nuotyk\u012f: Nuo vienos dienos u\u017esakom\u0173j\u0173 reis\u0173 iki ilgesn\u0117s vie\u0161nag\u0117s<\/strong><\/h3>\n<ul>\n<li><b>3,5 valandos trukm\u0117s chartija: <\/b>Ie\u0161kote smagaus ir paprasto b\u016bdo pasim\u0117gauti vandenynu? \u0160is 3,5 val. trukm\u0117s privatus u\u017esakomasis reisas puikiai tinka \u0161eimoms ar grup\u0117ms, norin\u010dioms ramiai susipa\u017einti su nuostabia Tenerif\u0117s pakrante. Plaukiokite, nardykite ir m\u0117gaukit\u0117s j\u016bros v\u0117jeliu, tuo pat metu naudodamiesi m\u016bs\u0173 laive esan\u010diu vandens kalneliu - m\u0117gstamu tiek vaik\u0173, tiek suaugusi\u0173j\u0173!<\/li>\n<li><b>5 valand\u0173 chartija: <\/b><span style=\"font-weight: 400;\">Reikia daugiau laiko tyrin\u0117ti? Penki\u0173 valand\u0173 trukm\u0117s u\u017esakomoji kelion\u0117 - puiki nuotyki\u0173 ir poilsio pusiausvyra. Plaukiosite palei pakrant\u0119, laikysite inkar\u0105 pasl\u0117ptose \u012flankose ir m\u0117gausit\u0117s maudyn\u0117mis, nardymu ir saul\u0117s voniomis. \u017dinoma, vandens \u010diuo\u017eykla visada pasiruo\u0161usi papildomoms pramogoms ant vandens. Idealiai tinka tiems, kurie nori visk\u0105 daryti savo tempu.<\/span><\/li>\n<li><b>7 valand\u0173 trukm\u0117s u\u017esakomoji kelion\u0117 \u012f Los Gigantes: <\/b><span style=\"font-weight: 400;\">M\u016bs\u0173 7 valand\u0173 trukm\u0117s u\u017esakomoji 7 valand\u0173 kelion\u0117 jus nuves iki dramati\u0161k\u0173 Los Gigantes uol\u0173 - vieno i\u0161 \u017eymiausi\u0173 Tenerif\u0117s gamtos stebukl\u0173. Pakeliui tur\u0117site daug laiko maudytis, nardyti ir m\u0117gautis kiekvienu \u0161ios kvap\u0105 gniau\u017eian\u010dios kelion\u0117s kampeliu. Laive esantis vandens nusileidimo kalnelis suteikia \u017eaismingumo, tod\u0117l \u0161i kelion\u0117 patiks grup\u0117ms, \u0161eimoms ar poroms, norin\u010dioms patirti Tenerif\u0119 i\u0161 visi\u0161kai naujos perspektyvos.<\/span><\/li>\n<\/ul>\n<h3>\u2705 <strong>Viskas, ko reikia puikiai dienai j\u016broje<\/strong><\/h3>\n<ul>\n<li>Nemokami gurmani\u0161ki u\u017ekand\u017eiai ir neriboti g\u0117rimai visoms am\u017eiaus grup\u0117ms.<\/li>\n<li>Patyrusi, daugiakalb\u0117 \u012fgula, pasirengusi patenkinti visus j\u016bs\u0173 poreikius, \u012fskaitant padav\u0117j\u0105 ir kapiton\u0105.<\/li>\n<li>Visa nardymo \u012franga povandeniniams nuotykiams.<\/li>\n<li>VIP aptarnavimas, patogios s\u0117dyn\u0117s ir daug erdv\u0117s kiekvienam sve\u010diui.<\/li>\n<\/ul>\n<h3>\ud83d\udccd <strong>I\u0161vykimas i\u0161 Puerto Kolono: J\u016bs\u0173 vartai \u012f nuotykius<\/strong><\/h3>\n<p>Puerto Col\u00f3n, \u012fsik\u016br\u0119s prie 3 vart\u0173, \u0161urmuliuojan\u010dioje Kosta Adech\u0117s \u0161irdyje, yra puikus i\u0161vykimo ta\u0161kas j\u016bs\u0173 \"Gulliver Yacht\" patir\u010diai. Atvykite likus vos 15 minu\u010di\u0173 iki numatyto i\u0161vykimo, kad u\u017etikrintum\u0117te skland\u017ei\u0105 nuotyki\u0173 prad\u017ei\u0105, o uoste rasite patogi\u0105 automobili\u0173 stov\u0117jimo aik\u0161tel\u0119, kad b\u016bt\u0173 patogu \u012f j\u0105 patekti.<\/p>\n<h4>\ud83d\udcdc <strong>Nesud\u0117tingas u\u017esakymas ir ai\u0161kios taisykl\u0117s - ramyb\u0117<\/strong><\/h4>\n<p>Kelion\u0117 \u012f \"Guliver Yacht\" nuotykius yra sukurta taip, kad nuo u\u017esakymo iki \u012flipimo \u012f laiv\u0105 vykt\u0173 kuo skland\u017eiau. CanaryVIP teikia pirmenyb\u0119 j\u016bs\u0173 komfortui ir saugumui, u\u017etikrindama, kad kiekvienas j\u016bs\u0173 kelion\u0117s aspektas b\u016bt\u0173 aptariamas ai\u0161kiai ir r\u016bpestingai.<\/p>\n<ul>\n<li><strong>Or\u0173 garantija<\/strong>: Stebime j\u016bras, kad plaukimas b\u016bt\u0173 sklandus. Esant nepalankioms s\u0105lygoms, galite rinktis i\u0161 kito tvarkara\u0161\u010dio arba susigr\u0105\u017einti visus pinigus, pirmiausia u\u017etikrindami savo saugum\u0105 ir pasitenkinim\u0105.<\/li>\n<li><strong>Lankstus at\u0161aukimas<\/strong>: Planai kei\u010diasi, ir mes tai suprantame. At\u0161aukite kelion\u0119 likus ne daugiau kaip 5 dienoms iki kelion\u0117s ir atgaukite vis\u0105 sumok\u0117t\u0105 sum\u0105. Deja, ma\u017eiau nei prie\u0161 5 dienas \u012fsp\u0117jus arba neatvykus, pinigai negr\u0105\u017einami. Atkreipkite d\u0117mes\u012f, kad mok\u0117jim\u0173 apdorojimo mokes\u010diai, lyg\u016bs 3% visos \u012fmokos, bet kuriuo atveju negr\u0105\u017einami.<\/li>\n<li><strong>Lengvai prieinami bilietai<\/strong>: Kad b\u016bt\u0173 patogiau, tur\u0117kite \u012flaipinimo kortel\u0119 telefone arba atsispausdint\u0105. M\u016bs\u0173 skaitmeniniai bilietai u\u017etikrina, kad b\u016bsite pasiruo\u0161\u0119 i\u0161plaukti be r\u016bpes\u010di\u0173.<\/li>\n<li><strong>Visapusi\u0161ka prie\u017ei\u016bra<\/strong>: Jei pasijutote blogai arba nusprend\u0117te baigti kelion\u0119 anks\u010diau, m\u016bs\u0173 komanda pasiruo\u0161usi pad\u0117ti, ta\u010diau tokiais atvejais pinig\u0173 gr\u0105\u017einimas negalimas.<\/li>\n<li><strong>Mok\u0117jimo lankstumas<\/strong>: Pasirinkite jums tinkam\u0105 mok\u0117jimo b\u016bd\u0105.<\/li>\n<\/ul>\n<p><strong>\ud83c\udf0a\ud83c\udf1f\ud83d\udee5\ufe0f U\u017esisakykite \"Gulliver Yacht\" kelion\u0119 su CanaryVIP jau \u0161iandien ir atrakinkite duris \u012f nepamir\u0161tamas akimirkas j\u016broje.<\/strong><\/p>","protected":false},"excerpt":{"rendered":"<p><strong>\ud83d\udd0d Guliverio chartija:<\/strong><br \/>\n\u2705 Saugus mok\u0117jimas.<br \/>\n\ud83d\udd10 Galimos priva\u010dios ekskursijos.<br \/>\n<span>\ud83d\udc65 Galimos bendros ekskursijos.<\/span><br \/>\n\ud83d\udee5\ufe0f 20m Yacht Comfort.<br \/>\n\u23f3 Kasdien\u0117s ekskursijos nuo 3 iki 9 val.<br \/>\n\ud83d\udd59 Pritaikomas i\u0161vykimo laikas.<br \/>\n\ud83c\udf74 Maitinimas ir g\u0117rimai \u012fskai\u010diuoti.<br \/>\n\ud83d\udc65 Iki 12 sve\u010di\u0173.<br \/>\n\ud83e\udd29 Pramoginiai pripu\u010diami atrakcionai.<br \/>\n\ud83d\udef6 Baidar\u0117s pridedamos.<br \/>\n\ud83d\udeb2 J\u016bros vandens dvira\u010diai.<br \/>\n\ud83d\udedd Galutinis vandens kalnelis.<br \/>\n\ud83c\udfc4\u200d\u2640\ufe0f \u012etrauktos irklent\u0117s.<br \/>\n\ud83e\udd3f Snorkeliavimo \u012franga suteikiama.<br \/>\n\ud83d\udd0a Groti muzik\u0105.<br \/>\n\ud83e\udd11 Garantuojama geriausia kaina.<br \/>\n\ud83d\udc6a Suaktyvintos nuolaidos.<br \/>\n\ud83d\udd01 At\u0161aukimas iki 5 dien\u0173.<br \/>\n\ud83c\udf0d Daugiakalb\u0117 \u012fgula.<br \/>\n\ud83c\udf1f U\u017esisakykite anks\u010diau ir sutaupykite!<br \/>\n\ud83d\udccd I\u0161vykimas i\u0161\u00a0<a href=\"https:\/\/maps.app.goo.gl\/ocJuu7A8R1JWjPbS9\">Puerto Kolonas<\/a>.<\/p>","protected":false},"featured_media":10114,"comment_status":"open","ping_status":"closed","template":"","meta":{"_acf_changed":false},"product_brand":[],"product_cat":[47],"product_tag":[],"class_list":{"0":"post-10109","1":"product","2":"type-product","3":"status-publish","4":"has-post-thumbnail","6":"product_cat-boat-hire-tenerife","7":"wcpa_has_options","9":"first","10":"instock","11":"sale","12":"virtual","13":"purchasable","14":"product-type-simple"},"acf":[],"wcpa_form_fields":{"wcpaData":{"product":{"product_price":895,"price_html":"From&nbsp;<del aria-hidden=\"true\"><span class=\"woocommerce-Price-amount amount\"><bdi>950,00&nbsp;<span class=\"woocommerce-Price-currencySymbol\">&euro;<\/span><\/bdi><\/span><\/del> <span class=\"screen-reader-text\">Pradin\u0117 kaina buvo: 950,00&nbsp;&euro;.<\/span><ins aria-hidden=\"true\"><span class=\"woocommerce-Price-amount amount\"><bdi>895,00&nbsp;<span class=\"woocommerce-Price-currencySymbol\">&euro;<\/span><\/bdi><\/span><\/ins><span class=\"screen-reader-text\">Dabartin\u0117 kaina yra: 895,00&nbsp;&euro;.<\/span>","original_product_price":950,"price_including_tax":895,"price_excluding_tax":895,"product_id":{"parent":10109,"variation":false},"is_variable":false,"stock_status":"instock","stock_quantity":null,"parent_sku":"CV10109","product_attributes":[],"custom_fields":[],"is_taxable":false,"product_name":"Gulliver: Yacht Hire Tenerife","hasImage":false},"fields":{"sec_96638f078b8951":{"extra":{"key":"sec_96638f078b8951","section_id":"sec_96638f078b8951","name":"Default","status":1,"cl_rule":"show","enableCl":false,"relations":[],"toggle":true,"title_tag":"h3","show_title":false,"showPrice":"default","form_id":11398,"form_rules":{"exclude_from_discount":true,"fee_label":"Fee","disp_hide_options_price":true,"disp_show_section_price":false,"disp_show_field_price":true,"layout_option":"standard","pric_use_as_fee":false,"process_fee_as":"woo_fee"},"layout_option":"standard"},"fields":[[{"label":"\ud83d\udcc5 Date","active":true,"required":true,"elementId":"date_106638f078b8973","picker_type":"custom","picker_mode":"single","placeholder":"","description":"","tooltip":"","name":"date_106638f078b8973","label_position":"default","desc_position":"default","enablePrice":false,"className":"","enableCl":false,"relations":[{"operator":"and","rules":[{"operator":"AND","rules":{"cl_field":"radio-group_565c78ffa81208","cl_relation":"is","cl_val":"3 Hour Trip"}}]}],"date_pic_inline":true,"date_pic_inline_hide":true,"min_date":{"type":"days","val":"1"},"max_date":{"type":"days","val":"365"},"date_pic_conf":{"disabledWeeks":[],"disabledDates":["2024-06-30","2024-07-25","2024-11-28 to 2024-12-04","2025-03-29"]},"price":"","cl_rule":"show","col":6,"type":"date","error":false,"enableDesign":false,"LabelColor":"","gt_translate_keys":["label","placeholder","description","tooltip"],"price_dependency":false,"cl_dependency":false,"value":""}],[{"elementId":"separator_66638f078b898d","separatorType":"blank","className":"","height":"3","enableCl":false,"relations":false,"cl_rule":"show","col":6,"type":"separator","error":false,"gt_translate_keys":[],"price_dependency":false,"cl_dependency":false,"value":""}],[{"active":true,"col":6,"relations":false,"cl_rule":"show","enableCl":false,"price":"","enablePrice":true,"className":"","label_position":"default","desc_position":"default","type":"select","required":true,"elementId":"select_96638f078b8998","label":"\u23f3 Trip Duration","name":"select_96638f078b8998","values":[{"label":"3.5 Hours (895\u20ac)","value":"3","selected":false,"tempId":"aco_556","price":"895","gt_translate_keys":["label"]},{"label":"5 Hours (1.200\u20ac)","value":"5","selected":false,"tempId":"aco_141","price":"1200","gt_translate_keys":["label"]},{"label":"7 Hours (1.750\u20ac)","value":"7","selected":false,"tempId":"aco_151","price":"1750","gt_translate_keys":["label"]}],"dropdown_type":"basic","error":false,"placeholder":"Select Trip Duration","priceOptions":"different_for_all","pricingType":"fixed","is_show_price":false,"gt_translate_keys":["label","placeholder"],"price_dependency":false,"cl_dependency":false,"value":""}],[{"active":true,"col":6,"relations":false,"cl_rule":"show","enableCl":false,"price":"","enablePrice":true,"className":"","label_position":"default","desc_position":"default","type":"select","required":false,"elementId":"select_0041641856","label":"\ud83d\udca6 Add jet-skis?","name":"select_0041641856","values":[{"label":"2 JetSkis for 1 Hour (500\u20ac)","value":"2 x JetSki for 1 Hour","selected":false,"tempId":"aco_2502","price":"500","gt_translate_keys":["label"]},{"label":"1 JetSki for 2 Hours (500\u20ac)","value":"1 x JetSki for 2 Hours","selected":false,"tempId":"aco_2503","price":"500","gt_translate_keys":["label"]},{"label":"2 JetSkis for 2 Hours (800\u20ac)","value":"2 x JetSki for 2 Hours","selected":false,"tempId":"aco_2927","price":"800","gt_translate_keys":["label"]}],"dropdown_type":"basic","error":false,"description":"Private JetSki tour from the boat with a JetSki instructor.","placeholder":"None","priceOptions":"different_for_all","pricingType":"fixed","is_show_price":false,"isWeightTemplate":false,"isTemplate":false,"min_quantity":"1","quantity_decimal":false,"quantity_step":"1","quantity_label":"Quantity","repeater_field_label":"{field_label}","repeater_bind":"","gt_translate_keys":["label","placeholder","description","repeater_field_label","quantity_label"],"price_dependency":false,"cl_dependency":false,"value":""}],[{"elementId":"separator_16638f078b89f1","separatorType":"blank","className":"","height":"1","enableCl":false,"relations":false,"cl_rule":"show","col":6,"type":"separator","error":false,"gt_translate_keys":[],"price_dependency":false,"cl_dependency":false,"value":""}],[{"active":true,"col":6,"relations":[{"operator":false,"rules":[{"operator":"AND","rules":{"cl_field":"radio-group_565c78ffa81208","cl_relation":"is","cl_val":"3 Hour Trip"}}]}],"cl_rule":"show","enableCl":false,"price":"","enablePrice":false,"className":"","label_position":"default","desc_position":"default","type":"select","required":false,"elementId":"select_76638f078b89d4","label":"\u23f0 Departure Time","name":"select_76638f078b89d4","values":[{"label":"10:00","value":"10:00","selected":false,"tempId":"aco_1472","gt_translate_keys":["label"]},{"label":"14:00 (2:00 PM)","value":"14:00","selected":false,"tempId":"aco_1728","gt_translate_keys":["label"]},{"label":"17:30 (5:30 PM)","value":"17:30","selected":false,"tempId":"aco_28","gt_translate_keys":["label"]}],"dropdown_type":"basic","error":false,"placeholder":"Whichever Time is Best","gt_translate_keys":["label","placeholder"],"price_dependency":false,"cl_dependency":false,"value":""}],[{"elementId":"separator-2954713577","separatorType":"blank","className":"","height":"1","enableCl":false,"relations":false,"cl_rule":"show","col":6,"type":"separator","gt_translate_keys":[],"price_dependency":false,"cl_dependency":false,"value":""}],[{"label":"\u2705 Number of People","active":true,"required":true,"elementId":"select_76638f078b89e7","dropdown_type":"basic","placeholder":"Select Number of People","name":"select_76638f078b89e7","label_position":"default","desc_position":"default","enablePrice":true,"className":"","enableCl":false,"relations":[{"operator":false,"rules":[{"operator":"AND","rules":{"cl_field":"radio-group_565c78ffa81208","cl_relation":"is","cl_val":"3 Hour Trip"}}]}],"values":[{"label":"1 person","value":"1","selected":false,"tempId":"aco_1471","gt_translate_keys":["label"]},{"label":"2 people","value":"2","selected":false,"tempId":"aco_1472","gt_translate_keys":["label"]},{"label":"3 people (+10\u20ac)","value":"3","selected":false,"tempId":"aco_1500","price":"10","gt_translate_keys":["label"]},{"label":"4 people (+20\u20ac)","value":"4","selected":false,"tempId":"aco_1510","price":"20","gt_translate_keys":["label"]},{"label":"5 people (+30\u20ac)","value":"5","selected":false,"tempId":"aco_1520","price":"30","gt_translate_keys":["label"]},{"label":"6 people (+40\u20ac)","value":"6","selected":false,"tempId":"aco_1728","price":"40","gt_translate_keys":["label"]},{"label":"7 people (+50\u20ac)","value":"7","selected":false,"tempId":"aco_1738","price":"50","gt_translate_keys":["label"]},{"label":"8 people (+60\u20ac)","value":"8","selected":false,"tempId":"aco_1748","price":"60","gt_translate_keys":["label"]},{"label":"9 people (+70\u20ac)","value":"9","selected":false,"tempId":"aco_1912","price":"70","gt_translate_keys":["label"]},{"label":"10 people (+80\u20ac)","value":"10","selected":false,"tempId":"aco_1922","price":"80","gt_translate_keys":["label"]},{"label":"11 People (+90\u20ac)","value":"11","selected":false,"tempId":"aco_19","price":"90","gt_translate_keys":["label"]},{"label":"12 People (+100\u20ac)","value":"12","selected":false,"tempId":"aco_29","price":"100","gt_translate_keys":["label"]}],"price":"","cl_rule":"show","col":6,"type":"select","error":false,"priceOptions":"different_for_all","pricingType":"fixed","gt_translate_keys":["label","placeholder"],"price_dependency":false,"cl_dependency":false,"value":""}],[{"elementId":"separator_26638f078b89de","separatorType":"blank","className":"","height":"1","enableCl":false,"relations":false,"cl_rule":"show","col":6,"type":"separator","gt_translate_keys":[],"price_dependency":false,"cl_dependency":false,"value":""}]]}},"config":{"price_override":"always","enable_recaptcha":false,"bind_quantity":false,"quantity_bind_formula":false,"disp_summ_show_option_price":true,"disp_summ_show_product_price":false,"disp_summ_show_total_price":true,"disp_summ_show_fee":true,"disp_summ_show_discount":true,"summary_title":"","options_total_label":"Options Price","total_label":"Total Amount","options_product_label":"Product Price","fee_label":"Fee","discount_label":"Discount","has_price":true,"has_quantity_formula":false},"mc_unit":1,"tax_rate":1,"tax_rate_real":1,"discount":{"percentage":0,"fixed":0},"design":{"conf":{"LabelPosition":"above","DescPosition":"above","UploadField":"custom_1","QuantityFieldStyle":"custom_1"},"css":{"LeftLabelWidth":"120px"}},"formulas":{"fmla_1708360988969136756":"(({field.select_56638eb5b235ae.value}>=3)?(1200):(({field.select_56638eb5b235ae.value}>=2)?(850):(({field.select_56638eb5b235ae.value}>=1)?(540):(0))))","fmla_1708364241278155361":"(({field.select_5841412719.value}>=8)?({field.select_5841412719.price}):(({field.select_5841412719.value}>=5)?({field.select_5841412719.price}):(({field.select_5841412719.value}>=3)?({field.select_5841412719.price}):(0))))"},"lookuptables":[],"clones":false,"cartKey":false}},"_links":{"self":[{"href":"https:\/\/canaryvip.com\/lt\/wp-json\/wp\/v2\/product\/10109","targetHints":{"allow":["GET"]}}],"collection":[{"href":"https:\/\/canaryvip.com\/lt\/wp-json\/wp\/v2\/product"}],"about":[{"href":"https:\/\/canaryvip.com\/lt\/wp-json\/wp\/v2\/types\/product"}],"replies":[{"embeddable":true,"href":"https:\/\/canaryvip.com\/lt\/wp-json\/wp\/v2\/comments?post=10109"}],"wp:featuredmedia":[{"embeddable":true,"href":"https:\/\/canaryvip.com\/lt\/wp-json\/wp\/v2\/media\/10114"}],"wp:attachment":[{"href":"https:\/\/canaryvip.com\/lt\/wp-json\/wp\/v2\/media?parent=10109"}],"wp:term":[{"taxonomy":"product_brand","embeddable":true,"href":"https:\/\/canaryvip.com\/lt\/wp-json\/wp\/v2\/product_brand?post=10109"},{"taxonomy":"product_cat","embeddable":true,"href":"https:\/\/canaryvip.com\/lt\/wp-json\/wp\/v2\/product_cat?post=10109"},{"taxonomy":"product_tag","embeddable":true,"href":"https:\/\/canaryvip.com\/lt\/wp-json\/wp\/v2\/product_tag?post=10109"}],"curies":[{"name":"wp","href":"https:\/\/api.w.org\/{rel}","templated":true}]}}