{"id":9191,"date":"2024-01-28T19:00:41","date_gmt":"2024-01-28T19:00:41","guid":{"rendered":"https:\/\/canaryvip.com\/?page_id=9191"},"modified":"2026-03-07T10:38:22","modified_gmt":"2026-03-07T10:38:22","slug":"privacy-policy","status":"publish","type":"page","link":"https:\/\/canaryvip.com\/lt\/privacy-policy\/","title":{"rendered":"Privatumo politika"},"content":{"rendered":"<section class=\"l-section wpb_row us_custom_4af741be height_auto\"><div class=\"l-section-h i-cf\"><div class=\"g-cols vc_row via_flex valign_top type_default stacking_default\"><div class=\"vc_col-sm-12 wpb_column vc_column_container\"><div class=\"vc_column-inner us_custom_5cd26a65\"><div class=\"wpb_wrapper\"><div class=\"wpb_text_column\"><div class=\"wpb_wrapper\"><h2>1. \u012evadas<\/h2>\n<p>Sveiki atvyk\u0119 \u012f CanaryVIP.com. J\u016bs\u0173 asmens duomen\u0173 apsauga ir privatumas mums yra svarbiausi prioritetai. \u0160ioje privatumo politikoje apra\u0161omos m\u016bs\u0173 renkamos asmenin\u0117s informacijos kategorijos, tikslai, kuriais j\u0105 naudojame, kaip ja dalijam\u0117s ir saugome, taip pat saugumo priemon\u0117s, kurias taikome, kad ji b\u016bt\u0173 saugi. Visa duomen\u0173 tvarkymo veikla vykdoma pagal galiojan\u010dius duomen\u0173 apsaugos teis\u0117s aktus, \u012fskaitant Bendr\u0105j\u012f duomen\u0173 apsaugos reglament\u0105 (BDAR).<\/p>\n<h2>2. Duomen\u0173 valdytojas<\/h2>\n<p>Pagal BDAR u\u017e j\u016bs\u0173 asmens duomen\u0173 tvarkym\u0105 atsakingas subjektas yra:<\/p>\n<p><img decoding=\"async\" class=\"alignnone wp-image-15255\" src=\"https:\/\/canaryvip.com\/wp-content\/uploads\/2025\/07\/canaryvipcompany.png\" alt=\"CanaryVIP\" width=\"400\" height=\"145\" srcset=\"https:\/\/canaryvip.com\/wp-content\/uploads\/2025\/07\/canaryvipcompany.png 772w, https:\/\/canaryvip.com\/wp-content\/uploads\/2025\/07\/canaryvipcompany-300x109.png 300w, https:\/\/canaryvip.com\/wp-content\/uploads\/2025\/07\/canaryvipcompany-18x7.png 18w, https:\/\/canaryvip.com\/wp-content\/uploads\/2025\/07\/canaryvipcompany-600x218.png 600w\" sizes=\"(max-width: 400px) 100vw, 400px\" title=\"\"><\/p>\n<h2>3. Tvarkymo teisinis pagrindas<\/h2>\n<p>Pagal BDAR 6 straipsn\u012f CanaryVIP remiasi \u0161iais teisiniais pagrindais tvarkyti asmens duomenis:<\/p>\n<h3>3.1 Sutarties vykdymas (6.1.b straipsnis)<\/h3>\n<p>Asmens duomenis tvarkome, kai tai b\u016btina siekiant \u012fvykdyti su jumis sudaryt\u0105 sutart\u012f arba imtis veiksm\u0173 j\u016bs\u0173 pra\u0161ymu prie\u0161 sudarant sutart\u012f. Tai apima:<\/p>\n<ul>\n<li>tvarkyti u\u017esakymus ir valdyti rezervacijas.<\/li>\n<li>klient\u0173 aptarnavimas, susij\u0119s su u\u017esakytomis paslaugomis.<\/li>\n<li>At\u0161aukim\u0173, kompensacij\u0173 ir mar\u0161ruto pakeitim\u0173 tvarkymas.<\/li>\n<\/ul>\n<h3>3.2 Sutikimas (6.1.a straipsnis)<\/h3>\n<p>Jei to reikalaujama pagal \u012fstatymus, prie\u0161 tvarkydami asmens duomenis gauname ai\u0161k\u0173 j\u016bs\u0173 sutikim\u0105. Tai vis\u0173 pirma taikoma:<\/p>\n<ul>\n<li>reklamini\u0173 el. lai\u0161k\u0173, naujienlai\u0161ki\u0173 ar rinkodaros prane\u0161im\u0173 siuntimas.<\/li>\n<li>papildomos informacijos rinkimas naudojant pasirenkamas formas m\u016bs\u0173 svetain\u0117je.<\/li>\n<\/ul>\n<p>Savo sutikim\u0105 galite at\u0161aukti bet kuriuo metu, nedarydami poveikio prie\u0161 at\u0161aukim\u0105 atlikto duomen\u0173 tvarkymo teis\u0117tumui.<\/p>\n<h3>3.3 Teisin\u0117 prievol\u0117 (6.1.c straipsnis)<\/h3>\n<p>Galime tvarkyti asmens duomenis, kad \u012fvykdytume CanaryVIP privalomas teisines prievoles, \u012fskaitant:<\/p>\n<ul>\n<li>Mokes\u010di\u0173 ir finansini\u0173 taisykli\u0173, susijusi\u0173 su s\u0105skait\u0173 fakt\u016br\u0173 i\u0161ra\u0161ymu ir sandoriais.<\/li>\n<li>Vartotoj\u0173 apsaugos teis\u0117s aktai.<\/li>\n<li>reaguojant \u012f teis\u0117tus vald\u017eios institucij\u0173 ar teis\u0117saugos institucij\u0173 pra\u0161ymus.<\/li>\n<\/ul>\n<h3>3.4 Teis\u0117tas interesas (6.1.f straipsnis)<\/h3>\n<p>Duomenis galime tvarkyti remdamiesi savo teis\u0117tais verslo interesais, jei \u0161ie interesai n\u0117ra svarbesni u\u017e j\u016bs\u0173 teises ir laisves. Pavyzd\u017eiai:<\/p>\n<ul>\n<li>tobulinti savo paslaugas pasitelkiant klient\u0173 atsiliepimus ir analiz\u0119.<\/li>\n<li>Suk\u010diavimo prevencija ir kibernetinis saugumas.<\/li>\n<li>atsakyti \u012f bendras u\u017eklausas ir klient\u0173 aptarnavimo u\u017eklausas.<\/li>\n<\/ul>\n<p>Turite teis\u0119 bet kuriuo metu nesutikti su teis\u0117tu interesu pagr\u012fstu duomen\u0173 tvarkymu. Nor\u0117dami pasinaudoti \u0161ia teise, susisiekite su mumis <strong><a href=\"mailto:info@canaryvip.com\">info@canaryvip.com<\/a><\/strong>.<\/p>\n<hr \/>\n<h2>4. M\u016bs\u0173 renkama informacija ir kaip j\u0105 naudojame<\/h2>\n<h3>4.1 Asmens duomen\u0173 kategorijos<\/h3>\n<p>Galime rinkti ir tvarkyti \u0161i\u0173 tip\u0173 asmens duomenis:<\/p>\n<ul>\n<li><strong>Tapatyb\u0117s duomenys:<\/strong> Vardas, pavard\u0117, gimimo data.<\/li>\n<li><strong>Kontaktiniai duomenys:<\/strong> El. pa\u0161to adresas, telefono numeris.<\/li>\n<li><strong>U\u017esakymo duomenys:<\/strong> I\u0161sami informacija apie ekskursij\u0105, u\u017esakymo informacija ir susij\u0119 mok\u0117jimai.<\/li>\n<li><strong>Ry\u0161io duomenys:<\/strong> Elektroniniai lai\u0161kai, \u017einut\u0117s ir bendravimo su klientais \u012fra\u0161ai.<\/li>\n<li><strong>Sandorio duomenys:<\/strong> Mok\u0117jimo informacija saugiai apdorojama per tre\u010di\u0173j\u0173 \u0161ali\u0173 mok\u0117jimo paslaug\u0173 teik\u0117jus.<\/li>\n<\/ul>\n<h3>4.2 Apdorojimo tikslai<\/h3>\n<p>Surinktus asmens duomenis naudojame \u0161iais tikslais:<\/p>\n<ul>\n<li>tvarkyti ir valdyti u\u017esakymus ir rezervacijas.<\/li>\n<li>klient\u0173 aptarnavimas prie\u0161 ekskursijas, j\u0173 metu ir po j\u0173.<\/li>\n<li>su paslaugomis susijusi\u0173 prane\u0161im\u0173 (patvirtinim\u0173, priminim\u0173, atnaujinim\u0173) siuntimas.<\/li>\n<li>teisini\u0173 ir reguliavimo \u012fsipareigojim\u0173 vykdymas.<\/li>\n<\/ul>\n<hr \/>\n<h2>5. Dalijimasis duomenimis ir j\u0173 saugojimas<\/h2>\n<h3>5.1 Kada dalijam\u0117s duomenimis<\/h3>\n<p>Dalijam\u0117s asmeniniais duomenimis tik tada, kai tai b\u016btina, ir visada laikydamiesi BDAR. Gav\u0117jai gali b\u016bti:<\/p>\n<ul>\n<li><strong>Mok\u0117jim\u0173 apdorojimo paslaug\u0173 teik\u0117jai:<\/strong> saugiai apdoroti sandorius. (pvz., \"Stripe\", \"PayPal\").<\/li>\n<li><strong>Reguliavimo institucijos:<\/strong> Kai atskleisti informacij\u0105 reikalaujama pagal \u012fstatymus.<\/li>\n<li><strong>Paslaug\u0173 teik\u0117jai:<\/strong> Suk\u010diavimo prevencijai, saugumui ir operacinei pagalbai.<\/li>\n<\/ul>\n<p>Informacijos apie duomenis, kuriais dalijamasi naudojant slapukus ir sekimo technologijas, rasite m\u016bs\u0173 <strong><a href=\"https:\/\/canaryvip.com\/lt\/cookie-policy\/\" target=\"_blank\" rel=\"noopener\">Slapuk\u0173 politika<\/a><\/strong>.<\/p>\n<h3>5.2 Tarptautinis duomen\u0173 perdavimas<\/h3>\n<p>Siekdama teikti paslaugas, CanaryVIP gali dalytis asmens duomenimis su tre\u010di\u0173j\u0173 \u0161ali\u0173 paslaug\u0173 teik\u0117jais, esan\u010diais u\u017e Europos ekonomin\u0117s erdv\u0117s (EEE) rib\u0173. Kai taip atsitinka, mes u\u017etikriname, kad b\u016bt\u0173 laikomasi BDAR 44-50 straipsni\u0173, taikydami atitinkamas teisines apsaugos priemones:<\/p>\n<ul>\n<li>Tam tikri paslaug\u0173 teik\u0117jai, \u012fskaitant <strong>\"Google\", \"Meta\" (\"Facebook\" ir \"Instagram\") ir \"TikTok<\/strong>, \u012fsik\u016brusios Jungtin\u0117se Amerikos Valstijose ir dalyvaujan\u010dios <strong>ES ir JAV duomen\u0173 privatumo sistema (DPF)<\/strong>.<\/li>\n<li>Paslaug\u0173 teik\u0117jams, kuriems netaikomas DPF, pvz. <strong>\"Stripe\" ir \"PayPal<\/strong>, mes remiam\u0117s <strong>Standartin\u0117s sutar\u010di\u0173 s\u0105lygos (SCC)<\/strong> Europos Komisijos patvirtinta, kad b\u016bt\u0173 u\u017etikrintas tinkamas duomen\u0173 apsaugos lygis.<\/li>\n<\/ul>\n<p>Jei turite klausim\u0173 apie tarptautin\u012f duomen\u0173 perdavim\u0105, susisiekite su mumis adresu <strong><a href=\"mailto:info@canaryvip.com\">info@canaryvip.com<\/a><\/strong>.<\/p>\n<h3>5.3 Kiek laiko saugome j\u016bs\u0173 duomenis<\/h3>\n<ul>\n<li>Asmens duomenys saugomi tik tiek, kiek reikia \u0161ioje politikoje apra\u0161ytiems tikslams \u012fgyvendinti.<\/li>\n<li>U\u017esakymo \u012fra\u0161ai saugomi ma\u017eiausiai <strong>5 metai<\/strong> laikytis teisini\u0173 ir mokestini\u0173 \u012fsipareigojim\u0173.<\/li>\n<li>Galite bet kada papra\u0161yti i\u0161trinti savo duomenis, laikydamiesi bet koki\u0173 teisini\u0173 saugojimo reikalavim\u0173, kurie gali b\u016bti taikomi.<\/li>\n<\/ul>\n<hr \/>\n<h2>6. Duomen\u0173 saugumas<\/h2>\n<p>Taikome technines ir organizacines priemones, kad apsaugotume asmens duomenis nuo neteis\u0117tos prieigos, praradimo, pakeitimo ar atskleidimo. \u0160ios priemon\u0117s apima:<\/p>\n<ul>\n<li><strong>SSL\/TLS \u0161ifravimas:<\/strong> Visi per m\u016bs\u0173 svetain\u0119 perduodami duomenys yra \u0161ifruojami.<\/li>\n<li><strong>\"Cloudflare\" apsauga:<\/strong> Naudojame \"Cloudflare\" saugumo paslaugas, \u012fskaitant DDoS ma\u017einim\u0105, \u017einiatinklio program\u0173 u\u017ekard\u0105 ir bot\u0173 filtravim\u0105.<\/li>\n<li><strong>Prieigos kontrol\u0117:<\/strong> Prie neskelbtin\u0173 duomen\u0173 gali prieiti tik \u012fgalioti darbuotojai, kuriems to reikia.<\/li>\n<li><strong>Duomen\u0173 minimizavimas:<\/strong> Renkame ir saugome tik b\u016btinus asmens duomenis.<\/li>\n<\/ul>\n<hr \/>\n<h2>7. J\u016bs\u0173 teis\u0117s pagal BDAR<\/h2>\n<p>Bendrasis duomen\u0173 apsaugos reglamentas suteikia jums \u0161ias teises, susijusias su j\u016bs\u0173 asmens duomenimis:<\/p>\n<ul>\n<li><strong>Teis\u0117 susipa\u017einti:<\/strong> Galite pra\u0161yti patvirtinti, ar tvarkome j\u016bs\u0173 duomenis, ir gauti j\u0173 kopij\u0105.<\/li>\n<li><strong>Teis\u0117 \u012f i\u0161taisym\u0105:<\/strong> Galite pra\u0161yti i\u0161taisyti bet kokius netikslius ar nei\u0161samius m\u016bs\u0173 turimus duomenis apie jus.<\/li>\n<li><strong>Teis\u0117 \u012f i\u0161trynim\u0105:<\/strong> Galite papra\u0161yti, kad i\u0161trintume j\u016bs\u0173 asmens duomenis, atsi\u017evelgiant \u012f taikomus teisinius saugojimo \u012fpareigojimus.<\/li>\n<li><strong>Teis\u0117 \u012f apribojim\u0105:<\/strong> Tam tikromis aplinkyb\u0117mis galite pra\u0161yti, kad apribotume j\u016bs\u0173 duomen\u0173 tvarkymo b\u016bd\u0105.<\/li>\n<li><strong>Teis\u0117 prie\u0161tarauti:<\/strong> Galite nesutikti, kad duomenys b\u016bt\u0173 tvarkomi remiantis teis\u0117tu interesu.<\/li>\n<li><strong>Teis\u0117 \u012f duomen\u0173 perkeliamum\u0105:<\/strong> Galite pra\u0161yti pateikti savo duomen\u0173 kopij\u0105 strukt\u016brizuotu, \u012fprastai naudojamu ir kompiuterio skaitomu formatu.<\/li>\n<\/ul>\n<p>Nor\u0117dami pasinaudoti bet kuria i\u0161 \u0161i\u0173 teisi\u0173, susisiekite su mumis adresu <strong><a href=\"mailto:info@canaryvip.com\">info@canaryvip.com<\/a><\/strong>.<\/p>\n<hr \/>\n<h2>8. \u0160ios politikos pakeitimai<\/h2>\n<p>Naudodamiesi m\u016bs\u0173 paslaugomis sutinkate, kad j\u016bs\u0173 asmens duomenys b\u016bt\u0173 renkami ir naudojami taip, kaip apra\u0161yta \u0161ioje politikoje.<\/p>\n<p>CanaryVIP pasilieka teis\u0119 bet kada atnaujinti \u0161i\u0105 privatumo politik\u0105. Visi pakeitimai bus skelbiami \u0161iame puslapyje. Raginame jus periodi\u0161kai per\u017ei\u016br\u0117ti \u0161i\u0105 politik\u0105, kad b\u016btum\u0117te informuoti.<\/p>\n<p><strong>\u0160i privatumo politika neapima slapuk\u0173 ar sekimo technologij\u0173 naudojimo. Pra\u0161ome susipa\u017einti su m\u016bs\u0173 <a href=\"https:\/\/canaryvip.com\/lt\/cookie-policy\/\" target=\"_blank\" rel=\"noopener\">Slapuk\u0173 politika<\/a> i\u0161samios informacijos apie \u0161ias temas.<\/strong><\/p>\n<hr \/>\n<h2>9. Susisiekite su<\/h2>\n<p>Jei turite klausim\u0173 apie \u0161i\u0105 privatumo politik\u0105 arba apie tai, kaip tvarkome j\u016bs\u0173 asmeninius duomenis, galite susisiekti su mumis \u0161iuo adresu:<\/p>\n<p>\ud83d\udce7 <strong>El. pa\u0161tas:<\/strong> <a href=\"mailto:info@canaryvip.com\">info@canaryvip.com<\/a><br \/>\n\ud83c\udf0d <strong>Interneto svetain\u0117:<\/strong> <a href=\"https:\/\/canaryvip.com\/lt\/\" target=\"_blank\" rel=\"noopener\">www.canaryvip.com<\/a><\/p>\n<\/div><\/div><\/div><\/div><\/div><\/div><\/div><\/section>","protected":false},"excerpt":{"rendered":"1. \u012evadas Sveiki atvyk\u0119 \u012f CanaryVIP.com. J\u016bs\u0173 asmens duomen\u0173 apsauga ir privatumas mums yra pagrindiniai prioritetai. \u0160ioje privatumo politikoje apra\u0161omos m\u016bs\u0173 renkamos asmenin\u0117s informacijos kategorijos, tikslai, kuriais j\u0105 naudojame, b\u016bdai, kaip ja dalijam\u0117s ir saugome, bei saugumo priemon\u0117s, kurias taikome, kad ji b\u016bt\u0173 saugi. Visas duomen\u0173 tvarkymas...","protected":false},"author":1,"featured_media":0,"parent":0,"menu_order":0,"comment_status":"closed","ping_status":"closed","template":"","meta":{"_acf_changed":false,"footnotes":""},"class_list":["post-9191","page","type-page","status-publish","hentry"],"acf":[],"_links":{"self":[{"href":"https:\/\/canaryvip.com\/lt\/wp-json\/wp\/v2\/pages\/9191","targetHints":{"allow":["GET"]}}],"collection":[{"href":"https:\/\/canaryvip.com\/lt\/wp-json\/wp\/v2\/pages"}],"about":[{"href":"https:\/\/canaryvip.com\/lt\/wp-json\/wp\/v2\/types\/page"}],"author":[{"embeddable":true,"href":"https:\/\/canaryvip.com\/lt\/wp-json\/wp\/v2\/users\/1"}],"replies":[{"embeddable":true,"href":"https:\/\/canaryvip.com\/lt\/wp-json\/wp\/v2\/comments?post=9191"}],"version-history":[{"count":18,"href":"https:\/\/canaryvip.com\/lt\/wp-json\/wp\/v2\/pages\/9191\/revisions"}],"predecessor-version":[{"id":16863,"href":"https:\/\/canaryvip.com\/lt\/wp-json\/wp\/v2\/pages\/9191\/revisions\/16863"}],"wp:attachment":[{"href":"https:\/\/canaryvip.com\/lt\/wp-json\/wp\/v2\/media?parent=9191"}],"curies":[{"name":"wp","href":"https:\/\/api.w.org\/{rel}","templated":true}]}}