{"id":8956,"date":"2024-01-16T17:06:23","date_gmt":"2024-01-16T17:06:23","guid":{"rendered":"https:\/\/canaryvip.com\/?page_id=8956"},"modified":"2026-03-07T10:37:58","modified_gmt":"2026-03-07T10:37:58","slug":"best-guaranteed-price-policy","status":"publish","type":"page","link":"https:\/\/canaryvip.com\/lt\/best-guaranteed-price-policy\/","title":{"rendered":"Geriausios garantuotos kainos politika"},"content":{"rendered":"<section class=\"l-section wpb_row us_custom_4af741be height_auto\"><div class=\"l-section-h i-cf\"><div class=\"g-cols vc_row via_flex valign_top type_default stacking_default\"><div class=\"vc_col-sm-12 wpb_column vc_column_container\"><div class=\"vc_column-inner\"><div class=\"wpb_wrapper\"><div class=\"wpb_text_column\"><div class=\"wpb_wrapper\"><p>Svetain\u0117je <strong>CanaryVIP<\/strong>, norime, kad patirti geriausius Tenerif\u0117s \u012fsp\u016bd\u017eius ir niekada nepermok\u0117ti. M\u016bs\u0173 kain\u0173 atitikimo garantija atspindi m\u016bs\u0173 \u012fsipareigojim\u0105 si\u016blyti konkurencingiausias kainas rinkoje.<\/p>\n<h2>1. Kaip tai veikia<\/h2>\n<p>Jei kitoje svetain\u0117je rasite toki\u0105 pa\u010di\u0105 ekskursij\u0105 ar u\u017esi\u0117mim\u0105 u\u017e ma\u017eesn\u0119 kain\u0105, mes j\u0105 suderinsime. Procesas paprastas ir taikomas tiek prie\u0161 atliekant u\u017esakym\u0105, tiek j\u012f atlikus.<\/p>\n<h3>1.1 Kas atitinka reikalavimus<\/h3>\n<p>Kad konkuruojantis pasi\u016blymas atitikt\u0173 kainos atitikimo reikalavimus, turi b\u016bti \u012fvykdytos visos \u0161ios s\u0105lygos:<\/p>\n<ul>\n<li>Pasi\u016blymas turi b\u016bti susij\u0119s su tuo pa\u010diu produktu ar paslauga, kuri\u0105 galima \u012fsigyti CanaryVIP.<\/li>\n<li>U\u017esakymo datos turi sutapti.<\/li>\n<li>Abiej\u0173 pasi\u016blym\u0173 at\u0161aukimo politika ir bendrosios s\u0105lygos turi sutapti.<\/li>\n<\/ul>\n<h3>1.2 Kas neatitinka reikalavim\u0173<\/h3>\n<p>Yra tam tikr\u0173 situacij\u0173, kai kainos atitikimas negali b\u016bti taikomas:<\/p>\n<ul>\n<li><strong>Pasl\u0117pta arba s\u0105lygin\u0117 informacija:<\/strong> Jei konkuruojan\u010diame pasi\u016blyme svarbiausia informacija apie produkt\u0105 ar paslaug\u0105 slepiama iki tol, kol klientas \u012fsipareigoja rezervuoti.<\/li>\n<li><strong>Lojalumo, atlygio ar rekomendacij\u0173 kainodara:<\/strong> Jei ma\u017eesn\u0117 kaina yra naryst\u0117s programos, rekomendacij\u0173 sistemos, prisijungimu pagr\u012fstos nuolaidos ar bet kokio kito mechanizmo, kuris kei\u010dia vie\u0161ai rodom\u0105 kain\u0105 d\u0117l konkretaus naudotojo veiksm\u0173, rezultatas.<\/li>\n<\/ul>\n<h2>2. Kainos atitikimo pra\u0161ymas prie\u0161 u\u017esakym\u0105<\/h2>\n<ol>\n<li><strong>Pasidalykite konkuruojan\u010diu pasi\u016blymu.<\/strong> Prie\u0161 pateikdami u\u017esakym\u0105 atsi\u0173skite mums informacij\u0105 apie pigesn\u012f s\u0105ra\u0161\u0105. Prid\u0117kite tiesiogin\u0119 nuorod\u0105 ir \u012fsitikinkite, kad pasi\u016blymas yra vie\u0161ai prieinamas internete, kad gal\u0117tume j\u012f patikrinti.<\/li>\n<li><strong>Laukite patvirtinimo.<\/strong> M\u016bs\u0173 komanda per\u017ei\u016br\u0117s konkuruojant\u012f pasi\u016blym\u0105 ir patvirtins, ar jis atitinka reikalavimus. Patvirtin\u0119 kainos atitikim\u0105, apie tai informuosime jus.<\/li>\n<li><strong>U\u017epildykite u\u017esakym\u0105.<\/strong> Gav\u0119 m\u016bs\u0173 patvirtinim\u0105, rezervuokite CanaryVIP u\u017esi\u0117mim\u0105 u\u017e suderint\u0105 kain\u0105.<\/li>\n<\/ol>\n<h2>3. Kainos atitikimo pra\u0161ymas po u\u017esakymo<\/h2>\n<ol>\n<li><strong>Pasteb\u0117kite ma\u017eesn\u0119 kain\u0105.<\/strong> Jei po to, kai jau u\u017esisak\u0117te t\u0105 pat\u012f produkt\u0105 ar paslaug\u0105 pas mus, rasite pigesn\u0119 kain\u0105, surinkite informacij\u0105 apie tok\u012f pasi\u016blym\u0105.<\/li>\n<li><strong>Susisiekite su mumis.<\/strong> Kreipkit\u0117s \u012f m\u016bs\u0173 palaikymo komand\u0105 bet kuriuo i\u0161 m\u016bs\u0173 turim\u0173 kanal\u0173 ir pasidalykite informacija.<\/li>\n<li><strong>Pateikite tai, k\u0105 turime patikrinti.<\/strong> Kad gal\u0117tume apdoroti kainos atitikim\u0105 po u\u017esakymo, mums reik\u0117s:\n<ul>\n<li>Tiesiogin\u0117 nuoroda \u012f konkuruojant\u012f pasi\u016blym\u0105.<\/li>\n<li>Patvirtinimas, kad pasi\u016blymas vis dar gyvas ir vie\u0161ai prieinamas m\u016bs\u0173 per\u017ei\u016brai.<\/li>\n<\/ul>\n<\/li>\n<\/ol>\n<p>&nbsp;<\/p>\n<p>J\u016bs\u0173 pasitenkinimas yra svarbiausia. Kainos atitikimo garantija taikoma tam, kad kiekvienas klientas gal\u0117t\u0173 u\u017esisakyti kelion\u0119 visi\u0161kai pasitik\u0117damas, kad u\u017e pasirinkt\u0105 paslaug\u0105 gaus geriausi\u0105 kain\u0105.<\/p>\n<p><strong>U\u017esisakykite su CanaryVIP ir m\u0117gaukit\u0117s VIP patirtimi, nesuma\u017eindami kainos.<\/strong><\/p>\n<\/div><\/div><\/div><\/div><\/div><\/div><\/div><\/section>","protected":false},"excerpt":{"rendered":"At CanaryVIP, we want you to experience the best of Tenerife without ever overpaying. Our Price Match Guarantee reflects our commitment to offering the most competitive prices on the market. 1. How It Works If you find the same excursion or activity listed at a lower price on another website, we will match it. The...","protected":false},"author":1,"featured_media":0,"parent":0,"menu_order":0,"comment_status":"closed","ping_status":"closed","template":"","meta":{"_acf_changed":false,"footnotes":""},"class_list":["post-8956","page","type-page","status-publish","hentry"],"acf":[],"_links":{"self":[{"href":"https:\/\/canaryvip.com\/lt\/wp-json\/wp\/v2\/pages\/8956","targetHints":{"allow":["GET"]}}],"collection":[{"href":"https:\/\/canaryvip.com\/lt\/wp-json\/wp\/v2\/pages"}],"about":[{"href":"https:\/\/canaryvip.com\/lt\/wp-json\/wp\/v2\/types\/page"}],"author":[{"embeddable":true,"href":"https:\/\/canaryvip.com\/lt\/wp-json\/wp\/v2\/users\/1"}],"replies":[{"embeddable":true,"href":"https:\/\/canaryvip.com\/lt\/wp-json\/wp\/v2\/comments?post=8956"}],"version-history":[{"count":8,"href":"https:\/\/canaryvip.com\/lt\/wp-json\/wp\/v2\/pages\/8956\/revisions"}],"predecessor-version":[{"id":16862,"href":"https:\/\/canaryvip.com\/lt\/wp-json\/wp\/v2\/pages\/8956\/revisions\/16862"}],"wp:attachment":[{"href":"https:\/\/canaryvip.com\/lt\/wp-json\/wp\/v2\/media?parent=8956"}],"curies":[{"name":"wp","href":"https:\/\/api.w.org\/{rel}","templated":true}]}}