{"id":3883,"date":"2015-08-26T19:02:30","date_gmt":"2015-08-26T19:02:30","guid":{"rendered":"http:\/\/impreza.us-themes.net\/cart\/"},"modified":"2025-04-11T13:35:30","modified_gmt":"2025-04-11T12:35:30","slug":"cart","status":"publish","type":"page","link":"https:\/\/canaryvip.com\/lt\/cart\/","title":{"rendered":"\ud83d\uded2 Pirkini\u0173 krep\u0161elis"},"content":{"rendered":"<section class=\"l-section wpb_row height_small\"><div class=\"l-section-h i-cf\"><div class=\"g-cols vc_row via_flex valign_top type_default stacking_default\"><div class=\"vc_col-sm-12 wpb_column vc_column_container\"><div class=\"vc_column-inner\"><div class=\"wpb_wrapper\"><h1 class=\"w-post-elm post_title align_center entry-title color_link_inherit\">\ud83d\uded2 Pirkini\u0173 krep\u0161elis<\/h1><h2 class=\"w-text us_custom_49beb644\"><span class=\"w-text-h\"><span class=\"w-text-value\">Baigti rezervacij\u0105 ir sukurti nepamir\u0161tamas akimirkas! \ud83e\udd29<\/span><\/span><\/h2><\/div><\/div><\/div><\/div><\/div><\/section><section class=\"l-section wpb_row us_custom_b03640aa height_medium\"><div class=\"l-section-h i-cf\"><div class=\"g-cols vc_row via_flex valign_top type_default stacking_default\"><div class=\"vc_col-sm-3\/5 wpb_column vc_column_container\"><div class=\"vc_column-inner us_custom_f1ff9891\"><div class=\"wpb_wrapper\"><\/div><\/div><\/div><div class=\"vc_col-sm-2\/5 wpb_column vc_column_container\"><div class=\"vc_column-inner\"><div class=\"wpb_wrapper\"><\/div><\/div><\/div><\/div><\/div><\/section>","protected":false},"excerpt":{"rendered":"\ud83d\uded2 Pirkini\u0173 krep\u0161elisPabaigti rezervacij\u0105 ir sukurti nepamir\u0161tamas akimirkas! \ud83e\udd29","protected":false},"author":1,"featured_media":0,"parent":0,"menu_order":0,"comment_status":"closed","ping_status":"closed","template":"","meta":{"_acf_changed":false,"footnotes":""},"class_list":["post-3883","page","type-page","status-publish","hentry"],"acf":[],"_links":{"self":[{"href":"https:\/\/canaryvip.com\/lt\/wp-json\/wp\/v2\/pages\/3883","targetHints":{"allow":["GET"]}}],"collection":[{"href":"https:\/\/canaryvip.com\/lt\/wp-json\/wp\/v2\/pages"}],"about":[{"href":"https:\/\/canaryvip.com\/lt\/wp-json\/wp\/v2\/types\/page"}],"author":[{"embeddable":true,"href":"https:\/\/canaryvip.com\/lt\/wp-json\/wp\/v2\/users\/1"}],"replies":[{"embeddable":true,"href":"https:\/\/canaryvip.com\/lt\/wp-json\/wp\/v2\/comments?post=3883"}],"version-history":[{"count":36,"href":"https:\/\/canaryvip.com\/lt\/wp-json\/wp\/v2\/pages\/3883\/revisions"}],"predecessor-version":[{"id":14197,"href":"https:\/\/canaryvip.com\/lt\/wp-json\/wp\/v2\/pages\/3883\/revisions\/14197"}],"wp:attachment":[{"href":"https:\/\/canaryvip.com\/lt\/wp-json\/wp\/v2\/media?parent=3883"}],"curies":[{"name":"wp","href":"https:\/\/api.w.org\/{rel}","templated":true}]}}