{"id":13824,"date":"2025-02-24T13:59:27","date_gmt":"2025-02-24T13:59:27","guid":{"rendered":"https:\/\/canaryvip.com\/?page_id=13824"},"modified":"2025-02-24T15:06:00","modified_gmt":"2025-02-24T15:06:00","slug":"about-us","status":"publish","type":"page","link":"https:\/\/canaryvip.com\/lt\/about-us\/","title":{"rendered":"Apie mus"},"content":{"rendered":"<section class=\"l-section wpb_row height_medium width_custom\" style=\"--site-content-width:700px;\"><div class=\"l-section-h i-cf\"><div class=\"g-cols vc_row via_flex valign_top type_default stacking_default\"><div class=\"vc_col-sm-12 wpb_column vc_column_container\"><div class=\"vc_column-inner\"><div class=\"wpb_wrapper\"><h1 class=\"w-text\"><span class=\"w-text-h\"><span class=\"w-text-value\">Apie mus - CanaryVIP<\/span><\/span><\/h1><h2 class=\"w-text us_custom_fe162ea1\"><span class=\"w-text-h\"><span class=\"w-text-value\">Kas mes esame<\/span><\/span><\/h2><div class=\"wpb_text_column\"><div class=\"wpb_wrapper\"><p>CanaryVIP yra pagrindin\u0117 internetin\u0117 platforma, skirta geriausioms veikloms ir ekskursijoms Kanar\u0173 salose si\u016blyti. B\u016bdami Tu Nido Tenerife, vienos geriausi\u0173 nekilnojamojo turto agent\u016br\u0173 Tenerif\u0117je, turin\u010dios daugiau nei 20 met\u0173 patirt\u012f nekilnojamojo turto ir statyb\u0173 srityje, dalis, nuo 2010 m. si\u016blome nepamir\u0161tamus \u012fsp\u016bd\u017eius Kanar\u0173 salose.<\/p>\n<\/div><\/div><\/div><\/div><\/div><div class=\"vc_col-sm-12 wpb_column vc_column_container\"><div class=\"vc_column-inner\"><div class=\"wpb_wrapper\"><h2 class=\"w-text us_custom_9d8033b1\"><span class=\"w-text-h\"><span class=\"w-text-value\">M\u016bs\u0173 kelion\u0117<\/span><\/span><\/h2><div class=\"wpb_text_column\"><div class=\"wpb_wrapper\"><p data-pm-slice=\"1 1 &#091;&#093;\"><span>M\u016bs\u0173 \u012fmon\u0117 nuo 2003 m. u\u017esiima statybomis Tenerif\u0117je, kurdama tvirt\u0105 pagrind\u0105 nekilnojamojo turto sektoriuje. 2010 m. i\u0161pl\u0117t\u0117me savo paslaug\u0173 spektr\u0105 ir pasivadinome \"Tu Nido Tenerife\", kuri veikia Playa Fa\u00f1ab\u00e9 mieste. Ple\u010diantis verslui, persik\u0117l\u0117me \u012f Plaza Fa\u00f1ab\u00e9, o v\u0117liau i\u0161sipl\u0117t\u0117me ir \u012fk\u016br\u0117me antr\u0105 biur\u0105 Vista Sur. \u0160iandien m\u016bs\u0173 naujoji b\u016bstin\u0117 yra Madro\u00f1al de Fa\u00f1ab\u00e9, kur veikia ir Tu Nido Tenerife, ir CanaryVIP, ir toliau teikdami auk\u0161\u010diausio lygio paslaugas savo klientams.<\/span><\/p>\n<\/div><\/div><\/div><\/div><\/div><div class=\"vc_col-sm-12 wpb_column vc_column_container\"><div class=\"vc_column-inner\"><div class=\"wpb_wrapper\"><div class=\"w-image us_custom_af6a9b6a align_none\"><div class=\"w-image-h\"><img decoding=\"async\" width=\"1024\" height=\"683\" src=\"https:\/\/canaryvip.com\/wp-content\/uploads\/2025\/02\/TuNido-Office_Web-1.webp\" class=\"attachment-large size-large\" alt=\"Biuras\" loading=\"lazy\" srcset=\"https:\/\/canaryvip.com\/wp-content\/uploads\/2025\/02\/TuNido-Office_Web-1.webp 1024w, https:\/\/canaryvip.com\/wp-content\/uploads\/2025\/02\/TuNido-Office_Web-1-300x200.webp 300w, https:\/\/canaryvip.com\/wp-content\/uploads\/2025\/02\/TuNido-Office_Web-1-18x12.webp 18w, https:\/\/canaryvip.com\/wp-content\/uploads\/2025\/02\/TuNido-Office_Web-1-600x400.webp 600w\" sizes=\"auto, (max-width: 1024px) 100vw, 1024px\" title=\"\"><\/div><\/div><h2 class=\"w-text us_custom_9d8033b1\"><span class=\"w-text-h\"><span class=\"w-text-value\">CanaryVIP gimimas<\/span><\/span><\/h2><div class=\"wpb_text_column\"><div class=\"wpb_wrapper\"><p data-pm-slice=\"1 1 &#091;&#093;\"><span>2024 m. pri\u0117m\u0117me strategin\u012f sprendim\u0105 atskirti savo veiklos ir ekskursij\u0173 versl\u0105 nuo Tu Nido Tenerife ir sukurti CanaryVIP kaip atskir\u0105 prek\u0117s \u017eenkl\u0105, skirt\u0105 tik turizmo patirtims Kanar\u0173 salose. Nors Tu Nido Tenerife i\u0161lieka gerai \u017einomu vardu <a href=\"https:\/\/www.tunidotenerife.com\/en\/inmobiliaria-tenerife\/\" target=\"_blank\" rel=\"noopener\">nekilnojamasis turtas Tenerif\u0117<\/a> sektorius, <strong>CanaryVIP<\/strong> spar\u010diai i\u0161augo \u012f lyderiaujant\u012f interneto prek\u0117s \u017eenkl\u0105, tod\u0117l lankytojams lengviau nei bet kada anks\u010diau u\u017esisakyti ne\u012ftik\u0117tin\u0105 veikl\u0105, ekskursijas ir nuotykius visose salose.<\/span><\/p>\n<\/div><\/div><div class=\"w-html us_custom_af6a9b6a\"><iframe src=\"https:\/\/www.google.com\/maps\/embed?pb=!1m18!1m12!1m3!1d5215.387122659485!2d-16.72642792321668!3d28.09472697596261!2m3!1f0!2f0!3f0!3m2!1i1024!2i768!4f13.1!3m3!1m2!1s0xc6a996288a2335b%3A0x6e5358268b00a79!2sCanaryVIP%20-%20Tours%20and%20Excursions!5e1!3m2!1sen!2ses!4v1740406697434!5m2!1sen!2ses\" width=\"700\" height=\"300\" style=\"border:0;\" allowfullscreen=\"\" loading=\"lazy\" referrerpolicy=\"no-referrer-when-downgrade\"><\/iframe><\/div><\/div><\/div><\/div><div class=\"vc_col-sm-12 wpb_column vc_column_container\"><div class=\"vc_column-inner\"><div class=\"wpb_wrapper\"><h2 class=\"w-text us_custom_9d8033b1\"><span class=\"w-text-h\"><span class=\"w-text-value\">M\u016bs\u0173 misija<\/span><\/span><\/h2><div class=\"wpb_text_column\"><div class=\"wpb_wrapper\"><p data-pm-slice=\"1 1 &#091;&#093;\"><span>\"CanaryVIP\" aistringai siekia suteikti unikali\u0105, auk\u0161tos kokyb\u0117s patirt\u012f, kuri pristato geriausias Kanar\u0173 salas. Nesvarbu, ar ie\u0161kote ekskursij\u0173 laivu, vandens sporto, \u017eygi\u0173 p\u0117s\u010diomis, ar i\u0161skirtini\u0173 priva\u010di\u0173 ekskursij\u0173, mes u\u017etikriname nepamir\u0161tam\u0105 kelion\u0119, pritaikyt\u0105 j\u016bs\u0173 poreikiams.<\/span><\/p>\n<\/div><\/div><div class=\"w-separator size_medium\"><\/div><\/div><\/div><\/div><\/div><\/div><\/section>","protected":false},"excerpt":{"rendered":"Apie mus - CanaryVIPKas mes esameCanaryVIP yra pirmaujanti internetin\u0117 platforma, kurios tikslas - pasi\u016blyti geriausi\u0105 veikl\u0105 ir ekskursijas Kanar\u0173 salose. B\u016bdami Tu Nido Tenerife, vienos geriausi\u0173 nekilnojamojo turto agent\u016br\u0173 Tenerif\u0117je, turin\u010dios daugiau nei 20 met\u0173 patirt\u012f nekilnojamojo turto ir nekilnojamojo turto statybos srityje, dalis, si\u016blome nepamir\u0161tamas...","protected":false},"author":1,"featured_media":0,"parent":0,"menu_order":0,"comment_status":"closed","ping_status":"closed","template":"","meta":{"_acf_changed":false,"footnotes":""},"class_list":["post-13824","page","type-page","status-publish","hentry"],"acf":[],"_links":{"self":[{"href":"https:\/\/canaryvip.com\/lt\/wp-json\/wp\/v2\/pages\/13824","targetHints":{"allow":["GET"]}}],"collection":[{"href":"https:\/\/canaryvip.com\/lt\/wp-json\/wp\/v2\/pages"}],"about":[{"href":"https:\/\/canaryvip.com\/lt\/wp-json\/wp\/v2\/types\/page"}],"author":[{"embeddable":true,"href":"https:\/\/canaryvip.com\/lt\/wp-json\/wp\/v2\/users\/1"}],"replies":[{"embeddable":true,"href":"https:\/\/canaryvip.com\/lt\/wp-json\/wp\/v2\/comments?post=13824"}],"version-history":[{"count":5,"href":"https:\/\/canaryvip.com\/lt\/wp-json\/wp\/v2\/pages\/13824\/revisions"}],"predecessor-version":[{"id":13832,"href":"https:\/\/canaryvip.com\/lt\/wp-json\/wp\/v2\/pages\/13824\/revisions\/13832"}],"wp:attachment":[{"href":"https:\/\/canaryvip.com\/lt\/wp-json\/wp\/v2\/media?parent=13824"}],"curies":[{"name":"wp","href":"https:\/\/api.w.org\/{rel}","templated":true}]}}