{"id":8817,"date":"2024-01-15T12:16:37","date_gmt":"2024-01-15T12:16:37","guid":{"rendered":"https:\/\/canaryvip.com\/?post_type=product&#038;p=8817"},"modified":"2025-09-19T12:01:26","modified_gmt":"2025-09-19T11:01:26","slug":"siam-park-vip-cabin","status":"publish","type":"product","link":"https:\/\/canaryvip.com\/it\/shop\/siam-park-vip-cabin\/","title":{"rendered":"Cabina VIP del Parco Siam"},"content":{"rendered":"<section class=\"l-section wpb_row height_medium\"><div class=\"l-section-h i-cf\"><div class=\"g-cols vc_row via_flex valign_top type_default stacking_default\"><div class=\"vc_col-sm-12 wpb_column vc_column_container\"><div class=\"vc_column-inner\"><div class=\"wpb_wrapper\"><div class=\"wpb_text_column\"><div class=\"wpb_wrapper\"><h2><strong>\ud83c\udfdd\ufe0f Siam Park Esperienza di Cabana VIP con CanaryVIP<\/strong><\/h2>\n<p>Benvenuti al Siam Park, il principale regno acquatico di Tenerife, rinomato per le sue emozionanti giostre, gli scenari mozzafiato e l'ultima avventura acquatica. Dall'adrenalinico <strong>Torre del potere<\/strong> al rilassante <strong>Fiume Mai Thai,<\/strong>\u00a0c'\u00e8 qualcosa per tutti. Immergetevi in un mondo dove l'eccitazione incontra il relax e rendete la vostra visita davvero indimenticabile con il <strong>Esperienza di Cabana VIP. <\/strong><\/p>\n<p>Scoprite perch\u00e9 l'Siam Park \u00e8 la destinazione definitiva per il divertimento della famiglia, il relax e l'avventura in un paradiso tropicale. Sperimentate il meglio dell'intrattenimento acquatico e create ricordi che dureranno per tutta la vita.<\/p>\n<h3><strong>\ud83c\udf1f Selezione esclusiva di cabine<\/strong><\/h3>\n<ul>\n<li><strong>Temi di ispirazione tailandese<\/strong>: Scegliete tra Cabana Phuket, Chiang Mai o Rataburi, ognuno dei quali \u00e8 un sereno santuario di ispirazione thailandese.<\/li>\n<li><strong>Comfort ineguagliabile<\/strong>: Divani lussuosi, docce private sulla terrazza e sedie a sdraio per il massimo del relax e del lusso.<\/li>\n<li><strong>Asciugamani inclusi<\/strong>: Non c'\u00e8 bisogno di preoccuparsi di mettere in valigia gli asciugamani: vengono forniti per la vostra comodit\u00e0.<\/li>\n<li><strong>Ventilatore per il comfort<\/strong>: Rimanete al fresco con il ventilatore in dotazione.<\/li>\n<li><strong>Mettete al sicuro i vostri beni<\/strong>: Utilizzate la cassetta di sicurezza per la vostra tranquillit\u00e0.<\/li>\n<\/ul>\n<h3><strong>\ud83c\udfa5 Intrattenimento e comfort in cabina<\/strong><\/h3>\n<ul>\n<li><strong>TV e lettore DVD<\/strong>: Ogni cabina \u00e8 dotata di TV e lettore DVD per le vostre esigenze di intrattenimento.<\/li>\n<li><strong>Rinfresco a portata di mano<\/strong>: Un minibar rifornito con una variet\u00e0 di bevande per soddisfare le vostre preferenze.<\/li>\n<\/ul>\n<h3><strong>\ud83c\udfa2 Accesso prioritario con VIP Fast Pass<\/strong><\/h3>\n<ul>\n<li><strong>Entrata istantanea nell'attrazione<\/strong>: Con i braccialetti speciali per gli ospiti VIP, potrete accedere immediatamente a tutte le attrazioni, evitando le code e massimizzando il vostro tempo di divertimento.<\/li>\n<\/ul>\n<h3>\ud83c\udf74 <strong>Cibi e bevande all-inclusive<\/strong><\/h3>\n<ul>\n<li><strong>Diverse opzioni di ristorazione<\/strong>: All'interno del parco troverete un'ampia scelta culinaria per tutti i gusti.<\/li>\n<li><strong>Bevande illimitate<\/strong>: Bevande analcoliche, birre, acqua e gelati in omaggio, per garantirvi idratazione e soddisfazione.<\/li>\n<\/ul>\n<h3><strong>\ud83d\udcb0 Prezzi e valore eccezionali<\/strong><\/h3>\n<ul>\n<li><strong>Tariffa completa<\/strong>: La Cabana VIP ha un prezzo di 610\u20ac e pu\u00f2 ospitare da 1 a 4 persone. Che si tratti di un'avventura in solitaria o di un gruppo di quattro persone, il prezzo rimane invariato, garantendo esclusivit\u00e0 e privacy.<\/li>\n<li><strong>Flessibilit\u00e0 extra per gli ospiti<\/strong>: Se il vostro gruppo \u00e8 composto da pi\u00f9 di quattro persone, avete la possibilit\u00e0 di aggiungere fino a 2 ospiti supplementari per 151 \u20ac ciascuno, rendendolo versatile per gruppi di diverse dimensioni.<\/li>\n<li><strong>Tariffe speciali estive:<\/strong> Bloccate queste tariffe anche durante gli affollati mesi estivi di luglio e agosto.<\/li>\n<li><strong>Vantaggio della prenotazione anticipata:<\/strong> Evitate gli aumenti di prezzo prenotando ora - assicuratevi la tariffa di oggi per la vostra visita futura!<\/li>\n<\/ul>\n<h3><strong>\ud83d\ude8c Trasporto comodo e gratuito<\/strong><\/h3>\n<ul>\n<li><strong>Viaggiare senza stress<\/strong>: Usufruite del servizio gratuito di autobus del Siam Park, che offre un trasporto regolare e conveniente.<\/li>\n<li><strong>Ampia copertura<\/strong>: Diversi punti di raccolta in tutta Tenerife per un facile accesso da e verso il parco.<\/li>\n<\/ul>\n<h3><strong>\u23f0 Pianificate la vostra esperienza definitiva<\/strong><\/h3>\n<ul>\n<li><strong>Aperto tutto l'anno<\/strong>: Estate (10.00-18.00), Inverno (10.00-17.00).<\/li>\n<li><strong>Accessibile e panoramico<\/strong>: Situato nella vivace Costa Adeje, unisce splendidi panorami a una facile accessibilit\u00e0.<\/li>\n<\/ul>\n<h3><strong>\ud83d\udd14 La vostra avventura di lusso vi aspetta con CanaryVIP<\/strong><\/h3>\n<ul>\n<li><strong>Un passo nel lusso<\/strong>: Elevate la vostra visita al Siam Park con un soggiorno in una Cabana VIP.<\/li>\n<li><strong>Creare ricordi indimenticabili<\/strong>: Prenotate oggi stesso e partite per un viaggio di lusso, emozioni e momenti indimenticabili.<\/li>\n<\/ul>\n<h3><b>Condizioni di cancellazione<\/b><\/h3>\n<ul>\n<li style=\"font-weight: 400;\" aria-level=\"1\"><span style=\"font-weight: 400;\">Prenotazioni annullate <\/span><b>un mese o pi\u00f9 prima della data dell'attivit\u00e0<\/b><span style=\"font-weight: 400;\"> non saranno addebitati.<\/span>&nbsp;<\/li>\n<li style=\"font-weight: 400;\" aria-level=\"1\"><span style=\"font-weight: 400;\">Prenotazioni annullate <\/span><b>tra un mese e 7 giorni prima<\/b><span style=\"font-weight: 400;\"> sar\u00e0 addebitato <\/span><b>60% dell'importo totale<\/b><span style=\"font-weight: 400;\">.<\/span>&nbsp;<\/li>\n<li style=\"font-weight: 400;\" aria-level=\"1\"><span style=\"font-weight: 400;\">Prenotazioni annullate <\/span><b>meno di 7 giorni prima<\/b><span style=\"font-weight: 400;\"> sar\u00e0 addebitato <\/span><b>l'intero importo (100%)<\/b><span style=\"font-weight: 400;\">.<\/span><\/li>\n<\/ul>\n<h3>\ud83c\udf1f Elevate la vostra avventura con CanaryVIP<\/h3>\n<p>Prenotate oggi stesso la vostra esperienza di Cabana VIP con l'CanaryVIP e assicuratevi che la vostra visita all'Siam Park sia all'insegna del lusso e di momenti indimenticabili. Godete di vantaggi esclusivi, accesso prioritario e comfort eccezionale, rendendo ogni momento della vostra avventura davvero speciale.<\/p>\n<p>Non perdete l'occasione di creare ricordi indelebili nel pi\u00f9 importante regno acquatico di Tenerife. Assicuratevi subito la vostra Cabana VIP e partite per il viaggio definitivo all'insegna del relax, dell'eccitazione e del lusso!<\/p>\n<\/div><\/div><\/div><\/div><\/div><\/div><\/div><\/section>","protected":false},"excerpt":{"rendered":"<p><strong>\ud83d\udd0d Siam Park Cabana:<\/strong><br \/>\n\u2705 Pagamento sicuro.<br \/>\n\ud83d\ude80 Fast Pass VIP per tutto il giorno.<br \/>\n\ud83d\udc68\u200d\ud83d\udc69\u200d\ud83d\udc66 Prezzo per 4 ospiti.<br \/>\n\ud83d\udc65 Pu\u00f2 ospitare fino a 6 persone.<br \/>\n\ud83d\udd10 Armadietto e asciugamani inclusi.<br \/>\n\ud83c\udf54 Cibo illimitato.<br \/>\n\ud83c\udf7a Bevande analcoliche e birra illimitate.<br \/>\n\ud83c\udfe0 Pi\u00f9 spazio? Dai un'occhiata al <a href=\"https:\/\/canaryvip.com\/it\/shop\/siam-park-vip-house\/\">Casa Siam Park<\/a>.<br \/>\n\ud83e\udd11 Miglior prezzo garantito.<br \/>\n\ud83d\ude8d Bus navetta gratuito.<br \/>\n\ud83c\udf0d Supporto in diverse lingue.<br \/>\n\ud83c\udf1f Prenota ora e risparmia!<br \/>\n\ud83d\udc32 Scoprire <a href=\"https:\/\/canaryvip.com\/it\/product-category\/tenerife\/theme-parks-tenerife\/siam-park-tickets\/\">tutti i biglietti per Siam Park qui<\/a>!<br \/>\n\ud83d\udccd Trova <a href=\"https:\/\/maps.app.goo.gl\/UfftQG3CrqW5R81r9\">Siam Park su Google Maps<\/a>!<\/p>","protected":false},"featured_media":8819,"comment_status":"open","ping_status":"closed","template":"","meta":{"_acf_changed":false},"product_brand":[],"product_cat":[54,55],"product_tag":[],"class_list":{"0":"post-8817","1":"product","2":"type-product","3":"status-publish","4":"has-post-thumbnail","6":"product_cat-theme-parks","7":"product_cat-siam-park-tickets","8":"wcpa_has_options","10":"first","11":"instock","12":"virtual","13":"purchasable","14":"product-type-simple"},"acf":[],"wcpa_form_fields":{"wcpaData":{"product":{"product_price":660,"price_html":"From&nbsp;<span class=\"woocommerce-Price-amount amount\"><bdi>660,00&nbsp;<span class=\"woocommerce-Price-currencySymbol\">&euro;<\/span><\/bdi><\/span>","original_product_price":660,"price_including_tax":660,"price_excluding_tax":660,"product_id":{"parent":8817,"variation":false},"is_variable":false,"stock_status":"instock","stock_quantity":null,"parent_sku":"CV8817","product_attributes":[],"custom_fields":[],"is_taxable":false,"product_name":"Siam Park VIP Cabin","hasImage":false},"fields":{"sec_765dcbaa6daedc":{"extra":{"key":"sec_765dcbaa6daedc","section_id":"sec_765dcbaa6daedc","name":"Default","status":1,"cl_rule":"show","enableCl":false,"relations":[],"toggle":true,"title_tag":"h3","show_title":false,"showPrice":"default","form_id":10122,"form_rules":{"exclude_from_discount":true,"fee_label":"Fee","disp_hide_options_price":true,"disp_show_section_price":false,"disp_show_field_price":true,"layout_option":"standard","pric_use_as_fee":false,"process_fee_as":"woo_fee"},"layout_option":"standard"},"fields":[[{"active":true,"col":6,"relations":false,"cl_rule":"show","enableCl":false,"price":"","enablePrice":false,"className":"","label_position":"default","desc_position":"default","type":"date","required":false,"elementId":"date_9651671511","name":"date_9651671511","label":"\ud83d\udcc5 Date","picker_type":"custom","picker_mode":"single","error":false,"date_pic_inline":true,"date_pic_inline_hide":true,"min_date":{"type":"days","val":"3"},"max_date":{"type":"days_from_min","val":"700"},"date_pic_conf":{"disabledDates":["2025-07-01 to 2025-08-31","2025-10-01 to 2025-11-01","2026-04-01","2026-04-02 to 2026-04-07","2026-04-08"],"enabledDates":[]},"isWeightTemplate":false,"isTemplate":false,"min_quantity":"1","quantity_decimal":false,"quantity_step":"1","quantity_label":"Quantity","repeater_field_label":"{field_label}","repeater_bind":"","gt_translate_keys":["label","repeater_field_label","quantity_label"],"price_dependency":false,"cl_dependency":false,"value":""}],[{"active":true,"col":6,"relations":false,"cl_rule":"show","enableCl":false,"price":"","enablePrice":true,"className":"","label_position":"default","desc_position":"default","type":"select","required":false,"elementId":"select_5229375457","label":"\ud83d\udc64 Group Size","name":"select_5229375457","values":[{"label":"1 Person (660\u20ac)","value":"1 Person","selected":false,"tempId":"aco_670","price":"660","gt_translate_keys":["label"]},{"label":"2 People (660\u20ac)","value":"2 People","selected":false,"tempId":"aco_671","price":"660","gt_translate_keys":["label"]},{"label":"3 People (660\u20ac)","value":"3 People","selected":false,"tempId":"aco_672","price":"660","gt_translate_keys":["label"]},{"label":"4 People (660\u20ac)","value":"4 People","selected":false,"tempId":"aco_898","price":"660","gt_translate_keys":["label"]},{"label":"\u2500 Beyond 4 people, each extra person costs \u20ac165 \u2500","value":"\u2500 Beyond 4 people, each extra person costs \u20ac165 \u2500","selected":false,"tempId":"aco_1784","price":"660","gt_translate_keys":["label"]},{"label":"5 People (825\u20ac)","value":"5 People","selected":false,"tempId":"aco_908","price":"825","gt_translate_keys":["label"]},{"label":"6 People (990\u20ac)","value":"6 People","selected":false,"tempId":"aco_1062","price":"990","gt_translate_keys":["label"]}],"dropdown_type":"basic","error":false,"placeholder":"None","priceOptions":"different_for_all","pricingType":"fixed","gt_translate_keys":["label","placeholder"],"price_dependency":false,"cl_dependency":false,"value":""}]]}},"config":{"price_override":"always","enable_recaptcha":false,"bind_quantity":false,"quantity_bind_formula":false,"disp_summ_show_option_price":false,"disp_summ_show_product_price":false,"disp_summ_show_total_price":true,"disp_summ_show_fee":false,"disp_summ_show_discount":false,"summary_title":"","options_total_label":"Options Price","total_label":"Total","options_product_label":"Product Price","fee_label":"Fee","discount_label":"Discount","has_price":true,"has_quantity_formula":false},"mc_unit":1,"tax_rate":1,"tax_rate_real":1,"discount":{"percentage":0,"fixed":0},"design":{"conf":{"LabelPosition":"above","DescPosition":"above","UploadField":"custom_1","QuantityFieldStyle":"custom_1"},"css":{"LeftLabelWidth":"120px"}},"formulas":[],"lookuptables":[],"clones":false,"cartKey":false}},"_links":{"self":[{"href":"https:\/\/canaryvip.com\/it\/wp-json\/wp\/v2\/product\/8817","targetHints":{"allow":["GET"]}}],"collection":[{"href":"https:\/\/canaryvip.com\/it\/wp-json\/wp\/v2\/product"}],"about":[{"href":"https:\/\/canaryvip.com\/it\/wp-json\/wp\/v2\/types\/product"}],"replies":[{"embeddable":true,"href":"https:\/\/canaryvip.com\/it\/wp-json\/wp\/v2\/comments?post=8817"}],"wp:featuredmedia":[{"embeddable":true,"href":"https:\/\/canaryvip.com\/it\/wp-json\/wp\/v2\/media\/8819"}],"wp:attachment":[{"href":"https:\/\/canaryvip.com\/it\/wp-json\/wp\/v2\/media?parent=8817"}],"wp:term":[{"taxonomy":"product_brand","embeddable":true,"href":"https:\/\/canaryvip.com\/it\/wp-json\/wp\/v2\/product_brand?post=8817"},{"taxonomy":"product_cat","embeddable":true,"href":"https:\/\/canaryvip.com\/it\/wp-json\/wp\/v2\/product_cat?post=8817"},{"taxonomy":"product_tag","embeddable":true,"href":"https:\/\/canaryvip.com\/it\/wp-json\/wp\/v2\/product_tag?post=8817"}],"curies":[{"name":"wp","href":"https:\/\/api.w.org\/{rel}","templated":true}]}}