{"id":14185,"date":"2025-04-11T10:44:51","date_gmt":"2025-04-11T09:44:51","guid":{"rendered":"https:\/\/canaryvip.com\/?post_type=product&#038;p=14185"},"modified":"2025-08-09T13:53:28","modified_gmt":"2025-08-09T12:53:28","slug":"jetski-circuit-tenerife","status":"publish","type":"product","link":"https:\/\/canaryvip.com\/it\/shop\/jetski-circuit-tenerife\/","title":{"rendered":"Circuito JetSki Tenerife"},"content":{"rendered":"<h2>\ud83d\udea4 20 minuti Circuito Jetski Tenerife<\/h2>\n<p>Siete alla ricerca di un'attivit\u00e0 rapida ed emozionante per rendere la vostra vacanza a Tenerife ancora pi\u00f9 indimenticabile? Il <strong>Circuito Jetski Tenerife<\/strong> \u00e8 la scelta perfetta per chi desidera velocit\u00e0, mare e adrenalina senza dover trascorrere ore in un tour. \u00c8 un'esperienza di 20 minuti che vi d\u00e0 la libert\u00e0 di guidare una moto d'acqua al vostro ritmo, in un ambiente sicuro e controllato, proprio nell'oceano vicino a Playa Fa\u00f1ab\u00e9.<\/p>\n<h3>\ud83c\udf0a Cos'\u00e8 il circuito Jetski?<\/h3>\n<p>Non si tratta di un <a href=\"https:\/\/canaryvip.com\/it\/shop\/jetski-tenerife\/\">Tour costiero guidato con JetSki<\/a> o safari. Il circuito di jetski \u00e8 un anello segnalato con boe in mare aperto, vicino alla costa tra Puerto Col\u00f3n e Playa Fa\u00f1ab\u00e9. Potrete percorrere questo circuito tutte le volte che vorrete durante la vostra sessione di 20 minuti. L'area \u00e8 sorvegliata da istruttori, per cui potrete godervi il brivido in tutta tranquillit\u00e0.<\/p>\n<p>\u00c8 il modo ideale per provare la moto d'acqua se avete poco tempo o se volete solo una rapida scarica di divertimento. Che lo facciate da soli, con gli amici o in coppia, \u00e8 un'iniezione di energia garantita durante la vostra giornata in spiaggia.<\/p>\n<h3>\ud83d\udccd Dove succede e come arrivarci<\/h3>\n<p>L'attivit\u00e0 si svolge nell'oceano al largo di <a href=\"https:\/\/maps.app.goo.gl\/n9D5BT5K5VsxNcbH7\" target=\"_blank\" rel=\"noopener\"><strong>Puerto Col\u00f3n,<\/strong><\/a> , uno dei principali porti turistici di Costa Adeje. Potete arrivarci facilmente a piedi o in taxi, ma se siete in spiaggia, vi rendiamo le cose ancora pi\u00f9 facili: vi offriamo un servizio di trasporto pubblico. <strong>ritiro gratuito della barca<\/strong> da diverse spiagge vicine:<\/p>\n<ul>\n<li>\ud83c\udfd6\ufe0f Playa de Troya<\/li>\n<li>\ud83c\udfd6\ufe0f Playa Fa\u00f1ab\u00e9<\/li>\n<li>\ud83c\udfd6\ufe0f Playa Torviscas<\/li>\n<li>\ud83c\udfd6\ufe0f Playa del Duque<\/li>\n<li>Lo stesso Puerto Col\u00f3n<\/li>\n<\/ul>\n<p>Basta comunicarci la spiaggia preferita per il prelievo al momento della prenotazione e uno dei membri del team verr\u00e0 in barca per portarvi al punto di partenza. \u00c8 veloce, facile e fa parte dell'esperienza.<\/p>\n<h3>\u2699\ufe0f Cosa \u00e8 incluso<\/h3>\n<p>Tutto il necessario per un viaggio divertente e sicuro \u00e8 incluso:<\/p>\n<ul>\n<li>\u2705 20 minuti di jet ski in un circuito marcato in acque libere<\/li>\n<li>\u2705 Moderne moto d'acqua Yamaha, facili da gestire e molto stabili<\/li>\n<li>\u2705 Giubbotto di salvataggio per tutti i partecipanti.<\/li>\n<li>\u2705 briefing sulla sicurezza e supervisione da parte di istruttori qualificati<\/li>\n<\/ul>\n<p>Non \u00e8 necessaria alcuna esperienza precedente. Prima di iniziare, il nostro team vi spiegher\u00e0 come funziona il tutto, in modo che vi sentiate sicuri e pronti a godervi l'esperienza fin dal primo secondo.<\/p>\n<h3>\ud83d\udc65 Chi pu\u00f2 partecipare?<\/h3>\n<p>Questa attivit\u00e0 \u00e8 adatta a quasi tutti, a patto che siate a vostro agio in acqua. \u00c8 un'ottima opzione per chi cerca un po' di avventura senza impegnarsi in un programma di un'intera giornata.<\/p>\n<ul>\n<li>\u2714\ufe0f I conducenti devono avere almeno 16 anni con il consenso scritto dei genitori.<\/li>\n<li>\u2714\ufe0f I partecipanti pi\u00f9 giovani possono unirsi ai passeggeri con un adulto.<\/li>\n<li>\ud83d\udeab Non adatto a ospiti in gravidanza.<\/li>\n<\/ul>\n<h3>\ud83d\udccb Buono a sapersi prima di partire<\/h3>\n<ul>\n<li>\ud83d\udd52 Si prega di arrivare 30 minuti prima dell'orario prenotato.<\/li>\n<li>\ud83c\udf7d\ufe0f Evitare di consumare pasti abbondanti prima dell'attivit\u00e0 per prevenire il disagio.<\/li>\n<li>\ud83d\udc59 Portare costume da bagno, asciugamano e crema solare.<\/li>\n<li>\ud83d\udc63 Le vostre scarpe e i vostri effetti personali saranno custoditi in modo sicuro durante la corsa.<\/li>\n<\/ul>\n<h3>\ud83d\udcac Perch\u00e9 scegliere il Circuito Jetski Tenerife?<\/h3>\n<p>Questa esperienza \u00e8 veloce, conveniente e piena di emozioni. \u00c8 perfetta se volete provare l'esperienza della moto d'acqua senza passare met\u00e0 della vostra giornata in acqua. Il circuito \u00e8 vicino alla costa, di facile accesso e ideale per i principianti o per chi vuole solo un po' di azione in vacanza.<\/p>\n<p>Potrete provare le stesse emozioni di un tour pi\u00f9 lungo, ma in una sessione breve e mirata che si adatta perfettamente ai vostri programmi. Se soggiornate nelle vicinanze o siete in visita per un giorno, questa \u00e8 una delle migliori avventure veloci a Costa Adeje.<\/p>\n<h3>\u2696\ufe0f Politica di cancellazione<\/h3>\n<p>Siamo consapevoli che i piani possono cambiare, soprattutto in vacanza. Ecco perch\u00e9 offriamo una politica di cancellazione flessibile per il Circuito Jetski:<\/p>\n<ul>\n<li>\u2705 Cancellazione gratuita fino a 24 ore prima della sessione prevista.<\/li>\n<li>\u2705 Rimborso completo se l'attivit\u00e0 viene cancellata a causa delle condizioni meteorologiche o di sicurezza.<\/li>\n<li>Le cancellazioni effettuate meno di 24 ore prima dell'attivit\u00e0 non saranno rimborsate.<\/li>\n<li>I no-show non sono rimborsabili in nessuna situazione.<\/li>\n<\/ul>\n<p>Se avete bisogno di cancellare o riprogrammare, contattateci il prima possibile in modo da potervi assistere. Siamo qui per aiutarvi a godervi la vostra esperienza in tutta tranquillit\u00e0.<\/p>\n<h3>\ud83c\udf1e Prenotate subito il vostro circuito Jetski<\/h3>\n<p>Non perdete l'occasione di cavalcare le onde in uno dei luoghi pi\u00f9 belli di Tenerife. Che veniate da soli o in compagnia, il <strong>Circuito Jetski Tenerife<\/strong> \u00e8 il modo perfetto per aggiungere un po' di adrenalina e divertimento al vostro soggiorno sull'isola.<\/p>\n<p><strong>Prenotate il vostro posto oggi stesso<\/strong> e preparatevi a 20 minuti di azione non-stop nelle acque di Puerto Col\u00f3n.<\/p>","protected":false},"excerpt":{"rendered":"<p><strong>\ud83d\udd0d Circuito JetSki Tenerife:<\/strong><br \/>\n<span>\u2705 Pagamento sicuro.<\/span><br \/>\n<span>\ud83c\udf1f Esperienza indimenticabile.<\/span><br \/>\n<span>\ud83d\ude80 Circuito di 20 minuti.<\/span><br \/>\n<span>\ud83d\udcc6 Disponibile tutti i giorni.<\/span><br \/>\n<span>\ud83d\udd59 Pi\u00f9 fasce orarie.<\/span><br \/>\n<span>\ud83d\udc66 +7 anni possono aderire.<\/span><br \/>\n<span>\ud83d\udc64 +16 anni in grado di guidare.<\/span><br \/>\n<span>\ud83e\udd11 Miglior prezzo garantito.<\/span><br \/>\n<span>\ud83d\udc6a Sconti attivati.<\/span><br \/>\n<span>\ud83d\udd01 Fino a 24 ore Annullamento.<\/span><br \/>\n<span>\ud83c\udf1f Prenota ora e risparmia!<\/span><span><br \/>\n\ud83d\udea4 Punti di ritiro multipli.<br \/>\n\ud83d\udccd Posizione: Puerto Col\u00f3n.<br \/>\n<\/span><\/p>","protected":false},"featured_media":14189,"comment_status":"open","ping_status":"closed","template":"","meta":{"_acf_changed":false},"product_brand":[],"product_cat":[53],"product_tag":[],"class_list":{"0":"post-14185","1":"product","2":"type-product","3":"status-publish","4":"has-post-thumbnail","6":"product_cat-water-sports","7":"wcpa_has_options","9":"first","10":"instock","11":"virtual","12":"purchasable","13":"product-type-simple"},"acf":[],"wcpa_form_fields":{"wcpaData":{"product":{"product_price":60,"price_html":"From&nbsp;<span class=\"woocommerce-Price-amount amount\"><bdi>60,00&nbsp;<span class=\"woocommerce-Price-currencySymbol\">&euro;<\/span><\/bdi><\/span>","original_product_price":60,"price_including_tax":60,"price_excluding_tax":60,"product_id":{"parent":14185,"variation":false},"is_variable":false,"stock_status":"instock","stock_quantity":null,"parent_sku":"CV14185","product_attributes":[],"custom_fields":[],"is_taxable":false,"product_name":"JetSki Circuit Tenerife","hasImage":false},"fields":{"sec_867f8e4dbaf8ed":{"extra":{"key":"sec_867f8e4dbaf8ed","section_id":"sec_867f8e4dbaf8ed","name":"Default","status":1,"cl_rule":"show","enableCl":false,"relations":[],"toggle":true,"title_tag":"h3","show_title":false,"showPrice":"default","form_id":14187,"form_rules":{"exclude_from_discount":true,"fee_label":"Fee","disp_hide_options_price":true,"disp_show_section_price":false,"disp_show_field_price":true,"layout_option":"standard","pric_use_as_fee":false,"process_fee_as":"woo_fee"},"layout_option":"standard"},"fields":[[{"label":"\ud83d\udcc5 Date","active":true,"required":true,"elementId":"date_1067f8e4dbaf91a","picker_type":"custom","picker_mode":"single","placeholder":"","description":"","tooltip":"","name":"date_1067f8e4dbaf91a","label_position":"default","desc_position":"default","enablePrice":false,"className":"","enableCl":false,"relations":[{"operator":"and","rules":[{"operator":"AND","rules":{"cl_field":"radio-group_667e15d3bd15b0","cl_relation":"is","cl_val":"3 Hour Trip"}}]}],"date_pic_inline":true,"date_pic_inline_hide":true,"min_date":{"type":"days","val":"0"},"max_date":{"type":"days","val":"365"},"date_pic_conf":{"disabledWeeks":[]},"price":"","cl_rule":"show","col":6,"type":"date","error":false,"enableDesign":false,"LabelColor":"","gt_translate_keys":["label","placeholder","description","tooltip"],"price_dependency":false,"cl_dependency":false,"value":""}],[{"active":true,"col":6,"relations":false,"cl_rule":"show","enableCl":false,"price":"","enablePrice":false,"className":"","label_position":"default","desc_position":"default","type":"select","required":false,"elementId":"select_067f8e4dbaf935","label":"\ud83d\udccd Departure Point","name":"select_067f8e4dbaf935","values":[{"label":"Puerto Col\u00f3n","value":"Puerto Col\u00f3n","selected":true,"tempId":"aco_841","gt_translate_keys":["label"]},{"label":"Troya Beach","value":"Troya Beach","selected":false,"tempId":"aco_481","gt_translate_keys":["label"]},{"label":"Fa\u00f1ab\u00e9 Beach","value":"Fa\u00f1ab\u00e9 Beach","selected":false,"tempId":"aco_482","gt_translate_keys":["label"]},{"label":"Torviscas Beach","value":"Torviscas Beach","selected":false,"tempId":"aco_515","gt_translate_keys":["label"]},{"label":"El Duque Beach","value":"El Duque Beach","selected":false,"tempId":"aco_678","gt_translate_keys":["label"]}],"dropdown_type":"basic","error":false,"gt_translate_keys":["label"],"price_dependency":false,"cl_dependency":false,"value":""}],[{"active":true,"col":6,"relations":[{"operator":false,"rules":[{"operator":"AND","rules":{"cl_field":"radio-group_667e15d3bd15b0","cl_relation":"is","cl_val":"3 Hour Trip"}}]}],"cl_rule":"show","enableCl":false,"price":"","enablePrice":false,"className":"","label_position":"default","desc_position":"default","type":"select","required":true,"elementId":"select_067f8e4dbaf94d","label":"\u23f0 Departure Time","name":"select_067f8e4dbaf94d","values":[{"label":"11:00","value":"11:00","selected":false,"tempId":"aco_281","gt_translate_keys":["label"]},{"label":"12:00","value":"12:00","selected":false,"tempId":"aco_381","gt_translate_keys":["label"]},{"label":"13:00","value":"13:00","selected":false,"tempId":"aco_1058","gt_translate_keys":["label"]},{"label":"15:00","value":"15:00","selected":false,"tempId":"aco_444","gt_translate_keys":["label"]},{"label":"16:00","value":"16:00","selected":false,"tempId":"aco_454","gt_translate_keys":["label"]}],"dropdown_type":"basic","error":false,"placeholder":"Select Departure Time","priceOptions":"different_for_all","pricingType":"custom","isTemplate":false,"is_show_price":true,"gt_translate_keys":["label","placeholder"],"price_dependency":false,"cl_dependency":false,"value":""}]]},"sec_767f8e4dbaf94e":{"extra":{"key":"sec_767f8e4dbaf94e","section_id":"sec_767f8e4dbaf94e","name":"20 min Circuit Puerto Col\u00f3n","status":1,"cl_rule":"show","enableCl":false,"relations":[{"operator":false,"rules":[{"operator":"AND","rules":{"cl_field":"radio-group_667e15d3bd15b0","cl_relation":"is","cl_val":"1 Hour Trip"}}]}],"toggle":true,"title_tag":"h4","show_title":false,"showPrice":"default","form_id":14187,"form_rules":{"exclude_from_discount":true,"fee_label":"Fee","disp_hide_options_price":true,"disp_show_section_price":false,"disp_show_field_price":true,"layout_option":"standard","pric_use_as_fee":false,"process_fee_as":"woo_fee"},"layout_option":"standard"},"fields":[[{"contentType":"rich","active":true,"label":"","elementId":"content_667f8e4dbaf968","value":"<p>\ud83c\udf9f\ufe0f <strong>Reservation<\/strong>: Pay only a deposit now to reserve; the rest is due on the day of the activity upon arrival.<\/p>","inline":true,"name":"content_667f8e4dbaf968","enablePrice":false,"className":"","subtype":"div","enableCl":false,"relations":false,"price":"","cl_rule":"show","col":6,"type":"content","error":false,"show_in_checkout":true,"enableDesign":true,"LabelSize":"14px","DescSize":"14px","gt_translate_keys":["label","value"],"price_dependency":false,"cl_dependency":false}],[{"active":true,"col":6,"relations":false,"cl_rule":"show","enableCl":false,"price":"","enablePrice":false,"className":"","label_position":"default","desc_position":"default","type":"content","required":false,"elementId":"content_567f8e4dbaf980","label":"Number of Jet Skis","name":"content_567f8e4dbaf980","contentType":"plain","value":"","error":false,"show_in_checkout":true,"inline":false,"gt_translate_keys":["label","value"],"price_dependency":false,"cl_dependency":false}],[{"active":true,"col":6,"relations":[{"operator":false,"rules":[{"operator":"AND","rules":{"cl_field":"","cl_relation":"","cl_val":""}}]}],"cl_rule":"show","enableCl":false,"price":"60","enablePrice":true,"className":"","label_position":"default","desc_position":"default","type":"radio-group","required":false,"elementId":"radio-group_667f8e4dbaf99e","label":"","name":"radio-group_667f8e4dbaf99e","values":[{"label":"\ud83d\udc64 Single JetSki (60\u20ac)","value":"Single JetSki","selected":true,"tempId":"aco_32","tooltip":"1 Person on the JetSki.","description":"","gt_translate_keys":["label","tooltip","description"]}],"layOut":"","error":false,"checkUi":"button","priceOptions":"fixed_for_all","pricingType":"fixed","enable_quantity":true,"quantity_label":"","min_quantity":"0","options_tooltip":true,"options_description":true,"is_show_price":true,"gt_translate_keys":["label","quantity_label"],"price_dependency":["content_467f8e4dbaf9f8","content_067f8e4dbafa11","content_467f8e4dbafa29"],"cl_dependency":false,"value":""}],[{"label":"","active":true,"required":false,"elementId":"radio-group_367f8e4dbaf9bb","name":"radio-group_367f8e4dbaf9bb","label_position":"default","desc_position":"default","enablePrice":true,"className":"","enableCl":false,"relations":false,"enable_quantity":true,"quantity_label":"","min_quantity":"0","checkUi":"button","layOut":"","values":[{"label":"\ud83d\udc65 Double JetSki (70\u20ac)","value":"Double JetSki","selected":true,"tempId":"aco_32","tooltip":"2 People on the same JetSki.","description":"","gt_translate_keys":["label","tooltip","description"]}],"priceOptions":"fixed_for_all","pricingType":"fixed","price":"70","cl_rule":"show","col":6,"type":"radio-group","error":false,"options_tooltip":true,"options_description":true,"is_show_price":true,"quantity_decimal":false,"quantity_step":"1","gt_translate_keys":["label","quantity_label"],"price_dependency":["content_467f8e4dbaf9f8","content_067f8e4dbafa11","content_467f8e4dbafa29"],"cl_dependency":false,"value":""}],[{"elementId":"separator_367f8e4dbaf9d6","separatorType":"fill","separatorColor":"#66a6b6","className":"","height":"3","enableCl":false,"relations":false,"cl_rule":"show","col":6,"type":"separator","gt_translate_keys":[],"price_dependency":false,"cl_dependency":false,"value":""}],[{"active":true,"col":6,"relations":false,"cl_rule":"show","enableCl":false,"price":"({field.radio-group_667f8e4dbaf99e.price}*0.30) + ({field.radio-group_367f8e4dbaf9bb.price}*0.30)","enablePrice":true,"className":"","label_position":"default","desc_position":"default","type":"content","required":false,"elementId":"content_467f8e4dbaf9f8","label":"Deposit Now","name":"content_467f8e4dbaf9f8","contentType":"plain","value":"","error":false,"pricingType":"custom","isTemplate":false,"is_show_price":false,"enableDesign":true,"scrollBar":false,"use_as_fee":false,"fee_label":"","inline":true,"show_in_checkout":true,"subtype":"div","LabelSize":"14px","LabelColor":"","gt_translate_keys":["label","value"],"price_dependency":false,"cl_dependency":false}],[{"contentType":"plain","active":true,"label":"Payment at Arrival","elementId":"content_067f8e4dbafa11","value":"","inline":true,"show_in_checkout":true,"name":"content_067f8e4dbafa11","enablePrice":true,"className":"","fee_label":"","subtype":"div","enableCl":false,"relations":[{"operator":false,"rules":[{"operator":"AND","rules":{"cl_field":"content_467f8e4dbaf9f8","cl_relation":"is_not_empty","cl_val":""}}]}],"scrollBar":false,"enableDesign":true,"pricingType":"custom","isTemplate":false,"price":"({field.radio-group_667f8e4dbaf99e.price}*0.70) + ({field.radio-group_367f8e4dbaf9bb.price}*0.70)","use_as_fee":false,"is_show_price":true,"cl_rule":"disable","col":6,"type":"content","error":false,"LabelSize":"14px","LabelColor":"","gt_translate_keys":["label","value"],"price_dependency":false,"cl_dependency":false}],[{"contentType":"plain","active":true,"label":"Total Amount","elementId":"content_467f8e4dbafa29","value":"","inline":true,"show_in_checkout":true,"name":"content_467f8e4dbafa29","enablePrice":true,"className":"","fee_label":"","subtype":"div","enableCl":false,"relations":[{"operator":false,"rules":[{"operator":"AND","rules":{"cl_field":"content_467f8e4dbaf9f8","cl_relation":"is_not_empty","cl_val":""}}]}],"scrollBar":false,"enableDesign":true,"LabelColor":"","LabelSize":"14px","pricingType":"custom","isTemplate":false,"price":"({field.radio-group_667f8e4dbaf99e.price}) + ({field.radio-group_367f8e4dbaf9bb.price})","use_as_fee":false,"is_show_price":true,"cl_rule":"disable","col":6,"type":"content","error":false,"gt_translate_keys":["label","value"],"price_dependency":false,"cl_dependency":false}]]},"sec_367f8e4dbafa2b":{"extra":{"key":"sec_367f8e4dbafa2b","section_id":"sec_367f8e4dbafa2b","name":"Pickup Location","status":1,"cl_rule":"show","enableCl":true,"relations":[{"operator":false,"rules":[{"operator":"AND","rules":{"cl_field":"radio-group_667e15d3bd15b0","cl_relation":"is_not","cl_val":"2.5 Hour Trip"}}]}],"toggle":true,"title_tag":"h4","show_title":false,"showPrice":"default","form_id":14187,"form_rules":{"exclude_from_discount":true,"fee_label":"Fee","disp_hide_options_price":true,"disp_show_section_price":false,"disp_show_field_price":true,"layout_option":"standard","pric_use_as_fee":false,"process_fee_as":"woo_fee"},"layout_option":"standard"},"fields":[[{"active":true,"col":6,"relations":false,"cl_rule":"show","enableCl":false,"price":"","enablePrice":false,"className":"","label_position":"default","desc_position":"default","type":"separator","required":false,"elementId":"separator_367f8e4dbafa53","label":"Separator Field","height":"1","separatorType":"blank","error":false,"gt_translate_keys":["label"],"price_dependency":false,"cl_dependency":false,"value":""}],[{"active":true,"col":6,"relations":[{"operator":false,"rules":[{"operator":false,"rules":{"cl_field":"radio-group_667e15d3bd15b0","cl_relation":"is_not","cl_val":"4.5 Hour Trip from North Tenerife"}}]}],"cl_rule":"show","enableCl":false,"price":"","enablePrice":false,"className":"","label_position":"default","desc_position":"default","type":"text","subtype":"text","required":false,"elementId":"text_867f8e4dbafa67","label":"\ud83d\ude8c Pickup Location","name":"text_867f8e4dbafa67","value":"","error":false,"description":"Pick-up service in some locations. Simply provide your address or hotel name. (+2\u20ac\/person paid at pickup to the driver)","repeater":false,"repeater_field_label":"{field_label}","repeater_bind":"","gt_translate_keys":["label","description","value","repeater_field_label"],"price_dependency":false,"cl_dependency":false}]]}},"config":{"price_override":"always","enable_recaptcha":false,"bind_quantity":false,"quantity_bind_formula":false,"disp_summ_show_option_price":true,"disp_summ_show_product_price":false,"disp_summ_show_total_price":false,"disp_summ_show_fee":true,"disp_summ_show_discount":true,"summary_title":"","options_total_label":"Options Price","total_label":"Deposit Amount","options_product_label":"Product Price","fee_label":"Fee","discount_label":"Discount","has_price":true,"has_quantity_formula":false},"mc_unit":1,"tax_rate":1,"tax_rate_real":1,"discount":{"percentage":0,"fixed":0},"design":{"conf":{"LabelPosition":"above","DescPosition":"above","UploadField":"custom_1","QuantityFieldStyle":"custom_1"},"css":{"LeftLabelWidth":"120px"}},"formulas":[],"lookuptables":[],"clones":false,"cartKey":false}},"_links":{"self":[{"href":"https:\/\/canaryvip.com\/it\/wp-json\/wp\/v2\/product\/14185","targetHints":{"allow":["GET"]}}],"collection":[{"href":"https:\/\/canaryvip.com\/it\/wp-json\/wp\/v2\/product"}],"about":[{"href":"https:\/\/canaryvip.com\/it\/wp-json\/wp\/v2\/types\/product"}],"replies":[{"embeddable":true,"href":"https:\/\/canaryvip.com\/it\/wp-json\/wp\/v2\/comments?post=14185"}],"wp:featuredmedia":[{"embeddable":true,"href":"https:\/\/canaryvip.com\/it\/wp-json\/wp\/v2\/media\/14189"}],"wp:attachment":[{"href":"https:\/\/canaryvip.com\/it\/wp-json\/wp\/v2\/media?parent=14185"}],"wp:term":[{"taxonomy":"product_brand","embeddable":true,"href":"https:\/\/canaryvip.com\/it\/wp-json\/wp\/v2\/product_brand?post=14185"},{"taxonomy":"product_cat","embeddable":true,"href":"https:\/\/canaryvip.com\/it\/wp-json\/wp\/v2\/product_cat?post=14185"},{"taxonomy":"product_tag","embeddable":true,"href":"https:\/\/canaryvip.com\/it\/wp-json\/wp\/v2\/product_tag?post=14185"}],"curies":[{"name":"wp","href":"https:\/\/api.w.org\/{rel}","templated":true}]}}