{"id":9195,"date":"2024-01-28T19:23:23","date_gmt":"2024-01-28T19:23:23","guid":{"rendered":"https:\/\/canaryvip.com\/?page_id=9195"},"modified":"2026-03-04T18:17:48","modified_gmt":"2026-03-04T18:17:48","slug":"collaborate-with-canaryvip","status":"publish","type":"page","link":"https:\/\/canaryvip.com\/it\/collaborate-with-canaryvip\/","title":{"rendered":"Collaborate con CanaryVIP: offrite le vostre esperienze ai viaggiatori internazionali"},"content":{"rendered":"<p>Diventate partner di CanaryVIP e mostrate le vostre attivit\u00e0 ai viaggiatori di tutto il mondo. Poich\u00e9 la nostra piattaforma continua a crescere a Tenerife, Gran Canaria, Fuerteventura, Lanzarote, La Palma e El Hierro, stiamo cercando attivamente di collaborare con fornitori di attivit\u00e0 professionali e tour operator.<\/p>\n<p>Il nostro obiettivo \u00e8 semplice: mettere in contatto esperienze locali di alta qualit\u00e0 con visitatori internazionali che vogliono scoprire il meglio che le Isole Canarie hanno da offrire.<\/p>\n<h2>Operatori turistici e di attivit\u00e0<\/h2>\n<p>Se gestite escursioni, tour in barca, avventure all'aperto, sport acquatici, esperienze guidate o qualsiasi altra attivit\u00e0 unica nelle Isole Canarie, CanaryVIP pu\u00f2 aiutarvi a raggiungere un pubblico pi\u00f9 ampio.<\/p>\n<p>Attraverso la nostra piattaforma, la vostra attivit\u00e0 pu\u00f2 ottenere visibilit\u00e0 tra i viaggiatori internazionali che cercano attivamente le cose da fare durante il loro soggiorno alle Isole Canarie.<\/p>\n<p>Collaborando con CanaryVIP, la vostra attivit\u00e0 pu\u00f2 beneficiare di:<\/p>\n<p>- Maggiore esposizione ai visitatori internazionali<br \/>\n- Prenotazioni aggiuntive attraverso la nostra piattaforma online<br \/>\n- Promozione attraverso i nostri canali di marketing digitale<br \/>\n- Un modello di collaborazione semplice e trasparente<\/p>\n<p>Collaboriamo con partner accuratamente selezionati che offrono ai visitatori esperienze professionali, sicure e memorabili.<\/p>\n<h2>Requisiti per la collaborazione<\/h2>\n<p>Per garantire la migliore esperienza ai nostri clienti, collaboriamo con operatori che soddisfano gli standard professionali e legali. Ci\u00f2 include il possesso delle licenze appropriate, l'assicurazione e la conformit\u00e0 alle normative locali, ove applicabili.<\/p>\n<p>Apprezziamo i partner che sono affidabili, comunicano chiaramente e mantengono un alto livello di servizio per gli ospiti.<\/p>\n<h2>Attivit\u00e0 che stiamo cercando<\/h2>\n<p>Siamo interessati a collaborare con un'ampia gamma di fornitori di attivit\u00e0 nelle Isole Canarie, tra cui:<\/p>\n<p>- Tour in barca e noleggio di yacht privati<br \/>\n- Escursioni per l'osservazione di balene e delfini<br \/>\n- Attivit\u00e0 con moto d'acqua e sport acquatici<br \/>\n- Avventure in quad e buggy<br \/>\n- Escursioni e visite naturalistiche<br \/>\n- Esperienze culturali e guidate<br \/>\n- Immersioni, snorkeling e attivit\u00e0 oceaniche<\/p>\n<p>Se offrite un'esperienza unica che possa piacere ai visitatori delle Isole Canarie, saremo lieti di ascoltarvi.<\/p>\n<h2>Aumenta le tue prenotazioni con CanaryVIP<\/h2>\n<p>La nostra missione \u00e8 sostenere gli operatori locali e rendere pi\u00f9 facile per i viaggiatori scoprire e prenotare esperienze autentiche nelle Isole Canarie.<\/p>\n<p>Se desiderate che le vostre escursioni o i vostri servizi vengano presentati su CanaryVIP, contattate il nostro team e parlateci della vostra attivit\u00e0.<\/p>\n<p><strong>Siete interessati a lavorare insieme? Contattateci oggi stesso e valutiamo insieme come crescere.<\/strong><\/p>","protected":false},"excerpt":{"rendered":"<p>Become a partner of CanaryVIP and showcase your activities to travelers from around the world. As our platform continues to grow across Tenerife, Gran Canaria, Fuerteventura, Lanzarote, La Palma, and El Hierro, we are actively looking to collaborate with professional activity providers and tour operators. Our goal is simple: connect high-quality local experiences with international&#8230;<\/p>","protected":false},"author":1,"featured_media":0,"parent":0,"menu_order":0,"comment_status":"closed","ping_status":"closed","template":"","meta":{"_acf_changed":false,"footnotes":""},"class_list":["post-9195","page","type-page","status-publish","hentry"],"acf":[],"_links":{"self":[{"href":"https:\/\/canaryvip.com\/it\/wp-json\/wp\/v2\/pages\/9195","targetHints":{"allow":["GET"]}}],"collection":[{"href":"https:\/\/canaryvip.com\/it\/wp-json\/wp\/v2\/pages"}],"about":[{"href":"https:\/\/canaryvip.com\/it\/wp-json\/wp\/v2\/types\/page"}],"author":[{"embeddable":true,"href":"https:\/\/canaryvip.com\/it\/wp-json\/wp\/v2\/users\/1"}],"replies":[{"embeddable":true,"href":"https:\/\/canaryvip.com\/it\/wp-json\/wp\/v2\/comments?post=9195"}],"version-history":[{"count":8,"href":"https:\/\/canaryvip.com\/it\/wp-json\/wp\/v2\/pages\/9195\/revisions"}],"predecessor-version":[{"id":16786,"href":"https:\/\/canaryvip.com\/it\/wp-json\/wp\/v2\/pages\/9195\/revisions\/16786"}],"wp:attachment":[{"href":"https:\/\/canaryvip.com\/it\/wp-json\/wp\/v2\/media?parent=9195"}],"curies":[{"name":"wp","href":"https:\/\/api.w.org\/{rel}","templated":true}]}}