{"id":14002,"date":"2025-03-19T21:07:11","date_gmt":"2025-03-19T21:07:11","guid":{"rendered":"https:\/\/canaryvip.com\/?page_id=14002"},"modified":"2025-07-29T17:08:42","modified_gmt":"2025-07-29T16:08:42","slug":"legal-notice","status":"publish","type":"page","link":"https:\/\/canaryvip.com\/it\/legal-notice\/","title":{"rendered":"Avviso legale"},"content":{"rendered":"<h2>1. IDENTIFICAZIONE DEL FORNITORE DI SERVIZI<\/h2>\n<p>Ai sensi della Legge 34\/2002, dell'11 luglio, sui servizi della societ\u00e0 dell'informazione e del commercio elettronico (LSSI-CE), si forniscono le seguenti informazioni:<\/p>\n<h2><img decoding=\"async\" class=\"alignnone wp-image-15255\" src=\"https:\/\/canaryvip.com\/wp-content\/uploads\/2025\/07\/canaryvipcompany.png\" alt=\"CanaryVIP\" width=\"400\" height=\"145\" title=\"\" srcset=\"https:\/\/canaryvip.com\/wp-content\/uploads\/2025\/07\/canaryvipcompany.png 772w, https:\/\/canaryvip.com\/wp-content\/uploads\/2025\/07\/canaryvipcompany-300x109.png 300w, https:\/\/canaryvip.com\/wp-content\/uploads\/2025\/07\/canaryvipcompany-18x7.png 18w, https:\/\/canaryvip.com\/wp-content\/uploads\/2025\/07\/canaryvipcompany-600x218.png 600w\" sizes=\"(max-width: 400px) 100vw, 400px\" \/><\/h2>\n<h2>2. SCOPO DI QUESTO SITO WEB<\/h2>\n<p>CanaryVIP.com \u00e8 una piattaforma online dedicata all'offerta di escursioni, tour ed esperienze nelle Isole Canarie. Gli utenti possono navigare, prenotare e acquistare le attivit\u00e0 attraverso il sito web.<\/p>\n<h2>3. TERMINI DI UTILIZZO<\/h2>\n<h3>3.1. Responsabilit\u00e0 dell'utente<\/h3>\n<p>L'utente si impegna a fare un uso appropriato del sito web e dei suoi contenuti. \u00c8 vietato intraprendere attivit\u00e0 illegali o azioni che possano danneggiare CanaryVIP.com o terzi.<\/p>\n<h3>3.2. Precisione delle informazioni<\/h3>\n<p>Sebbene ci sforziamo di garantire che tutte le informazioni sul nostro sito web siano accurate e aggiornate, CanaryVIP.com non garantisce che tutte le descrizioni, i prezzi e la disponibilit\u00e0 dei servizi siano privi di errori. Ci riserviamo il diritto di correggere eventuali imprecisioni o di aggiornare i contenuti senza preavviso.<\/p>\n<h3>3.3. Collegamenti esterni<\/h3>\n<p>Questo sito web pu\u00f2 contenere collegamenti a siti web di terzi. CanaryVIP.com non ha alcun controllo su questi siti esterni e non \u00e8 responsabile del loro contenuto o delle politiche sulla privacy. L'inclusione di link non implica l'approvazione da parte di CanaryVIP.com.<\/p>\n<h2>4. PROPRIET\u00c0 INTELLETTUALE<\/h2>\n<p>Tutti i contenuti di CanaryVIP.com, compresi, a titolo esemplificativo, testi, immagini, video, grafica, loghi e software, sono di propriet\u00e0 di CanaryVIP.com o dei suoi fornitori di contenuti e sono protetti dalle leggi sulla propriet\u00e0 intellettuale. L'uso, la riproduzione o la distribuzione non autorizzata di qualsiasi contenuto \u00e8 severamente vietata senza previa autorizzazione scritta da parte di CanaryVIP.com.<\/p>\n<h2>5. LIMITAZIONE DI RESPONSABILIT\u00c0<\/h2>\n<p>CanaryVIP.com non \u00e8 responsabile per:<\/p>\n<ul>\n<li>Eventuali interruzioni o guasti tecnici che interessano l'accesso al sito web dovuti a cause esterne.<\/li>\n<li>Errori nelle informazioni fornite da terzi fornitori di escursioni e attivit\u00e0.<\/li>\n<li>La mancata osservanza da parte degli utenti delle politiche di prenotazione e cancellazione descritte nei Termini e condizioni.<\/li>\n<li>Eventuali danni causati dall'uso improprio del sito web da parte degli utenti.<\/li>\n<\/ul>\n<h2>6. PROTEZIONE DEI DATI<\/h2>\n<p class=\"translation-block\">La raccolta e il trattamento dei dati personali sono conformi al <strong>Regolamento generale sulla protezione dei dati (GDPR)<\/strong> e alla <strong>Legge organica spagnola 3\/2018 sulla protezione dei dati personali e la garanzia dei diritti digitali (LOPDGDD)<\/strong>. Per ulteriori informazioni, consultare la nostra <a href=\"https:\/\/canaryvip.com\/it\/privacy-policy\/\" target=\"_self\">Privacy Policy<\/a>.<\/p>\n<h2>7. MODIFICHE ALLA PRESENTE NOTA LEGALE<\/h2>\n<p>CanaryVIP.com si riserva il diritto di modificare il presente Avviso legale in qualsiasi momento per riflettere i cambiamenti nella legge o nelle pratiche commerciali. Gli utenti dovrebbero rivedere regolarmente questa pagina per rimanere informati sugli aggiornamenti.<\/p>\n<h2>8. LEGGE APPLICABILE E GIURISDIZIONE<\/h2>\n<p class=\"translation-block\">Il presente Avviso legale \u00e8 disciplinato dalla legge spagnola. Qualsiasi controversia derivante dall'uso di questo sito web sar\u00e0 soggetta alla giurisdizione dei <strong> tribunali di Santa Cruz de Tenerife, Spagna<\/strong>, se non diversamente stabilito dalle norme applicabili ai consumatori.<\/p>\n<p>Per qualsiasi domanda su questo Avviso Legale, si prega di contattarci a <strong>info@canaryvip.com<\/strong>.<\/p>","protected":false},"excerpt":{"rendered":"<p>1. IDENTIFICATION OF THE SERVICE PROVIDER In accordance with Law 34\/2002, of July 11, on Information Society Services and Electronic Commerce (LSSI-CE), the following information is provided: 2. PURPOSE OF THIS WEBSITE CanaryVIP.com is an online platform dedicated to offering excursions, tours, and experiences in the Canary Islands. Users can browse, book, and purchase activities&#8230;<\/p>","protected":false},"author":1,"featured_media":0,"parent":0,"menu_order":0,"comment_status":"closed","ping_status":"closed","template":"","meta":{"_acf_changed":false,"footnotes":""},"class_list":["post-14002","page","type-page","status-publish","hentry"],"acf":[],"_links":{"self":[{"href":"https:\/\/canaryvip.com\/it\/wp-json\/wp\/v2\/pages\/14002","targetHints":{"allow":["GET"]}}],"collection":[{"href":"https:\/\/canaryvip.com\/it\/wp-json\/wp\/v2\/pages"}],"about":[{"href":"https:\/\/canaryvip.com\/it\/wp-json\/wp\/v2\/types\/page"}],"author":[{"embeddable":true,"href":"https:\/\/canaryvip.com\/it\/wp-json\/wp\/v2\/users\/1"}],"replies":[{"embeddable":true,"href":"https:\/\/canaryvip.com\/it\/wp-json\/wp\/v2\/comments?post=14002"}],"version-history":[{"count":8,"href":"https:\/\/canaryvip.com\/it\/wp-json\/wp\/v2\/pages\/14002\/revisions"}],"predecessor-version":[{"id":15258,"href":"https:\/\/canaryvip.com\/it\/wp-json\/wp\/v2\/pages\/14002\/revisions\/15258"}],"wp:attachment":[{"href":"https:\/\/canaryvip.com\/it\/wp-json\/wp\/v2\/media?parent=14002"}],"curies":[{"name":"wp","href":"https:\/\/api.w.org\/{rel}","templated":true}]}}