{"id":13824,"date":"2025-02-24T13:59:27","date_gmt":"2025-02-24T13:59:27","guid":{"rendered":"https:\/\/canaryvip.com\/?page_id=13824"},"modified":"2025-02-24T15:06:00","modified_gmt":"2025-02-24T15:06:00","slug":"about-us","status":"publish","type":"page","link":"https:\/\/canaryvip.com\/it\/about-us\/","title":{"rendered":"Chi siamo"},"content":{"rendered":"<section class=\"l-section wpb_row height_medium width_custom\" style=\"--site-content-width:700px;\"><div class=\"l-section-h i-cf\"><div class=\"g-cols vc_row via_flex valign_top type_default stacking_default\"><div class=\"vc_col-sm-12 wpb_column vc_column_container\"><div class=\"vc_column-inner\"><div class=\"wpb_wrapper\"><h1 class=\"w-text\"><span class=\"w-text-h\"><span class=\"w-text-value\">Chi siamo - CanaryVIP<\/span><\/span><\/h1><h2 class=\"w-text us_custom_fe162ea1\"><span class=\"w-text-h\"><span class=\"w-text-value\">Chi siamo<\/span><\/span><\/h2><div class=\"wpb_text_column\"><div class=\"wpb_wrapper\"><p>CanaryVIP \u00e8 una piattaforma online dedicata a fornire le migliori attivit\u00e0 ed escursioni nelle Isole Canarie. Come parte di Tu Nido Tenerife, una delle migliori agenzie immobiliari di Tenerife con oltre 20 anni di esperienza nel settore immobiliare e nella costruzione di immobili, offriamo esperienze indimenticabili alle Isole Canarie dal 2010.<\/p>\n<\/div><\/div><\/div><\/div><\/div><div class=\"vc_col-sm-12 wpb_column vc_column_container\"><div class=\"vc_column-inner\"><div class=\"wpb_wrapper\"><h2 class=\"w-text us_custom_9d8033b1\"><span class=\"w-text-h\"><span class=\"w-text-value\">Il nostro viaggio<\/span><\/span><\/h2><div class=\"wpb_text_column\"><div class=\"wpb_wrapper\"><p data-pm-slice=\"1 1 &#091;&#093;\"><span>La nostra azienda si dedica alle costruzioni a Tenerife dal 2003, costruendo una solida base nel settore immobiliare. Nel 2010 abbiamo ampliato i nostri servizi con il nome di Tu Nido Tenerife, operando da un ufficio a Playa Fa\u00f1ab\u00e9. Con la crescita della nostra attivit\u00e0, ci siamo trasferiti a Plaza Fa\u00f1ab\u00e9 e successivamente ci siamo ampliati con un secondo ufficio a Vista Sur. Oggi la nostra nuova sede si trova a Madro\u00f1al de Fa\u00f1ab\u00e9, dove operano sia Tu Nido Tenerife che CanaryVIP, continuando a fornire servizi di alto livello ai nostri clienti.<\/span><\/p>\n<\/div><\/div><\/div><\/div><\/div><div class=\"vc_col-sm-12 wpb_column vc_column_container\"><div class=\"vc_column-inner\"><div class=\"wpb_wrapper\"><div class=\"w-image us_custom_af6a9b6a align_none\"><div class=\"w-image-h\"><img decoding=\"async\" width=\"1024\" height=\"683\" src=\"https:\/\/canaryvip.com\/wp-content\/uploads\/2025\/02\/TuNido-Office_Web-1.webp\" class=\"attachment-large size-large\" alt=\"Ufficio\" loading=\"lazy\" srcset=\"https:\/\/canaryvip.com\/wp-content\/uploads\/2025\/02\/TuNido-Office_Web-1.webp 1024w, https:\/\/canaryvip.com\/wp-content\/uploads\/2025\/02\/TuNido-Office_Web-1-300x200.webp 300w, https:\/\/canaryvip.com\/wp-content\/uploads\/2025\/02\/TuNido-Office_Web-1-18x12.webp 18w, https:\/\/canaryvip.com\/wp-content\/uploads\/2025\/02\/TuNido-Office_Web-1-600x400.webp 600w\" sizes=\"auto, (max-width: 1024px) 100vw, 1024px\" title=\"\"><\/div><\/div><h2 class=\"w-text us_custom_9d8033b1\"><span class=\"w-text-h\"><span class=\"w-text-value\">La nascita dell'CanaryVIP<\/span><\/span><\/h2><div class=\"wpb_text_column\"><div class=\"wpb_wrapper\"><p data-pm-slice=\"1 1 &#091;&#093;\"><span>Nel 2024 abbiamo preso la decisione strategica di separare le nostre attivit\u00e0 e le escursioni da Tu Nido Tenerife, dando vita a CanaryVIP come marchio autonomo dedicato esclusivamente alle esperienze turistiche nelle Isole Canarie. Sebbene Tu Nido Tenerife rimanga un nome consolidato nel settore del <a href=\"https:\/\/www.tunidotenerife.com\/en\/inmobiliaria-tenerife\/\" target=\"_blank\" rel=\"noopener\">immobiliare Tenerife<\/a> settore, <strong>CanaryVIP<\/strong> \u00e8 rapidamente cresciuto fino a diventare un marchio online leader, rendendo pi\u00f9 facile che mai per i visitatori prenotare incredibili attivit\u00e0, tour e avventure in tutte le isole.<\/span><\/p>\n<\/div><\/div><div class=\"w-html us_custom_af6a9b6a\"><iframe src=\"https:\/\/www.google.com\/maps\/embed?pb=!1m18!1m12!1m3!1d5215.387122659485!2d-16.72642792321668!3d28.09472697596261!2m3!1f0!2f0!3f0!3m2!1i1024!2i768!4f13.1!3m3!1m2!1s0xc6a996288a2335b%3A0x6e5358268b00a79!2sCanaryVIP%20-%20Tours%20and%20Excursions!5e1!3m2!1sen!2ses!4v1740406697434!5m2!1sen!2ses\" width=\"700\" height=\"300\" style=\"border:0;\" allowfullscreen=\"\" loading=\"lazy\" referrerpolicy=\"no-referrer-when-downgrade\"><\/iframe><\/div><\/div><\/div><\/div><div class=\"vc_col-sm-12 wpb_column vc_column_container\"><div class=\"vc_column-inner\"><div class=\"wpb_wrapper\"><h2 class=\"w-text us_custom_9d8033b1\"><span class=\"w-text-h\"><span class=\"w-text-value\">La nostra missione<\/span><\/span><\/h2><div class=\"wpb_text_column\"><div class=\"wpb_wrapper\"><p data-pm-slice=\"1 1 &#091;&#093;\"><span>Noi di CanaryVIP ci impegniamo con passione a offrire esperienze uniche e di alta qualit\u00e0, che mettano in mostra il meglio delle Isole Canarie. Che siate alla ricerca di tour in barca, sport acquatici, avventure escursionistiche o esclusive escursioni private, vi assicuriamo un viaggio indimenticabile su misura per voi.<\/span><\/p>\n<\/div><\/div><div class=\"w-separator size_medium\"><\/div><\/div><\/div><\/div><\/div><\/div><\/section>","protected":false},"excerpt":{"rendered":"Chi siamoCanaryVIP \u00e8 una piattaforma online dedicata a fornire le migliori attivit\u00e0 ed escursioni nelle Isole Canarie. Come parte di Tu Nido Tenerife, una delle migliori agenzie immobiliari di Tenerife con oltre 20 anni di esperienza nel settore immobiliare e nella costruzione di immobili, abbiamo offerto indimenticabili...","protected":false},"author":1,"featured_media":0,"parent":0,"menu_order":0,"comment_status":"closed","ping_status":"closed","template":"","meta":{"_acf_changed":false,"footnotes":""},"class_list":["post-13824","page","type-page","status-publish","hentry"],"acf":[],"_links":{"self":[{"href":"https:\/\/canaryvip.com\/it\/wp-json\/wp\/v2\/pages\/13824","targetHints":{"allow":["GET"]}}],"collection":[{"href":"https:\/\/canaryvip.com\/it\/wp-json\/wp\/v2\/pages"}],"about":[{"href":"https:\/\/canaryvip.com\/it\/wp-json\/wp\/v2\/types\/page"}],"author":[{"embeddable":true,"href":"https:\/\/canaryvip.com\/it\/wp-json\/wp\/v2\/users\/1"}],"replies":[{"embeddable":true,"href":"https:\/\/canaryvip.com\/it\/wp-json\/wp\/v2\/comments?post=13824"}],"version-history":[{"count":5,"href":"https:\/\/canaryvip.com\/it\/wp-json\/wp\/v2\/pages\/13824\/revisions"}],"predecessor-version":[{"id":13832,"href":"https:\/\/canaryvip.com\/it\/wp-json\/wp\/v2\/pages\/13824\/revisions\/13832"}],"wp:attachment":[{"href":"https:\/\/canaryvip.com\/it\/wp-json\/wp\/v2\/media?parent=13824"}],"curies":[{"name":"wp","href":"https:\/\/api.w.org\/{rel}","templated":true}]}}