{"id":9834,"date":"2024-02-15T22:11:39","date_gmt":"2024-02-15T22:11:39","guid":{"rendered":"https:\/\/canaryvip.com\/?post_type=product&#038;p=9834"},"modified":"2025-08-09T12:53:55","modified_gmt":"2025-08-09T11:53:55","slug":"forestal-park-tenerife","status":"publish","type":"product","link":"https:\/\/canaryvip.com\/hu\/shop\/forestal-park-tenerife\/","title":{"rendered":"Forestal Park Tenerife"},"content":{"rendered":"<h2><strong>\ud83c\udf32 Forestal Park Tenerife: Mer\u00fclj\u00f6n el a term\u00e9szet j\u00e1tsz\u00f3ter\u00e9n!<\/strong><\/h2>\n<p>Induljon el egy olyan kalandba, mint senki m\u00e1s a <strong>Forestal Park Tenerife,<\/strong> ahol a term\u00e9szet izgalma tal\u00e1lkozik a sz\u00e1z\u00e9ves feny\u0151erd\u0151k nyugodt sz\u00e9ps\u00e9g\u00e9vel. Tapasztalja meg a Kan\u00e1ri-szigetek legnagyobb k\u00f6t\u00e9lp\u00e1ly\u00e1j\u00e1n \u00e9s kalandparkj\u00e1ban val\u00f3 navig\u00e1l\u00e1s izgalm\u00e1t. A t\u00f6bb mint 90 egyed\u00fcl\u00e1ll\u00f3 magaslati kih\u00edv\u00e1ssal, k\u00f6zt\u00fck f\u00fcgg\u0151hidakkal, h\u00e1l\u00f3kkal, li\u00e1nokkal \u00e9s l\u00e9legzetel\u00e1ll\u00edt\u00f3 k\u00f6t\u00e9lp\u00e1ly\u00e1kkal kalandv\u00e1gya \u00faj magass\u00e1gokba emelkedik.<\/p>\n<h3><strong>\ud83c\udfa2 Mi\u00e9rt v\u00e1lassza a mi kalandunkat?<\/strong><\/h3>\n<ul>\n<li><strong>Garant\u00e1lt sz\u00f3rakoz\u00e1s:<\/strong> El\u0151zetes foglal\u00e1ssal biztos\u00edtsa a hely\u00e9t, \u00e9s ker\u00fclje el a teli park okozta csal\u00f3d\u00e1st.<\/li>\n<li><strong>Exkluz\u00edv kedvezm\u00e9nyek:<\/strong> \u00c9lvezze az exkluz\u00edv kedvezm\u00e9nyeket, ha vel\u00fcnk foglalja le k\u00f6vetkez\u0151 kalandj\u00e1t!<\/li>\n<li><strong>Rugalmas tervek:<\/strong> V\u00e1ltozott a terv? Eln\u00e9z\u0151 lemond\u00e1si szab\u00e1lyzatunk fedezi \u00d6nt.<\/li>\n<li><strong>Bennfentes tan\u00e1csok:<\/strong> Haszn\u00e1lja ki els\u0151 k\u00e9zb\u0151l sz\u00e1rmaz\u00f3 tapasztalatainkat \u00e9s aj\u00e1nl\u00e1sainkat a legjobb kalandhoz.<\/li>\n<\/ul>\n<h3><strong>\ud83d\udc65 Csapat\u00e9p\u00edt\u00e9s \u00e9s csoportos kalandok<\/strong><\/h3>\n<p>Fokozza a bajt\u00e1rsiass\u00e1got \u00e9s alak\u00edtson ki tart\u00f3s kapcsolatokat b\u00e1rmely csoporton bel\u00fcl v\u00e1ltozatos csapat\u00e9p\u00edt\u0151 kalandjainkon kereszt\u00fcl. <strong>Forestal Park Tenerife<\/strong> jellegzetes h\u00e1tteret k\u00edn\u00e1l, amely t\u00f6k\u00e9letesen alkalmas a csapatszellem fokoz\u00e1s\u00e1ra a k\u00f6vetkez\u0151k k\u00f6z\u00f6tt <strong>v\u00e1llalatcsoportok,<\/strong>\u00a0k\u00fcl\u00f6nleges pillanatok meg\u00fcnnepl\u00e9se <strong>bar\u00e1tok,<\/strong>\u00a0m\u00e9rf\u00f6ldk\u00f6vek jel\u00f6l\u00e9se, mint p\u00e9ld\u00e1ul <strong>sz\u00fclet\u00e9snapok,<\/strong>\u00a0vagy a <strong>nagy csal\u00e1di \u00f6sszej\u00f6vetelek<\/strong> k\u00f6zelebb egym\u00e1shoz.<\/p>\n<p>k\u00f6zelebb egym\u00e1shoz. Gondosan kidolgozott kih\u00edv\u00e1saink nem csak sz\u00f3rakoztatnak, hanem el\u0151seg\u00edtik a csapatmunk\u00e1t, a kommunik\u00e1ci\u00f3t, valamint a diadal \u00e9s az egys\u00e9g k\u00f6z\u00f6s \u00e9rz\u00e9s\u00e9t mindenf\u00e9le csoportban. Ak\u00e1r a v\u00e1llalati csapatokat szeretn\u00e9 meger\u0151s\u00edteni, ak\u00e1r felejthetetlen sz\u00fclet\u00e9snapi eml\u00e9keket szeretne l\u00e9trehozni, ak\u00e1r bar\u00e1tokat szeretne egyes\u00edteni a kalandban, vagy a nagycsal\u00e1dosokat szeretn\u00e9 \u00f6sszegy\u0171jteni egy nap sz\u00f3rakoz\u00e1sra, parkunk biztos\u00edtja, hogy mindenki sz\u00e1m\u00e1ra inkluz\u00edv, mag\u00e1val ragad\u00f3 \u00e9s eml\u00e9kezetes \u00e9lm\u00e9nyt ny\u00fajtson.<\/p>\n<h3><strong>\ud83d\udee0\ufe0f Felk\u00e9sz\u00fcl\u00e9s a kalandra<\/strong><\/h3>\n<ul>\n<li><strong>Foglaljon el\u0151re:<\/strong> Garant\u00e1lja a bel\u00e9p\u00e9st el\u0151zetes foglal\u00e1ssal.<\/li>\n<li><strong>\u00c9rkez\u00e9si tippek<\/strong>: A La Esperanz\u00e1ban tal\u00e1lhat\u00f3, Tenerife d\u00e9li r\u00e9sz\u00e9n tart\u00f3zkod\u00f3 vend\u00e9geinknek azt tan\u00e1csoljuk, hogy l\u00e1togat\u00e1sukat el\u0151re tervezz\u00e9k meg, mivel az aut\u00f3val val\u00f3 utaz\u00e1s legal\u00e1bb 1 \u00f3r\u00e1t vesz ig\u00e9nybe. K\u00e9rj\u00fck, a z\u00f6kken\u0151mentes \u00e9s id\u0151ben t\u00f6rt\u00e9n\u0151 \u00e9rkez\u00e9s \u00e9rdek\u00e9ben vegye figyelembe a helyi ker\u00e9kp\u00e1rosok \u00e9s a hegyi utak \u00e1llapota miatti esetleges k\u00e9s\u00e9seket.<\/li>\n<li><strong>Ruha jobbra:<\/strong> A szabadban t\u00f6lt\u00f6tt akt\u00edv naphoz megfelel\u0151 ruh\u00e1zatot viseljen.<\/li>\n<li><strong>L\u00e1togat\u00e1s el\u0151tt:<\/strong> A foglal\u00e1s el\u0151tt 30 perccel jelentkezzen be, hogy megismerkedjen a park szolg\u00e1ltat\u00e1saival.<\/li>\n<\/ul>\n<h3><strong>\ud83c\udf33 Kaland v\u00e1r minden sarkon<\/strong><\/h3>\n<ul>\n<li><strong>V\u00e1ltozatos kih\u00edv\u00e1sok:<\/strong> Parkunk a nyugodt s\u00e9t\u00e1kt\u00f3l az extr\u00e9m izgalmakig minden kalandv\u00e1gy\u00f3nak megfelel.<\/li>\n<li><strong>\u00c1lland\u00f3 biztons\u00e1g:<\/strong> Profi csapatunk gondoskodik arr\u00f3l, hogy \u00d6n mindig biztons\u00e1gosan kapcsol\u00f3djon, \u00e9s \u00edgy gondtalan \u00e9lm\u00e9nyben legyen r\u00e9sze.<\/li>\n<li><strong>M\u00e9g t\u00f6bb felfedeznival\u00f3:<\/strong> Fedezze fel a kalandok sz\u00e9les sk\u00e1l\u00e1j\u00e1t, amelyet Tenerife a f\u00e1k tetej\u00e9n t\u00fal k\u00edn\u00e1l.<\/li>\n<\/ul>\n<h3><strong>\ud83c\udfde\ufe0f Szabadt\u00e9ri parkunk jellemz\u0151i<\/strong><\/h3>\n<ul>\n<li><strong>Kiv\u00e1l\u00f3 term\u00e9szet:<\/strong> Mer\u00fclj\u00f6n el a tenerifei erd\u0151k buja biol\u00f3giai sokf\u00e9les\u00e9g\u00e9ben.<\/li>\n<li><strong>Tev\u00e9kenys\u00e9gek mindenkinek:<\/strong> \u00c9lvezze a k\u00fcl\u00f6nb\u00f6z\u0151 f\u00e1k tetej\u00e9n tal\u00e1lhat\u00f3 kih\u00edv\u00e1sokat, amelyek minden koroszt\u00e1ly \u00e9s k\u00e9szs\u00e9gszint sz\u00e1m\u00e1ra alkalmasak.<\/li>\n<li><strong>Szak\u00e9rt\u0151i \u00fatmutat\u00e1s:<\/strong> K\u00e9pzett oktat\u00f3ink biztos\u00edtj\u00e1k a sz\u00f3rakoztat\u00f3 \u00e9s biztons\u00e1gos kalandot mindenki sz\u00e1m\u00e1ra.<\/li>\n<li><strong>K\u00f6rnyezettudatos:<\/strong> A fenntarthat\u00f3s\u00e1g ir\u00e1nti elk\u00f6telezetts\u00e9g\u00fcnk azt jelenti, hogy \u00fagy \u00e9lvezz\u00fck a term\u00e9szetet, hogy nem k\u00e1ros\u00edtjuk azt.<\/li>\n<li><strong>Szolg\u00e1ltat\u00e1sok:<\/strong> Tankoljon fel k\u00e1v\u00e9z\u00f3nkban, \u00e9s haszn\u00e1lja tiszta l\u00e9tes\u00edtm\u00e9nyeinket egy k\u00e9nyelmes kir\u00e1ndul\u00e1shoz.<\/li>\n<\/ul>\n<h3><strong>\ud83d\udcc5 Tervezze meg l\u00e1togat\u00e1s\u00e1t<\/strong><\/h3>\n<ul>\n<li><strong>Kalandos \u00f3r\u00e1k:<\/strong> Naponta 10:00 \u00e9s 18:00 \u00f3ra k\u00f6z\u00f6tt tart nyitva. Az utols\u00f3 bel\u00e9p\u00e9shez 16:30-ig \u00e9rkezzen meg.<\/li>\n<li><strong>Egyszer\u0171 online foglal\u00e1s:<\/strong> Hagyja ki a sorban \u00e1ll\u00e1st az online jegyfoglal\u00e1ssal. Ellen\u0151rizze a k\u00fcl\u00f6nleges \u00e1rakat \u00e9s kedvezm\u00e9nyeket!<\/li>\n<\/ul>\n<h3><strong>\ud83d\udee1\ufe0f Foglal\u00e1si nyugalom<\/strong><\/h3>\n<ul>\n<li><strong>Azonnali visszaigazol\u00e1s:<\/strong> Kap egy visszaigazol\u00f3 e-mailt a foglal\u00e1si adatokkal \u00e9s egy egyedi hivatkoz\u00e1si sz\u00e1mmal.<\/li>\n<li><strong>K\u00fcl\u00f6nleges aj\u00e1nlatok:<\/strong> Minden foglal\u00e1shoz k\u00fcl\u00f6nleges kedvezm\u00e9ny j\u00e1r a k\u00f6vetkez\u0151 kalandhoz, valamint csoportos kedvezm\u00e9nyek.<\/li>\n<li><strong>Elk\u00f6telezetts\u00e9g a biztons\u00e1g ir\u00e1nt:<\/strong> A biztons\u00e1gos \u00e9s sz\u00f3rakoztat\u00f3 l\u00e1togat\u00e1shoz elengedhetetlen a biztons\u00e1gi ir\u00e1nyelveink betart\u00e1sa.<\/li>\n<li><strong>Megfontolt lemond\u00e1s:<\/strong> Rugalmas lemond\u00e1si felt\u00e9telek, amelyek a foglal\u00e1s el\u0151tt 48 \u00f3r\u00e1val ingyenes m\u00f3dos\u00edt\u00e1st tesznek lehet\u0151v\u00e9. A 48 \u00f3r\u00e1n bel\u00fcli lemond\u00e1sok\u00e9rt 50% d\u00edjat kell fizetni, \u00e9s a meg nem jelen\u00e9sek nem t\u00e9r\u00edthet\u0151k vissza.<\/li>\n<\/ul>\n<h4><strong>\ud83c\udf04 K\u00e9szen \u00e1llsz a v\u00e9gs\u0151 szabadt\u00e9ri kalandra?<\/strong><\/h4>\n<p>Csatlakozzon hozz\u00e1nk egy utaz\u00e1sra a f\u00e1k tetej\u00e9n kereszt\u00fcl, \u00e9s fedezze fel Tenerife term\u00e9szeti sz\u00e9ps\u00e9g\u00e9t a magasb\u00f3l. Foglalja le kalandj\u00e1t most, \u00e9s l\u00e9pjen be az izgalmak \u00e9s felfedez\u00e9sek vil\u00e1g\u00e1ba! \ud83c\udf32\ud83c\udfde\ufe0f<\/p>","protected":false},"excerpt":{"rendered":"<p>\ud83d\udd0d <strong>Forestal Park Tenerife<\/strong>:<br \/>\n\u2705 Biztons\u00e1gos fizet\u00e9s.<br \/>\n\ud83c\udf32 Legnagyobb Zip Line \u00e9s kalandpark.<br \/>\n\ud83d\udc64 Tev\u00e9kenys\u00e9gek minden koroszt\u00e1ly sz\u00e1m\u00e1ra.<br \/>\n\ud83d\udd56 Nyitva 10:00 - 18:00.<br \/>\n\ud83d\udcc5 P\u00e9ntek, szombat \u00e9s vas\u00e1rnap.<br \/>\n\ud83d\ude97 Parkol\u00e1si lehet\u0151s\u00e9g a l\u00e1togat\u00f3k sz\u00e1m\u00e1ra.<br \/>\n\ud83e\udd7e Biztos\u00edtott biztons\u00e1gi felszerel\u00e9s.<br \/>\n\ud83e\udd11 Garant\u00e1ltan legjobb \u00e1r.<br \/>\n\ud83d\udc68\u200d\ud83d\udc69\u200d\ud83d\udc67\u200d\ud83d\udc66 Csoportos \u00e9s csal\u00e1di kedvezm\u00e9nyek.<br \/>\n\ud83c\udf10 T\u00f6bbnyelv\u0171 szem\u00e9lyzet.<br \/>\n\ud83c\udf32 El\u0151zetes foglal\u00e1s aj\u00e1nlott.<br \/>\n\ud83d\udccd Tal\u00e1lhat\u00f3 <a href=\"https:\/\/maps.app.goo.gl\/JbRxgrnnevPucnau9\">La Esperanza, Tenerife<\/a>.<\/p>","protected":false},"featured_media":9837,"comment_status":"open","ping_status":"closed","template":"","meta":{"_acf_changed":false},"product_brand":[],"product_cat":[82],"product_tag":[],"class_list":{"0":"post-9834","1":"product","2":"type-product","3":"status-publish","4":"has-post-thumbnail","6":"product_cat-fun-activities","7":"wcpa_has_options","9":"first","10":"instock","11":"virtual","12":"purchasable","13":"product-type-simple"},"acf":[],"wcpa_form_fields":{"wcpaData":{"product":{"product_price":26,"price_html":"From&nbsp;<span class=\"woocommerce-Price-amount amount\"><bdi>26,00&nbsp;<span class=\"woocommerce-Price-currencySymbol\">&euro;<\/span><\/bdi><\/span>","original_product_price":26,"price_including_tax":26,"price_excluding_tax":26,"product_id":{"parent":9834,"variation":false},"is_variable":false,"stock_status":"instock","stock_quantity":null,"parent_sku":"CV9834","product_attributes":[],"custom_fields":[],"is_taxable":false,"product_name":"Forestal Park Tenerife","hasImage":false},"fields":{"sec_465e50fd642ff4":{"extra":{"key":"sec_465e50fd642ff4","section_id":"sec_465e50fd642ff4","name":"Default","status":1,"cl_rule":"show","enableCl":false,"relations":[],"toggle":true,"title_tag":"h3","show_title":false,"showPrice":"default","form_id":10220,"form_rules":{"exclude_from_discount":true,"fee_label":"Fee","disp_hide_options_price":true,"disp_show_section_price":false,"disp_show_field_price":true,"layout_option":"standard","pric_use_as_fee":false,"process_fee_as":"woo_fee"},"layout_option":"standard"},"fields":[[{"label":"\ud83d\udcc5 Date","active":true,"required":true,"elementId":"date_365e50fd643030","picker_type":"custom","picker_mode":"single","placeholder":"","description":"","tooltip":"","name":"date_365e50fd643030","label_position":"default","desc_position":"default","enablePrice":false,"className":"","enableCl":false,"relations":[{"operator":"and","rules":[{"operator":"AND","rules":{"cl_field":"radio-group_365e50fd643015","cl_relation":"is","cl_val":"3 Hour Trip"}}]}],"date_pic_inline":true,"date_pic_inline_hide":true,"min_date":{"type":"days","val":"2"},"max_date":{"type":"days","val":"365"},"date_pic_conf":{"disabledWeeks":[1,2,3,4]},"price":"","cl_rule":"show","col":6,"type":"date","error":false,"enableDesign":false,"LabelColor":"","gt_translate_keys":["label","placeholder","description","tooltip"],"price_dependency":false,"cl_dependency":false,"value":""}],[{"active":true,"col":6,"relations":[{"operator":false,"rules":[{"operator":"AND","rules":{"cl_field":"","cl_relation":"","cl_val":""}}]}],"cl_rule":"show","enableCl":false,"price":"","enablePrice":false,"className":"","label_position":"default","desc_position":"default","type":"radio-group","required":true,"elementId":"radio-group_365e50fd643015","label":"\ud83c\udf1f Type of Ticket","name":"radio-group_365e50fd643015","values":[{"label":"Regular Tickets (26\u20ac)","value":"Regular Tickets","selected":false,"tempId":"aco_28","description":"Regular Admission Tickets.","gt_translate_keys":["label","description"]},{"label":"Resident Tickets (22\u20ac)","value":"Resident Tickets","selected":false,"tempId":"aco_30","description":"Regular Tickets for Canary Island Residents. You must present a valid document as proof of residency.","gt_translate_keys":["label","description"]}],"layOut":"","error":false,"checkUi":"toggle","enableDesign":false,"scrollBar":false,"description":"","other":false,"options_description":true,"show_selected_option":false,"gt_translate_keys":["label","description"],"price_dependency":false,"cl_dependency":[false,false],"value":""}]]},"sec_665e50fd643017":{"extra":{"key":"sec_665e50fd643017","section_id":"sec_665e50fd643017","name":"Regular Tickets","status":1,"cl_rule":"show","enableCl":true,"relations":[{"operator":false,"rules":[{"operator":"AND","rules":{"cl_field":"radio-group_365e50fd643015","cl_relation":"is","cl_val":"Regular Tickets"}}]}],"toggle":true,"title_tag":"h4","show_title":false,"showPrice":"default","form_id":10220,"form_rules":{"exclude_from_discount":true,"fee_label":"Fee","disp_hide_options_price":true,"disp_show_section_price":false,"disp_show_field_price":true,"layout_option":"standard","pric_use_as_fee":false,"process_fee_as":"woo_fee"},"layout_option":"standard"},"fields":[[{"elementId":"separator_1065e50fd64303b","separatorType":"blank","className":"","height":"10","enableCl":false,"relations":false,"cl_rule":"show","col":6,"type":"separator","gt_translate_keys":[],"price_dependency":false,"cl_dependency":false,"value":""}],[{"active":true,"col":6,"relations":false,"cl_rule":"show","enableCl":false,"price":"","enablePrice":false,"className":"","label_position":"default","desc_position":"default","type":"content","required":false,"elementId":"content_565e50fd643045","label":"People","name":"content_565e50fd643045","contentType":"plain","value":"","error":false,"show_in_checkout":true,"inline":false,"gt_translate_keys":["label","value"],"price_dependency":false,"cl_dependency":false}],[{"active":true,"col":6,"relations":[{"operator":false,"rules":[{"operator":"AND","rules":{"cl_field":"","cl_relation":"","cl_val":""}}]}],"cl_rule":"show","enableCl":true,"price":"26","enablePrice":true,"className":"","label_position":"default","desc_position":"default","type":"radio-group","required":false,"elementId":"radio-group_565e50fd643051","label":"","name":"radio-group_565e50fd643051","values":[{"label":"\ud83d\udc64 Adult (26\u20ac)","value":"Adult (26<\u20ac)","selected":true,"tempId":"aco_32","tooltip":"+13 Years","description":"","gt_translate_keys":["label","tooltip","description"]}],"layOut":"","error":false,"checkUi":"button","priceOptions":"fixed_for_all","pricingType":"fixed","enable_quantity":true,"quantity_label":"","min_quantity":"0","options_tooltip":true,"options_description":true,"gt_translate_keys":["label","quantity_label"],"price_dependency":false,"cl_dependency":false,"value":""}],[{"label":"","active":true,"required":false,"elementId":"radio-group_965e50fd64305c","name":"radio-group_965e50fd64305c","label_position":"default","desc_position":"default","enablePrice":true,"className":"","enableCl":false,"relations":false,"enable_quantity":true,"quantity_label":"","min_quantity":"0","checkUi":"button","layOut":"","values":[{"label":"\ud83d\udc66 Child (21\u20ac)","value":"Child (21\u20ac)","selected":true,"tempId":"aco_32","tooltip":"5-12 Years","description":"","gt_translate_keys":["label","tooltip","description"]}],"priceOptions":"fixed_for_all","pricingType":"fixed","price":"21","cl_rule":"show","col":6,"type":"radio-group","error":false,"options_tooltip":true,"options_description":true,"gt_translate_keys":["label","quantity_label"],"price_dependency":false,"cl_dependency":false,"value":""}]]},"sec_965e50fd6430a4":{"extra":{"key":"sec_965e50fd6430a4","section_id":"sec_965e50fd6430a4","name":"Resident Tickets","status":1,"cl_rule":"show","enableCl":true,"relations":[{"operator":false,"rules":[{"operator":"AND","rules":{"cl_field":"radio-group_365e50fd643015","cl_relation":"is","cl_val":"Resident Tickets"}}]}],"toggle":true,"title_tag":"h4","show_title":false,"showPrice":"default","form_id":10220,"form_rules":{"exclude_from_discount":true,"fee_label":"Fee","disp_hide_options_price":true,"disp_show_section_price":false,"disp_show_field_price":true,"layout_option":"standard","pric_use_as_fee":false,"process_fee_as":"woo_fee"},"layout_option":"standard"},"fields":[[{"elementId":"separator_465e50fd6430c1","separatorType":"blank","className":"","height":"10","enableCl":false,"relations":false,"cl_rule":"show","col":6,"type":"separator","gt_translate_keys":[],"price_dependency":false,"cl_dependency":false,"value":""}],[{"contentType":"plain","active":true,"label":"People","elementId":"content_865e50fd6430cb","value":"","inline":false,"show_in_checkout":true,"name":"content_865e50fd6430cb","enablePrice":false,"className":"","enableCl":false,"relations":false,"price":"","cl_rule":"show","col":6,"type":"content","gt_translate_keys":["label","value"],"price_dependency":false,"cl_dependency":false}],[{"label":"","active":true,"required":false,"elementId":"radio-group_665e50fd6430d6","name":"radio-group_665e50fd6430d6","label_position":"default","desc_position":"default","enablePrice":true,"className":"","enableCl":true,"relations":[{"operator":false,"rules":[{"operator":"AND","rules":{"cl_field":"","cl_relation":"","cl_val":""}}]}],"enable_quantity":true,"quantity_label":"","min_quantity":"0","checkUi":"button","layOut":"","options_tooltip":true,"values":[{"label":"\ud83d\udc64 Adult (22\u20ac)","value":"Adult (22\u20ac)","selected":true,"tempId":"aco_32","tooltip":"+13 Years","gt_translate_keys":["label","tooltip"]}],"priceOptions":"fixed_for_all","pricingType":"fixed","price":"22","cl_rule":"show","col":6,"type":"radio-group","error":false,"gt_translate_keys":["label","quantity_label"],"price_dependency":false,"cl_dependency":false,"value":""}],[{"label":"","active":true,"required":false,"elementId":"radio-group_465e50fd6430e0","name":"radio-group_465e50fd6430e0","label_position":"default","desc_position":"default","enablePrice":true,"className":"","enableCl":false,"relations":false,"enable_quantity":true,"quantity_label":"","min_quantity":"0","checkUi":"button","layOut":"","options_tooltip":true,"values":[{"label":"\ud83d\udc66 Child (15\u20ac)","value":"Children (15\u20ac)","selected":true,"tempId":"aco_32","tooltip":"5-12 Years","gt_translate_keys":["label","tooltip"]}],"priceOptions":"fixed_for_all","pricingType":"fixed","price":"15","cl_rule":"show","col":6,"type":"radio-group","error":false,"gt_translate_keys":["label","quantity_label"],"price_dependency":false,"cl_dependency":false,"value":""}]]}},"config":{"price_override":"always","enable_recaptcha":false,"bind_quantity":false,"quantity_bind_formula":false,"disp_summ_show_option_price":true,"disp_summ_show_product_price":false,"disp_summ_show_total_price":true,"disp_summ_show_fee":true,"disp_summ_show_discount":true,"summary_title":"","options_total_label":"Options Price","total_label":"Total Amount","options_product_label":"Product Price","fee_label":"Fee","discount_label":"Discount","has_price":true,"has_quantity_formula":false},"mc_unit":1,"tax_rate":1,"tax_rate_real":1,"discount":{"percentage":0,"fixed":0},"design":{"conf":{"LabelPosition":"above","DescPosition":"above","UploadField":"custom_1","QuantityFieldStyle":"custom_1"},"css":{"LeftLabelWidth":"120px"}},"formulas":[],"lookuptables":[],"clones":false,"cartKey":false}},"_links":{"self":[{"href":"https:\/\/canaryvip.com\/hu\/wp-json\/wp\/v2\/product\/9834","targetHints":{"allow":["GET"]}}],"collection":[{"href":"https:\/\/canaryvip.com\/hu\/wp-json\/wp\/v2\/product"}],"about":[{"href":"https:\/\/canaryvip.com\/hu\/wp-json\/wp\/v2\/types\/product"}],"replies":[{"embeddable":true,"href":"https:\/\/canaryvip.com\/hu\/wp-json\/wp\/v2\/comments?post=9834"}],"wp:featuredmedia":[{"embeddable":true,"href":"https:\/\/canaryvip.com\/hu\/wp-json\/wp\/v2\/media\/9837"}],"wp:attachment":[{"href":"https:\/\/canaryvip.com\/hu\/wp-json\/wp\/v2\/media?parent=9834"}],"wp:term":[{"taxonomy":"product_brand","embeddable":true,"href":"https:\/\/canaryvip.com\/hu\/wp-json\/wp\/v2\/product_brand?post=9834"},{"taxonomy":"product_cat","embeddable":true,"href":"https:\/\/canaryvip.com\/hu\/wp-json\/wp\/v2\/product_cat?post=9834"},{"taxonomy":"product_tag","embeddable":true,"href":"https:\/\/canaryvip.com\/hu\/wp-json\/wp\/v2\/product_tag?post=9834"}],"curies":[{"name":"wp","href":"https:\/\/api.w.org\/{rel}","templated":true}]}}