{"id":9783,"date":"2024-02-14T19:30:57","date_gmt":"2024-02-14T19:30:57","guid":{"rendered":"https:\/\/canaryvip.com\/?post_type=product&#038;p=9783"},"modified":"2025-08-09T12:54:45","modified_gmt":"2025-08-09T11:54:45","slug":"book-medieval-show-tenerife","status":"publish","type":"product","link":"https:\/\/canaryvip.com\/hu\/shop\/book-medieval-show-tenerife\/","title":{"rendered":"Foglal\u00e1s k\u00f6z\u00e9pkori vacsora show Tenerife"},"content":{"rendered":"<h2>\ud83d\udee1\ufe0f Tenerife k\u00f6z\u00e9pkori l\u00e1tv\u00e1nyoss\u00e1ga<\/h2>\n<p><strong>Id\u0151utaz\u00e1s lovagokkal, \u00fcnnepekkel \u00e9s \u00fcnneps\u00e9gekkel.<\/strong><\/p>\n<p>L\u00e9pjen vissza az id\u0151ben, \u00e9s mer\u00fclj\u00f6n el a k\u00f6z\u00e9pkor pomp\u00e1j\u00e1ban a Tenerifei K\u00f6z\u00e9pkori \u00c9jszak\u00e1n. A fens\u00e9ges Castillo San Miguelben megrendezett esem\u00e9ny a t\u00f6rt\u00e9nelem, az izgalom \u00e9s a kulin\u00e1ris \u00e9lvezetek \u00f6tv\u00f6zete, amely ide\u00e1lis a rendk\u00edv\u00fcli kalandot keres\u0151k sz\u00e1m\u00e1ra.<\/p>\n<p>Csatlakozzon hozz\u00e1nk, hogy elrep\u00edts\u00fck \u00d6nt a lovagok, tr\u00e9f\u00e1k \u00e9s lovagi torn\u00e1k kor\u00e1ba, \u00e9s var\u00e1zslatos \u00e9lm\u00e9nyt ny\u00fajtsunk a helyieknek \u00e9s a turist\u00e1knak egyar\u00e1nt.<\/p>\n<h3><strong>\ud83c\udff0 Az \u00e9jszaka \u00fatvonala<\/strong><\/h3>\n<ul>\n<li><strong>Menetrend:<\/strong> Az ajt\u00f3k 18:30-kor nyitnak, a m\u0171sor 19:00-kor kezd\u0151dik \u00e9s 21:30-kor \u00e9r v\u00e9get. Az este izgalmas k\u00f6z\u00e9pkori el\u0151ad\u00e1sok, t\u00f6bbek k\u00f6z\u00f6tt lovagi torn\u00e1k, kardv\u00edv\u00e1s \u00e9s leny\u0171g\u00f6z\u0151 lovasbemutat\u00f3k sor\u00e1t \u00edg\u00e9ri, amelyek elej\u00e9t\u0151l a v\u00e9g\u00e9ig lebilincselik a vend\u00e9geket.<\/li>\n<li><strong>Helysz\u00edn:<\/strong> A Costa Adeje \u00e9s Playa de las Am\u00e9ricas v\u00e1ros\u00e1t\u00f3l mind\u00f6ssze 20 percre fekv\u0151 Castillo San Miguel a k\u00f6z\u00e9pkori pompa jelz\u0151f\u00e9nye, amely meg\u00e9rkez\u00e9sekor p\u00e1nc\u00e9los lovagokkal v\u00e1rja \u00d6nt.<\/li>\n<li><strong>Konyha:<\/strong> \u00c9lvezze a pazar, h\u00e1romfog\u00e1sos k\u00f6z\u00e9pkori bankettet, amelyet gondosan \u00f6ssze\u00e1ll\u00edtottak, hogy az \u00edzlel\u0151bimb\u00f3k kedv\u00e9ben j\u00e1rjon, \u00e9s amelyet bor, v\u00edz \u00e9s \u00fcd\u00edt\u0151italok k\u00eds\u00e9rnek, \u00edgy biztos\u00edtva a kir\u00e1lyi csal\u00e1dok sz\u00e1m\u00e1ra m\u00e9lt\u00f3 \u00e9tkez\u00e9si \u00e9lm\u00e9nyt.<\/li>\n<\/ul>\n<h3><strong>\ud83c\udfab Szabja testre k\u00f6z\u00e9pkori \u00e9lm\u00e9ny\u00e9t<\/strong><\/h3>\n<ul>\n<li><strong>VIP hozz\u00e1f\u00e9r\u00e9s:<\/strong> Emelje az est\u00e9j\u00e9t a VIP-\u00e9lm\u00e9nnyel, amely mag\u00e1ban foglalja az els\u0151bbs\u00e9gi bel\u00e9p\u00e9st, egy poh\u00e1r \u00fcdv\u00f6zl\u0151 cava-t \u00e9s pr\u00e9mium \u00fcl\u0151helyeket, hogy p\u00e1ratlan kil\u00e1t\u00e1st biztos\u00edtson az \u00fcnneps\u00e9gre.<\/li>\n<li><strong>Csoportos kalandok:<\/strong> Csoportok sz\u00e1m\u00e1ra kedvezm\u00e9nyes \u00e1rak \u00e1llnak rendelkez\u00e9sre, \u00edgy a sz\u00e1lloda ide\u00e1lis v\u00e1laszt\u00e1s \u00fcnneps\u00e9gek vagy v\u00e1llalati rendezv\u00e9nyek lebonyol\u00edt\u00e1s\u00e1ra. <a href=\"https:\/\/canaryvip.com\/hu\/contact\/\">Kapcsolatfelv\u00e9tel csapatunkkal<\/a> a szem\u00e9lyre szabott el\u0151k\u00e9sz\u00fcletekhez.<\/li>\n<\/ul>\n<h3><strong>\ud83d\udde1\ufe0f Vegyen r\u00e9szt az izgalomban<\/strong><\/h3>\n<ul>\n<li>A nyolc lovagot \u00e9s parip\u00e1ikat felvonultat\u00f3 ar\u00e9na a k\u00f6z\u00e9pkori vit\u00e9zs\u00e9g l\u00e1tv\u00e1nyoss\u00e1ga, amely minden vend\u00e9gnek az els\u0151 sorb\u00f3l szeml\u00e9lheti az akci\u00f3t. Az est\u00e9t interakt\u00edv sz\u00f3rakoz\u00e1ssal t\u00f6ltik meg, \u00edgy \u00d6n is szurkolhat a lovagj\u00e1nak, \u00e9s r\u00e9szese lehet a t\u00f6rt\u00e9nelmi dr\u00e1m\u00e1nak.<\/li>\n<\/ul>\n<h3><strong>\ud83c\udf89 Rendezd meg rendezv\u00e9nyedet egy kast\u00e9lyban<\/strong><\/h3>\n<ul>\n<li>A Castillo San Miguel nem csak a K\u00f6z\u00e9pkori \u00c9jszaka helysz\u00edne, hanem mag\u00e1nfoglal\u00e1sra is rendelkez\u00e9sre \u00e1ll. Ak\u00e1r sz\u00fclet\u00e9snapot, esk\u00fcv\u0151t vagy c\u00e9ges \u00f6sszej\u00f6vetelt tervez, a v\u00e1r egyed\u00fcl\u00e1ll\u00f3 h\u00e1tteret biztos\u00edt, amely eml\u00e9kezetess\u00e9 teszi az esem\u00e9nyt.<\/li>\n<\/ul>\n<h3><strong>\ud83c\udf72 Bankett az id\u0151k v\u00e9gezet\u00e9ig:<\/strong><\/h3>\n<p>K\u00e9nyeztesse mag\u00e1t a minden \u00edzl\u00e9st kiel\u00e9g\u00edt\u0151 men\u00fcvel, amely k\u00e9r\u00e9sre veget\u00e1ri\u00e1nus \u00e9s gyermekk\u00edn\u00e1latot is tartalmaz. A lakoma egy kr\u00e9mes z\u00f6lds\u00e9glevessel kezd\u0151dik, amelyet egy zsenge csirkefil\u00e9 k\u00f6vet gombam\u00e1rt\u00e1sban, majd egy csokol\u00e1d\u00e9m\u00e1rt\u00e1ssal le\u00f6nt\u00f6tt, elragad\u00f3 fagylaltos s\u00fctem\u00e9ny z\u00e1rja.<\/p>\n<h3><strong>\u2696\ufe0f Foglal\u00e1si \u00e9s lemond\u00e1si felt\u00e9telek:<\/strong><\/h3>\n<ul>\n<li><strong>El\u0151zetes foglal\u00e1s:<\/strong> Biztos\u00edtsa a hely\u00e9t id\u0151ben, hogy kihaszn\u00e1lhassa a legjobb \u00e1rainkat, \u00e9s egyszer\u0171s\u00edtse a tervez\u00e9st. A CanaryVIP garant\u00e1lja a legjobb \u00e1rat egy felejthetetlen \u00e9jszak\u00e1\u00e9rt.<\/li>\n<li><strong>Rugalmas lemond\u00e1sok:<\/strong> \u00c9lvezze a nyugalmat, hiszen a tervezett r\u00e9szv\u00e9tel el\u0151tt 24 \u00f3r\u00e1val ingyenesen lemondhatja a r\u00e9szv\u00e9telt. Ez a rugalmass\u00e1g biztos\u00edtja, hogy terveit sz\u00fcks\u00e9g szerint, b\u00fcntet\u00e9s n\u00e9lk\u00fcl m\u00f3dos\u00edthassa.<\/li>\n<\/ul>\n<h3><strong>\ud83d\ude97 Utaz\u00e1s a kast\u00e9lyba:<\/strong><\/h3>\n<ul>\n<li><strong>\u00c9rkez\u00e9s:<\/strong> Tal\u00e1lhat\u00f3 <a href=\"https:\/\/maps.app.goo.gl\/RrDijRjT4TvLiJkT6\" target=\"_blank\" rel=\"noopener\">San Miguel,<\/a>\u00a0A kast\u00e9lyban b\u0151s\u00e9ges ingyenes parkol\u00e1si lehet\u0151s\u00e9g \u00e1ll rendelkez\u00e9sre. A t\u00f6megk\u00f6zleked\u00e9st vagy a fakultat\u00edv transzferszolg\u00e1ltat\u00e1st ig\u00e9nybe vev\u0151k sz\u00e1m\u00e1ra a r\u00e9szleteket foglal\u00e1skor k\u00f6z\u00f6lj\u00fck.<\/li>\n<\/ul>\n<h4><strong>\ud83c\udf0c Egy k\u00f6z\u00e9pkori var\u00e1zslatos este v\u00e1r r\u00e1nk<\/strong><\/h4>\n<p>Legyen a Castillo San Miguel k\u00f6z\u00e9pkori \u00e9jszak\u00e1ja a tenerifei l\u00e1togat\u00e1s f\u00e9nypontja. Foglalja le kalandj\u00e1t m\u00e9g ma, \u00e9s l\u00e9pjen be egy olyan vil\u00e1gba, ahol a t\u00f6rt\u00e9nelem megelevenedik, \u00e9s ahol izgalmas sz\u00f3rakoz\u00e1s, kit\u0171n\u0151 \u00e9tkez\u00e9s \u00e9s a k\u00f6z\u00e9pkori vend\u00e9gszeretet melegs\u00e9ge v\u00e1rja. \ud83c\udff0\ud83c\udf56<\/p>","protected":false},"excerpt":{"rendered":"<p><strong>\ud83d\udd0d K\u00f6z\u00e9pkori show kiemelked\u0151 esem\u00e9nyei:<\/strong><br \/>\n\u2705 Biztons\u00e1gos fizet\u00e9s.<br \/>\n\ud83d\udd25 Csod\u00e1latos \u00e9s sz\u00f3rakoztat\u00f3 l\u00e1tv\u00e1nyoss\u00e1g.<br \/>\n\ud83d\udcc5 Keddenk\u00e9nt, cs\u00fct\u00f6rt\u00f6k\u00f6nk\u00e9nt \u00e9s szombatonk\u00e9nt.<br \/>\n\u23f0 Mutasd: 19:00 - 21:30.<br \/>\n\ud83c\udf5b A vacsora tartalmazza.<br \/>\n\ud83c\udf77 Bort, gy\u00fcm\u00f6lcslevet \u00e9s vizet tartalmaz.<br \/>\n\ud83c\udf0d angol Host.<br \/>\n\ud83d\ude8c Opcion\u00e1lis transzferbusz.<br \/>\n\ud83e\udd11 Garant\u00e1ltan legjobb \u00e1r.<br \/>\n\ud83d\udc6a Kedvezm\u00e9nyek csoportos foglal\u00e1sok eset\u00e9n.<br \/>\n\ud83d\udd01 Ingyenes lemond\u00e1s 24 \u00f3r\u00e1ig.<br \/>\n\ud83c\udf1f Foglaljon kor\u00e1n, gyorsan betelik!<br \/>\n\ud83d\udccd Helysz\u00edn <a href=\"https:\/\/maps.app.goo.gl\/RrDijRjT4TvLiJkT6\">Castillo San Miguel<\/a>.<\/p>","protected":false},"featured_media":9786,"comment_status":"open","ping_status":"closed","template":"","meta":{"_acf_changed":false},"product_brand":[],"product_cat":[59],"product_tag":[],"class_list":{"0":"post-9783","1":"product","2":"type-product","3":"status-publish","4":"has-post-thumbnail","6":"product_cat-evening-shows","7":"wcpa_has_options","9":"first","10":"instock","11":"virtual","12":"purchasable","13":"product-type-simple"},"acf":[],"wcpa_form_fields":{"wcpaData":{"product":{"product_price":49.5,"price_html":"From&nbsp;<span class=\"woocommerce-Price-amount amount\"><bdi>49,50&nbsp;<span class=\"woocommerce-Price-currencySymbol\">&euro;<\/span><\/bdi><\/span>","original_product_price":49.5,"price_including_tax":49.5,"price_excluding_tax":49.5,"product_id":{"parent":9783,"variation":false},"is_variable":false,"stock_status":"instock","stock_quantity":null,"parent_sku":"CV9783","product_attributes":[],"custom_fields":[],"is_taxable":false,"product_name":"Book Medieval Dinner Show Tenerife","hasImage":false},"fields":{"sec_2661b048086dd5":{"extra":{"key":"sec_2661b048086dd5","section_id":"sec_2661b048086dd5","name":"Default","status":1,"cl_rule":"show","enableCl":false,"relations":[],"toggle":true,"title_tag":"h3","show_title":false,"showPrice":"default","form_id":11248,"form_rules":{"exclude_from_discount":true,"fee_label":"Fee","disp_hide_options_price":true,"disp_show_section_price":false,"disp_show_field_price":true,"layout_option":"standard","pric_use_as_fee":false,"process_fee_as":"woo_fee"},"layout_option":"standard"},"fields":[[{"label":"\ud83d\udcc5 Date","active":true,"required":true,"elementId":"date_6661b048086df5","picker_type":"custom","picker_mode":"single","placeholder":"","description":"","tooltip":"","name":"date_6661b048086df5","label_position":"default","desc_position":"default","enablePrice":false,"className":"","enableCl":false,"relations":[{"operator":"and","rules":[{"operator":"AND","rules":{"cl_field":"radio-group_0661b048086e04","cl_relation":"is_not_empty","cl_val":"3 Hour Trip"}}]}],"date_pic_inline":true,"date_pic_inline_hide":true,"min_date":{"type":"days","val":"1"},"max_date":{"type":"days","val":"365"},"date_pic_conf":{"disabledWeeks":[0,1,3,5]},"price":"","cl_rule":"show","col":6,"type":"date","error":false,"enableDesign":false,"LabelColor":"","gt_translate_keys":["label","placeholder","description","tooltip"],"price_dependency":false,"cl_dependency":false,"value":""}],[{"active":true,"col":6,"relations":[{"operator":false,"rules":[{"operator":"AND","rules":{"cl_field":"","cl_relation":"","cl_val":""}}]}],"cl_rule":"show","enableCl":false,"price":"","enablePrice":false,"className":"","label_position":"default","desc_position":"default","type":"radio-group","required":true,"elementId":"radio-group_0661b048086e04","label":"\ud83c\udf1f Type of Ticket","name":"radio-group_0661b048086e04","values":[{"label":"Regular Entrance (49,50\u20ac)","value":"Regular Entrance","selected":false,"tempId":"aco_28","description":"Enjoy the live show, dinner and unlimited drinks.","gt_translate_keys":["label","description"]},{"label":"VIP Entrance (59,50\u20ac)","value":"VIP Entrance","selected":false,"tempId":"aco_29","description":"Enjoy the live show, dinner, and unlimited drinks. Upgrade to VIP for priority entry, a welcome glass of cava, and premium seating for the best views.","gt_translate_keys":["label","description"]}],"layOut":"","error":false,"checkUi":"toggle","enableDesign":false,"scrollBar":false,"description":"","other":false,"options_description":true,"show_selected_option":false,"gt_translate_keys":["label","description"],"price_dependency":false,"cl_dependency":[false,false,false],"value":""}]]},"sec_10661b048086e05":{"extra":{"key":"sec_10661b048086e05","section_id":"sec_10661b048086e05","name":"Regular","status":1,"cl_rule":"show","enableCl":true,"relations":[{"operator":false,"rules":[{"operator":"AND","rules":{"cl_field":"radio-group_0661b048086e04","cl_relation":"is","cl_val":"Regular Entrance"}}]}],"toggle":true,"title_tag":"h4","show_title":false,"showPrice":"default","form_id":11248,"form_rules":{"exclude_from_discount":true,"fee_label":"Fee","disp_hide_options_price":true,"disp_show_section_price":false,"disp_show_field_price":true,"layout_option":"standard","pric_use_as_fee":false,"process_fee_as":"woo_fee"},"layout_option":"standard"},"fields":[[{"elementId":"separator_6661b048086e1c","separatorType":"blank","className":"","height":"5","enableCl":false,"relations":false,"cl_rule":"show","col":6,"type":"separator","error":false,"gt_translate_keys":[],"price_dependency":false,"cl_dependency":false,"value":""}],[{"active":true,"col":6,"relations":false,"cl_rule":"show","enableCl":false,"price":"","enablePrice":false,"className":"","label_position":"default","desc_position":"default","type":"content","required":false,"elementId":"content_4661b048086e26","label":"People","name":"content_4661b048086e26","contentType":"plain","value":"","error":false,"show_in_checkout":true,"inline":false,"gt_translate_keys":["label","value"],"price_dependency":false,"cl_dependency":false}],[{"active":true,"col":6,"relations":[{"operator":false,"rules":[{"operator":"AND","rules":{"cl_field":"","cl_relation":"","cl_val":""}}]}],"cl_rule":"show","enableCl":true,"price":"49,50","enablePrice":true,"className":"","label_position":"default","desc_position":"default","type":"radio-group","required":false,"elementId":"radio-group_5661b048086e31","label":"","name":"radio-group_5661b048086e31","values":[{"label":"\ud83d\udc64 Adult (49,50\u20ac)","value":"Adult","selected":true,"tempId":"aco_32","tooltip":"+14 Years","description":"","gt_translate_keys":["label","tooltip","description"]}],"layOut":"","error":false,"checkUi":"button","priceOptions":"fixed_for_all","pricingType":"fixed","enable_quantity":true,"quantity_label":"","min_quantity":"0","options_tooltip":true,"options_description":true,"gt_translate_keys":["label","quantity_label"],"price_dependency":false,"cl_dependency":false,"value":""}],[{"label":"","active":true,"required":false,"elementId":"radio-group_9661b048086e3b","name":"radio-group_9661b048086e3b","label_position":"default","desc_position":"default","enablePrice":true,"className":"","enableCl":true,"relations":[{"operator":false,"rules":[{"operator":"AND","rules":{"cl_field":"","cl_relation":"","cl_val":""}}]}],"enable_quantity":true,"quantity_label":"","min_quantity":"0","checkUi":"button","layOut":"","options_tooltip":true,"options_description":true,"values":[{"label":"\ud83d\udc66 Child (29\u20ac)","value":"Child","selected":true,"tempId":"aco_32","tooltip":"2-13 Years","description":"","gt_translate_keys":["label","tooltip","description"]}],"priceOptions":"fixed_for_all","pricingType":"fixed","price":"29","cl_rule":"show","col":6,"type":"radio-group","error":false,"gt_translate_keys":["label","quantity_label"],"price_dependency":false,"cl_dependency":false,"value":""}]]},"sec_6661b048086e3c":{"extra":{"key":"sec_6661b048086e3c","section_id":"sec_6661b048086e3c","name":"VIP","status":1,"cl_rule":"show","enableCl":true,"relations":[{"operator":false,"rules":[{"operator":"AND","rules":{"cl_field":"radio-group_0661b048086e04","cl_relation":"is","cl_val":"VIP Entrance"}}]}],"toggle":true,"title_tag":"h4","show_title":false,"showPrice":"default","form_id":11248,"form_rules":{"exclude_from_discount":true,"fee_label":"Fee","disp_hide_options_price":true,"disp_show_section_price":false,"disp_show_field_price":true,"layout_option":"standard","pric_use_as_fee":false,"process_fee_as":"woo_fee"},"layout_option":"standard"},"fields":[[{"elementId":"separator_3661b048086e46","separatorType":"blank","className":"","height":"5","enableCl":false,"relations":false,"cl_rule":"show","col":6,"type":"separator","error":false,"gt_translate_keys":[],"price_dependency":false,"cl_dependency":false,"value":""}],[{"contentType":"plain","active":true,"label":"People","elementId":"content_3661b048086e4f","value":"","inline":false,"show_in_checkout":true,"name":"content_3661b048086e4f","enablePrice":false,"className":"","enableCl":false,"relations":false,"price":"","cl_rule":"show","col":6,"type":"content","error":false,"gt_translate_keys":["label","value"],"price_dependency":false,"cl_dependency":false}],[{"label":"","active":true,"required":false,"elementId":"radio-group_4661b048086e5a","name":"radio-group_4661b048086e5a","label_position":"default","desc_position":"default","enablePrice":true,"className":"","enableCl":false,"relations":[{"operator":false,"rules":[{"operator":"AND","rules":{"cl_field":"","cl_relation":"","cl_val":""}}]}],"enable_quantity":true,"quantity_label":"","min_quantity":"0","checkUi":"button","layOut":"","options_tooltip":true,"values":[{"label":"\ud83d\udc64 Adult (59,50\u20ac)","value":"Adult","selected":true,"tempId":"aco_32","tooltip":"+14 Years","gt_translate_keys":["label","tooltip"]}],"priceOptions":"fixed_for_all","pricingType":"fixed","price":"59,50","cl_rule":"show","col":6,"type":"radio-group","error":false,"gt_translate_keys":["label","quantity_label"],"price_dependency":false,"cl_dependency":false,"value":""}],[{"label":"","active":true,"required":false,"elementId":"radio-group_2661b048086e64","name":"radio-group_2661b048086e64","label_position":"default","desc_position":"default","enablePrice":true,"className":"","enableCl":true,"relations":[{"operator":false,"rules":[{"operator":"AND","rules":{"cl_field":"","cl_relation":"","cl_val":""}}]}],"enable_quantity":true,"quantity_label":"","min_quantity":"0","checkUi":"button","layOut":"","options_tooltip":true,"options_description":true,"values":[{"label":"\ud83d\udc66 Child (35\u20ac)","value":"Child","selected":true,"tempId":"aco_32","tooltip":"2-13 Years","description":"","gt_translate_keys":["label","tooltip","description"]}],"priceOptions":"fixed_for_all","pricingType":"fixed","price":"35","cl_rule":"show","col":6,"type":"radio-group","error":false,"gt_translate_keys":["label","quantity_label"],"price_dependency":false,"cl_dependency":false,"value":""}]]},"sec_8661b048086e65":{"extra":{"key":"sec_8661b048086e65","section_id":"sec_8661b048086e65","name":"Shuttle Service?","status":1,"cl_rule":"show","enableCl":true,"relations":[{"operator":false,"rules":[{"operator":"AND","rules":{"cl_field":"radio-group_0661b048086e04","cl_relation":"is_not_empty","cl_val":""}}]}],"toggle":true,"title_tag":"h4","show_title":false,"showPrice":"default","form_id":11248,"form_rules":{"exclude_from_discount":true,"fee_label":"Fee","disp_hide_options_price":true,"disp_show_section_price":false,"disp_show_field_price":true,"layout_option":"standard","pric_use_as_fee":false,"process_fee_as":"woo_fee"},"layout_option":"standard"},"fields":[[{"active":true,"col":6,"relations":false,"cl_rule":"show","enableCl":false,"price":"({field.radio-group_5661b048086e31.quantity}*15)+({field.radio-group_9661b048086e3b.quantity}*10)+({field.radio-group_4661b048086e5a.quantity}*15)+({field.radio-group_2661b048086e64.quantity}*10)","enablePrice":true,"className":"","label_position":"default","desc_position":"below","type":"checkbox","required":false,"elementId":"checkbox_9661b048086e6e","label":"Bus Transfer? (15\u20ac)","name":"checkbox_9661b048086e6e","value":"","check_value":"Yes","checkUi":"toggle","error":false,"description":"Pick-up from your hotel in south Tenerife available for an extra \u20ac15\/adult and \u20ac10\/child.","pricingType":"custom","isTemplate":false,"gt_translate_keys":["label","description","value","check_value"],"price_dependency":false,"cl_dependency":["text_0974037831"]}],[{"active":true,"col":6,"relations":[{"operator":false,"rules":[{"operator":"AND","rules":{"cl_field":"checkbox_9661b048086e6e","cl_relation":"is","cl_val":true}}]}],"cl_rule":"show","enableCl":true,"price":"","enablePrice":false,"className":"","label_position":"default","desc_position":"default","type":"text","subtype":"text","required":false,"elementId":"text_0974037831","label":"\ud83d\ude8c Pickup Location","name":"text_0974037831","value":"","error":false,"description":"Pick-up service in South Tenerife. Simply provide your address or hotel name.","gt_translate_keys":["label","description","value"],"price_dependency":false,"cl_dependency":false}]]}},"config":{"price_override":"always","enable_recaptcha":false,"bind_quantity":false,"quantity_bind_formula":false,"disp_summ_show_option_price":true,"disp_summ_show_product_price":false,"disp_summ_show_total_price":true,"disp_summ_show_fee":true,"disp_summ_show_discount":true,"summary_title":"","options_total_label":"Options Price","total_label":"Total Amount","options_product_label":"Product Price","fee_label":"Fee","discount_label":"Discount","has_price":true,"has_quantity_formula":false},"mc_unit":1,"tax_rate":1,"tax_rate_real":1,"discount":{"percentage":0,"fixed":0},"design":{"conf":{"LabelPosition":"above","DescPosition":"above","UploadField":"custom_1","QuantityFieldStyle":"custom_1"},"css":{"LeftLabelWidth":"120px"}},"formulas":[],"lookuptables":[],"clones":false,"cartKey":false}},"_links":{"self":[{"href":"https:\/\/canaryvip.com\/hu\/wp-json\/wp\/v2\/product\/9783","targetHints":{"allow":["GET"]}}],"collection":[{"href":"https:\/\/canaryvip.com\/hu\/wp-json\/wp\/v2\/product"}],"about":[{"href":"https:\/\/canaryvip.com\/hu\/wp-json\/wp\/v2\/types\/product"}],"replies":[{"embeddable":true,"href":"https:\/\/canaryvip.com\/hu\/wp-json\/wp\/v2\/comments?post=9783"}],"wp:featuredmedia":[{"embeddable":true,"href":"https:\/\/canaryvip.com\/hu\/wp-json\/wp\/v2\/media\/9786"}],"wp:attachment":[{"href":"https:\/\/canaryvip.com\/hu\/wp-json\/wp\/v2\/media?parent=9783"}],"wp:term":[{"taxonomy":"product_brand","embeddable":true,"href":"https:\/\/canaryvip.com\/hu\/wp-json\/wp\/v2\/product_brand?post=9783"},{"taxonomy":"product_cat","embeddable":true,"href":"https:\/\/canaryvip.com\/hu\/wp-json\/wp\/v2\/product_cat?post=9783"},{"taxonomy":"product_tag","embeddable":true,"href":"https:\/\/canaryvip.com\/hu\/wp-json\/wp\/v2\/product_tag?post=9783"}],"curies":[{"name":"wp","href":"https:\/\/api.w.org\/{rel}","templated":true}]}}