{"id":9654,"date":"2024-02-11T16:27:15","date_gmt":"2024-02-11T16:27:15","guid":{"rendered":"https:\/\/canaryvip.com\/?post_type=product&#038;p=9654"},"modified":"2026-03-26T13:04:23","modified_gmt":"2026-03-26T13:04:23","slug":"book-scandal-dinner-show","status":"publish","type":"product","link":"https:\/\/canaryvip.com\/hu\/shop\/book-scandal-dinner-show\/","title":{"rendered":"Scandal Vacsoram\u0171sor Tenerife"},"content":{"rendered":"<h2><strong>\ud83c\udfad Scandal Burleszk vacsora-show<\/strong><\/h2>\n<p>A luxus, a humor \u00e9s a mag\u00e1val ragad\u00f3 el\u0151ad\u00e1sok est\u00e9j\u00e9t k\u00edn\u00e1lja a <strong>Scandal Burleszk vacsora show.<\/strong> Ez az esem\u00e9ny, amelyet azoknak terveztek, akik egy emelkedett hangulat\u00fa est\u00e9t keresnek, a burleszk var\u00e1zs\u00e1t \u00f6tv\u00f6zi mag\u00e1val ragad\u00f3 kom\u00e9di\u00e1val, b\u0171v\u00e9szettel \u00e9s zenei m\u0171sorsz\u00e1mokkal. <strong>CanaryVIP<\/strong> eml\u00e9kezetes \u00e9lm\u00e9nyekre invit\u00e1lja a helyieket \u00e9s a l\u00e1togat\u00f3kat egyar\u00e1nt.<\/p>\n<h3><strong>\ud83c\udf7d\ufe0f Luxus \u00e9tkez\u00e9s a GF Victoria 5* sz\u00e1llod\u00e1ban<\/strong><\/h3>\n<ul>\n<li><strong>Helysz\u00edn:<\/strong> A tekint\u00e9lyes <a href=\"https:\/\/www.google.com\/maps\/place\/GF+Victoria\/@28.0917871,-16.7412967,17z\/data=!3m1!4b1!4m9!3m8!1s0xc6a974d01c4268f:0x3c0e40669a61bb47!5m2!4m1!1i2!8m2!3d28.0917871!4d-16.7387218!16s%2Fg%2F11bvv59vv2?entry=tts&amp;g_ep=EgoyMDI0MDUwOC4wKgBIAVAD\" target=\"_blank\" rel=\"noopener\">GF Victoria<\/a> A Costa Adeje-i 5*-os sz\u00e1lloda szolg\u00e1l helysz\u00ednk\u00e9nt, amely a k\u00e9nyelem \u00e9s a pompa t\u00f6k\u00e9letes kever\u00e9ke egy felejthetetlen est\u00e9hez.<\/li>\n<li><strong>Konyha:<\/strong> A vend\u00e9gek egy pazar, 5 fog\u00e1sos men\u00fct \u00e9lvezhetnek, amelyet a legfinomabb alapanyagokb\u00f3l gondosan elk\u00e9sz\u00edtenek, \u00e9s professzion\u00e1lis eleganci\u00e1val szolg\u00e1lnak fel. Minden egyes fog\u00e1s \u00edg\u00e9ri, hogy kulin\u00e1ris \u00e9lvezetekkel var\u00e1zsolja el az \u00edzlel\u0151bimb\u00f3kat.<\/li>\n<\/ul>\n<h3><strong>\ud83d\udd70\ufe0f Esti \u00fatiterv<\/strong><\/h3>\n<ul>\n<li><strong>Menetrend:<\/strong> Az est 20:00 \u00f3rakor kezd\u0151dik, az el\u0151ad\u00e1sok 20:30-kor kezd\u0151dnek \u00e9s k\u00f6r\u00fclbel\u00fcl 3 \u00f3r\u00e1n \u00e1t tartanak. A m\u0171sort k\u00f6vet\u0151en a vend\u00e9gek a sz\u00e1lloda Skybarj\u00e1ban t\u00f6lthetnek el egy hossz\u00fa \u00e9jszak\u00e1t relax\u00e1ci\u00f3val \u00e9s kokt\u00e9lokkal a leny\u0171g\u00f6z\u0151 h\u00e1tt\u00e9r el\u0151tt.<\/li>\n<li><strong>\u00d6lt\u00f6z\u00e9k:<\/strong> A vend\u00e9geket arra biztatjuk, hogy az esem\u00e9ny kifinomult hangulat\u00e1t t\u00fckr\u00f6z\u0151 eleg\u00e1ns est\u00e9lyi ruh\u00e1kban k\u00f6sz\u00f6nts\u00e9k az \u00e9jszak\u00e1t. Ez az \u00f6sszej\u00f6vetel 16 \u00e9ves vagy ann\u00e1l id\u0151sebb vend\u00e9geknek sz\u00f3l, biztos\u00edtva az \u00e9rett \u00e9s eleg\u00e1ns \u00e9lm\u00e9nyt.<\/li>\n<\/ul>\n<h3><strong>\ud83c\udf9f\ufe0f V\u00e1lassza ki a t\u00f6k\u00e9letes est\u00e9t<\/strong><\/h3>\n<ul>\n<li><strong>Arany b\u00e9rlet:<\/strong> Mer\u00fclj\u00f6n el a showban egy \u00ednyenc k\u00f3stol\u00f3men\u00fcvel, amelyet korl\u00e1tlan italv\u00e1laszt\u00e9k k\u00eds\u00e9r egy igaz\u00e1n k\u00e9nyeztet\u0151 est\u00e9\u00e9rt.<\/li>\n<li><strong>Platina \u00e9lm\u00e9ny:<\/strong> A luxus extra r\u00e9teg\u00e9t a Platinum Experience ny\u00fajtja, amely a Golden Pass minden el\u0151ny\u00e9t, valamint a saj\u00e1t asztal mag\u00e1n\u00e9let\u00e9t is mag\u00e1ban foglalja, ami m\u00e9g k\u00fcl\u00f6nlegesebb\u00e9 teszi az est\u00e9t.<\/li>\n<\/ul>\n<h3><strong>\ud83d\udccd Helyed a l\u00e1tv\u00e1nyoss\u00e1ghoz<\/strong><\/h3>\n<ul>\n<li>A helysz\u00ednt \u00e1tgondoltan rendezt\u00e9k be, hogy minden vend\u00e9gnek tiszta r\u00e1l\u00e1t\u00e1sa legyen a sz\u00ednpadra, \u00edgy minden el\u0151ad\u00e1s minden sz\u00f6gb\u0151l \u00e9lvezhet\u0151v\u00e9 v\u00e1lik.<\/li>\n<\/ul>\n<h3><strong>\ud83c\udf89 Szem\u00e9lyre szabott \u00fcnneps\u00e9gek<\/strong><\/h3>\n<ul>\n<li>K\u00fcl\u00f6nleges alkalmak, a sz\u00fclet\u00e9snapokt\u00f3l a v\u00e1llalati \u00f6sszej\u00f6vetelekig, 30-150 f\u0151s csoportok befogad\u00e1s\u00e1ra alkalmas, megjel\u00f6lhet\u0151k. A rendezv\u00e9nyek csapata k\u00e9szen \u00e1ll arra, hogy az est\u00e9ket t\u00f6k\u00e9letesre szabja.<\/li>\n<\/ul>\n<h3><strong>\ud83c\udf1f A burleszk show l\u00e9nyege:<\/strong><\/h3>\n<ul>\n<li><strong>Interakt\u00edv sz\u00f3rakoztat\u00e1s:<\/strong> Az el\u0151ad\u00f3k k\u00f6zvetlen\u00fcl kapcsolatba l\u00e9pnek a k\u00f6z\u00f6ns\u00e9ggel, intim \u00e9s \u00e9l\u00e9nk l\u00e9gk\u00f6rt teremtve, amely mag\u00e1val ragad \u00e9s gy\u00f6ny\u00f6rk\u00f6dtet.<\/li>\n<li><strong>A cselekedetek gazdag v\u00e1laszt\u00e9ka:<\/strong> A m\u0171sor minden egyes sz\u00e1mmal v\u00e1ltozatos \u00e9s izgalmas \u00e9lm\u00e9nyt ny\u00fajt, a klasszikus burleszkekt\u0151l a kort\u00e1rs interpret\u00e1ci\u00f3kig.<\/li>\n<\/ul>\n<h3><strong>\ud83c\udf72 Men\u00fc minden \u00edzl\u00e9snek:<\/strong><\/h3>\n<p>A v\u00e1ltozatos men\u00fcv\u00e1laszt\u00e9kot \u00fagy tervezt\u00e9k, hogy minden \u00edzl\u00e9snek megfeleljen, bele\u00e9rtve a veget\u00e1ri\u00e1nus \u00e9s veg\u00e1n lehet\u0151s\u00e9geket is, ha k\u00e9rik. Az \u00ednycsikland\u00f3 k\u00edn\u00e1lat t\u00f6bbek k\u00f6z\u00f6tt a k\u00f6vetkez\u0151ket tartalmazza:<\/p>\n<ul>\n<li>Ropog\u00f3s finoms\u00e1gok raita, f\u00fcst\u00f6lt kukoricakr\u00e9m egy csipetnyi korianderrel \u00e9s zamatos ib\u00e9riai sert\u00e9skaraj k\u00eds\u00e9ret\u00e9ben.<\/li>\n<li>Finoman elk\u00e9sz\u00edtett paccheri t\u00e9szta gazdag gombaraguval, savany\u00fas\u00e1ggal feldobva.<\/li>\n<li>Finomra f\u0151tt fekete malac satay m\u00e1rt\u00e1ssal, kreat\u00edvan t\u00e1lalt hamis rizott\u00f3 mellett.<\/li>\n<li>A desszert fin\u00e1l\u00e9ja piros bogy\u00f3s gy\u00fcm\u00f6lcs\u00f6kb\u0151l \u00e9s feh\u00e9r csokol\u00e1d\u00e9b\u00f3l k\u00e9sz\u00fclt macaronok.<\/li>\n<\/ul>\n<h3><strong>\u2696\ufe0f Foglal\u00e1si \u00e9s lemond\u00e1si szab\u00e1lyzat:<\/strong><\/h3>\n<ul>\n<li><strong>Foglaljon el\u0151re az el\u0151ny\u00f6k\u00e9rt:<\/strong> Az el\u0151zetes foglal\u00e1s biztos\u00edtja a legjobb el\u00e9rhet\u0151 \u00e1rakat \u00e9s egyszer\u0171s\u00edti a tervez\u00e9si folyamatot.<\/li>\n<li><strong>Rugalmas lemond\u00e1sok:<\/strong> Az ingyenes lemond\u00e1s a tervezett el\u0151ad\u00e1s el\u0151tt 48 \u00f3r\u00e1val lehets\u00e9ges, \u00edgy a tervek rugalmasan alak\u00edthat\u00f3k.<\/li>\n<li><strong>Csoportos foglal\u00e1sok leegyszer\u0171s\u00edtve:<\/strong> A 6 f\u0151n\u00e9l nagyobb csoportok eset\u00e9ben az esem\u00e9nyt megel\u0151z\u0151 4 napig egyszer\u0171 lemond\u00e1si felt\u00e9telek \u00e9rv\u00e9nyesek. Az esem\u00e9ny el\u0151tt 2-4 nappal t\u00f6rt\u00e9n\u0151 lemond\u00e1s eset\u00e9n 50% visszat\u00e9r\u00edt\u00e9sre jogosult.<\/li>\n<\/ul>\n<h3><strong>\ud83c\udf92 K\u00e9sz\u00fcl\u0151d\u00e9s az \u00e9jszak\u00e1ra:<\/strong><\/h3>\n<ul>\n<li><strong>\u00d6lt\u00f6zk\u00f6d\u00e9si szab\u00e1lyok:<\/strong> A vend\u00e9geknek azt tan\u00e1csoljuk, hogy a rendezv\u00e9ny eleg\u00e1ns k\u00f6rnyezet\u00e9hez ill\u0151, legszebb est\u00e9lyi \u00f6lt\u00f6z\u00e9k\u00fckben jelenjenek meg. B\u00e1r a farmer \u00e9s a sz\u00e9p p\u00f3l\u00f3 elfogadhat\u00f3, a sportruh\u00e1zat \u00e9s a r\u00f6vidnadr\u00e1gok haszn\u00e1lata nem aj\u00e1nlott, hogy az el\u0151kel\u0151 hangulatot fenntarts\u00e1k.<\/li>\n<li><strong>Parkol\u00e1si inform\u00e1ci\u00f3k:<\/strong> A helysz\u00ednt\u0151l r\u00f6vid s\u00e9t\u00e1ra, a Plaza del Duque bev\u00e1s\u00e1rl\u00f3k\u00f6zpont k\u00f6zel\u00e9ben k\u00e9nyelmes parkol\u00e1si lehet\u0151s\u00e9g \u00e1ll rendelkez\u00e9sre, \u00edgy minden vend\u00e9g k\u00f6nnyen megk\u00f6zel\u00edthet\u0151.<\/li>\n<\/ul>\n<h4><strong>\ud83c\udf1f Felejthetetlen este v\u00e1r r\u00e1nk<\/strong><\/h4>\n<p>Az Scandal Burlesque <a href=\"https:\/\/canaryvip.com\/hu\/tenerife\/evening-shows\/\">Vacsora show<\/a> \u00edg\u00e9ri, hogy a tenerifei l\u00e1togat\u00e1s cs\u00facspontja lesz a k\u00f6vetkez\u0151 programokkal <strong>CanaryVIP.<\/strong>\u00a0Biztos\u00edtsa jegyeit most, \u00e9s \u00e9lvezze a sz\u00f3rakoz\u00e1s, az \u00e9tkez\u00e9s \u00e9s a fest\u0151i kil\u00e1t\u00e1s p\u00e1ratlan kever\u00e9k\u00e9t. \ud83c\udf0c\ud83c\udf78<\/p>","protected":false},"excerpt":{"rendered":"<p><strong>\ud83d\udd0d Scandal Show Highlights:<\/strong><br \/>\n\u2705 Biztons\u00e1gos fizet\u00e9s.<br \/>\n\ud83d\udc83 Burleszk st\u00edlus\u00fa show.<br \/>\n\ud83d\udd59 Minden szombaton 20:30-kor.<br \/>\n\ud83c\udf5b A vacsora tartalmazza.<br \/>\n\ud83c\udf77 Bort \u00e9s \u00fcd\u00edt\u0151ket tartalmaz.<br \/>\n\ud83c\udf0d angol \u00e9s spanyol Host.<br \/>\n\u2705 +16 Csak feln\u0151tteknek.<br \/>\n\ud83d\ude80 Nagyon n\u00e9pszer\u0171!<br \/>\n\ud83e\udd11 Garant\u00e1ltan legjobb \u00e1r.<br \/>\n\ud83d\udc6a Kedvezm\u00e9nyek csoportos foglal\u00e1sok eset\u00e9n.<br \/>\n\ud83d\udd01 Ingyenes lemond\u00e1s 48 \u00f3r\u00e1ig.<br \/>\n\ud83c\udf1f Foglaljon kor\u00e1n, gyorsan betelik!<br \/>\n\ud83d\udccd Helysz\u00edn <a href=\"https:\/\/maps.app.goo.gl\/boB3JcWYHb8AiGY58\">Hotel GF Victoria<\/a>.<\/p>","protected":false},"featured_media":9659,"comment_status":"open","ping_status":"closed","template":"","meta":{"_acf_changed":false},"product_brand":[],"product_cat":[59],"product_tag":[],"class_list":{"0":"post-9654","1":"product","2":"type-product","3":"status-publish","4":"has-post-thumbnail","6":"product_cat-evening-shows","7":"wcpa_has_options","9":"first","10":"instock","11":"virtual","12":"purchasable","13":"product-type-simple"},"acf":[],"wcpa_form_fields":{"wcpaData":{"product":{"product_price":94,"price_html":"From&nbsp;<span class=\"woocommerce-Price-amount amount\"><bdi>94,00&nbsp;<span class=\"woocommerce-Price-currencySymbol\">&euro;<\/span><\/bdi><\/span>","original_product_price":94,"price_including_tax":94,"price_excluding_tax":94,"product_id":{"parent":9654,"variation":false},"is_variable":false,"stock_status":"instock","stock_quantity":null,"parent_sku":"CV9654","product_attributes":[],"custom_fields":[],"is_taxable":false,"product_name":"Scandal Dinner Show Tenerife","hasImage":false},"fields":{"sec_165e506ca90d2c":{"extra":{"key":"sec_165e506ca90d2c","section_id":"sec_165e506ca90d2c","name":"Default","status":1,"cl_rule":"show","enableCl":false,"relations":[],"toggle":true,"title_tag":"h3","show_title":false,"showPrice":"default","form_id":10217,"form_rules":{"exclude_from_discount":true,"fee_label":"Fee","disp_hide_options_price":true,"disp_show_section_price":false,"disp_show_field_price":true,"layout_option":"standard","pric_use_as_fee":false,"process_fee_as":"woo_fee"},"layout_option":"standard"},"fields":[[{"label":"\ud83d\udcc5 Date","active":true,"required":true,"elementId":"date_265e506ca90d6a","picker_type":"custom","picker_mode":"single","placeholder":"","description":"","tooltip":"","name":"date_265e506ca90d6a","label_position":"default","desc_position":"default","enablePrice":false,"className":"","enableCl":false,"relations":[{"operator":"and","rules":[{"operator":"AND","rules":{"cl_field":"radio-group_765e506ca90d4e","cl_relation":"is_not_empty","cl_val":"3 Hour Trip"}}]}],"date_pic_inline":true,"date_pic_inline_hide":true,"min_date":{"type":"days","val":"1"},"max_date":{"type":"days","val":"180"},"date_pic_conf":{"disabledWeeks":[0,1,2,3,4,5],"disabledDates":["2024-05-25","2024-08-10","2024-11-02","2024-12-14","2024-12-27 to 2024-12-28","2026-04-17"]},"price":"","cl_rule":"show","col":6,"type":"date","error":false,"enableDesign":false,"LabelColor":"","date_conf_custom":{"minDate":"let d = new Date();\nif (d.getHours() >= 18) {\n  d.setDate(d.getDate() + 3);\n} else if (d.getHours() >= 12) {\n  d.setDate(d.getDate() + 1);\n} else {\nd.setDate(d.getDate());\n}\nreturn d;"},"isWeightTemplate":false,"isTemplate":false,"min_quantity":"1","quantity_decimal":false,"quantity_step":"1","quantity_label":"Quantity","repeater_field_label":"{field_label}","repeater_bind":"","gt_translate_keys":["label","placeholder","description","tooltip","repeater_field_label","quantity_label"],"price_dependency":false,"cl_dependency":["radio-group_765e506ca90d4e","radio-group_765e506ca90d4e"],"value":""}],[{"active":true,"col":6,"relations":[{"operator":false,"rules":[{"operator":"AND","rules":{"cl_field":"","cl_relation":"","cl_val":""}}]}],"cl_rule":"show","enableCl":false,"price":"","enablePrice":false,"className":"","label_position":"default","desc_position":"default","type":"radio-group","required":true,"elementId":"radio-group_765e506ca90d4e","label":"\ud83c\udf1f Type of Ticket","name":"radio-group_765e506ca90d4e","values":[{"label":"Gold Entrance (94\u20ac)","value":"Gold Entrance","selected":false,"tempId":"aco_28","description":"Enjoy the live show, tasting menu, and unlimited drinks.","gt_translate_keys":["label","description"]},{"label":"Platinum Entrance (114\u20ac)","value":"Platinum Entrance","selected":false,"tempId":"aco_29","description":"Enjoy the live show, tasting menu, unlimited drinks, and a private table.","options_cl":true,"relations":[{"operator":false,"rules":[{"operator":"or","rules":{"cl_field":"date_265e506ca90d6a","cl_relation":"is","cl_val":"2026-04-02"}},{"operator":false,"rules":{"cl_field":"date_265e506ca90d6a","cl_relation":"is","cl_val":"2026-03-26"}}]}],"cl_rule":"hide","gt_translate_keys":["label","description"]}],"layOut":"","error":false,"checkUi":"toggle","enableDesign":false,"scrollBar":false,"description":"","other":false,"options_description":true,"show_selected_option":false,"isWeightTemplate":false,"isTemplate":false,"min_quantity":"1","quantity_decimal":false,"quantity_step":"1","quantity_label":"Quantity","repeater_field_label":"{field_label}","repeater_bind":"","gt_translate_keys":["label","description","repeater_field_label","quantity_label"],"price_dependency":false,"cl_dependency":[false,false],"value":""}]]},"sec_965e506ca90d50":{"extra":{"key":"sec_965e506ca90d50","section_id":"sec_965e506ca90d50","name":"Gold","status":1,"cl_rule":"show","enableCl":true,"relations":[{"operator":false,"rules":[{"operator":"AND","rules":{"cl_field":"radio-group_765e506ca90d4e","cl_relation":"is","cl_val":"Gold Entrance"}}]}],"toggle":true,"title_tag":"h4","show_title":false,"showPrice":"default","form_id":10217,"form_rules":{"exclude_from_discount":true,"fee_label":"Fee","disp_hide_options_price":true,"disp_show_section_price":false,"disp_show_field_price":true,"layout_option":"standard","pric_use_as_fee":false,"process_fee_as":"woo_fee"},"layout_option":"standard"},"fields":[[{"elementId":"separator_765e506ca90d74","separatorType":"blank","className":"","height":"10","enableCl":false,"relations":false,"cl_rule":"show","col":6,"type":"separator","gt_translate_keys":[],"price_dependency":false,"cl_dependency":false,"value":""}],[{"active":true,"col":6,"relations":false,"cl_rule":"show","enableCl":false,"price":"","enablePrice":false,"className":"","label_position":"default","desc_position":"default","type":"content","required":false,"elementId":"content_365e506ca90d7f","label":"People","name":"content_365e506ca90d7f","contentType":"plain","value":"","error":false,"show_in_checkout":true,"inline":false,"gt_translate_keys":["label","value"],"price_dependency":false,"cl_dependency":false}],[{"active":true,"col":6,"relations":[{"operator":false,"rules":[{"operator":"AND","rules":{"cl_field":"","cl_relation":"","cl_val":""}}]}],"cl_rule":"show","enableCl":true,"price":"94","enablePrice":true,"className":"","label_position":"default","desc_position":"default","type":"radio-group","required":false,"elementId":"radio-group_265e506ca90d8a","label":"","name":"radio-group_265e506ca90d8a","values":[{"label":"\ud83d\udc64 Adult (94\u20ac)","value":"Adult","selected":true,"tempId":"aco_32","tooltip":"+16 Years","description":"","gt_translate_keys":["label","tooltip","description"]}],"layOut":"","error":false,"checkUi":"button","priceOptions":"fixed_for_all","pricingType":"fixed","enable_quantity":true,"quantity_label":"","min_quantity":"0","options_tooltip":true,"options_description":true,"gt_translate_keys":["label","quantity_label"],"price_dependency":false,"cl_dependency":false,"value":""}]]},"sec_365e506ca90da0":{"extra":{"key":"sec_365e506ca90da0","section_id":"sec_365e506ca90da0","name":"Platinum","status":1,"cl_rule":"show","enableCl":true,"relations":[{"operator":false,"rules":[{"operator":"AND","rules":{"cl_field":"radio-group_765e506ca90d4e","cl_relation":"is","cl_val":"Platinum Entrance"}}]}],"toggle":true,"title_tag":"h4","show_title":false,"showPrice":"default","form_id":10217,"form_rules":{"exclude_from_discount":true,"fee_label":"Fee","disp_hide_options_price":true,"disp_show_section_price":false,"disp_show_field_price":true,"layout_option":"standard","pric_use_as_fee":false,"process_fee_as":"woo_fee"},"layout_option":"standard"},"fields":[[{"elementId":"separator_565e506ca90daa","separatorType":"blank","className":"","height":"8","enableCl":false,"relations":false,"cl_rule":"show","col":6,"type":"separator","error":false,"gt_translate_keys":[],"price_dependency":false,"cl_dependency":false,"value":""}],[{"contentType":"plain","active":true,"label":"People","elementId":"content_365e506ca90dc6","value":"","inline":false,"show_in_checkout":true,"name":"content_365e506ca90dc6","enablePrice":false,"className":"","enableCl":false,"relations":false,"price":"","cl_rule":"show","col":6,"type":"content","gt_translate_keys":["label","value"],"price_dependency":false,"cl_dependency":false}],[{"label":"","active":true,"required":false,"elementId":"radio-group_365e506ca90dd1","name":"radio-group_365e506ca90dd1","label_position":"default","desc_position":"default","enablePrice":true,"className":"","enableCl":false,"relations":[{"operator":false,"rules":[{"operator":"AND","rules":{"cl_field":"","cl_relation":"","cl_val":""}}]}],"enable_quantity":true,"quantity_label":"","min_quantity":"0","checkUi":"button","layOut":"","options_tooltip":true,"values":[{"label":"\ud83d\udc64 Adult (114\u20ac)","value":"Adult","selected":true,"tempId":"aco_32","tooltip":"+16 Years","gt_translate_keys":["label","tooltip"]}],"priceOptions":"fixed_for_all","pricingType":"fixed","price":"114","cl_rule":"show","col":6,"type":"radio-group","error":false,"isWeightTemplate":false,"isTemplate":false,"quantity_decimal":false,"quantity_step":"1","repeater_field_label":"{field_label}","repeater_bind":"","gt_translate_keys":["label","repeater_field_label","quantity_label"],"price_dependency":false,"cl_dependency":false,"value":""}]]}},"config":{"price_override":"always","enable_recaptcha":false,"bind_quantity":false,"quantity_bind_formula":false,"disp_summ_show_option_price":true,"disp_summ_show_product_price":false,"disp_summ_show_total_price":true,"disp_summ_show_fee":true,"disp_summ_show_discount":true,"summary_title":"","options_total_label":"Options Price","total_label":"Total Amount","options_product_label":"Product Price","fee_label":"Fee","discount_label":"Discount","has_price":true,"has_quantity_formula":false},"mc_unit":1,"tax_rate":1,"tax_rate_real":1,"discount":{"percentage":0,"fixed":0},"design":{"conf":{"LabelPosition":"above","DescPosition":"above","UploadField":"custom_1","QuantityFieldStyle":"custom_1"},"css":{"LeftLabelWidth":"120px"}},"formulas":[],"lookuptables":[],"clones":false,"cartKey":false}},"_links":{"self":[{"href":"https:\/\/canaryvip.com\/hu\/wp-json\/wp\/v2\/product\/9654","targetHints":{"allow":["GET"]}}],"collection":[{"href":"https:\/\/canaryvip.com\/hu\/wp-json\/wp\/v2\/product"}],"about":[{"href":"https:\/\/canaryvip.com\/hu\/wp-json\/wp\/v2\/types\/product"}],"replies":[{"embeddable":true,"href":"https:\/\/canaryvip.com\/hu\/wp-json\/wp\/v2\/comments?post=9654"}],"wp:featuredmedia":[{"embeddable":true,"href":"https:\/\/canaryvip.com\/hu\/wp-json\/wp\/v2\/media\/9659"}],"wp:attachment":[{"href":"https:\/\/canaryvip.com\/hu\/wp-json\/wp\/v2\/media?parent=9654"}],"wp:term":[{"taxonomy":"product_brand","embeddable":true,"href":"https:\/\/canaryvip.com\/hu\/wp-json\/wp\/v2\/product_brand?post=9654"},{"taxonomy":"product_cat","embeddable":true,"href":"https:\/\/canaryvip.com\/hu\/wp-json\/wp\/v2\/product_cat?post=9654"},{"taxonomy":"product_tag","embeddable":true,"href":"https:\/\/canaryvip.com\/hu\/wp-json\/wp\/v2\/product_tag?post=9654"}],"curies":[{"name":"wp","href":"https:\/\/api.w.org\/{rel}","templated":true}]}}