{"id":9623,"date":"2024-02-11T01:34:38","date_gmt":"2024-02-11T01:34:38","guid":{"rendered":"https:\/\/canaryvip.com\/?post_type=product&#038;p=9623"},"modified":"2025-08-09T12:57:36","modified_gmt":"2025-08-09T11:57:36","slug":"tenerife-island-guided-bus-tour","status":"publish","type":"product","link":"https:\/\/canaryvip.com\/hu\/shop\/tenerife-island-guided-bus-tour\/","title":{"rendered":"Tenerife-szigeti t\u00fara: Tenerife: vezetett buszos kir\u00e1ndul\u00e1s"},"content":{"rendered":"<h2>\ud83d\ude8c <strong>Tenerife-sziget vezetett buszos t\u00fara<\/strong><\/h2>\n<p>Fedezze fel Tenerife sz\u00edv\u00e9t a <strong>CanaryVIP<\/strong> egy eg\u00e9sz napos, az eg\u00e9sz szigetet fel\u00f6lel\u0151, mag\u00e1val ragad\u00f3, vezetett buszos t\u00far\u00e1n. A leny\u0171g\u00f6z\u0151 <a href=\"https:\/\/www.google.com\/maps\/place\/Acantilados+de+Los+Gigantes,+Santa+Cruz+de+Tenerife\/@28.244027,-16.8456497,15z\/data=!3m1!4b1!4m6!3m5!1s0xc6a8c153fdc6811:0xa0340f674cf6610!8m2!3d28.2408828!4d-16.8377834!16s%2Fm%2F026dqlb?entry=ttu\" target=\"_blank\" rel=\"noopener\">Los Gigantes szikl\u00e1k<\/a> a t\u00f6rt\u00e9nelmi utc\u00e1k <a href=\"https:\/\/www.google.com\/maps\/place\/La+Orotava,+Santa+Cruz+de+Tenerife\/@28.3929248,-16.5287568,15z\/data=!3m1!4b1!4m6!3m5!1s0xc402aae32ddf575:0x27206a076b427988!8m2!3d28.3892926!4d-16.525264!16zL20vMDdrcmx5?entry=ttu\" target=\"_blank\" rel=\"noopener\">La Orotava<\/a>, ez az utaz\u00e1s Tenerife v\u00e1ltozatos t\u00e1jainak \u00e9s kultur\u00e1lis kincseinek gazdag t\u00e1rh\u00e1z\u00e1t \u00edg\u00e9ri.<\/p>\n<h3><strong>A t\u00fara f\u00e9nypontjai: A sziget eg\u00e9sz\u00e9re kiterjed\u0151 felfedez\u00e9s<\/strong><\/h3>\n<ul>\n<li>\ud83c\udf04 <strong>Los Gigantes szikl\u00e1k<\/strong>: Kezdje kalandj\u00e1t a l\u00e9legzetel\u00e1ll\u00edt\u00f3 Los Gigantes-szikl\u00e1k megl\u00e1togat\u00e1s\u00e1val, ahol a term\u00e9szet nagys\u00e1ga teljes pomp\u00e1j\u00e1ban t\u00e1rul el\u00e9nk.<\/li>\n<li>\ud83d\udc40 <strong>Mirador de Garachico<\/strong>: Tov\u00e1bb a Mirador de Garachico-hoz, ahonnan leny\u0171g\u00f6z\u0151 kil\u00e1t\u00e1s ny\u00edlik Tenerife \u00e9szaki partvid\u00e9k\u00e9nek sz\u00e9ps\u00e9g\u00e9re.<\/li>\n<li>\ud83c\udf33 <strong>Icod de los Vinos<\/strong>: Fedezze fel Icod de los Vinost, \u00e9s csod\u00e1lja meg az Ezer\u00e9ves S\u00e1rk\u00e1nyf\u00e1t, a t\u00f6rt\u00e9nelemmel \u00e1titatott term\u00e9szeti eml\u00e9km\u0171vet.<\/li>\n<li>\ud83c\udfd8\ufe0f <strong>La Orotava<\/strong>: Mer\u00fclj\u00f6n el La Orotava var\u00e1zs\u00e1ban, \u00e9s l\u00e1togasson el a h\u00edres Casa de los Balcones \u00e9p\u00fclet\u00e9hez, amely a kan\u00e1ri \u00e9p\u00edt\u00e9szet \u00e9s hagyom\u00e1nyok szimb\u00f3luma.<\/li>\n<li>\ud83d\udecd\ufe0f <strong>Puerto de la Cruz<\/strong>: Puerto de la Cruzban szabadid\u0151 v\u00e1s\u00e1rl\u00e1sra, v\u00e1rosn\u00e9z\u00e9sre \u00e9s eb\u00e9dre (az \u00e9tkez\u00e9s nem r\u00e9sze a kir\u00e1ndul\u00e1snak).<\/li>\n<li>\ud83d\ude4f <strong>Candelaria<\/strong>: Tegy\u00fcnk egy utols\u00f3 meg\u00e1ll\u00f3t Candelari\u00e1ban, hogy tisztelegj\u00fcnk a Kan\u00e1ri-szigetek v\u00e9d\u0151szentje el\u0151tt, ezzel z\u00e1rva a felfedez\u00e9ssel \u00e9s felfedez\u00e9ssel teli napot.<\/li>\n<\/ul>\n<h3><strong>Az \u00d6n utaz\u00e1sa az CanaryVIP-vel mag\u00e1ban foglalja:<\/strong><\/h3>\n<ul>\n<li>\ud83d\ude8c A <strong>k\u00e9nyelmes \u00e9s fest\u0151i buszoz\u00e1s<\/strong> Tenerife-szerte, biztos\u00edtva az olyan kellemes utaz\u00e1st, mint maguk a c\u00e9l\u00e1llom\u00e1sok.<\/li>\n<li>\ud83c\udfe8 <strong>K\u00e9nyelmes fel- \u00e9s lesz\u00e1ll\u00e1si szolg\u00e1ltat\u00e1s<\/strong> a sz\u00e1llod\u00e1ban, hogy az utaz\u00e1s az elej\u00e9t\u0151l a v\u00e9g\u00e9ig stresszmentes legyen.<\/li>\n<li>\ud83d\udde3\ufe0f <strong>T\u00f6bbnyelv\u0171 idegenvezet\u0151k lebilincsel\u0151 \u00fatmutat\u00e1sa<\/strong>, \u00e9s minden egyes helysz\u00ednt leny\u0171g\u00f6z\u0151 betekint\u00e9ssel gazdag\u00edtanak.<\/li>\n<li>\ud83d\udd52 An <strong>megk\u00f6zel\u00edt\u0151leg 8 \u00f3r\u00e1s t\u00fara<\/strong>, amelyet \u00fagy terveztek, hogy maxim\u00e1lisan felfedezhesse Tenerife leny\u0171g\u00f6z\u0151 t\u00e1jait \u00e9s kultur\u00e1lis \u00f6r\u00f6ks\u00e9g\u00e9t.<\/li>\n<li>\ud83d\udcf8 Sz\u00e1mtalan <strong>fot\u00f3z\u00e1si lehet\u0151s\u00e9gek<\/strong> v\u00e1ltozatos terepeken, biztos\u00edtva az \u00e9letre sz\u00f3l\u00f3 eml\u00e9keket.<\/li>\n<li>\ud83d\udcb0 Az CanaryVIP \u00edg\u00e9rete a <strong>legjobb \u00e1r<\/strong>, kieg\u00e9sz\u00edtve az \u00d6n k\u00e9nyelm\u00e9t szolg\u00e1l\u00f3 rugalmas lemond\u00e1si szab\u00e1lyokkal.<\/li>\n<\/ul>\n<h3><strong>Alapvet\u0151 r\u00e9szletek a t\u00far\u00e1r\u00f3l:<\/strong><\/h3>\n<ul>\n<li>\ud83c\udf9f\ufe0f Tartsa meg az CanaryVIP jegy\u00e9t digit\u00e1lis vagy nyomtatott form\u00e1ban a z\u00f6kken\u0151mentes t\u00fara\u00e9lm\u00e9ny \u00e9rdek\u00e9ben.<\/li>\n<li>\ud83e\udde5 \u00d6lt\u00f6zz\u00f6n k\u00e9nyelmesen, \u00e9s gondoljon a r\u00e9teges \u00f6lt\u00f6zk\u00f6d\u00e9sre, mivel a sziget k\u00fcl\u00f6nb\u00f6z\u0151 \u00e9ghajlati viszonyokkal fog tal\u00e1lkozni.<\/li>\n<li>\ud83c\udf7d\ufe0f Tartson eb\u00e9dsz\u00fcnetet Puerto de la Cruzban, ahol sz\u00e1mos \u00e9tkez\u00e9si lehet\u0151s\u00e9g k\u00f6z\u00fcl v\u00e1laszthat. (Az eb\u00e9det az \u00e1r nem tartalmazza)<\/li>\n<li>\ud83d\udccc Az \u00e1tv\u00e9teli id\u0151pontok \u00e9s helysz\u00ednek a foglal\u00e1s ut\u00e1n ker\u00fclnek meger\u0151s\u00edt\u00e9sre. A z\u00f6kken\u0151mentes utaz\u00e1s \u00e9rdek\u00e9ben gy\u0151z\u0151dj\u00f6n meg arr\u00f3l, hogy a sz\u00e1ll\u00e1sadatai pontosak.<\/li>\n<\/ul>\n<h3><strong>Lemond\u00e1si felt\u00e9telek:<\/strong><\/h3>\n<ul>\n<li>\ud83d\udd04 <strong>Alkalmazkod\u00f3 t\u00f6rl\u00e9s mag\u00e1nszem\u00e9lyek sz\u00e1m\u00e1ra:<\/strong> Szab\u00e1lyzatunk figyelembe veszi az \u00e9let kisz\u00e1m\u00edthatatlans\u00e1g\u00e1t, \u00e9s lehet\u0151v\u00e9 teszi a lemond\u00e1st a tervezett t\u00fara el\u0151tt 24 \u00f3r\u00e1val, teljes visszat\u00e9r\u00edt\u00e9s ellen\u00e9ben. Ez a rugalmass\u00e1g biztos\u00edtja, hogy sz\u00fcks\u00e9g eset\u00e9n gond n\u00e9lk\u00fcl m\u00f3dos\u00edthatja \u00fatiterv\u00e9t.<\/li>\n<li>\ud83d\udd52 <strong>Csoportos lemond\u00e1si lehet\u0151s\u00e9gek:<\/strong> A csoportosan utaz\u00f3k sz\u00e1m\u00e1ra szem\u00e9lyre szabott lemond\u00e1si felt\u00e9teleket k\u00edn\u00e1lunk. Az 5-7 f\u0151s kiscsoportok a t\u00fara el\u0151tt 48 \u00f3r\u00e1val d\u00edjmentesen lemondhatj\u00e1k a foglal\u00e1st. A 8-14 f\u0151s k\u00f6zepes m\u00e9ret\u0171 csoportok a t\u00fara el\u0151tt 4 nappal lemondhatj\u00e1k a teljes \u00f6sszeget, m\u00edg a 15 f\u0151s vagy ann\u00e1l nagyobb csoportoknak legal\u00e1bb 6 nappal kor\u00e1bban le kell mondaniuk a t\u00far\u00e1t, hogy elker\u00fclj\u00e9k a lemond\u00e1si d\u00edjakat. Ezeket az ir\u00e1nyelveket az\u00e9rt hat\u00e1roztuk meg, hogy megk\u00f6nny\u00edts\u00fck a tervez\u00e9st a k\u00fcl\u00f6nb\u00f6z\u0151 m\u00e9ret\u0171 csoportok sz\u00e1m\u00e1ra.<\/li>\n<li>\ud83d\udca1 <strong>K\u00f6nnyed lemond\u00e1si elj\u00e1r\u00e1s:<\/strong> A t\u00fara lemond\u00e1sa, ak\u00e1r egyed\u00fcl, ak\u00e1r csoportosan, egyszer\u0171. Egyszer\u0171en l\u00e9pjen kapcsolatba vel\u00fcnk weboldalunkon, e-mailben vagy telefonon. Gyors visszat\u00e9r\u00edt\u00e9si folyamatot biztos\u00edtunk, \u00edgy a lemond\u00e1s z\u00f6kken\u0151mentes \u00e9s gondtalan lesz.<\/li>\n<li>\ud83d\udd0d <strong>Foglal\u00e1s ellen\u0151rz\u00e9se:<\/strong> B\u00f6lcsen teszi, ha j\u00f3val a t\u00fara id\u0151pontja el\u0151tt k\u00e9tszer is ellen\u0151rzi a foglal\u00e1s r\u00e9szleteit. Ez lehet\u0151v\u00e9 teszi, hogy a sz\u00fcks\u00e9ges m\u00f3dos\u00edt\u00e1sokat vagy lemond\u00e1sokat a megadott id\u0151szakokon bel\u00fcl elv\u00e9gezhesse, \u00e9s \u00edgy elker\u00fclhesse az esetleges d\u00edjakat.<\/li>\n<\/ul>\n<h4><strong>T\u00faraseg\u00edts\u00e9gny\u00fajt\u00e1s \u00e9s felel\u0151ss\u00e9gv\u00e1llal\u00e1s:<\/strong><\/h4>\n<ul>\n<li>\u2714\ufe0f CanaryVIP elk\u00f6telezett az eml\u00e9kezetes \u00e9s z\u00f6kken\u0151mentes t\u00fara\u00e9lm\u00e9ny biztos\u00edt\u00e1sa mellett, a foglal\u00e1st\u00f3l a felfedez\u00e9sig.<\/li>\n<li>\ud83d\udde3\ufe0f <strong>K\u00f6zvetlen kommunik\u00e1ci\u00f3:<\/strong> Idegenvezet\u0151ink k\u00e9szs\u00e9ggel \u00e1llnak rendelkez\u00e9sre, hogy seg\u00edtsenek b\u00e1rmilyen k\u00e9rd\u00e9sben vagy ig\u00e9nyben a t\u00fara sor\u00e1n.<\/li>\n<li>\ud83d\udcb0 <strong>\u00c1tl\u00e1that\u00f3 visszat\u00e9r\u00edt\u00e9si politika:<\/strong> Elk\u00f6telezettek vagyunk az \u00fcgyf\u00e9lk\u00f6zpont\u00fa megk\u00f6zel\u00edt\u00e9s mellett, \u00e9s minden probl\u00e9m\u00e1t gyorsan \u00e9s tisztess\u00e9gesen oldunk meg.<\/li>\n<\/ul>\n<h4><strong>\ud83d\ude8c\ud83c\udf04\ud83c\udfdb\ufe0f Foglalja le a szigeten \u00e1t\u00edvel\u0151 kalandj\u00e1t most!<\/strong><\/h4>\n<p>\u00c9ljen ezzel az egyed\u00fcl\u00e1ll\u00f3 lehet\u0151s\u00e9ggel, \u00e9s fedezze fel Tenerife hatalmas sz\u00e9ps\u00e9g\u00e9t \u00e9s gazdag kult\u00far\u00e1j\u00e1t az CanaryVIP-vel. Foglalja le hely\u00e9t a Tenerife-szigeten <a href=\"https:\/\/canaryvip.com\/hu\/tenerife\/guided-tours\/bus-tours\/\">Vezetett buszos t\u00fara<\/a> m\u00e9g ma, \u00e9s induljon el egy felejthetetlen utaz\u00e1sra a sziget legikonikusabb l\u00e1tnival\u00f3i \u00e9s rejtett gy\u00f6ngyszemei k\u00f6z\u00f6tt.<\/p>\n<p>V\u00e1r a kaland!<\/p>","protected":false},"excerpt":{"rendered":"<p><strong>\ud83d\udd0d Tenerife sziget t\u00fara:<\/strong><br \/>\n\u2705 Biztons\u00e1gos fizet\u00e9s.<br \/>\n\u26f0\ufe0f L\u00e1togasson el a Los Gigantes szikl\u00e1hoz.<br \/>\n\ud83d\udc09 Fedezd fel Icod s\u00e1rk\u00e1nyf\u00e1j\u00e1t.<br \/>\n\ud83d\udca6 Fedezze fel Garachic\u00f3t.<br \/>\n\ud83d\udee4\ufe0f L\u00e1togasson el La Orotav\u00e1ba.<br \/>\n\ud83d\udecd\ufe0f \u00c9lvezze Puerto de la Cruzt.<br \/>\n\u26ea\ufe0f L\u00e1togasson el Candelari\u00e1ba.<br \/>\n\ud83d\udcc5 Keddenk\u00e9nt \u00e9s szombatonk\u00e9nt.<br \/>\n\u23f0 Id\u0151tartam K\u00f6r\u00fclbel\u00fcl 8h.<br \/>\n\ud83d\ude8c Sz\u00e1llodai fel- \u00e9s lesz\u00e1ll\u00e1s.<br \/>\n\ud83d\udd04 24 \u00f3r\u00e1s ingyenes lemond\u00e1s.<br \/>\n\ud83e\udd11 Garant\u00e1ltan legjobb \u00e1r.<br \/>\n\ud83c\udf81 Csoportos kedvezm\u00e9nyek.<br \/>\n\ud83c\udf0d \u00datmutat\u00f3 az \u00d6n nyelv\u00e9n.<br \/>\n\ud83c\udf1f Foglaljon most \u00e9s sp\u00f3roljon!<\/p>","protected":false},"featured_media":9624,"comment_status":"open","ping_status":"closed","template":"","meta":{"_acf_changed":false},"product_brand":[],"product_cat":[68,52],"product_tag":[],"class_list":{"0":"post-9623","1":"product","2":"type-product","3":"status-publish","4":"has-post-thumbnail","6":"product_cat-guided-tours","7":"product_cat-bus-tours","8":"wcpa_has_options","10":"first","11":"instock","12":"virtual","13":"purchasable","14":"product-type-simple"},"acf":[],"wcpa_form_fields":{"wcpaData":{"product":{"product_price":48,"price_html":"From&nbsp;<span class=\"woocommerce-Price-amount amount\"><bdi>48,00&nbsp;<span class=\"woocommerce-Price-currencySymbol\">&euro;<\/span><\/bdi><\/span>","original_product_price":48,"price_including_tax":48,"price_excluding_tax":48,"product_id":{"parent":9623,"variation":false},"is_variable":false,"stock_status":"instock","stock_quantity":null,"parent_sku":"CV9623","product_attributes":[],"custom_fields":[],"is_taxable":false,"product_name":"Tenerife Island Tour: Guided Bus Trip","hasImage":false},"fields":{"sec_265e50550df885":{"extra":{"key":"sec_265e50550df885","section_id":"sec_265e50550df885","name":"South Tenerife","status":1,"cl_rule":"show","enableCl":false,"relations":[{"operator":false,"rules":[{"operator":"AND","rules":{"cl_field":"radio-group_665df45fcbc30b","cl_relation":"is","cl_val":"Siam Park Regular Tickets"}}]}],"toggle":true,"title_tag":"h4","show_title":false,"showPrice":"default","form_id":10216,"form_rules":{"exclude_from_discount":true,"fee_label":"Fee","disp_hide_options_price":true,"disp_show_section_price":false,"disp_show_field_price":true,"layout_option":"standard","pric_use_as_fee":false,"process_fee_as":"woo_fee"},"layout_option":"standard"},"fields":[[{"label":"\ud83d\udcc5 Date","active":true,"required":true,"elementId":"date_365e50550df8bb","picker_type":"custom","picker_mode":"single","placeholder":"","description":"","tooltip":"","name":"date_365e50550df8bb","label_position":"default","desc_position":"default","enablePrice":false,"className":"","enableCl":false,"relations":[{"operator":"and","rules":[{"operator":"AND","rules":{"cl_field":"radio-group_665df45fcbc30b","cl_relation":"is","cl_val":"3 Hour Trip"}}]}],"date_pic_inline":true,"date_pic_inline_hide":true,"min_date":{"type":"days","val":"1"},"max_date":{"type":"days","val":"365"},"date_pic_conf":{"disabledWeeks":[0,1,3,4,5,6]},"price":"","cl_rule":"show","col":6,"type":"date","error":false,"enableDesign":false,"LabelColor":"","gt_translate_keys":["label","placeholder","description","tooltip"],"price_dependency":false,"cl_dependency":false,"value":""}],[{"elementId":"separator_665e50550df8cb","separatorType":"blank","className":"","height":"10","enableCl":false,"relations":false,"cl_rule":"show","col":6,"type":"separator","gt_translate_keys":[],"price_dependency":false,"cl_dependency":false,"value":""}],[{"active":true,"col":6,"relations":false,"cl_rule":"show","enableCl":false,"price":"","enablePrice":false,"className":"","label_position":"default","desc_position":"default","type":"content","required":false,"elementId":"content_565e50550df8e4","label":"People","name":"content_565e50550df8e4","contentType":"plain","value":"","error":false,"show_in_checkout":true,"inline":false,"gt_translate_keys":["label","value"],"price_dependency":false,"cl_dependency":false}],[{"active":true,"col":6,"relations":[{"operator":false,"rules":[{"operator":"AND","rules":{"cl_field":"","cl_relation":"","cl_val":""}}]}],"cl_rule":"show","enableCl":true,"price":"50","enablePrice":true,"className":"","label_position":"default","desc_position":"default","type":"radio-group","required":false,"elementId":"radio-group_665e50550df8f0","label":"","name":"radio-group_665e50550df8f0","values":[{"label":"\ud83d\udc64 Adult (50\u20ac)","value":"Adult","selected":true,"tempId":"aco_32","tooltip":"+12 Years","description":"","gt_translate_keys":["label","tooltip","description"]}],"layOut":"","error":false,"checkUi":"button","priceOptions":"fixed_for_all","pricingType":"fixed","enable_quantity":true,"quantity_label":"","min_quantity":"0","options_tooltip":true,"options_description":true,"gt_translate_keys":["label","quantity_label"],"price_dependency":false,"cl_dependency":false,"value":""}],[{"label":"","active":true,"required":false,"elementId":"radio-group_665e50550df8fb","name":"radio-group_665e50550df8fb","label_position":"default","desc_position":"default","enablePrice":true,"className":"","enableCl":false,"relations":false,"enable_quantity":true,"quantity_label":"","min_quantity":"0","checkUi":"button","layOut":"","values":[{"label":"\ud83d\udc66 Child (31\u20ac)","value":"Child","selected":true,"tempId":"aco_32","tooltip":"2-11 Years","description":"","gt_translate_keys":["label","tooltip","description"]}],"priceOptions":"fixed_for_all","pricingType":"fixed","price":"31","cl_rule":"show","col":6,"type":"radio-group","error":false,"options_tooltip":true,"options_description":true,"gt_translate_keys":["label","quantity_label"],"price_dependency":false,"cl_dependency":false,"value":""}],[{"active":true,"col":6,"relations":false,"cl_rule":"show","enableCl":false,"price":"","enablePrice":false,"className":"","label_position":"default","desc_position":"default","type":"select","required":false,"elementId":"select_265e50550df905","label":"\ud83c\udf0e Language","name":"select_265e50550df905","values":[{"label":"English","value":"English","selected":false,"tempId":"aco_310","gt_translate_keys":["label"]},{"label":"Spanish","value":"Spanish","selected":false,"tempId":"aco_311","gt_translate_keys":["label"]},{"label":"French","value":"French","selected":false,"tempId":"aco_312","gt_translate_keys":["label"]}],"dropdown_type":"basic","error":false,"gt_translate_keys":["label"],"price_dependency":false,"cl_dependency":false,"value":""}],[{"active":true,"col":6,"relations":false,"cl_rule":"show","enableCl":false,"price":"","enablePrice":false,"className":"","label_position":"default","desc_position":"default","type":"separator","required":false,"elementId":"separator_665e50550df90f","label":"Separator Field","height":"7","separatorType":"blank","error":false,"gt_translate_keys":["label"],"price_dependency":false,"cl_dependency":false,"value":""}],[{"active":true,"col":6,"relations":false,"cl_rule":"show","enableCl":false,"price":"","enablePrice":false,"className":"","label_position":"default","desc_position":"default","type":"text","subtype":"text","required":false,"elementId":"text_565e50550df918","label":"\ud83d\ude8c Pickup Location","name":"text_565e50550df918","value":"","description":"Pick-up service in South Tenerife. Simply provide your address or hotel name.","error":false,"gt_translate_keys":["label","description","value"],"price_dependency":false,"cl_dependency":false}]]}},"config":{"price_override":"always","enable_recaptcha":false,"bind_quantity":false,"quantity_bind_formula":false,"disp_summ_show_option_price":true,"disp_summ_show_product_price":false,"disp_summ_show_total_price":true,"disp_summ_show_fee":true,"disp_summ_show_discount":true,"summary_title":"","options_total_label":"Options Price","total_label":"Total Amount","options_product_label":"Product Price","fee_label":"Fee","discount_label":"Discount","has_price":true,"has_quantity_formula":false},"mc_unit":1,"tax_rate":1,"tax_rate_real":1,"discount":{"percentage":0,"fixed":0},"design":{"conf":{"LabelPosition":"above","DescPosition":"above","UploadField":"custom_1","QuantityFieldStyle":"custom_1"},"css":{"LeftLabelWidth":"120px"}},"formulas":[],"lookuptables":[],"clones":false,"cartKey":false}},"_links":{"self":[{"href":"https:\/\/canaryvip.com\/hu\/wp-json\/wp\/v2\/product\/9623","targetHints":{"allow":["GET"]}}],"collection":[{"href":"https:\/\/canaryvip.com\/hu\/wp-json\/wp\/v2\/product"}],"about":[{"href":"https:\/\/canaryvip.com\/hu\/wp-json\/wp\/v2\/types\/product"}],"replies":[{"embeddable":true,"href":"https:\/\/canaryvip.com\/hu\/wp-json\/wp\/v2\/comments?post=9623"}],"wp:featuredmedia":[{"embeddable":true,"href":"https:\/\/canaryvip.com\/hu\/wp-json\/wp\/v2\/media\/9624"}],"wp:attachment":[{"href":"https:\/\/canaryvip.com\/hu\/wp-json\/wp\/v2\/media?parent=9623"}],"wp:term":[{"taxonomy":"product_brand","embeddable":true,"href":"https:\/\/canaryvip.com\/hu\/wp-json\/wp\/v2\/product_brand?post=9623"},{"taxonomy":"product_cat","embeddable":true,"href":"https:\/\/canaryvip.com\/hu\/wp-json\/wp\/v2\/product_cat?post=9623"},{"taxonomy":"product_tag","embeddable":true,"href":"https:\/\/canaryvip.com\/hu\/wp-json\/wp\/v2\/product_tag?post=9623"}],"curies":[{"name":"wp","href":"https:\/\/api.w.org\/{rel}","templated":true}]}}