{"id":9493,"date":"2024-02-05T22:56:26","date_gmt":"2024-02-05T22:56:26","guid":{"rendered":"https:\/\/canaryvip.com\/?post_type=product&#038;p=9493"},"modified":"2025-08-09T12:59:18","modified_gmt":"2025-08-09T11:59:18","slug":"jungle-park-tickets","status":"publish","type":"product","link":"https:\/\/canaryvip.com\/hu\/shop\/jungle-park-tickets\/","title":{"rendered":"V\u00e1s\u00e1rl\u00e1s Jungle Park jegyek"},"content":{"rendered":"<h2>\ud83e\udd85 <strong>Jungle Park Tenerife: Tenerife: Szafari kaland \u00e9s vadon \u00e9l\u0151 \u00e1llatok mened\u00e9ke<\/strong><\/h2>\n<p><strong>\u23f0 Fedezd fel minden nap:<\/strong> A kaland d\u00e9lel\u0151tt 10 \u00f3r\u00e1t\u00f3l d\u00e9lut\u00e1n 17:30-ig v\u00e1rja a l\u00e1togat\u00f3kat, akik eg\u00e9sz nap felfedez\u00e9ssel \u00e9s felfedez\u00e9ssel t\u00f6lthetik a napot.<\/p>\n<p>\ud83d\udccd <strong>V\u00e1r a szafari:<\/strong> Fedezze fel Tenerife vad oldal\u00e1t a Chayofa's Jungle Parkban, amely egy \u00e1llatkertet \u00e9s botanikus kertet egy hatalmas dzsungeles t\u00e1jba olvaszt\u00f3 \u00e9lm\u00e9nyt ny\u00fajt. Tervezze meg l\u00e1togat\u00e1s\u00e1t <a href=\"https:\/\/maps.app.goo.gl\/K7g47iUPFiKyfYdU9\" target=\"_blank\" rel=\"noopener\">a park megtal\u00e1l\u00e1sa a Google Maps-en<\/a>.<\/p>\n<p>\ud83c\udf92 <strong>A kalandok alapjai:<\/strong> A dzsungelben t\u00f6lt\u00f6tt napra csomagoljon naptejet, k\u00e9nyelmes cip\u0151t, \u00e9s ne felejtse el a f\u00e9nyk\u00e9pez\u0151g\u00e9p\u00e9t, mert az egzotikus \u00e1llatok \u00e9s a buja t\u00e1j k\u00f6z\u00f6tt sz\u00e1mos fot\u00f3z\u00e1si lehet\u0151s\u00e9g k\u00edn\u00e1lkozik.<\/p>\n<p>\ud83d\udca7 <strong>Friss\u00edt\u00e9s \u00e9s felt\u00f6lt\u00e9s:<\/strong> A parkon bel\u00fcl t\u00f6bbf\u00e9le lehet\u0151s\u00e9g is k\u00edn\u00e1lkozik a folyad\u00e9kp\u00f3tl\u00e1sra \u00e9s az \u00e9tkez\u00e9shez, \u00edgy mindenki sz\u00e1m\u00e1ra k\u00e9nyelmes \u00e9s \u00e9lvezetes napot biztos\u00edtva.<\/p>\n<p>\ud83c\udfab <strong>Gyors hozz\u00e1f\u00e9r\u00e9s:<\/strong> Ker\u00fclje el a v\u00e1rakoz\u00e1st az el\u0151re megv\u00e1s\u00e1rolt CanaryVIP jegyekkel, amelyek gyorsabb bel\u00e9p\u00e9st biztos\u00edtanak azoknak, akik felk\u00e9sz\u00fclten \u00e9rkeznek, mint az \u00e9rkez\u00e9skor jegyet v\u00e1s\u00e1rl\u00f3 l\u00e1togat\u00f3k.<\/p>\n<p>\ud83d\ude8c <strong>Shuttle a dzsungelbe:<\/strong> Haszn\u00e1lja ki a D\u00e9l-Tenerif\u00e9r\u0151l indul\u00f3 ingyenes buszj\u00e1ratot, amely k\u00f6zvetlen \u00e9s k\u00e9nyelmes utat biztos\u00edt a Jungle Parkba.<\/p>\n<p>\ud83c\udf1f <strong>CanaryVIP exkluz\u00edvok:<\/strong> Az CanaryVIP-vel t\u00f6rt\u00e9n\u0151 foglal\u00e1s nem csak a bel\u00e9p\u00e9st biztos\u00edtja, hanem hozz\u00e1f\u00e9r\u00e9st biztos\u00edt k\u00fcl\u00f6nleges kedvezm\u00e9nyekhez, els\u0151bbs\u00e9gi bel\u00e9p\u00e9si lehet\u0151s\u00e9ghez \u00e9s m\u00e9g sok m\u00e1shoz, ami m\u00e9g jobban feldobja a Dzsungelpark l\u00e1togat\u00e1s\u00e1t.<\/p>\n<ul>\n<li><strong>Azonnali megtakar\u00edt\u00e1s:<\/strong> Azonnali foglal\u00e1skor exkluz\u00edv kedvezm\u00e9nyeket biztos\u00edtunk.<\/li>\n<li><strong>T\u00f6bbet kevesebb\u00e9rt:<\/strong> N\u00e9zze meg kombin\u00e1lt jegyaj\u00e1nlatainkat a m\u00e9g nagyobb megtakar\u00edt\u00e1s\u00e9rt \u00e9s a dupla sz\u00f3rakoz\u00e1s\u00e9rt.<\/li>\n<li><strong>Gondtalan tervez\u00e9s:<\/strong> \u00c9lvezze a nyugalmat a lehet\u0151s\u00e9ggel, hogy a tervezett l\u00e1togat\u00e1s el\u0151tt 72 \u00f3r\u00e1val lemondhatja a kezel\u00e9st.<\/li>\n<\/ul>\n<p>\ud83d\udc3e <strong>Ismerd meg az \u00e1llatszt\u00e1rokat:<\/strong> A Jungle Park sokf\u00e9le vadon \u00e9l\u0151 \u00e1llatnak ad otthont, az or\u00e1ngut\u00e1nok, gibbonok \u00e9s kapucinusok j\u00e1t\u00e9kos boh\u00f3ckod\u00e1s\u00e1t\u00f3l kezdve a f\u0151eml\u0151s\u00f6k mened\u00e9khely\u00e9n tal\u00e1lhat\u00f3 fens\u00e9ges leop\u00e1rdokig \u00e9s jagu\u00e1rokig. Ne hagyja ki a pingvineket, a tengeri oroszl\u00e1nokat, a szurik\u00e1t\u00e1kat, a mos\u00f3medv\u00e9ket \u00e9s a k\u00edgy\u00f3kat, tekn\u0151s\u00f6ket, krokodilokat \u00e9s kajm\u00e1nokat felvonultat\u00f3 leny\u0171g\u00f6z\u0151 h\u00fcll\u0151gy\u0171jtem\u00e9ny\u00fcnket sem.<\/p>\n<p>\ud83e\udd9c <strong>Showtime Highlights:<\/strong> A naponta 13:30-kor kezd\u0151d\u0151 oroszl\u00e1nf\u00f3ka-show egy csobban\u00e1snyi sz\u00f3rakoz\u00e1s, m\u00edg a 12:30-kor kezd\u0151d\u0151 ragadoz\u00f3mad\u00e1r-show tollas bar\u00e1taink, k\u00f6zt\u00fck a csod\u00e1latos kopasz sas hihetetlen \u00fcgyess\u00e9g\u00e9t mutatja be. Ezek a m\u0171sorok nemcsak sz\u00f3rakoztat\u00f3ak, hanem tanuls\u00e1gosak is, betekint\u00e9st ny\u00fajtanak e csod\u00e1latos teremtm\u00e9nyek \u00e9let\u00e9be.<\/p>\n<p>\ud83d\udc68\u200d\ud83d\udc69\u200d\ud83d\udc67\u200d\ud83d\udc66 <strong>Csal\u00e1di kaland:<\/strong> A Jungle Park izgalmas szafarikat, nyugodt term\u00e9szeti s\u00e9t\u00e1kat \u00e9s interakt\u00edv \u00e1llatos tal\u00e1lkoz\u00e1sokat k\u00edn\u00e1l, amelyek minden koroszt\u00e1ly sz\u00e1m\u00e1ra t\u00f6k\u00e9letesek. Vegyen r\u00e9szt k\u00fcl\u00f6nleges t\u00far\u00e1kon a parkon bel\u00fcl, vagy egy extra adag izgalom\u00e9rt pr\u00f3b\u00e1lja ki a dzsungelen kereszt\u00fcl sz\u00e1guld\u00f3 bobp\u00e1ly\u00e1nkat.<\/p>\n<h3>\ud83d\ude8c Ingyenes felv\u00e9teli szolg\u00e1ltat\u00e1s<\/h3>\n<p><strong>Z\u00f6kken\u0151mentes sikl\u00f3csatlakoz\u00e1s:<\/strong> Vegye ig\u00e9nybe ingyenes transzferszolg\u00e1ltat\u00e1sunkat, hogy stresszmentesen utazhasson D\u00e9l-Tenerif\u00e9r\u0151l a Jungle Parkba. Biztos\u00edtsa, hogy kalandja z\u00f6kken\u0151mentesen kezd\u0151dj\u00f6n \u00e9s fejez\u0151dj\u00f6n be.<\/p>\n<p><strong>Menetrend \u00e9s visszat\u00e9r\u00e9s:<\/strong> \u00c9lvezze a k\u00e9nyelmes felsz\u00e1ll\u00e1st Costa Adeje, Playa de Las Am\u00e9ricas \u00e9s Los Cristianos v\u00e1ros\u00e1b\u00f3l, megk\u00f6nny\u00edtve ezzel a Jungle Park megl\u00e1togat\u00e1s\u00e1t. Napi ingyenes buszj\u00e1ratunk k\u00f6nnyed\u00e9n \u00f6sszek\u00f6ti \u00d6nt:<\/p>\n<ul>\n<li><a href=\"https:\/\/canaryvip.com\/hu\/shop\/aqualand-tickets\/\">Aqualand<\/a> Costa Adeje: 9:30 | 10:45<\/li>\n<li>H. Labranda Suites Costa Adeje: 9:35 | 10:50<\/li>\n<li>The Duke Shops bev\u00e1s\u00e1rl\u00f3k\u00f6zpont: 9:35 | 10:55<\/li>\n<li>Hotel Sunwing Fa\u00f1ab\u00e9: 9:40 | 11:00<\/li>\n<li>Hotel Allsun Hibiscos: 9:45 | 11:05<\/li>\n<li>Calle Llanos De Troya: 9:50 | 11:35<\/li>\n<li>Leonardo b\u00e1rja: 9:55 | 11:40<\/li>\n<li>Hotel Best Tenerife: 10:00 | 11:45<\/li>\n<li>Pasarela bev\u00e1s\u00e1rl\u00f3k\u00f6zpont \"La Pepa\": 10:10 | 11:50<\/li>\n<li>Hotel Sol Arona Tenerife: 10:15 | 11:55<\/li>\n<\/ul>\n<p><strong>Visszat\u00e9r\u00e9si id\u0151k<\/strong>: 16:30 | 17:30.<\/p>\n<p>Felh\u00edvjuk figyelm\u00e9t, hogy a transzferen a helyek sz\u00e1ma korl\u00e1tozott, \u00e9s el\u0151zetes foglal\u00e1s n\u00e9lk\u00fcl, \u00e9rkez\u00e9si sorrendben \u00e1llnak rendelkez\u00e9sre.<\/p>\n<h3>\ud83d\udd25 <strong>Foglaljon most exkluz\u00edv Jungle Park aj\u00e1nlatok\u00e9rt<\/strong><\/h3>\n<p>Mer\u00fclj\u00f6n el a tenerifei dzsungelpark vad sz\u00e9ps\u00e9g\u00e9ben az CanaryVIP-vel. Biztos\u00edtsa a legjobb aj\u00e1nlatokat, \u00e9lvezze a probl\u00e9mamentes bel\u00e9p\u00e9st, \u00e9s szerezzen felejthetetlen eml\u00e9keket Chayofa buja k\u00f6rnyezet\u00e9ben.<\/p>\n<p>Mer\u00fclj\u00f6n el egy olyan vil\u00e1gba, ahol a vadvil\u00e1g \u00e9s a kaland tal\u00e1lkozik a tenerifei dzsungelparkban, ahol minden \u00fat felfedez\u00e9shez vezet, \u00e9s minden tal\u00e1lkoz\u00e1s egy mes\u00e9l\u00e9sre v\u00e1r\u00f3 t\u00f6rt\u00e9net. Foglalja le utaz\u00e1s\u00e1t m\u00e9g ma, \u00e9s engedje szabadj\u00e1ra a benn\u00fcnk rejl\u0151 felfedez\u0151t!<\/p>","protected":false},"excerpt":{"rendered":"<p><strong>\ud83d\udd0d Jungle Park Highligts:<\/strong><br \/>\n\u2705 Biztons\u00e1gos fizet\u00e9s.<br \/>\n\ud83d\ude80 Gyors bel\u00e9p\u0151 a b\u00e9rlet tulajdonosainak.<br \/>\n\ud83e\udd85 Bel\u00e9p\u00e9s minden el\u0151ad\u00e1sra.<br \/>\n\ud83d\udd59 Nyitva 10:00 \u00e9s 17:30 k\u00f6z\u00f6tt.<br \/>\n\ud83e\udd11 Garant\u00e1ltan legjobb \u00e1r.<br \/>\n\ud83d\ude8d Ingyenes buszj\u00e1rat.<br \/>\n\ud83d\udc6a Kedvezm\u00e9nyek csoportos foglal\u00e1sok eset\u00e9n.<br \/>\n\ud83d\udd01 72 \u00f3r\u00e1ig T\u00f6rl\u00e9s.<br \/>\n\ud83c\udf0d T\u00e1mogat\u00e1s t\u00f6bb nyelven.<br \/>\n\ud83c\udf1f Foglaljon most \u00e9s sp\u00f3roljon!<br \/>\n\ud83d\udccd Tal\u00e1ld meg <a href=\"https:\/\/maps.app.goo.gl\/K7g47iUPFiKyfYdU9\">Jungle Park a t\u00e9rk\u00e9peken<\/a>.<\/p>","protected":false},"featured_media":9501,"comment_status":"open","ping_status":"closed","template":"","meta":{"_acf_changed":false},"product_brand":[],"product_cat":[54],"product_tag":[],"class_list":{"0":"post-9493","1":"product","2":"type-product","3":"status-publish","4":"has-post-thumbnail","6":"product_cat-theme-parks","7":"wcpa_has_options","9":"first","10":"instock","11":"virtual","12":"purchasable","13":"product-type-simple"},"acf":[],"wcpa_form_fields":{"wcpaData":{"product":{"product_price":35,"price_html":"From&nbsp;<span class=\"woocommerce-Price-amount amount\"><bdi>35,00&nbsp;<span class=\"woocommerce-Price-currencySymbol\">&euro;<\/span><\/bdi><\/span>","original_product_price":35,"price_including_tax":35,"price_excluding_tax":35,"product_id":{"parent":9493,"variation":false},"is_variable":false,"stock_status":"instock","stock_quantity":null,"parent_sku":"CV9493","product_attributes":[],"custom_fields":[],"is_taxable":false,"product_name":"Buy Jungle Park Tickets","hasImage":false},"fields":{"sec_065df48f68f816":{"extra":{"key":"sec_065df48f68f816","section_id":"sec_065df48f68f816","name":"Jungle Park Tickets","status":1,"cl_rule":"show","enableCl":false,"relations":[{"operator":false,"rules":[{"operator":"AND","rules":{"cl_field":"radio-group_665df45fcbc30b","cl_relation":"is","cl_val":"Siam Park Regular Tickets"}}]}],"toggle":true,"title_tag":"h4","show_title":false,"showPrice":"default","form_id":10144,"form_rules":{"exclude_from_discount":true,"fee_label":"Fee","disp_hide_options_price":true,"disp_show_section_price":false,"disp_show_field_price":true,"layout_option":"standard","pric_use_as_fee":false,"process_fee_as":"woo_fee"},"layout_option":"standard"},"fields":[[{"label":"\ud83d\udcc5 Date","active":true,"required":true,"elementId":"date_365df48f68f836","picker_type":"custom","picker_mode":"single","placeholder":"","description":"","tooltip":"","name":"date_365df48f68f836","label_position":"default","desc_position":"default","enablePrice":false,"className":"","enableCl":false,"relations":[{"operator":"and","rules":[{"operator":"AND","rules":{"cl_field":"radio-group_665df45fcbc30b","cl_relation":"is","cl_val":"3 Hour Trip"}}]}],"date_pic_inline":true,"date_pic_inline_hide":true,"min_date":{"type":"days","val":"0"},"max_date":{"type":"days","val":"365"},"date_pic_conf":{"disabledWeeks":[]},"price":"","cl_rule":"show","col":6,"type":"date","error":false,"enableDesign":false,"LabelColor":"","gt_translate_keys":["label","placeholder","description","tooltip"],"price_dependency":false,"cl_dependency":false,"value":""}],[{"elementId":"separator_765df48f68f845","separatorType":"blank","className":"","height":"10","enableCl":false,"relations":false,"cl_rule":"show","col":6,"type":"separator","gt_translate_keys":[],"price_dependency":false,"cl_dependency":false,"value":""}],[{"active":true,"col":6,"relations":false,"cl_rule":"show","enableCl":false,"price":"","enablePrice":false,"className":"","label_position":"default","desc_position":"default","type":"content","required":false,"elementId":"content_265df48f68f851","label":"People","name":"content_265df48f68f851","contentType":"plain","value":"","error":false,"show_in_checkout":true,"inline":false,"gt_translate_keys":["label","value"],"price_dependency":false,"cl_dependency":false}],[{"active":true,"col":6,"relations":[{"operator":false,"rules":[{"operator":"AND","rules":{"cl_field":"","cl_relation":"","cl_val":""}}]}],"cl_rule":"show","enableCl":true,"price":"35","enablePrice":true,"className":"","label_position":"default","desc_position":"default","type":"radio-group","required":false,"elementId":"radio-group_165df48f68f85d","label":"","name":"radio-group_165df48f68f85d","values":[{"label":"\ud83d\udc64 Adult (35\u20ac)","value":"Adult","selected":true,"tempId":"aco_32","tooltip":"+11 Years","description":"","gt_translate_keys":["label","tooltip","description"]}],"layOut":"","error":false,"checkUi":"button","priceOptions":"fixed_for_all","pricingType":"fixed","enable_quantity":true,"quantity_label":"","min_quantity":"0","options_tooltip":true,"options_description":true,"gt_translate_keys":["label","quantity_label"],"price_dependency":false,"cl_dependency":false,"value":""}],[{"label":"","active":true,"required":false,"elementId":"radio-group_265df48f68f868","name":"radio-group_265df48f68f868","label_position":"default","desc_position":"default","enablePrice":true,"className":"","enableCl":false,"relations":false,"enable_quantity":true,"quantity_label":"","min_quantity":"0","checkUi":"button","layOut":"","values":[{"label":"\ud83d\udc66 Child (29\u20ac)","value":"Child","selected":true,"tempId":"aco_32","tooltip":"5-10 Years","description":"","gt_translate_keys":["label","tooltip","description"]}],"priceOptions":"fixed_for_all","pricingType":"fixed","price":"29","cl_rule":"show","col":6,"type":"radio-group","error":false,"options_tooltip":true,"options_description":true,"gt_translate_keys":["label","quantity_label"],"price_dependency":false,"cl_dependency":false,"value":""}],[{"label":"","active":true,"required":false,"elementId":"radio-group_1065df48f68f873","name":"radio-group_1065df48f68f873","label_position":"default","desc_position":"default","enablePrice":true,"className":"","enableCl":false,"relations":false,"enable_quantity":true,"quantity_label":"","min_quantity":"0","checkUi":"button","layOut":"","values":[{"label":"\ud83d\udc76 Toddler (16\u20ac)","value":"Toddler","selected":true,"tempId":"aco_32","tooltip":"3-4 Years","gt_translate_keys":["label","tooltip"]}],"priceOptions":"fixed_for_all","pricingType":"fixed","price":"16","cl_rule":"show","col":6,"type":"radio-group","error":false,"options_tooltip":true,"gt_translate_keys":["label","quantity_label"],"price_dependency":false,"cl_dependency":false,"value":""}]]}},"config":{"price_override":"always","enable_recaptcha":false,"bind_quantity":false,"quantity_bind_formula":false,"disp_summ_show_option_price":true,"disp_summ_show_product_price":false,"disp_summ_show_total_price":true,"disp_summ_show_fee":true,"disp_summ_show_discount":true,"summary_title":"","options_total_label":"Options Price","total_label":"Total Amount","options_product_label":"Product Price","fee_label":"Fee","discount_label":"Discount","has_price":true,"has_quantity_formula":false},"mc_unit":1,"tax_rate":1,"tax_rate_real":1,"discount":{"percentage":0,"fixed":0},"design":{"conf":{"LabelPosition":"above","DescPosition":"above","UploadField":"custom_1","QuantityFieldStyle":"custom_1"},"css":{"LeftLabelWidth":"120px"}},"formulas":[],"lookuptables":[],"clones":false,"cartKey":false}},"_links":{"self":[{"href":"https:\/\/canaryvip.com\/hu\/wp-json\/wp\/v2\/product\/9493","targetHints":{"allow":["GET"]}}],"collection":[{"href":"https:\/\/canaryvip.com\/hu\/wp-json\/wp\/v2\/product"}],"about":[{"href":"https:\/\/canaryvip.com\/hu\/wp-json\/wp\/v2\/types\/product"}],"replies":[{"embeddable":true,"href":"https:\/\/canaryvip.com\/hu\/wp-json\/wp\/v2\/comments?post=9493"}],"wp:featuredmedia":[{"embeddable":true,"href":"https:\/\/canaryvip.com\/hu\/wp-json\/wp\/v2\/media\/9501"}],"wp:attachment":[{"href":"https:\/\/canaryvip.com\/hu\/wp-json\/wp\/v2\/media?parent=9493"}],"wp:term":[{"taxonomy":"product_brand","embeddable":true,"href":"https:\/\/canaryvip.com\/hu\/wp-json\/wp\/v2\/product_brand?post=9493"},{"taxonomy":"product_cat","embeddable":true,"href":"https:\/\/canaryvip.com\/hu\/wp-json\/wp\/v2\/product_cat?post=9493"},{"taxonomy":"product_tag","embeddable":true,"href":"https:\/\/canaryvip.com\/hu\/wp-json\/wp\/v2\/product_tag?post=9493"}],"curies":[{"name":"wp","href":"https:\/\/api.w.org\/{rel}","templated":true}]}}