{"id":9488,"date":"2024-02-05T21:54:37","date_gmt":"2024-02-05T21:54:37","guid":{"rendered":"https:\/\/canaryvip.com\/?post_type=product&#038;p=9488"},"modified":"2025-08-09T13:00:03","modified_gmt":"2025-08-09T12:00:03","slug":"aqualand-tickets","status":"publish","type":"product","link":"https:\/\/canaryvip.com\/hu\/shop\/aqualand-tickets\/","title":{"rendered":"V\u00e1s\u00e1rl\u00e1s Aqualand jegyek"},"content":{"rendered":"<h2>\ud83c\udf0a <strong>Aqualand Costa Adeje: Mer\u00fclj\u00f6n el a sz\u00f3rakoz\u00e1sban \u00e9s a kalandban!<\/strong><\/h2>\n<ul>\n<li><strong>Naponta nyitva:<\/strong> Csobban\u00e1s \u00e9s j\u00e1t\u00e9k d\u00e9lel\u0151tt 10 \u00f3r\u00e1t\u00f3l d\u00e9lut\u00e1n 5 \u00f3r\u00e1ig, \u00edgy biztos\u00edtva a sz\u00f3rakoz\u00e1ssal \u00e9s izgalmakkal teli napot.<\/li>\n<li><strong>K\u00e9nyelmes helyen:<\/strong> A ny\u00fczsg\u0151 Costa Adeje ter\u00fclet\u00e9n tal\u00e1lhat\u00f3 Aqualand mindenki sz\u00e1m\u00e1ra k\u00f6nnyen el\u00e9rhet\u0151 kir\u00e1ndul\u00e1st \u00edg\u00e9r.<\/li>\n<li><strong>Rugalmass\u00e1g a jegyekn\u00e9l:<\/strong> A kaland a v\u00e1s\u00e1rl\u00e1st\u00f3l sz\u00e1m\u00edtott 90 napig \u00e9rv\u00e9nyes jegyekkel v\u00e1rja, \u00edgy \u00d6n szabadon v\u00e1laszthatja ki a t\u00f6k\u00e9letes napot a l\u00e1togat\u00e1sra.<\/li>\n<\/ul>\n<p>\ud83d\udccd <strong>Prime Spot:<\/strong> Az Aqualand Costa Adeje ny\u00fczsg\u0151 \u00fcd\u00fcl\u0151\u00f6vezet\u00e9ben tal\u00e1lhat\u00f3, amely az aquaparkok szerelmeseinek egyik legfontosabb c\u00e9lpontja.<br \/>\n\u00datbaigaz\u00edt\u00e1s, k\u00f6nnyed\u00e9n <a href=\"https:\/\/maps.app.goo.gl\/A5TcFcUtHUGD1ykJ7\" target=\"_blank\" rel=\"noopener\">Aqualand keres\u00e9se a Google Maps-en<\/a> \u00e9s tervezd meg el\u0151re a csobban\u00f3s napodat.<\/p>\n<p>\ud83c\udf92 <strong>K\u00e9sz\u00fclj\u00f6n fel a kalandra:<\/strong> Ne feledkezzen meg a naptejr\u0151l, a f\u00fcrd\u0151ruh\u00e1r\u00f3l \u00e9s a t\u00f6r\u00f6lk\u00f6z\u0151r\u0151l egy napf\u00e9nyben f\u00fcrd\u0151z\u0151s naphoz. Szekr\u00e9nyb\u00e9rl\u00e9si lehet\u0151s\u00e9g \u00e1ll rendelkez\u00e9sre, hogy biztons\u00e1gban tarthassa holmij\u00e1t.<\/p>\n<p>\ud83d\udca7 <strong>Hidrat\u00e1l\u00f3 \u00e1llom\u00e1s:<\/strong> Hozzon mag\u00e1val vizet, hogy a nap alatt hidrat\u00e1lt maradjon, a parkban pedig \u00e9tel- \u00e9s italfogyaszt\u00e1si lehet\u0151s\u00e9gek is rendelkez\u00e9sre \u00e1llnak.<\/p>\n<p>\ud83c\udfab <strong>Z\u00f6kken\u0151mentes bel\u00e9p\u00e9s:<\/strong> Az CanaryVIP jegyekkel megker\u00fclheti a helysz\u00edni jegyv\u00e1s\u00e1rl\u00e1shoz sz\u00fcks\u00e9ges sorban \u00e1ll\u00e1st, \u00e9s gyorsabban juthat be. Az el\u0151re megv\u00e1s\u00e1rolt jegyek seg\u00edts\u00e9g\u00e9vel k\u00f6nnyed\u00e9n nekiv\u00e1ghat az Aqualand-kalandnak.<\/p>\n<p>\ud83d\ude8c <strong>Ingyenes Aqualand transzfer:<\/strong> Haszn\u00e1lja ki az Aqualand exkluz\u00edv, ingyenes buszj\u00e1rat\u00e1nak el\u0151nyeit, hogy k\u00f6nnyed\u00e9n eljusson D\u00e9l-Tenerife k\u00fcl\u00f6nb\u00f6z\u0151 pontjair\u00f3l.<\/p>\n<p>\ud83c\udf1f <strong>Exkluz\u00edv CanaryVIP-el\u0151ny\u00f6k:<\/strong> \u00c9lvezze a k\u00fcl\u00f6nleges kedvezm\u00e9nyeket \u00e9s kedvezm\u00e9nyeket, ha n\u00e1lunk foglalja le Aqualand jegyeit! Feln\u0151ttek \u00e9s gyerekek egyar\u00e1nt v\u00e1rj\u00e1k a p\u00e1ratlan sz\u00f3rakoz\u00e1ssal teli napot versenyk\u00e9pes \u00e1ron.<\/p>\n<ul>\n<li><strong>Azonnali kedvezm\u00e9nyek:<\/strong> Biztos\u00edtsa jegyeit az CanaryVIP seg\u00edts\u00e9g\u00e9vel, \u00e9s \u00e9lvezze az azonnali megtakar\u00edt\u00e1st.<\/li>\n<li><strong>Els\u0151bbs\u00e9gi hozz\u00e1f\u00e9r\u00e9s:<\/strong> Ker\u00fcld meg a sorban \u00e1ll\u00e1st, \u00e9s ugorj bele az akci\u00f3ba.<\/li>\n<li><strong>\u00c9rt\u00e9kes aj\u00e1nlatok:<\/strong> Tartsa nyitva a szem\u00e9t a k\u00f6vetkez\u0151 kombin\u00e1lt aj\u00e1nlataink\u00e9rt <a href=\"https:\/\/canaryvip.com\/hu\/shop\/aqualand-jungle-park-2park\/\">Aqualand \u00e9s dzsungelpark<\/a>, maximaliz\u00e1lva a sz\u00f3rakoz\u00e1st, mik\u00f6zben p\u00e9nzt takar\u00edt meg.<\/li>\n<li><strong>Rugalmas lemond\u00e1s:<\/strong> V\u00e1ltozott a terv? A l\u00e1togat\u00e1s el\u0151tt legfeljebb 72 \u00f3r\u00e1val lemondhatja a teljes \u00f6sszeg visszat\u00e9r\u00edt\u00e9s\u00e9\u00e9rt.<\/li>\n<\/ul>\n<p>\ud83d\udc2c <strong>L\u00e1togatand\u00f3 delfin-show:<\/strong> Ne hagyja ki a naponta 15:30-kor kezd\u0151d\u0151, var\u00e1zslatos delfinbemutat\u00f3kat, amelyeket a parkbel\u00e9p\u0151 ingyenesen tartalmaz.<\/p>\n<p>\ud83d\udc6a <strong>Csal\u00e1dbar\u00e1t sz\u00f3rakoz\u00e1s:<\/strong> Az Aqualand t\u00f6k\u00e9letes kever\u00e9k\u00e9t k\u00edn\u00e1lja az izgalmas cs\u00faszd\u00e1knak az adrenalinf\u00fcgg\u0151knek \u00e9s a gyeng\u00e9d j\u00e1tsz\u00f3tereknek a kicsiknek, \u00edgy az eg\u00e9sz csal\u00e1d sz\u00e1m\u00e1ra eml\u00e9kezetes napot biztos\u00edt.<\/p>\n<h2>\ud83d\ude8c Exkluz\u00edv Aqualand transzfer szolg\u00e1ltat\u00e1s<\/h2>\n<p><strong>Z\u00f6kken\u0151mentes transzfer\u00e9lm\u00e9ny:<\/strong> Emelje fel Aqualand l\u00e1togat\u00e1s\u00e1t ingyenes transzfer szolg\u00e1ltat\u00e1sunkkal, amely stresszmentes utaz\u00e1st biztos\u00edt a parkba. \u00c9lvezze az ingyenes buszj\u00e1ratunk k\u00e9nyelm\u00e9t, amely z\u00f6kken\u0151mentesen \u00f6sszek\u00f6ti Los Cristianost, Playa De las Am\u00e9ricast \u00e9s Costa Adej\u00e9t, \u00e9s \u00edgy k\u00f6nnyed\u00e9n elt\u00f6lt egy kellemes napot.<\/p>\n<p><span style=\"text-decoration: underline;\"><strong>Ingyenes transzfer menetrend:<\/strong><\/span><\/p>\n<ul>\n<li><strong>\u00datvonalak:<\/strong> Los Cristianos - Playa De las Am\u00e9ricas - Costa Adeje<\/li>\n<li><strong>Buszmeg\u00e1ll\u00f3k \u00e9s id\u0151pontok:<\/strong>\n<ul>\n<li>Pasarela bev\u00e1s\u00e1rl\u00f3k\u00f6zpont: 9:30 | 10:30 | 11:30<\/li>\n<li>Hotel Sol Arona Tenerife: 9:35 | 10:35 | 11:35<\/li>\n<li>Hotel Best Tenerife: 9:40 | 10:40 | 11:40<\/li>\n<li>Leonardo b\u00e1rja: 9:45 | 10:45 | 11:45<\/li>\n<li>Llanos de Troya utca: 9:50 | 10:50 | 11:50<\/li>\n<li>H. Labranda Suites Costa Adeje: 10:05 | 11:05 | 12:05<\/li>\n<li>The Duke Shops bev\u00e1s\u00e1rl\u00f3k\u00f6zpont: 10:05 | 11:05 | 12:05<\/li>\n<li>Hotel Sunwing Fa\u00f1ab\u00e9: 10:10 | 11:10 | 12:10 | 12:10<\/li>\n<\/ul>\n<\/li>\n<\/ul>\n<p><strong>Visszat\u00e9r\u00e9si id\u0151k:<\/strong> 16:30 \u00e9s 17:15.<\/p>\n<p>Felh\u00edvjuk figyelm\u00e9t, hogy az egyes j\u00e1ratokon a helyek sz\u00e1ma korl\u00e1tozott, \u00e9s el\u0151zetes foglal\u00e1s n\u00e9lk\u00fcl, \u00e9rkez\u00e9si sorrendben t\u00f6ltik fel \u0151ket. Biztos\u00edtsa az Aqualand-kaland z\u00f6kken\u0151mentes kezdet\u00e9t \u00e9s v\u00e9g\u00e9t, ha kor\u00e1n \u00e9rkezik a kijel\u00f6lt felsz\u00e1ll\u00e1si pontra.<\/p>\n<h3>\ud83d\udd25 <strong>Ne hagyja ki: Exkluz\u00edv aj\u00e1nlatok az CanaryVIP.com-on<\/strong><\/h3>\n<p>K\u00e9szen \u00e1llsz egy izgalmas napra az Aqualand Costa Adej\u00e9ben?<\/p>\n<p>K\u00f6nyv a <strong>CanaryVIP<\/strong> a legjobb \u00e1rak\u00e9rt \u00e9s a probl\u00e9mamentes \u00e9lm\u00e9ny\u00e9rt, k\u00fcl\u00f6nleges aj\u00e1nlatokkal \u00e9s bar\u00e1ts\u00e1gos lemond\u00e1si szab\u00e1lyokkal. Csobbanjon fel, \u00e9s szerezzen felejthetetlen eml\u00e9keket!<\/p>","protected":false},"excerpt":{"rendered":"<p><strong>\ud83d\udd0d Aqualand bel\u00e9p\u0151jegyek:<\/strong><br \/>\n\u2705 Biztons\u00e1gos fizet\u00e9s.<br \/>\n\ud83d\ude80 Gyors bel\u00e9p\u0151 a b\u00e9rlet tulajdonosainak.<br \/>\n\ud83c\udf0a Hozz\u00e1f\u00e9r\u00e9s az \u00f6sszes izgalmas lovagl\u00e1shoz.<br \/>\n\ud83d\udc2c Tartalmazza a delfin show-t.<br \/>\n\ud83d\udd59 Nyitva 10:00 \u00e9s 17:00 k\u00f6z\u00f6tt.<br \/>\n\ud83e\udd11 Garant\u00e1ltan legjobb \u00e1r.<br \/>\n\ud83d\ude8d Ingyenes buszj\u00e1rat.<br \/>\n\ud83d\udc6a Kedvezm\u00e9nyek csoportos foglal\u00e1sok eset\u00e9n.<br \/>\n\ud83d\udd01 72 \u00f3r\u00e1ig T\u00f6rl\u00e9s.<br \/>\n\ud83c\udf0d T\u00e1mogat\u00e1s t\u00f6bb nyelven.<br \/>\n\ud83c\udf1f Foglaljon most \u00e9s sp\u00f3roljon!<br \/>\n\ud83d\udccd Tal\u00e1ld meg <a href=\"https:\/\/maps.app.goo.gl\/A5TcFcUtHUGD1ykJ7\">Aqualand a t\u00e9rk\u00e9peken<\/a>.<\/p>","protected":false},"featured_media":9492,"comment_status":"open","ping_status":"closed","template":"","meta":{"_acf_changed":false},"product_brand":[],"product_cat":[54],"product_tag":[],"class_list":{"0":"post-9488","1":"product","2":"type-product","3":"status-publish","4":"has-post-thumbnail","6":"product_cat-theme-parks","7":"wcpa_has_options","9":"first","10":"instock","11":"virtual","12":"purchasable","13":"product-type-simple"},"acf":[],"wcpa_form_fields":{"wcpaData":{"product":{"product_price":36,"price_html":"From&nbsp;<span class=\"woocommerce-Price-amount amount\"><bdi>36,00&nbsp;<span class=\"woocommerce-Price-currencySymbol\">&euro;<\/span><\/bdi><\/span>","original_product_price":36,"price_including_tax":36,"price_excluding_tax":36,"product_id":{"parent":9488,"variation":false},"is_variable":false,"stock_status":"instock","stock_quantity":null,"parent_sku":"CV9488","product_attributes":[],"custom_fields":[],"is_taxable":false,"product_name":"Buy Aqualand Tickets","hasImage":false},"fields":{"sec_665df45fcbc30e":{"extra":{"key":"sec_665df45fcbc30e","section_id":"sec_665df45fcbc30e","name":"Aqualand Tickets","status":1,"cl_rule":"show","enableCl":false,"relations":[{"operator":false,"rules":[{"operator":"AND","rules":{"cl_field":"radio-group_665df45fcbc30b","cl_relation":"is","cl_val":"Siam Park Regular Tickets"}}]}],"toggle":true,"title_tag":"h4","show_title":false,"showPrice":"default","form_id":10143,"form_rules":{"exclude_from_discount":true,"fee_label":"Fee","disp_hide_options_price":true,"disp_show_section_price":false,"disp_show_field_price":true,"layout_option":"standard","pric_use_as_fee":false,"process_fee_as":"woo_fee"},"layout_option":"standard"},"fields":[[{"label":"\ud83d\udcc5 Date","active":true,"required":true,"elementId":"date_365df45fcbc347","picker_type":"custom","picker_mode":"single","placeholder":"","description":"","tooltip":"","name":"date_365df45fcbc347","label_position":"default","desc_position":"default","enablePrice":false,"className":"","enableCl":false,"relations":[{"operator":"and","rules":[{"operator":"AND","rules":{"cl_field":"radio-group_665df45fcbc30b","cl_relation":"is","cl_val":"3 Hour Trip"}}]}],"date_pic_inline":true,"date_pic_inline_hide":true,"min_date":{"type":"days","val":"0"},"max_date":{"type":"days","val":"365"},"date_pic_conf":{"disabledWeeks":[]},"price":"","cl_rule":"show","col":6,"type":"date","error":false,"enableDesign":false,"LabelColor":"","gt_translate_keys":["label","placeholder","description","tooltip"],"price_dependency":false,"cl_dependency":false,"value":""}],[{"elementId":"separator_865df45fcbc360","separatorType":"blank","className":"","height":"10","enableCl":false,"relations":false,"cl_rule":"show","col":6,"type":"separator","gt_translate_keys":[],"price_dependency":false,"cl_dependency":false,"value":""}],[{"active":true,"col":6,"relations":false,"cl_rule":"show","enableCl":false,"price":"","enablePrice":false,"className":"","label_position":"default","desc_position":"default","type":"content","required":false,"elementId":"content_265df45fcbc377","label":"People","name":"content_265df45fcbc377","contentType":"plain","value":"","error":false,"show_in_checkout":true,"inline":false,"gt_translate_keys":["label","value"],"price_dependency":false,"cl_dependency":false}],[{"active":true,"col":6,"relations":[{"operator":false,"rules":[{"operator":"AND","rules":{"cl_field":"","cl_relation":"","cl_val":""}}]}],"cl_rule":"show","enableCl":true,"price":"36","enablePrice":true,"className":"","label_position":"default","desc_position":"default","type":"radio-group","required":false,"elementId":"radio-group_365df45fcbc390","label":"","name":"radio-group_365df45fcbc390","values":[{"label":"\ud83d\udc64 Adult (36\u20ac)","value":"Adult","selected":true,"tempId":"aco_32","tooltip":"+11 Years","description":"","gt_translate_keys":["label","tooltip","description"]}],"layOut":"","error":false,"checkUi":"button","priceOptions":"fixed_for_all","pricingType":"fixed","enable_quantity":true,"quantity_label":"","min_quantity":"0","options_tooltip":true,"options_description":true,"gt_translate_keys":["label","quantity_label"],"price_dependency":false,"cl_dependency":false,"value":""}],[{"label":"","active":true,"required":false,"elementId":"radio-group_565df45fcbc3a8","name":"radio-group_565df45fcbc3a8","label_position":"default","desc_position":"default","enablePrice":true,"className":"","enableCl":false,"relations":false,"enable_quantity":true,"quantity_label":"","min_quantity":"0","checkUi":"button","layOut":"","values":[{"label":"\ud83d\udc66 Child (29\u20ac)","value":"Child","selected":true,"tempId":"aco_32","tooltip":"5-10 Years","description":"","gt_translate_keys":["label","tooltip","description"]}],"priceOptions":"fixed_for_all","pricingType":"fixed","price":"29","cl_rule":"show","col":6,"type":"radio-group","error":false,"options_tooltip":true,"options_description":true,"gt_translate_keys":["label","quantity_label"],"price_dependency":false,"cl_dependency":false,"value":""}],[{"label":"","active":true,"required":false,"elementId":"radio-group_865df45fcbc3bf","name":"radio-group_865df45fcbc3bf","label_position":"default","desc_position":"default","enablePrice":true,"className":"","enableCl":false,"relations":false,"enable_quantity":true,"quantity_label":"","min_quantity":"0","checkUi":"button","layOut":"","values":[{"label":"\ud83d\udc76 Toddler (16\u20ac)","value":"Toddler","selected":true,"tempId":"aco_32","tooltip":"3-4 Years","gt_translate_keys":["label","tooltip"]}],"priceOptions":"fixed_for_all","pricingType":"fixed","price":"16","cl_rule":"show","col":6,"type":"radio-group","error":false,"options_tooltip":true,"gt_translate_keys":["label","quantity_label"],"price_dependency":false,"cl_dependency":false,"value":""}]]}},"config":{"price_override":"always","enable_recaptcha":false,"bind_quantity":false,"quantity_bind_formula":false,"disp_summ_show_option_price":true,"disp_summ_show_product_price":false,"disp_summ_show_total_price":true,"disp_summ_show_fee":true,"disp_summ_show_discount":true,"summary_title":"","options_total_label":"Options Price","total_label":"Total Amount","options_product_label":"Product Price","fee_label":"Fee","discount_label":"Discount","has_price":true,"has_quantity_formula":false},"mc_unit":1,"tax_rate":1,"tax_rate_real":1,"discount":{"percentage":0,"fixed":0},"design":{"conf":{"LabelPosition":"above","DescPosition":"above","UploadField":"custom_1","QuantityFieldStyle":"custom_1"},"css":{"LeftLabelWidth":"120px"}},"formulas":[],"lookuptables":[],"clones":false,"cartKey":false}},"_links":{"self":[{"href":"https:\/\/canaryvip.com\/hu\/wp-json\/wp\/v2\/product\/9488","targetHints":{"allow":["GET"]}}],"collection":[{"href":"https:\/\/canaryvip.com\/hu\/wp-json\/wp\/v2\/product"}],"about":[{"href":"https:\/\/canaryvip.com\/hu\/wp-json\/wp\/v2\/types\/product"}],"replies":[{"embeddable":true,"href":"https:\/\/canaryvip.com\/hu\/wp-json\/wp\/v2\/comments?post=9488"}],"wp:featuredmedia":[{"embeddable":true,"href":"https:\/\/canaryvip.com\/hu\/wp-json\/wp\/v2\/media\/9492"}],"wp:attachment":[{"href":"https:\/\/canaryvip.com\/hu\/wp-json\/wp\/v2\/media?parent=9488"}],"wp:term":[{"taxonomy":"product_brand","embeddable":true,"href":"https:\/\/canaryvip.com\/hu\/wp-json\/wp\/v2\/product_brand?post=9488"},{"taxonomy":"product_cat","embeddable":true,"href":"https:\/\/canaryvip.com\/hu\/wp-json\/wp\/v2\/product_cat?post=9488"},{"taxonomy":"product_tag","embeddable":true,"href":"https:\/\/canaryvip.com\/hu\/wp-json\/wp\/v2\/product_tag?post=9488"}],"curies":[{"name":"wp","href":"https:\/\/api.w.org\/{rel}","templated":true}]}}