{"id":9435,"date":"2024-02-05T14:39:59","date_gmt":"2024-02-05T14:39:59","guid":{"rendered":"https:\/\/canaryvip.com\/?post_type=product&#038;p=9435"},"modified":"2025-08-09T13:00:56","modified_gmt":"2025-08-09T12:00:56","slug":"tenerife-north-guided-bus-tour","status":"publish","type":"product","link":"https:\/\/canaryvip.com\/hu\/shop\/tenerife-north-guided-bus-tour\/","title":{"rendered":"\u00c9szak-Tenerife vezetett buszos t\u00fara"},"content":{"rendered":"<h2>\ud83d\ude8c <strong>Tenerife \u00e9szaki buszos t\u00fara: Santa Cruz + Taganana + La Laguna<\/strong><\/h2>\n<p>Induljon el egy mag\u00e1val ragad\u00f3 utaz\u00e1sra a <strong>CanaryVIP<\/strong> Tenerife \u00e9szaki kincseinek felfedez\u00e9s\u00e9re. Ez az eg\u00e9sz napos vezetett buszos t\u00fara a ny\u00fczsg\u0151 f\u0151v\u00e1rosb\u00f3l, Santa Cruzb\u00f3l a b\u00e1jos Taganana faluba, majd az UNESCO Vil\u00e1g\u00f6r\u00f6ks\u00e9g r\u00e9sz\u00e9t k\u00e9pez\u0151 La Lagun\u00e1ba vezet. Mer\u00fclj\u00f6n el Tenerife kult\u00far\u00e1j\u00e1nak, t\u00f6rt\u00e9nelm\u00e9nek \u00e9s l\u00e9legzetel\u00e1ll\u00edt\u00f3 t\u00e1jainak sz\u00edv\u00e9ben.<\/p>\n<h3><strong>A t\u00fara f\u00e9nypontjai: Tenerife kincseinek gobelinje<\/strong><\/h3>\n<ul>\n<li>\ud83c\udfd9\ufe0f <a href=\"https:\/\/www.google.com\/maps\/place\/Santa+Cruz+de+Tenerife\/@28.4670039,-16.2853105,13z\/data=!4m6!3m5!1s0xc41cceccc254171:0x43111473d277e52e!8m2!3d28.4636296!4d-16.2518467!16zL20vMDFyc2pz?entry=ttu\" target=\"_blank\" rel=\"noopener\"><strong>Santa Cruz<\/strong><\/a>: Induljon el az \u00e9szak-tenerifei kalandra a f\u0151v\u00e1ros t\u00f6rt\u00e9nelmi \u00f3v\u00e1ros\u00e1ban, mer\u00fclj\u00f6n el a hangulatos utc\u00e1kon, \u00e9s fedezze fel a gazdag kultur\u00e1lis \u00f6r\u00f6ks\u00e9get, amelyet ez a ny\u00fczsg\u0151 v\u00e1ros k\u00edn\u00e1l.<\/li>\n<li>\ud83c\udf0a <strong><a href=\"https:\/\/www.google.com\/maps\/place\/Playa+de+Las+Teresitas+(Santa+Cruz+de+Tenerife)\/@28.5080068,-16.1869497,17z\/data=!3m1!4b1!4m6!3m5!1s0xc41ca38d1d9c17f:0x5694f9ae1bd14e6b!8m2!3d28.5097119!4d-16.1847441!16s%2Fm%2F0c416zk?entry=ttu\" target=\"_blank\" rel=\"noopener\">Playa de las Teresitas<\/a>:<\/strong> Utazzon el Las Teresitas aranyl\u00f3 homokja mellett (meg\u00e1ll\u00e1s n\u00e9lk\u00fcl), \u00e9s pillantson be a sziget egyik legszebb strandj\u00e1ra.<\/li>\n<li>\ud83c\udf7d\ufe0f <strong><a href=\"https:\/\/www.google.com\/maps\/place\/Taganana,+Santa+Cruz+de+Tenerife\/@28.5555629,-16.2355488,14z\/data=!3m1!4b1!4m6!3m5!1s0xc41c91b2021132f:0xbc8e645ff453ea87!8m2!3d28.5605853!4d-16.2181647!16s%2Fg%2F121pw4ll?entry=ttu\" target=\"_blank\" rel=\"noopener\">Taganana falu<\/a>:<\/strong> K\u00f3stolja meg a helyi konyh\u00e1t ebben a fest\u0151i kan\u00e1ri faluban, ahol a hagyom\u00e1nyok \u00e9s a szellem l\u00e9nyege \u00e9rintetlen maradt. (Az \u00e1r nem tartalmazza az \u00e9tkez\u00e9st)<\/li>\n<li>\ud83c\udf32 <strong><a href=\"https:\/\/www.google.com\/maps\/place\/Monte+de+las+Mercedes\/@28.5383325,-16.3344664,15z\/data=!3m1!4b1!4m6!3m5!1s0xc41ce3f4722ad77:0x4e14fd9dc5ce9ff!8m2!3d28.5383333!4d-16.3241667!16s%2Fg%2F11cn5qs82s?entry=ttu\" target=\"_blank\" rel=\"noopener\">Monte de las Mercedes<\/a>:<\/strong> Utazzon \u00e1t l\u00e1tv\u00e1nyos t\u00e1jakon, ahol a term\u00e9szet sz\u00e9ps\u00e9ge Tenerife sz\u00edv\u00e9ben bontakozik ki.<\/li>\n<li>\ud83c\udfdb\ufe0f <strong><a href=\"https:\/\/www.google.com\/maps\/place\/La+Laguna,+Santa+Cruz+de+Tenerife\/@28.4697954,-16.3289548,14z\/data=!3m1!4b1!4m6!3m5!1s0xc41cdeccdcfeaf5:0x54a9fe4642667870!8m2!3d28.4874009!4d-16.3159061!16zL20vMDZ3Znh6?entry=ttu\" target=\"_blank\" rel=\"noopener\">La Laguna<\/a>:<\/strong> Z\u00e1rja \u00fatj\u00e1t a t\u00f6rt\u00e9nelmi \u00e9s fest\u0151i egyetemi v\u00e1rosban, amely az UNESCO vil\u00e1g\u00f6r\u00f6ks\u00e9g r\u00e9sze \u00e9s egyed\u00fcl\u00e1ll\u00f3 sz\u00e9ps\u00e9g\u00e9r\u0151l h\u00edres.<\/li>\n<\/ul>\n<h3><strong>Az \u00d6n utaz\u00e1sa az CanaryVIP-vel mag\u00e1ban foglalja:<\/strong><\/h3>\n<ul>\n<li>\ud83d\ude8c A fest\u0151i \u00e9s <strong>k\u00e9nyelmes buszoz\u00e1s,<\/strong>\u00a0, ami kellemes utaz\u00e1st biztos\u00edt Tenerife \u00e9szaki t\u00e1jain.<\/li>\n<li>\ud83c\udfe8 K\u00e9nyelmes <strong>felv\u00e9teli \u00e9s elsz\u00e1ll\u00edt\u00e1si szolg\u00e1ltat\u00e1s<\/strong> a sz\u00e1llod\u00e1b\u00f3l, \u00edgy gondtalan \u00e9lm\u00e9nyt ny\u00fajt.<\/li>\n<li>\ud83d\udde3\ufe0f \u00c9lesl\u00e1t\u00f3 <strong>t\u00f6bbnyelv\u0171 idegenvezet\u0151k \u00fatmutat\u00e1sa,<\/strong>\u00a0, izgalmas t\u00f6rt\u00e9netekkel \u00e9s t\u00e9nyekkel gazdag\u00edtva a t\u00far\u00e1t.<\/li>\n<li>\ud83d\udd52 An <strong>8 \u00f3r\u00e1s t\u00fara<\/strong> b\u0151s\u00e9ges lehet\u0151s\u00e9gekkel a felfedez\u00e9sre, a vacsor\u00e1z\u00e1sra \u00e9s Tenerife esszenci\u00e1j\u00e1nak megragad\u00e1s\u00e1ra.<\/li>\n<li>\ud83d\udcf8 <strong>T\u00f6k\u00e9letes pillanatok<\/strong> minden l\u00e9p\u00e9sn\u00e9l, \u00edgy biztos\u00edtva, hogy olyan eml\u00e9keket vigyen haza, amelyek egy \u00e9letre sz\u00f3lnak.<\/li>\n<li>\ud83d\udcb0 Az CanaryVIP \u00edg\u00e9rete a <strong>legjobb \u00e1r,<\/strong>\u00a0, valamint rugalmas lemond\u00e1si szab\u00e1lyokkal az \u00d6n nyugalma \u00e9rdek\u00e9ben.<\/li>\n<\/ul>\n<h3><strong>Alapvet\u0151 r\u00e9szletek a t\u00far\u00e1r\u00f3l:<\/strong><\/h3>\n<ul>\n<li>\ud83c\udf9f\ufe0f Tartsa k\u00e9zn\u00e9l az CanaryVIP jegy\u00e9t digit\u00e1lis vagy nyomtatott form\u00e1ban, hogy a t\u00fara z\u00f6kken\u0151mentes legyen.<\/li>\n<li>\ud83e\udde5 \u00d6lt\u00f6zz r\u00e9tegesen; Tenerife v\u00e1ltozatos t\u00e1jai v\u00e1ltoz\u00f3 id\u0151j\u00e1r\u00e1si viszonyokat jelentenek.<\/li>\n<li>\ud83c\udf7d\ufe0f \u00c9lvezze az eb\u00e9dsz\u00fcnetet Taganana v\u00e1ros\u00e1ban, ahol szabadon v\u00e1laszthat a helyi \u00e9ttermek k\u00f6z\u00fcl. (Az eb\u00e9det az \u00e1r nem tartalmazza)<\/li>\n<li>\ud83d\udccc Az \u00d6n sz\u00e1llod\u00e1j\u00e1hoz vagy \u00e1tv\u00e9teli hely\u00e9hez igaz\u00edtott konkr\u00e9t \u00e1tv\u00e9teli id\u0151pontokat a foglal\u00e1s ut\u00e1n fogjuk meger\u0151s\u00edteni. A z\u00f6kken\u0151mentes utaz\u00e1sszervez\u00e9s \u00e9rdek\u00e9ben gy\u0151z\u0151dj\u00f6n meg arr\u00f3l, hogy a sz\u00e1ll\u00e1sadatai pontosak.<\/li>\n<\/ul>\n<h3><strong>Lemond\u00e1si felt\u00e9telek:<\/strong><\/h3>\n<ul>\n<li>\ud83d\udd04 <strong>Rugalmas egy\u00e9ni lemond\u00e1sok:<\/strong> \u00c9rtse meg az \u00e9let kisz\u00e1m\u00edthatatlans\u00e1g\u00e1t az egyszer\u0171 lemond\u00e1si szab\u00e1lyzatunkkal. A t\u00fara el\u0151tt legfeljebb 24 \u00f3r\u00e1val lemondhatja a t\u00far\u00e1t, \u00e9s teljes visszat\u00e9r\u00edt\u00e9st kap, \u00edgy k\u00f6nnyed\u00e9n m\u00f3dos\u00edthatja terveit.<\/li>\n<li>\ud83d\udd52 <strong>Csoportos lemond\u00e1si rugalmass\u00e1g:<\/strong> Csoportosan utazik? Mi gondoskodunk \u00f6nr\u0151l. 5-7 f\u0151s csoportok eset\u00e9n a t\u00fara el\u0151tt 48 \u00f3r\u00e1val ingyenesen lemondhatja a foglal\u00e1st. A 8-14 f\u0151s csoportoknak legal\u00e1bb 4 nappal kor\u00e1bban le kell mondaniuk a teljes \u00f6sszeg visszat\u00e9r\u00edt\u00e9s\u00e9hez, a 15 f\u0151s vagy ann\u00e1l nagyobb csoportoknak pedig 6 nappal a t\u00fara el\u0151tt kell lemondaniuk a t\u00far\u00e1t, hogy elker\u00fclj\u00e9k a lemond\u00e1si d\u00edjakat. Ezeket a felt\u00e9teleket \u00fagy alak\u00edtottuk ki, hogy a nagyobb csoportok sz\u00e1m\u00e1ra is lehet\u0151v\u00e9 tegy\u00fck az utaz\u00e1s megtervez\u00e9s\u00e9t, \u00edgy minden \u00e9rintett sz\u00e1m\u00e1ra z\u00f6kken\u0151mentesebb\u00e9 t\u00e9ve az utaz\u00e1st.<\/li>\n<li>\ud83d\udca1 <strong>Egyszer\u0171 lemond\u00e1si folyamat:<\/strong> Ak\u00e1r egy\u00e9nileg, ak\u00e1r csoportosan mondod le, a folyamat egyszer\u0171. Vegye fel vel\u00fcnk a kapcsolatot weboldalunkon, e-mailben vagy telefonon. Mi azonnal kezelj\u00fck a visszat\u00e9r\u00edt\u00e9st, \u00edgy biztos\u00edtva a probl\u00e9mamentes \u00e9lm\u00e9nyt.<\/li>\n<li>\ud83d\udd0d <strong>Ellen\u0151rizze a foglal\u00e1s\u00e1t:<\/strong> Javasoljuk, hogy a foglal\u00e1s r\u00e9szleteit el\u0151zetesen tekintse \u00e1t. Ez a proakt\u00edv l\u00e9p\u00e9s biztos\u00edtja, hogy az esetleges m\u00f3dos\u00edt\u00e1sokat vagy lemond\u00e1sokat a sz\u00fcks\u00e9ges id\u0151kereten bel\u00fcl megtehesse, elker\u00fclve ezzel a felesleges d\u00edjakat.<\/li>\n<\/ul>\n<h4><strong>T\u00faraseg\u00edts\u00e9gny\u00fajt\u00e1s \u00e9s felel\u0151ss\u00e9gv\u00e1llal\u00e1s:<\/strong><\/h4>\n<ul>\n<li>\u2714\ufe0f CanaryVIP elk\u00f6telezett az ir\u00e1nt, hogy eml\u00e9kezetes \u00e9s z\u00f6kken\u0151mentes t\u00fara\u00e9lm\u00e9nyt ny\u00fajtson a foglal\u00e1st\u00f3l a felfedez\u00e9sig.<\/li>\n<li>\ud83d\udde3\ufe0f <strong>K\u00f6zvetlen kommunik\u00e1ci\u00f3:<\/strong> K\u00e9rd\u00e9se vagy ig\u00e9nye van a t\u00fara sor\u00e1n? Idegenvezet\u0151ink az \u00fat minden szakasz\u00e1ban seg\u00edts\u00e9g\u00e9re lesznek.<\/li>\n<li>\ud83d\udcb0 <strong>Egy\u00e9rtelm\u0171 visszat\u00e9r\u00edt\u00e9si politika:<\/strong> Ha b\u00e1rmilyen probl\u00e9ma mer\u00fclne fel, elk\u00f6telezettek vagyunk amellett, hogy az \u00fcgyf\u00e9lk\u00f6zpont\u00fas\u00e1gunknak megfelel\u0151en megoldjuk azt.<\/li>\n<\/ul>\n<h4><strong>\ud83c\udfd9\ufe0f \ud83c\udf7d\ufe0f \ud83c\udfdb\ufe0f Foglalja le \u00e9szaki kalandj\u00e1t most!<\/strong><\/h4>\n<p>Ne hagyja, hogy ez az egyed\u00fcl\u00e1ll\u00f3 lehet\u0151s\u00e9g Tenerife \u00e9szaki gy\u00f6ngyszemeinek felfedez\u00e9s\u00e9re elsz\u00e1lljon \u00d6n mellett. Foglalja le hely\u00e9t a Tenerife North <a href=\"https:\/\/canaryvip.com\/hu\/tenerife\/guided-tours\/bus-tours\/?swcfpc=1\">Vezetett buszos t\u00fara<\/a> az CanaryVIP-vel m\u00e9g ma, \u00e9s k\u00e9sz\u00fclj\u00f6n fel a kult\u00fara, a t\u00f6rt\u00e9nelem \u00e9s a term\u00e9szeti sz\u00e9ps\u00e9g felejthetetlen felfedez\u00e9s\u00e9re. V\u00e1r a kaland Santa Cruzban, Taganana-ban \u00e9s La Lagun\u00e1ban!<\/p>","protected":false},"excerpt":{"rendered":"<p><strong>\ud83d\udd0d Tenerife \u00e9szaki t\u00fara:<\/strong><br \/>\n\u2705 Biztons\u00e1gos fizet\u00e9s.<br \/>\n\ud83d\ude80 \u00c9lvezze az idegenvezet\u00e9st.<br \/>\n\ud83c\udfe2 Fedezze fel Santa Cruzt.<br \/>\n\ud83c\udf33 Fedezze fel az Anaga Parkot Taganana-ban.<br \/>\n\ud83c\udff0 Fedezze fel La Lagun\u00e1t.<br \/>\n\ud83d\udcc5 H\u00e9tf\u0151nk\u00e9nt \u00e9s cs\u00fct\u00f6rt\u00f6k\u00f6nk\u00e9nt.<br \/>\n\ud83d\udd59 8h Kaland.<br \/>\n\u23f0 8:00 k\u00f6r\u00fcl kezd\u0151dik.<br \/>\n\ud83e\udd11 Garant\u00e1ltan legjobb \u00e1r.<br \/>\n\ud83d\ude8d Sz\u00e1llodai fel- \u00e9s lesz\u00e1ll\u00e1s.<br \/>\n\ud83d\udc6a Kedvezm\u00e9nyek csoportos foglal\u00e1sok eset\u00e9n.<br \/>\n\ud83d\udd01 Ingyenes lemond\u00e1s 24 \u00f3r\u00e1ig.<br \/>\n\ud83c\udf0d \u00datmutat\u00f3 az \u00d6n nyelv\u00e9n.<br \/>\n\ud83c\udf1f Foglaljon most \u00e9s sp\u00f3roljon!<\/p>","protected":false},"featured_media":9439,"comment_status":"open","ping_status":"closed","template":"","meta":{"_acf_changed":false},"product_brand":[],"product_cat":[68,52],"product_tag":[],"class_list":{"0":"post-9435","1":"product","2":"type-product","3":"status-publish","4":"has-post-thumbnail","6":"product_cat-guided-tours","7":"product_cat-bus-tours","8":"wcpa_has_options","10":"first","11":"instock","12":"virtual","13":"purchasable","14":"product-type-simple"},"acf":[],"wcpa_form_fields":{"wcpaData":{"product":{"product_price":46,"price_html":"From&nbsp;<span class=\"woocommerce-Price-amount amount\"><bdi>46,00&nbsp;<span class=\"woocommerce-Price-currencySymbol\">&euro;<\/span><\/bdi><\/span>","original_product_price":46,"price_including_tax":46,"price_excluding_tax":46,"product_id":{"parent":9435,"variation":false},"is_variable":false,"stock_status":"instock","stock_quantity":null,"parent_sku":"CV9435","product_attributes":[],"custom_fields":[],"is_taxable":false,"product_name":"North Tenerife Guided Bus Tour","hasImage":false},"fields":{"sec_hf2n2q14254":{"extra":{"key":"sec_hf2n2q14254","section_id":"sec_hf2n2q14254","name":"\ud83d\ude8c Pick-up Location","status":1,"cl_rule":"show","enableCl":false,"relations":[],"toggle":true,"title_tag":"h4","show_title":false,"showPrice":"default","form_id":10215,"form_rules":{"exclude_from_discount":true,"fee_label":"Fee","disp_hide_options_price":true,"disp_show_section_price":false,"disp_show_field_price":true,"layout_option":"standard","pric_use_as_fee":false,"process_fee_as":"woo_fee"},"layout_option":"standard"},"fields":[[{"active":true,"col":6,"relations":false,"cl_rule":"show","enableCl":false,"price":"","enablePrice":false,"className":"","label_position":"default","desc_position":"default","type":"radio-group","required":false,"elementId":"radio_9884051252","label":"\ud83d\ude8c Pick-up Location","name":"radio_9884051252","values":[{"label":"Pickup from South Tenerife (48\u20ac)","value":"Pickup from South Tenerife","selected":false,"tempId":"aco_343","description":"Available Mondays and Thursdays.","gt_translate_keys":["label","description"]},{"label":"Pickup from Puerto de la Cruz (48\u20ac)","value":"Pickup from North Tenerife","selected":false,"tempId":"aco_344","description":"Available Daily.","gt_translate_keys":["label","description"]}],"layOut":"","error":false,"checkUi":"toggle","description":"\u00bfAre you staying in South Tenerife or Puerto de la Cruz?","options_description":true,"isWeightTemplate":false,"isTemplate":false,"min_quantity":"1","quantity_decimal":false,"quantity_step":"1","quantity_label":"Quantity","repeater_field_label":"{field_label}","repeater_bind":"","gt_translate_keys":["label","description","repeater_field_label","quantity_label"],"price_dependency":false,"cl_dependency":[false,false],"value":""}]]},"sec_265e4c5e6ca654":{"extra":{"key":"sec_265e4c5e6ca654","section_id":"sec_265e4c5e6ca654","name":"South Tenerife","status":1,"cl_rule":"show","enableCl":true,"relations":[{"operator":false,"rules":[{"operator":"AND","rules":{"cl_field":"radio_9884051252","cl_relation":"is","cl_val":"Pickup from South Tenerife"}}]}],"toggle":true,"title_tag":"h4","show_title":false,"showPrice":"default","form_id":10215,"form_rules":{"exclude_from_discount":true,"fee_label":"Fee","disp_hide_options_price":true,"disp_show_section_price":false,"disp_show_field_price":true,"layout_option":"standard","pric_use_as_fee":false,"process_fee_as":"woo_fee"},"layout_option":"standard"},"fields":[[{"label":"\ud83d\udcc5 Date","active":true,"required":true,"elementId":"date_065e4c5e6ca673","picker_type":"custom","picker_mode":"single","placeholder":"","description":"","tooltip":"","name":"date_065e4c5e6ca673","label_position":"default","desc_position":"default","enablePrice":false,"className":"","enableCl":false,"relations":[{"operator":"and","rules":[{"operator":"AND","rules":{"cl_field":"radio-group_665df45fcbc30b","cl_relation":"is","cl_val":"3 Hour Trip"}}]}],"date_pic_inline":true,"date_pic_inline_hide":true,"min_date":{"type":"days","val":"1"},"max_date":{"type":"days","val":"365"},"date_pic_conf":{"disabledWeeks":[0,2,3,5,6]},"price":"","cl_rule":"show","col":6,"type":"date","error":false,"enableDesign":false,"LabelColor":"","isWeightTemplate":false,"isTemplate":false,"min_quantity":"1","quantity_decimal":false,"quantity_step":"1","quantity_label":"Quantity","repeater_field_label":"{field_label}","repeater_bind":"","gt_translate_keys":["label","placeholder","description","tooltip","repeater_field_label","quantity_label"],"price_dependency":false,"cl_dependency":false,"value":""}],[{"elementId":"separator_965e4c5e6ca683","separatorType":"blank","className":"","height":"10","enableCl":false,"relations":false,"cl_rule":"show","col":6,"type":"separator","gt_translate_keys":[],"price_dependency":false,"cl_dependency":false,"value":""}],[{"active":true,"col":6,"relations":false,"cl_rule":"show","enableCl":false,"price":"","enablePrice":false,"className":"","label_position":"default","desc_position":"default","type":"content","required":false,"elementId":"content_165e4c5e6ca690","label":"People","name":"content_165e4c5e6ca690","contentType":"plain","value":"","error":false,"show_in_checkout":true,"inline":false,"gt_translate_keys":["label","value"],"price_dependency":false,"cl_dependency":false}],[{"active":true,"col":6,"relations":[{"operator":false,"rules":[{"operator":"AND","rules":{"cl_field":"","cl_relation":"","cl_val":""}}]}],"cl_rule":"show","enableCl":true,"price":"48","enablePrice":true,"className":"","label_position":"default","desc_position":"default","type":"radio-group","required":false,"elementId":"radio-group_265e4c5e6ca69d","label":"","name":"radio-group_265e4c5e6ca69d","values":[{"label":"\ud83d\udc64 Adult (48\u20ac)","value":"Adult (48\u20ac)","selected":true,"tempId":"aco_32","tooltip":"+12 Years","description":"","gt_translate_keys":["label","tooltip","description"]}],"layOut":"","error":false,"checkUi":"button","priceOptions":"fixed_for_all","pricingType":"fixed","enable_quantity":true,"quantity_label":"","min_quantity":"0","options_tooltip":true,"options_description":true,"gt_translate_keys":["label","quantity_label"],"price_dependency":false,"cl_dependency":false,"value":""}],[{"label":"","active":true,"required":false,"elementId":"radio-group_965e4c5e6ca6a9","name":"radio-group_965e4c5e6ca6a9","label_position":"default","desc_position":"default","enablePrice":true,"className":"","enableCl":false,"relations":false,"enable_quantity":true,"quantity_label":"","min_quantity":"0","checkUi":"button","layOut":"","values":[{"label":"\ud83d\udc66 Child (30\u20ac)","value":"Child (30\u20ac)","selected":true,"tempId":"aco_32","tooltip":"2-11 Years","description":"","gt_translate_keys":["label","tooltip","description"]}],"priceOptions":"fixed_for_all","pricingType":"fixed","price":"30","cl_rule":"show","col":6,"type":"radio-group","error":false,"options_tooltip":true,"options_description":true,"gt_translate_keys":["label","quantity_label"],"price_dependency":false,"cl_dependency":false,"value":""}],[{"active":true,"col":6,"relations":false,"cl_rule":"show","enableCl":false,"price":"","enablePrice":false,"className":"","label_position":"default","desc_position":"default","type":"select","required":false,"elementId":"select_165e4c5e6ca6b3","label":"\ud83c\udf0e Language","name":"select_165e4c5e6ca6b3","values":[{"label":"English (Mon, Thu)","value":"English","selected":false,"tempId":"aco_596","gt_translate_keys":["label"]},{"label":"Spanish (Mon, Thu)","value":"Spanish","selected":false,"tempId":"aco_597","gt_translate_keys":["label"]},{"label":"German (Thu)","value":"German","selected":false,"tempId":"aco_598","gt_translate_keys":["label"]},{"label":"French (Mon)","value":"French","selected":false,"tempId":"aco_145","gt_translate_keys":["label"]}],"dropdown_type":"basic","error":false,"gt_translate_keys":["label"],"price_dependency":false,"cl_dependency":false,"value":""}],[{"active":true,"col":6,"relations":false,"cl_rule":"show","enableCl":false,"price":"","enablePrice":false,"className":"","label_position":"default","desc_position":"default","type":"separator","required":false,"elementId":"separator_1065e4c5e6ca6be","label":"Separator Field","height":"7","separatorType":"blank","error":false,"gt_translate_keys":["label"],"price_dependency":false,"cl_dependency":false,"value":""}],[{"active":true,"col":6,"relations":false,"cl_rule":"show","enableCl":false,"price":"","enablePrice":false,"className":"","label_position":"default","desc_position":"default","type":"text","subtype":"text","required":false,"elementId":"text_465e4c5e6ca6c8","label":"\ud83d\ude8c Pickup Location","name":"text_465e4c5e6ca6c8","value":"","description":"Pick-up service in South Tenerife. Simply provide your address or hotel name.","error":false,"gt_translate_keys":["label","description","value"],"price_dependency":false,"cl_dependency":false}]]},"sec_hf2o0212l0":{"extra":{"key":"sec_hf2o0212l0","section_id":"sec_hf2o0212l0","name":"North Tenerife","status":1,"cl_rule":"show","enableCl":true,"relations":[{"operator":false,"rules":[{"operator":"AND","rules":{"cl_field":"radio_9884051252","cl_relation":"is","cl_val":"Pickup from North Tenerife"}}]}],"toggle":true,"title_tag":"h4","show_title":false,"showPrice":"default","form_id":10215,"form_rules":{"exclude_from_discount":true,"fee_label":"Fee","disp_hide_options_price":true,"disp_show_section_price":false,"disp_show_field_price":true,"layout_option":"standard","pric_use_as_fee":false,"process_fee_as":"woo_fee"},"layout_option":"standard"},"fields":[[{"label":"\ud83d\udcc5 Date","active":true,"required":true,"elementId":"date-0739311162","picker_type":"custom","picker_mode":"single","placeholder":"","description":"","tooltip":"","name":"date-0739311162","label_position":"default","desc_position":"default","enablePrice":false,"className":"","enableCl":false,"relations":[{"operator":"and","rules":[{"operator":"AND","rules":{"cl_field":"radio-group_665df45fcbc30b","cl_relation":"is","cl_val":"3 Hour Trip"}}]}],"enableDesign":false,"LabelColor":"","date_pic_inline":true,"date_pic_inline_hide":true,"min_date":{"type":"days","val":"2"},"max_date":{"type":"days","val":"365"},"date_pic_conf":{"disabledWeeks":[]},"price":"","cl_rule":"show","col":6,"type":"date","error":false,"gt_translate_keys":["label","placeholder","description","tooltip"],"price_dependency":false,"cl_dependency":false,"value":""}],[{"elementId":"separator-0739321163","separatorType":"blank","className":"","height":"10","enableCl":false,"relations":false,"cl_rule":"show","col":6,"type":"separator","gt_translate_keys":[],"price_dependency":false,"cl_dependency":false,"value":""}],[{"contentType":"plain","active":true,"label":"People","elementId":"content-0739321164","value":"","inline":false,"show_in_checkout":true,"name":"content-0739321164","enablePrice":false,"className":"","enableCl":false,"relations":false,"price":"","cl_rule":"show","col":6,"type":"content","gt_translate_keys":["label","value"],"price_dependency":false,"cl_dependency":false}],[{"label":"","active":true,"required":false,"elementId":"radio-group-0739321165","name":"radio-group-0739321165","label_position":"default","desc_position":"default","enablePrice":true,"className":"","enableCl":true,"relations":[{"operator":false,"rules":[{"operator":"AND","rules":{"cl_field":"","cl_relation":"","cl_val":""}}]}],"enable_quantity":true,"quantity_label":"","min_quantity":"0","checkUi":"button","layOut":"","options_tooltip":true,"options_description":true,"values":[{"label":"\ud83d\udc64 Adult (48\u20ac)","value":"Adult (48\u20ac)","selected":true,"tempId":"aco_32","tooltip":"+12 Years","description":"","gt_translate_keys":["label","tooltip","description"]}],"priceOptions":"fixed_for_all","pricingType":"fixed","price":"48","cl_rule":"show","col":6,"type":"radio-group","gt_translate_keys":["label","quantity_label"],"price_dependency":false,"cl_dependency":false,"value":""}],[{"label":"","active":true,"required":false,"elementId":"radio-group-0739331166","name":"radio-group-0739331166","label_position":"default","desc_position":"default","enablePrice":true,"className":"","enableCl":false,"relations":false,"enable_quantity":true,"quantity_label":"","min_quantity":"0","checkUi":"button","layOut":"","options_tooltip":true,"options_description":true,"values":[{"label":"\ud83d\udc66 Child (24,50\u20ac)","value":"Child","selected":true,"tempId":"aco_32","tooltip":"2-11 Years","description":"","gt_translate_keys":["label","tooltip","description"]}],"priceOptions":"fixed_for_all","pricingType":"fixed","price":"24,50","cl_rule":"show","col":6,"type":"radio-group","error":false,"gt_translate_keys":["label","quantity_label"],"price_dependency":false,"cl_dependency":false,"value":""}],[{"label":"\ud83c\udf0e Language","active":true,"required":false,"elementId":"select-0739351167","dropdown_type":"basic","name":"select-0739351167","label_position":"default","desc_position":"default","enablePrice":false,"className":"","enableCl":false,"relations":false,"values":[{"label":"English","value":"English","selected":false,"tempId":"aco_596","gt_translate_keys":["label"]},{"label":"Spanish","value":"Spanish","selected":false,"tempId":"aco_597","gt_translate_keys":["label"]},{"label":"German","value":"German","selected":false,"tempId":"aco_598","gt_translate_keys":["label"]},{"label":"French","value":"French","selected":false,"tempId":"aco_145","gt_translate_keys":["label"]}],"price":"","cl_rule":"show","col":6,"type":"select","error":false,"gt_translate_keys":["label"],"price_dependency":false,"cl_dependency":false,"value":""}],[{"elementId":"separator-0739351168","separatorType":"blank","className":"","height":"7","enableCl":false,"relations":false,"cl_rule":"show","col":6,"type":"separator","gt_translate_keys":[],"price_dependency":false,"cl_dependency":false,"value":""}],[{"label":"\ud83d\ude8c Pickup Location","active":true,"required":false,"elementId":"text-0739351169","value":"","description":"Pick-up service in North Tenerife. Simply provide your address or hotel name.","name":"text-0739351169","label_position":"default","desc_position":"default","enablePrice":false,"className":"","enableCl":false,"relations":false,"subtype":"text","price":"","cl_rule":"show","col":6,"type":"text","error":false,"gt_translate_keys":["label","description","value"],"price_dependency":false,"cl_dependency":false}]]}},"config":{"price_override":"always","enable_recaptcha":false,"bind_quantity":false,"quantity_bind_formula":false,"disp_summ_show_option_price":true,"disp_summ_show_product_price":false,"disp_summ_show_total_price":true,"disp_summ_show_fee":true,"disp_summ_show_discount":true,"summary_title":"","options_total_label":"Options Price","total_label":"Total Amount","options_product_label":"Product Price","fee_label":"Fee","discount_label":"Discount","has_price":true,"has_quantity_formula":false},"mc_unit":1,"tax_rate":1,"tax_rate_real":1,"discount":{"percentage":0,"fixed":0},"design":{"conf":{"LabelPosition":"above","DescPosition":"above","UploadField":"custom_1","QuantityFieldStyle":"custom_1"},"css":{"LeftLabelWidth":"120px"}},"formulas":[],"lookuptables":[],"clones":false,"cartKey":false}},"_links":{"self":[{"href":"https:\/\/canaryvip.com\/hu\/wp-json\/wp\/v2\/product\/9435","targetHints":{"allow":["GET"]}}],"collection":[{"href":"https:\/\/canaryvip.com\/hu\/wp-json\/wp\/v2\/product"}],"about":[{"href":"https:\/\/canaryvip.com\/hu\/wp-json\/wp\/v2\/types\/product"}],"replies":[{"embeddable":true,"href":"https:\/\/canaryvip.com\/hu\/wp-json\/wp\/v2\/comments?post=9435"}],"wp:featuredmedia":[{"embeddable":true,"href":"https:\/\/canaryvip.com\/hu\/wp-json\/wp\/v2\/media\/9439"}],"wp:attachment":[{"href":"https:\/\/canaryvip.com\/hu\/wp-json\/wp\/v2\/media?parent=9435"}],"wp:term":[{"taxonomy":"product_brand","embeddable":true,"href":"https:\/\/canaryvip.com\/hu\/wp-json\/wp\/v2\/product_brand?post=9435"},{"taxonomy":"product_cat","embeddable":true,"href":"https:\/\/canaryvip.com\/hu\/wp-json\/wp\/v2\/product_cat?post=9435"},{"taxonomy":"product_tag","embeddable":true,"href":"https:\/\/canaryvip.com\/hu\/wp-json\/wp\/v2\/product_tag?post=9435"}],"curies":[{"name":"wp","href":"https:\/\/api.w.org\/{rel}","templated":true}]}}