{"id":9428,"date":"2024-02-05T13:40:56","date_gmt":"2024-02-05T13:40:56","guid":{"rendered":"https:\/\/canaryvip.com\/?post_type=product&#038;p=9428"},"modified":"2025-08-09T13:01:57","modified_gmt":"2025-08-09T12:01:57","slug":"gran-canaria-experience-with-poema-del-mar","status":"publish","type":"product","link":"https:\/\/canaryvip.com\/hu\/shop\/gran-canaria-experience-with-poema-del-mar\/","title":{"rendered":"Gran Canaria idegenvezet\u00e9s Tenerif\u00e9r\u0151l a Poema del Marral"},"content":{"rendered":"<h2>\ud83d\udc20 <strong>Gran Canaria Experience: Canaria: Egy eg\u00e9sz napos felfedez\u0151\u00fat<\/strong><\/h2>\n<ul>\n<li><strong>\ud83c\udfe8 Sz\u00e1llodai fel- \u00e9s lesz\u00e1ll\u00e1s:<\/strong> Kezdje \u00e9s fejezze be a napj\u00e1t k\u00e9nyelmesen. Szolg\u00e1ltat\u00e1sunk mag\u00e1ban foglalja a sz\u00e1ll\u00edt\u00e1st a sz\u00e1llod\u00e1t\u00f3l a komphoz \u00e9s vissza.<\/li>\n<li><strong>\ud83d\udea2 Kompos utaz\u00e1s:<\/strong> Utazzon k\u00e9nyelmesen Fred Olsennel Santa Cruz de Tenerif\u00e9r\u0151l a k\u00f6vetkez\u0151 helyekre <a href=\"https:\/\/www.google.com\/maps\/place\/Fred.+Olsen\/@28.0998592,-15.708991,15.51z\/data=!4m15!1m8!3m7!1s0xc408b65894cde91:0x2a021e37bef00582!2sAgaete,+Las+Palmas!3b1!8m2!3d28.1002592!4d-15.6996738!16zL20vMDNtczVu!3m5!1s0xc4095471a4e3083:0x7763d59b2d7b3eaf!8m2!3d28.0994937!4d-15.7121943!16s%2Fg%2F1q5bmfyx3?entry=ttu\" target=\"_blank\" rel=\"noopener\">Agaete<\/a>, megtapasztalva a tenger sz\u00e9ps\u00e9g\u00e9t.<\/li>\n<li><strong>\ud83c\udf79 Arehucas Distillery Discovery:<\/strong> Fedje fel a kiv\u00e1l\u00f3 rumgy\u00e1rt\u00e1s titkait, j\u00e1rja be Eur\u00f3pa egyik legr\u00e9gebbi rumos pinc\u00e9j\u00e9t, \u00e9s \u00e9lvezze a kellemes k\u00f3stol\u00e1si \u00e9lm\u00e9nyt.<\/li>\n<li><strong>\ud83d\udc20 Mer\u00fclj el a Poema del Marban:<\/strong> Fedezze fel a hatalmas tengeri \u00e9l\u0151vil\u00e1got a vil\u00e1g legnagyobb \u00edvelt n\u00e9z\u0151panel\u00e9vel rendelkez\u0151, legmodernebb akv\u00e1rium\u00e1ban, a vibr\u00e1l\u00f3 Las Palmasban.<\/li>\n<\/ul>\n<p>\ud83d\udccd <strong>L\u00e1togatand\u00f3 helyek:<\/strong> Utazzon Arehucas gazdag \u00f6r\u00f6ks\u00e9g\u00e9t\u0151l a Poema del Mar v\u00edzi csod\u00e1iig, amelyek mindegyike egyed\u00fcl\u00e1ll\u00f3 betekint\u00e9st ny\u00fajt Gran Canaria kult\u00far\u00e1j\u00e1ba \u00e9s term\u00e9szeti sz\u00e9ps\u00e9g\u00e9be.<\/p>\n<p>\ud83c\udf92 <strong>A kalandok alapjai:<\/strong> Hozza mag\u00e1val a csod\u00e1lkoz\u00e1si kedvet, k\u00e9nyelmes cip\u0151t, \u00e9s ne feledkezzen meg a f\u00e9nyk\u00e9pez\u0151g\u00e9p\u00e9r\u0151l sem, hogy meg\u00f6r\u00f6k\u00edthesse a nap eml\u00e9kezetes pillanatait.<\/p>\n<p>\ud83d\udca1 <strong>Kultur\u00e1lis betekint\u00e9s:<\/strong> Szerezzen leny\u0171g\u00f6z\u0151 ismereteket a rumk\u00e9sz\u00edt\u00e9s m\u0171v\u00e9szet\u00e9r\u0151l, \u00e9s csod\u00e1lja meg a Poema del Mar modern ki\u00e1ll\u00edt\u00e1sain bel\u00fcl a biol\u00f3giai sokf\u00e9les\u00e9get.<\/p>\n<p>\ud83c\udfab <strong>All-inclusive kaland:<\/strong> Ez az eg\u00e9sz napos kir\u00e1ndul\u00e1s mag\u00e1ban foglalja a sz\u00e1llodai fel- \u00e9s lesz\u00e1ll\u00e1st, a Fred Olsen kompon val\u00f3 utaz\u00e1st, a Poema del Mar bel\u00e9p\u0151t, valamint egy vezetett s\u00e9t\u00e1t a k\u00f6vetkez\u0151 v\u00e1rosr\u00e9szben <a href=\"https:\/\/www.google.com\/maps\/place\/Vegueta,+35001+Las+Palmas+de+Gran+Canaria,+Las+Palmas\/@28.0980197,-15.4181459,17z\/data=!3m1!4b1!4m6!3m5!1s0xc40958cfffd3b6f:0x14a4665fe84d3b40!8m2!3d28.0980197!4d-15.415571!16s%2Fg%2F11bzq2sgf3?entry=ttu\" target=\"_blank\" rel=\"noopener\">Vegueta t\u00f6rt\u00e9nelmi negyed<\/a>. <span style=\"text-decoration: underline;\">Felh\u00edvjuk figyelm\u00e9t, hogy az \u00e9tkez\u00e9st nem tartalmazza a sz\u00e1ll\u00e1sd\u00edj, \u00edgy \u00d6n rugalmasan, saj\u00e1t bel\u00e1t\u00e1sa szerint \u00e9tkezhet.<\/span><\/p>\n<p>\ud83d\udeb6\u200d\u2642\ufe0f<strong>T\u00f6rt\u00e9nelmi Vegueta gyalog:<\/strong> Z\u00e1rja a napot egy vezetett s\u00e9t\u00e1val Vegueta b\u00e1jos utc\u00e1in, \u00e9s mer\u00fclj\u00f6n el Gran Canaria \u00f3v\u00e1ros\u00e1nak gazdag t\u00f6rt\u00e9nelm\u00e9ben \u00e9s leny\u0171g\u00f6z\u0151 \u00e9p\u00edt\u00e9szet\u00e9ben.<\/p>\n<p>\ud83d\udd57 <strong>Kezd\u0151 \u00e9s befejez\u0151 id\u0151pontok:<\/strong> Az eg\u00e9sz napos kaland reggel 8:00 \u00f3ra k\u00f6r\u00fcl kezd\u0151dik a sz\u00e1llod\u00e1t\u00f3l val\u00f3 elsz\u00e1ll\u00e1ssal - a sz\u00e1llod\u00e1t\u00f3l vagy az elsz\u00e1ll\u00e1s hely\u00e9t\u0151l f\u00fcgg\u0151en n\u00e9h\u00e1ny perccel t\u00f6bb vagy kevesebb. A napot este 8:30 k\u00f6r\u00fcl fejezz\u00fck be, a kisz\u00e1ll\u00e1s pedig a sz\u00e1llod\u00e1t\u00f3l f\u00fcgg\u0151en kiss\u00e9 elt\u00e9r\u0151 id\u0151pontban t\u00f6rt\u00e9nik. Biztos\u00edtjuk a felfedez\u00e9s \u00e9s az \u00e9lvezet teljes napj\u00e1t, minden r\u00e9szletet kezelve, hogy \u00d6n minden gond n\u00e9lk\u00fcl elmer\u00fclhessen az \u00e9lm\u00e9nyben.<\/p>\n<p>\ud83c\udf1f <strong>Exkluz\u00edv CanaryVIP el\u0151ny\u00f6k:<\/strong> \u00c9lvezze a felfedez\u00e9ssel teli napot versenyk\u00e9pes \u00e1ron, minden alapvet\u0151 \u00e9lm\u00e9nyt tartalmazva. Sz\u00e1m\u00edthat r\u00e1nk a z\u00f6kken\u0151mentes \u00e9lm\u00e9ny\u00e9rt, mivel az elej\u00e9t\u0151l a v\u00e9g\u00e9ig figyelmes t\u00e1mogat\u00e1st ny\u00fajtunk.<\/p>\n<p><strong>\ud83d\udd17 K\u00e9szen \u00e1llsz a kalandra?<\/strong> Ne hagyja ki ezt az \u00e1tfog\u00f3 <a href=\"https:\/\/canaryvip.com\/hu\/tenerife\/guided-tours\/bus-tours\/?swcfpc=1\">vezetett buszos t\u00fara<\/a> Gran Canaria, az Arehucas szeszf\u0151zde t\u00f6rt\u00e9nelmi m\u00e9lys\u00e9geit\u0151l a Poema del Mar term\u00e9szeti pomp\u00e1j\u00e1ig. Biztos\u00edtsa a hely\u00e9t most egy felfedez\u00e9ssel \u00e9s var\u00e1zslattal teli napra!<\/p>","protected":false},"excerpt":{"rendered":"<p><strong>\ud83d\udd0d Gran Canaria Experience:<\/strong><br \/>\n\u2705 Biztons\u00e1gos fizet\u00e9s.<br \/>\n\ud83d\udcc5 Minden p\u00e9nteken.<br \/>\n\ud83d\udef3\ufe0f Indul\u00e1s Tenerif\u00e9r\u0151l.<br \/>\n\ud83d\ude80 \u00c9lvezze az idegenvezet\u00e9st.<br \/>\n\ud83d\udc20 Fedezze fel a Poema del Mar-t.<br \/>\n\ud83e\udd43 Tapasztalat Arehucas Distillery.<br \/>\n\ud83c\udff0 Fedezze fel a t\u00f6rt\u00e9nelmi Vegueta v\u00e1rost.<br \/>\n\ud83d\udd59 12h Eg\u00e9sz napos kaland.<br \/>\n\ud83e\udd11 Garant\u00e1ltan legjobb \u00e1r.<br \/>\n\ud83d\ude8c Sz\u00e1llodai fel- \u00e9s lesz\u00e1ll\u00e1s.<br \/>\n\ud83d\udc6a Kedvezm\u00e9nyek csoportos foglal\u00e1sok eset\u00e9n.<br \/>\n\ud83d\udd01 Ingyenes lemond\u00e1s 72 \u00f3r\u00e1ig.<br \/>\n\ud83c\udf0d T\u00f6bbnyelv\u0171 t\u00e1mogat\u00e1s.<br \/>\n\ud83c\udf1f Foglaljon most \u00e9s sp\u00f3roljon!<br \/>\n\ud83d\udccd Tal\u00e1ld meg <a href=\"https:\/\/maps.app.goo.gl\/FMkYHCdfK35bQLag9\">Poema del Mar a t\u00e9rk\u00e9peken<\/a>!<\/p>","protected":false},"featured_media":9433,"comment_status":"open","ping_status":"closed","template":"","meta":{"_acf_changed":false},"product_brand":[],"product_cat":[52,68],"product_tag":[],"class_list":{"0":"post-9428","1":"product","2":"type-product","3":"status-publish","4":"has-post-thumbnail","6":"product_cat-bus-tours","7":"product_cat-guided-tours","8":"wcpa_has_options","10":"first","11":"instock","12":"virtual","13":"purchasable","14":"product-type-simple"},"acf":[],"wcpa_form_fields":{"wcpaData":{"product":{"product_price":125,"price_html":"From&nbsp;<span class=\"woocommerce-Price-amount amount\"><bdi>125,00&nbsp;<span class=\"woocommerce-Price-currencySymbol\">&euro;<\/span><\/bdi><\/span>","original_product_price":125,"price_including_tax":125,"price_excluding_tax":125,"product_id":{"parent":9428,"variation":false},"is_variable":false,"stock_status":"instock","stock_quantity":null,"parent_sku":"CV9428","product_attributes":[],"custom_fields":[],"is_taxable":false,"product_name":"Gran Canaria Guided Tour with Poema del Mar from Tenerife","hasImage":false},"fields":{"sec_465e4c52d01ea2":{"extra":{"key":"sec_465e4c52d01ea2","section_id":"sec_465e4c52d01ea2","name":"Tickets","status":1,"cl_rule":"show","enableCl":false,"relations":[{"operator":false,"rules":[{"operator":"AND","rules":{"cl_field":"radio-group_665df45fcbc30b","cl_relation":"is","cl_val":"Siam Park Regular Tickets"}}]}],"toggle":true,"title_tag":"h4","show_title":false,"showPrice":"default","form_id":10213,"form_rules":{"exclude_from_discount":true,"fee_label":"Fee","disp_hide_options_price":true,"disp_show_section_price":false,"disp_show_field_price":true,"layout_option":"standard","pric_use_as_fee":false,"process_fee_as":"woo_fee"},"layout_option":"standard"},"fields":[[{"label":"\ud83d\udcc5 Date","active":true,"required":true,"elementId":"date_865e4c52d01ec0","picker_type":"custom","picker_mode":"single","placeholder":"","description":"","tooltip":"","name":"date_865e4c52d01ec0","label_position":"default","desc_position":"default","enablePrice":false,"className":"","enableCl":false,"relations":[{"operator":"and","rules":[{"operator":"AND","rules":{"cl_field":"radio-group_665df45fcbc30b","cl_relation":"is","cl_val":"3 Hour Trip"}}]}],"date_pic_inline":true,"date_pic_inline_hide":true,"min_date":{"type":"days","val":"2"},"max_date":{"type":"days","val":"365"},"date_pic_conf":{"disabledWeeks":[0,1,2,3,4,6]},"price":"","cl_rule":"show","col":6,"type":"date","error":false,"enableDesign":false,"LabelColor":"","gt_translate_keys":["label","placeholder","description","tooltip"],"price_dependency":false,"cl_dependency":false,"value":""}],[{"elementId":"separator_665e4c52d01ece","separatorType":"blank","className":"","height":"10","enableCl":false,"relations":false,"cl_rule":"show","col":6,"type":"separator","gt_translate_keys":[],"price_dependency":false,"cl_dependency":false,"value":""}],[{"active":true,"col":6,"relations":false,"cl_rule":"show","enableCl":false,"price":"","enablePrice":false,"className":"","label_position":"default","desc_position":"default","type":"content","required":false,"elementId":"content_765e4c52d01eda","label":"People","name":"content_765e4c52d01eda","contentType":"plain","value":"","error":false,"show_in_checkout":true,"inline":false,"gt_translate_keys":["label","value"],"price_dependency":false,"cl_dependency":false}],[{"active":true,"col":6,"relations":[{"operator":false,"rules":[{"operator":"AND","rules":{"cl_field":"","cl_relation":"","cl_val":""}}]}],"cl_rule":"show","enableCl":true,"price":"130","enablePrice":true,"className":"","label_position":"default","desc_position":"default","type":"radio-group","required":false,"elementId":"radio-group_065e4c52d01ee6","label":"","name":"radio-group_065e4c52d01ee6","values":[{"label":"\ud83d\udc64 Adult (130\u20ac)","value":"Adult","selected":true,"tempId":"aco_32","tooltip":"+12 Years","description":"","gt_translate_keys":["label","tooltip","description"]}],"layOut":"","error":false,"checkUi":"button","priceOptions":"fixed_for_all","pricingType":"fixed","enable_quantity":true,"quantity_label":"","min_quantity":"0","options_tooltip":true,"options_description":true,"gt_translate_keys":["label","quantity_label"],"price_dependency":false,"cl_dependency":false,"value":""}],[{"label":"","active":true,"required":false,"elementId":"radio-group_665e4c52d01ef1","name":"radio-group_665e4c52d01ef1","label_position":"default","desc_position":"default","enablePrice":true,"className":"","enableCl":false,"relations":false,"enable_quantity":true,"quantity_label":"","min_quantity":"0","checkUi":"button","layOut":"","values":[{"label":"\ud83d\udc66 Child (30\u20ac)","value":"Child","selected":true,"tempId":"aco_32","tooltip":"3-11 Years","description":"","gt_translate_keys":["label","tooltip","description"]}],"priceOptions":"fixed_for_all","pricingType":"fixed","price":"30","cl_rule":"show","col":6,"type":"radio-group","error":false,"options_tooltip":true,"options_description":true,"gt_translate_keys":["label","quantity_label"],"price_dependency":false,"cl_dependency":false,"value":""}],[{"label":"","active":true,"required":false,"elementId":"radio-group_1065e4c52d01efb","name":"radio-group_1065e4c52d01efb","label_position":"default","desc_position":"default","enablePrice":true,"className":"","enableCl":false,"relations":false,"enable_quantity":true,"quantity_label":"","min_quantity":"0","checkUi":"button","layOut":"","options_tooltip":true,"options_description":true,"values":[{"label":"\ud83d\udc76 Toddler (20\u20ac)","value":"Toddler","selected":true,"tempId":"aco_32","tooltip":"0-2 Years","description":"","gt_translate_keys":["label","tooltip","description"]}],"priceOptions":"fixed_for_all","pricingType":"fixed","price":"20","cl_rule":"show","col":6,"type":"radio-group","error":false,"gt_translate_keys":["label","quantity_label"],"price_dependency":false,"cl_dependency":false,"value":""}],[{"active":true,"col":6,"relations":false,"cl_rule":"show","enableCl":false,"price":"","enablePrice":false,"className":"","label_position":"default","desc_position":"default","type":"select","required":false,"elementId":"select_565e4c52d01f05","label":"\ud83c\udf0e Language","name":"select_565e4c52d01f05","values":[{"label":"English","value":"English","selected":false,"tempId":"aco_1213","gt_translate_keys":["label"]},{"label":"German","value":"German","selected":false,"tempId":"aco_302","gt_translate_keys":["label"]},{"label":"Spanish","value":"Spanish","selected":false,"tempId":"aco_312","gt_translate_keys":["label"]}],"dropdown_type":"basic","error":false,"gt_translate_keys":["label"],"price_dependency":false,"cl_dependency":false,"value":""}],[{"active":true,"col":6,"relations":false,"cl_rule":"show","enableCl":false,"price":"","enablePrice":false,"className":"","label_position":"default","desc_position":"default","type":"separator","required":false,"elementId":"separator_865e4c52d01f0f","label":"Separator Field","height":"7","separatorType":"blank","error":false,"gt_translate_keys":["label"],"price_dependency":false,"cl_dependency":false,"value":""}],[{"active":true,"col":6,"relations":false,"cl_rule":"show","enableCl":false,"price":"","enablePrice":false,"className":"","label_position":"default","desc_position":"default","type":"text","subtype":"text","required":false,"elementId":"text_865e4c52d01f18","label":"\ud83d\ude8c Pickup Location","name":"text_865e4c52d01f18","value":"","description":"Free pick-up service in North Tenerife and South Tenerife. Simply provide your address or hotel name.","error":false,"gt_translate_keys":["label","description","value"],"price_dependency":false,"cl_dependency":false}]]}},"config":{"price_override":"always","enable_recaptcha":false,"bind_quantity":false,"quantity_bind_formula":false,"disp_summ_show_option_price":true,"disp_summ_show_product_price":false,"disp_summ_show_total_price":true,"disp_summ_show_fee":true,"disp_summ_show_discount":true,"summary_title":"","options_total_label":"Options Price","total_label":"Total Amount","options_product_label":"Product Price","fee_label":"Fee","discount_label":"Discount","has_price":true,"has_quantity_formula":false},"mc_unit":1,"tax_rate":1,"tax_rate_real":1,"discount":{"percentage":0,"fixed":0},"design":{"conf":{"LabelPosition":"above","DescPosition":"above","UploadField":"custom_1","QuantityFieldStyle":"custom_1"},"css":{"LeftLabelWidth":"120px"}},"formulas":[],"lookuptables":[],"clones":false,"cartKey":false}},"_links":{"self":[{"href":"https:\/\/canaryvip.com\/hu\/wp-json\/wp\/v2\/product\/9428","targetHints":{"allow":["GET"]}}],"collection":[{"href":"https:\/\/canaryvip.com\/hu\/wp-json\/wp\/v2\/product"}],"about":[{"href":"https:\/\/canaryvip.com\/hu\/wp-json\/wp\/v2\/types\/product"}],"replies":[{"embeddable":true,"href":"https:\/\/canaryvip.com\/hu\/wp-json\/wp\/v2\/comments?post=9428"}],"wp:featuredmedia":[{"embeddable":true,"href":"https:\/\/canaryvip.com\/hu\/wp-json\/wp\/v2\/media\/9433"}],"wp:attachment":[{"href":"https:\/\/canaryvip.com\/hu\/wp-json\/wp\/v2\/media?parent=9428"}],"wp:term":[{"taxonomy":"product_brand","embeddable":true,"href":"https:\/\/canaryvip.com\/hu\/wp-json\/wp\/v2\/product_brand?post=9428"},{"taxonomy":"product_cat","embeddable":true,"href":"https:\/\/canaryvip.com\/hu\/wp-json\/wp\/v2\/product_cat?post=9428"},{"taxonomy":"product_tag","embeddable":true,"href":"https:\/\/canaryvip.com\/hu\/wp-json\/wp\/v2\/product_tag?post=9428"}],"curies":[{"name":"wp","href":"https:\/\/api.w.org\/{rel}","templated":true}]}}