{"id":9324,"date":"2024-01-31T15:11:45","date_gmt":"2024-01-31T15:11:45","guid":{"rendered":"https:\/\/canaryvip.com\/?post_type=product&#038;p=9324"},"modified":"2025-08-09T13:07:49","modified_gmt":"2025-08-09T12:07:49","slug":"tigresa-luxury-yacht-tenerife","status":"publish","type":"product","link":"https:\/\/canaryvip.com\/hu\/shop\/tigresa-luxury-yacht-tenerife\/","title":{"rendered":"B\u00e9relje ki az #1 legluxusabb jachtot Tenerif\u00e9n: Tigresa haj\u00f3"},"content":{"rendered":"<h2><strong>\ud83d\udee5\ufe0f Tigresa Tenerife Yacht: Tenerife: V\u00e9gs\u0151 luxus<\/strong><\/h2>\n<p>\u00dcdv\u00f6z\u00f6lj\u00fck az Tigresa fed\u00e9lzet\u00e9n, a tenerifei jacht\u00e9lm\u00e9nyek cs\u00facs\u00e1n. Ez a <strong>Azimut 60 Flybridge,<\/strong>\u00a0egy leny\u0171g\u00f6z\u0151, 19,5 m\u00e9teres csoda, t\u00f6bb mint egy haj\u00f3 - ez az \u00d6n exkluz\u00edv jegye a tenger titkaiba.<\/p>\n<p>A 800 l\u00f3er\u0151s motorok \u00e1ltal hajtott haj\u00f3 izgalmas sebess\u00e9get \u00e9s sima vitorl\u00e1z\u00e1st \u00edg\u00e9r, mik\u00f6zben \u00d6n elindul az \u00d6n egyed\u00fcl\u00e1ll\u00f3 \u00fatj\u00e1ra. <strong>haj\u00f3kir\u00e1ndul\u00e1s Tenerif\u00e9n.<\/strong><\/p>\n<p>Fedezze fel, mit jelent \u00e9lvezni egy <strong>priv\u00e1t haj\u00f3kir\u00e1ndul\u00e1s<\/strong> Tigresa-vel Tenerife krist\u00e1lytiszta viz\u00e9ben.<\/p>\n<h3>\u2b50\ufe0f <strong>P\u00e1ratlan fed\u00e9lzeti f\u00e9ny\u0171z\u00e9s<\/strong><\/h3>\n<p><span style=\"text-decoration: underline;\"><strong>\u00c9lvezze az Tigresa pazar felszerelts\u00e9g\u00e9t:<\/strong><\/span><\/p>\n<ul>\n<li>K\u00e9t luxus k\u00e9t\u00e1gyas szoba \u00e9s egy hangulatos k\u00e9t\u00e1gyas szoba, t\u00f6k\u00e9letes egy intim jachtb\u00e9rl\u00e9s Tenerife \u00e9lm\u00e9ny\u00e9hez.<\/li>\n<li>K\u00e9t eleg\u00e1ns f\u00fcrd\u0151szoba \u00e9s egy praktikus WC, ami egy kis exkluzivit\u00e1st k\u00f6lcs\u00f6n\u00f6z a kalandoknak.<\/li>\n<li>Pomp\u00e1s nappali, amelyet a cs\u00facspihen\u00e9sre terveztek, mik\u00f6zben \u00d6n haj\u00f3k\u00e1zik.<\/li>\n<li>Teljesen felszerelt konyha, amely felk\u00e9sz\u00fclt arra, hogy fokozza a kulin\u00e1ris \u00e9lm\u00e9nyeket, amikor haj\u00f3t b\u00e9rel Tenerif\u00e9n.<\/li>\n<li>50 colos plazma TV-k, amelyek a sz\u00f3rakoz\u00e1st a luxussal \u00f6tv\u00f6zik az \u00d6n szem\u00e9lyes haj\u00f3\u00fatj\u00e1n Tenerif\u00e9n.<\/li>\n<li>K\u00e9t napf\u00e9nyes fed\u00e9lzet, ide\u00e1lis a napoz\u00e1shoz a jacht\u00fat sor\u00e1n.<\/li>\n<li>A legmodernebb hidraulikus \u00fasz\u00f3platform, amely megemeli az \u00fasz\u00e1soktat\u00e1sokat.<\/li>\n<\/ul>\n<h3>\ud83d\udea4 <strong>A VIP-kezel\u00e9s cs\u00facsa t\u00f6bbnyelv\u0171 szem\u00e9lyzettel<\/strong><\/h3>\n<p>Tapasztalja meg a szem\u00e9lyre szabott kiszolg\u00e1l\u00e1st k\u00e9tf\u0151s, k\u00e9pzett leg\u00e9nys\u00e9g\u00fcnkt\u0151l, akik j\u00f3l ismerik a Kan\u00e1ri-szigetek pomp\u00e1j\u00e1t, \u00edgy biztos\u00edtva a kultur\u00e1lisan gazdag utaz\u00e1st a tenerifei luxusjacht b\u00e9rl\u00e9s sor\u00e1n.<\/p>\n<p>A szem\u00e9lyzet\u00fcnk szak\u00e9rtelme nem csak az \u00d6n k\u00e9nyelm\u00e9t n\u00f6veli, hanem a helyi kult\u00fara \u00e9s t\u00f6rt\u00e9nelem meg\u00e9rt\u00e9s\u00e9t is gazdag\u00edtja, \u00edgy minden egyes <strong>haj\u00f3kir\u00e1ndul\u00e1s Tenerife<\/strong> egy eml\u00e9kezetes felfedez\u00e9s.<\/p>\n<p>Mik\u00f6zben a l\u00e9legzetel\u00e1ll\u00edt\u00f3 partvid\u00e9k ment\u00e9n siklik, leg\u00e9nys\u00e9g\u00fcnk r\u00e1mutat a t\u00f6rt\u00e9nelmi helysz\u00ednekre, elmagyar\u00e1zza a helyi tengeri \u00f6kol\u00f3gi\u00e1t, \u00e9s seg\u00edt megtapasztalni a legjobbat, amit a tengerparti t\u00e1jak ny\u00fajtanak. <strong>haj\u00f3kir\u00e1ndul\u00e1s Tenerif\u00e9n<\/strong> k\u00edn\u00e1l.<\/p>\n<p>Ez a r\u00e9szletekre val\u00f3 odafigyel\u00e9s biztos\u00edtja, hogy a fed\u00e9lzeten t\u00f6lt\u00f6tt id\u0151 t\u00falmutat a h\u00e9tk\u00f6znapokon, \u00e9s egy egyszer\u0171 jachtb\u00e9rl\u00e9sb\u0151l m\u00e9lyrehat\u00f3 kultur\u00e1lis utaz\u00e1st tesz lehet\u0151v\u00e9 Tenerife nyugodt vizein.<\/p>\n<h3>\ud83c\udf0a <strong>Sima vitorl\u00e1z\u00e1s fejlett technol\u00f3gi\u00e1val<\/strong><\/h3>\n<p>\u00c9lvezze az \u00f3ce\u00e1n nyugalm\u00e1t az Tigresa fed\u00e9lzet\u00e9n, ahol a Seakeeper giroszk\u00f3pos stabiliz\u00e1torunk biztos\u00edtja, hogy minden pillanatban a <a href=\"https:\/\/canaryvip.com\/hu\/tenerife\/boat-excursions\/\"><strong>haj\u00f3kir\u00e1ndul\u00e1s Tenerife<\/strong><\/a> egyszerre eml\u00e9kezetes \u00e9s nyugodt.<\/p>\n<p>\u00c9rezze a nyugalmat, ahogy ez a cs\u00facstechnol\u00f3gia elsim\u00edtja a hull\u00e1mokat, lehet\u0151v\u00e9 t\u00e9ve, hogy teljesen kikapcsol\u00f3djon, \u00e9s gondtalanul \u00e9lvezze a leny\u0171g\u00f6z\u0151 kil\u00e1t\u00e1st a tengerre.<\/p>\n<p>Ak\u00e1r a fed\u00e9lzeten napozik, ak\u00e1r kil\u00e1t\u00e1ssal vacsor\u00e1zik, az Tigresa nyugodt \u00e9s stabil \u00e9lm\u00e9nyt ny\u00fajt, amely val\u00f3ban felejthetetlenn\u00e9 teszi a tengeren t\u00f6lt\u00f6tt id\u0151t.<\/p>\n<h3>\ud83d\udd52 <strong>V\u00e1lassza ki az exkluz\u00edv kalandj\u00e1t<\/strong><\/h3>\n<ul>\n<li><strong>3 \u00f3r\u00e1s utaz\u00e1s:<\/strong>\u00a0Fedezze fel Tenerife gy\u00f6ny\u00f6r\u0171 d\u00e9lnyugati partvid\u00e9k\u00e9t, amely t\u00f6k\u00e9letes egy gyors, m\u00e9gis leny\u0171g\u00f6z\u0151 haj\u00f3k\u00f6lcs\u00f6nz\u00e9shez.<\/li>\n<li><strong>5 \u00f3r\u00e1s utaz\u00e1s:<\/strong>\u00a0Fedezze fel a fens\u00e9ges Los Gigantest \u00e9s a var\u00e1zslatos Masca-\u00f6bl\u00f6t, amely ide\u00e1lis egy \u00e1tfog\u00f3 luxusjacht-\u00e9lm\u00e9nyhez Tenerif\u00e9n.<\/li>\n<li><strong>8 \u00f3r\u00e1s v\u00e9gs\u0151 \u00e9lm\u00e9ny:<\/strong>\u00a0Induljon el a v\u00e9gs\u0151 kalandra, \u00e9s l\u00e1togasson el exkluz\u00edv helysz\u00ednekre a fens\u00e9ges <a href=\"https:\/\/canaryvip.com\/hu\/discover-the-teide-the-ultimate-guide-iconic-volcano\/\">Teide-hegy<\/a>, csak mag\u00e1njachton \u00e9rhet\u0151 el.<\/li>\n<\/ul>\n<h3>\ud83d\udc2c <strong>Etikus \u00e9s f\u00e9ny\u0171z\u0151 b\u00e1lnafigyel\u00e9s<\/strong><\/h3>\n<p>Csatlakozzon hozz\u00e1nk a minden sz\u00fcks\u00e9ges enged\u00e9llyel felszerelt Tigresa fed\u00e9lzet\u00e9n, hogy tiszteletteljes \u00e9s f\u00e9ny\u0171z\u0151 tal\u00e1lkoz\u00e1st \u00e9lhessen \u00e1t az \u00f3ce\u00e1n \u00f3ri\u00e1saival, fokozva ezzel a tenerifei jachtb\u00e9rl\u00e9s \u00e9lm\u00e9ny\u00e9t.<\/p>\n<h3>\u2705 <strong>\u00dajradefini\u00e1lt luxus: Mit tartalmaz<\/strong><\/h3>\n<ul>\n<li>Cs\u00facskateg\u00f3ri\u00e1s felszerelts\u00e9g, bele\u00e9rtve az \u00fasz\u00f3platformot \u00e9s a pazar k\u00e9nyelmet, ami \u00faj m\u00e9rc\u00e9t \u00e1ll\u00edt fel a tenerifei jachtb\u00e9rl\u00e9sben.<\/li>\n<li>Gourmet-\u00e9lvezetek pezsg\u0151vel, finom borokkal \u00e9s kit\u0171n\u0151 \u00e9telekkel, a luxushaj\u00f3s utaz\u00e1sok megtestes\u00edt\u0151jek\u00e9nt.<\/li>\n<li>VIP-sz\u00e1ll\u00edt\u00e1s az \u00d6n d\u00e9l-tenerifei sz\u00e1llod\u00e1j\u00e1b\u00f3l, ami a luxus extra r\u00e9teg\u00e9t adja a haj\u00f3s kir\u00e1ndul\u00e1shoz.<\/li>\n<\/ul>\n<h3>\ud83d\udd53 <strong>Tal\u00e1lkoz\u00f3hely \u00e9s exkluz\u00edv hozz\u00e1f\u00e9r\u00e9s<\/strong><\/h3>\n<ul>\n<li><strong>Helysz\u00edn:<\/strong>\u00a0Costa Adeje, Puerto Col\u00f3n. A p\u00e1ratlan jacht\u00e9lm\u00e9ny kezdete Tenerif\u00e9n.<\/li>\n<li><strong>Parkol\u00e1s:<\/strong>\u00a0Rengeteg hely \u00e1ll rendelkez\u00e9sre versenyk\u00e9pes \u00e1ron, \u00edgy k\u00f6nnyen megkezdheti luxusutaz\u00e1s\u00e1t.<\/li>\n<\/ul>\n<h3>\ud83d\udccd <strong>Indul\u00e1s Puerto Col\u00f3nb\u00f3l Costa Adeje v\u00e1ros\u00e1ban<\/strong><\/h3>\n<p>Kezdje luxuskalandj\u00e1t Puerto Col\u00f3nban, Costa Adeje tengeri \u00e9let\u00e9nek ny\u00fczsg\u0151 k\u00f6zpontj\u00e1ban. Ez az eleganci\u00e1j\u00e1r\u00f3l \u00e9s modern kifinomults\u00e1g\u00e1r\u00f3l ismert, tekint\u00e9lyes kik\u00f6t\u0151 t\u00f6k\u00e9letes h\u00e1tteret biztos\u00edt a priv\u00e1t haj\u00f3kir\u00e1ndul\u00e1shoz.<\/p>\n<p>\u00c9rezze a ter\u00fclet vibr\u00e1l\u00f3 energi\u00e1j\u00e1t, amint a fed\u00e9lzetre l\u00e9p. Itt a <a href=\"https:\/\/maps.app.goo.gl\/ocJuu7A8R1JWjPbS9\" target=\"_blank\" rel=\"noopener\">Puerto Col\u00f3n<\/a>, minden indul\u00e1s a felejthetetlen \u00e9lm\u00e9nyek \u00e9s l\u00e9legzetel\u00e1ll\u00edt\u00f3 kil\u00e1t\u00e1s izgalmas \u00edg\u00e9rete Tenerife nyugodt vizei ment\u00e9n.<\/p>\n<h4>\ud83d\udcdc <strong>Vil\u00e1gos \u00e9s t\u00f6m\u00f6r politika<\/strong><\/h4>\n<ul>\n<li><strong>Id\u0151j\u00e1r\u00e1sbiztos\u00edt\u00e1s:<\/strong>\u00a0V\u00e1lasszon egy m\u00e1sik id\u0151pontot, vagy kapja vissza a teljes \u00f6sszeget, ha az id\u0151j\u00e1r\u00e1s nem m\u0171k\u00f6dik egy\u00fctt, \u00edgy biztos\u00edtva, hogy a jacht \u00e9lm\u00e9nye hib\u00e1tlan legyen.<\/li>\n<li><strong>Lemond\u00e1si rugalmass\u00e1g:<\/strong>\u00a0Ingyenes lemond\u00e1s vagy \u00e1t\u00fctemez\u00e9s ak\u00e1r 6 nappal el\u0151re, az \u00d6n id\u0151beoszt\u00e1si ig\u00e9nyeinek megfelel\u0151en.<\/li>\n<\/ul>\n<p>Mer\u00fclj\u00f6n el az exkluz\u00edv luxus birodalm\u00e1ba az Tigresa-vel.<br \/>\nFoglaljon most, \u00e9s fedezze fel azt az \u00e9lm\u00e9nyt, ahol a nagys\u00e1g tal\u00e1lkozik a tengerrel. \ud83c\udf0a\ud83c\udf1f\ud83d\udee5\ufe0f<\/p>","protected":false},"excerpt":{"rendered":"<p><strong>\ud83d\udd0d Tigresa Yacht Tours:<\/strong><br \/>\n\u2705 Biztons\u00e1gos fizet\u00e9s.<br \/>\n\ud83d\udee5\ufe0f 18 m\u00e9teres luxusjacht.<br \/>\n\ud83d\udc0b B\u00e1lna- \u00e9s delfin\u00e9szlel\u00e9s.<br \/>\n\u23f3 Napi 3-8 \u00f3r\u00e1s t\u00far\u00e1k.<br \/>\n\ud83d\udd59 Testreszabhat\u00f3 indul\u00e1si id\u0151k.<br \/>\n\ud83c\udf7e Friss\u00edt\u0151k \u00e9s pezsg\u0151.<br \/>\n\ud83c\udf74 \u00cdnyenc \u00e9telek \u00e9s italok.<br \/>\n\ud83d\udc65 Legfeljebb 12 vend\u00e9g.<br \/>\n\ud83e\udd3f Snorkel felszerel\u00e9s biztos\u00edtott.<br \/>\n\ud83d\ude97 A sz\u00e1ll\u00edt\u00e1si szolg\u00e1ltat\u00e1s tartalmazza.<br \/>\n\ud83e\udd11 Garant\u00e1ltan legjobb \u00e1r.<br \/>\n\ud83d\udc6a Kedvezm\u00e9nyek aktiv\u00e1lva.<br \/>\n\ud83d\udd01 Ak\u00e1r 8 napos lemond\u00e1s.<br \/>\n\ud83c\udf0d T\u00f6bbnyelv\u0171 leg\u00e9nys\u00e9g.<br \/>\n\ud83c\udf1f Foglaljon most \u00e9s sp\u00f3roljon!<br \/>\n\ud83d\udccd Indul\u00e1s a <a href=\"https:\/\/maps.app.goo.gl\/ocJuu7A8R1JWjPbS9\">Puerto Colon<\/a>.<\/p>","protected":false},"featured_media":9328,"comment_status":"open","ping_status":"closed","template":"","meta":{"_acf_changed":false},"product_brand":[],"product_cat":[47],"product_tag":[],"class_list":{"0":"post-9324","1":"product","2":"type-product","3":"status-publish","4":"has-post-thumbnail","6":"product_cat-boat-hire-tenerife","7":"wcpa_has_options","9":"first","10":"instock","11":"virtual","12":"purchasable","13":"product-type-simple"},"acf":[],"wcpa_form_fields":{"wcpaData":{"product":{"product_price":2000,"price_html":"From&nbsp;<span class=\"woocommerce-Price-amount amount\"><bdi>2.000,00&nbsp;<span class=\"woocommerce-Price-currencySymbol\">&euro;<\/span><\/bdi><\/span>","original_product_price":2000,"price_including_tax":2000,"price_excluding_tax":2000,"product_id":{"parent":9324,"variation":false},"is_variable":false,"stock_status":"instock","stock_quantity":null,"parent_sku":"CV9324","product_attributes":[],"custom_fields":[],"is_taxable":false,"product_name":"Rent the #1 Luxurious Yacht in Tenerife: Tigresa Boat","hasImage":false},"fields":{"sec_365c78ffa811e8":{"extra":{"key":"sec_365c78ffa811e8","section_id":"sec_365c78ffa811e8","name":"Default","status":1,"cl_rule":"show","enableCl":false,"relations":[],"toggle":true,"title_tag":"h3","show_title":false,"showPrice":"default","form_id":9607,"form_rules":{"exclude_from_discount":true,"fee_label":"Fee","disp_hide_options_price":true,"disp_show_section_price":false,"disp_show_field_price":true,"layout_option":"standard","pric_use_as_fee":false,"process_fee_as":"woo_fee"},"layout_option":"standard"},"fields":[[{"label":"\ud83d\udcc5 Date","active":true,"required":true,"elementId":"date_465c78ffa81217","picker_type":"custom","picker_mode":"single","placeholder":"","description":"","tooltip":"","name":"date_465c78ffa81217","label_position":"default","desc_position":"default","enablePrice":false,"className":"","enableCl":false,"relations":[{"operator":"and","rules":[{"operator":"AND","rules":{"cl_field":"radio-group_565c78ffa81208","cl_relation":"is","cl_val":"3 Hour Trip"}}]}],"date_pic_inline":true,"date_pic_inline_hide":true,"min_date":{"type":"days","val":"2"},"max_date":{"type":"days","val":"365"},"date_pic_conf":{"disabledWeeks":[]},"price":"","cl_rule":"show","col":6,"type":"date","error":false,"enableDesign":false,"LabelColor":"","gt_translate_keys":["label","placeholder","description","tooltip"],"price_dependency":false,"cl_dependency":false,"value":""}],[{"contentType":"rich","active":true,"label":"","elementId":"content_765c78ffa81286","value":"<p>\ud83c\udf9f\ufe0f <strong>Reservation<\/strong>: Pay only a deposit now to reserve; the rest is due on the day of the activity upon arrival.<\/p>","inline":false,"name":"content_765c78ffa81286","enablePrice":false,"className":"","subtype":"p","enableCl":false,"relations":false,"price":"","cl_rule":"show","col":6,"type":"content","error":false,"pricingType":"custom","isTemplate":false,"is_show_price":true,"show_in_checkout":true,"gt_translate_keys":["label","value"],"price_dependency":false,"cl_dependency":false}],[{"elementId":"separator-2189502245","separatorType":"blank","className":"","height":"3","enableCl":false,"relations":false,"cl_rule":"show","col":6,"type":"separator","error":false,"gt_translate_keys":[],"price_dependency":false,"cl_dependency":false,"value":""}],[{"active":true,"col":6,"relations":false,"cl_rule":"show","enableCl":false,"price":"","enablePrice":true,"className":"","label_position":"default","desc_position":"default","type":"select","required":true,"elementId":"select_5841412719","label":"\u23f3 Trip Duration","name":"select_5841412719","values":[{"label":"3 Hours (2.000\u20ac)","value":"3","selected":false,"tempId":"aco_556","price":"300","gt_translate_keys":["label"]},{"label":"4 Hours (2.500\u20ac)","value":"4","selected":false,"tempId":"aco_557","price":"375","gt_translate_keys":["label"]},{"label":"5 Hours (3.000\u20ac)","value":"5","selected":false,"tempId":"aco_558","price":"450","gt_translate_keys":["label"]},{"label":"6 Hours (3.500\u20ac)","value":"6","selected":false,"tempId":"aco_640","price":"525","gt_translate_keys":["label"]},{"label":"7 Hours (4.000\u20ac)","value":"7","selected":false,"tempId":"aco_650","price":"600","gt_translate_keys":["label"]},{"label":"8 Hours (4.500\u20ac)","value":"8","selected":false,"tempId":"aco_660","price":"675","gt_translate_keys":["label"]}],"dropdown_type":"basic","error":false,"placeholder":"Select Trip Duration","priceOptions":"different_for_all","pricingType":"fixed","gt_translate_keys":["label","placeholder"],"price_dependency":false,"cl_dependency":false,"value":""}],[{"elementId":"separator_665c78ffa8127b","separatorType":"fill","className":"","height":"6","enableCl":false,"relations":false,"cl_rule":"show","col":6,"type":"separator","error":false,"separatorColor":"#66a6b6","gt_translate_keys":[],"price_dependency":false,"cl_dependency":false,"value":""}],[{"active":true,"col":6,"relations":false,"cl_rule":"show","enableCl":false,"price":"({field.select_5841412719.","enablePrice":true,"className":"","label_position":"default","desc_position":"default","type":"content","required":false,"elementId":"content_865c78ffa812c0","label":"Deposit Payment","name":"content_865c78ffa812c0","contentType":"plain","value":"","error":false,"pricingType":"custom","isTemplate":true,"is_show_price":true,"enableDesign":true,"scrollBar":false,"use_as_fee":false,"fee_label":"Payment Now","inline":true,"show_in_checkout":true,"subtype":"div","formulaId":"fmla_1708364241278155361","LabelSize":"14px","gt_translate_keys":["label","value"],"price_dependency":["content-0022143174"],"cl_dependency":false}],[{"contentType":"plain","active":true,"label":"Payment at Arrival","elementId":"content_465c78ffa812c9","value":"","inline":true,"show_in_checkout":true,"name":"content_465c78ffa812c9","enablePrice":true,"className":"","fee_label":"Payment at Arrival","subtype":"div","enableCl":false,"relations":false,"scrollBar":false,"enableDesign":true,"pricingType":"custom","isTemplate":true,"price":"({field.radio-group_965c78ffa8129a.quantity}*22) + ({field.radio-group_865c78ffa812a3.quantity}*11)","use_as_fee":false,"is_show_price":true,"cl_rule":"show","col":6,"type":"content","error":false,"formulaId":"fmla_1708360988969136756","LabelSize":"14px","gt_translate_keys":["label","value"],"price_dependency":["content-0022143174"],"cl_dependency":false}],[{"contentType":"plain","active":true,"label":"Total Price","elementId":"content-0022143174","value":"","inline":true,"show_in_checkout":true,"name":"content-0022143174","enablePrice":true,"className":"","fee_label":"Payment at Arrival","subtype":"div","enableCl":false,"relations":false,"scrollBar":false,"enableDesign":true,"LabelSize":"14px","pricingType":"custom","isTemplate":false,"price":"({field.content_865c78ffa812c0.price}) + ({field.content_465c78ffa812c9.price})","formulaId":"fmla_1708360988969136756","use_as_fee":false,"is_show_price":true,"cl_rule":"show","col":6,"type":"content","error":false,"gt_translate_keys":["label","value"],"price_dependency":false,"cl_dependency":false}]]},"sec_165c78ffa81315":{"extra":{"key":"sec_165c78ffa81315","section_id":"sec_165c78ffa81315","name":"Pickup Location","status":1,"cl_rule":"show","enableCl":false,"relations":[],"toggle":true,"title_tag":"h4","show_title":false,"showPrice":"default","form_id":9607,"form_rules":{"exclude_from_discount":true,"fee_label":"Fee","disp_hide_options_price":true,"disp_show_section_price":false,"disp_show_field_price":true,"layout_option":"standard","pric_use_as_fee":false,"process_fee_as":"woo_fee"},"layout_option":"standard"},"fields":[[{"elementId":"separator_965c78ffa8131e","separatorType":"blank","className":"","height":"3","enableCl":false,"relations":false,"cl_rule":"show","col":6,"type":"separator","error":false,"gt_translate_keys":[],"price_dependency":false,"cl_dependency":false,"value":""}],[{"active":true,"col":6,"relations":[{"operator":false,"rules":[{"operator":"AND","rules":{"cl_field":"radio-group_565c78ffa81208","cl_relation":"is","cl_val":"3 Hour Trip"}}]}],"cl_rule":"show","enableCl":false,"price":"","enablePrice":false,"className":"","label_position":"default","desc_position":"default","type":"select","required":false,"elementId":"select_165c78ffa81221","label":"\u23f0 Departure","name":"select_165c78ffa81221","values":[{"label":"09:00","value":"09:00","selected":false,"tempId":"aco_1471","gt_translate_keys":["label"]},{"label":"10:00","value":"10:00","selected":false,"tempId":"aco_1472","gt_translate_keys":["label"]},{"label":"11:00","value":"11:00","selected":false,"tempId":"aco_1500","gt_translate_keys":["label"]},{"label":"12:00","value":"12:00","selected":false,"tempId":"aco_1510","gt_translate_keys":["label"]},{"label":"13:00 (1:00 PM)","value":"13:00","selected":false,"tempId":"aco_1520","gt_translate_keys":["label"]},{"label":"14:00 (2:00 PM)","value":"14:00","selected":false,"tempId":"aco_1728","gt_translate_keys":["label"]},{"label":"15:00 (3:00 PM)","value":"15:00","selected":false,"tempId":"aco_1738","gt_translate_keys":["label"]},{"label":"16:00 (4:00 PM)","value":"16:00","selected":false,"tempId":"aco_1748","gt_translate_keys":["label"]},{"label":"17:00 (5:00 PM)","value":"17:00","selected":false,"tempId":"aco_1912","gt_translate_keys":["label"]},{"label":"18:00 (6:00 PM)","value":"18:00","selected":false,"tempId":"aco_1922","gt_translate_keys":["label"]}],"dropdown_type":"basic","error":false,"placeholder":"Whichever Time is Best","gt_translate_keys":["label","placeholder"],"price_dependency":false,"cl_dependency":false,"value":""}],[{"elementId":"separator-6457332782","separatorType":"blank","className":"","height":"3","enableCl":false,"relations":false,"cl_rule":"show","col":6,"type":"separator","error":false,"gt_translate_keys":[],"price_dependency":false,"cl_dependency":false,"value":""}],[{"active":true,"col":6,"relations":[{"operator":false,"rules":[{"operator":false,"rules":{"cl_field":"radio-group_565c78ffa81208","cl_relation":"is_not","cl_val":"4.5 Hour Trip from North Tenerife"}}]}],"cl_rule":"show","enableCl":false,"price":"","enablePrice":false,"className":"","label_position":"default","desc_position":"default","type":"text","subtype":"text","required":false,"elementId":"text_565c78ffa81326","label":"\ud83d\ude8c Pickup Location","name":"text_565c78ffa81326","value":"","error":false,"description":"Free pick-up service in Tenerife South. Simply provide your address or hotel name.","repeater":false,"repeater_field_label":"{field_label}","repeater_bind":"","gt_translate_keys":["label","description","value","repeater_field_label"],"price_dependency":false,"cl_dependency":false}]]}},"config":{"price_override":"always","enable_recaptcha":false,"bind_quantity":false,"quantity_bind_formula":false,"disp_summ_show_option_price":true,"disp_summ_show_product_price":false,"disp_summ_show_total_price":false,"disp_summ_show_fee":true,"disp_summ_show_discount":true,"summary_title":"","options_total_label":"Options Price","total_label":"Deposit Amount","options_product_label":"Product Price","fee_label":"Fee","discount_label":"Discount","has_price":true,"has_quantity_formula":false},"mc_unit":1,"tax_rate":1,"tax_rate_real":1,"discount":{"percentage":0,"fixed":0},"design":{"conf":{"LabelPosition":"above","DescPosition":"above","UploadField":"custom_1","QuantityFieldStyle":"custom_1"},"css":{"LeftLabelWidth":"120px"}},"formulas":{"fmla_1708360988969136756":"(({field.select_5841412719.value}>=8)?(3825):(({field.select_5841412719.value}>=7)?(3400):(({field.select_5841412719.value}>=6)?(2975):(({field.select_5841412719.value}>=5)?(2550):(({field.select_5841412719.value}>=4)?(2125):(({field.select_5841412719.value}>=3)?(1700):(0)))))))","fmla_1708364241278155361":"(({field.select_5841412719.value}>=8)?({field.select_5841412719.price}):(({field.select_5841412719.value}>=7)?({field.select_5841412719.price}):(({field.select_5841412719.value}>=6)?({field.select_5841412719.price}):(({field.select_5841412719.value}>=5)?({field.select_5841412719.price}):(({field.select_5841412719.value}>=4)?({field.select_5841412719.price}):(({field.select_5841412719.value}>=3)?({field.select_5841412719.price}):(0)))))))"},"lookuptables":[],"clones":false,"cartKey":false}},"_links":{"self":[{"href":"https:\/\/canaryvip.com\/hu\/wp-json\/wp\/v2\/product\/9324","targetHints":{"allow":["GET"]}}],"collection":[{"href":"https:\/\/canaryvip.com\/hu\/wp-json\/wp\/v2\/product"}],"about":[{"href":"https:\/\/canaryvip.com\/hu\/wp-json\/wp\/v2\/types\/product"}],"replies":[{"embeddable":true,"href":"https:\/\/canaryvip.com\/hu\/wp-json\/wp\/v2\/comments?post=9324"}],"wp:featuredmedia":[{"embeddable":true,"href":"https:\/\/canaryvip.com\/hu\/wp-json\/wp\/v2\/media\/9328"}],"wp:attachment":[{"href":"https:\/\/canaryvip.com\/hu\/wp-json\/wp\/v2\/media?parent=9324"}],"wp:term":[{"taxonomy":"product_brand","embeddable":true,"href":"https:\/\/canaryvip.com\/hu\/wp-json\/wp\/v2\/product_brand?post=9324"},{"taxonomy":"product_cat","embeddable":true,"href":"https:\/\/canaryvip.com\/hu\/wp-json\/wp\/v2\/product_cat?post=9324"},{"taxonomy":"product_tag","embeddable":true,"href":"https:\/\/canaryvip.com\/hu\/wp-json\/wp\/v2\/product_tag?post=9324"}],"curies":[{"name":"wp","href":"https:\/\/api.w.org\/{rel}","templated":true}]}}