{"id":8824,"date":"2024-01-15T13:42:01","date_gmt":"2024-01-15T13:42:01","guid":{"rendered":"https:\/\/canaryvip.com\/?post_type=product&#038;p=8824"},"modified":"2025-09-19T12:00:53","modified_gmt":"2025-09-19T11:00:53","slug":"siam-park-vip-villa","status":"publish","type":"product","link":"https:\/\/canaryvip.com\/hu\/shop\/siam-park-vip-villa\/","title":{"rendered":"Siam Park VIP Villa"},"content":{"rendered":"<section class=\"l-section wpb_row height_medium\"><div class=\"l-section-h i-cf\"><div class=\"g-cols vc_row via_flex valign_top type_default stacking_default\"><div class=\"vc_col-sm-12 wpb_column vc_column_container\"><div class=\"vc_column-inner\"><div class=\"wpb_wrapper\"><div class=\"wpb_text_column\"><div class=\"wpb_wrapper\"><h2>\ud83c\udf34 <strong>Siam Park VIP villa \u00e9lm\u00e9nye az CanaryVIP-vel<\/strong><\/h2>\n<p>\u00dcdv\u00f6z\u00f6lj\u00fck a luxus cs\u00facs\u00e1n a Siam Parkban Tenerif\u00e9n. Mint egy o\u00e1zis a v\u00edz szerelmeseinek, <strong>Siam Park<\/strong> h\u00edres az izgalmas lovagl\u00e1sokr\u00f3l \u00e9s a fest\u0151i t\u00e1jakr\u00f3l. Az adrenalint pump\u00e1l\u00f3 <strong>A hatalom tornya<\/strong> a nyugodt <strong>Mai Thai foly\u00f3,<\/strong>\u00a0mindenf\u00e9le kalandv\u00e1gy\u00f3nak megfelel\u00fcnk. Emelje fel l\u00e1togat\u00e1s\u00e1t ezzel az exkluz\u00edv VIP-villa\u00e9lm\u00e9nnyel, ahol a kifinomults\u00e1g \u00e9s az izgalom tal\u00e1lkozik.<\/p>\n<h3><strong>\ud83c\udf1f Luxus VIP villa felszerelts\u00e9gei<\/strong><\/h3>\n<ul>\n<li><strong>Thai-ihlette elegancia:<\/strong> A thai eleganci\u00e1val d\u00edsz\u00edtett VIP-villa b\u00e9k\u00e9s \u00e9s f\u00e9ny\u0171z\u0151 visszavonul\u00e1st k\u00edn\u00e1l.<\/li>\n<li><strong>Legfels\u0151bb k\u00e9nyelem:<\/strong> Pihenjen extravag\u00e1nsan, pl\u00fcss kanap\u00e9kkal, saj\u00e1t teraszos zuhanyz\u00f3val \u00e9s napoz\u00f3\u00e1gyakkal.<\/li>\n<li><strong>T\u00f6r\u00f6lk\u00f6z\u0151 \u00e9s saj\u00e1t zuhanyz\u00f3:<\/strong> Friss t\u00f6r\u00f6lk\u00f6z\u0151ket biztos\u00edtunk, valamint saj\u00e1t zuhanyz\u00f3val az \u00d6n k\u00e9nyelm\u00e9t szolg\u00e1lja.<\/li>\n<li><strong>Kl\u00edmavez\u00e9rl\u00e9s:<\/strong> Korszer\u0171 ventil\u00e1torok a k\u00e9nyelmes l\u00e9gk\u00f6r fenntart\u00e1sa \u00e9rdek\u00e9ben.<\/li>\n<li><strong>Biztons\u00e1gos \u00e9rt\u00e9kt\u00e1rol\u00e1s:<\/strong> Az \u00d6n holmij\u00e1nak biztons\u00e1ga \u00e9rdek\u00e9ben sz\u00e9f is rendelkez\u00e9sre \u00e1ll.<\/li>\n<li><strong>Saj\u00e1t terasz napoz\u00f3\u00e1gyakkal:<\/strong> \u00c9lvezze a napoz\u00e1st vagy pihenjen az \u00e1rny\u00e9kban az exkluz\u00edv teraszon.<\/li>\n<li><strong>Szem\u00e9lyes jacuzzi:<\/strong> Mer\u00fclj\u00f6n el a relax\u00e1ci\u00f3ban saj\u00e1t priv\u00e1t jacuzzij\u00e1val, amely a v\u00e9gs\u0151 luxus szimb\u00f3luma.<\/li>\n<\/ul>\n<h3><strong>\ud83c\udfa5 Villa Sz\u00f3rakoz\u00e1s \u00e9s k\u00e9nyelem<\/strong><\/h3>\n<ul>\n<li><strong>TV \u00e9s t\u00e1rsalg\u00f3:<\/strong> K\u00e9nyelmes t\u00e1rsalg\u00f3 TV-vel, ahol \u00e9lvezheti kedvenc m\u0171sorait.<\/li>\n<li><strong>J\u00f3l felszerelt minib\u00e1r:<\/strong> A minib\u00e1rban italok sz\u00e9les v\u00e1laszt\u00e9ka \u00e1ll rendelkez\u00e9sre minden szomj\u00fas\u00e1g kiel\u00e9g\u00edt\u00e9s\u00e9re.<\/li>\n<li><strong>All-inclusive \u00e9tkez\u00e9s:<\/strong> \u00c9lvezze a kulin\u00e1ris \u00e9lvezetek v\u00e1ltozatos v\u00e1laszt\u00e9k\u00e1t pr\u00e9mium \u00e9ttermeinkben.<\/li>\n<li><strong>Italok \u00e9s fagylalt:<\/strong> Korl\u00e1tlan hozz\u00e1f\u00e9r\u00e9s \u00fcd\u00edt\u0151kh\u00f6z, s\u00f6r\u00f6kh\u00f6z, v\u00edzhez \u00e9s j\u00e9gkr\u00e9mekhez.<\/li>\n<\/ul>\n<h3><strong>\ud83c\udfa2 Els\u0151bbs\u00e9gi l\u00e1tnival\u00f3hoz val\u00f3 hozz\u00e1f\u00e9r\u00e9s VIP Fast Pass-szal:<\/strong><\/h3>\n<ul>\n<li><strong>Eg\u00e9sz napos gyorsb\u00e9rlet:<\/strong> Ker\u00fclje meg a sorban \u00e1ll\u00e1st, hogy azonnal hozz\u00e1f\u00e9rjen az \u00f6sszes l\u00e1tnival\u00f3hoz, \u00edgy maximaliz\u00e1lva az \u00e9lvezetet.<\/li>\n<\/ul>\n<h3><strong>\ud83c\udf74 All inclusive \u00e9tkez\u00e9s \u00e9s korl\u00e1tlan italfogyaszt\u00e1si lehet\u0151s\u00e9gek:<\/strong><\/h3>\n<ul>\n<li><strong>Korl\u00e1tlan kulin\u00e1ris v\u00e1laszt\u00e9k:<\/strong> \u00c9lvezze az all-inclusive \u00e9tkez\u00e9si \u00e9lm\u00e9nyt a park eg\u00e9sz ter\u00fclet\u00e9n rendelkez\u00e9sre \u00e1ll\u00f3 lehet\u0151s\u00e9gek sz\u00e9les v\u00e1laszt\u00e9k\u00e1val.<\/li>\n<li><strong>Korl\u00e1tlan italok:<\/strong> \u00c9lvezze a korl\u00e1tlan hozz\u00e1f\u00e9r\u00e9st az ingyenes italok v\u00e1ltozatos v\u00e1laszt\u00e9k\u00e1hoz, \u00edgy biztos\u00edtva, hogy eg\u00e9sz l\u00e1togat\u00e1sa alatt friss maradjon.<\/li>\n<\/ul>\n<h3><strong>\ud83d\udcb0 Kiv\u00e9teles \u00e1rak \u00e9s \u00e9rt\u00e9kek<\/strong><\/h3>\n<ul>\n<li><strong>Inkluz\u00edv \u00e1r:<\/strong> A VIP villa 1215\u20ac-\u00e9rt vehet\u0151 ig\u00e9nybe, maximum 8 vend\u00e9g befogad\u00e1s\u00e1ra alkalmas, biztos\u00edtva a mag\u00e1n\u00e9letet \u00e9s az exkluzivit\u00e1st kisebb \u00e9s nagyobb csoportok sz\u00e1m\u00e1ra egyar\u00e1nt.<\/li>\n<li><strong>Tov\u00e1bbi vend\u00e9gsz\u00e1ll\u00e1s:<\/strong> A villa maximum 12 vend\u00e9get tud fogadni, a kezdeti nyolc f\u0151n fel\u00fcl 151 \u20ac fel\u00e1rat kell fizetni szem\u00e9lyenk\u00e9nt.<\/li>\n<\/ul>\n<h3><strong>\ud83d\ude8c K\u00e9nyelmes \u00e9s ingyenes k\u00f6zleked\u00e9s<\/strong><\/h3>\n<ul>\n<li><strong>Stresszmentes utaz\u00e1s:<\/strong> Haszn\u00e1lja az ingyenes Siam Park buszj\u00e1ratot az egyszer\u0171 \u00e9s k\u00e9nyelmes k\u00f6zleked\u00e9s \u00e9rdek\u00e9ben.<\/li>\n<li><strong>Kiterjedt felv\u00e9teli pontok:<\/strong> T\u00f6bb \u00e1tv\u00e9teli hely Tenerife-szerte a k\u00f6nnyebb hozz\u00e1f\u00e9r\u00e9s \u00e9rdek\u00e9ben.<\/li>\n<\/ul>\n<h3><strong>\u23f0 Tervezze meg v\u00e9gs\u0151 l\u00e1togat\u00e1s\u00e1t<\/strong><\/h3>\n<ul>\n<li><strong>\u00c9ves el\u00e9rhet\u0151s\u00e9g:<\/strong> Ny\u00e1ron (10-18 \u00f3r\u00e1ig) \u00e9s t\u00e9len (10-17 \u00f3r\u00e1ig) tart nyitva.<\/li>\n<li><strong>Kiv\u00e1l\u00f3 helysz\u00edn:<\/strong> A ny\u00fczsg\u0151 Costa Adej\u00e9ben tal\u00e1lhat\u00f3, leny\u0171g\u00f6z\u0151 kil\u00e1t\u00e1st \u00e9s k\u00f6nny\u0171 megk\u00f6zel\u00edthet\u0151s\u00e9get k\u00edn\u00e1l.<\/li>\n<\/ul>\n<h3><b>\u274c Lemond\u00e1si felt\u00e9telek<\/b><\/h3>\n<ul>\n<li style=\"font-weight: 400;\" aria-level=\"1\"><span style=\"font-weight: 400;\">Lemond\u00f3 vend\u00e9gek <\/span><b>legal\u00e1bb egy h\u00f3nappal a tervezett szolg\u00e1ltat\u00e1s el\u0151tt<\/b><span style=\"font-weight: 400;\"> kap egy <\/span><b>teljes visszat\u00e9r\u00edt\u00e9s<\/b><span style=\"font-weight: 400;\">.<\/span>&nbsp;<\/li>\n<li style=\"font-weight: 400;\" aria-level=\"1\"><span style=\"font-weight: 400;\">Beny\u00fajtott lemond\u00e1sok <\/span><b>egy h\u00f3nappal \u00e9s legfeljebb 7 nappal kor\u00e1bban<\/b><span style=\"font-weight: 400;\"> a szolg\u00e1ltat\u00e1sra vonatkoz\u00f3 <\/span><b>60% lemond\u00e1si d\u00edj<\/b><span style=\"font-weight: 400;\">.<\/span>&nbsp;<\/li>\n<li style=\"font-weight: 400;\" aria-level=\"1\"><span style=\"font-weight: 400;\">Lemond\u00e1sok <\/span><b>a tervezett id\u0151pontot k\u00f6vet\u0151 7 napon bel\u00fcl<\/b><span style=\"font-weight: 400;\"> a <\/span><b>nem visszat\u00e9r\u00edtend\u0151<\/b><span style=\"font-weight: 400;\">.<\/span><\/li>\n<\/ul>\n<h3><strong>\ud83d\udd14 Az \u00d6n Deluxe CanaryVIP \u00e9lm\u00e9nye<\/strong><\/h3>\n<ul>\n<li><strong>L\u00e9pjen be a luxusba:<\/strong> A Siam Park l\u00e1togat\u00e1s\u00e1t a VIP-vill\u00e1ban val\u00f3 tart\u00f3zkod\u00e1ssal fokozhatja.<\/li>\n<li><strong>Eml\u00e9kezetes pillanatok l\u00e9trehoz\u00e1sa:<\/strong> Foglaljon most, hogy egy nagyszer\u0171, izgalmas \u00e9s felejthetetlen eml\u00e9kekkel teli \u00e9lm\u00e9nyben legyen r\u00e9sze.<\/li>\n<\/ul>\n<p>Ak\u00e1r egy jelent\u0151s m\u00e9rf\u00f6ldk\u0151 meg\u00fcnnepl\u00e9se, ak\u00e1r egy k\u00fcl\u00f6nleges esem\u00e9ny megszervez\u00e9se, a <strong>VIP villa a Siam Park Tenerife-ban<\/strong> a luxus \u00e9s az exkluzivit\u00e1s p\u00e1ratlan kever\u00e9k\u00e9t k\u00edn\u00e1lja. T\u00f6k\u00e9letes nagyobb csoportok sz\u00e1m\u00e1ra, hiszen az izgalmas l\u00e1tnival\u00f3kat a nyugodt pihen\u00e9ssel \u00f6tv\u00f6zi.<\/p>\n<p>Foglaljon most az CanaryVIP-n\u00e9l egy pazar \u00e9s felejthetetlen kaland\u00e9rt a Siam Park VIP vill\u00e1ban!<\/p>\n<\/div><\/div><\/div><\/div><\/div><\/div><\/div><\/section>","protected":false},"excerpt":{"rendered":"<p><strong>\ud83d\udd0d Siam Park Villa:<\/strong><br \/>\n\u2705 Biztons\u00e1gos fizet\u00e9s.<br \/>\n\ud83d\ude80 Eg\u00e9sz napos VIP gyorsb\u00e9rlet.<br \/>\n\ud83d\udc68\u200d\ud83d\udc69\u200d\ud83d\udc66 8 vend\u00e9gre \u00e1razva.<br \/>\n\ud83d\udc65 Ak\u00e1r 12 embernek is megfelel.<br \/>\n\ud83d\udca6 Terasz pezsg\u0151f\u00fcrd\u0151.<br \/>\n\ud83d\udd10 Z\u00e1rhat\u00f3 szekr\u00e9ny \u00e9s t\u00f6r\u00f6lk\u00f6z\u0151k.<br \/>\n\ud83c\udf54 Korl\u00e1tlan \u00e9tel.<br \/>\n\ud83c\udf7a Korl\u00e1tlan \u00fcd\u00edt\u0151italok \u00e9s s\u00f6r.<br \/>\n\ud83e\udd11 Garant\u00e1ltan legjobb \u00e1r.<br \/>\n\ud83d\ude8d Ingyenes buszj\u00e1rat.<br \/>\n\ud83c\udf0d T\u00e1mogat\u00e1s t\u00f6bb nyelven.<br \/>\n\ud83c\udf1f Foglaljon most \u00e9s sp\u00f3roljon!<br \/>\n\ud83d\udc32 Fedezd fel <a href=\"https:\/\/canaryvip.com\/hu\/product-category\/tenerife\/theme-parks-tenerife\/siam-park-tickets\/\">minden Siam Park jegyek itt<\/a>!<br \/>\n\ud83d\udccd Tal\u00e1ld meg <a href=\"https:\/\/maps.app.goo.gl\/UfftQG3CrqW5R81r9\">Siam Park a Google Maps-en<\/a>!<\/p>","protected":false},"featured_media":8825,"comment_status":"open","ping_status":"closed","template":"","meta":{"_acf_changed":false},"product_brand":[],"product_cat":[55,54],"product_tag":[],"class_list":{"0":"post-8824","1":"product","2":"type-product","3":"status-publish","4":"has-post-thumbnail","6":"product_cat-siam-park-tickets","7":"product_cat-theme-parks","8":"wcpa_has_options","10":"first","11":"instock","12":"virtual","13":"purchasable","14":"product-type-simple"},"acf":[],"wcpa_form_fields":{"wcpaData":{"product":{"product_price":1320,"price_html":"From&nbsp;<span class=\"woocommerce-Price-amount amount\"><bdi>1.320,00&nbsp;<span class=\"woocommerce-Price-currencySymbol\">&euro;<\/span><\/bdi><\/span>","original_product_price":1320,"price_including_tax":1320,"price_excluding_tax":1320,"product_id":{"parent":8824,"variation":false},"is_variable":false,"stock_status":"instock","stock_quantity":null,"parent_sku":"CV8824","product_attributes":[],"custom_fields":[],"is_taxable":false,"product_name":"Siam Park VIP Villa","hasImage":false},"fields":{"sec_165dcc0a3c8397":{"extra":{"key":"sec_165dcc0a3c8397","section_id":"sec_165dcc0a3c8397","name":"Default","status":1,"cl_rule":"show","enableCl":false,"relations":[],"toggle":true,"title_tag":"h3","show_title":false,"showPrice":"default","form_id":10124,"form_rules":{"exclude_from_discount":true,"fee_label":"Fee","disp_hide_options_price":true,"disp_show_section_price":false,"disp_show_field_price":true,"layout_option":"standard","pric_use_as_fee":false,"process_fee_as":"woo_fee"},"layout_option":"standard"},"fields":[[{"active":true,"col":6,"relations":false,"cl_rule":"show","enableCl":false,"price":"","enablePrice":false,"className":"","label_position":"default","desc_position":"default","type":"date","required":false,"elementId":"date_1065dcc0a3c83b7","name":"date_1065dcc0a3c83b7","label":"\ud83d\udcc5 Date","picker_type":"custom","picker_mode":"single","error":false,"date_pic_inline":true,"date_pic_inline_hide":true,"min_date":{"type":"days","val":"3"},"max_date":{"type":"days_from_min","val":"500"},"date_pic_conf":{"disabledDates":["2025-05-26 to 2025-05-27","2025-06-01 to 2025-06-04","2025-06-12 to 2025-06-17","2025-06-18 to 2025-06-19","2025-06-20","2025-06-21","2025-06-22","2025-06-23","2025-06-24","2025-06-25","2025-06-26 to 2025-06-27","2025-06-28 to 2025-06-29","2025-07-01 to 2025-07-02","2025-07-03","2025-07-04","2025-07-05","2025-07-06","2025-07-07","2025-07-08","2025-07-09","2025-07-10","2025-07-11","2025-07-12","2025-07-13","2025-07-14","2025-07-15","2025-07-16","2025-07-17","2025-07-18 to 2025-07-25","2025-07-26","2025-07-27","2025-07-28","2025-07-29","2025-07-30","2025-07-31","2025-08-01","2025-08-02","2025-08-03","2025-08-04","2025-08-05 to 2025-08-07","2025-08-08","2025-08-09 to 2025-08-10","2025-08-11 to 2025-08-14","2025-08-15 to 2025-08-16","2025-08-17","2025-08-18","2025-08-21","2025-08-22","2025-08-23","2025-08-24 to 2025-08-26","2025-08-27","2025-08-28 to 2025-08-30","2025-08-31","2025-08-19 to 2025-08-20"]},"isWeightTemplate":false,"isTemplate":false,"min_quantity":"1","quantity_decimal":false,"quantity_step":"1","quantity_label":"Quantity","repeater_field_label":"{field_label}","repeater_bind":"","gt_translate_keys":["label","repeater_field_label","quantity_label"],"price_dependency":false,"cl_dependency":false,"value":""}],[{"active":true,"col":6,"relations":false,"cl_rule":"show","enableCl":false,"price":"","enablePrice":true,"className":"","label_position":"default","desc_position":"default","type":"select","required":false,"elementId":"select_1065dcc0a3c83c4","label":"\ud83d\udc64 Group Size","name":"select_1065dcc0a3c83c4","values":[{"label":"1 Person (1.320\u20ac)","value":"1 Person","selected":false,"tempId":"aco_670","price":"1320","gt_translate_keys":["label"]},{"label":"2 People (1.320\u20ac)","value":"2 People","selected":false,"tempId":"aco_671","price":"1320","gt_translate_keys":["label"]},{"label":"3 People (1.320\u20ac)","value":"3 People","selected":false,"tempId":"aco_672","price":"1320","gt_translate_keys":["label"]},{"label":"4 People (1.320\u20ac)","value":"4 People","selected":false,"tempId":"aco_898","price":"1320","gt_translate_keys":["label"]},{"label":"5 People (1.320\u20ac)","value":"5 People","selected":false,"tempId":"aco_908","price":"1320","gt_translate_keys":["label"]},{"label":"6 People (1.320\u20ac)","value":"6 People","selected":false,"tempId":"aco_1062","price":"1320","gt_translate_keys":["label"]},{"label":"7 People (1.320\u20ac)","value":"7 People","selected":false,"tempId":"aco_2967","price":"1320","gt_translate_keys":["label"]},{"label":"8 People (1.320\u20ac)","value":"8 People","selected":false,"tempId":"aco_3049","price":"1320","gt_translate_keys":["label"]},{"label":"\u2500 Beyond 8 people, each extra person costs \u20ac165 \u2500","value":"\u2500 Beyond 8 people, each extra person costs \u20ac165 \u2500","selected":false,"tempId":"aco_1784","price":"1320","gt_translate_keys":["label"]},{"label":"9 People (1.485\u20ac)","value":"9 People","selected":false,"tempId":"aco_3131","price":"1485","gt_translate_keys":["label"]},{"label":"10 People (1.650\u20ac)","value":"10 People","selected":false,"tempId":"aco_3213","price":"1650","gt_translate_keys":["label"]},{"label":"11 People (1.815\u20ac)","value":"11 People","selected":false,"tempId":"aco_3722","price":"1815","gt_translate_keys":["label"]},{"label":"12 People (1.980\u20ac)","value":"12 People","selected":false,"tempId":"aco_3732","price":"1980","gt_translate_keys":["label"]}],"dropdown_type":"basic","error":false,"placeholder":"None","priceOptions":"different_for_all","pricingType":"fixed","gt_translate_keys":["label","placeholder"],"price_dependency":false,"cl_dependency":false,"value":""}]]}},"config":{"price_override":"always","enable_recaptcha":false,"bind_quantity":false,"quantity_bind_formula":false,"disp_summ_show_option_price":false,"disp_summ_show_product_price":false,"disp_summ_show_total_price":true,"disp_summ_show_fee":false,"disp_summ_show_discount":false,"summary_title":"","options_total_label":"Options Price","total_label":"Total","options_product_label":"Product Price","fee_label":"Fee","discount_label":"Discount","has_price":true,"has_quantity_formula":false},"mc_unit":1,"tax_rate":1,"tax_rate_real":1,"discount":{"percentage":0,"fixed":0},"design":{"conf":{"LabelPosition":"above","DescPosition":"above","UploadField":"custom_1","QuantityFieldStyle":"custom_1"},"css":{"LeftLabelWidth":"120px"}},"formulas":[],"lookuptables":[],"clones":false,"cartKey":false}},"_links":{"self":[{"href":"https:\/\/canaryvip.com\/hu\/wp-json\/wp\/v2\/product\/8824","targetHints":{"allow":["GET"]}}],"collection":[{"href":"https:\/\/canaryvip.com\/hu\/wp-json\/wp\/v2\/product"}],"about":[{"href":"https:\/\/canaryvip.com\/hu\/wp-json\/wp\/v2\/types\/product"}],"replies":[{"embeddable":true,"href":"https:\/\/canaryvip.com\/hu\/wp-json\/wp\/v2\/comments?post=8824"}],"wp:featuredmedia":[{"embeddable":true,"href":"https:\/\/canaryvip.com\/hu\/wp-json\/wp\/v2\/media\/8825"}],"wp:attachment":[{"href":"https:\/\/canaryvip.com\/hu\/wp-json\/wp\/v2\/media?parent=8824"}],"wp:term":[{"taxonomy":"product_brand","embeddable":true,"href":"https:\/\/canaryvip.com\/hu\/wp-json\/wp\/v2\/product_brand?post=8824"},{"taxonomy":"product_cat","embeddable":true,"href":"https:\/\/canaryvip.com\/hu\/wp-json\/wp\/v2\/product_cat?post=8824"},{"taxonomy":"product_tag","embeddable":true,"href":"https:\/\/canaryvip.com\/hu\/wp-json\/wp\/v2\/product_tag?post=8824"}],"curies":[{"name":"wp","href":"https:\/\/api.w.org\/{rel}","templated":true}]}}