{"id":8821,"date":"2024-01-15T13:32:07","date_gmt":"2024-01-15T13:32:07","guid":{"rendered":"https:\/\/canaryvip.com\/?post_type=product&#038;p=8821"},"modified":"2025-09-19T12:00:06","modified_gmt":"2025-09-19T11:00:06","slug":"siam-park-vip-house","status":"publish","type":"product","link":"https:\/\/canaryvip.com\/hu\/shop\/siam-park-vip-house\/","title":{"rendered":"Siam Park VIP h\u00e1z"},"content":{"rendered":"<section class=\"l-section wpb_row height_medium\"><div class=\"l-section-h i-cf\"><div class=\"g-cols vc_row via_flex valign_top type_default stacking_default\"><div class=\"vc_col-sm-12 wpb_column vc_column_container\"><div class=\"vc_column-inner\"><div class=\"wpb_wrapper\"><div class=\"wpb_text_column\"><div class=\"wpb_wrapper\"><p>\ud83c\udfdd\ufe0f <strong>Siam Park VIP House Experience az CanaryVIP-vel<\/strong><\/p>\n<div class=\"min-h-&#091;20px&#093; text-message flex flex-col items-start gap-3 whitespace-pre-wrap break-words &#091;.text-message+&amp;&#093;:mt-5 overflow-x-auto\" data-message-author-role=\"assistant\" data-message-id=\"8a8a1897-a3c1-4569-9988-c0ed1c1bc6da\">\n<div class=\"markdown prose w-full break-words dark:prose-invert light\">\n<p>\u00dcdv\u00f6z\u00f6lj\u00fck a Siam Parkban, a v\u00edz szerelmeseinek paradicsom\u00e1ban Tenerif\u00e9n. Az izgalmas hull\u00e1mvas\u00fatjair\u00f3l \u00e9s fest\u0151i t\u00e1jair\u00f3l h\u00edres park olyan kalandot k\u00edn\u00e1l, amilyen nincs m\u00e9g egy. Az izgalmas <strong>A hatalom tornya<\/strong> a nyugodt <strong>Mai Thai foly\u00f3,<\/strong>\u00a0, mindenf\u00e9le izgalomkeres\u0151 sz\u00e1m\u00e1ra van \u00e9lm\u00e9ny. Most emelje a l\u00e1togat\u00e1s\u00e1t a <strong>Az CanaryVIP exkluz\u00edv VIP House \u00e9lm\u00e9nye,<\/strong>\u00a0ahol a luxus tal\u00e1lkozik a kalanddal.<\/p>\n<h3>\ud83c\udf1f <strong>Pr\u00e9mium VIP h\u00e1z felszerelts\u00e9ge<\/strong><\/h3>\n<ul>\n<li><strong>Thai elegancia<\/strong>: A thai eszt\u00e9tika \u00e1ltal inspir\u00e1lt VIP House a nyugalom \u00e9s a luxus o\u00e1zis\u00e1t k\u00edn\u00e1lja.<\/li>\n<li><strong>Kiemelked\u0151 k\u00e9nyelem<\/strong>: Pihenjen st\u00edlusosan a pl\u00fcss kanap\u00e9kkal, saj\u00e1t teraszos zuhanyz\u00f3val \u00e9s napoz\u00f3\u00e1gyakkal.<\/li>\n<li><strong>T\u00f6r\u00f6lk\u00f6z\u0151k \u00e9s zuhanyz\u00f3<\/strong>: Friss t\u00f6r\u00f6lk\u00f6z\u0151k v\u00e1rj\u00e1k \u00d6nt, \u00e9s minden h\u00e1z saj\u00e1t zuhanyz\u00f3val b\u00fcszk\u00e9lkedhet a legnagyobb k\u00e9nyelem \u00e9rdek\u00e9ben.<\/li>\n<li><strong>Kl\u00edmavez\u00e9rl\u00e9s<\/strong>: A legmodernebb ventil\u00e1torainkkal h\u0171v\u00f6sen tarthatja mag\u00e1t.<\/li>\n<li><strong>\u00c9rt\u00e9kt\u00e1rgyak biztons\u00e1ga<\/strong>: T\u00e1rolja holmij\u00e1t biztons\u00e1gosan a rendelkez\u00e9s\u00fcnkre bocs\u00e1tott sz\u00e9fben.<\/li>\n<li><strong>Terasz napoz\u00f3\u00e1gyakkal<\/strong>: \u00c9lvezze a napot vagy az \u00e1rny\u00e9kot a saj\u00e1t terasz\u00e1n, amely k\u00e9nyelmes napoz\u00f3\u00e1gyakkal van felszerelve.<\/li>\n<li><strong>Priv\u00e1t terasz pezsg\u0151f\u00fcrd\u0151<\/strong>: \u00c9lvezze a v\u00e9gs\u0151 kikapcsol\u00f3d\u00e1st az exkluz\u00edv jacuzziban, a k\u00e9nyelem korona\u00e9kszer\u00e9ben.<\/li>\n<\/ul>\n<h3>\ud83c\udfa5 <strong>H\u00e1zon bel\u00fcli sz\u00f3rakoz\u00e1s \u00e9s kikapcsol\u00f3d\u00e1s<\/strong><\/h3>\n<ul>\n<li><strong>TV \u00e9s t\u00e1rsalg\u00f3<\/strong>: Laz\u00edtson kedvenc m\u0171soraival a h\u00e1zon bel\u00fcli TV-n, \u00e9s pihenjen a k\u00e9nyelmes kanap\u00e9n.<\/li>\n<li><strong>Minib\u00e1r<\/strong>: A minib\u00e1rban k\u00fcl\u00f6nf\u00e9le italok \u00e1llnak rendelkez\u00e9sre, hogy minden szomjat oltsanak.<\/li>\n<li><strong>All-inclusive szolg\u00e1ltat\u00e1s<\/strong>: K\u00f3stolja meg \u00e9ttermeinkben a kulin\u00e1ris \u00e9lvezetek sz\u00e9les v\u00e1laszt\u00e9k\u00e1t.<\/li>\n<li><strong>Italok \u00e9s fagylalt<\/strong>: \u00c9lvezze a korl\u00e1tlan \u00fcd\u00edt\u0151ket, s\u00f6r\u00f6ket, vizet \u00e9s fagylaltokat.<\/li>\n<\/ul>\n<h3>\ud83c\udfa2 <strong>Exkluz\u00edv hozz\u00e1f\u00e9r\u00e9s a VIP Fast Pass-szal<\/strong><\/h3>\n<ul>\n<li><strong>Eg\u00e9sz napos gyorsb\u00e9rlet<\/strong>: \u00c9lvezze az azonnali hozz\u00e1f\u00e9r\u00e9st az \u00f6sszes l\u00e1tnival\u00f3hoz sorban \u00e1ll\u00e1s n\u00e9lk\u00fcl, fokozva ezzel a sz\u00f3rakoz\u00e1st.<\/li>\n<\/ul>\n<h3>\ud83c\udf74 <strong>All-inclusive \u00e9tkez\u00e9s \u00e9s italok<\/strong><\/h3>\n<ul>\n<li><strong>Hatalmas kulin\u00e1ris lehet\u0151s\u00e9gek<\/strong>: A parkon bel\u00fcli \u00e9tkez\u00e9si lehet\u0151s\u00e9gek sokas\u00e1ga minden \u00edzl\u00e9st kiel\u00e9g\u00edt.<\/li>\n<li><strong>Korl\u00e1tlan italok<\/strong>: Friss\u00fclj\u00f6n fel az ingyenes italok sz\u00e9les v\u00e1laszt\u00e9k\u00e1val.<\/li>\n<\/ul>\n<h3>\ud83d\udcb0 <strong>Kiv\u00e9teles \u00e1rk\u00e9pz\u00e9s \u00e9s \u00e9rt\u00e9k<\/strong><\/h3>\n<\/div>\n<\/div>\n<div class=\"min-h-&#091;20px&#093; text-message flex flex-col items-start gap-3 whitespace-pre-wrap break-words &#091;.text-message+&amp;&#093;:mt-5 overflow-x-auto\" data-message-author-role=\"assistant\" data-message-id=\"cc56ef15-39ff-4986-80a9-f3d468fc7369\">\n<div class=\"markdown prose w-full break-words dark:prose-invert light\">\n<ul>\n<li><strong>Inkluz\u00edv \u00e1rfolyam<\/strong>: A VIP House \u00e1ra 910 \u20ac, maximum 6 vend\u00e9g befogad\u00e1s\u00e1ra alkalmas. Ez az \u00e1r biztos\u00edtja az exkluzivit\u00e1st \u00e9s a mag\u00e1n\u00e9letet mind a kisebb, mind a nagyobb csoportok sz\u00e1m\u00e1ra.<\/li>\n<li><strong>Extra vend\u00e9g rugalmass\u00e1g<\/strong>: A h\u00e1z maximum 10 vend\u00e9g befogad\u00e1s\u00e1ra alkalmas. A kezdeti hat f\u0151n t\u00fal minden egyes vend\u00e9g ut\u00e1n 151 \u20ac\/f\u0151 fel\u00e1rat kell fizetni.<\/li>\n<\/ul>\n<h3>\ud83d\ude8c <strong>K\u00e9nyelmes \u00e9s ingyenes sz\u00e1ll\u00edt\u00e1s<\/strong><\/h3>\n<ul>\n<li><strong>Stresszmentes tranzit<\/strong>: Haszn\u00e1lja ki az ingyenes Siam Park buszj\u00e1ratot a k\u00f6nny\u0171 k\u00f6zleked\u00e9s \u00e9rdek\u00e9ben.<\/li>\n<li><strong>Kiterjedt lefedetts\u00e9g<\/strong>: T\u00f6bb felv\u00e9teli pont Tenerife-szerte a k\u00e9nyelmes hozz\u00e1f\u00e9r\u00e9s \u00e9rdek\u00e9ben.<\/li>\n<\/ul>\n<h3>\u23f0 <strong>Tervezze meg a v\u00e9gs\u0151 \u00e9lm\u00e9nyt<\/strong><\/h3>\n<ul>\n<li><strong>\u00c9ves el\u00e9rhet\u0151s\u00e9g<\/strong>: Ny\u00e1ron (10-18 \u00f3ra k\u00f6z\u00f6tt) \u00e9s t\u00e9len (10-17 \u00f3ra k\u00f6z\u00f6tt) egyar\u00e1nt nyitva tart.<\/li>\n<li><strong>Kiv\u00e1l\u00f3 helysz\u00edn<\/strong>: Costa Adeje ny\u00fczsg\u0151 r\u00e9sz\u00e9n tal\u00e1lhat\u00f3, leny\u0171g\u00f6z\u0151 kil\u00e1t\u00e1ssal \u00e9s k\u00f6nny\u0171 megk\u00f6zel\u00edthet\u0151s\u00e9ggel.<\/li>\n<\/ul>\n<h3><b>\u274c Lemond\u00e1si felt\u00e9telek<\/b><\/h3>\n<ul>\n<li style=\"font-weight: 400;\" aria-level=\"1\"><span style=\"font-weight: 400;\">Lemond\u00e1sok <\/span><b>a tev\u00e9kenys\u00e9g id\u0151pontja el\u0151tt legal\u00e1bb 30 nappal<\/b><span style=\"font-weight: 400;\"> nem j\u00e1r b\u00fcntet\u00e9ssel.<\/span>&nbsp;<\/li>\n<li style=\"font-weight: 400;\" aria-level=\"1\"><span style=\"font-weight: 400;\">Lemond\u00e1sok <\/span><b>30 \u00e9s 7 nappal a tervezett id\u0151pont el\u0151tt<\/b><span style=\"font-weight: 400;\"> eredm\u00e9nyez egy <\/span><b>60% t\u00f6lt\u00e9s<\/b><span style=\"font-weight: 400;\"> a foglal\u00e1si \u00f6sszegb\u0151l.<\/span>&nbsp;<\/li>\n<li style=\"font-weight: 400;\" aria-level=\"1\"><span style=\"font-weight: 400;\">Lemond\u00e1sok <\/span><b>kevesebb mint 7 nappal a tev\u00e9kenys\u00e9g el\u0151tt<\/b><span style=\"font-weight: 400;\"> eredm\u00e9nyez egy <\/span><b>100% t\u00f6lt\u00e9s<\/b><span style=\"font-weight: 400;\"> a foglal\u00e1si \u00f6sszegb\u0151l.<\/span><\/li>\n<\/ul>\n<h4>\ud83d\udd14 <strong>Az \u00d6n luxus kalandja az CanaryVIP-vel<\/strong><\/h4>\n<ul>\n<li><strong>L\u00e9pjen be a f\u00e9ny\u0171z\u00e9sbe<\/strong>: Dobja fel a Siam Park l\u00e1togat\u00e1s\u00e1t a VIP House-ban val\u00f3 tart\u00f3zkod\u00e1ssal.<\/li>\n<li><strong>Maradand\u00f3 eml\u00e9kek l\u00e9trehoz\u00e1sa<\/strong>: Foglaljon most egy luxussal, izgalmakkal \u00e9s felejthetetlen pillanatokkal teli utaz\u00e1sra.<\/li>\n<\/ul>\n<\/div>\n<\/div>\n<\/div><\/div><\/div><\/div><\/div><\/div><\/div><\/section>","protected":false},"excerpt":{"rendered":"<p><strong>\ud83d\udd0d Siam Park House:<\/strong><br \/>\n\u2705 Biztons\u00e1gos fizet\u00e9s.<br \/>\n\ud83d\ude80 Eg\u00e9sz napos VIP gyorsb\u00e9rlet.<br \/>\n\ud83d\udc68\u200d\ud83d\udc69\u200d\ud83d\udc66 \u00c1r 6 vend\u00e9g r\u00e9sz\u00e9re.<br \/>\n\ud83d\udc65 Ak\u00e1r 10 f\u0151 befogad\u00e1s\u00e1ra alkalmas.<br \/>\n\ud83d\udca6 Saj\u00e1t teraszos jakuzzi.<br \/>\n\ud83d\udd10 Z\u00e1rhat\u00f3 szekr\u00e9ny \u00e9s t\u00f6r\u00f6lk\u00f6z\u0151k.<br \/>\n\ud83c\udf54 Korl\u00e1tlan \u00e9tel.<br \/>\n\ud83c\udf7a Korl\u00e1tlan \u00fcd\u00edt\u0151italok \u00e9s s\u00f6r.<br \/>\n\ud83c\udfe0 T\u00f6bb hely? <a href=\"https:\/\/canaryvip.com\/hu\/shop\/siam-park-vip-villa\/\">N\u00e9zze meg a Siam Park Vill\u00e1t<\/a>.<br \/>\n\ud83e\udd11 Garant\u00e1ltan legjobb \u00e1r.<br \/>\n\ud83d\ude8d Ingyenes buszj\u00e1rat.<br \/>\n\ud83c\udf0d T\u00e1mogat\u00e1s t\u00f6bb nyelven.<br \/>\n\ud83c\udf1f Foglaljon most \u00e9s sp\u00f3roljon!<br \/>\n\ud83d\udc32 Fedezd fel <a href=\"https:\/\/canaryvip.com\/hu\/product-category\/tenerife\/theme-parks-tenerife\/siam-park-tickets\/\">minden Siam Park jegyek itt<\/a>!<br \/>\n\ud83d\udccd Tal\u00e1ld meg <a href=\"https:\/\/maps.app.goo.gl\/UfftQG3CrqW5R81r9\">Siam Park a Google Maps-en<\/a>!<\/p>","protected":false},"featured_media":8827,"comment_status":"open","ping_status":"closed","template":"","meta":{"_acf_changed":false},"product_brand":[],"product_cat":[55,54],"product_tag":[],"class_list":{"0":"post-8821","1":"product","2":"type-product","3":"status-publish","4":"has-post-thumbnail","6":"product_cat-siam-park-tickets","7":"product_cat-theme-parks","8":"wcpa_has_options","10":"first","11":"instock","12":"virtual","13":"purchasable","14":"product-type-simple"},"acf":[],"wcpa_form_fields":{"wcpaData":{"product":{"product_price":990,"price_html":"From&nbsp;<span class=\"woocommerce-Price-amount amount\"><bdi>990,00&nbsp;<span class=\"woocommerce-Price-currencySymbol\">&euro;<\/span><\/bdi><\/span>","original_product_price":990,"price_including_tax":990,"price_excluding_tax":990,"product_id":{"parent":8821,"variation":false},"is_variable":false,"stock_status":"instock","stock_quantity":null,"parent_sku":"CV8821","product_attributes":[],"custom_fields":[],"is_taxable":false,"product_name":"Siam Park VIP House","hasImage":false},"fields":{"sec_865dcbfa9364bf":{"extra":{"key":"sec_865dcbfa9364bf","section_id":"sec_865dcbfa9364bf","name":"Default","status":1,"cl_rule":"show","enableCl":false,"relations":[],"toggle":true,"title_tag":"h3","show_title":false,"showPrice":"default","form_id":10123,"form_rules":{"exclude_from_discount":true,"fee_label":"Fee","disp_hide_options_price":true,"disp_show_section_price":false,"disp_show_field_price":true,"layout_option":"standard","pric_use_as_fee":false,"process_fee_as":"woo_fee"},"layout_option":"standard"},"fields":[[{"active":true,"col":6,"relations":false,"cl_rule":"show","enableCl":false,"price":"","enablePrice":false,"className":"","label_position":"default","desc_position":"default","type":"date","required":false,"elementId":"date_565dcbfa9364dd","name":"date_565dcbfa9364dd","label":"\ud83d\udcc5 Date","picker_type":"custom","picker_mode":"single","error":false,"date_pic_inline":true,"date_pic_inline_hide":true,"min_date":{"type":"days","val":"3"},"max_date":{"type":"days_from_min","val":"500"},"date_pic_conf":{"disabledDates":["2024-06-18 to 2024-06-30","2024-07-01 to 2024-08-15","2024-08-16 to 2024-08-20","2024-08-21","2024-08-22 to 2024-08-23","2024-08-24","2024-08-25 to 2024-08-29","2024-08-30","2025-05-26 to 2025-05-29","2025-06-02","2025-06-20","2025-06-21 to 2025-06-24","2025-06-25","2025-06-26 to 2025-06-27","2025-06-30","2025-07-01","2025-07-03","2025-07-04","2025-07-06","2025-07-07 to 2025-07-08","2025-07-09","2025-07-10 to 2025-07-13","2025-07-14 to 2025-07-15","2025-07-16 to 2025-07-17","2025-07-18","2025-07-19","2025-07-20","2025-07-21","2025-07-22","2025-07-23","2025-07-24","2025-07-25","2025-07-26","2025-07-27","2025-07-28 to 2025-07-31","2025-08-01","2025-08-02","2025-08-03","2025-08-04","2025-08-05","2025-08-06","2025-08-07","2025-08-08 to 2025-08-09","2025-08-10","2025-08-11 to 2025-08-12","2025-08-13","2025-08-14","2025-08-15","2025-08-16 to 2025-08-18","2025-08-19","2025-08-20","2025-08-21","2025-08-22","2025-08-23","2025-08-24","2025-08-25","2025-08-26","2025-08-27","2025-08-28 to 2025-08-31","2026-03-31 to 2026-04-11"]},"isWeightTemplate":false,"isTemplate":false,"min_quantity":"1","quantity_decimal":false,"quantity_step":"1","quantity_label":"Quantity","repeater_field_label":"{field_label}","repeater_bind":"","gt_translate_keys":["label","repeater_field_label","quantity_label"],"price_dependency":false,"cl_dependency":false,"value":""}],[{"active":true,"col":6,"relations":false,"cl_rule":"show","enableCl":false,"price":"","enablePrice":true,"className":"","label_position":"default","desc_position":"default","type":"select","required":false,"elementId":"select_965dcbfa9364eb","label":"\ud83d\udc64 Group Size","name":"select_965dcbfa9364eb","values":[{"label":"1 Person (990\u20ac)","value":"1 Person","selected":false,"tempId":"aco_670","price":"990","gt_translate_keys":["label"]},{"label":"2 People (990\u20ac)","value":"2 People","selected":false,"tempId":"aco_671","price":"990","gt_translate_keys":["label"]},{"label":"3 People (990\u20ac)","value":"3 People","selected":false,"tempId":"aco_672","price":"990","gt_translate_keys":["label"]},{"label":"4 People (990\u20ac)","value":"4 People","selected":false,"tempId":"aco_898","price":"990","gt_translate_keys":["label"]},{"label":"5 People (990\u20ac)","value":"5 People","selected":false,"tempId":"aco_908","price":"990","gt_translate_keys":["label"]},{"label":"6 People (990\u20ac)","value":"6 People","selected":false,"tempId":"aco_1062","price":"990","gt_translate_keys":["label"]},{"label":"\u2500 Beyond 6 people, each extra person costs \u20ac165 \u2500","value":"\u2500 Beyond 6 people, each extra person costs \u20ac165 \u2500","selected":false,"tempId":"aco_1784","price":"990","gt_translate_keys":["label"]},{"label":"7 People (1.155\u20ac)","value":"7 People","selected":false,"tempId":"aco_2967","price":"1155","gt_translate_keys":["label"]},{"label":"8 People (1.320\u20ac)","value":"8 People","selected":false,"tempId":"aco_3049","price":"1320","gt_translate_keys":["label"]},{"label":"9 People (1.485\u20ac)","value":"9 People","selected":false,"tempId":"aco_3131","price":"1485","gt_translate_keys":["label"]},{"label":"10 People (1.650\u20ac)","value":"10 People","selected":false,"tempId":"aco_3213","price":"1650","gt_translate_keys":["label"]}],"dropdown_type":"basic","error":false,"placeholder":"None","priceOptions":"different_for_all","pricingType":"fixed","gt_translate_keys":["label","placeholder"],"price_dependency":false,"cl_dependency":false,"value":""}]]}},"config":{"price_override":"always","enable_recaptcha":false,"bind_quantity":false,"quantity_bind_formula":false,"disp_summ_show_option_price":false,"disp_summ_show_product_price":false,"disp_summ_show_total_price":true,"disp_summ_show_fee":false,"disp_summ_show_discount":false,"summary_title":"","options_total_label":"Options Price","total_label":"Total","options_product_label":"Product Price","fee_label":"Fee","discount_label":"Discount","has_price":true,"has_quantity_formula":false},"mc_unit":1,"tax_rate":1,"tax_rate_real":1,"discount":{"percentage":0,"fixed":0},"design":{"conf":{"LabelPosition":"above","DescPosition":"above","UploadField":"custom_1","QuantityFieldStyle":"custom_1"},"css":{"LeftLabelWidth":"120px"}},"formulas":[],"lookuptables":[],"clones":false,"cartKey":false}},"_links":{"self":[{"href":"https:\/\/canaryvip.com\/hu\/wp-json\/wp\/v2\/product\/8821","targetHints":{"allow":["GET"]}}],"collection":[{"href":"https:\/\/canaryvip.com\/hu\/wp-json\/wp\/v2\/product"}],"about":[{"href":"https:\/\/canaryvip.com\/hu\/wp-json\/wp\/v2\/types\/product"}],"replies":[{"embeddable":true,"href":"https:\/\/canaryvip.com\/hu\/wp-json\/wp\/v2\/comments?post=8821"}],"wp:featuredmedia":[{"embeddable":true,"href":"https:\/\/canaryvip.com\/hu\/wp-json\/wp\/v2\/media\/8827"}],"wp:attachment":[{"href":"https:\/\/canaryvip.com\/hu\/wp-json\/wp\/v2\/media?parent=8821"}],"wp:term":[{"taxonomy":"product_brand","embeddable":true,"href":"https:\/\/canaryvip.com\/hu\/wp-json\/wp\/v2\/product_brand?post=8821"},{"taxonomy":"product_cat","embeddable":true,"href":"https:\/\/canaryvip.com\/hu\/wp-json\/wp\/v2\/product_cat?post=8821"},{"taxonomy":"product_tag","embeddable":true,"href":"https:\/\/canaryvip.com\/hu\/wp-json\/wp\/v2\/product_tag?post=8821"}],"curies":[{"name":"wp","href":"https:\/\/api.w.org\/{rel}","templated":true}]}}