{"id":8817,"date":"2024-01-15T12:16:37","date_gmt":"2024-01-15T12:16:37","guid":{"rendered":"https:\/\/canaryvip.com\/?post_type=product&#038;p=8817"},"modified":"2025-09-19T12:01:26","modified_gmt":"2025-09-19T11:01:26","slug":"siam-park-vip-cabin","status":"publish","type":"product","link":"https:\/\/canaryvip.com\/hu\/shop\/siam-park-vip-cabin\/","title":{"rendered":"Siam Park VIP kabin"},"content":{"rendered":"<section class=\"l-section wpb_row height_medium\"><div class=\"l-section-h i-cf\"><div class=\"g-cols vc_row via_flex valign_top type_default stacking_default\"><div class=\"vc_col-sm-12 wpb_column vc_column_container\"><div class=\"vc_column-inner\"><div class=\"wpb_wrapper\"><div class=\"wpb_text_column\"><div class=\"wpb_wrapper\"><h2><strong>\ud83c\udfdd\ufe0f Siam Park VIP Cabana \u00e9lm\u00e9nye az CanaryVIP-vel<\/strong><\/h2>\n<p>\u00dcdv\u00f6z\u00f6lj\u00fck az Siam Park-ben, Tenerife els\u0151sz\u00e1m\u00fa v\u00edzi kir\u00e1lys\u00e1g\u00e1ban, amely izgalmas cs\u00faszd\u00e1ir\u00f3l, leny\u0171g\u00f6z\u0151 t\u00e1jair\u00f3l \u00e9s a v\u00e9gs\u0151 v\u00edzi kalandr\u00f3l h\u00edres. Az adrenalin-pump\u00e1l\u00f3 <strong>A hatalom tornya<\/strong> a pihentet\u0151 <strong>Mai Thai foly\u00f3,<\/strong>\u00a0mindenki sz\u00e1m\u00e1ra van valami. Mer\u00fclj\u00f6n el egy olyan vil\u00e1gban, ahol az izgalom \u00e9s a kikapcsol\u00f3d\u00e1s tal\u00e1lkozik, \u00e9s tegye l\u00e1togat\u00e1s\u00e1t igaz\u00e1n felejthetetlenn\u00e9 a <strong>VIP Cabana \u00e9lm\u00e9ny. <\/strong><\/p>\n<p>Fedezze fel, hogy mi\u00e9rt az Siam Park a tr\u00f3pusi paradicsomban a csal\u00e1di sz\u00f3rakoz\u00e1s, a pihen\u00e9s \u00e9s a kalandok v\u00e9gs\u0151 c\u00e9lpontja. Tapasztalja meg a v\u00edzi sz\u00f3rakoz\u00e1s legjav\u00e1t, \u00e9s szerezzen olyan eml\u00e9keket, amelyek egy \u00e9letre sz\u00f3lnak.<\/p>\n<h3><strong>\ud83c\udf1f Exkluz\u00edv Cabana v\u00e1logat\u00e1s<\/strong><\/h3>\n<ul>\n<li><strong>Thai-ihlet\u00e9s\u0171 t\u00e9m\u00e1k<\/strong>: V\u00e1lasszon a Cabana Phuket, Chiang Mai vagy Rataburi k\u00f6z\u00fcl, amelyek mindegyike egy-egy nyugodt, thai ihlet\u00e9s\u0171 szent\u00e9ly.<\/li>\n<li><strong>P\u00e1ratlan k\u00e9nyelem<\/strong>: \u00c9lvezze a pl\u00fcss kanap\u00e9kat, a saj\u00e1t teraszos zuhanyz\u00f3kat \u00e9s a napoz\u00f3\u00e1gyakat a t\u00f6k\u00e9letes pihen\u00e9s \u00e9s luxus \u00e9rdek\u00e9ben.<\/li>\n<li><strong>T\u00f6r\u00f6lk\u00f6z\u0151ket tartalmaz<\/strong>: Nem kell agg\u00f3dnia a t\u00f6r\u00fclk\u00f6z\u0151k csomagol\u00e1sa miatt; az \u00d6n k\u00e9nyelm\u00e9t szolg\u00e1lj\u00e1k.<\/li>\n<li><strong>Ventil\u00e1tor a k\u00e9nyelem\u00e9rt<\/strong>: Maradjon h\u0171v\u00f6s a mell\u00e9kelt ventil\u00e1torral.<\/li>\n<li><strong>Biztos\u00edtsa a tulajdon\u00e1t<\/strong>: Haszn\u00e1lja a sz\u00e9fet az \u00d6n nyugalma \u00e9rdek\u00e9ben.<\/li>\n<\/ul>\n<h3><strong>\ud83c\udfa5 Sz\u00f3rakoz\u00e1s \u00e9s k\u00e9nyelem a kaban\u00e1ban<\/strong><\/h3>\n<ul>\n<li><strong>TV \u00e9s DVD lej\u00e1tsz\u00f3<\/strong>: Minden kabinban van TV \u00e9s DVD-lej\u00e1tsz\u00f3 a sz\u00f3rakoz\u00e1shoz.<\/li>\n<li><strong>Friss\u00edt\u0151k k\u00e9zn\u00e9l<\/strong>: Egy minib\u00e1r, amely k\u00fcl\u00f6nf\u00e9le italokkal van felt\u00f6ltve, hogy megfeleljen az \u00d6n preferenci\u00e1inak.<\/li>\n<\/ul>\n<h3><strong>\ud83c\udfa2 Els\u0151bbs\u00e9gi bel\u00e9p\u00e9s VIP Fast Pass-szal<\/strong><\/h3>\n<ul>\n<li><strong>Azonnali vonzer\u0151 bel\u00e9p\u00e9s<\/strong>: A VIP-vend\u00e9gek sz\u00e1m\u00e1ra kialak\u00edtott speci\u00e1lis kark\u00f6t\u0151kkel azonnali bel\u00e9p\u00e9st biztos\u00edtunk az \u00f6sszes attrakci\u00f3hoz, megker\u00fclve a sorban \u00e1ll\u00e1st, \u00e9s maximaliz\u00e1lva a sz\u00f3rakoz\u00e1sra sz\u00e1nt id\u0151t.<\/li>\n<\/ul>\n<h3>\ud83c\udf74 <strong>All-inclusive \u00e9tkez\u00e9s \u00e9s italok<\/strong><\/h3>\n<ul>\n<li><strong>K\u00fcl\u00f6nb\u00f6z\u0151 \u00e9tkez\u00e9si lehet\u0151s\u00e9gek<\/strong>: K\u00e9nyeztesse mag\u00e1t a parkban tal\u00e1lhat\u00f3, minden \u00edzl\u00e9st kiel\u00e9g\u00edt\u0151 kulin\u00e1ris v\u00e1laszt\u00e9kkal.<\/li>\n<li><strong>Korl\u00e1tlan italok<\/strong>: \u00c9lvezze az ingyenes \u00fcd\u00edt\u0151italokat, s\u00f6r\u00f6ket, vizet \u00e9s fagylaltokat, biztos\u00edtva az \u00d6n folyad\u00e9kp\u00f3tl\u00e1s\u00e1t \u00e9s el\u00e9gedetts\u00e9g\u00e9t.<\/li>\n<\/ul>\n<h3><strong>\ud83d\udcb0 Kiv\u00e9teles \u00e1rak \u00e9s \u00e9rt\u00e9kek<\/strong><\/h3>\n<ul>\n<li><strong>Comprehensive Rate<\/strong>: A VIP Cabana \u00e1ra 610\u20ac, 1-4 vend\u00e9g befogad\u00e1s\u00e1ra alkalmas. Ak\u00e1r egyed\u00fcl, ak\u00e1r egy n\u00e9gyf\u0151s csoporttal kalandozna, az \u00e1r ugyanaz marad, biztos\u00edtva az exkluzivit\u00e1st \u00e9s a mag\u00e1n\u00e9letet.<\/li>\n<li><strong>Extra vend\u00e9g rugalmass\u00e1g<\/strong>: Ha a csoportja t\u00f6bb mint n\u00e9gy f\u0151b\u0151l \u00e1ll, lehet\u0151s\u00e9g van tov\u00e1bbi 2 vend\u00e9get felvenni fejenk\u00e9nt 151\u20ac-\u00e9rt, \u00edgy a sz\u00e1lloda sokoldal\u00faan haszn\u00e1lhat\u00f3 k\u00fcl\u00f6nb\u00f6z\u0151 m\u00e9ret\u0171 csoportok sz\u00e1m\u00e1ra.<\/li>\n<li><strong>Ny\u00e1ri k\u00fcl\u00f6nleges \u00e1rak:<\/strong> Tartsa ezeket az \u00e1rakat m\u00e9g a forgalmas ny\u00e1ri h\u00f3napokban, j\u00faliusban \u00e9s augusztusban is.<\/li>\n<li><strong>Korai foglal\u00e1si el\u0151ny:<\/strong> Ker\u00fclje el az \u00e1remelked\u00e9seket, ha most foglal - biztos\u00edtsa a mai \u00e1rat a j\u00f6v\u0151beli l\u00e1togat\u00e1s\u00e1ra!<\/li>\n<\/ul>\n<h3><strong>\ud83d\ude8c K\u00e9nyelmes \u00e9s ingyenes k\u00f6zleked\u00e9s<\/strong><\/h3>\n<ul>\n<li><strong>Stresszmentes utaz\u00e1s<\/strong>: Haszn\u00e1lja ki a Siam Park ingyenes buszj\u00e1rat\u00e1t, amely rendszeres \u00e9s k\u00e9nyelmes k\u00f6zleked\u00e9st biztos\u00edt.<\/li>\n<li><strong>Sz\u00e9les lefedetts\u00e9g<\/strong>: T\u00f6bb felv\u00e9teli pont Tenerife-szerte a parkba val\u00f3 k\u00f6nny\u0171 be- \u00e9s kijut\u00e1s \u00e9rdek\u00e9ben.<\/li>\n<\/ul>\n<h3><strong>\u23f0 Tervezze meg a v\u00e9gs\u0151 \u00e9lm\u00e9nyt<\/strong><\/h3>\n<ul>\n<li><strong>Eg\u00e9sz \u00e9vben nyitva<\/strong>: Ny\u00e1ri (10.00 - 18.00), T\u00e9li (10.00 - 17.00).<\/li>\n<li><strong>Megk\u00f6zel\u00edthet\u0151 \u00e9s fest\u0151i<\/strong>: A vibr\u00e1l\u00f3 Costa Adeje-ben tal\u00e1lhat\u00f3, gy\u00f6ny\u00f6r\u0171 kil\u00e1t\u00e1st \u00e9s k\u00f6nny\u0171 megk\u00f6zel\u00edthet\u0151s\u00e9get \u00f6tv\u00f6zve.<\/li>\n<\/ul>\n<h3><strong>\ud83d\udd14 A luxus kaland v\u00e1r r\u00e1d az CanaryVIP seg\u00edts\u00e9g\u00e9vel<\/strong><\/h3>\n<ul>\n<li><strong>L\u00e9pjen be a luxusba<\/strong>: Emelje fel a Siam Park l\u00e1togat\u00e1s\u00e1t egy VIP Cabana-ban val\u00f3 tart\u00f3zkod\u00e1ssal.<\/li>\n<li><strong>Felejthetetlen eml\u00e9kek l\u00e9trehoz\u00e1sa<\/strong>: Foglaljon m\u00e9g ma, \u00e9s induljon el a luxus, az izgalom \u00e9s a felejthetetlen pillanatok utaz\u00e1s\u00e1ra.<\/li>\n<\/ul>\n<h3><b>\u274c Lemond\u00e1si felt\u00e9telek<\/b><\/h3>\n<ul>\n<li style=\"font-weight: 400;\" aria-level=\"1\"><span style=\"font-weight: 400;\">T\u00f6r\u00f6lt foglal\u00e1sok <\/span><b>legal\u00e1bb egy h\u00f3nappal a tev\u00e9kenys\u00e9g id\u0151pontja el\u0151tt<\/b><span style=\"font-weight: 400;\"> nem ker\u00fcl felsz\u00e1m\u00edt\u00e1sra.<\/span>&nbsp;<\/li>\n<li style=\"font-weight: 400;\" aria-level=\"1\"><span style=\"font-weight: 400;\">T\u00f6r\u00f6lt foglal\u00e1sok <\/span><b>egy h\u00f3nappal \u00e9s 7 nappal kor\u00e1bban<\/b><span style=\"font-weight: 400;\"> felsz\u00e1m\u00edt\u00e1sra ker\u00fcl <\/span><b>60% a teljes \u00f6sszegb\u0151l<\/b><span style=\"font-weight: 400;\">.<\/span>&nbsp;<\/li>\n<li style=\"font-weight: 400;\" aria-level=\"1\"><span style=\"font-weight: 400;\">T\u00f6r\u00f6lt foglal\u00e1sok <\/span><b>kevesebb mint 7 nappal kor\u00e1bban<\/b><span style=\"font-weight: 400;\"> felsz\u00e1m\u00edt\u00e1sra ker\u00fcl <\/span><b>a teljes \u00f6sszeg (100%)<\/b><span style=\"font-weight: 400;\">.<\/span><\/li>\n<\/ul>\n<h3>\ud83c\udf1f N\u00f6velje kalandj\u00e1t az CanaryVIP-vel<\/h3>\n<p>Foglalja le VIP Cabana \u00e9lm\u00e9ny\u00e9t az CanaryVIP-n\u00e9l m\u00e9g ma, \u00e9s biztos\u00edtsa, hogy az Siam Park-n\u00e9l tett l\u00e1togat\u00e1sa a luxus \u00e9s a felejthetetlen pillanatok jegy\u00e9ben teljen. \u00c9lvezze az exkluz\u00edv el\u0151ny\u00f6ket, az els\u0151bbs\u00e9gi hozz\u00e1f\u00e9r\u00e9st \u00e9s a kiv\u00e9teles k\u00e9nyelmet, \u00edgy kalandj\u00e1nak minden pillanata igaz\u00e1n k\u00fcl\u00f6nleges lesz.<\/p>\n<p>Ne hagyja ki ezt a lehet\u0151s\u00e9get, hogy maradand\u00f3 eml\u00e9keket szerezzen Tenerife els\u0151 sz\u00e1m\u00fa v\u00edzi kir\u00e1lys\u00e1g\u00e1ban. Biztos\u00edtsa most a VIP Cabana-t, \u00e9s induljon el a pihen\u00e9s, az izgalom \u00e9s a luxus v\u00e9gs\u0151 utaz\u00e1s\u00e1ra!<\/p>\n<\/div><\/div><\/div><\/div><\/div><\/div><\/div><\/section>","protected":false},"excerpt":{"rendered":"<p><strong>\ud83d\udd0d Siam Park Cabana:<\/strong><br \/>\n\u2705 Biztons\u00e1gos fizet\u00e9s.<br \/>\n\ud83d\ude80 Eg\u00e9sz napos VIP gyorsb\u00e9rlet.<br \/>\n\ud83d\udc68\u200d\ud83d\udc69\u200d\ud83d\udc66 \u00c1r 4 vend\u00e9gre.<br \/>\n\ud83d\udc65 Ak\u00e1r 6 szem\u00e9ly sz\u00e1m\u00e1ra is alkalmas.<br \/>\n\ud83d\udd10 Z\u00e1rhat\u00f3 szekr\u00e9ny \u00e9s t\u00f6r\u00f6lk\u00f6z\u0151k.<br \/>\n\ud83c\udf54 Korl\u00e1tlan \u00e9tel.<br \/>\n\ud83c\udf7a Korl\u00e1tlan \u00fcd\u00edt\u0151italok \u00e9s s\u00f6r.<br \/>\n\ud83c\udfe0 T\u00f6bb hely? N\u00e9zd meg a <a href=\"https:\/\/canaryvip.com\/hu\/shop\/siam-park-vip-house\/\">Siam Park House<\/a>.<br \/>\n\ud83e\udd11 Garant\u00e1ltan legjobb \u00e1r.<br \/>\n\ud83d\ude8d Ingyenes buszj\u00e1rat.<br \/>\n\ud83c\udf0d T\u00e1mogat\u00e1s t\u00f6bb nyelven.<br \/>\n\ud83c\udf1f Foglaljon most \u00e9s sp\u00f3roljon!<br \/>\n\ud83d\udc32 Fedezd fel <a href=\"https:\/\/canaryvip.com\/hu\/product-category\/tenerife\/theme-parks-tenerife\/siam-park-tickets\/\">minden Siam Park jegyek itt<\/a>!<br \/>\n\ud83d\udccd Tal\u00e1ld meg <a href=\"https:\/\/maps.app.goo.gl\/UfftQG3CrqW5R81r9\">Siam Park a Google Maps-en<\/a>!<\/p>","protected":false},"featured_media":8819,"comment_status":"open","ping_status":"closed","template":"","meta":{"_acf_changed":false},"product_brand":[],"product_cat":[55,54],"product_tag":[],"class_list":{"0":"post-8817","1":"product","2":"type-product","3":"status-publish","4":"has-post-thumbnail","6":"product_cat-siam-park-tickets","7":"product_cat-theme-parks","8":"wcpa_has_options","10":"first","11":"instock","12":"virtual","13":"purchasable","14":"product-type-simple"},"acf":[],"wcpa_form_fields":{"wcpaData":{"product":{"product_price":660,"price_html":"From&nbsp;<span class=\"woocommerce-Price-amount amount\"><bdi>660,00&nbsp;<span class=\"woocommerce-Price-currencySymbol\">&euro;<\/span><\/bdi><\/span>","original_product_price":660,"price_including_tax":660,"price_excluding_tax":660,"product_id":{"parent":8817,"variation":false},"is_variable":false,"stock_status":"instock","stock_quantity":null,"parent_sku":"CV8817","product_attributes":[],"custom_fields":[],"is_taxable":false,"product_name":"Siam Park VIP Cabin","hasImage":false},"fields":{"sec_765dcbaa6daedc":{"extra":{"key":"sec_765dcbaa6daedc","section_id":"sec_765dcbaa6daedc","name":"Default","status":1,"cl_rule":"show","enableCl":false,"relations":[],"toggle":true,"title_tag":"h3","show_title":false,"showPrice":"default","form_id":10122,"form_rules":{"exclude_from_discount":true,"fee_label":"Fee","disp_hide_options_price":true,"disp_show_section_price":false,"disp_show_field_price":true,"layout_option":"standard","pric_use_as_fee":false,"process_fee_as":"woo_fee"},"layout_option":"standard"},"fields":[[{"active":true,"col":6,"relations":false,"cl_rule":"show","enableCl":false,"price":"","enablePrice":false,"className":"","label_position":"default","desc_position":"default","type":"date","required":false,"elementId":"date_9651671511","name":"date_9651671511","label":"\ud83d\udcc5 Date","picker_type":"custom","picker_mode":"single","error":false,"date_pic_inline":true,"date_pic_inline_hide":true,"min_date":{"type":"days","val":"3"},"max_date":{"type":"days_from_min","val":"700"},"date_pic_conf":{"disabledDates":["2025-07-01 to 2025-08-31","2025-10-01 to 2025-11-01","2026-04-01","2026-04-02 to 2026-04-07","2026-04-08"],"enabledDates":[]},"isWeightTemplate":false,"isTemplate":false,"min_quantity":"1","quantity_decimal":false,"quantity_step":"1","quantity_label":"Quantity","repeater_field_label":"{field_label}","repeater_bind":"","gt_translate_keys":["label","repeater_field_label","quantity_label"],"price_dependency":false,"cl_dependency":false,"value":""}],[{"active":true,"col":6,"relations":false,"cl_rule":"show","enableCl":false,"price":"","enablePrice":true,"className":"","label_position":"default","desc_position":"default","type":"select","required":false,"elementId":"select_5229375457","label":"\ud83d\udc64 Group Size","name":"select_5229375457","values":[{"label":"1 Person (660\u20ac)","value":"1 Person","selected":false,"tempId":"aco_670","price":"660","gt_translate_keys":["label"]},{"label":"2 People (660\u20ac)","value":"2 People","selected":false,"tempId":"aco_671","price":"660","gt_translate_keys":["label"]},{"label":"3 People (660\u20ac)","value":"3 People","selected":false,"tempId":"aco_672","price":"660","gt_translate_keys":["label"]},{"label":"4 People (660\u20ac)","value":"4 People","selected":false,"tempId":"aco_898","price":"660","gt_translate_keys":["label"]},{"label":"\u2500 Beyond 4 people, each extra person costs \u20ac165 \u2500","value":"\u2500 Beyond 4 people, each extra person costs \u20ac165 \u2500","selected":false,"tempId":"aco_1784","price":"660","gt_translate_keys":["label"]},{"label":"5 People (825\u20ac)","value":"5 People","selected":false,"tempId":"aco_908","price":"825","gt_translate_keys":["label"]},{"label":"6 People (990\u20ac)","value":"6 People","selected":false,"tempId":"aco_1062","price":"990","gt_translate_keys":["label"]}],"dropdown_type":"basic","error":false,"placeholder":"None","priceOptions":"different_for_all","pricingType":"fixed","gt_translate_keys":["label","placeholder"],"price_dependency":false,"cl_dependency":false,"value":""}]]}},"config":{"price_override":"always","enable_recaptcha":false,"bind_quantity":false,"quantity_bind_formula":false,"disp_summ_show_option_price":false,"disp_summ_show_product_price":false,"disp_summ_show_total_price":true,"disp_summ_show_fee":false,"disp_summ_show_discount":false,"summary_title":"","options_total_label":"Options Price","total_label":"Total","options_product_label":"Product Price","fee_label":"Fee","discount_label":"Discount","has_price":true,"has_quantity_formula":false},"mc_unit":1,"tax_rate":1,"tax_rate_real":1,"discount":{"percentage":0,"fixed":0},"design":{"conf":{"LabelPosition":"above","DescPosition":"above","UploadField":"custom_1","QuantityFieldStyle":"custom_1"},"css":{"LeftLabelWidth":"120px"}},"formulas":[],"lookuptables":[],"clones":false,"cartKey":false}},"_links":{"self":[{"href":"https:\/\/canaryvip.com\/hu\/wp-json\/wp\/v2\/product\/8817","targetHints":{"allow":["GET"]}}],"collection":[{"href":"https:\/\/canaryvip.com\/hu\/wp-json\/wp\/v2\/product"}],"about":[{"href":"https:\/\/canaryvip.com\/hu\/wp-json\/wp\/v2\/types\/product"}],"replies":[{"embeddable":true,"href":"https:\/\/canaryvip.com\/hu\/wp-json\/wp\/v2\/comments?post=8817"}],"wp:featuredmedia":[{"embeddable":true,"href":"https:\/\/canaryvip.com\/hu\/wp-json\/wp\/v2\/media\/8819"}],"wp:attachment":[{"href":"https:\/\/canaryvip.com\/hu\/wp-json\/wp\/v2\/media?parent=8817"}],"wp:term":[{"taxonomy":"product_brand","embeddable":true,"href":"https:\/\/canaryvip.com\/hu\/wp-json\/wp\/v2\/product_brand?post=8817"},{"taxonomy":"product_cat","embeddable":true,"href":"https:\/\/canaryvip.com\/hu\/wp-json\/wp\/v2\/product_cat?post=8817"},{"taxonomy":"product_tag","embeddable":true,"href":"https:\/\/canaryvip.com\/hu\/wp-json\/wp\/v2\/product_tag?post=8817"}],"curies":[{"name":"wp","href":"https:\/\/api.w.org\/{rel}","templated":true}]}}