{"id":8688,"date":"2024-01-12T17:20:38","date_gmt":"2024-01-12T16:20:38","guid":{"rendered":"https:\/\/canaryvip.com\/?post_type=product&#038;p=8688"},"modified":"2026-03-06T17:11:19","modified_gmt":"2026-03-06T17:11:19","slug":"loro-parque-tickets","status":"publish","type":"product","link":"https:\/\/canaryvip.com\/hu\/shop\/loro-parque-tickets\/","title":{"rendered":"Loro Parque jegyek v\u00e1s\u00e1rl\u00e1sa"},"content":{"rendered":"<h2>\ud83c\udf05 Loro Parque Jegyek<\/h2>\n<p>L\u00e9pjen be a var\u00e1zslatos vil\u00e1gba <strong>Loro Parque Jegyek,<\/strong> Puerto de la Cruzban, Tenerife \u00e9szaki r\u00e9sz\u00e9n tal\u00e1lhat\u00f3, v\u00e1ltozatos \u00e9l\u0151vil\u00e1ggal \u00e9s term\u00e9szeti sz\u00e9ps\u00e9gekkel teli paradicsom. Ez a h\u00edres park a term\u00e9szetv\u00e9delem, az oktat\u00e1s \u00e9s a sz\u00f3rakoz\u00e1s egyed\u00fcl\u00e1ll\u00f3 kever\u00e9k\u00e9t k\u00edn\u00e1lja, \u00edgy a term\u00e9szetkedvel\u0151k \u00e9s a kalandv\u00e1gy\u00f3k sz\u00e1m\u00e1ra egyar\u00e1nt kihagyhatatlan \u00fati c\u00e9l.<\/p>\n<p>Csod\u00e1lja meg az \u00e1llatok leny\u0171g\u00f6z\u0151 v\u00e1ltozatoss\u00e1g\u00e1t, a fens\u00e9ges tigrisekt\u0151l a j\u00e1t\u00e9kos delfinekig, \u00e9s mer\u00fclj\u00f6n el a gy\u00f6ny\u00f6r\u0171en parkos\u00edtott kertekben \u00e9s a buja tr\u00f3pusi k\u00f6rnyezetben. Tapasztalja meg a v\u00e9gs\u0151 kalandot \u00e9s a felfedez\u00e9st minden sarkon, felejthetetlen eml\u00e9keket szerezve minden koroszt\u00e1ly sz\u00e1m\u00e1ra.<\/p>\n<p><strong>Loro Parque jegyek v\u00e1s\u00e1rl\u00e1sa<\/strong> az CanaryVIP-n kereszt\u00fcl, hogy k\u00f6nnyed\u00e9n bel\u00e9phessen ebbe a leny\u0171g\u00f6z\u0151 \u00e1llatkertbe, ahol a term\u00e9szet csod\u00e1i v\u00e1rj\u00e1k, hogy elk\u00e1pr\u00e1ztass\u00e1k \u00e9s gy\u00f6ny\u00f6rk\u00f6dtess\u00e9k \u00d6nt. \u00c9lvezze a z\u00f6kken\u0151mentes \u00e9lm\u00e9nyt, \u00e9s koncentr\u00e1ljon az Loro Parque \u00e1ltal k\u00edn\u00e1lt izgalmakra \u00e9s sz\u00e9ps\u00e9gre.<\/p>\n<h3>\ud83c\udfad Musz\u00e1j \u00e1llatbemutat\u00f3kat l\u00e1tni<\/h3>\n<p>Az CanaryVIP jeggyel bel\u00e9phet a Loro Parque h\u00edres \u00e1llatbemutat\u00f3ira:<\/p>\n<ul>\n<li><strong>Orca Show<\/strong>: Legyen tan\u00faja e fens\u00e9ges teremtm\u00e9nyek erej\u00e9nek.<\/li>\n<li><strong>Delfin show<\/strong>: Legyen leny\u0171g\u00f6zve a j\u00e1t\u00e9kos \u00e9s intelligens delfinekt\u0151l.<\/li>\n<li><strong>Tengeri oroszl\u00e1n show<\/strong>: \u00c9lvezze ezeknek a b\u00e1jos \u00e1llatoknak a boh\u00f3ckod\u00e1s\u00e1t.<\/li>\n<li><strong>Papag\u00e1j show<\/strong>: Legyen elk\u00e1pr\u00e1ztatva a k\u00fcl\u00f6nb\u00f6z\u0151 papag\u00e1jfajok sz\u00edneivel \u00e9s k\u00e9pess\u00e9geivel.<\/li>\n<li><strong>Term\u00e9szet l\u00e1t\u00e1sm\u00f3d<\/strong>: Egy 20 perces filmes utaz\u00e1s a vadonba.<\/li>\n<\/ul>\n<h3>\ud83d\udc3e Fedezze fel a vadvil\u00e1g csod\u00e1it<\/h3>\n<p>Induljon l\u00e9legzetel\u00e1ll\u00edt\u00f3 utaz\u00e1sra egy thaif\u00f6ldi ihlet\u00e9s\u0171 o\u00e1zis k\u00f6zepette.<\/p>\n<p><span style=\"text-decoration: underline;\">Tapasztalja meg a csod\u00e1latot:<\/span><\/p>\n<ul>\n<li>Tal\u00e1lkoz\u00e1s fens\u00e9ges jagu\u00e1rokkal, oroszl\u00e1nokkal \u00e9s tigrisekkel<\/li>\n<li>A gorill\u00e1k erej\u00e9nek \u00e9s a v\u00f6r\u00f6s pand\u00e1k b\u00e1j\u00e1nak megfigyel\u00e9se<\/li>\n<li>J\u00e1t\u00e9kos tengeri oroszl\u00e1nok gy\u00f6ny\u00f6rk\u00f6dtet\u00e9se<\/li>\n<li>T\u00f6bb mint 400 papag\u00e1jfaj sz\u00e9les v\u00e1laszt\u00e9k\u00e1nak megcsod\u00e1l\u00e1sa<\/li>\n<li>B\u00fav\u00e1rkod\u00e1s a c\u00e1p\u00e1k \u00e9s med\u00faz\u00e1k v\u00edzi csod\u00e1iba<\/li>\n<li>A pingvinek, delfinek \u00e9s ork\u00e1nok ki\u00e1ll\u00edt\u00e1sai leny\u0171g\u00f6znek.<\/li>\n<\/ul>\n<h4>\ud83d\ude8d Ingyenes buszos transzferek D\u00e9l-Tenerif\u00e9r\u0151l<\/h4>\n<p>\u00c9lvezze a k\u00f6nny\u0171 transzferszolg\u00e1ltat\u00e1st olyan n\u00e9pszer\u0171 helyekr\u0151l, mint Costa Adeje, Playa de las Am\u00e9ricas \u00e9s Los Cristianos. D\u0151lj\u00f6n h\u00e1tra, \u00e9s izguljon a k\u00f6zelg\u0151 kaland miatt, mik\u00f6zben mi gondoskodunk arr\u00f3l, hogy eljusson oda. Teljesen l\u00e9gkondicion\u00e1lt aut\u00f3buszaink biztos\u00edtj\u00e1k a z\u00f6kken\u0151mentes, \u00e9lvezetes utaz\u00e1st eg\u00e9szen az Loro Parque-ig.<\/p>\n<h4>\ud83c\udfab Rugalmas jegy\u00e9rt\u00e9kes\u00edt\u00e9si lehet\u0151s\u00e9gek<\/h4>\n<p>Az CanaryVIP.com-t\u00f3l v\u00e1s\u00e1rolt Loro Parque jegye rugalmasan felhaszn\u00e1lhat\u00f3 a v\u00e1s\u00e1rl\u00e1st\u00f3l sz\u00e1m\u00edtott 6 h\u00f3napon bel\u00fcl b\u00e1rmelyik napon. \u00c9lvezze a szabads\u00e1got, hogy l\u00e1togat\u00e1s\u00e1t az \u00d6n k\u00e9nye-kedve szerint tervezheti meg.<\/p>\n<h4>\ud83d\udc6f Ikerjegy akci\u00f3: Loro Parque + Siam Park<\/h4>\n<p>Maximaliz\u00e1lja a tenerifei kalandot exkluz\u00edv <a href=\"https:\/\/canaryvip.com\/hu\/shop\/twin-ticket-siam-park-and-loro-parque\/\">Twin Ticket aj\u00e1nlat<\/a>. Tapasztalja meg az Loro Parque \u00e9s az Siam Park csod\u00e1it kedvezm\u00e9nyes \u00e1ron. \u00c9lvezze az Siam Park izgalmas v\u00edzi hull\u00e1mvas\u00fatjainak izgalm\u00e1t \u00e9s az Loro Parque vadon \u00e9l\u0151 \u00e1llatok ki\u00e1ll\u00edt\u00e1s\u00e1nak var\u00e1zslatos sz\u00e9ps\u00e9g\u00e9t, mindezt egyetlen k\u00e9nyelmes jeggyel. K\u00e9t felejthetetlen \u00e9lm\u00e9ny, egy hihetetlen \u00e1ron.<\/p>\n<p>Ne hagyja ki ezt a verhetetlen aj\u00e1nlatot - szerezze meg az Twin Ticket-t m\u00e9g ma, \u00e9s szerezzen olyan eml\u00e9keket, amelyek egy \u00e9letre sz\u00f3lnak!<\/p>\n<h4>\ud83d\udccdHelysz\u00edn<\/h4>\n<p>Az Loro Parque Puerto de la Cruz fest\u0151i vid\u00e9k\u00e9n, Tenerife \u00e9szaki r\u00e9sz\u00e9n tal\u00e1lhat\u00f3. Fakultat\u00edv sz\u00e1ll\u00edt\u00e1si szolg\u00e1ltat\u00e1s \u00e1ll rendelkez\u00e9sre Tenerife d\u00e9li vagy \u00e9szaki r\u00e9sz\u00e9r\u0151l. <a href=\"https:\/\/www.google.com\/maps\/place\/Loro+Parque\/@28.408541,-16.5661227,15z\/data=!4m6!3m5!1s0xc6a7fc6f1bca7a1:0x2d783f66b7a8b668!8m2!3d28.408541!4d-16.5661227!16zL20vMDhmampn?entry=tts\" target=\"_blank\" rel=\"noopener\">Ellen\u0151rizze a c\u00edmet a Google Maps-en<\/a>.<\/p>\n<h4>\ud83c\udf1f Mi\u00e9rt \u00e9rdemes jegyet v\u00e1s\u00e1rolni az CanaryVIP.com-on?<\/h4>\n<p>Mer\u00fclj\u00f6n el az Loro Parque var\u00e1zslatos vil\u00e1g\u00e1ban az CanaryVIP-vel, az \u00d6n els\u0151 sz\u00e1m\u00fa v\u00e1laszt\u00e1s\u00e1val, hogy <strong>Loro Parque jegyek v\u00e1s\u00e1rl\u00e1sa.<\/strong>\u00a0Amikor \u00fagy d\u00f6nt, hogy <strong>Loro Parque jegyek v\u00e1s\u00e1rl\u00e1sa<\/strong> az CanaryVIP seg\u00edts\u00e9g\u00e9vel nem csak a foglal\u00e1si folyamatot k\u00f6nny\u00edtheti meg, hanem azt a jelent\u0151s el\u0151nyt is \u00e9lvezheti, hogy a parkban a jegyv\u00e1s\u00e1rl\u00e1shoz sz\u00fcks\u00e9ges hossz\u00fa sorokat is kihagyhatja.<\/p>\n<p>Egyed\u00fcl\u00e1ll\u00f3 aj\u00e1nlataink verhetetlenek, nagyszer\u0171 \u00e1r-\u00e9rt\u00e9k ar\u00e1nyt \u00e9s rugalmass\u00e1got biztos\u00edtanak, hogy a Loro Parque csod\u00e1it az \u00d6n id\u0151beoszt\u00e1sa szerint l\u00e1togathassa meg. \u00c9lvezze a vibr\u00e1l\u00f3 \u00e1llatbemutat\u00f3kat, ker\u00fclj\u00f6n k\u00f6zel a fens\u00e9ges vadon \u00e9l\u0151 \u00e1llatokhoz, vagy egyszer\u0171en csak gy\u00f6ny\u00f6rk\u00f6dj\u00f6n a leny\u0171g\u00f6z\u0151 term\u00e9szeti t\u00e1jban, a d\u00f6nt\u00e9s, hogy <strong>Loro Parque jegyek v\u00e1s\u00e1rl\u00e1s\u00e1ra<\/strong>m CanaryVIP az \u00d6n jegye egy z\u00f6kken\u0151mentes \u00e9s felejthetetlen kalandhoz Tenerife vadon \u00e9l\u0151 paradicsom\u00e1nak sz\u00edv\u00e9ben.<\/p>\n<p><span style=\"text-decoration: underline;\">Foglalja le Loro Parque kalandj\u00e1t m\u00e9g ma!<\/span><\/p>","protected":false},"excerpt":{"rendered":"<p><strong>\ud83d\udd0d Loro Parque bel\u00e9p\u0151jegyek:<\/strong><br \/>\n\u2705 Biztons\u00e1gos fizet\u00e9s.<br \/>\n\ud83d\ude80 Gyors bel\u00e9p\u00e9si lehet\u0151s\u00e9g a b\u00e9rlettulajdonosok sz\u00e1m\u00e1ra.<br \/>\n\ud83d\udd59 Nyitva 09:30-t\u00f3l 17:30-ig.<br \/>\n\ud83d\udc2c Hozz\u00e1f\u00e9r\u00e9s az \u00f6sszes m\u0171sorhoz.<br \/>\n\ud83e\udd11 Garant\u00e1ltan legjobb \u00e1r.<br \/>\n\ud83d\ude8d El\u00e9rhet\u0151 buszj\u00e1rat.<br \/>\n\ud83d\udc6a Kedvezm\u00e9nyek csoportos foglal\u00e1sok eset\u00e9n.<br \/>\n\ud83d\udd0d Ellen\u0151rizd <a href=\"https:\/\/canaryvip.com\/wp-content\/uploads\/2024\/01\/Map_ING_LOROPARQUE.pdf\">Loro Parque T\u00e9rk\u00e9p<\/a>.<br \/>\n\ud83d\udd01 72 \u00f3r\u00e1ig T\u00f6rl\u00e9s.<br \/>\n\ud83c\udf0d T\u00e1mogat\u00e1s t\u00f6bb nyelven.<br \/>\n\ud83c\udf1f Foglaljon most \u00e9s sp\u00f3roljon!<br \/>\n2\ufe0f\u20e3 Ellen\u0151rizze az aj\u00e1nlatot <a href=\"https:\/\/canaryvip.com\/hu\/shop\/buy-twin-ticket-siam-park-and-loro-parque\/\">Siam + Loro Parque<\/a>.<br \/>\n\ud83d\udc32 Fedezd fel <a href=\"https:\/\/canaryvip.com\/hu\/product-category\/tenerife\/theme-parks-tenerife\/loro-parque-tickets\/\">minden Loro Parque Jegyek itt<\/a>!<br \/>\n\ud83d\udccd Tal\u00e1ld meg <a href=\"https:\/\/maps.app.goo.gl\/Rt8EAYEVgmkqjJry8\">Loro Parque a Google Maps-en<\/a>!<\/p>","protected":false},"featured_media":8690,"comment_status":"open","ping_status":"closed","template":"","meta":{"_acf_changed":false},"product_brand":[],"product_cat":[54,56],"product_tag":[],"class_list":{"0":"post-8688","1":"product","2":"type-product","3":"status-publish","4":"has-post-thumbnail","6":"product_cat-theme-parks","7":"product_cat-loro-parque-tickets","8":"wcpa_has_options","10":"first","11":"instock","12":"virtual","13":"purchasable","14":"product-type-simple"},"acf":[],"wcpa_form_fields":{"wcpaData":{"product":{"product_price":44,"price_html":"From&nbsp;<span class=\"woocommerce-Price-amount amount\"><bdi>44,00&nbsp;<span class=\"woocommerce-Price-currencySymbol\">&euro;<\/span><\/bdi><\/span>","original_product_price":44,"price_including_tax":44,"price_excluding_tax":44,"product_id":{"parent":8688,"variation":false},"is_variable":false,"stock_status":"instock","stock_quantity":null,"parent_sku":"CV8688","product_attributes":[],"custom_fields":[],"is_taxable":false,"product_name":"Buy Loro Parque Tickets","hasImage":false},"fields":{"sec_965dc8e939dab8":{"extra":{"key":"sec_965dc8e939dab8","section_id":"sec_965dc8e939dab8","name":"Default","status":1,"cl_rule":"show","enableCl":false,"relations":[],"toggle":true,"title_tag":"h3","show_title":false,"showPrice":"default","form_id":10118,"form_rules":{"exclude_from_discount":true,"fee_label":"Fee","disp_hide_options_price":true,"disp_show_section_price":false,"disp_show_field_price":true,"layout_option":"standard","pric_use_as_fee":false,"process_fee_as":"woo_fee"},"layout_option":"standard"},"fields":[[{"active":true,"col":6,"relations":false,"cl_rule":"show","enableCl":false,"price":"","enablePrice":false,"className":"","label_position":"default","desc_position":"default","type":"radio-group","required":false,"elementId":"radio_9896791015","label":"\ud83c\udf1f Type of Ticket","name":"radio_9896791015","values":[{"label":"Regular Tickets (44\u20ac)","value":"Regular Tickets","selected":false,"tempId":"aco_1071","description":"Regular Admission Tickets.","gt_translate_keys":["label","description"]},{"label":" All Inclusive Tickets (132\u20ac)","value":"All Inclusive Tickets","selected":false,"tempId":"aco_1072","description":"VIP admission with all-inclusive access: entry, Loro Parque cap, Loro Explore experience, reserved VIP seating at shows, and unlimited food and drinks at restaurants (excluding Gambian Market, shops, and bazaars).","gt_translate_keys":["label","description"]}],"layOut":"","error":false,"checkUi":"toggle","options_description":true,"gt_translate_keys":["label"],"price_dependency":false,"cl_dependency":[false,false,false],"value":""}]]},"sec_465dc8e939dadd":{"extra":{"key":"sec_465dc8e939dadd","section_id":"sec_465dc8e939dadd","name":"Loro Parque Regular Tickets","status":1,"cl_rule":"show","enableCl":true,"relations":[{"operator":false,"rules":[{"operator":"AND","rules":{"cl_field":"radio_9896791015","cl_relation":"is","cl_val":"Regular Tickets"}}]}],"toggle":true,"title_tag":"h4","show_title":false,"showPrice":"default","form_id":10118,"form_rules":{"exclude_from_discount":true,"fee_label":"Fee","disp_hide_options_price":true,"disp_show_section_price":false,"disp_show_field_price":true,"layout_option":"standard","pric_use_as_fee":false,"process_fee_as":"woo_fee"},"layout_option":"standard"},"fields":[[{"label":"\ud83d\udcc5 Date","active":true,"required":true,"elementId":"date_165dc8e939daea","picker_type":"custom","picker_mode":"single","placeholder":"","description":"","tooltip":"","name":"date_165dc8e939daea","label_position":"default","desc_position":"default","enablePrice":false,"className":"","enableCl":false,"relations":[{"operator":"and","rules":[{"operator":"AND","rules":{"cl_field":"radio-group_765dc8e939dadb","cl_relation":"is","cl_val":"3 Hour Trip"}}]}],"date_pic_inline":true,"date_pic_inline_hide":true,"min_date":{"type":"days","val":"0"},"max_date":{"type":"days","val":"365"},"date_pic_conf":{"disabledWeeks":[]},"price":"","cl_rule":"show","col":6,"type":"date","error":false,"enableDesign":false,"LabelColor":"","gt_translate_keys":["label","placeholder","description","tooltip"],"price_dependency":false,"cl_dependency":false,"value":""}],[{"elementId":"separator-8941951695","separatorType":"blank","className":"","height":"10","enableCl":false,"relations":false,"cl_rule":"show","col":6,"type":"separator","gt_translate_keys":[],"price_dependency":false,"cl_dependency":false,"value":""}],[{"active":true,"col":6,"relations":false,"cl_rule":"show","enableCl":false,"price":"","enablePrice":false,"className":"","label_position":"default","desc_position":"default","type":"content","required":false,"elementId":"content_1065dc8e939db00","label":"People","name":"content_1065dc8e939db00","contentType":"plain","value":"","error":false,"show_in_checkout":true,"inline":false,"gt_translate_keys":["label","value"],"price_dependency":false,"cl_dependency":false}],[{"active":true,"col":6,"relations":[{"operator":false,"rules":[{"operator":"AND","rules":{"cl_field":"","cl_relation":"","cl_val":""}}]}],"cl_rule":"show","enableCl":true,"price":"44","enablePrice":true,"className":"","label_position":"default","desc_position":"default","type":"radio-group","required":false,"elementId":"radio-group_1065dc8e939db0b","label":"","name":"radio-group_1065dc8e939db0b","values":[{"label":"\ud83d\udc64 Adult (44\u20ac)","value":"Adult (42\u20ac)","selected":true,"tempId":"aco_32","tooltip":"+12 Years","description":"","gt_translate_keys":["label","tooltip","description"]}],"layOut":"","error":false,"checkUi":"button","priceOptions":"fixed_for_all","pricingType":"fixed","enable_quantity":true,"quantity_label":"","min_quantity":"0","options_tooltip":true,"options_description":true,"gt_translate_keys":["label","quantity_label"],"price_dependency":false,"cl_dependency":false,"value":""}],[{"label":"","active":true,"required":false,"elementId":"radio-group_465dc8e939db16","name":"radio-group_465dc8e939db16","label_position":"default","desc_position":"default","enablePrice":true,"className":"","enableCl":false,"relations":false,"enable_quantity":true,"quantity_label":"","min_quantity":"0","checkUi":"button","layOut":"","values":[{"label":"\ud83d\udc66 Child (32\u20ac)","value":"Child","selected":true,"tempId":"aco_32","tooltip":"3-11 Years","description":"","gt_translate_keys":["label","tooltip","description"]}],"priceOptions":"fixed_for_all","pricingType":"fixed","price":"32","cl_rule":"show","col":6,"type":"radio-group","error":false,"options_tooltip":true,"options_description":true,"gt_translate_keys":["label","quantity_label"],"price_dependency":false,"cl_dependency":false,"value":""}],[{"label":"","active":true,"required":false,"elementId":"radio-group_165dc8e939db20","name":"radio-group_165dc8e939db20","label_position":"default","desc_position":"default","enablePrice":true,"className":"","enableCl":false,"relations":false,"enable_quantity":true,"quantity_label":"","min_quantity":"0","checkUi":"button","layOut":"","values":[{"label":"\ud83d\udc76 Toddler (Free)","value":"Toddler (Free)","selected":true,"tempId":"aco_32","tooltip":"0-2 Years","gt_translate_keys":["label","tooltip"]}],"priceOptions":"fixed_for_all","pricingType":"fixed","price":"0","cl_rule":"show","col":6,"type":"radio-group","error":false,"options_tooltip":true,"gt_translate_keys":["label","quantity_label"],"price_dependency":false,"cl_dependency":false,"value":""}]]},"sec_h18121qk243":{"extra":{"key":"sec_h18121qk243","section_id":"sec_h18121qk243","name":"Loro Parque All Inclusive","status":1,"cl_rule":"show","enableCl":true,"relations":[{"operator":false,"rules":[{"operator":"AND","rules":{"cl_field":"radio_9896791015","cl_relation":"is","cl_val":"All Inclusive Tickets"}}]}],"toggle":true,"title_tag":"h4","show_title":false,"showPrice":"default","form_id":10118,"form_rules":{"exclude_from_discount":true,"fee_label":"Fee","disp_hide_options_price":true,"disp_show_section_price":false,"disp_show_field_price":true,"layout_option":"standard","pric_use_as_fee":false,"process_fee_as":"woo_fee"},"layout_option":"standard"},"fields":[[{"label":"\ud83d\udcc5 Date","active":true,"required":true,"elementId":"date-2207631932","picker_type":"custom","picker_mode":"single","placeholder":"","description":"","tooltip":"","name":"date-2207631932","label_position":"default","desc_position":"default","enablePrice":false,"className":"","enableCl":false,"relations":[{"operator":"and","rules":[{"operator":"AND","rules":{"cl_field":"radio-group_765dc8e939dadb","cl_relation":"is","cl_val":"3 Hour Trip"}}]}],"enableDesign":false,"LabelColor":"","date_pic_inline":true,"date_pic_inline_hide":true,"min_date":{"type":"days","val":"4"},"max_date":{"type":"days","val":"365"},"date_pic_conf":{"disabledWeeks":[]},"price":"","cl_rule":"show","col":6,"type":"date","error":false,"gt_translate_keys":["label","placeholder","description","tooltip"],"price_dependency":false,"cl_dependency":false,"value":""}],[{"elementId":"separator-2207641933","separatorType":"blank","className":"","height":"10","enableCl":false,"relations":false,"cl_rule":"show","col":6,"type":"separator","gt_translate_keys":[],"price_dependency":false,"cl_dependency":false,"value":""}],[{"contentType":"plain","active":true,"label":"People","elementId":"content-2207641934","value":"","inline":false,"show_in_checkout":true,"name":"content-2207641934","enablePrice":false,"className":"","enableCl":false,"relations":false,"price":"","cl_rule":"show","col":6,"type":"content","gt_translate_keys":["label","value"],"price_dependency":false,"cl_dependency":false}],[{"label":"","active":true,"required":false,"elementId":"radio-group-2207641935","name":"radio-group-2207641935","label_position":"default","desc_position":"default","enablePrice":true,"className":"","enableCl":true,"relations":[{"operator":false,"rules":[{"operator":"AND","rules":{"cl_field":"","cl_relation":"","cl_val":""}}]}],"enable_quantity":true,"quantity_label":"","min_quantity":"0","checkUi":"button","layOut":"","options_tooltip":true,"options_description":true,"values":[{"label":"\ud83d\udc64 Adult or Child (132\u20ac)","value":"Adult","selected":true,"tempId":"aco_32","tooltip":"Equal pricing for adults and children.","description":"","gt_translate_keys":["label","tooltip","description"]}],"priceOptions":"fixed_for_all","pricingType":"fixed","price":"132","cl_rule":"show","col":6,"type":"radio-group","error":false,"gt_translate_keys":["label","quantity_label"],"price_dependency":false,"cl_dependency":false,"value":""}],[{"label":"","active":true,"required":false,"elementId":"radio-group-2207641937","name":"radio-group-2207641937","label_position":"default","desc_position":"default","enablePrice":true,"className":"","enableCl":false,"relations":false,"enable_quantity":true,"quantity_label":"","min_quantity":"0","checkUi":"button","layOut":"","options_tooltip":true,"values":[{"label":"\ud83d\udc76 Toddler (Free)","value":"Toddler (Free)","selected":true,"tempId":"aco_32","tooltip":"0-1 Years","gt_translate_keys":["label","tooltip"]}],"priceOptions":"fixed_for_all","pricingType":"fixed","price":"0","cl_rule":"show","col":6,"type":"radio-group","error":false,"gt_translate_keys":["label","quantity_label"],"price_dependency":false,"cl_dependency":false,"value":""}]]},"sec_1065dc8e939db8c":{"extra":{"key":"sec_1065dc8e939db8c","section_id":"sec_1065dc8e939db8c","name":"Transfer from South Tenerife?","status":1,"cl_rule":"show","enableCl":true,"relations":[{"operator":false,"rules":[{"operator":"AND","rules":{"cl_field":"radio_9896791015","cl_relation":"is_not_empty","cl_val":""}}]}],"toggle":true,"title_tag":"h4","show_title":false,"showPrice":"default","form_id":10118,"form_rules":{"exclude_from_discount":true,"fee_label":"Fee","disp_hide_options_price":true,"disp_show_section_price":false,"disp_show_field_price":true,"layout_option":"standard","pric_use_as_fee":false,"process_fee_as":"woo_fee"},"layout_option":"standard"},"fields":[[{"active":true,"col":6,"relations":false,"cl_rule":"show","enableCl":false,"price":"","enablePrice":false,"className":"","label_position":"default","desc_position":"default","type":"separator","required":false,"elementId":"separator_465dc8e939db96","label":"Separator Field","height":"10","separatorType":"blank","gt_translate_keys":["label"],"price_dependency":false,"cl_dependency":false,"value":""}],[{"active":true,"col":6,"relations":false,"cl_rule":"show","enableCl":false,"price":"","enablePrice":false,"className":"","label_position":"default","desc_position":"default","type":"checkbox-group","required":false,"elementId":"checkbox-group_565dc8e939dba0","label":"","name":"checkbox-group_565dc8e939dba0","values":[{"label":"Transfer from South Tenerife?","value":"Transfer from South Tenerife?","selected":false,"tempId":"aco_4311","description":"Need transport to Loro Parque from South Tenerife? Book our daily pickup from Costa Adeje and Los Cristianos. For Alcal\u00e1, Abama & Los Gigantes: pickup only on Mon, Wed, Thu & Sat. From Golf del Sur: only on Tue & Fri.","gt_translate_keys":["label","description"]}],"options_description":true,"error":false,"layOut":"","checkUi":"toggle","gt_translate_keys":["label"],"price_dependency":false,"cl_dependency":["radio-group_965dc8e939dbaa","radio-group_565dc8e939dbb4","radio-group_065dc8e939dbbe","text_2798566491"],"value":""}],[{"label":"","active":true,"required":false,"elementId":"radio-group_965dc8e939dbaa","name":"radio-group_965dc8e939dbaa","label_position":"default","desc_position":"default","enablePrice":true,"className":"","enableCl":true,"relations":[{"operator":false,"rules":[{"operator":"AND","rules":{"cl_field":"checkbox-group_565dc8e939dba0","cl_relation":"is_not_empty","cl_val":""}}]}],"enable_quantity":true,"quantity_label":"","min_quantity":"0","checkUi":"button","layOut":"","options_tooltip":true,"values":[{"label":"\ud83d\udc64 Adult (21\u20ac)","value":"Adult","selected":true,"tempId":"aco_32","tooltip":"+12 Years","gt_translate_keys":["label","tooltip"]}],"priceOptions":"fixed_for_all","pricingType":"fixed","price":"21","cl_rule":"show","col":6,"type":"radio-group","error":false,"gt_translate_keys":["label","quantity_label"],"price_dependency":false,"cl_dependency":false,"value":""}],[{"label":"","active":true,"required":false,"elementId":"radio-group_565dc8e939dbb4","name":"radio-group_565dc8e939dbb4","label_position":"default","desc_position":"default","enablePrice":true,"className":"","enableCl":true,"relations":[{"operator":false,"rules":[{"operator":"AND","rules":{"cl_field":"checkbox-group_565dc8e939dba0","cl_relation":"is_not_empty","cl_val":""}}]}],"enable_quantity":true,"quantity_label":"","min_quantity":"0","checkUi":"button","layOut":"","options_tooltip":true,"values":[{"label":"\ud83d\udc66 Child (17\u20ac)","value":"Child","selected":true,"tempId":"aco_32","tooltip":"2-11 Years","gt_translate_keys":["label","tooltip"]}],"priceOptions":"fixed_for_all","pricingType":"fixed","price":"17","cl_rule":"show","col":6,"type":"radio-group","error":false,"gt_translate_keys":["label","quantity_label"],"price_dependency":false,"cl_dependency":false,"value":""}],[{"label":"","active":true,"required":false,"elementId":"radio-group_065dc8e939dbbe","name":"radio-group_065dc8e939dbbe","label_position":"default","desc_position":"default","enablePrice":true,"className":"","enableCl":true,"relations":[{"operator":false,"rules":[{"operator":"AND","rules":{"cl_field":"checkbox-group_565dc8e939dba0","cl_relation":"is_not_empty","cl_val":""}}]}],"enable_quantity":true,"quantity_label":"","min_quantity":"0","checkUi":"button","layOut":"","options_tooltip":true,"values":[{"label":"\ud83d\udc76 Infant (Free)","value":"Infant (Free)","selected":true,"tempId":"aco_32","tooltip":"0-1 Years","gt_translate_keys":["label","tooltip"]}],"priceOptions":"fixed_for_all","pricingType":"fixed","price":"0","cl_rule":"show","col":6,"type":"radio-group","error":false,"gt_translate_keys":["label","quantity_label"],"price_dependency":false,"cl_dependency":false,"value":""}],[{"active":true,"col":6,"relations":[{"operator":false,"rules":[{"operator":"AND","rules":{"cl_field":"checkbox-group_565dc8e939dba0","cl_relation":"is_not_empty","cl_val":""}}]}],"cl_rule":"show","enableCl":true,"price":"","enablePrice":false,"className":"","label_position":"default","desc_position":"default","type":"text","subtype":"text","required":false,"elementId":"text_2798566491","label":"\ud83d\ude8c Pickup Location","name":"text_2798566491","value":"","error":false,"description":"Pick-up service in South Tenerife. Simply provide your address or hotel name.","gt_translate_keys":["label","description","value"],"price_dependency":false,"cl_dependency":false}]]}},"config":{"price_override":"if_gt_zero","enable_recaptcha":false,"bind_quantity":false,"quantity_bind_formula":false,"disp_summ_show_option_price":true,"disp_summ_show_product_price":false,"disp_summ_show_total_price":true,"disp_summ_show_fee":true,"disp_summ_show_discount":true,"summary_title":"","options_total_label":"Options Price","total_label":"Total Amount","options_product_label":"Product Price","fee_label":"Fee","discount_label":"Discount","has_price":true,"has_quantity_formula":false},"mc_unit":1,"tax_rate":1,"tax_rate_real":1,"discount":{"percentage":0,"fixed":0},"design":{"conf":{"LabelPosition":"above","DescPosition":"above","UploadField":"custom_1","QuantityFieldStyle":"custom_1"},"css":{"LeftLabelWidth":"120px"}},"formulas":[],"lookuptables":[],"clones":false,"cartKey":false}},"_links":{"self":[{"href":"https:\/\/canaryvip.com\/hu\/wp-json\/wp\/v2\/product\/8688","targetHints":{"allow":["GET"]}}],"collection":[{"href":"https:\/\/canaryvip.com\/hu\/wp-json\/wp\/v2\/product"}],"about":[{"href":"https:\/\/canaryvip.com\/hu\/wp-json\/wp\/v2\/types\/product"}],"replies":[{"embeddable":true,"href":"https:\/\/canaryvip.com\/hu\/wp-json\/wp\/v2\/comments?post=8688"}],"wp:featuredmedia":[{"embeddable":true,"href":"https:\/\/canaryvip.com\/hu\/wp-json\/wp\/v2\/media\/8690"}],"wp:attachment":[{"href":"https:\/\/canaryvip.com\/hu\/wp-json\/wp\/v2\/media?parent=8688"}],"wp:term":[{"taxonomy":"product_brand","embeddable":true,"href":"https:\/\/canaryvip.com\/hu\/wp-json\/wp\/v2\/product_brand?post=8688"},{"taxonomy":"product_cat","embeddable":true,"href":"https:\/\/canaryvip.com\/hu\/wp-json\/wp\/v2\/product_cat?post=8688"},{"taxonomy":"product_tag","embeddable":true,"href":"https:\/\/canaryvip.com\/hu\/wp-json\/wp\/v2\/product_tag?post=8688"}],"curies":[{"name":"wp","href":"https:\/\/api.w.org\/{rel}","templated":true}]}}