{"id":16530,"date":"2026-01-17T17:42:14","date_gmt":"2026-01-17T17:42:14","guid":{"rendered":"https:\/\/canaryvip.com\/?post_type=product&#038;p=16530"},"modified":"2026-02-03T12:44:44","modified_gmt":"2026-02-03T12:44:44","slug":"bubble-room-experience-in-tenerife-with-private-jacuzzi","status":"publish","type":"product","link":"https:\/\/canaryvip.com\/hu\/shop\/bubble-room-experience-in-tenerife-with-private-jacuzzi\/","title":{"rendered":"Bubor\u00e9kszoba \u00e9lm\u00e9ny Tenerif\u00e9n priv\u00e1t jakuzzival"},"content":{"rendered":"<h2><strong>\u2728 Egy romantikus \u00e9jszaka a term\u00e9szet \u00e9s az \u00f3ce\u00e1nra n\u00e9z\u0151 kil\u00e1t\u00e1s k\u00f6zepette<\/strong><\/h2>\n<p>\u00c9lvezze az igaz\u00e1n m\u00e1s tart\u00f3zkod\u00e1st ezzel a <strong>bubor\u00e9k szoba Tenerife \u00e9lm\u00e9ny<\/strong>, olyan p\u00e1roknak tervezt\u00e9k, akik mag\u00e1n\u00e9letre, k\u00e9nyelemre \u00e9s k\u00fcl\u00f6nleges hangulatra v\u00e1gynak. Ez az exkluz\u00edv \u00e9lm\u00e9ny a k\u00f6vetkez\u0151ket k\u00edn\u00e1lja <strong>egy \u00e9jszaka k\u00e9t f\u0151 r\u00e9sz\u00e9re<\/strong> egy \u00e1tl\u00e1tsz\u00f3 bubor\u00e9kos lakoszt\u00e1lyban <strong>priv\u00e1t jacuzzi<\/strong>, panor\u00e1m\u00e1s kil\u00e1t\u00e1s az \u00f3ce\u00e1nra \u00e9s teljes kapcsolat a term\u00e9szettel.<\/p>\n<p>A sziget egy csendes r\u00e9sz\u00e9n tal\u00e1lhat\u00f3, ez a <strong>bubor\u00e9k \u00e9lm\u00e9ny Tenerife<\/strong> t\u00f6k\u00e9letes, ha valami romantikus, meghitt \u00e9s felejthetetlen \u00e9lm\u00e9nyre v\u00e1gyik.<\/p>\n<h3><strong>\u2b50 Egyed\u00fcl\u00e1ll\u00f3 bubor\u00e9kszoba Tenerif\u00e9n<\/strong><\/h3>\n<p>Ezeket a bubor\u00e9kos lakoszt\u00e1lyokat olyan vend\u00e9gek sz\u00e1m\u00e1ra hozt\u00e1k l\u00e9tre, akik t\u00f6bbet szeretn\u00e9nek egy \u00e1tlagos sz\u00e1llodai \u00e9jszak\u00e1n\u00e1l. A csillagok alatt alv\u00e1s 180\u00b0-os kil\u00e1t\u00e1ssal az \u00f3ce\u00e1nra \u00e9s a k\u00f6zeli szigetekre teszi igaz\u00e1n k\u00fcl\u00f6nlegess\u00e9 ezt az \u00e9lm\u00e9nyt.<\/p>\n<ul>\n<li>Exkluz\u00edv bubor\u00e9kos lakoszt\u00e1ly <strong>25 m\u00b2<\/strong>.<\/li>\n<li>Tervezve <strong>2 f\u0151<\/strong>.<\/li>\n<li><strong>Priv\u00e1t jacuzzi<\/strong> benne.<\/li>\n<li>Priv\u00e1t szabadt\u00e9ri balin\u00e9z \u00e1gy.<\/li>\n<li>Panor\u00e1m\u00e1s kil\u00e1t\u00e1s az \u00f3ce\u00e1nra \u00e9s a k\u00f6rnyez\u0151 szigetekre.<\/li>\n<li>Kerek \u00e1gy \u00e9s meghitt hangulat.<\/li>\n<\/ul>\n<p>Ide\u00e1lis v\u00e1laszt\u00e1s olyan p\u00e1rok sz\u00e1m\u00e1ra, akik egy <strong>bubor\u00e9k szoba Tenerife<\/strong> amely mag\u00e1nter\u00fcletnek, b\u00e9k\u00e9snek \u00e9s m\u00e1snak t\u0171nik, mint b\u00e1rmi m\u00e1s a szigeten.<\/p>\n<h3><strong>\ud83d\udcab K\u00e9nyelem, mag\u00e1n\u00e9let \u00e9s \u00e1tgondolt r\u00e9szletek<\/strong><\/h3>\n<p>Minden bubor\u00e9kos szoba tartalmaz mindent, ami a k\u00e9nyelmes \u00e9s pihentet\u0151 tart\u00f3zkod\u00e1shoz sz\u00fcks\u00e9ges.<\/p>\n<ul>\n<li>Saj\u00e1t f\u00fcrd\u0151szoba a lakoszt\u00e1lyban.<\/li>\n<li>L\u00e9gkondicion\u00e1l\u00e1s.<\/li>\n<li>Telev\u00edzi\u00f3.<\/li>\n<li>WiFi \u00e9s internet.<\/li>\n<li>T\u00f6r\u00f6lk\u00f6z\u0151 \u00e9s hajsz\u00e1r\u00edt\u00f3.<\/li>\n<li>F\u00fcrd\u0151szobai felszerel\u00e9sek.<\/li>\n<li>H\u0171t\u0151szekr\u00e9ny a szob\u00e1ban.<\/li>\n<\/ul>\n<p>A vend\u00e9gek hozz\u00e1f\u00e9rhetnek a k\u00f6z\u00f6s haszn\u00e1lat\u00fa ter\u00fcletekhez is, amelyek teljess\u00e9 teszik az \u00e9lm\u00e9nyt:<\/p>\n<ul>\n<li>V\u00e9gtelen st\u00edlus\u00fa strandmedence.<\/li>\n<li>K\u00f6z\u00f6s konyha.<\/li>\n<li>Saj\u00e1t parkol\u00f3t tartalmaz.<\/li>\n<\/ul>\n<h3><strong>\ud83d\udc96 T\u00f6k\u00e9letes romantikus kiruccan\u00e1sokhoz<\/strong><\/h3>\n<p>Ez a <strong>bubor\u00e9k \u00e9lm\u00e9ny Tenerife<\/strong> k\u00fcl\u00f6n\u00f6sen n\u00e9pszer\u0171:<\/p>\n<ul>\n<li>Romantikus menek\u00fcl\u00e9s.<\/li>\n<li>\u00c9vfordul\u00f3k.<\/li>\n<li>H\u00e1zass\u00e1gi aj\u00e1nlatok.<\/li>\n<li>K\u00fcl\u00f6nleges \u00fcnneps\u00e9gek.<\/li>\n<li>Teljes kikapcsol\u00f3d\u00e1s \u00e9s kikapcsol\u00f3d\u00e1s.<\/li>\n<\/ul>\n<p>Extr\u00e1k, romantikus dekor\u00e1ci\u00f3k \u00e9s tov\u00e1bbi szolg\u00e1ltat\u00e1sok adhat\u00f3k hozz\u00e1, hogy szem\u00e9lyre szabj\u00e1k a tart\u00f3zkod\u00e1st, \u00e9s m\u00e9g eml\u00e9kezetesebb \u00e9lm\u00e9nyt ny\u00fajtsanak.<\/p>\n<h3><strong>\ud83d\udd52 Be- \u00e9s kijelentkez\u00e9si inform\u00e1ci\u00f3k<\/strong><\/h3>\n<ul>\n<li><strong>Bejelentkez\u00e9s:<\/strong> 14:00-t\u00f3l.<\/li>\n<li><strong>Kijelentkez\u00e9s:<\/strong> 12:00 el\u0151tt.<\/li>\n<\/ul>\n<p>Ha az \u00e9rkez\u00e9s napj\u00e1n van szabad bubor\u00e9k, korai bejelentkez\u00e9s lehets\u00e9ges. Ha nem, a vend\u00e9gek kor\u00e1bban \u00e9rkezhetnek, \u00e9s \u00e9lvezhetik a medenc\u00e9t \u00e9s a k\u00f6z\u00f6s helyis\u00e9geket, am\u00edg a bubor\u00e9k k\u00e9szen nem \u00e1ll.<\/p>\n<h3><strong>\ud83d\udccd Helysz\u00edn<\/strong><\/h3>\n<p>A bubor\u00e9ktermek a k\u00f6vetkez\u0151 helyen tal\u00e1lhat\u00f3k <strong>Alaya Resort Tenerife<\/strong>, Gu\u00eda de Isora-ban, egy b\u00e9k\u00e9s \u00e9s priv\u00e1t ter\u00fcleten, amely a term\u00e9szeti sz\u00e9ps\u00e9g\u00e9r\u0151l \u00e9s a szabad kil\u00e1t\u00e1sr\u00f3l ismert.<\/p>\n<ul>\n<li>Csendes \u00e9s f\u00e9lrees\u0151 helyen.<\/li>\n<li>Panor\u00e1m\u00e1s kil\u00e1t\u00e1s az \u00f3ce\u00e1nra \u00e9s a szigetre.<\/li>\n<li>Teljesen aszfaltozott bek\u00f6t\u0151\u00fat, n\u00e9h\u00e1ny kanyarral.<\/li>\n<li>Aut\u00f3val aj\u00e1nlott, mivel a var\u00e1zs r\u00e9sze az utaz\u00e1s erre a k\u00fcl\u00f6nleges helyre.<\/li>\n<\/ul>\n<h3><strong>\ud83d\udcdc Foglal\u00e1si \u00e9s lemond\u00e1si felt\u00e9telek<\/strong><\/h3>\n<p>K\u00e9rj\u00fck, gondosan olvassa el a felt\u00e9teleket, miel\u0151tt lefoglalja ezt a tenerifei bubor\u00e9kszob\u00e1s \u00e9lm\u00e9nyt.<\/p>\n<ul>\n<li><strong>Ingyenes lemond\u00e1s az \u00e9rkez\u00e9s el\u0151tt 14 nappal.<\/strong><\/li>\n<li>Az ezen id\u0151szak ut\u00e1n t\u00f6rt\u00e9nt lemond\u00e1sok nem t\u00e9r\u00edthet\u0151k vissza.<\/li>\n<li>A bubor\u00e9ktermekben tilos a doh\u00e1nyz\u00e1s.<\/li>\n<li>H\u00e1zi\u00e1llatok nem enged\u00e9lyezettek.<\/li>\n<\/ul>\n<h3><strong>\ud83c\udf0c Tenerife megtapasztal\u00e1s\u00e1nak egy m\u00e1sik m\u00f3dja<\/strong><\/h3>\n<p>Ha egy romantikus \u00e9jszak\u00e1t, egy egyed\u00fcl\u00e1ll\u00f3 tart\u00f3zkod\u00e1st vagy egy eml\u00e9kezetes <strong>bubor\u00e9k szoba Tenerife<\/strong>, ez az \u00e9lm\u00e9ny mag\u00e1n\u00e9letet, k\u00e9nyelmet \u00e9s olyan var\u00e1zslatos k\u00f6rnyezetet k\u00edn\u00e1l, amelyhez neh\u00e9z fel\u00e9rni.<\/p>\n<p>A  c\u00edmen. <strong>CanaryVIP<\/strong>, gondosan kiv\u00e1lasztjuk \u00e9s k\u00edn\u00e1ljuk az ilyen egyedi \u00e9lm\u00e9nyeket, mint ez itt <strong>bubor\u00e9k \u00e9lm\u00e9ny Tenerife<\/strong>, megk\u00f6nny\u00edtve a foglal\u00e1st egy\u00e9rtelm\u0171 inform\u00e1ci\u00f3kkal \u00e9s megb\u00edzhat\u00f3 partnerekkel.<\/p>\n<p>\u2728 Foglalja le <strong>Bubor\u00e9k szoba \u00e9lm\u00e9ny Tenerife<\/strong> m\u00e9g ma, \u00e9s \u00e9lvezzen egy felejthetetlen \u00e9jszak\u00e1t kettesben a csillagok alatt.<\/p>","protected":false},"excerpt":{"rendered":"<p>\ud83d\udd0d <strong>Bubor\u00e9k-\u00e9lm\u00e9ny:<br \/>\n<\/strong>\u2705 Biztons\u00e1gos fizet\u00e9s.<br \/>\n\ud83d\udc65 Bubor\u00e9kszob\u00e1nk\u00e9nt legfeljebb 2.<br \/>\n\ud83d\ude80 Egyed\u00fcl\u00e1ll\u00f3 \u00e9lm\u00e9ny Tenerif\u00e9n.<br \/>\n\u2764\ufe0f Romantikus dekor\u00e1ci\u00f3 el\u00e9rhet\u0151.<br \/>\n\ud83d\udcc5 Naponta rendelkez\u00e9sre \u00e1ll\u00f3 szob\u00e1k.<br \/>\n\ud83e\udd11 Legjobb \u00e1r garancia.<br \/>\n\ud83d\udc6a Alkalmas p\u00e1roknak.<br \/>\n\ud83d\udd01 7 napos lemond\u00e1si felt\u00e9telek.<br \/>\n\ud83c\udf1f Foglaljon kor\u00e1n \u00e9s takar\u00edtson meg!<br \/>\n\ud83d\udccdLok\u00e1ci\u00f3 D\u00e9l-Tenerif\u00e9n.<\/p>","protected":false},"featured_media":16584,"comment_status":"open","ping_status":"closed","template":"","meta":{"_acf_changed":false},"product_brand":[],"product_cat":[146],"product_tag":[],"class_list":{"0":"post-16530","1":"product","2":"type-product","3":"status-publish","4":"has-post-thumbnail","6":"product_cat-experiences-stays","7":"wcpa_has_options","9":"first","10":"instock","11":"sale","12":"virtual","13":"purchasable","14":"product-type-simple"},"acf":[],"wcpa_form_fields":{"wcpaData":{"product":{"product_price":220,"price_html":"From&nbsp;<del aria-hidden=\"true\"><span class=\"woocommerce-Price-amount amount\"><bdi>300,00&nbsp;<span class=\"woocommerce-Price-currencySymbol\">&euro;<\/span><\/bdi><\/span><\/del> <span class=\"screen-reader-text\">Az eredeti \u00e1r: 300,00&nbsp;&euro;.<\/span><ins aria-hidden=\"true\"><span class=\"woocommerce-Price-amount amount\"><bdi>220,00&nbsp;<span class=\"woocommerce-Price-currencySymbol\">&euro;<\/span><\/bdi><\/span><\/ins><span class=\"screen-reader-text\">A jelenlegi \u00e1r: 220,00&nbsp;&euro;.<\/span>","original_product_price":300,"price_including_tax":220,"price_excluding_tax":220,"product_id":{"parent":16530,"variation":false},"is_variable":false,"stock_status":"instock","stock_quantity":null,"parent_sku":"CV16530","product_attributes":[],"custom_fields":[],"is_taxable":false,"product_name":"Bubble Room Experience in Tenerife with Private Jacuzzi","hasImage":false},"fields":{"sec_9696bca7546921":{"extra":{"key":"sec_9696bca7546921","section_id":"sec_9696bca7546921","name":"Default","status":1,"cl_rule":"show","enableCl":false,"relations":[],"toggle":true,"title_tag":"h3","show_title":false,"showPrice":"default","form_id":16576,"form_rules":{"exclude_from_discount":true,"fee_label":"Fee","disp_hide_options_price":true,"disp_show_section_price":false,"disp_show_field_price":true,"layout_option":"standard","pric_use_as_fee":false,"process_fee_as":"woo_fee"},"layout_option":"standard"},"fields":[[{"active":true,"col":6,"relations":false,"cl_rule":"show","enableCl":false,"price":"","enablePrice":true,"className":"","label_position":"default","desc_position":"default","type":"select","required":false,"elementId":"select_2543581118","label":"Number of Nights","name":"select_2543581118","values":[{"label":"1 Night (220\u20ac)","value":"1 night","selected":false,"tempId":"aco_452","price":"220","gt_translate_keys":["label"]},{"label":"2 Nights (430\u20ac)","value":"2 nights","selected":false,"tempId":"aco_453","price":"430","gt_translate_keys":["label"]},{"label":"3 Night (610\u20ac)","value":"3 nights","selected":false,"tempId":"aco_454","price":"610","gt_translate_keys":["label"]},{"label":"4 Nights (800\u20ac)","value":"4 nights","selected":false,"tempId":"aco_797","price":"800","gt_translate_keys":["label"]}],"isWeightTemplate":false,"error":false,"isTemplate":false,"min_quantity":"1","quantity_decimal":false,"quantity_step":"1","quantity_label":"Quantity","repeater_field_label":"{field_label}","repeater_bind":"","dropdown_type":"basic","priceOptions":"different_for_all","pricingType":"fixed","enableDesign":false,"gt_translate_keys":["label","repeater_field_label","quantity_label"],"price_dependency":false,"cl_dependency":false,"value":""}],[{"active":true,"col":6,"relations":false,"cl_rule":"show","enableCl":false,"price":"","enablePrice":false,"className":"","label_position":"default","desc_position":"default","type":"separator","required":false,"elementId":"separator_7826151522","label":"Separator Field","height":"3","separatorType":"blank","error":false,"gt_translate_keys":["label"],"price_dependency":false,"cl_dependency":false,"value":""}],[{"active":true,"col":6,"relations":false,"cl_rule":"show","enableCl":false,"price":"","enablePrice":false,"className":"","label_position":"default","desc_position":"default","type":"content","required":false,"elementId":"content_2250022845","label":"","name":"content_2250022845","contentType":"rich","value":"<p>Offer an unforgettable experience in Tenerife with Bubble Rooms. A unique getaway featuring a private jacuzzi, a heated beach-style pool, spectacular views and a one-of-a-kind stay designed to relax and disconnect.<\/p>\n<p>Once the gift voucher is purchased, the recipient must contact the accommodation directly to select the preferred dates for the stay. The voucher is valid for 6 months from the date of purchase.<\/p>\n<p>The voucher is valid for the standard rate and cannot be used on special dates such as Valentine\u2019s Day, public holidays or other periods with different pricing. If the stay is booked on a date with a higher rate, the corresponding price difference must be paid.<\/p>","isTemplate":false,"error":false,"enableDesign":true,"DescSize":"14","gt_translate_keys":["label","value"],"price_dependency":false,"cl_dependency":false}]]}},"config":{"price_override":"if_gt_zero","enable_recaptcha":false,"bind_quantity":false,"quantity_bind_formula":false,"disp_summ_show_option_price":true,"disp_summ_show_product_price":true,"disp_summ_show_total_price":true,"disp_summ_show_fee":true,"disp_summ_show_discount":true,"summary_title":"","options_total_label":"Options Price","total_label":"Total","options_product_label":"Product Price","fee_label":"Fee","discount_label":"Discount","has_price":true,"has_quantity_formula":false},"mc_unit":1,"tax_rate":1,"tax_rate_real":1,"discount":{"percentage":0,"fixed":0},"design":{"conf":{"LabelPosition":"above","DescPosition":"above","UploadField":"custom_1","QuantityFieldStyle":"custom_1"},"css":{"LeftLabelWidth":"120px"}},"formulas":[],"lookuptables":[],"clones":false,"cartKey":false}},"_links":{"self":[{"href":"https:\/\/canaryvip.com\/hu\/wp-json\/wp\/v2\/product\/16530","targetHints":{"allow":["GET"]}}],"collection":[{"href":"https:\/\/canaryvip.com\/hu\/wp-json\/wp\/v2\/product"}],"about":[{"href":"https:\/\/canaryvip.com\/hu\/wp-json\/wp\/v2\/types\/product"}],"replies":[{"embeddable":true,"href":"https:\/\/canaryvip.com\/hu\/wp-json\/wp\/v2\/comments?post=16530"}],"wp:featuredmedia":[{"embeddable":true,"href":"https:\/\/canaryvip.com\/hu\/wp-json\/wp\/v2\/media\/16584"}],"wp:attachment":[{"href":"https:\/\/canaryvip.com\/hu\/wp-json\/wp\/v2\/media?parent=16530"}],"wp:term":[{"taxonomy":"product_brand","embeddable":true,"href":"https:\/\/canaryvip.com\/hu\/wp-json\/wp\/v2\/product_brand?post=16530"},{"taxonomy":"product_cat","embeddable":true,"href":"https:\/\/canaryvip.com\/hu\/wp-json\/wp\/v2\/product_cat?post=16530"},{"taxonomy":"product_tag","embeddable":true,"href":"https:\/\/canaryvip.com\/hu\/wp-json\/wp\/v2\/product_tag?post=16530"}],"curies":[{"name":"wp","href":"https:\/\/api.w.org\/{rel}","templated":true}]}}