{"id":16199,"date":"2025-12-09T15:19:55","date_gmt":"2025-12-09T15:19:55","guid":{"rendered":"https:\/\/canaryvip.com\/?post_type=product&#038;p=16199"},"modified":"2025-12-09T15:35:17","modified_gmt":"2025-12-09T15:35:17","slug":"fast-boat-tour-from-los-cristianos-to-los-gigantes","status":"publish","type":"product","link":"https:\/\/canaryvip.com\/hu\/shop\/fast-boat-tour-from-los-cristianos-to-los-gigantes\/","title":{"rendered":"Gyors haj\u00f3kir\u00e1ndul\u00e1s Los Cristianosb\u00f3l Los Gigantesbe"},"content":{"rendered":"<h3>\ud83d\udea4 \u00c9lvezze az egyed\u00fcl\u00e1ll\u00f3 gyorshaj\u00f3 t\u00far\u00e1t Los Cristianosb\u00f3l Los Gigantesbe!<\/h3>\n<p>Csatlakozzon az CanaryVIP-hez egy izgalmas kalandra Tenerife d\u00e9lnyugati partj\u00e1n, egy modern, 32 f\u00e9r\u0151helyes gyorshaj\u00f3n. Ez az exkluz\u00edv <strong>haj\u00f3kir\u00e1ndul\u00e1s Los Gigantes-ba<\/strong> az egyetlen, amely k\u00f6zvetlen\u00fcl indul a <strong>Los Cristianos kik\u00f6t\u0151je<\/strong>, amely izgalmat, k\u00e9nyelmet \u00e9s l\u00e9legzetel\u00e1ll\u00edt\u00f3 t\u00e1jakat \u00f6tv\u00f6z egy 3 \u00f3r\u00e1s utaz\u00e1sban, amelyet soha nem fogsz elfelejteni.<\/p>\n<p>Ahogy a part ment\u00e9n haladunk, vulk\u00e1ni t\u00e1jak \u00e9s t\u00fcrkizk\u00e9k vizek veszik k\u00f6r\u00fcl, \u00e9s a toronymagas <strong>Los Gigantes szikl\u00e1i<\/strong> amelyek az Atlanti-\u00f3ce\u00e1nt\u00f3l t\u00f6bb mint 600 m\u00e9terrel emelkednek.<\/p>\n<h3>\ud83c\udf0a Az \u00e9lm\u00e9ny legfontosabb pillanatai<\/h3>\n<ul>\n<li><strong>Gyors \u00e9s k\u00e9nyelmes haj\u00f3<\/strong>: Er\u0151teljes motorcs\u00f3nak, amelyet a sima navig\u00e1ci\u00f3 \u00e9s a k\u00e9nyelem \u00e9rdek\u00e9ben terveztek, \u00e9s amely ak\u00e1r 32 utas befogad\u00e1s\u00e1ra alkalmas.<\/li>\n<li><strong>Leny\u0171g\u00f6z\u0151 kil\u00e1t\u00e1s<\/strong>: \u00c9lvezze Tenerife vad partvid\u00e9k\u00e9nek \u00e9s a fens\u00e9ges Los Gigantes szikl\u00e1knak a panor\u00e1m\u00e1s kil\u00e1t\u00e1s\u00e1t.<\/li>\n<li><strong>\u00dasz\u00e1s a Masca-\u00f6b\u00f6lben<\/strong>: Friss\u00edt\u0151 f\u00fcrd\u0151z\u00e9s a krist\u00e1lytiszta viz\u0171, elb\u0171v\u00f6l\u0151, rejtett \u00f6b\u00f6lben.<\/li>\n<li><strong>K\u00f6nny\u0171 \u00e9tkez\u00e9s benne van az \u00e1rban<\/strong>: A fed\u00e9lzeten szendvicseket \u00e9s palackozott vizet szolg\u00e1lnak fel, hogy utaz\u00e1sa m\u00e9g kellemesebb legyen.<\/li>\n<li><strong>Helyi \u00fatmutat\u00f3<\/strong>: Bar\u00e1ts\u00e1gos, k\u00e9tnyelv\u0171 idegenvezet\u0151nk seg\u00edts\u00e9g\u00e9vel ismerje meg Tenerife d\u00e9li partj\u00e1nak t\u00f6rt\u00e9neteit \u00e9s \u00e9rdekess\u00e9geit.<\/li>\n<\/ul>\n<h3>\ud83d\udee5\ufe0f A gyorshaj\u00f3 Los Gigantes fel\u00e9<\/h3>\n<ul>\n<li><strong>Id\u0151tartam<\/strong>: K\u00f6r\u00fclbel\u00fcl 3 \u00f3ra (oda-vissza).<\/li>\n<li><strong>\u00dctemterv<\/strong>: Indul\u00e1s minden h\u00e9tf\u0151n, szerd\u00e1n, p\u00e9nteken, szombaton \u00e9s vas\u00e1rnap 10:00 \u00f3rakor.<\/li>\n<li><strong>Indul\u00e1si pont<\/strong>: <a href=\"https:\/\/www.google.com\/maps\/place\/Puerto+de+Los+Cristianos\/\" target=\"_blank\" rel=\"noopener\">Los Cristianos kik\u00f6t\u0151je<\/a>. K\u00e9rj\u00fck, \u00e9rkezzen 15 perccel az indul\u00e1s el\u0151tt.<\/li>\n<\/ul>\n<h3>\ud83d\udc2c Masca-\u00f6b\u00f6l haj\u00f3kir\u00e1ndul\u00e1s: egy rejtett paradicsom<\/h3>\n<p>Ennek r\u00e9szek\u00e9nt <strong>Masca-\u00f6b\u00f6l haj\u00f3kir\u00e1ndul\u00e1s<\/strong>, Tenerife egyik legszebb \u00f6bl\u00e9ben horgonyozunk le. A szikl\u00e1kkal \u00e9s t\u00fcrkizk\u00e9k v\u00edzzel k\u00f6r\u00fclvett \u00f6b\u00f6l t\u00f6k\u00e9letes hely \u00fasz\u00e1sra, snorkelez\u00e9sre vagy egyszer\u0171en csak pihen\u00e9sre a fed\u00e9lzeten, mik\u00f6zben \u00e9lvezhetj\u00fck az Atlanti-\u00f3ce\u00e1n b\u00e9k\u00e9s hangulat\u00e1t.<\/p>\n<p>A b\u00fav\u00e1rfelszerel\u00e9s nem tartoz\u00e9k, de a fed\u00e9lzeten szem\u00e9lyenk\u00e9nt mind\u00f6ssze 15 eur\u00f3\u00e9rt b\u00e9relhet\u0151.<\/p>\n<h3>\ud83c\udf74 Mit tartalmaz a csomag?<\/h3>\n<ul>\n<li>3 \u00f3ra <strong>haj\u00f3kir\u00e1ndul\u00e1s Los Cristianosb\u00f3l Los Gigantesbe<\/strong>.<\/li>\n<li>K\u00e9nyelmes \u00fcl\u0151helyek ak\u00e1r 32 utas sz\u00e1m\u00e1ra.<\/li>\n<li>Szendvics \u00e9s palackozott v\u00edz (veget\u00e1ri\u00e1nus \u00e9telek k\u00e9r\u00e9sre rendelkez\u00e9sre \u00e1llnak).<\/li>\n<li>K\u00e9tnyelv\u0171 helyi idegenvezet\u0151 (spanyol \u00e9s angol).<\/li>\n<li>\u00c1lljon meg \u00faszni \u00e9s sznorkelezni a Masca-\u00f6b\u00f6lben.<\/li>\n<li>Utaz\u00e1si biztos\u00edt\u00e1s \u00e9s teljes biztons\u00e1gi felszerel\u00e9s a fed\u00e9lzeten.<\/li>\n<\/ul>\n<h3>\u274c Nem tartalmazza<\/h3>\n<ul>\n<li>Snorkeling felszerel\u00e9s b\u00e9rl\u00e9s (a haj\u00f3n el\u00e9rhet\u0151, 15 \u20ac \/ f\u0151 \u00e1ron).<\/li>\n<li>Extra italok vagy harapnival\u00f3k.<\/li>\n<li>Sz\u00e1llodai transzfer (opcion\u00e1lis transzfer fel\u00e1r ellen\u00e9ben ig\u00e9nyelhet\u0151).<\/li>\n<li>T\u00f6r\u00f6lk\u00f6z\u0151k \u00e9s szem\u00e9lyes t\u00e1rgyak.<\/li>\n<\/ul>\n<h3>\ud83d\udcf8 Hasznos inform\u00e1ci\u00f3k<\/h3>\n<ul>\n<li><strong>Kapacit\u00e1s<\/strong>: K\u00e9nyelmes \u00e9s szem\u00e9lyre szabott \u00e9lm\u00e9ny \u00e9rdek\u00e9ben 32 utasra korl\u00e1tozva.<\/li>\n<li><strong>Aj\u00e1nl\u00e1sok<\/strong>: Hozzon mag\u00e1val f\u00fcrd\u0151ruh\u00e1t, t\u00f6r\u00fclk\u00f6z\u0151t, napszem\u00fcveget, naptejet \u00e9s f\u00e9nyk\u00e9pez\u0151g\u00e9pet, hogy meg\u00f6r\u00f6k\u00edthesse a leny\u0171g\u00f6z\u0151 kil\u00e1t\u00e1st.<\/li>\n<li><strong>Korl\u00e1toz\u00e1sok<\/strong>: A fed\u00e9lzeten tilos a doh\u00e1nyz\u00e1s. A 18 \u00e9v alatti gyermekeket feln\u0151ttnek kell k\u00eds\u00e9rnie.<\/li>\n<\/ul>\n<h3>\ud83d\udcbc Foglaljon k\u00f6nnyed\u00e9n az CanaryVIP seg\u00edts\u00e9g\u00e9vel<\/h3>\n<ul>\n<li><strong>Egyszer\u0171 foglal\u00e1s<\/strong>: Foglalja le hely\u00e9t online, \u00e9s biztos\u00edtsa hely\u00e9t azonnal.<\/li>\n<li><strong>Nagy kereslet<\/strong>: Ez <strong>gyors haj\u00f3 Los Gigantesbe<\/strong> gyorsan megtelik, ez\u00e9rt javasoljuk, hogy el\u0151re foglaljon.<\/li>\n<li><strong>Rugalmas fizet\u00e9si lehet\u0151s\u00e9gek<\/strong>: K\u00e9nyelme \u00e9rdek\u00e9ben t\u00f6bbf\u00e9le biztons\u00e1gos fizet\u00e9si m\u00f3d \u00e1ll rendelkez\u00e9sre.<\/li>\n<\/ul>\n<h3>\ud83d\udd52 Lemond\u00e1si felt\u00e9telek<\/h3>\n<p>Tudjuk, hogy a tervek v\u00e1ltozhatnak, ez\u00e9rt rugalmas lemond\u00e1si felt\u00e9teleket k\u00edn\u00e1lunk erre a tenerifei haj\u00f3kir\u00e1ndul\u00e1sra.<\/p>\n<ul>\n<li><strong>Ingyenes lemond\u00e1s indul\u00e1s el\u0151tt 48 \u00f3r\u00e1val<\/strong>: Ha legal\u00e1bb 48 \u00f3r\u00e1val a t\u00fara kezdete el\u0151tt lemondja a r\u00e9szv\u00e9telt, teljes visszat\u00e9r\u00edt\u00e9st kap.<\/li>\n<li><strong>Kevesebb mint 48 \u00f3r\u00e1val az indul\u00e1s el\u0151tt<\/strong>: Sajnos, az utols\u00f3 pillanatban t\u00f6rt\u00e9n\u0151 lemond\u00e1sok eset\u00e9n nem \u00e1ll m\u00f3dunkban visszat\u00e9r\u00edt\u00e9st ny\u00fajtani.<\/li>\n<li><strong>Vis maior<\/strong>: Ritka esetekben, rossz id\u0151j\u00e1r\u00e1s, viharos tenger vagy \u00fczemeltet\u00e9si probl\u00e9m\u00e1k eset\u00e9n \u00faj id\u0151pontot vagy teljes visszat\u00e9r\u00edt\u00e9st k\u00edn\u00e1lunk \u00d6nnek.<\/li>\n<\/ul>\n<h3>\ud83c\udf34 Mi\u00e9rt \u00e9rdemes a CanaryVIP-n\u00e9l foglalni?<\/h3>\n<p>A CanaryVIP-n\u00e9l kiz\u00e1r\u00f3lag megb\u00edzhat\u00f3 \u00e9s tan\u00fas\u00edtott szolg\u00e1ltat\u00f3kkal dolgozunk egy\u00fctt, hogy minden <strong>haj\u00f3kir\u00e1ndul\u00e1s Tenerif\u00e9n<\/strong> megfelel min\u0151s\u00e9gi k\u00f6vetelm\u00e9nyeinknek. Seg\u00edt\u00fcnk \u00d6nnek kiv\u00e1lasztani a legjobb \u00e9lm\u00e9nyt tart\u00f3zkod\u00e1sa sor\u00e1n, \u00e9s t\u00e1mogatjuk \u00d6nt a foglal\u00e1s el\u0151tt, alatt \u00e9s ut\u00e1n is.<\/p>\n<p>Ak\u00e1r kalandot, l\u00e9legzetel\u00e1ll\u00edt\u00f3 t\u00e1jakat, vagy egyszer\u0171en csak egy pihentet\u0151 reggelt a tengeren keresel, ez a <strong>haj\u00f3kir\u00e1ndul\u00e1s Los Gigantes-ba<\/strong> az egyik legeml\u00e9kezetesebb m\u00f3dja Tenerife d\u00e9li partj\u00e1nak felfedez\u00e9s\u00e9re.<\/p>\n<p>Foglalja le hely\u00e9t m\u00e9g ma, \u00e9s \u00e9lvezze a felejthetetlen napot az \u00f3ce\u00e1non!<\/p>","protected":false},"excerpt":{"rendered":"<p><strong>\ud83d\udd0d FastBoat t\u00fara:<br \/>\n<\/strong>\ud83d\udea4 Gyorshaj\u00f3 Los Gigantesbe.<br \/>\n<span>\u2705 Biztons\u00e1gos fizet\u00e9s.<\/span><br \/>\n<span>\ud83d\udc65 K\u00f6z\u00f6s t\u00far\u00e1k.<\/span><br \/>\n<span>\ud83d\udd10 Priv\u00e1t t\u00far\u00e1k.<\/span><br \/>\n<span>\ud83d\udc0b B\u00e1lna- \u00e9s delfin\u00e9szlel\u00e9s.<\/span><br \/>\n<span>\ud83d\ude80 3 \u00f3r\u00e1s t\u00far\u00e1k.<\/span><br \/>\n<span>\ud83d\udd59 Naponta 10:00-kor.<\/span><br \/>\n<span>\ud83e\uddc3 Szendvics \u00e9s v\u00edz benne van az \u00e1rban.<br \/>\n<\/span>\ud83d\udd75\ud83c\udffc\u200d\u2642\ufe0f Helyi szak\u00e9rt\u0151 idegenvezet\u0151.<br \/>\n<span>\ud83d\udc65 Legfeljebb 32 f\u0151.<\/span><br \/>\n<span>\ud83e\udd3f B\u00fav\u00e1rfelszerel\u00e9s k\u00f6lcs\u00f6nz\u00e9s.<\/span><br \/>\n<span>\ud83e\udd11 Garant\u00e1ltan legjobb \u00e1r.<\/span><br \/>\n<span>\ud83d\udc6a Kedvezm\u00e9nyek aktiv\u00e1lva.<\/span><br \/>\n<span>\ud83d\udd01 48 \u00f3r\u00e1ig Lemond\u00e1s.<\/span><br \/>\n<span>\ud83c\udf0d T\u00f6bbnyelv\u0171 \u00fatmutat\u00f3k.<\/span><br \/>\n<span>\ud83c\udf1f Foglaljon most \u00e9s sp\u00f3roljon!<\/span><br \/>\n<span>\ud83d\udccd Indul\u00e1s a <a href=\"https:\/\/maps.app.goo.gl\/h1kp26zsNCk2tWjZA\">Los Cristianos<\/a>.<\/span><\/p>","protected":false},"featured_media":16353,"comment_status":"open","ping_status":"closed","template":"","meta":{"_acf_changed":false},"product_brand":[],"product_cat":[46],"product_tag":[],"class_list":{"0":"post-16199","1":"product","2":"type-product","3":"status-publish","4":"has-post-thumbnail","6":"product_cat-boat-excursions","7":"wcpa_has_options","9":"first","10":"instock","11":"virtual","12":"purchasable","13":"product-type-simple"},"acf":[],"wcpa_form_fields":{"wcpaData":{"product":{"product_price":39,"price_html":"From&nbsp;<span class=\"woocommerce-Price-amount amount\"><bdi>39,00&nbsp;<span class=\"woocommerce-Price-currencySymbol\">&euro;<\/span><\/bdi><\/span>","original_product_price":39,"price_including_tax":39,"price_excluding_tax":39,"product_id":{"parent":16199,"variation":false},"is_variable":false,"stock_status":"instock","stock_quantity":null,"parent_sku":"CV16199","product_attributes":[],"custom_fields":[],"is_taxable":false,"product_name":"Fast Boat Tour from Los Cristianos to Los Gigantes","hasImage":false},"fields":{"sec_36938408c284bc":{"extra":{"key":"sec_36938408c284bc","section_id":"sec_36938408c284bc","name":"3H Shared Trip","status":1,"cl_rule":"show","enableCl":false,"relations":[{"operator":false,"rules":[{"operator":"AND","rules":{"cl_field":"radio-group_26938408c284ba","cl_relation":"is","cl_val":"3 Hour Trip"}}]}],"toggle":true,"title_tag":"h4","show_title":false,"showPrice":"default","repeater_section_field_label":"{field_label}","repeater_section_label":"{section_name}","repeater_bind":"","form_id":16357,"form_rules":{"exclude_from_discount":true,"fee_label":"Fee","disp_hide_options_price":true,"disp_show_section_price":false,"disp_show_field_price":true,"layout_option":"standard","pric_use_as_fee":false,"process_fee_as":"woo_fee"},"layout_option":"standard"},"fields":[[{"active":true,"col":6,"relations":false,"cl_rule":"show","enableCl":false,"price":"","enablePrice":false,"className":"","label_position":"default","desc_position":"default","type":"content","required":false,"elementId":"content_4254462101","label":"3 Hour Shared Tour","name":"content_4254462101","contentType":"rich","value":"<p>Whale and dolphin sightings. Includes a sandwich and water. Daily at 10:00.<\/p>","isTemplate":false,"error":false,"gt_translate_keys":["label","value"],"price_dependency":false,"cl_dependency":false}],[{"label":"\ud83d\udcc5 Date","active":true,"required":true,"elementId":"date_66938408c284ca","picker_type":"custom","picker_mode":"single","placeholder":"","description":"","tooltip":"","name":"date_66938408c284ca","label_position":"default","desc_position":"default","enablePrice":false,"className":"","enableCl":false,"relations":[{"operator":"and","rules":[{"operator":"AND","rules":{"cl_field":"radio-group_26938408c284ba","cl_relation":"is","cl_val":"3 Hour Trip"}}]}],"enableDesign":false,"LabelColor":"","date_pic_inline":true,"date_pic_inline_hide":true,"min_date":{"type":"days","val":"1"},"max_date":{"type":"days","val":"365"},"date_pic_conf":{"disabledWeeks":[],"disabledDates":[]},"price":"","cl_rule":"show","col":6,"type":"date","error":false,"date_conf_custom":{},"isWeightTemplate":false,"isTemplate":false,"min_quantity":"1","quantity_decimal":false,"quantity_step":"1","quantity_label":"Quantity","repeater_field_label":"{field_label}","repeater_bind":"","gt_translate_keys":["label","placeholder","description","tooltip","repeater_field_label","quantity_label"],"price_dependency":false,"cl_dependency":false,"value":""}],[{"label":"\u23f0 Departure","active":true,"required":true,"elementId":"select_16938408c284d6","dropdown_type":"basic","name":"select_16938408c284d6","label_position":"default","desc_position":"default","enablePrice":false,"className":"","enableCl":false,"relations":[{"operator":false,"rules":[{"operator":"AND","rules":{"cl_field":"date_66938408c284ca","cl_relation":"week_day_is","cl_val":[1]}}]}],"values":[{"label":"10:00","value":"10:00","selected":true,"tempId":"aco_2695","options_cl":false,"relations":[{"operator":false,"rules":[{"operator":"AND","rules":{"cl_field":"date_66938408c284ca","cl_relation":"week_day_is","cl_val":[5]}}]}],"cl_rule":"show","gt_translate_keys":["label"]}],"price":"","cl_rule":"show","col":6,"type":"select","error":false,"placeholder":"","isWeightTemplate":false,"isTemplate":false,"min_quantity":"1","quantity_decimal":false,"quantity_step":"1","quantity_label":"Quantity","repeater_field_label":"{field_label}","repeater_bind":"","gt_translate_keys":["label","placeholder","repeater_field_label","quantity_label"],"price_dependency":false,"cl_dependency":false,"value":""}],[{"active":true,"col":6,"relations":false,"cl_rule":"show","enableCl":false,"price":"","enablePrice":false,"className":"","label_position":"default","desc_position":"default","type":"content","required":false,"elementId":"content_26938408c284f4","label":"People","name":"content_26938408c284f4","contentType":"plain","value":"","error":false,"show_in_checkout":true,"inline":false,"isTemplate":false,"gt_translate_keys":["label","value"],"price_dependency":false,"cl_dependency":false}],[{"active":true,"col":6,"relations":[{"operator":false,"rules":[{"operator":"AND","rules":{"cl_field":"","cl_relation":"","cl_val":""}}]}],"cl_rule":"show","enableCl":false,"price":"39","enablePrice":true,"className":"","label_position":"default","desc_position":"default","type":"radio-group","required":false,"elementId":"radio-group_66938408c28500","label":"","name":"radio-group_66938408c28500","values":[{"label":"\ud83d\udc64 Adult (39\u20ac)","value":"Adult","selected":true,"tempId":"aco_32","tooltip":"+12 Years","description":"","gt_translate_keys":["label","tooltip","description"]}],"layOut":"","error":false,"checkUi":"button","priceOptions":"fixed_for_all","pricingType":"fixed","enable_quantity":true,"quantity_label":"","min_quantity":"0","options_tooltip":true,"options_description":true,"is_show_price":false,"isWeightTemplate":false,"isTemplate":false,"quantity_decimal":false,"quantity_step":"1","repeater_field_label":"{field_label}","repeater_bind":"","gt_translate_keys":["label","repeater_field_label","quantity_label"],"price_dependency":false,"cl_dependency":false,"value":""}],[{"label":"","active":true,"required":false,"elementId":"radio-group_96938408c2850b","name":"radio-group_96938408c2850b","label_position":"default","desc_position":"default","enablePrice":true,"className":"","enableCl":false,"relations":false,"enable_quantity":true,"quantity_label":"","min_quantity":"0","checkUi":"button","layOut":"","values":[{"label":"\ud83d\udc66 Child (21\u20ac)","value":"Child","selected":true,"tempId":"aco_32","tooltip":"3-11 Years","description":"","gt_translate_keys":["label","tooltip","description"]}],"priceOptions":"fixed_for_all","pricingType":"fixed","price":"21","cl_rule":"show","col":6,"type":"radio-group","error":false,"options_tooltip":true,"options_description":true,"is_show_price":false,"isWeightTemplate":false,"isTemplate":false,"quantity_decimal":false,"quantity_step":"1","repeater_field_label":"{field_label}","repeater_bind":"","gt_translate_keys":["label","repeater_field_label","quantity_label"],"price_dependency":false,"cl_dependency":false,"value":""}]]}},"config":{"price_override":"always","enable_recaptcha":false,"bind_quantity":false,"quantity_bind_formula":false,"disp_summ_show_option_price":true,"disp_summ_show_product_price":false,"disp_summ_show_total_price":true,"disp_summ_show_fee":true,"disp_summ_show_discount":true,"summary_title":"","options_total_label":"Options Price","total_label":"Total Amount Now","options_product_label":"Product Price","fee_label":"Fee","discount_label":"Discount","has_price":true,"has_quantity_formula":false},"mc_unit":1,"tax_rate":1,"tax_rate_real":1,"discount":{"percentage":0,"fixed":0},"design":{"conf":{"LabelPosition":"above","DescPosition":"above","UploadField":"custom_1","QuantityFieldStyle":"custom_1"},"css":{"LeftLabelWidth":"120px"}},"formulas":{"fmla_1708364241278155361":"(({field.select_16938408c2853d.value}>=8)?(335.50):(({field.select_16938408c2853d.value}>=6)?(269):(({field.select_16938408c2853d.value}>=5)?(252.50):(({field.select_16938408c2853d.value}>=4)?(282.50):(({field.select_16938408c2853d.value}>=3)?(193.50):(0))))))","fmla_1741607919311571987":"(({field.select_16938408c2853d.value}>=8)?(1334.50):(({field.select_16938408c2853d.value}>=6)?(1071):(({field.select_16938408c2853d.value}>=5)?(977.50):(({field.select_16938408c2853d.value}>=4)?(807.50):(({field.select_16938408c2853d.value}>=3)?(756.50):(0))))))"},"lookuptables":[],"clones":false,"cartKey":false}},"_links":{"self":[{"href":"https:\/\/canaryvip.com\/hu\/wp-json\/wp\/v2\/product\/16199","targetHints":{"allow":["GET"]}}],"collection":[{"href":"https:\/\/canaryvip.com\/hu\/wp-json\/wp\/v2\/product"}],"about":[{"href":"https:\/\/canaryvip.com\/hu\/wp-json\/wp\/v2\/types\/product"}],"replies":[{"embeddable":true,"href":"https:\/\/canaryvip.com\/hu\/wp-json\/wp\/v2\/comments?post=16199"}],"wp:featuredmedia":[{"embeddable":true,"href":"https:\/\/canaryvip.com\/hu\/wp-json\/wp\/v2\/media\/16353"}],"wp:attachment":[{"href":"https:\/\/canaryvip.com\/hu\/wp-json\/wp\/v2\/media?parent=16199"}],"wp:term":[{"taxonomy":"product_brand","embeddable":true,"href":"https:\/\/canaryvip.com\/hu\/wp-json\/wp\/v2\/product_brand?post=16199"},{"taxonomy":"product_cat","embeddable":true,"href":"https:\/\/canaryvip.com\/hu\/wp-json\/wp\/v2\/product_cat?post=16199"},{"taxonomy":"product_tag","embeddable":true,"href":"https:\/\/canaryvip.com\/hu\/wp-json\/wp\/v2\/product_tag?post=16199"}],"curies":[{"name":"wp","href":"https:\/\/api.w.org\/{rel}","templated":true}]}}