{"id":15724,"date":"2025-08-24T11:35:32","date_gmt":"2025-08-24T10:35:32","guid":{"rendered":"https:\/\/canaryvip.com\/?post_type=product&#038;p=15724"},"modified":"2025-09-06T09:56:39","modified_gmt":"2025-09-06T08:56:39","slug":"neptuno-yacht-charter-tenerife","status":"publish","type":"product","link":"https:\/\/canaryvip.com\/hu\/shop\/neptuno-yacht-charter-tenerife\/","title":{"rendered":"Neptuno Yacht Charter Tenerife"},"content":{"rendered":"<h2>\ud83d\udee5\ufe0f Neptuno Yacht Charter Tenerife<\/h2>\n<p>A  c\u00edmen. <strong>CanaryVIP<\/strong> lehet\u0151s\u00e9get k\u00edn\u00e1lunk \u00d6nnek egy exkluz\u00edv kalandra a <strong>Neptuno Yacht,<\/strong> egyike azon kev\u00e9s mag\u00e1njachtoknak Tenerif\u00e9n, amelyeknek enged\u00e9lye van a <strong>b\u00e1lna- \u00e9s delfinmegfigyel\u00e9s.<\/strong> A kapacit\u00e1s ak\u00e1r <strong>22 utas,<\/strong> ez a jacht ritka lehet\u0151s\u00e9g Tenerif\u00e9n, ahol a legt\u00f6bb mag\u00e1nhaj\u00f3 12 f\u0151re korl\u00e1toz\u00f3dik. T\u00f6k\u00e9letes v\u00e1laszt\u00e1s nagyobb csoportok sz\u00e1m\u00e1ra, akik szeretn\u00e9nek egy felejthetetlen napot t\u00f6lteni a tengeren.<\/p>\n<p>A jacht jellemz\u0151i <strong>k\u00e9t nyitott fed\u00e9lzet,<\/strong> egy kis bels\u0151 t\u00e1rsalg\u00f3 \u00e9s egy mell\u00e9khelyis\u00e9g az \u00d6n k\u00e9nyelm\u00e9t szolg\u00e1lja. Az eredetileg 1973-ban \u00e9p\u00fclt \u00e9s 2018-ban teljesen fel\u00faj\u00edtott Neptuno az id\u0151tlen diz\u00e1jnt modern friss\u00edt\u00e9sekkel \u00f6tv\u00f6zi az egyedi \u00e9s nyugodt l\u00e9gk\u00f6rt.<\/p>\n<h3>\ud83c\udf0a Priv\u00e1t charterek 3 \u00e9s 8 \u00f3ra k\u00f6z\u00f6tt<\/h3>\n<p>V\u00e1lassza ki a mag\u00e1nb\u00e9rlet hossz\u00e1t a terveinek megfelel\u0151en:<\/p>\n<ul>\n<li><strong>3 \u00f3ra:<\/strong> R\u00f6vid, de teljes \u00e9lm\u00e9ny b\u00e1lna- \u00e9s delfinmegfigyel\u00e9ssel, \u00fasz\u00e1ssal \u00e9s b\u00fav\u00e1rkod\u00e1ssal gy\u00f6ny\u00f6r\u0171 \u00f6bl\u00f6kben.<\/li>\n<li><strong>4-5 \u00f3ra:<\/strong> T\u00f6bb id\u0151 a pihen\u00e9sre, napoz\u00e1sra \u00e9s a d\u00e9li partvid\u00e9k felfedez\u00e9s\u00e9re, mik\u00f6zben a vadon \u00e9l\u0151 \u00e1llatok megfigyel\u00e9s\u00e9re is lehet\u0151s\u00e9g ny\u00edlik.<\/li>\n<li><strong>6-7 \u00f3ra:<\/strong> Eg\u00e9sz napos kaland hosszabb meg\u00e1ll\u00f3kkal, t\u00f6k\u00e9letes a k\u00fcl\u00f6nleges alkalmak meg\u00fcnnepl\u00e9s\u00e9re a csal\u00e1ddal vagy bar\u00e1tokkal.<\/li>\n<li><strong>8 \u00f3ra:<\/strong> A v\u00e9gs\u0151 priv\u00e1t jacht Tenerife charter, amely eg\u00e9sz napos \u00e9lm\u00e9nyt ny\u00fajt a rejtett \u00f6bl\u00f6k felfedez\u00e9s\u00e9hez \u00e9s az \u00f3ce\u00e1n saj\u00e1t temp\u00f3j\u00e1ban t\u00f6rt\u00e9n\u0151 \u00e9lvez\u00e9s\u00e9hez.<\/li>\n<\/ul>\n<h3>\ud83d\udc2c B\u00e1lna- \u00e9s delfinmegfigyel\u00e9s<\/h3>\n<p>A Neptuno Yacht egyik f\u00e9nypontja a hivatalos enged\u00e9lye a b\u00e1lna- \u00e9s delfinmegfigyel\u00e9sre. Indul\u00e1s a <strong>Puerto de Los Cristianos<\/strong> (kir\u00e1ndul\u00f3m\u00f3l\u00f3, B z\u00f3na), a jacht olyan ter\u00fcletekre viszi \u00d6nt, ahol eg\u00e9sz \u00e9vben rezidens k\u00eds\u00e9rleti b\u00e1ln\u00e1k \u00e9s palackorr\u00fa delfinek \u00e9lnek. Tenerife vil\u00e1gszerte az egyik legjobb \u00fati c\u00e9lnak sz\u00e1m\u00edt erre a tev\u00e9kenys\u00e9gre, \u00e9s ha ezt egy mag\u00e1njachton tapasztalja meg, az m\u00e9g k\u00fcl\u00f6nlegesebb\u00e9 teszi.<\/p>\n<h3>\ud83c\udf7d\ufe0f \u00c9lelmiszerek \u00e9s italok a fed\u00e9lzeten<\/h3>\n<p>\u00c9lvezze a frissen k\u00e9sz\u00edtett \u00e9teleket, gy\u00fcm\u00f6lcs\u00f6ket \u00e9s italv\u00e1laszt\u00e9kot, bele\u00e9rtve a vizet, \u00fcd\u00edt\u0151ket, s\u00f6rt, bort \u00e9s kav\u00e1t.<\/p>\n<p>A haj\u00f3\u00fat sor\u00e1n v\u00e9gig rendelkez\u00e9sre \u00e1llnak friss\u00edt\u0151k, \u00edgy mindenki k\u00e9nyelmesen \u00e9rezheti mag\u00e1t a haj\u00f3\u00fat alatt.<\/p>\n<h3>\ud83c\udfa3 Tev\u00e9kenys\u00e9gek \u00e9s extr\u00e1k<\/h3>\n<ul>\n<li>Az \u00fasz\u00e1smeg\u00e1ll\u00f3khoz snorkeling felszerel\u00e9s biztos\u00edtott.<\/li>\n<li>K\u00e9r\u00e9sre szabadid\u0151s horg\u00e1szbotok \u00e1llnak rendelkez\u00e9sre.<\/li>\n<li>Rengeteg fed\u00e9lzeti hely a napoz\u00e1shoz, pihen\u00e9shez \u00e9s \u00fcnnepl\u00e9shez a fed\u00e9lzeten.<\/li>\n<\/ul>\n<h3>\ud83d\udccd Neptuno Yacht R\u00e9szletek<\/h3>\n<ul>\n<li><strong>Hossz\u00fas\u00e1g:<\/strong> 13 m\u00e9ter<\/li>\n<li><strong>Maxim\u00e1lis kapacit\u00e1s:<\/strong> 22 utas<\/li>\n<\/ul>\n<h3>\ud83d\udcbc Mit hozzon mag\u00e1val<\/h3>\n<ul>\n<li>Naptej, napszem\u00fcveg, t\u00f6r\u00f6lk\u00f6z\u0151, \u00e9s f\u00e9nyk\u00e9pez\u0151g\u00e9p a vadvil\u00e1g \u00e9s a kil\u00e1t\u00e1s meg\u00f6r\u00f6k\u00edt\u00e9s\u00e9hez.<\/li>\n<li>A h\u0171v\u00f6sebb h\u00f3napokban k\u00f6nny\u0171 kab\u00e1t aj\u00e1nlott.<\/li>\n<\/ul>\n<h3>\ud83d\udccb Lemond\u00e1si felt\u00e9telek<\/h3>\n<p>Meg\u00e9rtj\u00fck, hogy a tervek v\u00e1ltozhatnak. Itt vannak a Neptuno Yacht lemond\u00e1si felt\u00e9telei:<\/p>\n<ul>\n<li><strong>Mag\u00e1n charterek:<\/strong> Az indul\u00e1s el\u0151tt t\u00f6bb mint 7 nappal t\u00f6rt\u00e9n\u0151 lemond\u00e1s eset\u00e9n teljes visszat\u00e9r\u00edt\u00e9s j\u00e1r. 7 napon bel\u00fcli lemond\u00e1s vagy meg nem jelen\u00e9s eset\u00e9n nincs visszat\u00e9r\u00edt\u00e9s.<\/li>\n<li><strong>Rossz id\u0151j\u00e1r\u00e1s:<\/strong> Ha a kapit\u00e1ny \u00fagy \u00edt\u00e9li meg, hogy a k\u00f6r\u00fclm\u00e9nyek nem biztons\u00e1gosak, akkor felaj\u00e1nljuk, hogy \u00e1t\u00fctemezz\u00fck a programot, vagy teljes visszat\u00e9r\u00edt\u00e9st kap.<\/li>\n<li><strong>Korai visszat\u00e9r\u00e9sek:<\/strong> A vend\u00e9g k\u00e9r\u00e9s\u00e9re (pl. tengeribetegs\u00e9g miatt) ler\u00f6vid\u00edtett utak nem t\u00e9r\u00edthet\u0151k vissza.<\/li>\n<\/ul>\n<h3>\ud83c\udf89 Mi\u00e9rt foglaljon Neptuno Yachtot az CanaryVIP-n\u00e9l?<\/h3>\n<ul>\n<li><strong>B\u00e1lna- \u00e9s delfinmegfigyel\u00e9si enged\u00e9ly:<\/strong> Tenerife azon kev\u00e9s mag\u00e1njachtjainak egyike, amelyeknek megengedik, hogy megk\u00f6zel\u00edts\u00e9k ezeket a csod\u00e1latos \u00e1llatokat.<\/li>\n<li><strong>Hely nagy csoportok sz\u00e1m\u00e1ra:<\/strong> Enged\u00e9lyezve legfeljebb 22 vend\u00e9g befogad\u00e1s\u00e1ra, t\u00f6k\u00e9letes sz\u00fclet\u00e9snapokra, v\u00e1llalati rendezv\u00e9nyekre vagy csal\u00e1di \u00f6sszej\u00f6vetelekre.<\/li>\n<li><strong>Kiv\u00e1l\u00f3 \u00e9rt\u00e9k:<\/strong> K\u00e9nyelmes <a href=\"https:\/\/canaryvip.com\/hu\/tenerife\/yacht-tenerife\/\">jacht Tenerife<\/a> lehet\u0151s\u00e9g \u00e9tellel, itallal \u00e9s tapasztalt helyi leg\u00e9nys\u00e9ggel.<\/li>\n<\/ul>\n<h3>\ud83d\udccc V\u00e9gs\u0151 gondolatok<\/h3>\n<p>A <strong>Neptuno Yacht Charter Tenerife<\/strong> t\u00f6bb, mint egy egyszer\u0171 haj\u00f3b\u00e9rl\u00e9s. Ez az \u00d6n kapuja a b\u00e1lnafigyel\u00e9shez, a delfinekkel val\u00f3 tal\u00e1lkoz\u00e1shoz, az \u00fasz\u00e1shoz \u00e9s a bar\u00e1taival vagy csal\u00e1dj\u00e1val val\u00f3 kikapcsol\u00f3d\u00e1shoz teljes mag\u00e1nyban. A 3-t\u00f3l 8 \u00f3r\u00e1ig terjed\u0151 charterekkel, a rugalmas \u00e9tkeztet\u00e9ssel \u00e9s a 22 vend\u00e9g befogad\u00e1s\u00e1val ez az egyik legjobb m\u00f3dja annak, hogy <a href=\"https:\/\/canaryvip.com\/hu\/tenerife\/rent-a-boat-tenerife\/\">Haj\u00f3b\u00e9rl\u00e9s Tenerif\u00e9n<\/a> magabiztosan \u00e9s st\u00edlusosan.<\/p>\n<p>Foglaljon m\u00e9g ma a <strong>CanaryVIP<\/strong> \u00e9s \u00e9lvezze az Atlanti-\u00f3ce\u00e1non a mag\u00e1njachtok igaz\u00e1n egyed\u00fcl\u00e1ll\u00f3 \u00e9lm\u00e9ny\u00e9t.<\/p>","protected":false},"excerpt":{"rendered":"<p><strong>\ud83d\udd0d Neptuno Yacht Tenerife:<\/strong><br \/>\n\u2705 Biztons\u00e1gos fizet\u00e9s.<br \/>\n\ud83d\udd10 Priv\u00e1t t\u00far\u00e1k el\u00e9rhet\u0151ek<br \/>\n\ud83d\udc0b B\u00e1lna- \u00e9s delfin\u00e9szlel\u00e9s.<br \/>\n\ud83d\ude80 Napi t\u00far\u00e1k<br \/>\n\ud83c\udf05 Naplemente t\u00far\u00e1k.<br \/>\n\ud83e\uddc3 \u00c9telt \u00e9s italt tartalmaz.<br \/>\n\ud83d\udc65 Legfeljebb 22 f\u0151.<br \/>\n\ud83d\udebd WC a fed\u00e9lzeten.<br \/>\n\ud83e\udd3f Snorkel felszerel\u00e9s biztos\u00edtott.<br \/>\n\ud83e\udd11 Garant\u00e1ltan legjobb \u00e1r.<br \/>\n\ud83d\udc6a Kedvezm\u00e9nyek aktiv\u00e1lva.<br \/>\n\ud83d\udd01 Legfeljebb 5 napos lemond\u00e1s.<br \/>\n\ud83c\udf0d T\u00f6bbnyelv\u0171 \u00fatmutat\u00f3k.<br \/>\n\ud83c\udf1f Foglaljon most \u00e9s sp\u00f3roljon!<br \/>\n\ud83d\udccd Indul\u00e1s a <a href=\"https:\/\/maps.app.goo.gl\/HatmLZkFA7oLCfX57\">Los Cristianos<\/a>.<\/p>","protected":false},"featured_media":15725,"comment_status":"open","ping_status":"closed","template":"","meta":{"_acf_changed":false},"product_brand":[],"product_cat":[47],"product_tag":[],"class_list":{"0":"post-15724","1":"product","2":"type-product","3":"status-publish","4":"has-post-thumbnail","6":"product_cat-boat-hire-tenerife","7":"wcpa_has_options","9":"first","10":"instock","11":"sale","12":"virtual","13":"purchasable","14":"product-type-simple"},"acf":[],"wcpa_form_fields":{"wcpaData":{"product":{"product_price":765,"price_html":"From&nbsp;<del aria-hidden=\"true\"><span class=\"woocommerce-Price-amount amount\"><bdi>900,00&nbsp;<span class=\"woocommerce-Price-currencySymbol\">&euro;<\/span><\/bdi><\/span><\/del> <span class=\"screen-reader-text\">Az eredeti \u00e1r: 900,00&nbsp;&euro;.<\/span><ins aria-hidden=\"true\"><span class=\"woocommerce-Price-amount amount\"><bdi>765,00&nbsp;<span class=\"woocommerce-Price-currencySymbol\">&euro;<\/span><\/bdi><\/span><\/ins><span class=\"screen-reader-text\">A jelenlegi \u00e1r: 765,00&nbsp;&euro;.<\/span>","original_product_price":900,"price_including_tax":765,"price_excluding_tax":765,"product_id":{"parent":15724,"variation":false},"is_variable":false,"stock_status":"instock","stock_quantity":null,"parent_sku":"CV15724","product_attributes":[],"custom_fields":[],"is_taxable":false,"product_name":"Neptuno Yacht Charter Tenerife","hasImage":false},"fields":{"sec_068b85c6eaafb2":{"extra":{"key":"sec_068b85c6eaafb2","section_id":"sec_068b85c6eaafb2","name":"Private Charter","status":1,"cl_rule":"show","enableCl":false,"relations":[{"operator":false,"rules":[{"operator":"AND","rules":{"cl_field":"radio-group_768b85c6eaaf46","cl_relation":"is","cl_val":"Private Charter"}}]}],"toggle":true,"title_tag":"h4","show_title":false,"showPrice":"default","repeater_section_field_label":"{field_label}","repeater_section_label":"{section_name}","repeater_bind":"","form_id":15819,"form_rules":{"exclude_from_discount":true,"fee_label":"Fee","disp_hide_options_price":true,"disp_show_section_price":false,"disp_show_field_price":true,"layout_option":"standard","pric_use_as_fee":false,"process_fee_as":"woo_fee"},"layout_option":"standard"},"fields":[[{"label":"\ud83d\udcc5 Date","active":true,"required":true,"elementId":"date_368b85c6eaafbc","picker_type":"custom","picker_mode":"single","placeholder":"","description":"","tooltip":"","name":"date_368b85c6eaafbc","label_position":"default","desc_position":"default","enablePrice":false,"className":"","enableCl":false,"relations":[{"operator":"and","rules":[{"operator":"AND","rules":{"cl_field":"radio-group_367e16bf8dd4f5","cl_relation":"is","cl_val":"3 Hour Trip"}}]}],"enableDesign":false,"LabelColor":"","date_pic_inline":true,"date_pic_inline_hide":true,"min_date":{"type":"days","val":"2"},"max_date":{"type":"days","val":"365"},"date_pic_conf":{"disabledWeeks":[]},"price":"","cl_rule":"show","col":6,"type":"date","error":false,"isWeightTemplate":false,"isTemplate":false,"min_quantity":"1","quantity_decimal":false,"quantity_step":"1","quantity_label":"Quantity","repeater_field_label":"{field_label}","repeater_bind":"","gt_translate_keys":["label","placeholder","description","tooltip","repeater_field_label","quantity_label"],"price_dependency":false,"cl_dependency":false,"value":""}],[{"active":true,"col":6,"relations":false,"cl_rule":"show","enableCl":false,"price":"","enablePrice":true,"className":"","label_position":"default","desc_position":"default","type":"select","required":false,"elementId":"select_668b85c6eaafc6","label":"\u231b\ufe0f Charter Duration (From 765\u20ac)","name":"select_668b85c6eaafc6","values":[{"label":"3 Hours (From 765\u20ac)","value":"3","selected":false,"tempId":"aco_3241","price":"765","options_cl":false,"relations":[{"operator":false,"rules":[{"operator":"AND","rules":{"cl_field":"","cl_relation":"","cl_val":""}}]}],"cl_rule":"show","gt_translate_keys":["label"]},{"label":"4 Hours (From 985\u20ac)","value":"4","selected":false,"tempId":"aco_2149","price":"985","gt_translate_keys":["label"]},{"label":"5 Hours (From 1.225\u20ac)","value":"5","selected":false,"tempId":"aco_468","price":"1225","gt_translate_keys":["label"]},{"label":"6 Hours (From 1.465\u20ac)","value":"6","selected":false,"tempId":"aco_505","price":"1465","gt_translate_keys":["label"]},{"label":"7 Hours (From 1.700\u20ac)","value":"7","selected":false,"tempId":"aco_542","price":"1700","gt_translate_keys":["label"]},{"label":"8 Hours (From 1.960\u20ac)","value":"8","selected":false,"tempId":"aco_579","price":"1960","gt_translate_keys":["label"]}],"dropdown_type":"basic","error":false,"placeholder":"Select Duration Time","priceOptions":"different_for_all","pricingType":"fixed","is_show_price":false,"isWeightTemplate":false,"isTemplate":false,"min_quantity":"1","quantity_decimal":false,"quantity_step":"1","quantity_label":"Quantity","repeater_field_label":"{field_label}","repeater_bind":"","gt_translate_keys":["label","placeholder","repeater_field_label","quantity_label"],"price_dependency":false,"cl_dependency":false,"value":""}],[{"label":"\u23f0 Departure","active":true,"required":true,"elementId":"select_468b85c6eaafd0","dropdown_type":"basic","placeholder":"Select Departure Time","name":"select_468b85c6eaafd0","label_position":"default","desc_position":"default","enablePrice":true,"className":"","enableCl":false,"relations":[{"operator":false,"rules":[{"operator":"AND","rules":{"cl_field":"date_367e16bf8dd504","cl_relation":"week_day_is","cl_val":[1]}}]}],"values":[{"label":"9:30","value":"9:30","selected":false,"tempId":"aco_2695","price":"0","gt_translate_keys":["label"]},{"label":"12:30","value":"12:30","selected":false,"tempId":"aco_2329","price":"0","gt_translate_keys":["label"]},{"label":"15:30","value":"15:30","selected":false,"tempId":"aco_2457","price":"0","gt_translate_keys":["label"]},{"label":"17:00","value":"17:00","selected":false,"tempId":"aco_19","price":"100","gt_translate_keys":["label"]}],"price":"","cl_rule":"show","col":6,"type":"select","error":false,"priceOptions":"different_for_all","pricingType":"fixed","is_show_price":true,"isWeightTemplate":false,"isTemplate":false,"min_quantity":"1","quantity_decimal":false,"quantity_step":"1","quantity_label":"Quantity","repeater_field_label":"{field_label}","repeater_bind":"","gt_translate_keys":["label","placeholder","repeater_field_label","quantity_label"],"price_dependency":false,"cl_dependency":false,"value":""}],[{"active":true,"col":6,"relations":false,"cl_rule":"show","enableCl":false,"price":"","enablePrice":true,"className":"","label_position":"default","desc_position":"default","type":"select","required":false,"elementId":"select_3142719928","label":"\ud83d\udc65 Amount of People","name":"select_3142719928","values":[{"label":"1 Person","value":"1 Person","selected":false,"tempId":"aco_1169","options_cl":false,"relations":[{"operator":false,"rules":[{"operator":"AND","rules":{"cl_field":"","cl_relation":"","cl_val":""}}]}],"cl_rule":"show","gt_translate_keys":["label"]},{"label":"2 People","value":"2 People","selected":false,"tempId":"aco_1170","gt_translate_keys":["label"]},{"label":"3 People","value":"3 People","selected":false,"tempId":"aco_1171","gt_translate_keys":["label"]},{"label":"4 People","value":"4 People","selected":false,"tempId":"aco_1397","gt_translate_keys":["label"]},{"label":"5 People (+20\u20ac)","value":"5 People","selected":false,"tempId":"aco_2351","price":"20","gt_translate_keys":["label"]},{"label":"6 People (+30\u20ac)","value":"6 People","selected":false,"tempId":"aco_1461","price":"30","gt_translate_keys":["label"]},{"label":"7 People (+40\u20ac)","value":"7 People","selected":false,"tempId":"aco_1507","price":"40","gt_translate_keys":["label"]},{"label":"8 People (+50\u20ac)","value":"8 People","selected":false,"tempId":"aco_1553","price":"50","gt_translate_keys":["label"]},{"label":"9 People (+60\u20ac)","value":"9 People","selected":false,"tempId":"aco_1563","price":"60","gt_translate_keys":["label"]},{"label":"10 People (+70\u20ac)","value":"10 People","selected":false,"tempId":"aco_1573","price":"70","gt_translate_keys":["label"]},{"label":"11 People (+80\u20ac)","value":"11 People","selected":false,"tempId":"aco_1583","price":"80","gt_translate_keys":["label"]},{"label":"12 People (+90\u20ac)","value":"12 People","selected":false,"tempId":"aco_1746","price":"90","gt_translate_keys":["label"]},{"label":"13 People (+100\u20ac)","value":"13 People","selected":false,"tempId":"aco_1756","price":"100","gt_translate_keys":["label"]},{"label":"14 People (+110\u20ac)","value":"14 People","selected":false,"tempId":"aco_1766","price":"110","gt_translate_keys":["label"]},{"label":"15 People (+120\u20ac)","value":"15 People","selected":false,"tempId":"aco_1911","price":"120","gt_translate_keys":["label"]},{"label":"16 People (+130\u20ac)","value":"16 People","selected":false,"tempId":"aco_1957","price":"130","gt_translate_keys":["label"]},{"label":"17 People (+140\u20ac)","value":"17 People","selected":false,"tempId":"aco_2003","price":"140","gt_translate_keys":["label"]},{"label":"18 People (+150\u20ac)","value":"18 People","selected":false,"tempId":"aco_2049","price":"150","gt_translate_keys":["label"]},{"label":"19 People (+160\u20ac)","value":"19 People","selected":false,"tempId":"aco_2113","price":"160","gt_translate_keys":["label"]},{"label":"20 People (+170\u20ac)","value":"20 People","selected":false,"tempId":"aco_2159","price":"170","gt_translate_keys":["label"]},{"label":"21 People (+180\u20ac)","value":"21 People","selected":false,"tempId":"aco_2205","price":"180","gt_translate_keys":["label"]},{"label":"22 People (+190\u20ac)","value":"22 People","selected":false,"tempId":"aco_2269","price":"190","gt_translate_keys":["label"]}],"isWeightTemplate":false,"error":false,"isTemplate":false,"min_quantity":"1","quantity_decimal":false,"quantity_step":"1","quantity_label":"Quantity","repeater_field_label":"{field_label}","repeater_bind":"","dropdown_type":"basic","priceOptions":"different_for_all","pricingType":"fixed","is_show_price":false,"gt_translate_keys":["label","repeater_field_label","quantity_label"],"price_dependency":false,"cl_dependency":false,"value":""}],[{"active":true,"col":6,"relations":false,"cl_rule":"show","enableCl":false,"price":"","enablePrice":false,"className":"","label_position":"default","desc_position":"default","type":"separator","required":false,"elementId":"separator_368b85c6eaafe4","label":"Separator Field","height":"3","separatorType":"blank","error":false,"gt_translate_keys":["label"],"price_dependency":false,"cl_dependency":false,"value":""}],[{"active":true,"col":6,"relations":[{"operator":false,"rules":[{"operator":"AND","rules":{"cl_field":"","cl_relation":"","cl_val":""}}]}],"cl_rule":"show","enableCl":false,"price":"","enablePrice":false,"className":"","label_position":"default","desc_position":"default","type":"content","required":false,"elementId":"content_1542895609","label":"","name":"content_1542895609","contentType":"rich","value":"<p>Please note that any tour that remains on the water after 17:00 will have an additional cost of \u20ac100, to be paid directly on the boat.<\/p>","isTemplate":false,"error":false,"enableDesign":true,"DescColor":"#0042ff","show_in_checkout":true,"gt_translate_keys":["label","value"],"price_dependency":false,"cl_dependency":false}]]}},"config":{"price_override":"always","enable_recaptcha":false,"bind_quantity":false,"quantity_bind_formula":false,"disp_summ_show_option_price":true,"disp_summ_show_product_price":false,"disp_summ_show_total_price":true,"disp_summ_show_fee":true,"disp_summ_show_discount":true,"summary_title":"","options_total_label":"Options Price","total_label":"Total Amount Now","options_product_label":"Product Price","fee_label":"Fee","discount_label":"Discount","has_price":true,"has_quantity_formula":false},"mc_unit":1,"tax_rate":1,"tax_rate_real":1,"discount":{"percentage":0,"fixed":0},"design":{"conf":{"LabelPosition":"above","DescPosition":"above","UploadField":"custom_1","QuantityFieldStyle":"custom_1"},"css":{"LeftLabelWidth":"120px"}},"formulas":{"fmla_1708364241278155361":"(({field.select_668b85c6eaafc6.value}>=4)?(150+({field.number_268b85c6eaafd9.value}*5)):(({field.select_668b85c6eaafc6.value}>=3)?(100+({field.number_268b85c6eaafd9.value}*5)):(0)))","fmla_1742826688120818082":"(({field.select_668b85c6eaafc6.value}>=4)?(1500+{field.select_468b85c6eaafd0.price}):(({field.select_668b85c6eaafc6.value}>=3)?(750+{field.select_468b85c6eaafd0.price}):(0)))"},"lookuptables":[],"clones":false,"cartKey":false}},"_links":{"self":[{"href":"https:\/\/canaryvip.com\/hu\/wp-json\/wp\/v2\/product\/15724","targetHints":{"allow":["GET"]}}],"collection":[{"href":"https:\/\/canaryvip.com\/hu\/wp-json\/wp\/v2\/product"}],"about":[{"href":"https:\/\/canaryvip.com\/hu\/wp-json\/wp\/v2\/types\/product"}],"replies":[{"embeddable":true,"href":"https:\/\/canaryvip.com\/hu\/wp-json\/wp\/v2\/comments?post=15724"}],"wp:featuredmedia":[{"embeddable":true,"href":"https:\/\/canaryvip.com\/hu\/wp-json\/wp\/v2\/media\/15725"}],"wp:attachment":[{"href":"https:\/\/canaryvip.com\/hu\/wp-json\/wp\/v2\/media?parent=15724"}],"wp:term":[{"taxonomy":"product_brand","embeddable":true,"href":"https:\/\/canaryvip.com\/hu\/wp-json\/wp\/v2\/product_brand?post=15724"},{"taxonomy":"product_cat","embeddable":true,"href":"https:\/\/canaryvip.com\/hu\/wp-json\/wp\/v2\/product_cat?post=15724"},{"taxonomy":"product_tag","embeddable":true,"href":"https:\/\/canaryvip.com\/hu\/wp-json\/wp\/v2\/product_tag?post=15724"}],"curies":[{"name":"wp","href":"https:\/\/api.w.org\/{rel}","templated":true}]}}