{"id":15386,"date":"2025-08-07T14:09:56","date_gmt":"2025-08-07T13:09:56","guid":{"rendered":"https:\/\/canaryvip.com\/?post_type=product&#038;p=15386"},"modified":"2025-08-09T13:45:20","modified_gmt":"2025-08-09T12:45:20","slug":"crazy-ufo-twister-tenerife","status":"publish","type":"product","link":"https:\/\/canaryvip.com\/hu\/shop\/crazy-ufo-twister-tenerife\/","title":{"rendered":"\u0150r\u00fclt UFO &amp; Twister Tenerife"},"content":{"rendered":"<h2><strong>\ud83d\ude80 \u0150r\u00fclt UFO Tenerife - Nagy sebess\u00e9g\u0171 sz\u00f3rakoz\u00e1s a v\u00edzen<\/strong><\/h2>\n<p>Vad utaz\u00e1sra v\u00e1gysz? Pattanj fel a <strong>\u0150r\u00fclt UFO Tenerife<\/strong> \u00e9lm\u00e9nyt, \u00e9s k\u00e9sz\u00fclj fel a sebess\u00e9g, a csobban\u00e1sok \u00e9s a tiszta adrenalin intenz\u00edv kever\u00e9k\u00e9re. Ez az egyik legizgalmasabb <strong>v\u00edzi sportok Tenerif\u00e9n<\/strong>, t\u00f6k\u00e9letes csal\u00e1dok, p\u00e1rok vagy bar\u00e1ti t\u00e1rsas\u00e1gok sz\u00e1m\u00e1ra, akik valami felejthetetlen programot keresnek Costa Adej\u00e9ben.<\/p>\n<h3><strong>\ud83c\udf0a Indul\u00e1s Puerto Col\u00f3nb\u00f3l<\/strong><\/h3>\n<ul>\n<li><strong>K\u00f6nny\u0171 hozz\u00e1f\u00e9r\u00e9s:<\/strong> A kaland kezd\u0151dik <a href=\"https:\/\/maps.app.goo.gl\/bkqEhAxsobcjz9wG9\" target=\"_blank\" rel=\"noopener\">Puerto Col\u00f3n<\/a>, Tenerife d\u00e9li r\u00e9sz\u00e9nek egyik legn\u00e9pszer\u0171bb kik\u00f6t\u0151je. K\u00f6nnyen megk\u00f6zel\u00edthet\u0151 \u00e9s nagyszer\u0171 tengerparti hangulat veszi k\u00f6r\u00fcl.<\/li>\n<li><strong>Gyors t\u00e1j\u00e9koztat\u00f3:<\/strong> Az utaz\u00e1s el\u0151tt a tapasztalt szem\u00e9lyzet biztons\u00e1gi eligaz\u00edt\u00e1st tart, hogy minden k\u00e9szen \u00e1lljon a biztons\u00e1gos \u00e9s sz\u00f3rakoztat\u00f3 \u00e9lm\u00e9nyhez.<\/li>\n<\/ul>\n<h3><strong>\u2728 Mi\u00e9rt v\u00e1lassza az \u0151r\u00fclt UFO-utaz\u00e1st Tenerif\u00e9n?<\/strong><\/h3>\n<ul>\n<li><strong>Intenz\u00edv adrenalin:<\/strong> Ez nem csak egy \u00e1tlagos felf\u00fajhat\u00f3 k\u00f6rhinta. A Crazy UFO \u00fagy p\u00f6r\u00f6g, siklik \u00e9s ugr\u00e1l a hull\u00e1mok felett, hogy egyszerre fogsz nevetni \u00e9s sik\u00edtani.<\/li>\n<li><strong>T\u00f6k\u00e9letes mindenkinek:<\/strong> Nem kell profinak lenni. Ak\u00e1r ez az els\u0151, ak\u00e1r a tizedik v\u00edzi tev\u00e9kenys\u00e9ged, ez az utaz\u00e1s biztons\u00e1gos \u00e9s sz\u00f3rakoztat\u00f3 minden k\u00e9pzetts\u00e9gi szint sz\u00e1m\u00e1ra - a kezd\u0151kt\u0151l az izgalomra v\u00e1gy\u00f3kig.<\/li>\n<li><strong>Leny\u0171g\u00f6z\u0151 kil\u00e1t\u00e1s:<\/strong> Mik\u00f6zben \u00e1trep\u00fcl az \u00f3ce\u00e1non, sz\u00e1njon egy percet arra, hogy megcsod\u00e1lja Playa de las Am\u00e9ricas gy\u00f6ny\u00f6r\u0171 tengerpartj\u00e1t \u00e9s az Atlanti-\u00f3ce\u00e1n csillog\u00f3 viz\u00e9t.<\/li>\n<\/ul>\n<h3><strong>\ud83d\udcb6 Nagyszer\u0171 \u00e9rt\u00e9k egy r\u00f6vid, de intenz\u00edv utaz\u00e1shoz<\/strong><\/h3>\n<ul>\n<li><strong>Id\u0151tartam:<\/strong> Egy teljes 15 perces, akci\u00f3val teli izgalmas utaz\u00e1s.<\/li>\n<li><strong>Megfizethet\u0151 \u00e1r:<\/strong> Sz\u00f3rakoztat\u00f3 \u00e9s megfizethet\u0151 lehet\u0151s\u00e9g azok sz\u00e1m\u00e1ra, akik ki akarj\u00e1k pr\u00f3b\u00e1lni az izgalmas <strong>v\u00edzi tev\u00e9kenys\u00e9gek Tenerif\u00e9n<\/strong> an\u00e9lk\u00fcl, hogy egy vagyont k\u00f6ltene.<\/li>\n<li><strong>El\u00e9rhet\u0151 fot\u00f3k:<\/strong> Ne felejtsd el megn\u00e9zni a megv\u00e1s\u00e1rolhat\u00f3 k\u00e9peket az aut\u00f3dr\u00f3l - bizony\u00edt\u00e9kot akarsz majd a vad arcokr\u00f3l!<\/li>\n<\/ul>\n<h3><strong>\u2696\ufe0f Rugalmas foglal\u00e1s \u00e9s lemond\u00e1s<\/strong><\/h3>\n<ul>\n<li><strong>K\u00f6nnyen foglalhat\u00f3:<\/strong> Az CanaryVIP-n\u00e9l z\u00f6kken\u0151mentesen \u00e9s gyorsan lefoglalhatja Crazy UFO-utaz\u00e1s\u00e1t. Csak v\u00e1lassza ki az id\u0151pontot, \u00e9s biztos\u00edtsa a hely\u00e9t.<\/li>\n<li><strong>Ingyenes lemond\u00e1s:<\/strong> V\u00e1ltozott a terv? Semmi gond. A foglal\u00e1s\u00e1t a tev\u00e9kenys\u00e9g el\u0151tt 24 \u00f3r\u00e1val lemondhatja, \u00e9s a teljes \u00f6sszeget visszakapja. Nincs stressz, nincs aggodalom.<\/li>\n<\/ul>\n<h3><strong>\u2705 Mit tartalmaz az \u0150r\u00fclt UFO Tenerife utaz\u00e1s?<\/strong><\/h3>\n<ul>\n<li>Ment\u0151mell\u00e9ny \u00e9s biztons\u00e1gi felszerel\u00e9s minden r\u00e9sztvev\u0151 sz\u00e1m\u00e1ra.<\/li>\n<li>15 perc nagy sebess\u00e9g\u0171 akci\u00f3 az \u0151r\u00fclt UFO felf\u00fajhat\u00f3val.<\/li>\n<li>Professzion\u00e1lis \u00e9s bar\u00e1ts\u00e1gos szem\u00e9lyzet a biztons\u00e1gos, sz\u00f3rakoztat\u00f3 id\u0151t\u00f6lt\u00e9s \u00e9rdek\u00e9ben.<\/li>\n<li>V\u00e1laszthat\u00f3 f\u00e9nyk\u00e9pek az utaz\u00e1sr\u00f3l, hogy az eml\u00e9keket \u00e9letben tartsa.<\/li>\n<\/ul>\n<h3><strong>\ud83c\udfaf Mi\u00e9rt \u00e9rdemes az CanaryVIP-n\u00e9l foglalni?<\/strong><\/h3>\n<ul>\n<li>Tenerife legjobb min\u0151s\u00edt\u00e9s\u0171 v\u00edzi sportokkal foglalkoz\u00f3 t\u00e1rsas\u00e1gaival dolgozunk egy\u00fctt, hogy csak a legjobb \u00e9s legbiztons\u00e1gosabb \u00e9lm\u00e9nyeket k\u00edn\u00e1lhassuk.<\/li>\n<li>Tenerif\u00e9n van a sz\u00e9khely\u00fcnk, \u00e9s a foglal\u00e1s el\u0151tt \u00e9s ut\u00e1n is \u00e1llunk rendelkez\u00e9s\u00e9re, hogy helyi tan\u00e1csokkal seg\u00edts\u00fck \u00d6nt.<\/li>\n<li>Ezt kombin\u00e1lhatja m\u00e1s <strong>v\u00edzi tev\u00e9kenys\u00e9gek Tenerif\u00e9n<\/strong> mint a <a href=\"https:\/\/canaryvip.com\/hu\/shop\/jetski-tenerife\/\">jet ski t\u00far\u00e1k<\/a>, <a href=\"https:\/\/canaryvip.com\/hu\/shop\/parasailing-tenerife\/\">parasailing<\/a> vagy <a href=\"https:\/\/canaryvip.com\/hu\/tenerife\/boat-excursions\/\">haj\u00f3kir\u00e1ndul\u00e1sok<\/a>-mind ugyanazon a ter\u00fcleten!<\/li>\n<\/ul>\n<h3><strong>\ud83c\udf92 Mit hozzon mag\u00e1val<\/strong><\/h3>\n<ul>\n<li><strong>F\u00fcrd\u0151ruha:<\/strong> Vizes leszel! J\u00f6jj\u00f6n v\u00edzhez \u00f6lt\u00f6zve \u00e9s k\u00e9szen \u00e1ll a sz\u00f3rakoz\u00e1sra.<\/li>\n<li><strong>Napv\u00e9delem:<\/strong> Hozzon mag\u00e1val naptejet, k\u00fcl\u00f6n\u00f6sen napos id\u0151ben.<\/li>\n<li><strong>Hagyja h\u00e1tra az \u00e9rt\u00e9kt\u00e1rgyakat:<\/strong> A kik\u00f6t\u0151ben biztons\u00e1gos t\u00e1rol\u00f3helyis\u00e9gek \u00e1llnak rendelkez\u00e9sre, ahol az utaz\u00e1s ideje alatt a holmij\u00e1t hagyhatja.<\/li>\n<\/ul>\n<h3>\u2753 <strong>Gyakran ism\u00e9telt k\u00e9rd\u00e9sek<\/strong><\/h3>\n<ul>\n<li><strong>Biztons\u00e1gban van az \u0151r\u00fclt uf\u00f3?<\/strong> Abszol\u00fat. A biztons\u00e1g a legfontosabb. Az utaz\u00e1st k\u00e9pzett szakemberek fel\u00fcgyelik, \u00e9s minden r\u00e9sztvev\u0151 ment\u0151mell\u00e9nyt visel.<\/li>\n<li><strong>Tudnom kell \u00faszni?<\/strong> \u00dasz\u00e1si tapasztalat nem sz\u00fcks\u00e9ges. Mindig viselni fogsz ment\u0151mell\u00e9nyt.<\/li>\n<li><strong>Mennyi az als\u00f3 korhat\u00e1r?<\/strong> A 10 \u00e9ves \u00e9s ann\u00e1l id\u0151sebb gyermekek \u00e1ltal\u00e1ban utazhatnak, de ha bizonytalan vagy, mindig k\u00e9rdezz meg minket a foglal\u00e1s el\u0151tt.<\/li>\n<\/ul>\n<h4><strong>\ud83c\udf1e K\u00e9sz\u00fclj fel a sikolyra, nevet\u00e9sre \u00e9s csobban\u00e1sra!<\/strong><\/h4>\n<p>Ne hagyja ki az egyik legsz\u00f3rakoztat\u00f3bb <strong>v\u00edzi sportok Tenerif\u00e9n<\/strong>. Foglalja le <strong>\u0150r\u00fclt UFO Tenerife<\/strong> lovagoljon m\u00e9g ma az CanaryVIP-vel, \u00e9s tapasztalja meg a hull\u00e1mok f\u00f6l\u00f6tti rep\u00fcl\u00e9s izgalm\u00e1t a sziget egyik legizgalmasabb v\u00edzi tev\u00e9kenys\u00e9g\u00e9ben.<\/p>","protected":false},"excerpt":{"rendered":"<p>\ud83d\udd0d<strong> \u0150r\u00fclt UFO &amp; Twister Tenerife:<br \/>\n<\/strong>\u2705 Biztons\u00e1gos fizet\u00e9s.<br \/>\n\ud83d\udc65 Legfeljebb 8 lovas egy \u00fatra.<br \/>\n\ud83d\ude80 Az utaz\u00e1s 15 percig tart.<br \/>\n\ud83c\udfde\ufe0f Nagy sebess\u00e9g\u0171 utaz\u00e1sok.<br \/>\n\ud83d\udd59 A nap folyam\u00e1n.<br \/>\n\ud83d\udcc5 Naponta el\u00e9rhet\u0151.<br \/>\n\ud83e\udd11 Garant\u00e1ltan legjobb \u00e1r.<br \/>\n\ud83d\udc6a Kedvezm\u00e9nyek csoportoknak.<br \/>\n\ud83d\udd01 24 \u00f3r\u00e1s lemond\u00e1si felt\u00e9telek.<br \/>\n\ud83c\udf0d T\u00f6bbnyelv\u0171 t\u00e1mogat\u00e1s.<br \/>\n\ud83c\udf1f Foglaljon el\u0151re, hogy megtakar\u00edtson.<br \/>\n\ud83d\udccd Indul\u00e1s a <a href=\"https:\/\/maps.app.goo.gl\/bkqEhAxsobcjz9wG9\">Puerto Col\u00f3n<\/a>.<\/p>","protected":false},"featured_media":15388,"comment_status":"open","ping_status":"closed","template":"","meta":{"_acf_changed":false},"product_brand":[],"product_cat":[53],"product_tag":[],"class_list":{"0":"post-15386","1":"product","2":"type-product","3":"status-publish","4":"has-post-thumbnail","6":"product_cat-water-sports","7":"wcpa_has_options","9":"first","10":"instock","11":"virtual","12":"purchasable","13":"product-type-simple"},"acf":[],"wcpa_form_fields":{"wcpaData":{"product":{"product_price":18,"price_html":"From&nbsp;<span class=\"woocommerce-Price-amount amount\"><bdi>18,00&nbsp;<span class=\"woocommerce-Price-currencySymbol\">&euro;<\/span><\/bdi><\/span>","original_product_price":18,"price_including_tax":18,"price_excluding_tax":18,"product_id":{"parent":15386,"variation":false},"is_variable":false,"stock_status":"instock","stock_quantity":null,"parent_sku":"CV15386","product_attributes":[],"custom_fields":[],"is_taxable":false,"product_name":"Crazy UFO & Twister Tenerife","hasImage":false},"fields":{"sec_16894ab7dd6246":{"extra":{"key":"sec_16894ab7dd6246","section_id":"sec_16894ab7dd6246","name":"Default","status":1,"cl_rule":"show","enableCl":false,"relations":[],"toggle":true,"title_tag":"h3","show_title":false,"showPrice":"default","form_id":15391,"form_rules":{"exclude_from_discount":true,"fee_label":"Fee","disp_hide_options_price":true,"disp_show_section_price":false,"disp_show_field_price":true,"layout_option":"standard","pric_use_as_fee":false,"process_fee_as":"woo_fee"},"layout_option":"standard"},"fields":[[{"label":"\ud83d\udcc5 Date","active":true,"required":true,"elementId":"date_26894ab7dd6265","picker_type":"custom","picker_mode":"single","placeholder":"","description":"","tooltip":"","name":"date_26894ab7dd6265","label_position":"default","desc_position":"default","enablePrice":false,"className":"","enableCl":false,"relations":[{"operator":"and","rules":[{"operator":"AND","rules":{"cl_field":"radio-group_5661bc90f5e8f5","cl_relation":"is_not_empty","cl_val":"3 Hour Trip"}}]}],"date_pic_inline":true,"date_pic_inline_hide":true,"min_date":{"type":"days","val":"1"},"max_date":{"type":"days","val":"365"},"date_pic_conf":{"disabledWeeks":[]},"price":"","cl_rule":"show","col":6,"type":"date","error":false,"enableDesign":false,"LabelColor":"","isWeightTemplate":false,"isTemplate":false,"min_quantity":"1","quantity_decimal":false,"quantity_step":"1","quantity_label":"Quantity","repeater_field_label":"{field_label}","repeater_bind":"","gt_translate_keys":["label","placeholder","description","tooltip","repeater_field_label","quantity_label"],"price_dependency":false,"cl_dependency":false,"value":""}],[{"active":true,"col":6,"relations":false,"cl_rule":"show","enableCl":false,"price":"","enablePrice":false,"className":"","label_position":"default","desc_position":"default","type":"select","required":true,"elementId":"select_66894ab7dd6273","label":"\u23f0 Departure Time","name":"select_66894ab7dd6273","values":[{"label":"Whichever Time is Best","value":"Whichever Time is Best","selected":false,"tempId":"aco_312","gt_translate_keys":["label"]},{"label":"10:00","value":"10:00","selected":false,"tempId":"aco_313","gt_translate_keys":["label"]},{"label":"11:00","value":"11:00","selected":false,"tempId":"aco_314","gt_translate_keys":["label"]},{"label":"12:00","value":"12:00","selected":false,"tempId":"aco_711","gt_translate_keys":["label"]},{"label":"13:00","value":"13:00","selected":false,"tempId":"aco_721","gt_translate_keys":["label"]},{"label":"14:00","value":"14:00","selected":false,"tempId":"aco_983","gt_translate_keys":["label"]},{"label":"15:00","value":"15:00","selected":false,"tempId":"aco_993","gt_translate_keys":["label"]},{"label":"16:00","value":"16:00","selected":false,"tempId":"aco_1183","gt_translate_keys":["label"]}],"dropdown_type":"basic","error":false,"multiple":false,"placeholder":"None","isWeightTemplate":false,"isTemplate":false,"min_quantity":"1","quantity_decimal":false,"quantity_step":"1","quantity_label":"Quantity","repeater_field_label":"{field_label}","repeater_bind":"","gt_translate_keys":["label","placeholder","repeater_field_label","quantity_label"],"price_dependency":false,"cl_dependency":false,"value":""}],[{"active":true,"col":6,"relations":[{"operator":false,"rules":[{"operator":"AND","rules":{"cl_field":"","cl_relation":"","cl_val":""}}]}],"cl_rule":"show","enableCl":true,"price":"18","enablePrice":true,"className":"","label_position":"default","desc_position":"default","type":"radio-group","required":false,"elementId":"radio-group_76894ab7dd6281","label":"","name":"radio-group_76894ab7dd6281","values":[{"label":"\ud83d\udc64 People (18\u20ac)","value":"People","selected":true,"tempId":"aco_32","tooltip":"","description":"","gt_translate_keys":["label","tooltip","description"]}],"layOut":"","error":false,"checkUi":"button","priceOptions":"fixed_for_all","pricingType":"fixed","enable_quantity":true,"quantity_label":"","min_quantity":"0","options_tooltip":true,"options_description":true,"is_show_price":true,"isWeightTemplate":false,"isTemplate":false,"quantity_decimal":false,"quantity_step":"1","repeater_field_label":"{field_label}","repeater_bind":"","gt_translate_keys":["label","repeater_field_label","quantity_label"],"price_dependency":false,"cl_dependency":false,"value":""}],[{"active":true,"col":6,"relations":false,"cl_rule":"show","enableCl":false,"price":"","enablePrice":false,"className":"","label_position":"default","desc_position":"default","type":"separator","required":false,"elementId":"separator_16894ab7dd628d","label":"Separator Field","height":"6","separatorType":"fill","error":false,"separatorColor":"#66a5b6","gt_translate_keys":["label"],"price_dependency":false,"cl_dependency":false,"value":""}],[{"active":true,"col":6,"relations":false,"cl_rule":"show","enableCl":false,"price":"{field.radio-group_76894ab7dd6281.quantity}*6","enablePrice":true,"className":"","label_position":"default","desc_position":"default","type":"content","required":false,"elementId":"content_66894ab7dd6297","label":"Deposit Now","name":"content_66894ab7dd6297","contentType":"plain","value":"","error":false,"subtype":"div","inline":true,"show_in_checkout":true,"pricingType":"custom","isTemplate":false,"gt_translate_keys":["label","value"],"price_dependency":false,"cl_dependency":false}],[{"contentType":"plain","active":true,"label":"Payment at Arrival","elementId":"content_96894ab7dd62a1","value":"","inline":true,"show_in_checkout":true,"name":"content_96894ab7dd62a1","enablePrice":true,"className":"","subtype":"div","enableCl":false,"relations":false,"pricingType":"custom","isTemplate":false,"price":"{field.radio-group_76894ab7dd6281.quantity}*12","is_show_price":true,"cl_rule":"show","col":6,"type":"content","error":false,"gt_translate_keys":["label","value"],"price_dependency":false,"cl_dependency":false}],[{"contentType":"plain","active":true,"label":"Total Price","elementId":"content_76894ab7dd62ab","value":"","inline":true,"show_in_checkout":true,"name":"content_76894ab7dd62ab","enablePrice":true,"className":"","subtype":"div","enableCl":false,"relations":false,"pricingType":"custom","isTemplate":false,"price":"{field.radio-group_76894ab7dd6281.quantity}*18","is_show_price":true,"cl_rule":"show","col":6,"type":"content","error":false,"gt_translate_keys":["label","value"],"price_dependency":false,"cl_dependency":false}]]}},"config":{"price_override":"always","enable_recaptcha":false,"bind_quantity":false,"quantity_bind_formula":false,"disp_summ_show_option_price":true,"disp_summ_show_product_price":false,"disp_summ_show_total_price":true,"disp_summ_show_fee":true,"disp_summ_show_discount":true,"summary_title":"","options_total_label":"Options Price","total_label":"Total Amount","options_product_label":"Product Price","fee_label":"Fee","discount_label":"Discount","has_price":true,"has_quantity_formula":false},"mc_unit":1,"tax_rate":1,"tax_rate_real":1,"discount":{"percentage":0,"fixed":0},"design":{"conf":{"LabelPosition":"above","DescPosition":"above","UploadField":"custom_1","QuantityFieldStyle":"custom_1"},"css":{"LeftLabelWidth":"120px"}},"formulas":[],"lookuptables":[],"clones":false,"cartKey":false}},"_links":{"self":[{"href":"https:\/\/canaryvip.com\/hu\/wp-json\/wp\/v2\/product\/15386","targetHints":{"allow":["GET"]}}],"collection":[{"href":"https:\/\/canaryvip.com\/hu\/wp-json\/wp\/v2\/product"}],"about":[{"href":"https:\/\/canaryvip.com\/hu\/wp-json\/wp\/v2\/types\/product"}],"replies":[{"embeddable":true,"href":"https:\/\/canaryvip.com\/hu\/wp-json\/wp\/v2\/comments?post=15386"}],"wp:featuredmedia":[{"embeddable":true,"href":"https:\/\/canaryvip.com\/hu\/wp-json\/wp\/v2\/media\/15388"}],"wp:attachment":[{"href":"https:\/\/canaryvip.com\/hu\/wp-json\/wp\/v2\/media?parent=15386"}],"wp:term":[{"taxonomy":"product_brand","embeddable":true,"href":"https:\/\/canaryvip.com\/hu\/wp-json\/wp\/v2\/product_brand?post=15386"},{"taxonomy":"product_cat","embeddable":true,"href":"https:\/\/canaryvip.com\/hu\/wp-json\/wp\/v2\/product_cat?post=15386"},{"taxonomy":"product_tag","embeddable":true,"href":"https:\/\/canaryvip.com\/hu\/wp-json\/wp\/v2\/product_tag?post=15386"}],"curies":[{"name":"wp","href":"https:\/\/api.w.org\/{rel}","templated":true}]}}