{"id":15373,"date":"2025-08-07T12:36:55","date_gmt":"2025-08-07T11:36:55","guid":{"rendered":"https:\/\/canaryvip.com\/?post_type=product&#038;p=15373"},"modified":"2025-10-23T10:52:49","modified_gmt":"2025-10-23T09:52:49","slug":"bellini-luxury-yacht-tenerife","status":"publish","type":"product","link":"https:\/\/canaryvip.com\/hu\/shop\/bellini-luxury-yacht-tenerife\/","title":{"rendered":"Bellini luxusjacht Tenerife"},"content":{"rendered":"<h2><strong>\ud83d\udee5\ufe0f Bellini Luxus jacht b\u00e9rl\u00e9s Tenerif\u00e9n<\/strong><\/h2>\n<p class=\"translation-block\">Tapasztalja meg a sziget egyik legexkluz\u00edvabb haj\u00f3b\u00e9rl\u00e9si kalandj\u00e1t a <strong>Bellini Luxury Yacht Tenerife<\/strong> seg\u00edts\u00e9g\u00e9vel. A <a href=\"https:\/\/maps.app.goo.gl\/Xq4LkTRqPjHQzRBE8\" target=\"_blank\" rel=\"noopener\">Puerto de Los Gigantes<\/a> fest\u0151i kik\u00f6t\u0151j\u00e9b\u0151l indulva ez a priv\u00e1t charter k\u00f6zvetlen hozz\u00e1f\u00e9r\u00e9st k\u00edn\u00e1l Tenerife legl\u00e9legzetel\u00e1ll\u00edt\u00f3bb t\u00e1jaihoz, bele\u00e9rtve Los Gigantes tornyosul\u00f3 szikl\u00e1it \u00e9s Masca \u00e9rintetlen partvonal\u00e1t.<\/p>\n<p class=\"translation-block\">Ak\u00e1r egy k\u00fcl\u00f6nleges alkalmat \u00fcnnepel, ak\u00e1r egyszer\u0171en csak <strong>jachtot szeretne b\u00e9relni Tenerif\u00e9n<\/strong> egy luxus menek\u00fcl\u00e9shez, a Bellini a t\u00f6k\u00e9letes v\u00e1laszt\u00e1s az elegancia, a k\u00e9nyelem \u00e9s a felejthetetlen kil\u00e1t\u00e1s tekintet\u00e9ben.<\/p>\n<h3>\u2b50\ufe0f <strong>Mi\u00e9rt a Bellini az egyik legjobb luxushaj\u00f3 Tenerif\u00e9n?<\/strong><\/h3>\n<p><span style=\"text-decoration: underline;\"><strong>Mi k\u00fcl\u00f6nb\u00f6zteti meg a Bellinit:<\/strong><\/span><\/p>\n<p><strong>Exkluz\u00edv \u00fcdv\u00f6zl\u00e9s:<\/strong> Minden charter egy meleg fogadtat\u00e1ssal kezd\u0151dik, amely frissen felszolg\u00e1lt tr\u00f3pusi gy\u00fcm\u00f6lcs\u00f6kkel \u00e9s pr\u00e9mium 5J ib\u00e9riai sonk\u00e1val kezd\u0151dik, megadva az alaphangot a magas sz\u00ednvonal\u00fa vitorl\u00e1z\u00e1s \u00e9lm\u00e9ny\u00e9hez.<\/p>\n<p><strong>Nyitott b\u00e1r:<\/strong> \u00c9lvezze a korl\u00e1tlan italfogyaszt\u00e1st, bele\u00e9rtve a bort, s\u00f6rt, vizet, gy\u00fcm\u00f6lcsleveket, \u00fcd\u00edt\u0151ket \u00e9s kav\u00e1t.<\/p>\n<p><strong>Priv\u00e1t hozz\u00e1f\u00e9r\u00e9s a rejtett strandokhoz:<\/strong> A dingi szolg\u00e1ltat\u00e1s\u00e1nak k\u00f6sz\u00f6nhet\u0151en a Bellini lehet\u0151v\u00e9 teszi a vend\u00e9gek sz\u00e1m\u00e1ra, hogy el\u00e9rj\u00e9k a rejtett \u00f6bl\u00f6ket \u00e9s strandokat, hogy egy igaz\u00e1n exkluz\u00edv meg\u00e1ll\u00e1st tegyenek a tengerparton.<\/p>\n<h4>\ud83c\udf0a <strong>Benne foglalt tev\u00e9kenys\u00e9gek a fed\u00e9lzeten<\/strong><\/h4>\n<p class=\"translation-block\">Ez a <strong>luxus jacht Tenerif\u00e9n<\/strong> t\u00f6bbr\u0151l sz\u00f3l, mint a vitorl\u00e1z\u00e1sr\u00f3l, hanem arr\u00f3l, hogy eml\u00e9keket szerezzen:<\/p>\n<ul>\n<li><strong>\ud83c\udfc4 Paddle Surf:<\/strong> Sz\u00f3rakozzon a v\u00edzen a stand-up paddle boarddal, amely a kezd\u0151k sz\u00e1m\u00e1ra is k\u00f6nny\u0171 \u00e9s mindenki sz\u00e1m\u00e1ra pihentet\u0151.<\/li>\n<li><strong>\ud83e\udd3f Snorkeling felszerel\u00e9s:<\/strong> Mer\u00fclj\u00f6n el, \u00e9s fedezze fel Tenerife v\u00edz alatti vil\u00e1g\u00e1t, amely tele van tengeri \u00e9l\u0151vil\u00e1ggal \u00e9s tiszta k\u00e9k v\u00edzzel.<\/li>\n<li><strong>\ud83d\udcf8 GoPro \u00e9s Polaroid:<\/strong> Haszn\u00e1lja fed\u00e9lzeti kamer\u00e1inkat, hogy a v\u00edz felett \u00e9s alatt is meg\u00f6r\u00f6k\u00edthesse \u00e9lm\u00e9nye minden egyes cs\u00facspontj\u00e1t.<\/li>\n<\/ul>\n<h4>\ud83c\udf7d\ufe0f <strong>Gourmet paella az 5. \u00f3r\u00e1b\u00f3l<\/strong><\/h4>\n<p>Az \u00f6t \u00f3r\u00e1n \u00e1t tart\u00f3 vagy ann\u00e1l hosszabb charterek eset\u00e9ben a frissen elk\u00e9sz\u00edtett paella is j\u00e1r. V\u00e1lasszon h\u00fas, csirke, veget\u00e1ri\u00e1nus vagy tenger gy\u00fcm\u00f6lcsei k\u00f6z\u00fcl, \u00edzl\u00e9se szerint elk\u00e9sz\u00edtve \u00e9s frissen a fed\u00e9lzeten t\u00e1lalva.<\/p>\n<h3>\ud83d\udc8e <strong>Opcion\u00e1lis pr\u00e9mium extr\u00e1k az \u00e9lm\u00e9ny testreszab\u00e1s\u00e1hoz<\/strong><\/h3>\n<p class=\"translation-block\">Tegye a <strong>jachtb\u00e9rl\u00e9st Tenerif\u00e9n<\/strong> egy m\u00e1sik szintre ezekkel az exkluz\u00edv extr\u00e1kkal (k\u00e9r\u00e9sre \u00e9s a rendelkez\u00e9sre \u00e1ll\u00e1s f\u00fcggv\u00e9ny\u00e9ben):<\/p>\n<ul>\n<li><strong>Mag\u00e1nszak\u00e1cs:<\/strong> Egy profi szak\u00e1cs \u00e9l\u0151ben f\u0151z a fed\u00e9lzeten, \u00e9s a men\u00fct az \u00d6n ig\u00e9nyeihez igaz\u00edtja.<\/li>\n<li><strong>Jap\u00e1n s\u00e9f tapasztalat:<\/strong> \u00c9lvezze a frissen elk\u00e9sz\u00edtett sushit \u00e9s m\u00e1s jap\u00e1n \u00e9teleket pr\u00e9mium alapanyagokb\u00f3l \u00e9s szak\u00e9rt\u0151 technik\u00e1val.<\/li>\n<li><strong>Michelin-csillagos s\u00e9f:<\/strong> \u00c9lvezze a Michelin Guide-kal t\u00e1rsult s\u00e9f \u00e1ltal k\u00e9sz\u00edtett haute cuisine \u00e9teleket, amelyeket k\u00f6zvetlen\u00fcl a fed\u00e9lzeten szolg\u00e1lnak fel.<\/li>\n<li><strong>Pezsg\u0151- \u00e9s kavi\u00e1rk\u00f3stol\u00f3:<\/strong> Pr\u00e9mium pezsg\u0151, t\u00f6k\u00e9letesen p\u00e1ros\u00edtva a legfinomabb kavi\u00e1rok v\u00e1logatott v\u00e1laszt\u00e9k\u00e1val.<\/li>\n<li><strong>Bor \u00e9s \u00ednyenc bef\u0151ttek p\u00e1ros\u00edt\u00e1sa:<\/strong> Eleg\u00e1ns bork\u00f3stol\u00f3 olyan cs\u00facsmin\u0151s\u00e9g\u0171 konzervekkel p\u00e1ros\u00edtva, mint a kagyl\u00f3, a kagyl\u00f3 vagy a tonhalhas\u00fa.<\/li>\n<li><strong>Jet Ski b\u00e9rl\u00e9s:<\/strong> El\u00e9rhet\u0151 La Caleta, Masca vagy Arme\u00f1ime k\u00f6zel\u00e9ben t\u00f6rt\u00e9n\u0151 horgonyz\u00e1s sor\u00e1n.<\/li>\n<li><strong>Flyboard \u00e9lm\u00e9ny:<\/strong> Rep\u00fclj\u00f6n az \u00f3ce\u00e1n felett teljes biztons\u00e1gban \u00e9s fel\u00fcgyelet mellett.<\/li>\n<li><strong>Felf\u00fajhat\u00f3 v\u00edzi j\u00e1t\u00e9kok:<\/strong> Csoportos sz\u00f3rakoz\u00e1s ban\u00e1ncs\u00f3nakokkal \u00e9s m\u00e1s, a t\u00e1mogat\u00f3 haj\u00f3 \u00e1ltal vontatott haj\u00f3kkal.<\/li>\n<li><strong>B\u00fav\u00e1rkod\u00e1s:<\/strong> Felfedez\u0151 mer\u00fcl\u00e9s oktat\u00f3val (nem sz\u00fcks\u00e9ges tapasztalat) vagy min\u0151s\u00edtett mer\u00fcl\u00e9s helyi vezet\u0151vel.<\/li>\n<li><strong>Sporthorg\u00e1szat:<\/strong> Minden sz\u00fcks\u00e9ges felszerel\u00e9s a m\u00e9lytengeri hal\u00e1szathoz, fed\u00e9lzeti t\u00e1mogat\u00e1ssal.<\/li>\n<\/ul>\n<h3>\ud83d\udea4 <strong>V\u00e1lassza ki az \u00d6nnek legmegfelel\u0151bb id\u0151tartamot<\/strong><\/h3>\n<p>A Bellini t\u00f6bbf\u00e9le lehet\u0151s\u00e9get k\u00edn\u00e1l, \u00edgy \u00d6n megtervezheti a t\u00f6k\u00e9letes <strong>Haj\u00f3k\u00f6lcs\u00f6nz\u00e9s Tenerif\u00e9n<\/strong>:<\/p>\n<ul>\n<li><strong>3 \u00f3r\u00e1s charter:<\/strong> R\u00f6vid luxusutaz\u00e1s l\u00e1tv\u00e1nyos kil\u00e1t\u00e1ssal, italokkal \u00e9s harapnival\u00f3kkal a fed\u00e9lzeten.<\/li>\n<li><strong>5 \u00f3r\u00e1s charter:<\/strong> Tartalmazza az \u00f6sszes l\u00e9nyeges elemet, valamint paell\u00e1t \u00e9s extra id\u0151t a v\u00edz \u00e9s a tengerpart \u00e9lvez\u00e9s\u00e9re.<\/li>\n<li><strong>8 \u00f3r\u00e1s charter:<\/strong> Egy teljes nap a tengeren Los Gigantes, Masca \u00e9s m\u00e9g sok m\u00e1s felfedez\u00e9s\u00e9re! Ide\u00e1lis azok sz\u00e1m\u00e1ra, akik a teljes Bellini-\u00e9lm\u00e9nyre v\u00e1gynak.<\/li>\n<\/ul>\n<h3>\u2705 <strong>Mit tartalmaz a charter<\/strong><\/h3>\n<ul>\n<li>Friss gy\u00fcm\u00f6lcs\u00f6s \u00fcdv\u00f6zl\u0151 t\u00e1l<\/li>\n<li>5J ib\u00e9riai sonka \u00e9s pr\u00e9mium felv\u00e1gottak<\/li>\n<li>Nyitott b\u00e1r: cava, bor, s\u00f6r, v\u00edz, gy\u00fcm\u00f6lcslevek \u00e9s \u00fcd\u00edt\u0151k<\/li>\n<li>\u00dcdv\u00f6zl\u0151 koccint\u00e1s Chandon Spritzzel.<\/li>\n<li>Paddle surf, snorkel, GoPro &amp; Polaroid haszn\u00e1lat<\/li>\n<li>Gourmet paella (az 5. \u00f3r\u00e1t\u00f3l)<\/li>\n<li>Cs\u00f3nakkal val\u00f3 hozz\u00e1f\u00e9r\u00e9s a strandhoz<\/li>\n<li>Napoz\u00e1s \u00e9s \u00e1rny\u00e9kos ter\u00fcletek a fed\u00e9lzeten<\/li>\n<li>Tapasztalt, t\u00f6bbnyelv\u0171 szem\u00e9lyzet<\/li>\n<\/ul>\n<h3>\ud83d\udccd <strong>Indul\u00e1s Puerto de Los Gigantesb\u00f3l<\/strong><\/h3>\n<p class=\"translation-block\">A Bellini Tenerife nyugati partj\u00e1r\u00f3l indul, pontosabban <a href=\"https:\/\/maps.app.goo.gl\/Xq4LkTRqPjHQzRBE8\" target=\"_blank\" rel=\"noopener\">Puerto de Los Gigantes<\/a>. Ez a hely az els\u0151 sorb\u00f3l k\u00edn\u00e1l hozz\u00e1f\u00e9r\u00e9st Los Gigantes fens\u00e9ges szikl\u00e1ihoz \u00e9s a leny\u0171g\u00f6z\u0151 Masca-partvonalhoz, a sziget egyik legikonikusabb \u00e9s legeldugottabb r\u00e9sz\u00e9hez. A kik\u00f6t\u0151 k\u00f6nnyen megk\u00f6zel\u00edthet\u0151 aut\u00f3val, \u00e9s javasoljuk, hogy 15 perccel az indul\u00e1s el\u0151tt \u00e9rkezzen meg.<\/p>\n<h4>\ud83d\udcdc <strong>Egyszer\u0171 foglal\u00e1s \u00e9s rugalmas lemond\u00e1si felt\u00e9telek<\/strong><\/h4>\n<p>Az CanaryVIP-n\u00e9l azt szeretn\u00e9nk, hogy az \u00d6n tapasztalata m\u00e1r a kezdetekt\u0151l fogva z\u00f6kken\u0151mentes legyen. Lemond\u00e1si felt\u00e9teleink vil\u00e1gosak \u00e9s tisztess\u00e9gesek:<\/p>\n<ul>\n<li><strong>Id\u0151j\u00e1r\u00e1si garancia:<\/strong> Ha a tengeri k\u00f6r\u00fclm\u00e9nyek nem biztons\u00e1gosak, \u00e1t\u00fctemezheti a programot, vagy k\u00e9rheti a teljes visszat\u00e9r\u00edt\u00e9st.<\/li>\n<li><strong>Ingyenes lemond\u00e1sok:<\/strong> Az utaz\u00e1s el\u0151tt legfeljebb 4 nappal ingyenesen lemondhatja vagy \u00e1t\u00fctemezheti a foglal\u00e1st. Az indul\u00e1s el\u0151tt 4 napon bel\u00fcli lemond\u00e1s eset\u00e9n az el\u0151leg nem t\u00e9r\u00edthet\u0151 vissza.<\/li>\n<\/ul>\n<h3>\ud83d\udd52 <strong>T\u00f6bbnapos \u00e9s t\u00f6bbnapos lehet\u0151s\u00e9gek<\/strong><\/h3>\n<p>A Bellini nem csak egynapos charterek sz\u00e1m\u00e1ra k\u00e9sz\u00fclt - tegye m\u00e9g k\u00fcl\u00f6nlegesebb\u00e9 menek\u00fcl\u00e9s\u00e9t:<\/p>\n<ul>\n<li>T\u00f6ltse az \u00e9jszak\u00e1t a fed\u00e9lzeten, \u00e9s \u00e9bredjen az \u00f3ce\u00e1n hangj\u00e1ra.<\/li>\n<li>K\u00e9sz\u00edtse el egy\u00e9ni \u00fatiterv\u00e9t romantikus kiruccan\u00e1sokhoz, \u00fcnneps\u00e9gekhez vagy t\u00f6bbnapos vitorl\u00e1s kalandokhoz.<\/li>\n<\/ul>\n<h3>\ud83d\udc68\u200d\u2708\ufe0f <strong>Miel\u0151tt besz\u00e1ll - Gyors tippek<\/strong><\/h3>\n<p>Hogy a legt\u00f6bbet hozza ki az utaz\u00e1sb\u00f3l:<\/p>\n<ul>\n<li>K\u00e9sz\u00edtse el\u0151 az CanaryVIP visszaigazol\u00e1st (nyomtatott vagy digit\u00e1lis form\u00e1ban).<\/li>\n<li>Hozzon mag\u00e1val f\u00fcrd\u0151ruh\u00e1t, t\u00f6r\u00f6lk\u00f6z\u0151t \u00e9s naptejet.<\/li>\n<li>A tengeribetegs\u00e9g megel\u0151z\u00e9se \u00e9rdek\u00e9ben el\u0151tte egy\u00e9l valami k\u00f6nny\u0171 \u00e9telt, \u00e9s ker\u00fcld az alkoholt.<\/li>\n<li>V\u00e1lassza ki kedvenc hely\u00e9t - napf\u00e9nyes vagy \u00e1rny\u00e9kos - \u00e9s k\u00e9sz\u00fclj\u00f6n fel a pihen\u00e9sre.<\/li>\n<\/ul>\n<h3>\ud83d\udcac <strong>Foglaljon most a CanaryVIP oldalon.<\/strong><\/h3>\n<p>Az CanaryVIP-n\u00e9l \u00f6sszek\u00f6tj\u00fck az utaz\u00f3kat a legjobb min\u0151s\u00e9g\u0171 \u00e9lm\u00e9nyekkel Tenerife-szerte. Ha a k\u00f6vetkez\u0151kre v\u00e1gyik <strong>b\u00e9reljen luxusjachtot Tenerif\u00e9n<\/strong> \u00e9s igazi st\u00edlusban fedezze fel Los Gigantest vagy Masc\u00e1t, a Bellini az egyik legjobb v\u00e1laszt\u00e1s.<br \/>\n\ud83d\udc49 <a href=\"https:\/\/canaryvip.com\/hu\/tenerife\/boat-hire-tenerife\/\">Ellen\u0151rizze a rendelkez\u00e9sre \u00e1ll\u00e1st \u00e9s foglaljon most<\/a> - a luxuskaland csak n\u00e9h\u00e1ny kattint\u00e1snyira van.<\/p>","protected":false},"excerpt":{"rendered":"<p><strong>\ud83d\udd0d Bellini Yacht Charter:<\/strong><br \/>\n\u2705 Biztons\u00e1gos fizet\u00e9s.<br \/>\n\ud83d\udee5\ufe0f 14m Yacht Comfort.<br \/>\n\u23f3 Napi 3-8 \u00f3r\u00e1s t\u00far\u00e1k.<br \/>\n\ud83d\udd59 Testreszabhat\u00f3 indul\u00e1si id\u0151k.<br \/>\n\ud83c\udf74 \u00c9tkez\u00e9st \u00e9s italokat tartalmaz.<br \/>\n\ud83d\udc65 Legfeljebb 10 vend\u00e9g.<br \/>\n\ud83c\udfc4\u200d\u2640\ufe0f Paddle Boards Included.<br \/>\n\ud83e\udd3f Snorkel felszerel\u00e9s biztos\u00edtott.<br \/>\n\ud83e\udd11 Garant\u00e1ltan legjobb \u00e1r.<br \/>\n\ud83d\udc6a Kedvezm\u00e9nyek aktiv\u00e1lva.<br \/>\n\ud83d\udd01 Ak\u00e1r 4 napos lemond\u00e1s.<br \/>\n\ud83c\udf0d T\u00f6bbnyelv\u0171 leg\u00e9nys\u00e9g.<br \/>\n\ud83c\udf1f Foglaljon kor\u00e1n \u00e9s takar\u00edtson meg!<br \/>\n\ud83d\udccd Indul\u00e1s a <a href=\"https:\/\/maps.app.goo.gl\/Xq4LkTRqPjHQzRBE8\">Los Gigantes<\/a>.<\/p>","protected":false},"featured_media":15376,"comment_status":"open","ping_status":"closed","template":"","meta":{"_acf_changed":false},"product_brand":[],"product_cat":[47],"product_tag":[],"class_list":{"0":"post-15373","1":"product","2":"type-product","3":"status-publish","4":"has-post-thumbnail","6":"product_cat-boat-hire-tenerife","7":"wcpa_has_options","9":"first","10":"instock","11":"virtual","12":"purchasable","13":"product-type-simple"},"acf":[],"wcpa_form_fields":{"wcpaData":{"product":{"product_price":1060,"price_html":"From&nbsp;<span class=\"woocommerce-Price-amount amount\"><bdi>1.060,00&nbsp;<span class=\"woocommerce-Price-currencySymbol\">&euro;<\/span><\/bdi><\/span>","original_product_price":1060,"price_including_tax":1060,"price_excluding_tax":1060,"product_id":{"parent":15373,"variation":false},"is_variable":false,"stock_status":"instock","stock_quantity":null,"parent_sku":"CV15373","product_attributes":[],"custom_fields":[],"is_taxable":false,"product_name":"Bellini Luxury Yacht Tenerife","hasImage":false},"fields":{"sec_968949ba2884ff":{"extra":{"key":"sec_968949ba2884ff","section_id":"sec_968949ba2884ff","name":"Default","status":1,"cl_rule":"show","enableCl":false,"relations":[],"toggle":true,"title_tag":"h3","show_title":false,"showPrice":"default","form_id":15383,"form_rules":{"exclude_from_discount":true,"fee_label":"Fee","disp_hide_options_price":true,"disp_show_section_price":false,"disp_show_field_price":true,"layout_option":"standard","pric_use_as_fee":false,"process_fee_as":"woo_fee"},"layout_option":"standard"},"fields":[[{"label":"\ud83d\udcc5 Date","active":true,"required":true,"elementId":"date_868949ba288522","picker_type":"custom","picker_mode":"single","placeholder":"","description":"","tooltip":"","name":"date_868949ba288522","label_position":"default","desc_position":"default","enablePrice":false,"className":"","enableCl":false,"relations":[{"operator":"and","rules":[{"operator":"AND","rules":{"cl_field":"radio-group_565c78ffa81208","cl_relation":"is","cl_val":"3 Hour Trip"}}]}],"date_pic_inline":true,"date_pic_inline_hide":true,"min_date":{"type":"days","val":"1"},"max_date":{"type":"days","val":"365"},"date_pic_conf":{"disabledWeeks":[],"disabledDates":["2025-04-18 to 2025-04-24"]},"price":"","cl_rule":"show","col":6,"type":"date","error":false,"enableDesign":false,"LabelColor":"","isWeightTemplate":false,"isTemplate":false,"min_quantity":"1","quantity_decimal":false,"quantity_step":"1","quantity_label":"Quantity","repeater_field_label":"{field_label}","repeater_bind":"","gt_translate_keys":["label","placeholder","description","tooltip","repeater_field_label","quantity_label"],"price_dependency":false,"cl_dependency":false,"value":""}],[{"elementId":"separator_268949ba28853d","separatorType":"blank","className":"","height":"3","enableCl":false,"relations":false,"cl_rule":"show","col":6,"type":"separator","error":false,"gt_translate_keys":[],"price_dependency":false,"cl_dependency":false,"value":""}],[{"active":true,"col":6,"relations":[{"operator":false,"rules":[{"operator":"AND","rules":{"cl_field":"radio-group_565c78ffa81208","cl_relation":"is","cl_val":"3 Hour Trip"}}]}],"cl_rule":"show","enableCl":false,"price":"","enablePrice":false,"className":"","label_position":"default","desc_position":"default","type":"select","required":false,"elementId":"select_468949ba288577","label":"\u23f0 Departure Time","name":"select_468949ba288577","values":[{"label":"09:00","value":"09:00","selected":false,"tempId":"aco_1471","gt_translate_keys":["label"]},{"label":"10:00","value":"10:00","selected":false,"tempId":"aco_1472","gt_translate_keys":["label"]},{"label":"11:00","value":"11:00","selected":false,"tempId":"aco_1500","gt_translate_keys":["label"]},{"label":"12:00","value":"12:00","selected":false,"tempId":"aco_1510","gt_translate_keys":["label"]},{"label":"13:00 (1:00 PM)","value":"13:00","selected":false,"tempId":"aco_1520","gt_translate_keys":["label"]},{"label":"14:00 (2:00 PM)","value":"14:00","selected":false,"tempId":"aco_1728","gt_translate_keys":["label"]},{"label":"15:00 (3:00 PM)","value":"15:00","selected":false,"tempId":"aco_1738","gt_translate_keys":["label"]}],"dropdown_type":"basic","error":false,"placeholder":"Whichever Time is Best","isWeightTemplate":false,"isTemplate":false,"min_quantity":"1","quantity_decimal":false,"quantity_step":"1","quantity_label":"Quantity","repeater_field_label":"{field_label}","repeater_bind":"","gt_translate_keys":["label","placeholder","repeater_field_label","quantity_label"],"price_dependency":false,"cl_dependency":false,"value":""}],[{"active":true,"col":6,"relations":false,"cl_rule":"show","enableCl":false,"price":"","enablePrice":true,"className":"","label_position":"default","desc_position":"default","type":"select","required":true,"elementId":"select_1068949ba288548","label":"\u23f3 Trip Duration","name":"select_1068949ba288548","values":[{"label":"3 Hours (1.060\u20ac)","value":"3h","selected":false,"tempId":"aco_556","price":"1060","gt_translate_keys":["label"]},{"label":"4 Hours (1.275\u20ac)","value":"4H","selected":false,"tempId":"aco_181","price":"1275","gt_translate_keys":["label"]},{"label":"5 Hours (1.490\u20ac)","value":"5h","selected":false,"tempId":"aco_281","price":"1490","gt_translate_keys":["label"]},{"label":"6 Hours (1.700\u20ac)","value":"6h","selected":false,"tempId":"aco_605","price":"1700","gt_translate_keys":["label"]},{"label":"7 Hours (1.915\u20ac)","value":"7h","selected":false,"tempId":"aco_381","price":"1915","gt_translate_keys":["label"]},{"label":"8 Hours (2.130\u20ac)","value":"8h","selected":false,"tempId":"aco_724","price":"2130","gt_translate_keys":["label"]}],"dropdown_type":"basic","error":false,"placeholder":"Select Trip Duration","priceOptions":"different_for_all","pricingType":"fixed","is_show_price":false,"isWeightTemplate":false,"isTemplate":false,"min_quantity":"1","quantity_decimal":false,"quantity_step":"1","quantity_label":"Quantity","repeater_field_label":"{field_label}","repeater_bind":"","gt_translate_keys":["label","placeholder","repeater_field_label","quantity_label"],"price_dependency":false,"cl_dependency":false,"value":""}],[{"label":"\u2705 Number of People","active":true,"required":true,"elementId":"select_168949ba28858b","dropdown_type":"basic","placeholder":"Select Number of People","name":"select_168949ba28858b","label_position":"default","desc_position":"default","enablePrice":true,"className":"","enableCl":false,"relations":[{"operator":false,"rules":[{"operator":"AND","rules":{"cl_field":"radio-group_565c78ffa81208","cl_relation":"is","cl_val":"3 Hour Trip"}}]}],"values":[{"label":"1 person","value":"1","selected":false,"tempId":"aco_1471","price":"0","gt_translate_keys":["label"]},{"label":"2 people","value":"2","selected":false,"tempId":"aco_1472","price":"0","gt_translate_keys":["label"]},{"label":"3 people","value":"3","selected":false,"tempId":"aco_1500","price":"0","gt_translate_keys":["label"]},{"label":"4 people","value":"4","selected":false,"tempId":"aco_1510","price":"0","gt_translate_keys":["label"]},{"label":"5 people","value":"5","selected":false,"tempId":"aco_1520","price":"0","gt_translate_keys":["label"]},{"label":"6 people (+120\u20ac)","value":"6","selected":false,"tempId":"aco_1728","price":"120","gt_translate_keys":["label"]},{"label":"7 people (+240\u20ac)","value":"7","selected":false,"tempId":"aco_1738","price":"240","gt_translate_keys":["label"]},{"label":"8 people (+360\u20ac)","value":"8","selected":false,"tempId":"aco_1922","price":"360","gt_translate_keys":["label"]},{"label":"9 People (+480\u20ac)","value":"9","selected":false,"tempId":"aco_220","price":"480","gt_translate_keys":["label"]},{"label":"10 People (+600\u20ac)","value":"10","selected":false,"tempId":"aco_311","price":"600","gt_translate_keys":["label"]}],"price":"","cl_rule":"show","col":6,"type":"select","error":false,"isWeightTemplate":false,"isTemplate":false,"min_quantity":"1","quantity_decimal":false,"quantity_step":"1","quantity_label":"Quantity","repeater_field_label":"{field_label}","repeater_bind":"","priceOptions":"different_for_all","pricingType":"fixed","gt_translate_keys":["label","placeholder","repeater_field_label","quantity_label"],"price_dependency":false,"cl_dependency":false,"value":""}],[{"active":true,"col":6,"relations":false,"cl_rule":"show","enableCl":false,"price":"","enablePrice":true,"className":"","label_position":"default","desc_position":"default","type":"select","required":false,"elementId":"select_368949ba288551","label":"\ud83d\udca6 Add jet-skis?","name":"select_368949ba288551","values":[{"label":"1 JetSki for 1 Hour (345\u20ac)","value":"1 x Jetski for 1 Hour","selected":false,"tempId":"aco_2501","price":"345","gt_translate_keys":["label"]},{"label":"2 JetSkis for 1 Hour (690\u20ac)","value":"2 x JetSki for 1 Hour","selected":false,"tempId":"aco_2502","price":"690","gt_translate_keys":["label"]}],"dropdown_type":"basic","error":false,"description":"Private JetSki tour from the boat with a JetSki instructor.","placeholder":"None","priceOptions":"different_for_all","pricingType":"fixed","is_show_price":false,"isWeightTemplate":false,"isTemplate":false,"min_quantity":"1","quantity_decimal":false,"quantity_step":"1","quantity_label":"Quantity","repeater_field_label":"{field_label}","repeater_bind":"","gt_translate_keys":["label","placeholder","description","repeater_field_label","quantity_label"],"price_dependency":false,"cl_dependency":false,"value":""}]]}},"config":{"price_override":"always","enable_recaptcha":false,"bind_quantity":false,"quantity_bind_formula":false,"disp_summ_show_option_price":true,"disp_summ_show_product_price":false,"disp_summ_show_total_price":true,"disp_summ_show_fee":true,"disp_summ_show_discount":true,"summary_title":"","options_total_label":"Options Price","total_label":"Total Amount","options_product_label":"Product Price","fee_label":"Fee","discount_label":"Discount","has_price":true,"has_quantity_formula":false},"mc_unit":1,"tax_rate":1,"tax_rate_real":1,"discount":{"percentage":0,"fixed":0},"design":{"conf":{"LabelPosition":"above","DescPosition":"above","UploadField":"custom_1","QuantityFieldStyle":"custom_1"},"css":{"LeftLabelWidth":"120px"}},"formulas":{"fmla_1708360988969136756":"(({field.select_56638eb5b235ae.value}>=3)?(1200):(({field.select_56638eb5b235ae.value}>=2)?(850):(({field.select_56638eb5b235ae.value}>=1)?(540):(0))))","fmla_1708364241278155361":"(({field.select_5841412719.value}>=8)?({field.select_5841412719.price}):(({field.select_5841412719.value}>=5)?({field.select_5841412719.price}):(({field.select_5841412719.value}>=3)?({field.select_5841412719.price}):(0))))"},"lookuptables":[],"clones":false,"cartKey":false}},"_links":{"self":[{"href":"https:\/\/canaryvip.com\/hu\/wp-json\/wp\/v2\/product\/15373","targetHints":{"allow":["GET"]}}],"collection":[{"href":"https:\/\/canaryvip.com\/hu\/wp-json\/wp\/v2\/product"}],"about":[{"href":"https:\/\/canaryvip.com\/hu\/wp-json\/wp\/v2\/types\/product"}],"replies":[{"embeddable":true,"href":"https:\/\/canaryvip.com\/hu\/wp-json\/wp\/v2\/comments?post=15373"}],"wp:featuredmedia":[{"embeddable":true,"href":"https:\/\/canaryvip.com\/hu\/wp-json\/wp\/v2\/media\/15376"}],"wp:attachment":[{"href":"https:\/\/canaryvip.com\/hu\/wp-json\/wp\/v2\/media?parent=15373"}],"wp:term":[{"taxonomy":"product_brand","embeddable":true,"href":"https:\/\/canaryvip.com\/hu\/wp-json\/wp\/v2\/product_brand?post=15373"},{"taxonomy":"product_cat","embeddable":true,"href":"https:\/\/canaryvip.com\/hu\/wp-json\/wp\/v2\/product_cat?post=15373"},{"taxonomy":"product_tag","embeddable":true,"href":"https:\/\/canaryvip.com\/hu\/wp-json\/wp\/v2\/product_tag?post=15373"}],"curies":[{"name":"wp","href":"https:\/\/api.w.org\/{rel}","templated":true}]}}