{"id":14185,"date":"2025-04-11T10:44:51","date_gmt":"2025-04-11T09:44:51","guid":{"rendered":"https:\/\/canaryvip.com\/?post_type=product&#038;p=14185"},"modified":"2025-08-09T13:53:28","modified_gmt":"2025-08-09T12:53:28","slug":"jetski-circuit-tenerife","status":"publish","type":"product","link":"https:\/\/canaryvip.com\/hu\/shop\/jetski-circuit-tenerife\/","title":{"rendered":"JetSki Circuit Tenerife"},"content":{"rendered":"<h2>\ud83d\udea4 20 perc Jetski Circuit Tenerife<\/h2>\n<p>Egy gyors \u00e9s izgalmas tev\u00e9kenys\u00e9get keres, amely m\u00e9g felejthetetlenebb\u00e9 teszi a tenerifei nyaral\u00e1s\u00e1t? A <strong>Jetski p\u00e1lya Tenerife<\/strong> a t\u00f6k\u00e9letes v\u00e1laszt\u00e1s, ha sebess\u00e9gre, tengerre \u00e9s adrenalinra v\u00e1gyik an\u00e9lk\u00fcl, hogy \u00f3r\u00e1kat t\u00f6ltene egy t\u00far\u00e1n. Ez egy 20 perces \u00e9lm\u00e9ny, amely megadja a szabads\u00e1got, hogy a saj\u00e1t temp\u00f3dban, biztons\u00e1gos \u00e9s ellen\u0151rz\u00f6tt k\u00f6rnyezetben, k\u00f6zvetlen\u00fcl az \u00f3ce\u00e1nban, Playa Fa\u00f1ab\u00e9 k\u00f6zel\u00e9ben jet-skizhess.<\/p>\n<h3>\ud83c\udf0a Mi az a Jetski Circuit?<\/h3>\n<p>Ez nem egy <a href=\"https:\/\/canaryvip.com\/hu\/shop\/jetski-tenerife\/\">JetSki vezetett parti t\u00fara<\/a> vagy szafari. A jetski k\u00f6rp\u00e1lya egy b\u00f3j\u00e1kkal kijel\u00f6lt hurok a tengeren, a Puerto Col\u00f3n \u00e9s Playa Fa\u00f1ab\u00e9 k\u00f6z\u00f6tti partvonal k\u00f6zel\u00e9ben. Ezt a k\u00f6rt annyiszor j\u00e1rhatod k\u00f6rbe, ah\u00e1nyszor csak szeretn\u00e9d a 20 perces \u00fcl\u00e9s alatt. A ter\u00fcletet oktat\u00f3k fel\u00fcgyelik, \u00edgy teljes lelki nyugalommal \u00e9lvezheted az izgalmakat.<\/p>\n<p>Ez az ide\u00e1lis m\u00f3dja annak, hogy kipr\u00f3b\u00e1lja a jet ski-t, ha kev\u00e9s az ideje, vagy ha csak egy gyors sz\u00f3rakoz\u00e1sra v\u00e1gyik. Ak\u00e1r egyed\u00fcl, ak\u00e1r a bar\u00e1taiddal, ak\u00e1r p\u00e1rban csin\u00e1lod, ez garant\u00e1ltan energi\u00e1t ad a strandol\u00e1shoz.<\/p>\n<h3>\ud83d\udccd Hol t\u00f6rt\u00e9nik \u00e9s hogyan juthatsz el od\u00e1ig<\/h3>\n<p>A tev\u00e9kenys\u00e9g az \u00f3ce\u00e1nban zajlik, k\u00f6zvetlen\u00fcl <a href=\"https:\/\/maps.app.goo.gl\/n9D5BT5K5VsxNcbH7\" target=\"_blank\" rel=\"noopener\"><strong>Puerto Col\u00f3n,<\/strong><\/a> , Costa Adeje egyik f\u0151 kik\u00f6t\u0151je. K\u00f6nnyen eljuthat oda gyalog vagy taxival, de ha a tengerparton van, mi m\u00e9g k\u00f6nnyebb\u00e9 tessz\u00fck a dolg\u00e1t - k\u00edn\u00e1lunk egy <strong>ingyenes cs\u00f3nakfelv\u00e9tel<\/strong> szolg\u00e1ltat\u00e1s t\u00f6bb k\u00f6zeli strandr\u00f3l:<\/p>\n<ul>\n<li>\ud83c\udfd6\ufe0f Playa de Troya<\/li>\n<li>\ud83c\udfd6\ufe0f Playa Fa\u00f1ab\u00e9<\/li>\n<li>\ud83c\udfd6\ufe0f Playa Torviscas<\/li>\n<li>\ud83c\udfd6\ufe0f Playa del Duque<\/li>\n<li>\u26f5 Puerto Col\u00f3n maga<\/li>\n<\/ul>\n<p>A foglal\u00e1skor csak adja meg nek\u00fcnk az \u00d6n \u00e1ltal prefer\u00e1lt partot, \u00e9s a csapat egyik tagja haj\u00f3val elviszi \u00d6nt a kiindul\u00e1si pontra. Ez gyors, egyszer\u0171 \u00e9s az \u00e9lm\u00e9ny r\u00e9sze.<\/p>\n<h3>\u2699\ufe0f Amit tartalmaz<\/h3>\n<p>Minden, amire a sz\u00f3rakoztat\u00f3 \u00e9s biztons\u00e1gos utaz\u00e1shoz sz\u00fcks\u00e9ged lehet, benne van:<\/p>\n<ul>\n<li>\u2705 20 perc jet skiing egy kijel\u00f6lt ny\u00edltv\u00edzi p\u00e1ly\u00e1n<\/li>\n<li>\u2705 Modern Yamaha jet ski, k\u00f6nnyen kezelhet\u0151 \u00e9s nagyon stabil<\/li>\n<li>\u2705 Ment\u0151mell\u00e9ny minden r\u00e9sztvev\u0151nek.<\/li>\n<li>\u2705 Biztons\u00e1gi eligaz\u00edt\u00e1s \u00e9s fel\u00fcgyelet k\u00e9pzett oktat\u00f3k \u00e1ltal<\/li>\n<\/ul>\n<p>Nincs sz\u00fcks\u00e9g kor\u00e1bbi tapasztalatra. Miel\u0151tt elkezden\u00e9, csapatunk elmagyar\u00e1zza, hogyan m\u0171k\u00f6dik minden, hogy \u00d6n magabiztosnak \u00e9s k\u00e9sznek \u00e9rezze mag\u00e1t, \u00e9s m\u00e1r az els\u0151 m\u00e1sodperct\u0151l kezdve \u00e9lvezze az \u00e9lm\u00e9nyt.<\/p>\n<h3>\ud83d\udc65 Ki csatlakozhat?<\/h3>\n<p>Ez a tev\u00e9kenys\u00e9g szinte mindenki sz\u00e1m\u00e1ra alkalmas, felt\u00e9ve, hogy j\u00f3l \u00e9rzi mag\u00e1t a v\u00edzben. Nagyszer\u0171 lehet\u0151s\u00e9g azoknak, akik egy kis kalandot keresnek an\u00e9lk\u00fcl, hogy egy eg\u00e9sz napos programra v\u00e1llalkozn\u00e1nak.<\/p>\n<ul>\n<li>\u2714\ufe0f A j\u00e1rm\u0171vezet\u0151knek legal\u00e1bb 16 \u00e9vesnek kell lenni\u00fck, \u00e9s \u00edr\u00e1sos sz\u00fcl\u0151i beleegyez\u00e9ssel kell rendelkezni\u00fck.<\/li>\n<li>\u2714\ufe0f A fiatalabb r\u00e9sztvev\u0151k feln\u0151tt k\u00eds\u00e9r\u0151jek\u00e9nt csatlakozhatnak.<\/li>\n<li>\ud83d\udeab Nem alkalmas terhes vend\u00e9gek sz\u00e1m\u00e1ra.<\/li>\n<\/ul>\n<h3>\ud83d\udccb J\u00f3 tudni, miel\u0151tt elindulsz<\/h3>\n<ul>\n<li>\ud83d\udd52 K\u00e9rj\u00fck, \u00e9rkezzen 30 perccel a lefoglalt id\u0151pont el\u0151tt.<\/li>\n<li>\ud83c\udf7d\ufe0f Ker\u00fclje a neh\u00e9z \u00e9telek fogyaszt\u00e1s\u00e1t a tev\u00e9kenys\u00e9g el\u0151tt, hogy megel\u0151zze a kellemetlens\u00e9geket.<\/li>\n<li>\ud83d\udc59 Hozzon mag\u00e1val f\u00fcrd\u0151ruh\u00e1t, t\u00f6r\u00f6lk\u00f6z\u0151t \u00e9s naptejet.<\/li>\n<li>\ud83d\udc63 Cip\u0151it \u00e9s szem\u00e9lyes holmij\u00e1t biztons\u00e1gosan t\u00e1roljuk az utaz\u00e1s alatt.<\/li>\n<\/ul>\n<h3>\ud83d\udcac Mi\u00e9rt v\u00e1lassza a Jetski Circuit Tenerife-ot?<\/h3>\n<p>Ez az \u00e9lm\u00e9ny gyors, megfizethet\u0151 \u00e9s tele van izgalmakkal. T\u00f6k\u00e9letes, ha szeretne belek\u00f3stolni a jetskiz\u00e9sbe an\u00e9lk\u00fcl, hogy a f\u00e9l napj\u00e1t a v\u00edzen t\u00f6lten\u00e9. A p\u00e1lya k\u00f6zel van a parthoz, k\u00f6nnyen megk\u00f6zel\u00edthet\u0151, \u00e9s ide\u00e1lis kezd\u0151knek vagy b\u00e1rkinek, aki csak egy kis akci\u00f3ra v\u00e1gyik a nyaral\u00e1s sor\u00e1n.<\/p>\n<p>Ugyanazt az izgalmat kapja, mint egy hosszabb t\u00far\u00e1n, de egy r\u00f6vid \u00e9s koncentr\u00e1lt \u00fcl\u00e9sen, amely t\u00f6k\u00e9letesen illeszkedik a terveihez. Ak\u00e1r a k\u00f6zelben lakik, ak\u00e1r csak egy napra l\u00e1togat el, ez az egyik legjobb gyors kaland Costa Adeje-ben.<\/p>\n<h3>\u2696\ufe0f Lemond\u00e1si felt\u00e9telek<\/h3>\n<p>Meg\u00e9rtj\u00fck, hogy a tervek v\u00e1ltozhatnak, k\u00fcl\u00f6n\u00f6sen nyaral\u00e1skor. Ez\u00e9rt k\u00edn\u00e1lunk rugalmas lemond\u00e1si felt\u00e9teleket a Jetski Circuit sz\u00e1m\u00e1ra:<\/p>\n<ul>\n<li>\u2705 Ingyenes lemond\u00e1s a tervezett \u00fcl\u00e9s el\u0151tt 24 \u00f3r\u00e1val.<\/li>\n<li>\u2705 Teljes visszat\u00e9r\u00edt\u00e9s, ha a tev\u00e9kenys\u00e9get az id\u0151j\u00e1r\u00e1si vagy biztons\u00e1gi k\u00f6r\u00fclm\u00e9nyek miatt t\u00f6rlik.<\/li>\n<li>\u274c A tev\u00e9kenys\u00e9g el\u0151tt 24 \u00f3r\u00e1val t\u00f6rt\u00e9n\u0151 lemond\u00e1s eset\u00e9n a r\u00e9szv\u00e9teli d\u00edj nem ker\u00fcl visszat\u00e9r\u00edt\u00e9sre.<\/li>\n<li>\u274c A meg nem jelen\u00e9sek semmilyen helyzetben nem t\u00e9r\u00edthet\u0151k vissza.<\/li>\n<\/ul>\n<p>Ha le kell mondania vagy \u00e1t kell \u00fctemeznie, csak l\u00e9pjen kapcsolatba vel\u00fcnk a lehet\u0151 leghamarabb, hogy seg\u00edthess\u00fcnk \u00d6nnek. Az\u00e9rt vagyunk itt, hogy \u00d6n nyugodtan \u00e9lvezhesse az \u00e9lm\u00e9nyt.<\/p>\n<h3>\ud83c\udf1e Foglalja le jetki k\u00f6r\u00fatj\u00e1t most<\/h3>\n<p>Ne hagyja ki a lehet\u0151s\u00e9get, hogy Tenerife egyik legszebb hely\u00e9n lovagoljon a hull\u00e1mokon. Ak\u00e1r egyed\u00fcl, ak\u00e1r t\u00e1rsas\u00e1ggal \u00e9rkezik, a <strong>Jetski p\u00e1lya Tenerife<\/strong> t\u00f6k\u00e9letes m\u00f3dja annak, hogy adrenalint \u00e9s sz\u00f3rakoz\u00e1st adjon a szigeten t\u00f6lt\u00f6tt id\u0151h\u00f6z.<\/p>\n<p><strong>Foglalja le hely\u00e9t m\u00e9g ma<\/strong> \u00e9s k\u00e9sz\u00fclj fel 20 perc non-stop akci\u00f3ra Puerto Col\u00f3n vizein.<\/p>","protected":false},"excerpt":{"rendered":"<p><strong>\ud83d\udd0d JetSki Circuit Tenerife:<\/strong><br \/>\n<span>\u2705 Biztons\u00e1gos fizet\u00e9s.<\/span><br \/>\n<span>\ud83c\udf1f Felejthetetlen \u00e9lm\u00e9ny.<\/span><br \/>\n<span>\ud83d\ude80 20 perces k\u00f6r.<\/span><br \/>\n<span>\ud83d\udcc6 Naponta el\u00e9rhet\u0151.<\/span><br \/>\n<span>\ud83d\udd59 T\u00f6bb id\u0151keret.<\/span><br \/>\n<span>\ud83d\udc66 +7 \u00e9v csatlakozhat.<\/span><br \/>\n<span>\ud83d\udc64 +16 \u00e9ves lehet.<\/span><br \/>\n<span>\ud83e\udd11 Garant\u00e1ltan legjobb \u00e1r.<\/span><br \/>\n<span>\ud83d\udc6a Kedvezm\u00e9nyek aktiv\u00e1lva.<\/span><br \/>\n<span>\ud83d\udd01 Legfeljebb 24h lemond\u00e1s.<\/span><br \/>\n<span>\ud83c\udf1f Foglaljon most \u00e9s sp\u00f3roljon!<\/span><span><br \/>\n\ud83d\udea4 T\u00f6bb \u00e1tv\u00e9teli pont.<br \/>\n\ud83d\udccd Helysz\u00edn: Puerto Col\u00f3n.<br \/>\n<\/span><\/p>","protected":false},"featured_media":14189,"comment_status":"open","ping_status":"closed","template":"","meta":{"_acf_changed":false},"product_brand":[],"product_cat":[53],"product_tag":[],"class_list":{"0":"post-14185","1":"product","2":"type-product","3":"status-publish","4":"has-post-thumbnail","6":"product_cat-water-sports","7":"wcpa_has_options","9":"first","10":"instock","11":"virtual","12":"purchasable","13":"product-type-simple"},"acf":[],"wcpa_form_fields":{"wcpaData":{"product":{"product_price":60,"price_html":"From&nbsp;<span class=\"woocommerce-Price-amount amount\"><bdi>60,00&nbsp;<span class=\"woocommerce-Price-currencySymbol\">&euro;<\/span><\/bdi><\/span>","original_product_price":60,"price_including_tax":60,"price_excluding_tax":60,"product_id":{"parent":14185,"variation":false},"is_variable":false,"stock_status":"instock","stock_quantity":null,"parent_sku":"CV14185","product_attributes":[],"custom_fields":[],"is_taxable":false,"product_name":"JetSki Circuit Tenerife","hasImage":false},"fields":{"sec_867f8e4dbaf8ed":{"extra":{"key":"sec_867f8e4dbaf8ed","section_id":"sec_867f8e4dbaf8ed","name":"Default","status":1,"cl_rule":"show","enableCl":false,"relations":[],"toggle":true,"title_tag":"h3","show_title":false,"showPrice":"default","form_id":14187,"form_rules":{"exclude_from_discount":true,"fee_label":"Fee","disp_hide_options_price":true,"disp_show_section_price":false,"disp_show_field_price":true,"layout_option":"standard","pric_use_as_fee":false,"process_fee_as":"woo_fee"},"layout_option":"standard"},"fields":[[{"label":"\ud83d\udcc5 Date","active":true,"required":true,"elementId":"date_1067f8e4dbaf91a","picker_type":"custom","picker_mode":"single","placeholder":"","description":"","tooltip":"","name":"date_1067f8e4dbaf91a","label_position":"default","desc_position":"default","enablePrice":false,"className":"","enableCl":false,"relations":[{"operator":"and","rules":[{"operator":"AND","rules":{"cl_field":"radio-group_667e15d3bd15b0","cl_relation":"is","cl_val":"3 Hour Trip"}}]}],"date_pic_inline":true,"date_pic_inline_hide":true,"min_date":{"type":"days","val":"0"},"max_date":{"type":"days","val":"365"},"date_pic_conf":{"disabledWeeks":[]},"price":"","cl_rule":"show","col":6,"type":"date","error":false,"enableDesign":false,"LabelColor":"","gt_translate_keys":["label","placeholder","description","tooltip"],"price_dependency":false,"cl_dependency":false,"value":""}],[{"active":true,"col":6,"relations":false,"cl_rule":"show","enableCl":false,"price":"","enablePrice":false,"className":"","label_position":"default","desc_position":"default","type":"select","required":false,"elementId":"select_067f8e4dbaf935","label":"\ud83d\udccd Departure Point","name":"select_067f8e4dbaf935","values":[{"label":"Puerto Col\u00f3n","value":"Puerto Col\u00f3n","selected":true,"tempId":"aco_841","gt_translate_keys":["label"]},{"label":"Troya Beach","value":"Troya Beach","selected":false,"tempId":"aco_481","gt_translate_keys":["label"]},{"label":"Fa\u00f1ab\u00e9 Beach","value":"Fa\u00f1ab\u00e9 Beach","selected":false,"tempId":"aco_482","gt_translate_keys":["label"]},{"label":"Torviscas Beach","value":"Torviscas Beach","selected":false,"tempId":"aco_515","gt_translate_keys":["label"]},{"label":"El Duque Beach","value":"El Duque Beach","selected":false,"tempId":"aco_678","gt_translate_keys":["label"]}],"dropdown_type":"basic","error":false,"gt_translate_keys":["label"],"price_dependency":false,"cl_dependency":false,"value":""}],[{"active":true,"col":6,"relations":[{"operator":false,"rules":[{"operator":"AND","rules":{"cl_field":"radio-group_667e15d3bd15b0","cl_relation":"is","cl_val":"3 Hour Trip"}}]}],"cl_rule":"show","enableCl":false,"price":"","enablePrice":false,"className":"","label_position":"default","desc_position":"default","type":"select","required":true,"elementId":"select_067f8e4dbaf94d","label":"\u23f0 Departure Time","name":"select_067f8e4dbaf94d","values":[{"label":"11:00","value":"11:00","selected":false,"tempId":"aco_281","gt_translate_keys":["label"]},{"label":"12:00","value":"12:00","selected":false,"tempId":"aco_381","gt_translate_keys":["label"]},{"label":"13:00","value":"13:00","selected":false,"tempId":"aco_1058","gt_translate_keys":["label"]},{"label":"15:00","value":"15:00","selected":false,"tempId":"aco_444","gt_translate_keys":["label"]},{"label":"16:00","value":"16:00","selected":false,"tempId":"aco_454","gt_translate_keys":["label"]}],"dropdown_type":"basic","error":false,"placeholder":"Select Departure Time","priceOptions":"different_for_all","pricingType":"custom","isTemplate":false,"is_show_price":true,"gt_translate_keys":["label","placeholder"],"price_dependency":false,"cl_dependency":false,"value":""}]]},"sec_767f8e4dbaf94e":{"extra":{"key":"sec_767f8e4dbaf94e","section_id":"sec_767f8e4dbaf94e","name":"20 min Circuit Puerto Col\u00f3n","status":1,"cl_rule":"show","enableCl":false,"relations":[{"operator":false,"rules":[{"operator":"AND","rules":{"cl_field":"radio-group_667e15d3bd15b0","cl_relation":"is","cl_val":"1 Hour Trip"}}]}],"toggle":true,"title_tag":"h4","show_title":false,"showPrice":"default","form_id":14187,"form_rules":{"exclude_from_discount":true,"fee_label":"Fee","disp_hide_options_price":true,"disp_show_section_price":false,"disp_show_field_price":true,"layout_option":"standard","pric_use_as_fee":false,"process_fee_as":"woo_fee"},"layout_option":"standard"},"fields":[[{"contentType":"rich","active":true,"label":"","elementId":"content_667f8e4dbaf968","value":"<p>\ud83c\udf9f\ufe0f <strong>Reservation<\/strong>: Pay only a deposit now to reserve; the rest is due on the day of the activity upon arrival.<\/p>","inline":true,"name":"content_667f8e4dbaf968","enablePrice":false,"className":"","subtype":"div","enableCl":false,"relations":false,"price":"","cl_rule":"show","col":6,"type":"content","error":false,"show_in_checkout":true,"enableDesign":true,"LabelSize":"14px","DescSize":"14px","gt_translate_keys":["label","value"],"price_dependency":false,"cl_dependency":false}],[{"active":true,"col":6,"relations":false,"cl_rule":"show","enableCl":false,"price":"","enablePrice":false,"className":"","label_position":"default","desc_position":"default","type":"content","required":false,"elementId":"content_567f8e4dbaf980","label":"Number of Jet Skis","name":"content_567f8e4dbaf980","contentType":"plain","value":"","error":false,"show_in_checkout":true,"inline":false,"gt_translate_keys":["label","value"],"price_dependency":false,"cl_dependency":false}],[{"active":true,"col":6,"relations":[{"operator":false,"rules":[{"operator":"AND","rules":{"cl_field":"","cl_relation":"","cl_val":""}}]}],"cl_rule":"show","enableCl":false,"price":"60","enablePrice":true,"className":"","label_position":"default","desc_position":"default","type":"radio-group","required":false,"elementId":"radio-group_667f8e4dbaf99e","label":"","name":"radio-group_667f8e4dbaf99e","values":[{"label":"\ud83d\udc64 Single JetSki (60\u20ac)","value":"Single JetSki","selected":true,"tempId":"aco_32","tooltip":"1 Person on the JetSki.","description":"","gt_translate_keys":["label","tooltip","description"]}],"layOut":"","error":false,"checkUi":"button","priceOptions":"fixed_for_all","pricingType":"fixed","enable_quantity":true,"quantity_label":"","min_quantity":"0","options_tooltip":true,"options_description":true,"is_show_price":true,"gt_translate_keys":["label","quantity_label"],"price_dependency":["content_467f8e4dbaf9f8","content_067f8e4dbafa11","content_467f8e4dbafa29"],"cl_dependency":false,"value":""}],[{"label":"","active":true,"required":false,"elementId":"radio-group_367f8e4dbaf9bb","name":"radio-group_367f8e4dbaf9bb","label_position":"default","desc_position":"default","enablePrice":true,"className":"","enableCl":false,"relations":false,"enable_quantity":true,"quantity_label":"","min_quantity":"0","checkUi":"button","layOut":"","values":[{"label":"\ud83d\udc65 Double JetSki (70\u20ac)","value":"Double JetSki","selected":true,"tempId":"aco_32","tooltip":"2 People on the same JetSki.","description":"","gt_translate_keys":["label","tooltip","description"]}],"priceOptions":"fixed_for_all","pricingType":"fixed","price":"70","cl_rule":"show","col":6,"type":"radio-group","error":false,"options_tooltip":true,"options_description":true,"is_show_price":true,"quantity_decimal":false,"quantity_step":"1","gt_translate_keys":["label","quantity_label"],"price_dependency":["content_467f8e4dbaf9f8","content_067f8e4dbafa11","content_467f8e4dbafa29"],"cl_dependency":false,"value":""}],[{"elementId":"separator_367f8e4dbaf9d6","separatorType":"fill","separatorColor":"#66a6b6","className":"","height":"3","enableCl":false,"relations":false,"cl_rule":"show","col":6,"type":"separator","gt_translate_keys":[],"price_dependency":false,"cl_dependency":false,"value":""}],[{"active":true,"col":6,"relations":false,"cl_rule":"show","enableCl":false,"price":"({field.radio-group_667f8e4dbaf99e.price}*0.30) + ({field.radio-group_367f8e4dbaf9bb.price}*0.30)","enablePrice":true,"className":"","label_position":"default","desc_position":"default","type":"content","required":false,"elementId":"content_467f8e4dbaf9f8","label":"Deposit Now","name":"content_467f8e4dbaf9f8","contentType":"plain","value":"","error":false,"pricingType":"custom","isTemplate":false,"is_show_price":false,"enableDesign":true,"scrollBar":false,"use_as_fee":false,"fee_label":"","inline":true,"show_in_checkout":true,"subtype":"div","LabelSize":"14px","LabelColor":"","gt_translate_keys":["label","value"],"price_dependency":false,"cl_dependency":false}],[{"contentType":"plain","active":true,"label":"Payment at Arrival","elementId":"content_067f8e4dbafa11","value":"","inline":true,"show_in_checkout":true,"name":"content_067f8e4dbafa11","enablePrice":true,"className":"","fee_label":"","subtype":"div","enableCl":false,"relations":[{"operator":false,"rules":[{"operator":"AND","rules":{"cl_field":"content_467f8e4dbaf9f8","cl_relation":"is_not_empty","cl_val":""}}]}],"scrollBar":false,"enableDesign":true,"pricingType":"custom","isTemplate":false,"price":"({field.radio-group_667f8e4dbaf99e.price}*0.70) + ({field.radio-group_367f8e4dbaf9bb.price}*0.70)","use_as_fee":false,"is_show_price":true,"cl_rule":"disable","col":6,"type":"content","error":false,"LabelSize":"14px","LabelColor":"","gt_translate_keys":["label","value"],"price_dependency":false,"cl_dependency":false}],[{"contentType":"plain","active":true,"label":"Total Amount","elementId":"content_467f8e4dbafa29","value":"","inline":true,"show_in_checkout":true,"name":"content_467f8e4dbafa29","enablePrice":true,"className":"","fee_label":"","subtype":"div","enableCl":false,"relations":[{"operator":false,"rules":[{"operator":"AND","rules":{"cl_field":"content_467f8e4dbaf9f8","cl_relation":"is_not_empty","cl_val":""}}]}],"scrollBar":false,"enableDesign":true,"LabelColor":"","LabelSize":"14px","pricingType":"custom","isTemplate":false,"price":"({field.radio-group_667f8e4dbaf99e.price}) + ({field.radio-group_367f8e4dbaf9bb.price})","use_as_fee":false,"is_show_price":true,"cl_rule":"disable","col":6,"type":"content","error":false,"gt_translate_keys":["label","value"],"price_dependency":false,"cl_dependency":false}]]},"sec_367f8e4dbafa2b":{"extra":{"key":"sec_367f8e4dbafa2b","section_id":"sec_367f8e4dbafa2b","name":"Pickup Location","status":1,"cl_rule":"show","enableCl":true,"relations":[{"operator":false,"rules":[{"operator":"AND","rules":{"cl_field":"radio-group_667e15d3bd15b0","cl_relation":"is_not","cl_val":"2.5 Hour Trip"}}]}],"toggle":true,"title_tag":"h4","show_title":false,"showPrice":"default","form_id":14187,"form_rules":{"exclude_from_discount":true,"fee_label":"Fee","disp_hide_options_price":true,"disp_show_section_price":false,"disp_show_field_price":true,"layout_option":"standard","pric_use_as_fee":false,"process_fee_as":"woo_fee"},"layout_option":"standard"},"fields":[[{"active":true,"col":6,"relations":false,"cl_rule":"show","enableCl":false,"price":"","enablePrice":false,"className":"","label_position":"default","desc_position":"default","type":"separator","required":false,"elementId":"separator_367f8e4dbafa53","label":"Separator Field","height":"1","separatorType":"blank","error":false,"gt_translate_keys":["label"],"price_dependency":false,"cl_dependency":false,"value":""}],[{"active":true,"col":6,"relations":[{"operator":false,"rules":[{"operator":false,"rules":{"cl_field":"radio-group_667e15d3bd15b0","cl_relation":"is_not","cl_val":"4.5 Hour Trip from North Tenerife"}}]}],"cl_rule":"show","enableCl":false,"price":"","enablePrice":false,"className":"","label_position":"default","desc_position":"default","type":"text","subtype":"text","required":false,"elementId":"text_867f8e4dbafa67","label":"\ud83d\ude8c Pickup Location","name":"text_867f8e4dbafa67","value":"","error":false,"description":"Pick-up service in some locations. Simply provide your address or hotel name. (+2\u20ac\/person paid at pickup to the driver)","repeater":false,"repeater_field_label":"{field_label}","repeater_bind":"","gt_translate_keys":["label","description","value","repeater_field_label"],"price_dependency":false,"cl_dependency":false}]]}},"config":{"price_override":"always","enable_recaptcha":false,"bind_quantity":false,"quantity_bind_formula":false,"disp_summ_show_option_price":true,"disp_summ_show_product_price":false,"disp_summ_show_total_price":false,"disp_summ_show_fee":true,"disp_summ_show_discount":true,"summary_title":"","options_total_label":"Options Price","total_label":"Deposit Amount","options_product_label":"Product Price","fee_label":"Fee","discount_label":"Discount","has_price":true,"has_quantity_formula":false},"mc_unit":1,"tax_rate":1,"tax_rate_real":1,"discount":{"percentage":0,"fixed":0},"design":{"conf":{"LabelPosition":"above","DescPosition":"above","UploadField":"custom_1","QuantityFieldStyle":"custom_1"},"css":{"LeftLabelWidth":"120px"}},"formulas":[],"lookuptables":[],"clones":false,"cartKey":false}},"_links":{"self":[{"href":"https:\/\/canaryvip.com\/hu\/wp-json\/wp\/v2\/product\/14185","targetHints":{"allow":["GET"]}}],"collection":[{"href":"https:\/\/canaryvip.com\/hu\/wp-json\/wp\/v2\/product"}],"about":[{"href":"https:\/\/canaryvip.com\/hu\/wp-json\/wp\/v2\/types\/product"}],"replies":[{"embeddable":true,"href":"https:\/\/canaryvip.com\/hu\/wp-json\/wp\/v2\/comments?post=14185"}],"wp:featuredmedia":[{"embeddable":true,"href":"https:\/\/canaryvip.com\/hu\/wp-json\/wp\/v2\/media\/14189"}],"wp:attachment":[{"href":"https:\/\/canaryvip.com\/hu\/wp-json\/wp\/v2\/media?parent=14185"}],"wp:term":[{"taxonomy":"product_brand","embeddable":true,"href":"https:\/\/canaryvip.com\/hu\/wp-json\/wp\/v2\/product_brand?post=14185"},{"taxonomy":"product_cat","embeddable":true,"href":"https:\/\/canaryvip.com\/hu\/wp-json\/wp\/v2\/product_cat?post=14185"},{"taxonomy":"product_tag","embeddable":true,"href":"https:\/\/canaryvip.com\/hu\/wp-json\/wp\/v2\/product_tag?post=14185"}],"curies":[{"name":"wp","href":"https:\/\/api.w.org\/{rel}","templated":true}]}}