{"id":14103,"date":"2025-03-29T16:05:57","date_gmt":"2025-03-29T16:05:57","guid":{"rendered":"https:\/\/canaryvip.com\/?post_type=product&#038;p=14103"},"modified":"2025-08-09T14:09:03","modified_gmt":"2025-08-09T13:09:03","slug":"paladio-luxury-yacht-tenerife","status":"publish","type":"product","link":"https:\/\/canaryvip.com\/hu\/shop\/paladio-luxury-yacht-tenerife\/","title":{"rendered":"Paladio luxusjacht Tenerife"},"content":{"rendered":"<h2><strong>\ud83d\udee5\ufe0f Luxus \u00e9lm\u00e9ny a Paladio jachton Tenerif\u00e9n<\/strong><\/h2>\n<p>Ha azt szeretn\u00e9, hogy <strong>b\u00e9reljen luxusjachtot Tenerif\u00e9n,<\/strong>\u00a0a Paladio az egyik legexkluz\u00edvabb lehet\u0151s\u00e9g. Ezt a leny\u0171g\u00f6z\u0151 24,5 m\u00e9teres Superphantom Italversil 80-at \u00fagy tervezt\u00e9k, hogy k\u00e9nyelmet, teret \u00e9s teljes mag\u00e1n\u00e9letet k\u00edn\u00e1ljon a tengeren, \u00e9s ak\u00e1r 12 vend\u00e9g befogad\u00e1s\u00e1ra is alkalmas.<\/p>\n<p>A jacht b\u00e9relhet\u0151 <strong>Decembert\u0151l m\u00e1jusig,<\/strong>\u00a0\u00e9s t\u00e1vozik a tekint\u00e9lyes <a href=\"https:\/\/www.google.com\/maps\/place\/Puerto+Col%C3%B3n\/@28.078002,-16.7394902,17z\/data=!3m2!4b1!5s0xc6a97433884bdf9:0x76d293b7b99db23a!4m6!3m5!1s0xc6a9743509c9ebf:0xd62345524f768247!8m2!3d28.078002!4d-16.7369153!16s%2Fg%2F11c6cqryw_?entry=tts&amp;g_ep=EgoyMDI0MDUwNS4wKgBIAVAD\" target=\"_blank\" rel=\"noopener\">Puerto Col\u00f3n<\/a> Costa Adeje.<\/p>\n<p>Ak\u00e1r valami k\u00fcl\u00f6nlegeset \u00fcnnepel, ak\u00e1r egyszer\u0171en csak st\u00edlusosan szeretne pihenni, a Paladio jacht igaz\u00e1n felejthetetlen tengeri \u00e9lm\u00e9nyt ny\u00fajt.<\/p>\n<h3>\u2b50\ufe0f <strong>Mi\u00e9rt v\u00e1lassza a Paladio Yachtot Tenerif\u00e9n?<\/strong><\/h3>\n<p><strong>\u2705 Priv\u00e1t \u00e9s szem\u00e9lyre szabott \u00e9lm\u00e9ny:<\/strong> Ak\u00e1r egy romantikus kiruccan\u00e1st, ak\u00e1r egy csal\u00e1di napot vagy egy bar\u00e1ti \u00fcnneps\u00e9get tervez, a Paladio teljes mag\u00e1n\u00e9letet \u00e9s rugalmass\u00e1got biztos\u00edt, hogy a napot a saj\u00e1t elk\u00e9pzel\u00e9sei szerint alak\u00edthassa.<\/p>\n<p><strong>\u2705 Nemr\u00e9g fel\u00faj\u00edtott:<\/strong> A 2022-es teljes \u00e1talak\u00edt\u00e1s ut\u00e1n ez a jacht modern kivitelez\u00e9ssel, t\u00e1gas bels\u0151 terekkel \u00e9s korszer\u0171s\u00edtett k\u00e9nyelemmel rendelkezik.<\/p>\n<p><strong>\u2705 Rengeteg hely a pihen\u00e9sre:<\/strong> \u00c9lvezze a napoz\u00f3helyeket az orrban, a nyugodt z\u00f3n\u00e1kat az \u00e1rny\u00e9kban \u00e9s a panor\u00e1m\u00e1s kil\u00e1t\u00e1st a flybridge-r\u0151l.<\/p>\n<h3>\ud83c\udf0a <strong>Tev\u00e9kenys\u00e9gek \u00e9s fed\u00e9lzeti sz\u00f3rakoz\u00e1s<\/strong><\/h3>\n<p>A Paladio fed\u00e9lzet\u00e9n t\u00f6lt\u00f6tt nap nem csak a vitorl\u00e1z\u00e1sr\u00f3l sz\u00f3l - az \u00f3ce\u00e1nb\u00f3l a lehet\u0151 legt\u00f6bbet hozza ki.<\/p>\n<ul>\n<li><strong>\ud83e\udd3f Snorkeling felszerel\u00e9s:<\/strong> Fedezze fel a vibr\u00e1l\u00f3 v\u00edz alatti \u00e9letet a b\u00e9k\u00e9s \u00f6bl\u00f6kben, kiv\u00e1l\u00f3 min\u0151s\u00e9g\u0171 b\u00fav\u00e1rfelszerel\u00e9ssel.<\/li>\n<li><strong>\ud83e\uddf8 Sz\u00f3rakoztat\u00f3 v\u00edzi j\u00e1t\u00e9kok:<\/strong> A fed\u00e9lzeten felf\u00fajhat\u00f3 j\u00e1t\u00e9kok \u00e9s j\u00e1t\u00e9kszerek \u00e1llnak rendelkez\u00e9sre, hogy minden koroszt\u00e1ly j\u00f3l sz\u00f3rakozhasson.<\/li>\n<li><strong>\ud83c\udfb6 Bluetooth zenei rendszer:<\/strong> Csatlakoztassa telefonj\u00e1t, \u00e9s j\u00e1tssza le kedvenc zen\u00e9it, hogy t\u00f6k\u00e9letes hangulatot teremtsen a fed\u00e9lzeten.<\/li>\n<li><strong>\ud83c\udf7d\ufe0f Finom \u00e9telek:<\/strong> \u00c9lvezze a frissen elk\u00e9sz\u00edtett tenger gy\u00fcm\u00f6lcsei vagy csirke paella, valamint a k\u00fcl\u00f6nf\u00e9le \u00edzletes harapnival\u00f3k mellett. K\u00e9r\u00e9sre men\u00fcfriss\u00edt\u00e9seket k\u00edn\u00e1lunk.<\/li>\n<li><strong>\ud83c\udf7e Korl\u00e1tlan italok:<\/strong> A v\u00edz, \u00fcd\u00edt\u0151italok, s\u00f6r, bor \u00e9s cava az eg\u00e9sz utaz\u00e1s sor\u00e1n benne foglaltatik.<\/li>\n<\/ul>\n<h4>\ud83d\udea4 <strong>Charter lehet\u0151s\u00e9gek - 3 \u00f3r\u00e1t\u00f3l 24 \u00f3r\u00e1ig<\/strong><\/h4>\n<p>A Paladio rugalmas charter-id\u0151szakot k\u00edn\u00e1l, hogy megfeleljen a terveinek, ak\u00e1r kev\u00e9s az ideje, ak\u00e1r eg\u00e9sz napos \u00e9lm\u00e9nyre v\u00e1gyik. V\u00e1lasszon a k\u00f6vetkez\u0151k k\u00f6z\u00fcl:<\/p>\n<ul>\n<li><strong>3 \u00f3r\u00e1s charter:<\/strong> Egy gyors, de luxus menek\u00fcl\u00e9s - t\u00f6k\u00e9letes p\u00e1roknak vagy kisebb csoportoknak, akik szeretn\u00e9nek belek\u00f3stolni a jacht\u00e9letbe an\u00e9lk\u00fcl, hogy az eg\u00e9sz napot a tengeren t\u00f6lten\u00e9k.<\/li>\n<li><strong>4 \u00f3r\u00e1s charter:<\/strong> Az egyik legn\u00e9pszer\u0171bb lehet\u0151s\u00e9g. \u00dasszon, pihenjen, \u00e9lvezze az \u00e9teleket, \u00e9s t\u00f6lts\u00f6n min\u0151s\u00e9gi id\u0151t a fed\u00e9lzeten rohan\u00e1s n\u00e9lk\u00fcl.<\/li>\n<li><strong>7 \u00f3r\u00e1s charter:<\/strong> Egy eg\u00e9sz napos \u00e9lm\u00e9ny Tenerife d\u00e9li partjainak felfedez\u00e9s\u00e9re, csendes \u00f6bl\u00f6kben val\u00f3 sznorkelez\u00e9sre \u00e9s val\u00f3di kikapcsol\u00f3d\u00e1sra, minden k\u00e9nyelmi szolg\u00e1ltat\u00e1ssal egy\u00fctt.<\/li>\n<li><strong>24 \u00f3r\u00e1s charter:<\/strong> Szeretne a fed\u00e9lzeten aludni \u00e9s \u00e9lvezni egy teljes napot \u00e9s \u00e9jszak\u00e1t a tengeren? Ez a lehet\u0151s\u00e9g t\u00f6k\u00e9letes felejthetetlen esem\u00e9nyekhez, priv\u00e1t \u00fcnneps\u00e9gekhez vagy egyszer\u0171en csak egy igaz\u00e1n egyedi menek\u00fcl\u00e9shez.<\/li>\n<\/ul>\n<p>Azok sz\u00e1m\u00e1ra, akik a <strong>Haj\u00f3k\u00f6lcs\u00f6nz\u00e9s Tenerif\u00e9n<\/strong> pr\u00e9mium kateg\u00f3ri\u00e1s \u00e9rint\u00e9ssel, a Paladio els\u0151 oszt\u00e1ly\u00fa v\u00e1laszt\u00e1s.<\/p>\n<h3>\ud83c\udf81 <strong>Pr\u00e9mium felszerelts\u00e9gek<\/strong><\/h3>\n<p>A fed\u00e9lzeten mindent a maxim\u00e1lis k\u00e9nyelem \u00e9s \u00e9lvezet \u00e9rdek\u00e9ben terveztek:<\/p>\n<ul>\n<li>Teljesen fel\u00faj\u00edtott luxus bels\u0151 t\u00e9r t\u00e1gas pihen\u0151helyekkel.<\/li>\n<li>Nagy napoz\u00f3ter\u00fcletek \u00e9s \u00e1rny\u00e9kos pihen\u0151helyek.<\/li>\n<li>Bluetooth hangrendszer, hogy utaz\u00e1s k\u00f6zben lej\u00e1tszhassa saj\u00e1t zen\u00e9j\u00e9t.<\/li>\n<li>Sz\u00f3rakoztat\u00f3 v\u00edzi j\u00e1t\u00e9kok \u00e9s b\u00fav\u00e1rfelszerel\u00e9s biztos\u00edtott.<\/li>\n<li>Profi \u00e9s t\u00f6bbnyelv\u0171 szem\u00e9lyzet, akik gondoskodnak \u00d6nr\u0151l.<\/li>\n<li>V\u00e1laszthat\u00f3 VIP-szolg\u00e1ltat\u00e1sok sz\u00fclet\u00e9snapokra, le\u00e1nyk\u00e9r\u00e9sekre, \u00fczleti esem\u00e9nyekre \u00e9s egy\u00e9b rendezv\u00e9nyekre.<\/li>\n<\/ul>\n<h3>\ud83d\udccd <strong>Indul\u00e1si pont: Puerto Col\u00f3n, Costa Adeje<\/strong><\/h3>\n<p>Az \u00d6n luxusjacht-kalandja Puerto Col\u00f3nb\u00f3l indul, amely D\u00e9l-Tenerife egyik legk\u00e9nyelmesebb \u00e9s legjobban megk\u00f6zel\u00edthet\u0151 kik\u00f6t\u0151je. A rendelkez\u00e9sre \u00e1ll\u00f3 parkol\u00e1si lehet\u0151s\u00e9g \u00e9s az egyszer\u0171 bejelentkez\u00e9s z\u00f6kken\u0151mentess\u00e9 teszi a nap kezdet\u00e9t.<\/p>\n<h4>\ud83d\udcdc <strong>Foglal\u00e1si \u00e9s lemond\u00e1si felt\u00e9telek<\/strong><\/h4>\n<p>Szorosan egy\u00fcttm\u0171k\u00f6d\u00fcnk a Paladioval, hogy a foglal\u00e1s biztons\u00e1gos, egy\u00e9rtelm\u0171 \u00e9s rugalmas legyen:<\/p>\n<ul>\n<li><strong>Id\u0151j\u00e1r\u00e1si garancia:<\/strong> Ha az id\u0151j\u00e1r\u00e1si k\u00f6r\u00fclm\u00e9nyek nem alkalmasak a vitorl\u00e1z\u00e1sra, \u00faj id\u0151pontot aj\u00e1nlunk fel, vagy teljes visszat\u00e9r\u00edt\u00e9st.<\/li>\n<li><strong>Ingyenes lemond\u00e1s legfeljebb 6 napig:<\/strong> Az indul\u00e1s el\u0151tt 6 nappal ingyenesen lemondhatja vagy \u00e1t\u00fctemezheti a foglal\u00e1st.<\/li>\n<li><strong>R\u00e9szleges visszat\u00e9r\u00edt\u00e9s:<\/strong> Ha 72 \u00e9s 48 \u00f3r\u00e1val kor\u00e1bban mondod le a foglal\u00e1st, akkor a 20% visszat\u00e9r\u00edt\u00e9st kapod. Kevesebb mint 48 \u00f3r\u00e1val kor\u00e1bban t\u00f6rt\u00e9n\u0151 lemond\u00e1s eset\u00e9n nincs visszat\u00e9r\u00edt\u00e9s.<\/li>\n<li><strong>Nincs visszat\u00e9r\u00edt\u00e9s korai visszat\u00e9r\u00e9s eset\u00e9n:<\/strong> Ha tengeribeteg leszel, vagy \u00fagy d\u00f6ntesz, hogy id\u0151 el\u0151tt visszat\u00e9rsz, a visszat\u00e9r\u00edt\u00e9s nem j\u00e1r. A leg\u00e9nys\u00e9g mindent megtesz, hogy seg\u00edtsen \u00d6nnek.<\/li>\n<li><strong>Fontos \u00e9rtes\u00edt\u00e9s:<\/strong> Minden fed\u00e9lzeti \u00e9s v\u00edzi tev\u00e9kenys\u00e9g saj\u00e1t felel\u0151ss\u00e9gre t\u00f6rt\u00e9nik. Sem az CanaryVIP, sem az \u00fczemeltet\u0151 nem tehet\u0151 felel\u0151ss\u00e9 semmilyen szem\u00e9lyes incidens\u00e9rt vagy vesztes\u00e9g\u00e9rt.<\/li>\n<\/ul>\n<h3>\ud83d\udd52 <strong>Valami extr\u00e1t keres?<\/strong><\/h3>\n<p>Seg\u00edt\u00fcnk megtervezni egy k\u00fcl\u00f6nleges alkalmat a fed\u00e9lzeten. Ak\u00e1r egy romantikus naplement\u00e9s vacsor\u00e1ra, ak\u00e1r egy \u00e9jszakai tart\u00f3zkod\u00e1sra vagy egy priv\u00e1t partira v\u00e1gyik a tengeren, tudassa vel\u00fcnk, \u00e9s mi seg\u00edt\u00fcnk megval\u00f3s\u00edtani.<\/p>\n<h3>\ud83d\udc68\u200d\u2708\ufe0f <strong>Miel\u0151tt besz\u00e1ll: Mit hozzon mag\u00e1val<\/strong><\/h3>\n<p>Ahhoz, hogy a lehet\u0151 legt\u00f6bbet hozza ki az \u00e9lm\u00e9nyb\u0151l, javasoljuk, hogy hozzon mag\u00e1val:<\/p>\n<ul>\n<li>Az \u00d6n CanaryVIP visszaigazol\u00f3 e-mailje (telefonon vagy kinyomtatva).<\/li>\n<li>F\u00fcrd\u0151ruha, t\u00f6r\u00f6lk\u00f6z\u0151 \u00e9s napv\u00e9d\u0151.<\/li>\n<li>El\u0151zetesen k\u00f6nny\u0171 \u00e9tkez\u00e9s a tengeribetegs\u00e9g elker\u00fcl\u00e9se \u00e9rdek\u00e9ben.<\/li>\n<li>El\u0151zetesen t\u00e1j\u00e9koztasson minket b\u00e1rmilyen k\u00fcl\u00f6nleges \u00e9tel- vagy szolg\u00e1ltat\u00e1si ig\u00e9ny\u00e9r\u0151l.<\/li>\n<\/ul>\n<p><strong>K\u00e9szen \u00e1ll arra, hogy a Kan\u00e1ri-szigetek egyik legszebb jachtj\u00e1n vitorl\u00e1zzon?<\/strong><\/p>\n<p>Foglaljon most az CanaryVIP seg\u00edts\u00e9g\u00e9vel, \u00e9s \u00e9lvezze a t\u00f6k\u00e9letes <a href=\"https:\/\/canaryvip.com\/hu\/tenerife\/boat-hire-tenerife\/\">luxusjacht b\u00e9rl\u00e9s Tenerif\u00e9n.<\/a><\/p>","protected":false},"excerpt":{"rendered":"<p>\ud83d\udd0d\u00a0<strong>Paladio r\u00e9szletek:<\/strong><br \/>\n\u2705 Biztons\u00e1gos fizet\u00e9s.<br \/>\n\ud83d\udd10 Priv\u00e1t t\u00far\u00e1k.<br \/>\n\ud83d\udee5\ufe0f 24,5 m\u00e9teres jacht.<br \/>\n\u23f3 Napi t\u00far\u00e1k 3-24 \u00f3ra k\u00f6z\u00f6tt.<br \/>\n\ud83d\udd59 Testreszabhat\u00f3 indul\u00e1si id\u0151k.<br \/>\n\ud83c\udf74 \u00c9tkez\u00e9st \u00e9s italokat tartalmaz.<br \/>\n\ud83d\udc65 Legfeljebb 12 vend\u00e9g.<br \/>\n\u26f7\ufe0f V\u00edzis\u00edl\u00e9cek tartoz\u00e9k.<br \/>\n\ud83c\udfc4\ud83c\udffc\u200d\u2642\ufe0f Wake Board tartoz\u00e9k.<br \/>\n\ud83c\udfc4\u200d\u2640\ufe0f Paddle Boards Included.<br \/>\n\ud83e\udd29 Fun Inflatables.<br \/>\n\ud83e\udd3f Snorkeling felszerel\u00e9s.<br \/>\n\ud83d\udd0a J\u00e1tssza le a zen\u00e9j\u00e9t.<br \/>\n\ud83e\udd11 Garant\u00e1ltan legjobb \u00e1r.<br \/>\n\ud83d\udc6a Kedvezm\u00e9nyek aktiv\u00e1lva.<br \/>\n\ud83d\udd01 Ak\u00e1r 4 napos lemond\u00e1s.<br \/>\n\ud83c\udf0d T\u00f6bbnyelv\u0171 leg\u00e9nys\u00e9g.<br \/>\n\ud83c\udf1f Foglaljon kor\u00e1n \u00e9s takar\u00edtson meg!<br \/>\n\ud83d\udccd Indul\u00e1s a\u00a0<a href=\"https:\/\/www.google.com\/maps\/place\/Puerto+Col%C3%B3n\/@28.078002,-16.7394902,17z\/data=!3m2!4b1!5s0xc6a97433884bdf9:0x76d293b7b99db23a!4m6!3m5!1s0xc6a9743509c9ebf:0xd62345524f768247!8m2!3d28.078002!4d-16.7369153!16s%2Fg%2F11c6cqryw_?entry=tts&amp;g_ep=EgoyMDI0MDUwNS4wKgBIAVAD\">Puerto Col\u00f3n<\/a>.<\/p>","protected":false},"featured_media":14106,"comment_status":"open","ping_status":"closed","template":"","meta":{"_acf_changed":false},"product_brand":[],"product_cat":[47],"product_tag":[],"class_list":{"0":"post-14103","1":"product","2":"type-product","3":"status-publish","4":"has-post-thumbnail","6":"product_cat-boat-hire-tenerife","7":"wcpa_has_options","9":"first","10":"instock","11":"virtual","12":"purchasable","13":"product-type-simple"},"acf":[],"wcpa_form_fields":{"wcpaData":{"product":{"product_price":2200,"price_html":"From&nbsp;<span class=\"woocommerce-Price-amount amount\"><bdi>2.200,00&nbsp;<span class=\"woocommerce-Price-currencySymbol\">&euro;<\/span><\/bdi><\/span>","original_product_price":2200,"price_including_tax":2200,"price_excluding_tax":2200,"product_id":{"parent":14103,"variation":false},"is_variable":false,"stock_status":"instock","stock_quantity":null,"parent_sku":"CV14103","product_attributes":[],"custom_fields":[],"is_taxable":false,"product_name":"Paladio Luxury Yacht Tenerife","hasImage":false},"fields":{"sec_567e82027e6f14":{"extra":{"key":"sec_567e82027e6f14","section_id":"sec_567e82027e6f14","name":"Default","status":1,"cl_rule":"show","enableCl":false,"relations":[],"toggle":true,"title_tag":"h3","show_title":false,"showPrice":"default","form_id":14104,"form_rules":{"exclude_from_discount":true,"fee_label":"Fee","disp_hide_options_price":true,"disp_show_section_price":false,"disp_show_field_price":true,"layout_option":"standard","pric_use_as_fee":false,"process_fee_as":"woo_fee"},"layout_option":"standard"},"fields":[[{"active":true,"col":6,"relations":false,"cl_rule":"show","enableCl":false,"price":"","enablePrice":false,"className":"","label_position":"default","desc_position":"default","type":"content","required":false,"elementId":"content_4435686418","label":"","name":"content_4435686418","contentType":"rich","value":"<p>Available from December till May<\/p>","error":false,"enableDesign":true,"DescColor":"#2400ff","isTemplate":false,"gt_translate_keys":["label","value"],"price_dependency":false,"cl_dependency":false}],[{"label":"\ud83d\udcc5 Date","active":true,"required":true,"elementId":"date_567e82027e6f47","picker_type":"custom","picker_mode":"single","placeholder":"","description":"","tooltip":"","name":"date_567e82027e6f47","label_position":"default","desc_position":"default","enablePrice":false,"className":"","enableCl":false,"relations":[{"operator":"and","rules":[{"operator":"AND","rules":{"cl_field":"radio-group_565c78ffa81208","cl_relation":"is","cl_val":"3 Hour Trip"}}]}],"date_pic_inline":true,"date_pic_inline_hide":true,"min_date":{"type":"days","val":"2"},"max_date":"","date_pic_conf":{"disabledWeeks":[],"enabledDates":["2025-12-15 to 2026-04-30"],"disabledDates":[]},"price":"","cl_rule":"show","col":6,"type":"date","error":false,"enableDesign":false,"LabelColor":"","isWeightTemplate":false,"isTemplate":false,"min_quantity":"1","quantity_decimal":false,"quantity_step":"1","quantity_label":"Quantity","repeater_field_label":"{field_label}","repeater_bind":"","gt_translate_keys":["label","placeholder","description","tooltip","repeater_field_label","quantity_label"],"price_dependency":false,"cl_dependency":false,"value":""}],[{"contentType":"rich","active":true,"label":"","elementId":"content_667e82027e6f64","value":"<p>\ud83c\udf9f\ufe0f <strong>Reservation<\/strong>: Pay only a deposit now to reserve; the rest is due on the day of the activity upon arrival.<\/p>","inline":false,"name":"content_667e82027e6f64","enablePrice":false,"className":"","subtype":"p","enableCl":true,"relations":[{"operator":false,"rules":[{"operator":"AND","rules":{"cl_field":"select_267e82027e6f95","cl_relation":"is","cl_val":"24H"}}]}],"price":"","cl_rule":"hide","col":6,"type":"content","error":false,"pricingType":"custom","isTemplate":false,"is_show_price":true,"show_in_checkout":true,"gt_translate_keys":["label","value"],"price_dependency":false,"cl_dependency":false}],[{"elementId":"separator_767e82027e6f7e","separatorType":"blank","className":"","height":"3","enableCl":false,"relations":false,"cl_rule":"show","col":6,"type":"separator","error":false,"gt_translate_keys":[],"price_dependency":false,"cl_dependency":false,"value":""}],[{"active":true,"col":6,"relations":false,"cl_rule":"show","enableCl":false,"price":"","enablePrice":false,"className":"","label_position":"default","desc_position":"default","type":"select","required":true,"elementId":"select_267e82027e6f95","label":"\u23f3 Trip Duration","name":"select_267e82027e6f95","values":[{"label":"3 Hours (1.900\u20ac)","value":"1900","selected":false,"tempId":"aco_556","price":"930","gt_translate_keys":["label"]},{"label":"4 Hours (2.200\u20ac)","value":"2200","selected":false,"tempId":"aco_640","price":"1150","gt_translate_keys":["label"]},{"label":"7 Hours (3.200\u20ac)","value":"3200","selected":false,"tempId":"aco_660","price":"1550","gt_translate_keys":["label"]},{"label":"24 Hours (Custom Request)","value":"24H","selected":false,"tempId":"aco_19","price":"1850","gt_translate_keys":["label"]}],"dropdown_type":"basic","error":false,"placeholder":"Select Trip Duration","priceOptions":"different_for_all","pricingType":"fixed","is_show_price":true,"isWeightTemplate":false,"isTemplate":false,"min_quantity":"1","quantity_decimal":false,"quantity_step":"1","quantity_label":"Quantity","repeater_field_label":"{field_label}","repeater_bind":"","gt_translate_keys":["label","placeholder","repeater_field_label","quantity_label"],"price_dependency":["content_967e82027e6fd8","content_567e82027e6fed"],"cl_dependency":["content_667e82027e6f64","content_967e82027e6fd8","content_567e82027e6fed","content_267e82027e7004","content_0692532320"],"value":""}],[{"active":true,"col":6,"relations":[{"operator":false,"rules":[{"operator":"AND","rules":{"cl_field":"select_267e82027e6f95","cl_relation":"is","cl_val":"24H"}}]}],"cl_rule":"hide","enableCl":true,"price":"({field.select_267e82027e6f95.value})*0.20","enablePrice":true,"className":"","label_position":"default","desc_position":"default","type":"content","required":false,"elementId":"content_967e82027e6fd8","label":"Deposit Payment","name":"content_967e82027e6fd8","contentType":"plain","value":"","error":false,"pricingType":"custom","isTemplate":false,"is_show_price":false,"enableDesign":true,"scrollBar":false,"use_as_fee":false,"fee_label":"Payment Now","inline":true,"show_in_checkout":true,"subtype":"div","formulaId":"fmla_1708364241278155361","LabelSize":"14px","gt_translate_keys":["label","value"],"price_dependency":["content_267e82027e7004"],"cl_dependency":false}],[{"contentType":"plain","active":true,"label":"Payment at Arrival","elementId":"content_567e82027e6fed","value":"","inline":true,"show_in_checkout":true,"name":"content_567e82027e6fed","enablePrice":true,"className":"","fee_label":"Payment at Arrival","subtype":"div","enableCl":true,"relations":[{"operator":false,"rules":[{"operator":"AND","rules":{"cl_field":"select_267e82027e6f95","cl_relation":"is","cl_val":"24H"}}]}],"scrollBar":false,"enableDesign":true,"pricingType":"custom","isTemplate":false,"price":"({field.select_267e82027e6f95.value})*0.80","use_as_fee":false,"is_show_price":true,"cl_rule":"hide","col":6,"type":"content","error":false,"formulaId":"fmla_1708360988969136756","LabelSize":"14px","gt_translate_keys":["label","value"],"price_dependency":["content_267e82027e7004"],"cl_dependency":false}],[{"contentType":"plain","active":true,"label":"Total Price","elementId":"content_267e82027e7004","value":"","inline":true,"show_in_checkout":true,"name":"content_267e82027e7004","enablePrice":true,"className":"","fee_label":"Payment at Arrival","subtype":"div","enableCl":true,"relations":[{"operator":false,"rules":[{"operator":"AND","rules":{"cl_field":"select_267e82027e6f95","cl_relation":"is","cl_val":"24H"}}]}],"scrollBar":false,"enableDesign":true,"LabelSize":"14px","pricingType":"custom","isTemplate":false,"price":"({field.content_967e82027e6fd8.price}) + ({field.content_567e82027e6fed.price})","formulaId":"fmla_1708360988969136756","use_as_fee":false,"is_show_price":true,"cl_rule":"hide","col":6,"type":"content","error":false,"gt_translate_keys":["label","value"],"price_dependency":false,"cl_dependency":false}],[{"active":true,"col":6,"relations":[{"operator":false,"rules":[{"operator":"AND","rules":{"cl_field":"select_267e82027e6f95","cl_relation":"is","cl_val":"24H"}}]}],"cl_rule":"show","enableCl":true,"price":"","enablePrice":false,"className":"","label_position":"default","desc_position":"default","type":"content","required":false,"elementId":"content_0692532320","label":"","name":"content_0692532320","contentType":"rich","value":"<p>This is a custom request booking. We\u2019ll contact you shortly via WhatsApp to discuss your interest in booking this boat for 24 hours. Please note this is not a confirmation, only a request.<\/p>","isTemplate":false,"error":false,"scrollBar":false,"enableDesign":true,"DescColor":"#e57900","LabelSize":"14px","gt_translate_keys":["label","value"],"price_dependency":false,"cl_dependency":false}],[{"elementId":"separator_1067e82027e701b","separatorType":"blank","className":"","height":"1","enableCl":false,"relations":false,"cl_rule":"show","col":6,"type":"separator","error":false,"gt_translate_keys":[],"price_dependency":false,"cl_dependency":false,"value":""}],[{"label":"\u2705 Number of People","active":true,"required":true,"elementId":"select_1067e82027e6fab","dropdown_type":"basic","placeholder":"Select Number of People","name":"select_1067e82027e6fab","label_position":"default","desc_position":"default","enablePrice":false,"className":"","enableCl":false,"relations":[{"operator":false,"rules":[{"operator":"AND","rules":{"cl_field":"radio-group_565c78ffa81208","cl_relation":"is","cl_val":"3 Hour Trip"}}]}],"values":[{"label":"1 person","value":"1","selected":false,"tempId":"aco_1471","price":"0","gt_translate_keys":["label"]},{"label":"2 people","value":"2","selected":false,"tempId":"aco_1472","price":"0","gt_translate_keys":["label"]},{"label":"3 people","value":"3","selected":false,"tempId":"aco_1500","price":"0","gt_translate_keys":["label"]},{"label":"4 people","value":"4","selected":false,"tempId":"aco_1510","price":"0","gt_translate_keys":["label"]},{"label":"5 people","value":"5","selected":false,"tempId":"aco_1520","price":"0","gt_translate_keys":["label"]},{"label":"6 people","value":"6","selected":false,"tempId":"aco_1728","price":"0","gt_translate_keys":["label"]},{"label":"7 people","value":"7","selected":false,"tempId":"aco_1738","price":"20","gt_translate_keys":["label"]},{"label":"8 people","value":"8","selected":false,"tempId":"aco_1748","price":"40","gt_translate_keys":["label"]},{"label":"9 people","value":"9","selected":false,"tempId":"aco_1912","price":"60","gt_translate_keys":["label"]},{"label":"10 people","value":"10","selected":false,"tempId":"aco_1922","price":"80","gt_translate_keys":["label"]},{"label":"11 people","value":"11","selected":false,"tempId":"aco_705","price":"100","gt_translate_keys":["label"]},{"label":"12 People","value":"12","selected":false,"tempId":"aco_85","gt_translate_keys":["label"]}],"price":"","cl_rule":"show","col":6,"type":"select","error":false,"priceOptions":"different_for_all","pricingType":"fixed","is_show_price":true,"gt_translate_keys":["label","placeholder"],"price_dependency":false,"cl_dependency":false,"value":""}],[{"active":true,"col":6,"relations":[{"operator":false,"rules":[{"operator":"AND","rules":{"cl_field":"radio-group_565c78ffa81208","cl_relation":"is","cl_val":"3 Hour Trip"}}]}],"cl_rule":"show","enableCl":false,"price":"","enablePrice":false,"className":"","label_position":"default","desc_position":"default","type":"select","required":false,"elementId":"select_1067e82027e7030","label":"\u23f0 Departure","name":"select_1067e82027e7030","values":[{"label":"09:00","value":"09:00","selected":false,"tempId":"aco_1471","gt_translate_keys":["label"]},{"label":"10:00","value":"10:00","selected":false,"tempId":"aco_1472","gt_translate_keys":["label"]},{"label":"11:00","value":"11:00","selected":false,"tempId":"aco_1500","gt_translate_keys":["label"]},{"label":"12:00","value":"12:00","selected":false,"tempId":"aco_1510","gt_translate_keys":["label"]},{"label":"13:00 (1:00 PM)","value":"13:00","selected":false,"tempId":"aco_1520","gt_translate_keys":["label"]},{"label":"14:00 (2:00A PM)","value":"14:00","selected":false,"tempId":"aco_1728","gt_translate_keys":["label"]},{"label":"15:00 (3:00 PM)","value":"15:00","selected":false,"tempId":"aco_1738","gt_translate_keys":["label"]}],"dropdown_type":"basic","error":false,"placeholder":"Whichever Time is Best","gt_translate_keys":["label","placeholder"],"price_dependency":false,"cl_dependency":false,"value":""}],[{"elementId":"separator_167e82027e7048","separatorType":"blank","className":"","height":"1","enableCl":false,"relations":false,"cl_rule":"show","col":6,"type":"separator","error":false,"gt_translate_keys":[],"price_dependency":false,"cl_dependency":false,"value":""}]]}},"config":{"price_override":"always","enable_recaptcha":false,"bind_quantity":false,"quantity_bind_formula":false,"disp_summ_show_option_price":true,"disp_summ_show_product_price":false,"disp_summ_show_total_price":false,"disp_summ_show_fee":true,"disp_summ_show_discount":true,"summary_title":"","options_total_label":"Options Price","total_label":"Deposit Amount","options_product_label":"Product Price","fee_label":"Fee","discount_label":"Discount","has_price":true,"has_quantity_formula":false},"mc_unit":1,"tax_rate":1,"tax_rate_real":1,"discount":{"percentage":0,"fixed":0},"design":{"conf":{"LabelPosition":"above","DescPosition":"above","UploadField":"custom_1","QuantityFieldStyle":"custom_1"},"css":{"LeftLabelWidth":"120px"}},"formulas":{"fmla_1708360988969136756":"(({field.select_2663a0ecdc488f.value}>=5)?(640):(({field.select_2663a0ecdc488f.value}>=4)?(520):(({field.select_2663a0ecdc488f.value}>=3)?(440):(0))))","fmla_1708364241278155361":"(({field.select_5841412719.value}>=8)?({field.select_5841412719.price}):(({field.select_5841412719.value}>=5)?({field.select_5841412719.price}):(({field.select_5841412719.value}>=3)?({field.select_5841412719.price}):(0))))"},"lookuptables":[],"clones":false,"cartKey":false}},"_links":{"self":[{"href":"https:\/\/canaryvip.com\/hu\/wp-json\/wp\/v2\/product\/14103","targetHints":{"allow":["GET"]}}],"collection":[{"href":"https:\/\/canaryvip.com\/hu\/wp-json\/wp\/v2\/product"}],"about":[{"href":"https:\/\/canaryvip.com\/hu\/wp-json\/wp\/v2\/types\/product"}],"replies":[{"embeddable":true,"href":"https:\/\/canaryvip.com\/hu\/wp-json\/wp\/v2\/comments?post=14103"}],"wp:featuredmedia":[{"embeddable":true,"href":"https:\/\/canaryvip.com\/hu\/wp-json\/wp\/v2\/media\/14106"}],"wp:attachment":[{"href":"https:\/\/canaryvip.com\/hu\/wp-json\/wp\/v2\/media?parent=14103"}],"wp:term":[{"taxonomy":"product_brand","embeddable":true,"href":"https:\/\/canaryvip.com\/hu\/wp-json\/wp\/v2\/product_brand?post=14103"},{"taxonomy":"product_cat","embeddable":true,"href":"https:\/\/canaryvip.com\/hu\/wp-json\/wp\/v2\/product_cat?post=14103"},{"taxonomy":"product_tag","embeddable":true,"href":"https:\/\/canaryvip.com\/hu\/wp-json\/wp\/v2\/product_tag?post=14103"}],"curies":[{"name":"wp","href":"https:\/\/api.w.org\/{rel}","templated":true}]}}