{"id":14051,"date":"2025-03-24T11:55:25","date_gmt":"2025-03-24T11:55:25","guid":{"rendered":"https:\/\/canaryvip.com\/?post_type=product&#038;p=14051"},"modified":"2025-08-09T13:55:58","modified_gmt":"2025-08-09T12:55:58","slug":"jetski-gran-canaria-tour","status":"publish","type":"product","link":"https:\/\/canaryvip.com\/hu\/shop\/jetski-gran-canaria-tour\/","title":{"rendered":"JetSki Gran Canaria t\u00fara"},"content":{"rendered":"<h2>\ud83c\udf0a JetSki Gran Canaria Safari t\u00fara<\/h2>\n<p>K\u00e9sz\u00fclj\u00f6n fel egy egyed\u00fcl\u00e1ll\u00f3 \u00f3ce\u00e1ni kalandra az izgalmas <strong>jetski Gran Canaria<\/strong> tapasztalat. Ez az 1 \u00f3r\u00e1s vezetett t\u00fara a k\u00f6vetkez\u0151 \u00e1llom\u00e1sr\u00f3l indul <a href=\"https:\/\/maps.app.goo.gl\/wvmuLbrgqyykEXRA9\" target=\"_blank\" rel=\"noopener\">Playa de Mog\u00e1n<\/a> vagy <a href=\"https:\/\/maps.app.goo.gl\/qQX9BVijLLwy2Ldn9\" target=\"_blank\" rel=\"noopener\">Playa de Taurito<\/a> \u00e9s a sziget d\u00e9li r\u00e9sz\u00e9nek legl\u00e1tv\u00e1nyosabb tengerparti t\u00e1jain vezet v\u00e9gig. El\u0151zetes tapasztalat nem sz\u00fcks\u00e9ges - csak hozza mag\u00e1val az energi\u00e1j\u00e1t, a t\u00f6bbir\u0151l mi gondoskodunk!<\/p>\n<h3>\u23f1\ufe0f 1 \u00f3r\u00e1s jetski szafari: Sebess\u00e9g, term\u00e9szet \u00e9s felejthetetlen kil\u00e1t\u00e1s<\/h3>\n<ul>\n<li><strong>Fest\u0151i \u00fatvonal:<\/strong> Lovagoljon saj\u00e1t jetskij\u00e9vel a magasra t\u00f6r\u0151 vulkanikus szikl\u00e1k ment\u00e9n, \u00e9s fedezze fel a Tasartic\u00f3ban tal\u00e1lhat\u00f3 term\u00e9szetes tengeri barlangokat (ha a tengerj\u00e1r\u00e1s lehet\u0151v\u00e9 teszi), eg\u00e9szen Tasarte strandj\u00e1ig.<\/li>\n<li><strong>Tengeri \u00e9l\u0151vil\u00e1g megfigyel\u00e9se:<\/strong> Ezen az \u00fatvonalon gyakran l\u00e1thatunk tekn\u0151s\u00f6ket, rep\u00fcl\u0151 halakat, s\u0151t delfineket is - \u00edgy ez t\u00f6bb mint egy izgalmas utaz\u00e1s.<\/li>\n<li><strong>Sz\u00f3rakoz\u00e1s \u00e9s biztons\u00e1g mindenkinek:<\/strong> Nincs sz\u00fcks\u00e9g enged\u00e9lyre vagy tapasztalatra. A versenyz\u0151knek 16 \u00e9v felettinek kell lenni\u00fck, hogy egyed\u00fcl vezethessenek. A 16-17 \u00e9v k\u00f6z\u00f6tti vezet\u0151knek al\u00e1\u00edrt sz\u00fcl\u0151i beleegyez\u00e9s \u00e9s \u00e9rv\u00e9nyes szem\u00e9lyi igazolv\u00e1ny sz\u00fcks\u00e9ges.<\/li>\n<\/ul>\n<h3>\ud83d\udcf8 \u00d6r\u00f6kre meg\u0151rzend\u0151 f\u00e9nyk\u00e9pes eml\u00e9kek<\/h3>\n<p>A t\u00faravezet\u0151je akci\u00f3fot\u00f3kat k\u00e9sz\u00edt az \u00fat sor\u00e1n. Ha szeretn\u00e9, a t\u00fara ut\u00e1n megv\u00e1s\u00e1rolhatja \u0151ket - t\u00f6k\u00e9letes m\u00f3dja annak, hogy eml\u00e9kezzen a t\u00far\u00e1ra. <strong>jetski szafari Gran Canaria<\/strong>.<\/p>\n<h3>\u2705 Mit tartalmaz a Jetski Gran Canaria \u00e9lm\u00e9ny?<\/h3>\n<ul>\n<li>1 \u00f3ra <strong>jetski szafari Gran Canaria<\/strong> profi idegenvezet\u0151vel<\/li>\n<li>Egyszer\u0171 biztons\u00e1gi eligaz\u00edt\u00e1s \u00e9s jetski kezel\u00e9si \u00fatmutat\u00f3<\/li>\n<li>Kiv\u00e1l\u00f3 min\u0151s\u00e9g\u0171 jet-skik \u00e9s ment\u0151mell\u00e9nyek<\/li>\n<li>Teljes k\u00f6r\u0171 biztos\u00edt\u00e1s<\/li>\n<li>Ingyenes szekr\u00e9nyek haszn\u00e1lata szem\u00e9lyes t\u00e1rgyai sz\u00e1m\u00e1ra<\/li>\n<li>Fakultat\u00edv professzion\u00e1lis fot\u00f3szolg\u00e1ltat\u00e1s (a tev\u00e9kenys\u00e9g ut\u00e1n megv\u00e1s\u00e1rolhat\u00f3)<\/li>\n<\/ul>\n<h3>\ud83c\udf26\ufe0f Fontos: Id\u0151j\u00e1r\u00e1si felt\u00e9telek<\/h3>\n<p>A tev\u00e9kenys\u00e9g a tengeri \u00e9s id\u0151j\u00e1r\u00e1si viszonyokt\u00f3l f\u00fcgg. H\u00e1borg\u00f3 tenger vagy rossz id\u0151j\u00e1r\u00e1s eset\u00e9n a t\u00far\u00e1t az \u00d6n biztons\u00e1ga \u00e9rdek\u00e9ben \u00e1t lehet \u00fctemezni.<\/p>\n<h3>\u2696\ufe0f Lemond\u00e1si felt\u00e9telek<\/h3>\n<p>A tervek v\u00e1ltoznak - meg\u00e9rtj\u00fck. Ez\u00e9rt k\u00edn\u00e1lunk tisztess\u00e9ges \u00e9s \u00e1tl\u00e1that\u00f3 lemond\u00e1si felt\u00e9teleket:<\/p>\n<ul>\n<li><strong>T\u00f6bb mint 48 \u00f3r\u00e1val kor\u00e1bban:<\/strong> A befizetett \u00f6sszeg teljes visszat\u00e9r\u00edt\u00e9se.<\/li>\n<li><strong>24 \u00e9s 48 \u00f3r\u00e1val a tev\u00e9kenys\u00e9g el\u0151tt:<\/strong> 30% lemond\u00e1si d\u00edj.<\/li>\n<li><strong>Kevesebb mint 24 \u00f3ra vagy meg nem jelen\u00e9s:<\/strong> Nem j\u00e1r visszat\u00e9r\u00edt\u00e9s.<\/li>\n<\/ul>\n<p>Javasoljuk, hogy id\u0151ben foglaljon, \u00e9s a lehet\u0151 leghamarabb \u00e9rtes\u00edtsen minket, ha v\u00e1ltoztatni szeretne a foglal\u00e1s\u00e1n.<\/p>\n<h3>\ud83e\uddf3 Mit kell magaddal vinned \u00e9s tudnod, miel\u0151tt elinduln\u00e1l<\/h3>\n<ul>\n<li><strong>Hozd magaddal:<\/strong> F\u00fcrd\u0151ruha, t\u00f6r\u00f6lk\u00f6z\u0151 \u00e9s naptej k\u00f6telez\u0151. Egy v\u00edz\u00e1ll\u00f3 f\u00e9nyk\u00e9pez\u0151g\u00e9p nagyszer\u0171, ha saj\u00e1t fot\u00f3kat szeretn\u00e9l k\u00e9sz\u00edteni!<\/li>\n<li><strong>K\u00e9nyelmi lehet\u0151s\u00e9gek:<\/strong> Ha extra v\u00e9delmet szeretn\u00e9l, akkor b\u00fav\u00e1rruha \u00e1ll rendelkez\u00e9sedre, de nyugodtan lovagolhatsz f\u00fcrd\u0151ruh\u00e1ban is.<\/li>\n<li><strong>L\u00e1bbeli:<\/strong> Biztons\u00e1gosan t\u00e1roljuk a cip\u0151det, am\u00edg a v\u00edzen vagy.<\/li>\n<\/ul>\n<h3>\ud83c\udf1f Mi\u00e9rt \u00e9rdemes az CanaryVIP-n\u00e9l foglalni?<\/h3>\n<p>A  c\u00edmen. <strong>CanaryVIP,<\/strong>\u00a0a Kan\u00e1ri-szigetek legmegb\u00edzhat\u00f3bb \u00e9s legtapasztaltabb helyi partnereivel dolgozunk egy\u00fctt, hogy biztons\u00e1gos \u00e9s magas sz\u00ednvonal\u00fa \u00e9lm\u00e9nyeket ny\u00fajtsunk \u00d6nnek. Ez a <strong>jetski Gran Canaria<\/strong> A t\u00far\u00e1t egy tan\u00fas\u00edtott helyi szolg\u00e1ltat\u00f3 v\u00e9gzi, gondosan kiv\u00e1lasztva, hogy a lehet\u0151 legt\u00f6bbet hozza ki a kalandb\u00f3l.<\/p>\n<h3>\u26f5 Exkluz\u00edvabb tengeri \u00e9lm\u00e9nyt keres?<\/h3>\n<p>Szeretn\u00e9 a k\u00f6vetkez\u0151 szintre emelni az \u00f3ce\u00e1non t\u00f6lt\u00f6tt napj\u00e1t? N\u00e9zze meg <a href=\"https:\/\/canaryvip.com\/hu\/gran-canaria\/boat-hire-gran-canaria\/\" target=\"_blank\" rel=\"noopener\"><strong>mag\u00e1nhaj\u00f3 b\u00e9rl\u00e9s Gran Canaria<\/strong><\/a> \u00e9s <strong>jachtb\u00e9rl\u00e9s<\/strong> lehet\u0151s\u00e9gek - ide\u00e1lis p\u00e1rok, csal\u00e1dok \u00e9s csoportok sz\u00e1m\u00e1ra, akik valami szem\u00e9lyesebbre \u00e9s luxusra v\u00e1gynak.<\/p>\n<ul>\n<li><strong>Mag\u00e1nhaj\u00f3 b\u00e9rl\u00e9s:<\/strong> Fedezze fel a rejtett strandokat, \u00e9s \u00fasszon a krist\u00e1lytiszta vizekben saj\u00e1t haj\u00f3j\u00e1val \u00e9s kapit\u00e1ny\u00e1val.<\/li>\n<li><strong>Luxusjacht b\u00e9rl\u00e9s:<\/strong> \u00c9lvezze a pr\u00e9mium fed\u00e9lzeti szolg\u00e1ltat\u00e1sokat, italokat, harapnival\u00f3kat \u00e9s teljes kikapcsol\u00f3d\u00e1st st\u00edlusosan.<\/li>\n<li><strong>K\u00fcl\u00f6nleges esem\u00e9nyek:<\/strong> \u00dcnnepeljen sz\u00fclet\u00e9snapot, le\u00e1nyk\u00e9r\u00e9st, vagy egyszer\u0171en csak \u00e9lvezzen egy egyed\u00fcl\u00e1ll\u00f3 napot a tengeren szeretteivel.<\/li>\n<\/ul>\n<p>B\u00e1rmi is legyen a hangulatod, <strong>CanaryVIP<\/strong> rendelkezik a t\u00f6k\u00e9letes haj\u00f3val az \u00d6n felejthetetlen napj\u00e1hoz az Atlanti-\u00f3ce\u00e1non.<\/p>\n<h3>\ud83c\udf1e K\u00e9szen \u00e1llsz a lovagl\u00e1sra?<\/h3>\n<p>Ne hagyja ki a lehet\u0151s\u00e9get, hogy megtapasztalja az izgalmat a <strong>jetski szafari Gran Canaria<\/strong> \u00e9s fedezze fel a tengerpartot egy teljesen \u00faj perspekt\u00edv\u00e1b\u00f3l. <strong>Foglaljon most a <a href=\"https:\/\/canaryvip.com\/hu\/\" target=\"_blank\" rel=\"noopener\">CanaryVIP<\/a><\/strong> \u00e9s tegye felejthetetlenn\u00e9 a Gran Canari\u00e1n t\u00f6lt\u00f6tt id\u0151t. \ud83c\udf0a\ud83d\udca8<\/p>","protected":false},"excerpt":{"rendered":"<p><strong>\ud83d\udd0d JetSki Gran Canaria:<\/strong><br \/>\n\u2705 Biztons\u00e1gos fizet\u00e9s.<br \/>\n\ud83c\udf1f Felejthetetlen \u00e9lm\u00e9ny.<br \/>\n\ud83d\ude80 1 \u00f3r\u00e1s t\u00far\u00e1k.<br \/>\n\ud83d\udcc6 Napi t\u00far\u00e1k.<br \/>\n\ud83d\udd59 T\u00f6bb id\u0151keret.<br \/>\n\ud83d\udc66 +7 \u00e9v csatlakozhat.<br \/>\n\ud83d\udc64 +16 \u00e9ves lehet.<br \/>\n\ud83e\udd11 Garant\u00e1ltan legjobb \u00e1r.<br \/>\n\ud83d\ude8d Shuttle szolg\u00e1ltat\u00e1s el\u00e9rhet\u0151.<br \/>\n\ud83d\udc6a Kedvezm\u00e9nyek aktiv\u00e1lva.<br \/>\n\ud83d\udd01 48 \u00f3r\u00e1ig Lemond\u00e1s.<br \/>\n\ud83c\udf0d T\u00f6bbnyelv\u0171 \u00fatmutat\u00f3k.<br \/>\n\ud83c\udf1f Foglaljon most \u00e9s sp\u00f3roljon!<br \/>\n\ud83d\udccd Mog\u00e1n &amp; Taurito.<\/p>","protected":false},"featured_media":14054,"comment_status":"open","ping_status":"closed","template":"","meta":{"_acf_changed":false},"product_brand":[],"product_cat":[135],"product_tag":[],"class_list":{"0":"post-14051","1":"product","2":"type-product","3":"status-publish","4":"has-post-thumbnail","6":"product_cat-watersports","7":"wcpa_has_options","9":"first","10":"instock","11":"virtual","12":"purchasable","13":"product-type-simple"},"acf":[],"wcpa_form_fields":{"wcpaData":{"product":{"product_price":130,"price_html":"From&nbsp;<span class=\"woocommerce-Price-amount amount\"><bdi>130,00&nbsp;<span class=\"woocommerce-Price-currencySymbol\">&euro;<\/span><\/bdi><\/span>","original_product_price":130,"price_including_tax":130,"price_excluding_tax":130,"product_id":{"parent":14051,"variation":false},"is_variable":false,"stock_status":"instock","stock_quantity":null,"parent_sku":"CV14051","product_attributes":[],"custom_fields":[],"is_taxable":false,"product_name":"JetSki Gran Canaria Tour","hasImage":false},"fields":{"sec_1067e15d3bd1502":{"extra":{"key":"sec_1067e15d3bd1502","section_id":"sec_1067e15d3bd1502","name":"Default","status":1,"cl_rule":"show","enableCl":false,"relations":[],"toggle":true,"title_tag":"h3","show_title":false,"showPrice":"default","form_id":14059,"form_rules":{"exclude_from_discount":true,"fee_label":"Fee","disp_hide_options_price":true,"disp_show_section_price":false,"disp_show_field_price":true,"layout_option":"standard","pric_use_as_fee":false,"process_fee_as":"woo_fee"},"layout_option":"standard"},"fields":[[{"label":"\ud83d\udcc5 Date","active":true,"required":true,"elementId":"date_267e15d3bd1546","picker_type":"custom","picker_mode":"single","placeholder":"","description":"","tooltip":"","name":"date_267e15d3bd1546","label_position":"default","desc_position":"default","enablePrice":false,"className":"","enableCl":false,"relations":[{"operator":"and","rules":[{"operator":"AND","rules":{"cl_field":"radio-group_667e15d3bd15b0","cl_relation":"is","cl_val":"3 Hour Trip"}}]}],"date_pic_inline":true,"date_pic_inline_hide":true,"min_date":{"type":"days","val":"0"},"max_date":{"type":"days","val":"365"},"date_pic_conf":{"disabledWeeks":[]},"price":"","cl_rule":"show","col":6,"type":"date","error":false,"enableDesign":false,"LabelColor":"","gt_translate_keys":["label","placeholder","description","tooltip"],"price_dependency":false,"cl_dependency":false,"value":""}],[{"active":true,"col":6,"relations":false,"cl_rule":"show","enableCl":false,"price":"","enablePrice":false,"className":"","label_position":"default","desc_position":"default","type":"select","required":false,"elementId":"select_167e15d3bd155d","label":"\ud83d\udccd Departure Point","name":"select_167e15d3bd155d","values":[{"label":"Mog\u00e1n Beach","value":"Mogan","selected":false,"tempId":"aco_481","gt_translate_keys":["label"]},{"label":"Taurito Beach","value":"Taurito","selected":false,"tempId":"aco_482","gt_translate_keys":["label"]}],"dropdown_type":"basic","error":false,"gt_translate_keys":["label"],"price_dependency":false,"cl_dependency":false,"value":""}],[{"active":true,"col":6,"relations":[{"operator":false,"rules":[{"operator":"AND","rules":{"cl_field":"radio-group_667e15d3bd15b0","cl_relation":"is","cl_val":"3 Hour Trip"}}]}],"cl_rule":"show","enableCl":false,"price":"","enablePrice":false,"className":"","label_position":"default","desc_position":"default","type":"select","required":true,"elementId":"select_867e15d3bd1593","label":"\u23f0 Departure Time","name":"select_867e15d3bd1593","values":[{"label":"9:00","value":"9:00","selected":false,"tempId":"aco_1450","gt_translate_keys":["label"]},{"label":"10:00","value":"10:00","selected":false,"tempId":"aco_37","gt_translate_keys":["label"]},{"label":"11:00","value":"11:00","selected":false,"tempId":"aco_281","gt_translate_keys":["label"]},{"label":"12:00","value":"12:00","selected":false,"tempId":"aco_381","gt_translate_keys":["label"]},{"label":"15:00","value":"15:00","selected":false,"tempId":"aco_444","gt_translate_keys":["label"]},{"label":"16:15","value":"16:15","selected":false,"tempId":"aco_454","gt_translate_keys":["label"]}],"dropdown_type":"basic","error":false,"placeholder":"Select Departure Time","priceOptions":"different_for_all","pricingType":"custom","isTemplate":false,"is_show_price":true,"gt_translate_keys":["label","placeholder"],"price_dependency":false,"cl_dependency":false,"value":""}]]},"sec_367e15d3bd15b1":{"extra":{"key":"sec_367e15d3bd15b1","section_id":"sec_367e15d3bd15b1","name":"1H Tour Gran Canaria","status":1,"cl_rule":"show","enableCl":false,"relations":[{"operator":false,"rules":[{"operator":"AND","rules":{"cl_field":"radio-group_667e15d3bd15b0","cl_relation":"is","cl_val":"1 Hour Trip"}}]}],"toggle":true,"title_tag":"h4","show_title":false,"showPrice":"default","form_id":14059,"form_rules":{"exclude_from_discount":true,"fee_label":"Fee","disp_hide_options_price":true,"disp_show_section_price":false,"disp_show_field_price":true,"layout_option":"standard","pric_use_as_fee":false,"process_fee_as":"woo_fee"},"layout_option":"standard"},"fields":[[{"contentType":"rich","active":true,"label":"","elementId":"content_967e15d3bd15e4","value":"<p>\ud83c\udf9f\ufe0f <strong>Reservation<\/strong>: Pay only a deposit now to reserve; the rest is due on the day of the activity upon arrival.<\/p>","inline":true,"name":"content_967e15d3bd15e4","enablePrice":false,"className":"","subtype":"div","enableCl":false,"relations":false,"price":"","cl_rule":"show","col":6,"type":"content","error":false,"show_in_checkout":true,"enableDesign":true,"LabelSize":"14px","DescSize":"14px","gt_translate_keys":["label","value"],"price_dependency":false,"cl_dependency":false}],[{"active":true,"col":6,"relations":false,"cl_rule":"show","enableCl":false,"price":"","enablePrice":false,"className":"","label_position":"default","desc_position":"default","type":"content","required":false,"elementId":"content_167e15d3bd15fc","label":"Number of Jet Skis for 1 Hour","name":"content_167e15d3bd15fc","contentType":"plain","value":"","error":false,"show_in_checkout":true,"inline":false,"gt_translate_keys":["label","value"],"price_dependency":false,"cl_dependency":false}],[{"active":true,"col":6,"relations":[{"operator":false,"rules":[{"operator":"AND","rules":{"cl_field":"","cl_relation":"","cl_val":""}}]}],"cl_rule":"show","enableCl":false,"price":"130","enablePrice":true,"className":"","label_position":"default","desc_position":"default","type":"radio-group","required":false,"elementId":"radio-group_967e15d3bd1618","label":"","name":"radio-group_967e15d3bd1618","values":[{"label":"\ud83d\udc64 Single JetSki (130\u20ac)","value":"Single JetSki","selected":true,"tempId":"aco_32","tooltip":"1 Person on the JetSki.","description":"","gt_translate_keys":["label","tooltip","description"]}],"layOut":"","error":false,"checkUi":"button","priceOptions":"fixed_for_all","pricingType":"fixed","enable_quantity":true,"quantity_label":"","min_quantity":"0","options_tooltip":true,"options_description":true,"is_show_price":true,"gt_translate_keys":["label","quantity_label"],"price_dependency":["content_167e15d3bd1666","content_267e15d3bd167e","content_667e15d3bd1696"],"cl_dependency":false,"value":""}],[{"label":"","active":true,"required":false,"elementId":"radio-group_067e15d3bd1635","name":"radio-group_067e15d3bd1635","label_position":"default","desc_position":"default","enablePrice":true,"className":"","enableCl":false,"relations":false,"enable_quantity":true,"quantity_label":"","min_quantity":"0","checkUi":"button","layOut":"","values":[{"label":"\ud83d\udc65 Double JetSki (150\u20ac)","value":"Double JetSki","selected":true,"tempId":"aco_32","tooltip":"2 People on the same JetSki.","description":"","gt_translate_keys":["label","tooltip","description"]}],"priceOptions":"fixed_for_all","pricingType":"fixed","price":"150","cl_rule":"show","col":6,"type":"radio-group","error":false,"options_tooltip":true,"options_description":true,"is_show_price":true,"quantity_decimal":false,"quantity_step":"1","gt_translate_keys":["label","quantity_label"],"price_dependency":["content_167e15d3bd1666","content_267e15d3bd167e","content_667e15d3bd1696"],"cl_dependency":false,"value":""}],[{"elementId":"separator_767e15d3bd164f","separatorType":"fill","separatorColor":"#66a6b6","className":"","height":"3","enableCl":false,"relations":false,"cl_rule":"show","col":6,"type":"separator","gt_translate_keys":[],"price_dependency":false,"cl_dependency":false,"value":""}],[{"active":true,"col":6,"relations":false,"cl_rule":"show","enableCl":false,"price":"({field.radio-group_967e15d3bd1618.price}*0.30) + ({field.radio-group_067e15d3bd1635.price}*0.30)","enablePrice":true,"className":"","label_position":"default","desc_position":"default","type":"content","required":false,"elementId":"content_167e15d3bd1666","label":"Deposit Now","name":"content_167e15d3bd1666","contentType":"plain","value":"","error":false,"pricingType":"custom","isTemplate":false,"is_show_price":false,"enableDesign":true,"scrollBar":false,"use_as_fee":false,"fee_label":"","inline":true,"show_in_checkout":true,"subtype":"div","LabelSize":"14px","LabelColor":"","gt_translate_keys":["label","value"],"price_dependency":false,"cl_dependency":false}],[{"contentType":"plain","active":true,"label":"Payment at Arrival","elementId":"content_267e15d3bd167e","value":"","inline":true,"show_in_checkout":true,"name":"content_267e15d3bd167e","enablePrice":true,"className":"","fee_label":"","subtype":"div","enableCl":false,"relations":[{"operator":false,"rules":[{"operator":"AND","rules":{"cl_field":"content_167e15d3bd1666","cl_relation":"is_not_empty","cl_val":""}}]}],"scrollBar":false,"enableDesign":true,"pricingType":"custom","isTemplate":false,"price":"({field.radio-group_967e15d3bd1618.price}*0.70) + ({field.radio-group_067e15d3bd1635.price}*0.70)","use_as_fee":false,"is_show_price":true,"cl_rule":"disable","col":6,"type":"content","error":false,"LabelSize":"14px","LabelColor":"","gt_translate_keys":["label","value"],"price_dependency":false,"cl_dependency":false}],[{"contentType":"plain","active":true,"label":"Total Amount","elementId":"content_667e15d3bd1696","value":"","inline":true,"show_in_checkout":true,"name":"content_667e15d3bd1696","enablePrice":true,"className":"","fee_label":"","subtype":"div","enableCl":false,"relations":[{"operator":false,"rules":[{"operator":"AND","rules":{"cl_field":"content_167e15d3bd1666","cl_relation":"is_not_empty","cl_val":""}}]}],"scrollBar":false,"enableDesign":true,"LabelColor":"","LabelSize":"14px","pricingType":"custom","isTemplate":false,"price":"({field.radio-group_967e15d3bd1618.price}) + ({field.radio-group_067e15d3bd1635.price})","use_as_fee":false,"is_show_price":true,"cl_rule":"disable","col":6,"type":"content","error":false,"gt_translate_keys":["label","value"],"price_dependency":false,"cl_dependency":false}]]},"sec_567e15d3bd1860":{"extra":{"key":"sec_567e15d3bd1860","section_id":"sec_567e15d3bd1860","name":"Pickup Location","status":1,"cl_rule":"show","enableCl":true,"relations":[{"operator":false,"rules":[{"operator":"AND","rules":{"cl_field":"radio-group_667e15d3bd15b0","cl_relation":"is_not","cl_val":"2.5 Hour Trip"}}]}],"toggle":true,"title_tag":"h4","show_title":false,"showPrice":"default","form_id":14059,"form_rules":{"exclude_from_discount":true,"fee_label":"Fee","disp_hide_options_price":true,"disp_show_section_price":false,"disp_show_field_price":true,"layout_option":"standard","pric_use_as_fee":false,"process_fee_as":"woo_fee"},"layout_option":"standard"},"fields":[[{"active":true,"col":6,"relations":false,"cl_rule":"show","enableCl":false,"price":"","enablePrice":false,"className":"","label_position":"default","desc_position":"default","type":"separator","required":false,"elementId":"separator_267e15d3bd187a","label":"Separator Field","height":"1","separatorType":"blank","error":false,"gt_translate_keys":["label"],"price_dependency":false,"cl_dependency":false,"value":""}],[{"active":true,"col":6,"relations":[{"operator":false,"rules":[{"operator":false,"rules":{"cl_field":"radio-group_667e15d3bd15b0","cl_relation":"is_not","cl_val":"4.5 Hour Trip from North Tenerife"}}]}],"cl_rule":"show","enableCl":false,"price":"","enablePrice":false,"className":"","label_position":"default","desc_position":"default","type":"text","subtype":"text","required":false,"elementId":"text_967e15d3bd188f","label":"\ud83d\ude8c Pickup Location","name":"text_967e15d3bd188f","value":"","error":false,"description":"Pick-up service in some locations. Simply provide your address or hotel name. (+2\u20ac\/person paid at pickup to the driver)","repeater":false,"repeater_field_label":"{field_label}","repeater_bind":"","gt_translate_keys":["label","description","value","repeater_field_label"],"price_dependency":false,"cl_dependency":false}]]}},"config":{"price_override":"always","enable_recaptcha":false,"bind_quantity":false,"quantity_bind_formula":false,"disp_summ_show_option_price":true,"disp_summ_show_product_price":false,"disp_summ_show_total_price":false,"disp_summ_show_fee":true,"disp_summ_show_discount":true,"summary_title":"","options_total_label":"Options Price","total_label":"Deposit Amount","options_product_label":"Product Price","fee_label":"Fee","discount_label":"Discount","has_price":true,"has_quantity_formula":false},"mc_unit":1,"tax_rate":1,"tax_rate_real":1,"discount":{"percentage":0,"fixed":0},"design":{"conf":{"LabelPosition":"above","DescPosition":"above","UploadField":"custom_1","QuantityFieldStyle":"custom_1"},"css":{"LeftLabelWidth":"120px"}},"formulas":[],"lookuptables":[],"clones":false,"cartKey":false}},"_links":{"self":[{"href":"https:\/\/canaryvip.com\/hu\/wp-json\/wp\/v2\/product\/14051","targetHints":{"allow":["GET"]}}],"collection":[{"href":"https:\/\/canaryvip.com\/hu\/wp-json\/wp\/v2\/product"}],"about":[{"href":"https:\/\/canaryvip.com\/hu\/wp-json\/wp\/v2\/types\/product"}],"replies":[{"embeddable":true,"href":"https:\/\/canaryvip.com\/hu\/wp-json\/wp\/v2\/comments?post=14051"}],"wp:featuredmedia":[{"embeddable":true,"href":"https:\/\/canaryvip.com\/hu\/wp-json\/wp\/v2\/media\/14054"}],"wp:attachment":[{"href":"https:\/\/canaryvip.com\/hu\/wp-json\/wp\/v2\/media?parent=14051"}],"wp:term":[{"taxonomy":"product_brand","embeddable":true,"href":"https:\/\/canaryvip.com\/hu\/wp-json\/wp\/v2\/product_brand?post=14051"},{"taxonomy":"product_cat","embeddable":true,"href":"https:\/\/canaryvip.com\/hu\/wp-json\/wp\/v2\/product_cat?post=14051"},{"taxonomy":"product_tag","embeddable":true,"href":"https:\/\/canaryvip.com\/hu\/wp-json\/wp\/v2\/product_tag?post=14051"}],"curies":[{"name":"wp","href":"https:\/\/api.w.org\/{rel}","templated":true}]}}