{"id":13644,"date":"2025-01-31T12:49:52","date_gmt":"2025-01-31T12:49:52","guid":{"rendered":"https:\/\/canaryvip.com\/?post_type=product&#038;p=13644"},"modified":"2025-06-28T20:14:03","modified_gmt":"2025-06-28T19:14:03","slug":"white-shark-fishing-boat-tenerife","status":"publish","type":"product","link":"https:\/\/canaryvip.com\/hu\/shop\/white-shark-fishing-boat-tenerife\/","title":{"rendered":"Feh\u00e9r c\u00e1pa hal\u00e1szhaj\u00f3 Tenerife"},"content":{"rendered":"<h2><strong>\ud83e\udd88 Feh\u00e9r c\u00e1pa hal\u00e1szhaj\u00f3 Tenerif\u00e9n CanaryVIP-vel<\/strong><\/h2>\n<p>Tapasztalja meg a m\u00e9lytengeri hal\u00e1szat izgalm\u00e1t Tenerif\u00e9n a <a href=\"https:\/\/canaryvip.com\/hu\/\">CanaryVIP<\/a>! Ak\u00e1r tapasztalt horg\u00e1sz vagy kezd\u0151, ez az exkluz\u00edv feh\u00e9r c\u00e1p\u00e1s horg\u00e1szhaj\u00f3 t\u00fara felejthetetlen kalandot k\u00edn\u00e1l az Atlanti-\u00f3ce\u00e1n gazdag vizeiben. Induljon a leny\u0171g\u00f6z\u0151 Marina del Surb\u00f3l, \u00e9s k\u00e9sz\u00fclj\u00f6n fel egy izgalmas napra a v\u00edzen.<\/p>\n<h3>\u2b50\ufe0f <strong>A feh\u00e9r c\u00e1pa horg\u00e1szkaland v\u00e1r r\u00e1d<\/strong><\/h3>\n<ul>\n<li><strong>4 \u00f3r\u00e1s vagy 8 \u00f3r\u00e1s horg\u00e1szt\u00far\u00e1k<\/strong>: V\u00e1lasszon a f\u00e9lnapos (4 \u00f3ra) vagy az eg\u00e9sz napos (8 \u00f3ra) tenerifei horg\u00e1szt\u00fara \u00e9lm\u00e9nye k\u00f6z\u00fcl. Mindk\u00e9t lehet\u0151s\u00e9g tartalmazza az \u00f6sszes sz\u00fcks\u00e9ges horg\u00e1szfelszerel\u00e9st, szak\u00e9rt\u0151i \u00fatmutat\u00e1st \u00e9s friss\u00edt\u0151 italokat, hogy energi\u00e1val t\u00f6lts\u00f6n fel.<\/li>\n<li><strong>Mag\u00e1n- vagy k\u00f6z\u00f6s haj\u00f3z\u00e1si lehet\u0151s\u00e9gek<\/strong>: V\u00e1lasszon egy mag\u00e1n hal\u00e1szhaj\u00f3 Tenerife \u00e9lm\u00e9nyt ak\u00e1r 4 horg\u00e1sz sz\u00e1m\u00e1ra, vagy csatlakozzon egy k\u00f6z\u00f6s csoportos t\u00far\u00e1hoz egy t\u00e1rsas\u00e1gi kalandhoz. A n\u00e9z\u0151ket is sz\u00edvesen l\u00e1tjuk!<\/li>\n<li><strong>Rugalmas indul\u00e1si id\u0151pontok<\/strong>: D\u00e9lel\u0151tti \u00e9s d\u00e9lut\u00e1ni id\u0151pontok \u00e1llnak rendelkez\u00e9sre, hogy megfeleljen az \u00d6n id\u0151beoszt\u00e1s\u00e1nak. A d\u00e9lel\u0151tti t\u00far\u00e1k 8:00 \u00e9s 12:00 \u00f3ra k\u00f6z\u00f6tt, m\u00edg a d\u00e9lut\u00e1ni t\u00far\u00e1k 13:00 \u00e9s 17:00 \u00f3ra k\u00f6z\u00f6tt tartanak. Az eg\u00e9sz napos t\u00far\u00e1k reggel 8:00-kor indulnak \u00e9s d\u00e9lut\u00e1n 14:00-kor t\u00e9rnek vissza.<\/li>\n<li><strong>All-Inclusive \u00e9lm\u00e9ny<\/strong>: A t\u00fara tartalmazza a horg\u00e1szfelszerel\u00e9st, csalit, enged\u00e9lyeket \u00e9s italokat. Csak hozza mag\u00e1val a lelkesed\u00e9s\u00e9t \u00e9s k\u00e9sz\u00fclj\u00f6n fel, hogy hihetetlen halakat fogjon!<\/li>\n<\/ul>\n<h4>\ud83c\udf0a <strong>Mire sz\u00e1m\u00edthat a tenerifei horg\u00e1szt\u00far\u00e1n?<\/strong><\/h4>\n<p>Ez a <strong>Feh\u00e9r c\u00e1pa hal\u00e1szhaj\u00f3 t\u00fara<\/strong> elviszi \u00d6nt Tenerife legjobb horg\u00e1szhelyeihez, ahol a vizek hemzsegnek a tengeri \u00e9l\u0151vil\u00e1gt\u00f3l. Olyan fajokat c\u00e9lozhat meg, mint a s\u00e1rga\u00fasz\u00f3j\u00fa tonhal, a Dorado, a Wahoo \u00e9s a Barracuda. A tapasztalt helyi leg\u00e9nys\u00e9g k\u00edv\u00fclr\u0151l-bel\u00fclr\u0151l ismeri ezeket a vizeket, \u00e9s v\u00e9gigvezeti \u00d6nt a legjobb technik\u00e1kon, hogy maximaliz\u00e1lja a nagy fog\u00e1s es\u00e9ly\u00e9t.<\/p>\n<p>A csapat biztos\u00edtja, hogy \u00d6n a megfelel\u0151 eszk\u00f6z\u00f6kkel \u00e9s tud\u00e1ssal rendelkezzen ahhoz, hogy a lehet\u0151 legt\u00f6bbet hozza ki az \u00d6n <strong>hal\u00e1szhaj\u00f3 Tenerife<\/strong> kaland. \u00c9s ne agg\u00f3djon - a szem\u00e9lyzet minden l\u00e9p\u00e9sn\u00e9l a seg\u00edts\u00e9g\u00e9re lesz, a horogcsaliz\u00e1st\u00f3l kezdve a t\u00f6k\u00e9letes fot\u00f3 elk\u00e9sz\u00edt\u00e9s\u00e9ig.<\/p>\n<h4>\ud83d\udc1f <strong>K\u00e9nyelem \u00e9s k\u00e9nyelem a fed\u00e9lzeten<\/strong><\/h4>\n<p>A hal\u00e1szhaj\u00f3 \u00e1rny\u00e9kos \u00fcl\u0151helyekkel, fed\u00e9lzeti WC-vel, valamint hideg italokkal \u00e9s r\u00e1gcs\u00e1lnival\u00f3kkal felszerelt h\u0171t\u0151szekr\u00e9nnyel van felszerelve. Ak\u00e1r egy nagy fog\u00e1st szeretne beh\u00fazni, ak\u00e1r csak a leny\u0171g\u00f6z\u0151 \u00f3ce\u00e1ni kil\u00e1t\u00e1sban gy\u00f6ny\u00f6rk\u00f6dik, mindent megtal\u00e1l, ami egy t\u00f6k\u00e9letes naphoz a tengeren sz\u00fcks\u00e9ges.<\/p>\n<h3>\u2705 <strong>Minden, amire sz\u00fcks\u00e9ge van egy felejthetetlen horg\u00e1szt\u00far\u00e1hoz<\/strong><\/h3>\n<ul>\n<li><strong>Cs\u00facsmin\u0151s\u00e9g\u0171 horg\u00e1szfelszerel\u00e9s:<\/strong>\u00a0A t\u00fara sor\u00e1n botokat, ors\u00f3kat, csalikat \u00e9s felszerel\u00e9seket biztos\u00edtunk mindenf\u00e9le horg\u00e1sztechnik\u00e1hoz.<\/li>\n<li><strong>Tapasztalt t\u00f6bbnyelv\u0171 szem\u00e9lyzet:<\/strong>\u00a0A leg\u00e9nys\u00e9g t\u00f6bb \u00e9ves helyi hal\u00e1szati tapasztalattal rendelkezik, \u00e9s seg\u00edt \u00d6nnek \u00e1lmai fog\u00e1s\u00e1ban.<\/li>\n<li><strong>R\u00e1gcs\u00e1lnival\u00f3k \u00e9s italok:<\/strong>\u00a0Maradjon felfriss\u00fclve ingyenes harapnival\u00f3kkal \u00e9s italokkal az eg\u00e9sz utaz\u00e1s alatt.<\/li>\n<\/ul>\n<h3>\ud83d\udccd <strong>K\u00e9nyelmes indul\u00e1sok Marina del Surb\u00f3l<\/strong><\/h3>\n<p>A horg\u00e1szkaland a Marina del Surban, Tenerife egyik legn\u00e9pszer\u0171bb kik\u00f6t\u0151j\u00e9ben kezd\u0151dik. Javasoljuk, hogy legal\u00e1bb 10 perccel a tervezett indul\u00e1s el\u0151tt \u00e9rkezzen meg, hogy z\u00f6kken\u0151mentesen induljon a nap. Az \u00d6n k\u00e9nyelme \u00e9rdek\u00e9ben a k\u00f6zelben parkol\u00e1si lehet\u0151s\u00e9g \u00e1ll rendelkez\u00e9sre.<\/p>\n<h3>\ud83d\udcdc <strong>Egyszer\u0171 foglal\u00e1s \u00e9s rugalmas lemond\u00e1si felt\u00e9telek<\/strong><\/h3>\n<p>A feh\u00e9r c\u00e1p\u00e1s hal\u00e1szhaj\u00f3 t\u00fara lefoglal\u00e1sa az CanaryVIP-vel egyszer\u0171 \u00e9s probl\u00e9mamentes:<\/p>\n<ul>\n<li><strong>Id\u0151j\u00e1r\u00e1si garancia:<\/strong>\u00a0Az \u00d6n biztons\u00e1ga \u00e9s k\u00e9nyelme a legfontosabb priorit\u00e1sunk. Ha az id\u0151j\u00e1r\u00e1s nem biztons\u00e1gos, \u00e1t\u00fctemezhetj\u00fck az id\u0151pontot, vagy teljes visszat\u00e9r\u00edt\u00e9st kaphat.<\/li>\n<li><strong>Rugalmas lemond\u00e1s:<\/strong>\u00a0Az utaz\u00e1s el\u0151tt legfeljebb 5 nappal lemondhatja a foglal\u00e1st, \u00e9s a teljes \u00f6sszeg visszat\u00e9r\u00edt\u00e9sre ker\u00fcl.<\/li>\n<li><strong>Digit\u00e1lis jegy\u00e9rt\u00e9kes\u00edt\u00e9s:<\/strong> Kapja meg a foglal\u00e1si visszaigazol\u00e1st e-mailben, \u00e9s mutassa be azt mobileszk\u00f6z\u00e9n.<\/li>\n<\/ul>\n<h3>\ud83d\udc20 <strong>Mi\u00e9rt v\u00e1lassza az CanaryVIP-t a tenerifei hal\u00e1szhaj\u00f3 kalandj\u00e1hoz?<\/strong><\/h3>\n<p>Az CanaryVIP-n\u00e9l szenved\u00e9ly\u00fcnk, hogy felejthetetlen \u00e9lm\u00e9nyeket ny\u00fajtsunk Tenerif\u00e9n. Ez a feh\u00e9r c\u00e1p\u00e1s horg\u00e1szhaj\u00f3 t\u00fara \u00fagy lett kialak\u00edtva, hogy minden tud\u00e1sszintnek megfeleljen, a kezd\u0151kt\u0151l a tapasztalt horg\u00e1szokig. Cs\u00facsmin\u0151s\u00e9g\u0171 felszerel\u00e9ssel, szak\u00e9rt\u0151 \u00fatmutat\u00e1ssal \u00e9s a k\u00e9nyelemre \u00f6sszpontos\u00edtva biztos\u00edtjuk, hogy a v\u00edzen t\u00f6lt\u00f6tt napja nem kevesebb, mint leny\u0171g\u00f6z\u0151 legyen.<\/p>\n<h3>\ud83c\udf1f <strong>Teremtsen maradand\u00f3 eml\u00e9keket a v\u00edzen<\/strong><\/h3>\n<p>Ak\u00e1r bar\u00e1taival, csal\u00e1dj\u00e1val horg\u00e1szik, ak\u00e1r egy k\u00f6z\u00f6s csoporthoz csatlakozik, ez a feh\u00e9r c\u00e1p\u00e1s hal\u00e1szhaj\u00f3 t\u00fara izgalmat, kikapcsol\u00f3d\u00e1st \u00e9s az \u00f3ce\u00e1n legleny\u0171g\u00f6z\u0151bb fajainak kifog\u00e1s\u00e1nak lehet\u0151s\u00e9g\u00e9t \u00edg\u00e9ri. Foglalja le tenerifei horg\u00e1szt\u00far\u00e1j\u00e1t az CanaryVIP-vel m\u00e9g ma, \u00e9s k\u00e9sz\u00fclj\u00f6n fel egy olyan kalandra, amelyet soha nem fog elfelejteni!<\/p>\n<p>\ud83d\udcc5 <strong>K\u00e9szen \u00e1llsz a m\u00f3k\u00e1ra?<\/strong><\/p>\n<p>L\u00e1togasson el a  oldalra. <a href=\"https:\/\/canaryvip.com\/hu\/\">CanaryVIP<\/a> hogy lefoglalja a feh\u00e9r c\u00e1p\u00e1s hal\u00e1szhaj\u00f3 tenerifei t\u00far\u00e1j\u00e1t most. A helyek sz\u00e1ma korl\u00e1tozott, ez\u00e9rt ne v\u00e1rjon - biztos\u00edtsa hely\u00e9t m\u00e9g ma, \u00e9s k\u00e9sz\u00fclj\u00f6n fel egy felejthetetlen napra a v\u00edzen! \ud83c\udfa3<\/p>","protected":false},"excerpt":{"rendered":"<p>\ud83d\udd0d\u00a0<strong>Horg\u00e1szt\u00fara r\u00e9szletek:<\/strong><br \/>\n\u2705 Biztons\u00e1gos fizet\u00e9s.<br \/>\n\ud83d\udc65 K\u00f6z\u00f6s t\u00far\u00e1k.<br \/>\n\ud83d\udd10 Priv\u00e1t t\u00far\u00e1k.<br \/>\n\u23f3 Napi 4 \u00f3r\u00e1s, 6 \u00f3r\u00e1s \u00e9s 8 \u00f3r\u00e1s t\u00far\u00e1k.<br \/>\n\ud83d\udd59 Indul\u00e1s 8:00 \u00e9s 13:00 \u00f3rakor.<br \/>\n\ud83d\udc65 Legfeljebb 6 vend\u00e9g.<br \/>\n\ud83c\udf7a V\u00edz \u00e9s italok.<br \/>\n\ud83c\udfa3 Horg\u00e1szbotok.<br \/>\n\u2705 Enged\u00e9lyezve, hogy hazavigy\u00e9k a halakat.<br \/>\n\ud83e\udd11 Garant\u00e1ltan legjobb \u00e1r.<br \/>\n\ud83d\udc6a Kedvezm\u00e9nyek aktiv\u00e1lva.<br \/>\n\ud83d\udd01 72 \u00f3r\u00e1ig T\u00f6rl\u00e9s.<br \/>\n\ud83c\udf0d T\u00f6bbnyelv\u0171 leg\u00e9nys\u00e9g.<br \/>\n\ud83c\udf1f Foglaljon kor\u00e1n \u00e9s takar\u00edtson meg!<br \/>\n\ud83d\udccd Indul\u00e1s a <a href=\"https:\/\/maps.app.goo.gl\/XNDB4g2quXSxyw6RA\">Las Galletas<\/a>.<\/p>","protected":false},"featured_media":13645,"comment_status":"open","ping_status":"closed","template":"","meta":{"_acf_changed":false},"product_brand":[],"product_cat":[47,46],"product_tag":[],"class_list":{"0":"post-13644","1":"product","2":"type-product","3":"status-publish","4":"has-post-thumbnail","6":"product_cat-boat-hire-tenerife","7":"product_cat-boat-excursions","8":"wcpa_has_options","10":"first","11":"instock","12":"virtual","13":"purchasable","14":"product-type-simple"},"acf":[],"wcpa_form_fields":{"wcpaData":{"product":{"product_price":85,"price_html":"From&nbsp;<span class=\"woocommerce-Price-amount amount\"><bdi>85,00&nbsp;<span class=\"woocommerce-Price-currencySymbol\">&euro;<\/span><\/bdi><\/span>","original_product_price":85,"price_including_tax":85,"price_excluding_tax":85,"product_id":{"parent":13644,"variation":false},"is_variable":false,"stock_status":"instock","stock_quantity":null,"parent_sku":"CV13644","product_attributes":[],"custom_fields":[],"is_taxable":false,"product_name":"White Shark Fishing Boat Tenerife","hasImage":false},"fields":{"sec_5679cd96a9fdb1":{"extra":{"key":"sec_5679cd96a9fdb1","section_id":"sec_5679cd96a9fdb1","name":"Default","status":1,"cl_rule":"show","enableCl":false,"relations":[],"toggle":true,"title_tag":"h3","show_title":false,"showPrice":"default","form_id":13647,"form_rules":{"exclude_from_discount":true,"fee_label":"Fee","disp_hide_options_price":true,"disp_show_section_price":false,"disp_show_field_price":true,"layout_option":"standard","pric_use_as_fee":false,"process_fee_as":"woo_fee"},"layout_option":"standard"},"fields":[[{"active":true,"col":6,"relations":[{"operator":false,"rules":[{"operator":"AND","rules":{"cl_field":"","cl_relation":"","cl_val":""}}]}],"cl_rule":"show","enableCl":false,"price":"","enablePrice":false,"className":"","label_position":"default","desc_position":"default","type":"radio-group","required":true,"elementId":"radio-group_5679cd96a9fdd2","label":"\u231b\ufe0f Trip Duration","name":"radio-group_5679cd96a9fdd2","values":[{"label":"4 Hour Shared Trip (85\u20ac)","value":"4 Hour Trip","selected":false,"tempId":"aco_32","description":"Shared Tour up to 6 Guests. Departure at 8:00.","gt_translate_keys":["label","description"]},{"label":"Private Charter (From 440\u20ac)","value":"Private Charter 6 People","selected":false,"tempId":"aco_33","description":"Up to 6 people. Departure at 8:00 & 13:00.","gt_translate_keys":["label","description"]}],"layOut":"","error":false,"checkUi":"toggle","enableDesign":false,"scrollBar":false,"description":"","other":false,"options_description":true,"show_selected_option":false,"gt_translate_keys":["label","description"],"price_dependency":false,"cl_dependency":["date_0679cd96a9fe5e","select_1679cd96a9fe54",false,false],"value":""}],[{"label":"\ud83d\udcc5 Date","active":true,"required":true,"elementId":"date_0679cd96a9fe5e","picker_type":"custom","picker_mode":"single","placeholder":"","description":"","tooltip":"","name":"date_0679cd96a9fe5e","label_position":"default","desc_position":"default","enablePrice":false,"className":"","enableCl":true,"relations":[{"operator":"and","rules":[{"operator":"AND","rules":{"cl_field":"radio-group_5679cd96a9fdd2","cl_relation":"is_not_empty","cl_val":"3 Hour Trip"}}]}],"enableDesign":false,"LabelColor":"","date_pic_inline":true,"date_pic_inline_hide":true,"min_date":{"type":"days","val":"1"},"max_date":{"type":"days","val":"365"},"date_pic_conf":{"disabledWeeks":[],"disabledDates":["2025-02-03"]},"price":"","cl_rule":"show","col":6,"type":"date","error":false,"gt_translate_keys":["label","placeholder","description","tooltip"],"price_dependency":false,"cl_dependency":false,"value":""}],[{"active":true,"col":6,"relations":[{"operator":false,"rules":[{"operator":"AND","rules":{"cl_field":"radio-group_5679cd96a9fdd2","cl_relation":"is_not_empty","cl_val":"3 Hour Trip"}}]}],"cl_rule":"show","enableCl":true,"price":"","enablePrice":false,"className":"","label_position":"default","desc_position":"default","type":"select","required":true,"elementId":"select_1679cd96a9fe54","label":"\u23f0 Departure","name":"select_1679cd96a9fe54","values":[{"label":"8:00","value":"8:00","selected":false,"tempId":"aco_2904","gt_translate_keys":["label"]},{"label":"13:00","value":"13:00","selected":false,"tempId":"aco_2905","gt_translate_keys":["label"]}],"dropdown_type":"basic","error":false,"placeholder":"Select Departure Time","gt_translate_keys":["label","placeholder"],"price_dependency":false,"cl_dependency":false,"value":""}]]},"sec_0679cd96a9fdd4":{"extra":{"key":"sec_0679cd96a9fdd4","section_id":"sec_0679cd96a9fdd4","name":"4H Trip","status":1,"cl_rule":"show","enableCl":true,"relations":[{"operator":false,"rules":[{"operator":"AND","rules":{"cl_field":"radio-group_5679cd96a9fdd2","cl_relation":"is","cl_val":"4 Hour Trip"}}]}],"toggle":true,"title_tag":"h4","show_title":false,"showPrice":"default","form_id":13647,"form_rules":{"exclude_from_discount":true,"fee_label":"Fee","disp_hide_options_price":true,"disp_show_section_price":false,"disp_show_field_price":true,"layout_option":"standard","pric_use_as_fee":false,"process_fee_as":"woo_fee"},"layout_option":"standard"},"fields":[[{"active":true,"col":6,"relations":false,"cl_rule":"show","enableCl":false,"price":"","enablePrice":false,"className":"","label_position":"default","desc_position":"default","type":"separator","required":false,"elementId":"separator_9679cd96a9fded","label":"Separator Field","height":"10","separatorType":"blank","error":false,"gt_translate_keys":["label"],"price_dependency":false,"cl_dependency":false,"value":""}],[{"contentType":"rich","active":true,"label":"","elementId":"content_9679cd96a9fdf8","value":"<p>\ud83c\udf9f\ufe0f <strong>Reservation<\/strong>: Pay only a deposit now to reserve; the rest is due on the day of the activity upon arrival.<\/p>","inline":true,"name":"content_9679cd96a9fdf8","enablePrice":false,"className":"","subtype":"div","enableCl":false,"relations":false,"price":"","cl_rule":"show","col":6,"type":"content","error":false,"show_in_checkout":true,"gt_translate_keys":["label","value"],"price_dependency":false,"cl_dependency":false}],[{"active":true,"col":6,"relations":false,"cl_rule":"show","enableCl":false,"price":"","enablePrice":false,"className":"","label_position":"default","desc_position":"default","type":"content","required":false,"elementId":"content_0679cd96a9fe02","label":"People","name":"content_0679cd96a9fe02","contentType":"plain","value":"","error":false,"show_in_checkout":true,"inline":false,"gt_translate_keys":["label","value"],"price_dependency":false,"cl_dependency":false}],[{"active":true,"col":6,"relations":[{"operator":false,"rules":[{"operator":"AND","rules":{"cl_field":"","cl_relation":"","cl_val":""}}]}],"cl_rule":"show","enableCl":true,"price":"85","enablePrice":true,"className":"","label_position":"default","desc_position":"default","type":"radio-group","required":false,"elementId":"radio-group_10679cd96a9fe0d","label":"","name":"radio-group_10679cd96a9fe0d","values":[{"label":"\ud83d\udc64 People (85\u20ac)","value":"People","selected":true,"tempId":"aco_32","tooltip":"+4 Years","description":"","gt_translate_keys":["label","tooltip","description"]}],"layOut":"","error":false,"checkUi":"button","priceOptions":"fixed_for_all","pricingType":"fixed","enable_quantity":true,"quantity_label":"","min_quantity":"0","options_tooltip":true,"options_description":true,"is_show_price":true,"max_quantity":"6","gt_translate_keys":["label","quantity_label"],"price_dependency":false,"cl_dependency":false,"value":""}],[{"elementId":"separator_7679cd96a9fe2d","separatorType":"fill","separatorColor":"#66a6b6","className":"","height":"6","enableCl":false,"relations":false,"cl_rule":"show","col":6,"type":"separator","error":false,"gt_translate_keys":[],"price_dependency":false,"cl_dependency":false,"value":""}],[{"active":true,"col":6,"relations":false,"cl_rule":"show","enableCl":false,"price":"({field.radio-group_10679cd96a9fe0d.quantity}*20)","enablePrice":true,"className":"","label_position":"default","desc_position":"default","type":"content","required":false,"elementId":"content_2679cd96a9fe37","label":"Deposit Now","name":"content_2679cd96a9fe37","contentType":"plain","value":"","error":false,"pricingType":"custom","isTemplate":false,"is_show_price":false,"enableDesign":true,"scrollBar":false,"use_as_fee":false,"fee_label":"","inline":true,"show_in_checkout":true,"subtype":"div","LabelSize":"14px","LabelColor":"","gt_translate_keys":["label","value"],"price_dependency":["content_9679cd96a9fe4a"],"cl_dependency":false}],[{"contentType":"plain","active":true,"label":"Payment at Arrival","elementId":"content_8679cd96a9fe40","value":"","inline":true,"show_in_checkout":true,"name":"content_8679cd96a9fe40","enablePrice":true,"className":"","fee_label":"","subtype":"div","enableCl":false,"relations":[{"operator":false,"rules":[{"operator":"AND","rules":{"cl_field":"content_2679cd96a9fe37","cl_relation":"is_not_empty","cl_val":""}}]}],"scrollBar":false,"enableDesign":true,"pricingType":"custom","isTemplate":false,"price":"({field.radio-group_10679cd96a9fe0d.quantity}*65)","use_as_fee":false,"is_show_price":true,"cl_rule":"disable","col":6,"type":"content","error":false,"LabelSize":"14px","LabelColor":"","gt_translate_keys":["label","value"],"price_dependency":["content_9679cd96a9fe4a"],"cl_dependency":false}],[{"contentType":"plain","active":true,"label":"Total Amount","elementId":"content_9679cd96a9fe4a","value":"","inline":true,"show_in_checkout":true,"name":"content_9679cd96a9fe4a","enablePrice":true,"className":"","fee_label":"","subtype":"div","enableCl":false,"relations":[{"operator":false,"rules":[{"operator":"AND","rules":{"cl_field":"content_2679cd96a9fe37","cl_relation":"is_not_empty","cl_val":""}}]}],"scrollBar":false,"enableDesign":true,"LabelColor":"","LabelSize":"14px","pricingType":"custom","isTemplate":false,"price":"({field.content_2679cd96a9fe37.price}) + ({field.content_8679cd96a9fe40.price})","use_as_fee":false,"is_show_price":true,"cl_rule":"disable","col":6,"type":"content","error":false,"gt_translate_keys":["label","value"],"price_dependency":false,"cl_dependency":false}]]},"sec_3679cd96a9fe55":{"extra":{"key":"sec_3679cd96a9fe55","section_id":"sec_3679cd96a9fe55","name":"Private Charter","status":1,"cl_rule":"show","enableCl":true,"relations":[{"operator":false,"rules":[{"operator":"AND","rules":{"cl_field":"radio-group_5679cd96a9fdd2","cl_relation":"is","cl_val":"Private Charter 6 People"}}]}],"toggle":true,"title_tag":"h4","show_title":false,"showPrice":"default","form_id":13647,"form_rules":{"exclude_from_discount":true,"fee_label":"Fee","disp_hide_options_price":true,"disp_show_section_price":false,"disp_show_field_price":true,"layout_option":"standard","pric_use_as_fee":false,"process_fee_as":"woo_fee"},"layout_option":"standard"},"fields":[[{"elementId":"separator_6679cd96a9fe71","separatorType":"blank","className":"","height":"10","enableCl":false,"relations":false,"cl_rule":"show","col":6,"type":"separator","gt_translate_keys":[],"price_dependency":false,"cl_dependency":false,"value":""}],[{"contentType":"rich","active":true,"label":"","elementId":"content_7679cd96a9fe7d","value":"<p>\ud83c\udf9f\ufe0f <strong>Reservation<\/strong>: Pay only a deposit now to reserve; the rest is due on the day of the activity upon arrival.<\/p>","inline":true,"name":"content_7679cd96a9fe7d","enablePrice":false,"className":"","subtype":"div","enableCl":false,"relations":false,"price":"","cl_rule":"show","col":6,"type":"content","error":false,"pricingType":"custom","isTemplate":false,"is_show_price":true,"show_in_checkout":true,"gt_translate_keys":["label","value"],"price_dependency":false,"cl_dependency":false}],[{"active":true,"col":6,"relations":false,"cl_rule":"show","enableCl":false,"price":"","enablePrice":true,"className":"","label_position":"default","desc_position":"default","type":"select","required":false,"elementId":"select_10679cd96a9fe87","label":"\u231b\ufe0f Charter Duration (From 440\u20ac)","name":"select_10679cd96a9fe87","values":[{"label":"4 Hours (440\u20ac)","value":"1","selected":false,"tempId":"aco_3241","price":"440","gt_translate_keys":["label"]},{"label":"6 Hours (660\u20ac)","value":"2","selected":false,"tempId":"aco_3650","price":"660","gt_translate_keys":["label"]},{"label":"8 Hours (800\u20ac)","value":"3","selected":false,"tempId":"aco_242","price":"800","gt_translate_keys":["label"]}],"dropdown_type":"basic","error":false,"placeholder":"Select Duration Time","priceOptions":"different_for_all","pricingType":"fixed","is_show_price":true,"gt_translate_keys":["label","placeholder"],"price_dependency":["content_2679cd96a9fe9b","content_2679cd96a9fea4"],"cl_dependency":false,"value":""}],[{"elementId":"separator_0679cd96a9fe91","separatorType":"fill","separatorColor":"#66a6b6","className":"","height":"6","enableCl":false,"relations":false,"cl_rule":"show","col":6,"type":"separator","error":false,"gt_translate_keys":[],"price_dependency":false,"cl_dependency":false,"value":""}],[{"contentType":"plain","active":true,"label":"Deposit Now","elementId":"content_2679cd96a9fe9b","value":"","inline":true,"show_in_checkout":true,"name":"content_2679cd96a9fe9b","enablePrice":true,"className":"","fee_label":"","subtype":"div","enableCl":false,"relations":false,"scrollBar":false,"enableDesign":true,"LabelColor":"","LabelSize":"14px","pricingType":"custom","isTemplate":true,"price":"{field.select_10679cd96a9fe87.price}","use_as_fee":false,"is_show_price":false,"cl_rule":"show","col":6,"type":"content","error":false,"formulaId":"fmla_1738332716177274093","gt_translate_keys":["label","value"],"price_dependency":["content_0679cd96a9feae"],"cl_dependency":false}],[{"contentType":"plain","active":true,"label":"Payment at Arrival","elementId":"content_2679cd96a9fea4","value":"","inline":true,"show_in_checkout":true,"name":"content_2679cd96a9fea4","enablePrice":true,"className":"","fee_label":"","subtype":"div","enableCl":false,"relations":[{"operator":false,"rules":[{"operator":"AND","rules":{"cl_field":"content_2679cd96a9fe37","cl_relation":"is_not_empty","cl_val":""}}]}],"scrollBar":false,"enableDesign":true,"LabelColor":"","LabelSize":"14px","pricingType":"custom","isTemplate":true,"price":"{field.select_10679cd96a9fe87.value}*90","use_as_fee":false,"is_show_price":true,"cl_rule":"disable","col":6,"type":"content","error":false,"formulaId":"fmla_1708360988969136756","gt_translate_keys":["label","value"],"price_dependency":["content_0679cd96a9feae"],"cl_dependency":false}],[{"contentType":"plain","active":true,"label":"Total Amount","elementId":"content_0679cd96a9feae","value":"","inline":true,"show_in_checkout":true,"name":"content_0679cd96a9feae","enablePrice":true,"className":"","fee_label":"","subtype":"div","enableCl":false,"relations":[{"operator":false,"rules":[{"operator":"AND","rules":{"cl_field":"content_2679cd96a9fe37","cl_relation":"is_not_empty","cl_val":""}}]}],"scrollBar":false,"enableDesign":true,"LabelColor":"","LabelSize":"14px","pricingType":"custom","isTemplate":false,"price":"({field.content_2679cd96a9fe9b.price})+({field.content_2679cd96a9fea4.price})","use_as_fee":false,"is_show_price":true,"cl_rule":"disable","col":6,"type":"content","error":false,"gt_translate_keys":["label","value"],"price_dependency":false,"cl_dependency":false}]]}},"config":{"price_override":"always","enable_recaptcha":false,"bind_quantity":false,"quantity_bind_formula":false,"disp_summ_show_option_price":true,"disp_summ_show_product_price":false,"disp_summ_show_total_price":false,"disp_summ_show_fee":true,"disp_summ_show_discount":true,"summary_title":"","options_total_label":"Options Price","total_label":"Deposit Amount","options_product_label":"Product Price","fee_label":"Fee","discount_label":"Discount","has_price":true,"has_quantity_formula":false},"mc_unit":1,"tax_rate":1,"tax_rate_real":1,"discount":{"percentage":0,"fixed":0},"design":{"conf":{"LabelPosition":"above","DescPosition":"above","UploadField":"custom_1","QuantityFieldStyle":"custom_1"},"css":{"LeftLabelWidth":"120px"}},"formulas":{"fmla_1708360988969136756":"(({field.select_10679cd96a9fe87.value}>=3)?(730):(({field.select_10679cd96a9fe87.value}>=2)?(550):(({field.select_10679cd96a9fe87.value}>=1)?(370):(0))))","fmla_1738332716177274093":"(({field.select_10679cd96a9fe87.value}>=3)?(70):(({field.select_10679cd96a9fe87.value}>=2)?(110):(({field.select_10679cd96a9fe87.value}>=1)?(70):(0))))"},"lookuptables":[],"clones":false,"cartKey":false}},"_links":{"self":[{"href":"https:\/\/canaryvip.com\/hu\/wp-json\/wp\/v2\/product\/13644","targetHints":{"allow":["GET"]}}],"collection":[{"href":"https:\/\/canaryvip.com\/hu\/wp-json\/wp\/v2\/product"}],"about":[{"href":"https:\/\/canaryvip.com\/hu\/wp-json\/wp\/v2\/types\/product"}],"replies":[{"embeddable":true,"href":"https:\/\/canaryvip.com\/hu\/wp-json\/wp\/v2\/comments?post=13644"}],"wp:featuredmedia":[{"embeddable":true,"href":"https:\/\/canaryvip.com\/hu\/wp-json\/wp\/v2\/media\/13645"}],"wp:attachment":[{"href":"https:\/\/canaryvip.com\/hu\/wp-json\/wp\/v2\/media?parent=13644"}],"wp:term":[{"taxonomy":"product_brand","embeddable":true,"href":"https:\/\/canaryvip.com\/hu\/wp-json\/wp\/v2\/product_brand?post=13644"},{"taxonomy":"product_cat","embeddable":true,"href":"https:\/\/canaryvip.com\/hu\/wp-json\/wp\/v2\/product_cat?post=13644"},{"taxonomy":"product_tag","embeddable":true,"href":"https:\/\/canaryvip.com\/hu\/wp-json\/wp\/v2\/product_tag?post=13644"}],"curies":[{"name":"wp","href":"https:\/\/api.w.org\/{rel}","templated":true}]}}