{"id":13568,"date":"2025-01-14T17:37:29","date_gmt":"2025-01-14T17:37:29","guid":{"rendered":"https:\/\/canaryvip.com\/?post_type=product&#038;p=13568"},"modified":"2026-02-06T11:13:54","modified_gmt":"2026-02-06T11:13:54","slug":"peter-pan-pirate-ship-tenerife","status":"publish","type":"product","link":"https:\/\/canaryvip.com\/hu\/shop\/peter-pan-pirate-ship-tenerife\/","title":{"rendered":"Peter Pan kal\u00f3zhaj\u00f3 Tenerife"},"content":{"rendered":"<section class=\"l-section wpb_row height_medium\"><div class=\"l-section-h i-cf\"><div class=\"g-cols vc_row via_flex valign_top type_default stacking_default\"><div class=\"vc_col-sm-12 wpb_column vc_column_container\"><div class=\"vc_column-inner\"><div class=\"wpb_wrapper\"><div class=\"wpb_text_column\"><div class=\"wpb_wrapper\"><h2>\ud83d\udea2 Fedezd fel a P\u00e1n P\u00e9ter kal\u00f3zhaj\u00f3t<\/h2>\n<p class=\"translation-block\">Egy m\u00e1sfajta <strong>haj\u00f3t\u00far\u00e1t keres Tenerif\u00e9n<\/strong>? Sz\u00e1lljon fel a <strong>Peter Pan kal\u00f3zhaj\u00f3<\/strong> fed\u00e9lzet\u00e9re, egy autentikus portug\u00e1l szk\u00fanerre, amely tele van b\u00e1jjal \u00e9s kalanddal. Ak\u00e1r csal\u00e1dj\u00e1val, bar\u00e1taival vagy partner\u00e9vel utazik, ez az \u00e9lm\u00e9ny az izgalom, a kikapcsol\u00f3d\u00e1s \u00e9s a Tenerife d\u00e9li partjaira ny\u00edl\u00f3 leny\u0171g\u00f6z\u0151 kil\u00e1t\u00e1s t\u00f6k\u00e9letes kever\u00e9k\u00e9t k\u00edn\u00e1lja.<\/p>\n<p>A haj\u00f3 teljesen felszerelt, k\u00e9t f\u00fcrd\u0151szob\u00e1val, \u00e1rny\u00e9kos t\u00e1rsalg\u00f3val, nagy k\u00f6zponti asztallal \u00e9s egy fels\u0151 fed\u00e9lzettel, amely t\u00f6k\u00e9letes a napoz\u00e1shoz, mik\u00f6zben az Atlanti-\u00f3ce\u00e1non haj\u00f3zik.<\/p>\n<h3>\ud83d\udc2c B\u00e1ln\u00e1k \u00e9s delfinek megtekint\u00e9se a vadonban<\/h3>\n<p class=\"translation-block\">Ez az <strong>Los Cristianos kik\u00f6t\u0151j\u00e9b\u0151l<\/strong> indul\u00f3 <strong>Tenerife-i haj\u00f3kir\u00e1ndul\u00e1s<\/strong> a Kan\u00e1ri-szigetek egyik legjobb hely\u00e9re visz, ahol vadon \u00e9l\u0151 delfineket \u00e9s pil\u00f3tab\u00e1ln\u00e1kat l\u00e1thatunk testk\u00f6zelb\u0151l. A tengeri szafari ut\u00e1n a haj\u00f3 Palm-Mar vagy La Caleta gy\u00f6ny\u00f6r\u0171 tengeri rezerv\u00e1tumai k\u00f6zel\u00e9ben horgonyoz le, ahol lehet\u0151s\u00e9ged lesz \u00faszni a krist\u00e1lytiszta v\u00edzben.<\/p>\n<h3>\ud83d\udd52 T\u00fara lehet\u0151s\u00e9gek \u00e9s el\u00e9rhet\u0151s\u00e9gek<\/h3>\n<ul>\n<li><strong>2 \u00f3r\u00e1s t\u00fara:<\/strong> Gyors \u00e9s sz\u00f3rakoztat\u00f3 tengeri kaland a k\u00eds\u00e9rleti b\u00e1ln\u00e1k\/delfinek megfigyel\u00e9s\u00e9re. <em>Az \u00e9telek \u00e9s italok nem szerepelnek a csomagban, de a fed\u00e9lzeten megv\u00e1s\u00e1rolhat\u00f3k.<\/em><\/li>\n<li class=\"translation-block\"><strong>3 \u00f3r\u00e1s t\u00fara:<\/strong> Tartalmazza a f\u00fcrd\u0151z\u00e9st \u00e9s egy teljes eb\u00e9det italokkal. Indul\u00e1s 10:00-kor. <strong>Ez a v\u00e1ltozat csak korl\u00e1tozott ideig \u00e9rhet\u0151 el.<\/strong> A szabad id\u0151pontok\u00e9rt n\u00e9zze meg a foglal\u00e1si napt\u00e1rat.<\/li>\n<\/ul>\n<h3>\ud83c\udf7d\ufe0f Eb\u00e9d \u00e9s italok (csak a 3 \u00f3r\u00e1s t\u00fara tartalmazza)<\/h3>\n<ul>\n<li><strong>Eb\u00e9dmen\u00fc:<\/strong> Rizs z\u00f6lds\u00e9gekkel, h\u00fasgomb\u00f3c, sal\u00e1ta, keny\u00e9r \u00e9s friss gy\u00fcm\u00f6lcs.<\/li>\n<li><strong>Italok:<\/strong> V\u00edz \u00e9s \u00fcd\u00edt\u0151italok. Eb\u00e9did\u0151ben s\u00f6rt \u00e9s bort szolg\u00e1lnak fel.<\/li>\n<\/ul>\n<h3>\ud83c\udf1f Mi\u00e9rt v\u00e1lassza a Peter Pan Boat Tourt?<\/h3>\n<ul>\n<li>Csal\u00e1dbar\u00e1t kal\u00f3zhaj\u00f3 rengeteg t\u00e9rrel \u00e9s \u00e1rny\u00e9kos \u00fcl\u0151helyekkel.<\/li>\n<li>Fels\u0151 fed\u00e9lzet a nap szerelmeseinek \u00e9s verhetetlen kil\u00e1t\u00e1s a tengerpartra.<\/li>\n<li>Los Cristianosb\u00f3l indul, amely Tenerife d\u00e9li r\u00e9sz\u00e9n tal\u00e1lhat\u00f3, k\u00e9nyelmes \u00e9s k\u00f6zponti helyen.<\/li>\n<\/ul>\n<h3>\ud83d\udcac Foglal\u00e1si \u00e9s lemond\u00e1si felt\u00e9telek<\/h3>\n<ul>\n<li><strong>T\u00f6bb mint 48 \u00f3r\u00e1val kor\u00e1bban:<\/strong> 90% visszat\u00e9r\u00edt\u00e9s (a 10%-t megtartj\u00e1k feldolgoz\u00e1sra).<\/li>\n<li><strong>Kevesebb mint 48 \u00f3ra vagy meg nem jelen\u00e9s:<\/strong> Nincs visszat\u00e9r\u00edt\u00e9s.<\/li>\n<li>Ha a t\u00fara az id\u0151j\u00e1r\u00e1s vagy m\u00e1s okok miatt elmarad, teljes visszat\u00e9r\u00edt\u00e9st kap, vagy lehet\u0151s\u00e9get kap az \u00fajratervez\u00e9sre.<\/li>\n<\/ul>\n<h3>\ud83d\udccd Indul\u00e1si hely<\/h3>\n<p class=\"translation-block\">A <strong>Peter Pan kal\u00f3zhaj\u00f3<\/strong> a <a href=\"https:\/\/maps.app.goo.gl\/zqPYNAARb6LiE5tZ7\" target=\"_blank\" rel=\"noopener\">Los Cristianos kik\u00f6t\u0151j\u00e9b\u0151l<\/a> indul. K\u00e9rj\u00fck, hogy a z\u00f6kken\u0151mentes besz\u00e1ll\u00e1s \u00e9rdek\u00e9ben legal\u00e1bb 30 perccel az indul\u00e1si id\u0151 el\u0151tt \u00e9rkezzen meg.<\/p>\n<h3>\ud83c\udf34 Foglalja le tenerifei haj\u00f3kir\u00e1ndul\u00e1s\u00e1t az CanaryVIP-n\u00e9l<\/h3>\n<p class=\"translation-block\">Az CanaryVIP-n\u00e9l a <strong>feledhetetlen haj\u00f3kir\u00e1ndul\u00e1sokra szakosodtunk Tenerif\u00e9n<\/strong>. A Peter Pan kal\u00f3zhaj\u00f3 az egyik legn\u00e9pszer\u0171bb v\u00e1laszt\u00e1sunk - a kaland, a term\u00e9szet \u00e9s a pihen\u00e9s kever\u00e9ke a ny\u00edlt tengeren.<\/p>\n<p>Ak\u00e1r gyerekekkel, ak\u00e1r bar\u00e1tokkal vagy p\u00e1rk\u00e9nt l\u00e1togat el ide, ez a t\u00f6k\u00e9letes m\u00f3dja annak, hogy \u00e9lvezze Tenerife partvid\u00e9k\u00e9t \u00e9s tengeri \u00e9l\u0151vil\u00e1g\u00e1t.<\/p>\n<p class=\"translation-block\">\ud83d\udc49 <strong>Ne hagyja ki - foglalja le a hely\u00e9t most!<\/strong> A 3 \u00f3r\u00e1s t\u00fara eb\u00e9ddel \u00e9s itallal csak korl\u00e1tozott ideig \u00e9rhet\u0151 el.<\/p>\n<\/div><\/div><\/div><\/div><\/div><\/div><\/div><\/section>","protected":false},"excerpt":{"rendered":"<p><strong>\ud83d\udd0d Peter Pan Boat Tenerife:<\/strong><br \/>\n<span>\u2705 Biztons\u00e1gos fizet\u00e9s.<\/span><br \/>\n<span>\ud83d\udc0b B\u00e1lna- \u00e9s delfin\u00e9szlel\u00e9s.<br \/>\n<\/span><span>\ud83d\ude80 2H Tours.<br \/>\n\ud83d\udd59 Naponta 10:00, 12:00 \u00e9s 14:00 \u00f3rakor.<br \/>\n<\/span><span>\ud83d\udc65 Legfeljebb 60 f\u0151.<\/span><span><br \/>\n\ud83d\ude8c Felsz\u00e1ll\u00e1s D\u00e9l-Tenerif\u00e9r\u0151l.<br \/>\n<\/span>\ud83d\udebd WC a fed\u00e9lzeten.<br \/>\n<span>\ud83e\udd11 Garant\u00e1ltan legjobb \u00e1r.<\/span><br \/>\n<span>\ud83d\udc6a Kedvezm\u00e9nyek aktiv\u00e1lva.<\/span><br \/>\n<span>\ud83d\udd01 48 \u00f3r\u00e1ig Lemond\u00e1s.<\/span><br \/>\n<span>\ud83c\udf0d T\u00f6bbnyelv\u0171 \u00fatmutat\u00f3k.<\/span><br \/>\n<span>\ud83c\udf1f Foglaljon most \u00e9s sp\u00f3roljon!<\/span><br \/>\n<span>\ud83d\udccd Indul\u00e1s a <a href=\"https:\/\/maps.app.goo.gl\/US7ie1SCwfu1Mhxm7\">Los Cristianos<\/a>.<\/span><\/p>","protected":false},"featured_media":13574,"comment_status":"open","ping_status":"closed","template":"","meta":{"_acf_changed":false},"product_brand":[],"product_cat":[46],"product_tag":[],"class_list":{"0":"post-13568","1":"product","2":"type-product","3":"status-publish","4":"has-post-thumbnail","6":"product_cat-boat-excursions","7":"wcpa_has_options","9":"first","10":"instock","11":"virtual","12":"purchasable","13":"product-type-simple"},"acf":[],"wcpa_form_fields":{"wcpaData":{"product":{"product_price":27,"price_html":"From&nbsp;<span class=\"woocommerce-Price-amount amount\"><bdi>27,00&nbsp;<span class=\"woocommerce-Price-currencySymbol\">&euro;<\/span><\/bdi><\/span>","original_product_price":27,"price_including_tax":27,"price_excluding_tax":27,"product_id":{"parent":13568,"variation":false},"is_variable":false,"stock_status":"instock","stock_quantity":null,"parent_sku":"CV13568","product_attributes":[],"custom_fields":[],"is_taxable":false,"product_name":"Peter Pan Pirate Ship Tenerife","hasImage":false},"fields":{"sec_h1a2har211":{"extra":{"key":"sec_h1a2har211","section_id":"sec_h1a2har211","name":"Tour Duration","status":1,"cl_rule":"show","enableCl":false,"relations":[],"toggle":true,"title_tag":"h4","show_title":false,"showPrice":"default","form_id":13569,"form_rules":{"exclude_from_discount":true,"fee_label":"Fee","disp_hide_options_price":true,"disp_show_section_price":false,"disp_show_field_price":true,"layout_option":"standard","pric_use_as_fee":false,"process_fee_as":"woo_fee"},"layout_option":"standard"},"fields":[[{"active":true,"col":6,"relations":false,"cl_rule":"show","enableCl":false,"price":"","enablePrice":false,"className":"","label_position":"default","desc_position":"default","type":"content","required":false,"elementId":"content_7231531275","label":"","name":"content_7231531275","contentType":"rich","value":"<p><strong>Free Pick-up available only at 12:00.<\/strong><\/p>","error":false,"gt_translate_keys":["label","value"],"price_dependency":false,"cl_dependency":false}],[{"active":true,"col":6,"relations":false,"cl_rule":"show","enableCl":false,"price":"","enablePrice":false,"className":"","label_position":"default","desc_position":"default","type":"radio-group","required":false,"elementId":"radio_0409611974","label":"\u2693\ufe0f Select Tour","name":"radio_0409611974","values":[{"label":"2 Hour Tour (27\u20ac)","value":"2H Tour","selected":true,"tempId":"aco_2005","gt_translate_keys":["label"]}],"layOut":"","error":false,"checkUi":"toggle","gt_translate_keys":["label"],"price_dependency":false,"cl_dependency":[false],"value":""}]]},"sec_06786a3ea7a85a":{"extra":{"key":"sec_06786a3ea7a85a","section_id":"sec_06786a3ea7a85a","name":"2H Tour","status":1,"cl_rule":"show","enableCl":true,"relations":[{"operator":false,"rules":[{"operator":"AND","rules":{"cl_field":"radio_0409611974","cl_relation":"is","cl_val":"2H Tour"}}]}],"toggle":true,"title_tag":"h4","show_title":false,"showPrice":"default","form_id":13569,"form_rules":{"exclude_from_discount":true,"fee_label":"Fee","disp_hide_options_price":true,"disp_show_section_price":false,"disp_show_field_price":true,"layout_option":"standard","pric_use_as_fee":false,"process_fee_as":"woo_fee"},"layout_option":"standard"},"fields":[[{"active":true,"col":6,"relations":false,"cl_rule":"show","enableCl":false,"price":"","enablePrice":false,"className":"","label_position":"default","desc_position":"default","type":"select","required":true,"elementId":"select_7343277180","label":"\u23f0 Departure","name":"select_7343277180","values":[{"label":"10:00","value":"10:00","selected":false,"tempId":"aco_842","gt_translate_keys":["label"]},{"label":"12:00","value":"12:00","selected":false,"tempId":"aco_843","gt_translate_keys":["label"]},{"label":"14:00","value":"14:00","selected":false,"tempId":"aco_844","gt_translate_keys":["label"]}],"dropdown_type":"basic","error":false,"tooltip":"","placeholder":"Select Departure Time","isWeightTemplate":false,"isTemplate":false,"min_quantity":"1","quantity_decimal":false,"quantity_step":"1","quantity_label":"Quantity","repeater_field_label":"{field_label}","repeater_bind":"","gt_translate_keys":["label","placeholder","tooltip","repeater_field_label","quantity_label"],"price_dependency":false,"cl_dependency":["date_86786a3ea7a859","date-4560181145","date-0582083876","text_16786a3ea7a89a"],"value":""}],[{"label":"\ud83d\udcc5 Date","active":true,"required":true,"elementId":"date_86786a3ea7a859","picker_type":"custom","picker_mode":"single","placeholder":"","description":"","tooltip":"","name":"date_86786a3ea7a859","label_position":"default","desc_position":"default","enablePrice":false,"className":"","enableCl":true,"relations":[{"operator":"and","rules":[{"operator":"AND","rules":{"cl_field":"select_7343277180","cl_relation":"is","cl_val":"10:00"}}]}],"enableDesign":false,"LabelColor":"","date_pic_inline":true,"date_pic_inline_hide":true,"min_date":{"type":"days","val":"0"},"max_date":{"type":"days","val":"180"},"date_pic_conf":{"disabledWeeks":[],"disabledDates":["2025-03-12 to 2025-03-30","2025-04-17 to 2025-04-24","2025-05-10","2025-05-15","2025-05-20","2025-05-29","2026-02-18"]},"price":"","cl_rule":"show","col":6,"type":"date","error":false,"isWeightTemplate":false,"isTemplate":false,"min_quantity":"1","quantity_decimal":false,"quantity_step":"1","quantity_label":"Quantity","repeater_field_label":"{field_label}","repeater_bind":"","gt_translate_keys":["label","placeholder","description","tooltip","repeater_field_label","quantity_label"],"price_dependency":false,"cl_dependency":false,"value":""}],[{"label":"\ud83d\udcc5 Date","active":true,"required":true,"elementId":"date-4560181145","picker_type":"custom","picker_mode":"single","placeholder":"","description":"","tooltip":"","name":"date-4560181145","label_position":"default","desc_position":"default","enablePrice":false,"className":"","enableCl":true,"relations":[{"operator":"and","rules":[{"operator":"AND","rules":{"cl_field":"select_7343277180","cl_relation":"is","cl_val":"12:00"}}]}],"enableDesign":false,"LabelColor":"","date_pic_inline":true,"date_pic_inline_hide":true,"min_date":{"type":"days","val":"0"},"max_date":{"type":"days","val":"180"},"date_pic_conf":{"disabledWeeks":[],"disabledDates":["2025-01-18","2025-01-30","2025-02-09","2025-03-12 to 2025-03-30","2025-04-17 to 2025-04-24","2025-05-10","2025-05-15","2025-05-20","2026-02-18"]},"price":"","cl_rule":"show","col":6,"type":"date","error":false,"isWeightTemplate":false,"isTemplate":false,"min_quantity":"1","quantity_decimal":false,"quantity_step":"1","quantity_label":"Quantity","repeater_field_label":"{field_label}","repeater_bind":"","gt_translate_keys":["label","placeholder","description","tooltip","repeater_field_label","quantity_label"],"price_dependency":false,"cl_dependency":false,"value":""}],[{"label":"\ud83d\udcc5 Date","active":true,"required":true,"elementId":"date-0582083876","picker_type":"custom","picker_mode":"single","placeholder":"","description":"","tooltip":"","name":"date-0582083876","label_position":"default","desc_position":"default","enablePrice":false,"className":"","enableCl":true,"relations":[{"operator":"and","rules":[{"operator":"AND","rules":{"cl_field":"select_7343277180","cl_relation":"is","cl_val":"14:00"}}]}],"enableDesign":false,"LabelColor":"","date_pic_inline":true,"date_pic_inline_hide":true,"min_date":{"type":"days","val":"0"},"max_date":{"type":"days","val":"180"},"date_pic_conf":{"disabledWeeks":[],"disabledDates":["2025-01-18","2025-01-30","2025-02-09","2025-03-12 to 2025-03-30","2025-04-17 to 2025-04-24","2025-05-08","2025-05-10","2025-05-15","2025-05-20","2026-02-18"]},"price":"","cl_rule":"show","col":6,"type":"date","error":false,"isWeightTemplate":false,"isTemplate":false,"min_quantity":"1","quantity_decimal":false,"quantity_step":"1","quantity_label":"Quantity","repeater_field_label":"{field_label}","repeater_bind":"","gt_translate_keys":["label","placeholder","description","tooltip","repeater_field_label","quantity_label"],"price_dependency":false,"cl_dependency":false,"value":""}],[{"contentType":"plain","active":true,"label":"People","elementId":"content_16786a3ea7a866","value":"","inline":false,"show_in_checkout":true,"name":"content_16786a3ea7a866","enablePrice":false,"className":"","enableCl":false,"relations":false,"price":"","cl_rule":"show","col":6,"type":"content","gt_translate_keys":["label","value"],"price_dependency":false,"cl_dependency":false}],[{"label":"","active":true,"required":false,"elementId":"radio-group_66786a3ea7a871","name":"radio-group_66786a3ea7a871","label_position":"default","desc_position":"default","enablePrice":true,"className":"","enableCl":false,"relations":[{"operator":false,"rules":[{"operator":"AND","rules":{"cl_field":"","cl_relation":"","cl_val":""}}]}],"enable_quantity":true,"quantity_label":"","min_quantity":"0","checkUi":"button","layOut":"","options_tooltip":true,"options_description":true,"values":[{"label":"\ud83d\udc64 Adult (27\u20ac)","value":"Adult","selected":true,"tempId":"aco_32","tooltip":"+12 Years","description":"","gt_translate_keys":["label","tooltip","description"]}],"priceOptions":"fixed_for_all","pricingType":"fixed","price":"27","cl_rule":"show","col":6,"type":"radio-group","error":false,"gt_translate_keys":["label","quantity_label"],"price_dependency":false,"cl_dependency":false,"value":""}],[{"label":"","active":true,"required":false,"elementId":"radio-group_06786a3ea7a87c","name":"radio-group_06786a3ea7a87c","label_position":"default","desc_position":"default","enablePrice":true,"className":"","enableCl":false,"relations":false,"enable_quantity":true,"quantity_label":"","min_quantity":"0","checkUi":"button","layOut":"","options_tooltip":true,"options_description":true,"values":[{"label":"\ud83d\udc66 Child (13\u20ac)","value":"Child","selected":true,"tempId":"aco_32","tooltip":"3-11 Years","description":"","gt_translate_keys":["label","tooltip","description"]}],"priceOptions":"fixed_for_all","pricingType":"fixed","price":"13","cl_rule":"show","col":6,"type":"radio-group","error":false,"gt_translate_keys":["label","quantity_label"],"price_dependency":false,"cl_dependency":false,"value":""}],[{"label":"","active":true,"required":false,"elementId":"radio-group_86786a3ea7a887","name":"radio-group_86786a3ea7a887","label_position":"default","desc_position":"default","enablePrice":true,"className":"","enableCl":false,"relations":false,"enable_quantity":true,"quantity_label":"","min_quantity":"0","checkUi":"button","layOut":"","options_tooltip":true,"options_description":true,"values":[{"label":"\ud83d\udc76 Infant (Free)","value":"Infant","selected":true,"tempId":"aco_32","tooltip":"0-2 Years","description":"","gt_translate_keys":["label","tooltip","description"]}],"priceOptions":"fixed_for_all","pricingType":"fixed","price":"0","cl_rule":"show","col":6,"type":"radio-group","error":false,"gt_translate_keys":["label","quantity_label"],"price_dependency":false,"cl_dependency":false,"value":""}],[{"elementId":"separator_96786a3ea7a891","separatorType":"blank","className":"","height":"7","enableCl":false,"relations":false,"cl_rule":"show","col":6,"type":"separator","gt_translate_keys":[],"price_dependency":false,"cl_dependency":false,"value":""}],[{"label":"\ud83d\ude8c Pickup Location","active":true,"required":false,"elementId":"text_16786a3ea7a89a","value":"","description":"Free pick-up service in South Tenerife. Simply provide your address or hotel name.","name":"text_16786a3ea7a89a","label_position":"default","desc_position":"default","enablePrice":false,"className":"","enableCl":true,"relations":[{"operator":false,"rules":[{"operator":"AND","rules":{"cl_field":"select_7343277180","cl_relation":"is","cl_val":"12:00"}}]}],"subtype":"text","price":"{field.radio-group_66786a3ea7a871.quantity}*4.5","cl_rule":"show","col":6,"type":"text","error":false,"pricingType":"custom","isTemplate":false,"gt_translate_keys":["label","description","value"],"price_dependency":false,"cl_dependency":false}]]}},"config":{"price_override":"always","enable_recaptcha":false,"bind_quantity":false,"quantity_bind_formula":false,"disp_summ_show_option_price":true,"disp_summ_show_product_price":false,"disp_summ_show_total_price":true,"disp_summ_show_fee":true,"disp_summ_show_discount":true,"summary_title":"","options_total_label":"Options Price","total_label":"Total Amount","options_product_label":"Product Price","fee_label":"Fee","discount_label":"Discount","has_price":true,"has_quantity_formula":false},"mc_unit":1,"tax_rate":1,"tax_rate_real":1,"discount":{"percentage":0,"fixed":0},"design":{"conf":{"LabelPosition":"above","DescPosition":"above","UploadField":"custom_1","QuantityFieldStyle":"custom_1"},"css":{"LeftLabelWidth":"120px"}},"formulas":[],"lookuptables":[],"clones":false,"cartKey":false}},"_links":{"self":[{"href":"https:\/\/canaryvip.com\/hu\/wp-json\/wp\/v2\/product\/13568","targetHints":{"allow":["GET"]}}],"collection":[{"href":"https:\/\/canaryvip.com\/hu\/wp-json\/wp\/v2\/product"}],"about":[{"href":"https:\/\/canaryvip.com\/hu\/wp-json\/wp\/v2\/types\/product"}],"replies":[{"embeddable":true,"href":"https:\/\/canaryvip.com\/hu\/wp-json\/wp\/v2\/comments?post=13568"}],"wp:featuredmedia":[{"embeddable":true,"href":"https:\/\/canaryvip.com\/hu\/wp-json\/wp\/v2\/media\/13574"}],"wp:attachment":[{"href":"https:\/\/canaryvip.com\/hu\/wp-json\/wp\/v2\/media?parent=13568"}],"wp:term":[{"taxonomy":"product_brand","embeddable":true,"href":"https:\/\/canaryvip.com\/hu\/wp-json\/wp\/v2\/product_brand?post=13568"},{"taxonomy":"product_cat","embeddable":true,"href":"https:\/\/canaryvip.com\/hu\/wp-json\/wp\/v2\/product_cat?post=13568"},{"taxonomy":"product_tag","embeddable":true,"href":"https:\/\/canaryvip.com\/hu\/wp-json\/wp\/v2\/product_tag?post=13568"}],"curies":[{"name":"wp","href":"https:\/\/api.w.org\/{rel}","templated":true}]}}