{"id":12949,"date":"2024-08-19T12:56:56","date_gmt":"2024-08-19T11:56:56","guid":{"rendered":"https:\/\/canaryvip.com\/?post_type=product&#038;p=12949"},"modified":"2025-08-09T13:58:46","modified_gmt":"2025-08-09T12:58:46","slug":"sunkiss-boat-charter-gran-canaria","status":"publish","type":"product","link":"https:\/\/canaryvip.com\/hu\/shop\/sunkiss-boat-charter-gran-canaria\/","title":{"rendered":"Sunkiss Boat Charter<br\/>Gran Canaria"},"content":{"rendered":"<h2>\ud83d\udee5\ufe0f Sunkiss Boat Charter Gran Canaria<\/h2>\n<p>Tapasztalja meg Gran Canaria sz\u00e9ps\u00e9g\u00e9t a k\u00e9nyelemben a <strong>Sunkiss Boat Charter<\/strong>, a sziget leny\u0171g\u00f6z\u0151 d\u00e9li partvid\u00e9k\u00e9nek priv\u00e1t \u00e9s f\u00e9ny\u0171z\u0151 felfedez\u00e9s\u00e9re. Ez az exkluz\u00edv, ak\u00e1r 8 utasnak is helyet k\u00edn\u00e1l\u00f3 haj\u00f3 <strong>haj\u00f3b\u00e9rl\u00e9s Gran Canaria<\/strong> t\u00f6k\u00e9letes v\u00e1laszt\u00e1s p\u00e1rok, csal\u00e1dok vagy kisebb csoportok sz\u00e1m\u00e1ra, akik egyedi \u00e9s pihentet\u0151 kalandot keresnek.<\/p>\n<p>Az CanaryVIP-n\u00e9l a foglal\u00e1s\u00e1t az \u00d6n <a href=\"https:\/\/canaryvip.com\/hu\/gran-canaria\/\"><strong>Haj\u00f3b\u00e9rl\u00e9s Puerto Mog\u00e1n<\/strong><\/a> \u00e9lm\u00e9nyt k\u00f6nny\u0171 \u00e9s \u00e9lvezetes, biztos\u00edtva, hogy minden r\u00e9szletre odafigyeljenek a t\u00f6k\u00e9letes napodhoz a v\u00edzen.<\/p>\n<h3>\u2b50\ufe0f Mi\u00e9rt v\u00e1lassza a Sunkiss Boat Charter-t Gran Canari\u00e1n?<\/h3>\n<p>Itt van, mi\u00e9rt a <strong>Sunkiss Boat Charter<\/strong> az egyik legjobb lehet\u0151s\u00e9g egy priv\u00e1t \u00e9s felejthetetlen napra a tengeren:<\/p>\n<h4><strong>Priv\u00e1t \u00e9s intim \u00e9lm\u00e9ny<\/strong><\/h4>\n<p>\u00c9lvezze az exkluz\u00edv utaz\u00e1st csak a csoportj\u00e1val. A maximum 8 f\u0151 befogad\u00e1s\u00e1ra alkalmas mag\u00e1njacht szem\u00e9lyes \u00e9s nyugodt k\u00f6rnyezetet k\u00edn\u00e1l, amely ide\u00e1lis k\u00fcl\u00f6nleges alkalmakra vagy egy pihentet\u0151 kiruccan\u00e1sra.<\/p>\n<h4><strong>Eleg\u00e1ns k\u00e9nyelem<\/strong><\/h4>\n<p>Vitorl\u00e1zzon egy gy\u00f6ny\u00f6r\u0171en karbantartott 12 m\u00e9teres jacht fed\u00e9lzet\u00e9n, amely k\u00e9nyelmes \u00fcl\u0151helyekkel, \u00e1rny\u00e9kos helyekkel \u00e9s t\u00e1gas fed\u00e9lzettel v\u00e1rja a napoz\u00e1sra v\u00e1gy\u00f3kat. \u00c9lvezze a Gran Canaria partjaira ny\u00edl\u00f3 leny\u0171g\u00f6z\u0151 panor\u00e1m\u00e1t, mik\u00f6zben st\u00edlusosan pihen.<\/p>\n<h4><strong>Snorkeling kaland<\/strong><\/h4>\n<p>Horgonyozzon le egy eldugott \u00f6b\u00f6lben, hogy \u00faszhasson a krist\u00e1lytiszta v\u00edzben \u00e9s sznorkelezzen a biztos\u00edtott felszerel\u00e9ssel. Fedezze fel Gran Canaria \u00e9l\u00e9nk tengeri \u00e9l\u0151vil\u00e1g\u00e1t, vagy egyszer\u0171en pihenjen a fed\u00e9lzeten, \u00e9s \u00e9lvezze a nyugodt l\u00e9gk\u00f6rt.<\/p>\n<h3>\ud83d\udea4 Sunkiss haj\u00f3kir\u00e1ndul\u00e1s lehet\u0151s\u00e9gek<\/h3>\n<p>V\u00e1lassza ki az utaz\u00e1s id\u0151tartam\u00e1t, amely megfelel az \u00d6n id\u0151beoszt\u00e1s\u00e1nak \u00e9s v\u00e1gyainak:<\/p>\n<ul>\n<li><strong>3 \u00f3r\u00e1s mag\u00e1n charter:<\/strong> T\u00f6k\u00e9letes r\u00f6vid menek\u00fcl\u00e9s Gran Canaria partvid\u00e9k\u00e9nek felfedez\u00e9s\u00e9hez \u00e9s egy friss\u00edt\u0151 \u00fasz\u00e1shoz vagy snorkelez\u00e9shez.<\/li>\n<li><strong>6 \u00f3r\u00e1s mag\u00e1n charter:<\/strong> Mer\u00fclj\u00f6n el m\u00e9lyebben a sziget term\u00e9szeti sz\u00e9ps\u00e9geiben, \u00e9s t\u00f6bb ideje marad a pihen\u00e9sre \u00e9s a rejtett helyek felfedez\u00e9s\u00e9re.<\/li>\n<li><strong>8 \u00f3r\u00e1s mag\u00e1n charter:<\/strong> Egy eg\u00e9sz napos kaland, amely lehet\u0151v\u00e9 teszi, hogy megtapasztalja a v\u00e9gs\u0151 kikapcsol\u00f3d\u00e1st \u00e9s felfedez\u00e9st, extra id\u0151t biztos\u00edtva t\u00f6bb \u00f6b\u00f6l megl\u00e1togat\u00e1s\u00e1ra \u00e9s Gran Canaria legjobbjainak \u00e9lvez\u00e9s\u00e9re.<\/li>\n<\/ul>\n<h3>\ud83e\udd42 Mit tartalmaz a Sunkiss Charter<\/h3>\n<p>Az \u00d6n <strong>haj\u00f3b\u00e9rl\u00e9s Gran Canaria<\/strong> tartalmazza:<\/p>\n<ul>\n<li>R\u00e1gcs\u00e1lnival\u00f3k, bele\u00e9rtve a chipset \u00e9s a di\u00f3f\u00e9l\u00e9ket.<\/li>\n<li>Italok, p\u00e9ld\u00e1ul s\u00f6r, \u00fcd\u00edt\u0151italok \u00e9s v\u00edz.<\/li>\n<li>Snorkeling felszerel\u00e9s (maszk \u00e9s uszony) a v\u00edz alatti vil\u00e1g felfedez\u00e9s\u00e9hez.<\/li>\n<li>Biztos\u00edt\u00e1s a gondtalan \u00e9lm\u00e9ny\u00e9rt.<\/li>\n<li>Fakultat\u00edv sz\u00e1ll\u00edt\u00e1s a Gran Canaria d\u00e9li r\u00e9sz\u00e9n tal\u00e1lhat\u00f3 sz\u00e1llod\u00e1khoz \u00e9s vissza.<\/li>\n<li>Fakultat\u00edv eb\u00e9d (10 \u20ac\/f\u0151, foglal\u00e1skor k\u00e9rhet\u0151).<\/li>\n<\/ul>\n<h3>\ud83d\udccd Indul\u00e1s r\u00e9szletei<\/h3>\n<ul>\n<li><strong>Helysz\u00edn:<\/strong> <a href=\"https:\/\/maps.app.goo.gl\/Xhe545W98um3rx6W8\" target=\"_new\" rel=\"noopener\"><span>Puerto<\/span><span> Mog\u00e1n<\/span><span>, Gran<\/span><span> Canaria<\/span><\/a>.<\/li>\n<li><strong>Indul\u00e1si id\u0151k:<\/strong> 09:00, 12:00 \u00e9s 15:00.<\/li>\n<li><strong>K\u00f6zleked\u00e9s:<\/strong> A tov\u00e1bbi k\u00e9nyelem \u00e9rdek\u00e9ben \u00e1tv\u00e9teli szolg\u00e1ltat\u00e1s \u00e1ll rendelkez\u00e9sre.<\/li>\n<\/ul>\n<p>Javasoljuk, hogy legal\u00e1bb 15 perccel az indul\u00e1s el\u0151tt \u00e9rkezzen meg, hogy a kaland z\u00f6kken\u0151mentesen kezd\u0151dj\u00f6n.<\/p>\n<h3>\u2705 \u00c1tl\u00e1that\u00f3 lemond\u00e1si felt\u00e9telek<\/h3>\n<p>Az egy\u00e9rtelm\u0171 \u00e9s rugalmas lemond\u00e1si lehet\u0151s\u00e9gekkel az \u00d6n nyugalm\u00e1t helyezz\u00fck el\u0151t\u00e9rbe:<\/p>\n<ul>\n<li><strong>Id\u0151j\u00e1r\u00e1si garancia:<\/strong> Bizonytalan id\u0151j\u00e1r\u00e1si k\u00f6r\u00fclm\u00e9nyek eset\u00e9n \u00e1t\u00fctemezheti a programot, vagy teljes visszat\u00e9r\u00edt\u00e9st kaphat.<\/li>\n<li><strong>Rugalmas lemond\u00e1sok:<\/strong> Az utaz\u00e1s el\u0151tt legfeljebb 8 nappal ingyenesen lemondhatja vagy \u00e1t\u00fctemezheti a foglal\u00e1st. A tervezett indul\u00e1st\u00f3l sz\u00e1m\u00edtott 8 napon bel\u00fcli lemond\u00e1s eset\u00e9n az el\u0151leg nem t\u00e9r\u00edthet\u0151 vissza.<\/li>\n<\/ul>\n<h3>\ud83d\udc68\u200d\u2708\ufe0f Tippek a Sunkiss haj\u00f3kalandhoz<\/h3>\n<p>Hozza ki a legt\u00f6bbet a napj\u00e1b\u00f3l ezekkel az egyszer\u0171 tippekkel:<\/p>\n<ul>\n<li>Hozzon mag\u00e1val f\u00fcrd\u0151ruh\u00e1t, naptejet \u00e9s t\u00f6r\u00f6lk\u00f6z\u0151t.<\/li>\n<li>Az id\u0151j\u00e1r\u00e1snak megfelel\u0151, k\u00e9nyelmes ruh\u00e1zatot viseljen.<\/li>\n<li>K\u00e9sz\u00edtse el\u0151 az CanaryVIP jegy\u00e9t, ak\u00e1r telefonon, ak\u00e1r kinyomtatva.<\/li>\n<li>El\u0151z\u0151leg egy k\u00f6nny\u0171 \u00e9tkez\u00e9st fogyasszon, hogy elker\u00fclje a tengeribetegs\u00e9get.<\/li>\n<\/ul>\n<h3>\ud83c\udf1f Mi\u00e9rt foglaljon az CanaryVIP-vel?<\/h3>\n<p>Az CanaryVIP-n\u00e9l arra szakosodtunk, hogy a legjobbat k\u00edn\u00e1ljuk <strong>Haj\u00f3b\u00e9rl\u00e9s Puerto Mog\u00e1n<\/strong> \u00e9s <strong>luxusjacht b\u00e9rl\u00e9s Gran Canari\u00e1n<\/strong>. A Sunkiss-hoz hasonl\u00f3 priv\u00e1t charterekt\u0151l kezdve a szem\u00e9lyre szabott \u00e9lm\u00e9nyekig, biztos\u00edtjuk, hogy a v\u00edzen t\u00f6lt\u00f6tt minden pillanat felejthetetlen legyen.<\/p>\n<p>Foglalja le a <strong>Sunkiss Boat Charter<\/strong> m\u00e9g ma, \u00e9s \u00e9lvezze a pihen\u00e9ssel, kalandokkal \u00e9s l\u00e9legzetel\u00e1ll\u00edt\u00f3 kil\u00e1t\u00e1ssal teli utaz\u00e1st Gran Canari\u00e1n.<\/p>\n<p>\ud83d\udc49 <a href=\"https:\/\/canaryvip.com\/hu\/\" target=\"_new\" rel=\"noopener\"><span>Tartal\u00e9k<\/span><span> Most<\/span><\/a> \u00e9s hozzon l\u00e9tre olyan eml\u00e9keket, amelyek egy \u00e9letre sz\u00f3lnak!<\/p>","protected":false},"excerpt":{"rendered":"<p><strong>\ud83d\udd0d Magic Island Gran Canaria:<\/strong><br \/>\n\u2705 Biztons\u00e1gos fizet\u00e9s.<br \/>\n\ud83d\udd10 Priv\u00e1t t\u00far\u00e1k.<br \/>\n\ud83d\udee5\ufe0f 12m Yacht Comfort.<br \/>\n\u23f3 3H, 6H \u00e9s 8H napi t\u00far\u00e1k.<br \/>\n\ud83d\udd59 K\u00fcl\u00f6nb\u00f6z\u0151 indul\u00e1si id\u0151k.<br \/>\n\ud83d\udc65 Legfeljebb 8 vend\u00e9g.<br \/>\n\ud83e\udd3f Snorkel felszerel\u00e9s biztos\u00edtott.<br \/>\n\ud83d\ude8c Felv\u00e9tel \u00e9s lead\u00e1s.<br \/>\n\ud83e\udd11 Garant\u00e1ltan legjobb \u00e1r.<br \/>\n\ud83d\udc6a Kedvezm\u00e9nyek aktiv\u00e1lva.<br \/>\n\ud83d\udd01 Ak\u00e1r 8 napos lemond\u00e1s.<br \/>\n\ud83c\udf0d T\u00f6bbnyelv\u0171 leg\u00e9nys\u00e9g.<br \/>\n\ud83c\udf1f Foglaljon kor\u00e1n \u00e9s takar\u00edtson meg!<br \/>\n\ud83d\udccd Indul\u00e1s a <a href=\"https:\/\/maps.app.goo.gl\/4TJkgAg6UBpnsyhm9\">Puerto de Mog\u00e1n<\/a>.<\/p>","protected":false},"featured_media":12950,"comment_status":"open","ping_status":"closed","template":"","meta":{"_acf_changed":false},"product_brand":[],"product_cat":[132],"product_tag":[],"class_list":{"0":"post-12949","1":"product","2":"type-product","3":"status-publish","4":"has-post-thumbnail","6":"product_cat-boat-hire-gran-canaria","7":"wcpa_has_options","9":"first","10":"instock","11":"virtual","12":"purchasable","13":"product-type-simple"},"acf":[],"wcpa_form_fields":{"wcpaData":{"product":{"product_price":399,"price_html":"From&nbsp;<span class=\"woocommerce-Price-amount amount\"><bdi>399,00&nbsp;<span class=\"woocommerce-Price-currencySymbol\">&euro;<\/span><\/bdi><\/span>","original_product_price":399,"price_including_tax":399,"price_excluding_tax":399,"product_id":{"parent":12949,"variation":false},"is_variable":false,"stock_status":"instock","stock_quantity":null,"parent_sku":"CV12949","product_attributes":[],"custom_fields":[],"is_taxable":false,"product_name":"Sunkiss Boat Charter<br\/>Gran Canaria","hasImage":false},"fields":{"sec_667811df8760f9":{"extra":{"key":"sec_667811df8760f9","section_id":"sec_667811df8760f9","name":"Default","status":1,"cl_rule":"show","enableCl":false,"relations":[],"toggle":true,"title_tag":"h3","show_title":false,"showPrice":"default","form_id":13536,"form_rules":{"exclude_from_discount":true,"fee_label":"Fee","disp_hide_options_price":true,"disp_show_section_price":false,"disp_show_field_price":true,"layout_option":"standard","pric_use_as_fee":false,"process_fee_as":"woo_fee"},"layout_option":"standard"},"fields":[[{"label":"\ud83d\udcc5 Date","active":true,"required":true,"elementId":"date_567811df876119","picker_type":"custom","picker_mode":"single","placeholder":"","description":"","tooltip":"","name":"date_567811df876119","label_position":"default","desc_position":"default","enablePrice":false,"className":"","enableCl":false,"relations":[{"operator":"and","rules":[{"operator":"AND","rules":{"cl_field":"radio-group_565c78ffa81208","cl_relation":"is","cl_val":"3 Hour Trip"}}]}],"date_pic_inline":true,"date_pic_inline_hide":true,"min_date":{"type":"days","val":"2"},"max_date":{"type":"days","val":"365"},"date_pic_conf":{"disabledWeeks":[]},"price":"","cl_rule":"show","col":6,"type":"date","error":false,"enableDesign":false,"LabelColor":"","gt_translate_keys":["label","placeholder","description","tooltip"],"price_dependency":false,"cl_dependency":false,"value":""}],[{"elementId":"separator_267811df876128","separatorType":"blank","className":"","height":"3","enableCl":false,"relations":false,"cl_rule":"show","col":6,"type":"separator","error":false,"gt_translate_keys":[],"price_dependency":false,"cl_dependency":false,"value":""}],[{"active":true,"col":6,"relations":false,"cl_rule":"show","enableCl":false,"price":"","enablePrice":true,"className":"","label_position":"default","desc_position":"default","type":"select","required":true,"elementId":"select_267811df876133","label":"\u23f3 Trip Duration","name":"select_267811df876133","values":[{"label":"3 Hours (399\u20ac)","value":"3","selected":false,"tempId":"aco_556","price":"399","gt_translate_keys":["label"]},{"label":"6 Hours (700\u20ac)","value":"6","selected":false,"tempId":"aco_122","price":"700","gt_translate_keys":["label"]},{"label":"8 Hours (900\u20ac)","value":"8","selected":false,"tempId":"aco_41","price":"900","gt_translate_keys":["label"]}],"dropdown_type":"basic","error":false,"placeholder":"Select Trip Duration","priceOptions":"different_for_all","pricingType":"fixed","is_show_price":false,"gt_translate_keys":["label","placeholder"],"price_dependency":false,"cl_dependency":false,"value":""}],[{"label":"\u2705 Number of People","active":true,"required":true,"elementId":"select_667811df87613d","dropdown_type":"basic","placeholder":"Select Number of People","name":"select_667811df87613d","label_position":"default","desc_position":"default","enablePrice":false,"className":"","enableCl":false,"relations":[{"operator":false,"rules":[{"operator":"AND","rules":{"cl_field":"radio-group_565c78ffa81208","cl_relation":"is","cl_val":"3 Hour Trip"}}]}],"values":[{"label":"1 person","value":"1","selected":false,"tempId":"aco_1471","price":"0","gt_translate_keys":["label"]},{"label":"2 people","value":"2","selected":false,"tempId":"aco_1472","price":"0","gt_translate_keys":["label"]},{"label":"3 people","value":"3","selected":false,"tempId":"aco_1500","price":"0","gt_translate_keys":["label"]},{"label":"4 people","value":"4","selected":false,"tempId":"aco_1510","price":"0","gt_translate_keys":["label"]},{"label":"5 people","value":"5","selected":false,"tempId":"aco_1520","price":"0","gt_translate_keys":["label"]},{"label":"6 people","value":"6","selected":false,"tempId":"aco_1728","price":"0","gt_translate_keys":["label"]},{"label":"7 people","value":"7","selected":false,"tempId":"aco_1738","price":"0","gt_translate_keys":["label"]},{"label":"8 people","value":"8","selected":false,"tempId":"aco_1748","price":"0","gt_translate_keys":["label"]}],"price":"","cl_rule":"show","col":6,"type":"select","error":false,"priceOptions":"different_for_all","pricingType":"fixed","is_show_price":false,"gt_translate_keys":["label","placeholder"],"price_dependency":["select_067811df876146"],"cl_dependency":false,"value":""}],[{"active":true,"col":6,"relations":false,"cl_rule":"show","enableCl":false,"price":"","enablePrice":true,"className":"","label_position":"default","desc_position":"default","type":"select","required":false,"elementId":"select_067811df876146","label":"\ud83c\udf57 Meal (+10\u20ac\/person)","name":"select_067811df876146","values":[{"label":"No","value":"No","selected":false,"tempId":"aco_2562","price":"","gt_translate_keys":["label"]},{"label":"Yes (+10\u20ac\/person)","value":"Yes","selected":false,"tempId":"aco_2563","price":"{field.select_667811df87613d.value}*10","gt_translate_keys":["label"]}],"dropdown_type":"basic","error":false,"description":"Snacks and drinks are included. If you want an extra meal, please select this option. The meal is marinated chicken with mojo potatoes and coleslaw. Payment due at arrival the day of the tour.","priceOptions":"different_for_all","pricingType":"custom","isTemplate":false,"is_show_price":true,"gt_translate_keys":["label","description"],"price_dependency":false,"cl_dependency":false,"value":""}]]},"sec_167811df876147":{"extra":{"key":"sec_167811df876147","section_id":"sec_167811df876147","name":"Pickup Location","status":1,"cl_rule":"show","enableCl":false,"relations":[],"toggle":true,"title_tag":"h4","show_title":false,"showPrice":"default","form_id":13536,"form_rules":{"exclude_from_discount":true,"fee_label":"Fee","disp_hide_options_price":true,"disp_show_section_price":false,"disp_show_field_price":true,"layout_option":"standard","pric_use_as_fee":false,"process_fee_as":"woo_fee"},"layout_option":"standard"},"fields":[[{"elementId":"separator_1067811df876152","separatorType":"blank","className":"","height":"3","enableCl":false,"relations":false,"cl_rule":"show","col":6,"type":"separator","error":false,"gt_translate_keys":[],"price_dependency":false,"cl_dependency":false,"value":""}],[{"active":true,"col":6,"relations":[{"operator":false,"rules":[{"operator":"AND","rules":{"cl_field":"radio-group_565c78ffa81208","cl_relation":"is","cl_val":"3 Hour Trip"}}]}],"cl_rule":"show","enableCl":false,"price":"","enablePrice":false,"className":"","label_position":"default","desc_position":"default","type":"select","required":false,"elementId":"select_667811df87615b","label":"\u23f0 Departure","name":"select_667811df87615b","values":[{"label":"09:00","value":"09:00","selected":false,"tempId":"aco_1471","gt_translate_keys":["label"]},{"label":"12:00","value":"12:00","selected":false,"tempId":"aco_1510","gt_translate_keys":["label"]},{"label":"15:00","value":"15:00","selected":false,"tempId":"aco_1738","gt_translate_keys":["label"]}],"dropdown_type":"basic","error":false,"placeholder":"Whichever Time is Best","gt_translate_keys":["label","placeholder"],"price_dependency":false,"cl_dependency":false,"value":""}],[{"elementId":"separator_767811df876165","separatorType":"blank","className":"","height":"1","enableCl":false,"relations":false,"cl_rule":"show","col":6,"type":"separator","gt_translate_keys":[],"price_dependency":false,"cl_dependency":false,"value":""}],[{"elementId":"separator_967811df876170","separatorType":"blank","className":"","height":"1","enableCl":false,"relations":false,"cl_rule":"show","col":6,"type":"separator","error":false,"gt_translate_keys":[],"price_dependency":false,"cl_dependency":false,"value":""}],[{"active":true,"col":6,"relations":false,"cl_rule":"show","enableCl":false,"price":"","enablePrice":false,"className":"","label_position":"default","desc_position":"default","type":"text","subtype":"text","required":false,"elementId":"text_967811df876178","label":"\ud83d\ude8c Pickup Location","name":"text_967811df876178","value":"","error":false,"description":"Pick-up service in some locations. Simply provide your address or hotel name. (+2\u20ac\/person paid at pickup to the driver)","gt_translate_keys":["label","description","value"],"price_dependency":false,"cl_dependency":false}]]}},"config":{"price_override":"always","enable_recaptcha":false,"bind_quantity":false,"quantity_bind_formula":false,"disp_summ_show_option_price":true,"disp_summ_show_product_price":false,"disp_summ_show_total_price":true,"disp_summ_show_fee":true,"disp_summ_show_discount":true,"summary_title":"","options_total_label":"Options Price","total_label":"Total Amount","options_product_label":"Product Price","fee_label":"Fee","discount_label":"Discount","has_price":true,"has_quantity_formula":false},"mc_unit":1,"tax_rate":1,"tax_rate_real":1,"discount":{"percentage":0,"fixed":0},"design":{"conf":{"LabelPosition":"above","DescPosition":"above","UploadField":"custom_1","QuantityFieldStyle":"custom_1"},"css":{"LeftLabelWidth":"120px"}},"formulas":{"fmla_1708364241278155361":"(({field.select_3666b1eb2b11fe.value}>=8)?(1400):(({field.select_3666b1eb2b11fe.value}>=7)?(1225):(({field.select_3666b1eb2b11fe.value}>=6)?(1050):(({field.select_3666b1eb2b11fe.value}>=5)?(875):(({field.select_3666b1eb2b11fe.value}>=4)?(700):(({field.select_3666b1eb2b11fe.value}>=3)?(500):(0)))))))","fmla_1718295979528641619":"(({field.select_3666b1eb2b11fe.value}>=8)?(280):(({field.select_3666b1eb2b11fe.value}>=7)?(205):(({field.select_3666b1eb2b11fe.value}>=6)?(150):(({field.select_3666b1eb2b11fe.value}>=5)?(175):(({field.select_3666b1eb2b11fe.value}>=4)?(200):(({field.select_3666b1eb2b11fe.value}>=3)?(150):(0)))))))"},"lookuptables":[],"clones":false,"cartKey":false}},"_links":{"self":[{"href":"https:\/\/canaryvip.com\/hu\/wp-json\/wp\/v2\/product\/12949","targetHints":{"allow":["GET"]}}],"collection":[{"href":"https:\/\/canaryvip.com\/hu\/wp-json\/wp\/v2\/product"}],"about":[{"href":"https:\/\/canaryvip.com\/hu\/wp-json\/wp\/v2\/types\/product"}],"replies":[{"embeddable":true,"href":"https:\/\/canaryvip.com\/hu\/wp-json\/wp\/v2\/comments?post=12949"}],"wp:featuredmedia":[{"embeddable":true,"href":"https:\/\/canaryvip.com\/hu\/wp-json\/wp\/v2\/media\/12950"}],"wp:attachment":[{"href":"https:\/\/canaryvip.com\/hu\/wp-json\/wp\/v2\/media?parent=12949"}],"wp:term":[{"taxonomy":"product_brand","embeddable":true,"href":"https:\/\/canaryvip.com\/hu\/wp-json\/wp\/v2\/product_brand?post=12949"},{"taxonomy":"product_cat","embeddable":true,"href":"https:\/\/canaryvip.com\/hu\/wp-json\/wp\/v2\/product_cat?post=12949"},{"taxonomy":"product_tag","embeddable":true,"href":"https:\/\/canaryvip.com\/hu\/wp-json\/wp\/v2\/product_tag?post=12949"}],"curies":[{"name":"wp","href":"https:\/\/api.w.org\/{rel}","templated":true}]}}