{"id":12784,"date":"2024-08-05T16:50:08","date_gmt":"2024-08-05T15:50:08","guid":{"rendered":"https:\/\/canaryvip.com\/?post_type=product&#038;p=12784"},"modified":"2025-08-09T14:08:37","modified_gmt":"2025-08-09T13:08:37","slug":"self-drive-boat-hire-tenerife","status":"publish","type":"product","link":"https:\/\/canaryvip.com\/hu\/shop\/self-drive-boat-hire-tenerife\/","title":{"rendered":"\u00d6nvezet\u0151 haj\u00f3k\u00f6lcs\u00f6nz\u00e9s Tenerife"},"content":{"rendered":"<h2>\ud83d\udea4 \u00d6nvezet\u0151 haj\u00f3 b\u00e9rl\u00e9se enged\u00e9ly n\u00e9lk\u00fcl Tenerif\u00e9n<\/h2>\n<p>Induljon v\u00edzi kalandra egy \u00f6nvezet\u0151 cs\u00f3nak b\u00e9rl\u00e9s\u00e9vel a <a href=\"https:\/\/canaryvip.com\/hu\/tenerife\/\">Tenerife<\/a>, t\u00f6k\u00e9letes azok sz\u00e1m\u00e1ra, akik az \u00f6n\u00e1ll\u00f3 navig\u00e1ci\u00f3 szabads\u00e1g\u00e1ra v\u00e1gynak.<\/p>\n<p>Induljon el a fest\u0151i <a href=\"https:\/\/www.google.com\/maps\/place\/Puerto+Col%C3%B3n\/@28.078002,-16.7394902,1078m\/data=!3m2!1e3!4b1!4m6!3m5!1s0xc6a9743509c9ebf:0xd62345524f768247!8m2!3d28.078002!4d-16.7369153!16s%2Fg%2F11c6cqryw_?authuser=0&amp;entry=tts&amp;g_ep=EgoyMDI0MDgwNC4wKgBIAVAD\" target=\"_blank\" rel=\"noopener\">Puerto Col\u00f3n<\/a>, ahol lehet\u0151s\u00e9ged lesz eldugott helyeket felfedezni, s\u00fctk\u00e9rezni a napon, vagy piknikezni a v\u00edzparton, az Atlanti-\u00f3ce\u00e1n krist\u00e1lytiszta hull\u00e1mai k\u00f6z\u00f6tt.<\/p>\n<p>K\u00e9pzelje el, milyen izgalmas lehet, ha maga veszi \u00e1t a korm\u00e1nyt, \u00e9s Tenerife leny\u0171g\u00f6z\u0151 vizein navig\u00e1l. \u00c9rezze a szelet a haj\u00e1ban \u00e9s a napot az arc\u00e1n, mik\u00f6zben saj\u00e1t maga hat\u00e1rozza meg az ir\u00e1nyt. Haj\u00f3ink maximum 5 utas befogad\u00e1s\u00e1ra alkalmasak, \u00edgy t\u00f6k\u00e9letesen alkalmasak f\u00e9lnapos vagy eg\u00e9sz napos kalandokra.<\/p>\n<h3>\ud83d\udea4 Az \u00d6n \u00fatja, az \u00d6n parancsa<\/h3>\n<ul>\n<li><strong>Kompakt kialak\u00edt\u00e1s:<\/strong> \u00c9lvezze az eleg\u00e1ns \u00e9s k\u00e9nyelmes haj\u00f3z\u00e1st j\u00f3l karbantartott haj\u00f3inkkal.<\/li>\n<li><strong>Leny\u0171g\u00f6z\u0151 t\u00e1j:<\/strong> Vitorl\u00e1zzon Tenerife gy\u00f6ny\u00f6r\u0171 La Caleta vagy Diego Hernandez strandja k\u00f6zel\u00e9ben, \u00e9s \u00e9lvezze a k\u00f6r\u00fcl\u00f6tte zajl\u00f3 \u00e9l\u00e9nk tengeri \u00e9letet.<\/li>\n<li><strong style=\"letter-spacing: 0em;\">Priv\u00e1t mer\u00fcl\u00e9s:<\/strong><span style=\"letter-spacing: 0em;\"> Horgonyozzon le rejtett \u00f6bl\u00f6kben, amelyek ide\u00e1lisak \u00fasz\u00e1shoz, b\u00fav\u00e1rkod\u00e1shoz vagy napoz\u00e1shoz.<\/span><\/li>\n<li><strong>R\u00e1gcs\u00e1lnival\u00f3k a tengeren:<\/strong> A szabads\u00e1g, hogy saj\u00e1t \u00e9teleket hozhat \u00e9s fogyaszthat a fed\u00e9lzeten, fokozza ezt a szem\u00e9lyes, \u00f6nvezet\u0151 haj\u00f3k\u00f6lcs\u00f6nz\u0151 Tenerife \u00e9lm\u00e9nyt.<\/li>\n<li><strong>K\u00f6nnyed kezel\u00e9s:<\/strong> A felhaszn\u00e1l\u00f3bar\u00e1t kialak\u00edt\u00e1ssal \u00e9s a stabil utaz\u00e1si k\u00e9pess\u00e9gekkel cs\u00f3nakjaink mindenki sz\u00e1m\u00e1ra el\u00e9rhet\u0151v\u00e9 teszik a cs\u00f3nak\u00e1z\u00e1st.<\/li>\n<\/ul>\n<h3>\u2728 Az \u00f6nvezet\u0151 haj\u00f3k\u00f6lcs\u00f6nz\u00e9s legfontosabb r\u00e9szletei<\/h3>\n<p><strong>Az \u00d6n preferenci\u00e1ihoz igaz\u00edtva:<\/strong> T\u00f6k\u00e9letes egy p\u00e1rkapcsolati elvonul\u00e1shoz vagy egy csoportos kir\u00e1ndul\u00e1shoz, az ak\u00e1r 5 f\u0151 befogad\u00e1s\u00e1ra alkalmas haj\u00f3ink b\u00e1rmilyen esem\u00e9nyre k\u00e9szen \u00e1llnak. \u00c1tfog\u00f3 utas\u00edt\u00e1sokat adunk a biztons\u00e1gos \u00e9s \u00e9lvezetes v\u00edzi \u00e9lm\u00e9ny \u00e9rdek\u00e9ben.<\/p>\n<p><strong>Sokoldal\u00fa v\u00e1laszt\u00e1s mindenki sz\u00e1m\u00e1ra:<\/strong> Ide\u00e1lis csal\u00e1dok, bar\u00e1tok vagy egy\u00e9ni felfedez\u0151k sz\u00e1m\u00e1ra, a jogos\u00edtv\u00e1ny n\u00e9lk\u00fcli \u00f6nvezet\u0151 haj\u00f3ink lehet\u0151v\u00e9 teszik, hogy megtapasztalja az auton\u00f3mia \u00e9s a fest\u0151i luxus kever\u00e9k\u00e9t Tenerife partvid\u00e9k\u00e9nek h\u00e1tter\u00e9ben.<\/p>\n<h3>\ud83d\udea4 K\u00e9sz\u00fcl\u0151d\u00e9s a kir\u00e1ndul\u00e1sra<\/h3>\n<p>K\u00e9sz\u00fclj\u00f6n fel egy felejthetetlen napra a tengeren olyan alapvet\u0151 dolgokkal, mint a f\u00fcrd\u0151ruha \u00e9s a naptej. Minden sz\u00fcks\u00e9ges navig\u00e1ci\u00f3s eszk\u00f6zt mi biztos\u00edtunk, \u00edgy \u00d6n kiz\u00e1r\u00f3lag a felfedez\u00e9s \u00f6r\u00f6m\u00e9re koncentr\u00e1lhat.<\/p>\n<p>Ne felejtse el a f\u00e9nyk\u00e9pez\u0151g\u00e9p\u00e9t, hogy meg\u00f6r\u00f6k\u00edthesse a tenerifei partok l\u00e9legzetel\u00e1ll\u00edt\u00f3 l\u00e1tv\u00e1ny\u00e1t \u00e9s az alatta vir\u00e1gz\u00f3 v\u00edzi \u00e9l\u0151vil\u00e1got.<\/p>\n<h3>\ud83d\udcdc Lemond\u00e1si \u00e9s fed\u00e9lzeti szab\u00e1lyok<\/h3>\n<p><strong>Mag\u00e1nhaj\u00f3 charter:<\/strong> Az indul\u00e1s el\u0151tt 96 \u00f3r\u00e1val ingyenesen lemondhatja a foglal\u00e1st. Ha 72 \u00f3r\u00e1n\u00e1l r\u00f6videbb id\u0151n bel\u00fcl mondja le a foglal\u00f3t, az el\u0151leg nem ker\u00fcl visszafizet\u00e9sre.<\/p>\n<p><strong>K\u00f6z\u00f6s utaz\u00e1s:<\/strong> Ingyenes lemond\u00e1s a tervezett indul\u00e1s el\u0151tt 48 \u00f3r\u00e1val. Ha k\u00e9s\u0151bb mondja le a foglal\u00f3t, vagy nem jelenik meg, a foglal\u00f3t elvesz\u00edtj\u00fck.<\/p>\n<p><strong>\ud83c\udf26\ufe0f Id\u0151j\u00e1r\u00e1s \u00e9s minim\u00e1lis r\u00e9sztvev\u0151k sz\u00e1ma:<\/strong> Rossz id\u0151j\u00e1r\u00e1s eset\u00e9n, vagy ha nincs el\u00e9g r\u00e9sztvev\u0151, teljes visszat\u00e9r\u00edt\u00e9st vagy az utaz\u00e1s m\u00e1s id\u0151pontra t\u00f6rt\u00e9n\u0151 \u00e1t\u00fctemez\u00e9s\u00e9t v\u00e1laszthatja.<\/p>\n<p><strong>\ud83d\udea2 Fed\u00e9lzeti szab\u00e1lyok:<\/strong> K\u00e9rj\u00fck, \u00e9rkezzenek id\u0151ben! A tengeribetegs\u00e9g miatti k\u00e9s\u0151i \u00e9rkez\u00e9s vagy \u00fatvonalv\u00e1ltoz\u00e1s eset\u00e9n nem j\u00e1r visszat\u00e9r\u00edt\u00e9s.<\/p>\n<h3>\ud83d\ude99 Kiindul\u00f3pont \u00e9s parkol\u00e1s<\/h3>\n<p><strong>Kezdje a <a href=\"https:\/\/www.google.com\/maps\/place\/Puerto+Col%C3%B3n\/@28.078002,-16.7394902,1078m\/data=!3m2!1e3!4b1!4m6!3m5!1s0xc6a9743509c9ebf:0xd62345524f768247!8m2!3d28.078002!4d-16.7369153!16s%2Fg%2F11c6cqryw_?authuser=0&amp;entry=tts&amp;g_ep=EgoyMDI0MDgwNC4wKgBIAVAD\" target=\"_blank\" rel=\"noopener\">Puerto Col\u00f3n<\/a>:<\/strong> A tengeri kaland a k\u00f6vetkez\u0151 \u00e1llom\u00e1son kezd\u0151dik <strong>Puerto Col\u00f3n<\/strong>A kik\u00f6t\u0151ben tal\u00e1lhat\u00f3 b\u0151s\u00e9ges parkol\u00e1si lehet\u0151s\u00e9g megk\u00f6nny\u00edti a nap kezd\u00e9s\u00e9t. \u00c9rkezzen egy kicsit kor\u00e1bban, hogy siets\u00e9g n\u00e9lk\u00fcl indulhasson \u00fatnak.<\/p>\n<h3>\ud83c\udf1f CanaryVIP \u00edg\u00e9rete neked<\/h3>\n<p>Az CanaryVIP-n\u00e9l az \u00d6n el\u00e9gedetts\u00e9ge mindenek felett \u00e1ll. \u00c9lvezze az alkalmazkod\u00f3 lemond\u00e1si felt\u00e9teleket, amelyek biztons\u00e1got ny\u00fajtanak, amikor lefoglalja \u00f6nvezet\u0151 haj\u00f3j\u00e1nak b\u00e9rl\u00e9s\u00e9t. Elk\u00f6telezettek vagyunk a kiemelked\u0151 szolg\u00e1ltat\u00e1s ir\u00e1nt, a biztons\u00e1gra \u00f6sszpontos\u00edtva, \u00e9s azzal a sz\u00e1nd\u00e9kkal, hogy fokozzuk az \u00d6n \u00e9lm\u00e9ny\u00e9t Tenerife fens\u00e9ges vizeir\u0151l.<\/p>\n<p>Vitorl\u00e1zzon egy kalandra egy \u00f6nvezet\u0151 haj\u00f3val jogos\u00edtv\u00e1ny n\u00e9lk\u00fcl, haj\u00f3zzon Tenerife csod\u00e1latos tenger\u00e9n, \u00e9s fedezze fel a rejtett \u00e9kszereket a partvid\u00e9k ment\u00e9n. <strong>Puerto Col\u00f3n.<\/strong><\/p>\n<p>Foglaljon m\u00e9g ma egy exkluz\u00edv haj\u00f3s kalandra, amely a f\u00fcggetlens\u00e9get, a k\u00e9nyelmet \u00e9s a Kan\u00e1ri-szigetek \u00e9rintetlen sz\u00e9ps\u00e9g\u00e9t \u00f6tv\u00f6zi. Foglaljon most, \u00e9s szerezzen maradand\u00f3 eml\u00e9keket a tengeren!<\/p>","protected":false},"excerpt":{"rendered":"<p><strong>\ud83d\udd0d \u00d6nvezet\u0151 haj\u00f3:<\/strong><br \/>\n<span>\u2705 Biztons\u00e1gos fizet\u00e9s.<\/span><br \/>\n<span>\ud83e\udeaa Haj\u00f3enged\u00e9ly n\u00e9lk\u00fcl.<\/span><br \/>\n<span>\ud83d\udee5\ufe0f 5 m\u00e9ter hossz\u00fa.<\/span><br \/>\n<span>\u23f3 2-8 \u00f3ra napi b\u00e9rl\u00e9se.<br \/>\n\u26fd Benzint tartalmaz<\/span><br \/>\n<span>\ud83d\udd59 Testreszabhat\u00f3 indul\u00e1si id\u0151k.<\/span><br \/>\n<span>\ud83d\udc65 Legfeljebb 5 vend\u00e9g.<\/span><br \/>\n<span>\ud83e\udd3f Snorkeling felszerel\u00e9s.<\/span><br \/>\n<span>\ud83e\udd11 Garant\u00e1ltan legjobb \u00e1r.<\/span><br \/>\n<span>\ud83d\udc6a Kedvezm\u00e9nyek aktiv\u00e1lva.<\/span><br \/>\n<span>\ud83d\udd01 Ak\u00e1r 4 napos lemond\u00e1s.<\/span><br \/>\n<span>\ud83c\udf0d T\u00f6bbnyelv\u0171 t\u00e1mogat\u00e1s.<\/span><br \/>\n<span>\ud83c\udf1f Foglaljon kor\u00e1n \u00e9s takar\u00edtson meg!<br \/>\n\ud83d\udccd Indul\u00e1s a <a href=\"https:\/\/maps.app.goo.gl\/3EAT9KE3yNKvnqsz7\" target=\"_blank\" rel=\"noopener\">Puerto Col\u00f3n<\/a>.<br \/>\n<\/span><\/p>","protected":false},"featured_media":14654,"comment_status":"open","ping_status":"closed","template":"","meta":{"_acf_changed":false},"product_brand":[],"product_cat":[130],"product_tag":[],"class_list":{"0":"post-12784","1":"product","2":"type-product","3":"status-publish","4":"has-post-thumbnail","6":"product_cat-self-drive-boat-hire","7":"wcpa_has_options","9":"first","10":"instock","11":"sale","12":"virtual","13":"purchasable","14":"product-type-simple"},"acf":[],"wcpa_form_fields":{"wcpaData":{"product":{"product_price":180,"price_html":"From&nbsp;<del aria-hidden=\"true\"><span class=\"woocommerce-Price-amount amount\"><bdi>200,00&nbsp;<span class=\"woocommerce-Price-currencySymbol\">&euro;<\/span><\/bdi><\/span><\/del> <span class=\"screen-reader-text\">Az eredeti \u00e1r: 200,00&nbsp;&euro;.<\/span><ins aria-hidden=\"true\"><span class=\"woocommerce-Price-amount amount\"><bdi>180,00&nbsp;<span class=\"woocommerce-Price-currencySymbol\">&euro;<\/span><\/bdi><\/span><\/ins><span class=\"screen-reader-text\">A jelenlegi \u00e1r: 180,00&nbsp;&euro;.<\/span>","original_product_price":200,"price_including_tax":180,"price_excluding_tax":180,"product_id":{"parent":12784,"variation":false},"is_variable":false,"stock_status":"instock","stock_quantity":null,"parent_sku":"CV12784","product_attributes":[],"custom_fields":[],"is_taxable":false,"product_name":"Self Drive Boat Hire Tenerife","hasImage":false},"fields":{"sec_666b2beb820739":{"extra":{"key":"sec_666b2beb820739","section_id":"sec_666b2beb820739","name":"Default","status":1,"cl_rule":"show","enableCl":false,"relations":[],"toggle":true,"title_tag":"h3","show_title":false,"showPrice":"default","form_id":12811,"form_rules":{"exclude_from_discount":true,"fee_label":"Fee","disp_hide_options_price":true,"disp_show_section_price":false,"disp_show_field_price":true,"layout_option":"standard","pric_use_as_fee":false,"process_fee_as":"woo_fee"},"layout_option":"standard"},"fields":[[{"label":"\ud83d\udcc5 Date","active":true,"required":true,"elementId":"date_466b2beb820758","picker_type":"custom","picker_mode":"single","placeholder":"","description":"","tooltip":"","name":"date_466b2beb820758","label_position":"default","desc_position":"default","enablePrice":false,"className":"","enableCl":false,"relations":[{"operator":"and","rules":[{"operator":"AND","rules":{"cl_field":"radio-group_565c78ffa81208","cl_relation":"is","cl_val":"3 Hour Trip"}}]}],"date_pic_inline":true,"date_pic_inline_hide":true,"min_date":{"type":"days","val":"0"},"max_date":{"type":"days","val":"365"},"date_pic_conf":{"disabledWeeks":[],"disabledDates":[]},"price":"","cl_rule":"show","col":6,"type":"date","error":false,"enableDesign":false,"LabelColor":"","gt_translate_keys":["label","placeholder","description","tooltip"],"price_dependency":false,"cl_dependency":false,"value":""}],[{"contentType":"rich","active":true,"label":"","elementId":"content_466b2beb820766","value":"<p>\ud83c\udf9f\ufe0f <strong>Reservation<\/strong>: Pay only a deposit now to reserve; the rest is due on the day of the activity upon arrival.<\/p>","inline":false,"name":"content_466b2beb820766","enablePrice":false,"className":"","subtype":"p","enableCl":false,"relations":false,"price":"","cl_rule":"show","col":6,"type":"content","error":false,"pricingType":"custom","isTemplate":false,"is_show_price":true,"show_in_checkout":true,"gt_translate_keys":["label","value"],"price_dependency":false,"cl_dependency":false}],[{"active":true,"col":6,"relations":false,"cl_rule":"show","enableCl":false,"price":"","enablePrice":true,"className":"","label_position":"default","desc_position":"default","type":"select","required":true,"elementId":"select_366b2beb82077c","label":"\u23f3 Trip Duration","name":"select_366b2beb82077c","values":[{"label":"2 Hours (180\u20ac)","value":"2","selected":false,"tempId":"aco_85","price":"180","gt_translate_keys":["label"]},{"label":"3 Hours (250\u20ac)","value":"3","selected":false,"tempId":"aco_556","price":"250","gt_translate_keys":["label"]},{"label":"4 Hours (320\u20ac)","value":"4","selected":false,"tempId":"aco_605","price":"320","gt_translate_keys":["label"]},{"label":"5 Hours (390\u20ac)","value":"5","selected":false,"tempId":"aco_724","price":"390","gt_translate_keys":["label"]},{"label":"6 Hours (460\u20ac)","value":"6","selected":false,"tempId":"aco_401","price":"460","gt_translate_keys":["label"]}],"dropdown_type":"basic","error":false,"placeholder":"Select Trip Duration","priceOptions":"different_for_all","pricingType":"fixed","is_show_price":true,"gt_translate_keys":["label","placeholder"],"price_dependency":["content_266b2beb82078f","content_266b2beb820799"],"cl_dependency":false,"value":""}],[{"active":true,"col":6,"relations":false,"cl_rule":"show","enableCl":false,"price":"","enablePrice":false,"className":"","label_position":"default","desc_position":"default","type":"separator","required":false,"elementId":"separator_8240912106","label":"Separator Field","height":"3","separatorType":"fill","error":false,"separatorColor":"#66a5b6","gt_translate_keys":["label"],"price_dependency":false,"cl_dependency":false,"value":""}],[{"active":true,"col":6,"relations":false,"cl_rule":"show","enableCl":false,"price":"({field.select_366b2beb82077c.price}*0.2)+({field.select_166b2beb820786.price}*0.1)","enablePrice":true,"className":"","label_position":"default","desc_position":"default","type":"content","required":false,"elementId":"content_266b2beb82078f","label":"Deposit Payment","name":"content_266b2beb82078f","contentType":"plain","value":"","error":false,"pricingType":"custom","isTemplate":true,"is_show_price":false,"enableDesign":true,"scrollBar":false,"use_as_fee":false,"fee_label":"Payment Now","inline":true,"show_in_checkout":true,"subtype":"div","formulaId":"fmla_1708364241278155361","LabelSize":"14px","gt_translate_keys":["label","value"],"price_dependency":["content_466b2beb8207a2"],"cl_dependency":false}],[{"contentType":"plain","active":true,"label":"Payment at Arrival","elementId":"content_266b2beb820799","value":"","inline":true,"show_in_checkout":true,"name":"content_266b2beb820799","enablePrice":true,"className":"","fee_label":"Payment at Arrival","subtype":"div","enableCl":false,"relations":false,"scrollBar":false,"enableDesign":true,"pricingType":"custom","isTemplate":true,"price":"({field.select_366b2beb82077c.price}*0.8)+({field.select_166b2beb820786.price}*0.9)","use_as_fee":false,"is_show_price":true,"cl_rule":"show","col":6,"type":"content","error":false,"formulaId":"fmla_172299064258378161","LabelSize":"14px","gt_translate_keys":["label","value"],"price_dependency":["content_466b2beb8207a2"],"cl_dependency":false}],[{"contentType":"plain","active":true,"label":"Total Price","elementId":"content_466b2beb8207a2","value":"","inline":true,"show_in_checkout":true,"name":"content_466b2beb8207a2","enablePrice":true,"className":"","fee_label":"Payment at Arrival","subtype":"div","enableCl":false,"relations":false,"scrollBar":false,"enableDesign":true,"LabelSize":"14px","pricingType":"custom","isTemplate":false,"price":"({field.content_266b2beb82078f.price})+({field.content_266b2beb820799.price})","formulaId":"fmla_1708360988969136756","use_as_fee":false,"is_show_price":true,"cl_rule":"show","col":6,"type":"content","error":false,"gt_translate_keys":["label","value"],"price_dependency":false,"cl_dependency":false}],[{"elementId":"separator-8320172123","separatorType":"fill","separatorColor":"#66a5b6","className":"","height":"3","enableCl":false,"relations":false,"cl_rule":"show","col":6,"type":"separator","gt_translate_keys":[],"price_dependency":false,"cl_dependency":false,"value":""}],[{"active":true,"col":6,"relations":[{"operator":false,"rules":[{"operator":"AND","rules":{"cl_field":"radio-group_565c78ffa81208","cl_relation":"is","cl_val":"3 Hour Trip"}}]}],"cl_rule":"show","enableCl":false,"price":"","enablePrice":false,"className":"","label_position":"default","desc_position":"default","type":"select","required":false,"elementId":"select_866b2beb8207ab","label":"\u23f0 Departure Time","name":"select_866b2beb8207ab","values":[{"label":"9:30","value":"9:30","selected":false,"tempId":"aco_1471","gt_translate_keys":["label"]},{"label":"10:30","value":"10:30","selected":false,"tempId":"aco_1472","gt_translate_keys":["label"]},{"label":"11:30","value":"11:30","selected":false,"tempId":"aco_1500","gt_translate_keys":["label"]},{"label":"12:30","value":"12:30","selected":false,"tempId":"aco_1510","gt_translate_keys":["label"]},{"label":"13:30","value":"13:30","selected":false,"tempId":"aco_1520","gt_translate_keys":["label"]},{"label":"14:30","value":"14:30","selected":false,"tempId":"aco_1728","gt_translate_keys":["label"]},{"label":"15:30","value":"15:30","selected":false,"tempId":"aco_1738","gt_translate_keys":["label"]}],"dropdown_type":"basic","error":false,"placeholder":"Whichever Time is Best","gt_translate_keys":["label","placeholder"],"price_dependency":false,"cl_dependency":false,"value":""}],[{"elementId":"separator_266b2beb8207b5","separatorType":"blank","className":"","height":"1","enableCl":false,"relations":false,"cl_rule":"show","col":6,"type":"separator","gt_translate_keys":[],"price_dependency":false,"cl_dependency":false,"value":""}],[{"label":"\u2705 Number of People","active":true,"required":true,"elementId":"select_466b2beb8207be","dropdown_type":"basic","placeholder":"Select Number of People","name":"select_466b2beb8207be","label_position":"default","desc_position":"default","enablePrice":false,"className":"","enableCl":false,"relations":[{"operator":false,"rules":[{"operator":"AND","rules":{"cl_field":"radio-group_565c78ffa81208","cl_relation":"is","cl_val":"3 Hour Trip"}}]}],"values":[{"label":"1 person","value":"1","selected":false,"tempId":"aco_1471","gt_translate_keys":["label"]},{"label":"2 people","value":"2","selected":false,"tempId":"aco_1472","gt_translate_keys":["label"]},{"label":"3 people","value":"3","selected":false,"tempId":"aco_1500","gt_translate_keys":["label"]},{"label":"4 people","value":"4","selected":false,"tempId":"aco_1510","gt_translate_keys":["label"]},{"label":"5 people","value":"5","selected":false,"tempId":"aco_1520","gt_translate_keys":["label"]},{"label":"6 people","value":"6","selected":false,"tempId":"aco_2006","gt_translate_keys":["label"]}],"price":"","cl_rule":"show","col":6,"type":"select","error":false,"gt_translate_keys":["label","placeholder"],"price_dependency":false,"cl_dependency":false,"value":""}]]}},"config":{"price_override":"always","enable_recaptcha":false,"bind_quantity":false,"quantity_bind_formula":false,"disp_summ_show_option_price":true,"disp_summ_show_product_price":false,"disp_summ_show_total_price":false,"disp_summ_show_fee":true,"disp_summ_show_discount":true,"summary_title":"","options_total_label":"Options Price","total_label":"Total Amount","options_product_label":"Product Price","fee_label":"Fee","discount_label":"Discount","has_price":true,"has_quantity_formula":false},"mc_unit":1,"tax_rate":1,"tax_rate_real":1,"discount":{"percentage":0,"fixed":0},"design":{"conf":{"LabelPosition":"above","DescPosition":"above","UploadField":"custom_1","QuantityFieldStyle":"custom_1"},"css":{"LeftLabelWidth":"120px"}},"formulas":{"fmla_1708364241278155361":"(({field.select_366b2beb82077c.value}>=6)?(130):(({field.select_366b2beb82077c.value}>=5)?(110):(({field.select_366b2beb82077c.value}>=4)?(90):(({field.select_366b2beb82077c.value}>=3)?(70):(({field.select_366b2beb82077c.value}>=2)?(60):(0))))))","fmla_172299064258378161":"(({field.select_366b2beb82077c.value}>=6)?(330):(({field.select_366b2beb82077c.value}>=5)?(280):(({field.select_366b2beb82077c.value}>=4)?(230):(({field.select_366b2beb82077c.value}>=3)?(180):(({field.select_366b2beb82077c.value}>=2)?(120):(0))))))"},"lookuptables":[],"clones":false,"cartKey":false}},"_links":{"self":[{"href":"https:\/\/canaryvip.com\/hu\/wp-json\/wp\/v2\/product\/12784","targetHints":{"allow":["GET"]}}],"collection":[{"href":"https:\/\/canaryvip.com\/hu\/wp-json\/wp\/v2\/product"}],"about":[{"href":"https:\/\/canaryvip.com\/hu\/wp-json\/wp\/v2\/types\/product"}],"replies":[{"embeddable":true,"href":"https:\/\/canaryvip.com\/hu\/wp-json\/wp\/v2\/comments?post=12784"}],"wp:featuredmedia":[{"embeddable":true,"href":"https:\/\/canaryvip.com\/hu\/wp-json\/wp\/v2\/media\/14654"}],"wp:attachment":[{"href":"https:\/\/canaryvip.com\/hu\/wp-json\/wp\/v2\/media?parent=12784"}],"wp:term":[{"taxonomy":"product_brand","embeddable":true,"href":"https:\/\/canaryvip.com\/hu\/wp-json\/wp\/v2\/product_brand?post=12784"},{"taxonomy":"product_cat","embeddable":true,"href":"https:\/\/canaryvip.com\/hu\/wp-json\/wp\/v2\/product_cat?post=12784"},{"taxonomy":"product_tag","embeddable":true,"href":"https:\/\/canaryvip.com\/hu\/wp-json\/wp\/v2\/product_tag?post=12784"}],"curies":[{"name":"wp","href":"https:\/\/api.w.org\/{rel}","templated":true}]}}