{"id":12210,"date":"2024-07-03T15:52:34","date_gmt":"2024-07-03T14:52:34","guid":{"rendered":"https:\/\/canaryvip.com\/?post_type=product&#038;p=12210"},"modified":"2025-08-09T14:02:34","modified_gmt":"2025-08-09T13:02:34","slug":"magic-island-yacht-charter-gran-canaria","status":"publish","type":"product","link":"https:\/\/canaryvip.com\/hu\/shop\/magic-island-yacht-charter-gran-canaria\/","title":{"rendered":"Magic Island: Yachtb\u00e9rl\u00e9s<br\/> Gran Canaria"},"content":{"rendered":"<h2>\ud83d\udee5\ufe0f Magic Island Yacht b\u00e9rl\u00e9s Gran Canaria CanaryVIP-vel<\/h2>\n<p>Tapasztalja meg a Kan\u00e1ri-szigetek sz\u00e9ps\u00e9g\u00e9t a k\u00e9nyelmes <strong>luxusjacht<\/strong> az Magic Island Yacht b\u00e9rl\u00e9ssel Gran Canari\u00e1n. Ez a <strong>priv\u00e1t haj\u00f3kir\u00e1ndul\u00e1s<\/strong> Gran Canaria l\u00e9legzetel\u00e1ll\u00edt\u00f3 d\u00e9lnyugati partja ment\u00e9n t\u00f6k\u00e9letes v\u00e1laszt\u00e1s csal\u00e1dok, bar\u00e1tok vagy b\u00e1rki sz\u00e1m\u00e1ra, aki VIP-kalandot keres. Az CanaryVIP-n\u00e9l z\u00f6kken\u0151mentes foglal\u00e1si \u00e9lm\u00e9nyt biztos\u00edtunk \u00e1lmai tengeren t\u00f6lt\u00f6tt napj\u00e1hoz.<\/p>\n<h3>\u2b50\ufe0f Mi\u00e9rt v\u00e1lassza az Magic Island Yacht Hire-t Gran Canaria sziget\u00e9n?<\/h3>\n<p>\u00cdme, mi teszi az Magic Island jachtot kiemelked\u0151 v\u00e1laszt\u00e1ss\u00e1 az \u00d6n k\u00f6vetkez\u0151 <strong>haj\u00f3b\u00e9rl\u00e9s Gran Canaria<\/strong>:<\/p>\n<h4><strong>Exkluz\u00edv priv\u00e1t \u00e9lm\u00e9ny<\/strong><\/h4>\n<p>\u00c9lvezze az Atlanti-\u00f3ce\u00e1n krist\u00e1lytiszta viz\u00e9t teljes mag\u00e1nyban. Az Magic Island jacht ak\u00e1r 12 vend\u00e9g befogad\u00e1s\u00e1ra is alkalmas, \u00edgy ide\u00e1lis \u00fcnneps\u00e9gek, csal\u00e1di kir\u00e1ndul\u00e1sok vagy ak\u00e1r \u00fczleti rendezv\u00e9nyek lebonyol\u00edt\u00e1s\u00e1ra.<\/p>\n<h4><strong>K\u00e9nyelem \u00e9s st\u00edlus<\/strong><\/h4>\n<p>Pihenjen a hangulatos \u00e9s eleg\u00e1ns bels\u0151 t\u00e9rben, amely egy kis h\u00e1l\u00f3szob\u00e1val, WC-vel, k\u00e9nyelmes \u00fcl\u0151helyekkel \u00e9s \u00e9tkez\u0151vel rendelkezik. S\u00fctk\u00e9rezzen a kan\u00e1ri napf\u00e9nyben a fels\u0151 napoz\u00f3teraszon, vagy pihenjen az \u00e1rny\u00e9kos helyeken, mik\u00f6zben a vulkanikus partvonal ment\u00e9n haj\u00f3zik.<\/p>\n<h4><strong>Izgalmas v\u00edzi tev\u00e9kenys\u00e9gek<\/strong><\/h4>\n<p>Fokozza \u00e9lm\u00e9nyeit a foglal\u00e1sban foglalt sz\u00f3rakoztat\u00f3 tev\u00e9kenys\u00e9gekkel:<\/p>\n<ul>\n<li><strong>\ud83e\udd3f Snorkeling felszerel\u00e9s:<\/strong> Fedezze fel a v\u00edz alatti vil\u00e1got a fed\u00e9lzeten biztos\u00edtott felszerel\u00e9ssel.<\/li>\n<li><strong>\ud83c\udf4c Ban\u00e1ncs\u00f3nak\u00e1z\u00e1s:<\/strong> Adjon egy kis adrenalint az utaz\u00e1s\u00e1hoz ezzel az izgalmas, fel\u00e1r n\u00e9lk\u00fcl ig\u00e9nybe vehet\u0151 tev\u00e9kenys\u00e9ggel.<\/li>\n<\/ul>\n<h3>\ud83d\udea4 Magic Island Yacht Utaz\u00e1si lehet\u0151s\u00e9gek<\/h3>\n<p>V\u00e1lasszon k\u00e9tf\u00e9le id\u0151tartam\u00fa utaz\u00e1s k\u00f6z\u00fcl, hogy megfeleljen az \u00d6n id\u0151beoszt\u00e1s\u00e1nak \u00e9s preferenci\u00e1inak:<\/p>\n<ul>\n<li><strong>3 \u00f3r\u00e1s t\u00fara:<\/strong> Ide\u00e1lis egy r\u00f6vid, de kedves bevezet\u0151 Gran Canaria tengerparti sz\u00e9ps\u00e9g\u00e9nek megismer\u00e9s\u00e9hez. \u00dasszon, b\u00fav\u00e1rkodjon \u00e9s \u00e9lvezze a naps\u00fct\u00e9st.<\/li>\n<li><strong>5 \u00f3r\u00e1s t\u00fara:<\/strong> Ha m\u00e9g mag\u00e1val ragad\u00f3bb \u00e9lm\u00e9nyre v\u00e1gyik, sz\u00e1njon id\u0151t a tengerpart felfedez\u00e9s\u00e9re, \u00e9lvezze a v\u00edzi tev\u00e9kenys\u00e9geket, \u00e9s pihenjen a fed\u00e9lzeten harapnival\u00f3k \u00e9s italok mellett.<\/li>\n<\/ul>\n<h3>\ud83e\udd42 Mit tartalmaz a Yacht Charter?<\/h3>\n<p>Az \u00d6n <strong>Yacht b\u00e9rl\u00e9s Gran Canaria<\/strong> tartalmazza:<\/p>\n<ul>\n<li>R\u00e1gcs\u00e1lnival\u00f3k, p\u00e9ld\u00e1ul chipsek \u00e9s di\u00f3f\u00e9l\u00e9k.<\/li>\n<li>Italok nyitott b\u00e1rb\u00f3l, bele\u00e9rtve s\u00f6rt, \u00fcd\u00edt\u0151ket, vizet \u00e9s gy\u00fcm\u00f6lcsleveket.<\/li>\n<li>Snorkeling felszerel\u00e9s \u00e9s egy sz\u00f3rakoztat\u00f3 ban\u00e1ncs\u00f3nak\u00e1z\u00e1s.<\/li>\n<li>K\u00e9r\u00e9sre eb\u00e9d is rendelhet\u0151 (10 \u20ac\/f\u0151, a foglal\u00e1skor meg kell eml\u00edteni).<\/li>\n<li>Angolul \u00e9s spanyolul foly\u00e9konyan besz\u00e9l\u0151, professzion\u00e1lis szem\u00e9lyzet, amely az eg\u00e9sz utaz\u00e1s sor\u00e1n biztos\u00edtja az \u00d6n k\u00e9nyelm\u00e9t \u00e9s biztons\u00e1g\u00e1t.<\/li>\n<\/ul>\n<h3>\ud83d\udccd Indul\u00e1s r\u00e9szletei<\/h3>\n<ul>\n<li><strong>Helysz\u00edn:<\/strong> <a href=\"https:\/\/maps.app.goo.gl\/iZBybc3i384tdR816\" target=\"_blank\" rel=\"noopener\">Puerto Rico b\u00e1zis Puerto Ric\u00f3ban<\/a>, Gran Canaria.<\/li>\n<li><strong>Times:<\/strong> V\u00e1lasszon a 9:00 vagy 14:00 \u00f3rai indul\u00e1s k\u00f6z\u00f6tt.<\/li>\n<li><strong>K\u00f6zleked\u00e9s:<\/strong> Fakultat\u00edv felsz\u00e1ll\u00e1si szolg\u00e1ltat\u00e1s szem\u00e9lyenk\u00e9nt mind\u00f6ssze 2 \u20ac-\u00e9rt vehet\u0151 ig\u00e9nybe.<\/li>\n<\/ul>\n<p>Javasoljuk, hogy legal\u00e1bb 15 perccel az indul\u00e1s el\u0151tt \u00e9rkezzen meg, hogy a kaland z\u00f6kken\u0151mentesen kezd\u0151dj\u00f6n.<\/p>\n<h3>\u2705 \u00c1tl\u00e1that\u00f3 lemond\u00e1si felt\u00e9telek<\/h3>\n<p>Meg\u00e9rtj\u00fck, hogy a tervek v\u00e1ltozhatnak, ez\u00e9rt lemond\u00e1si felt\u00e9teleinket \u00fagy alak\u00edtottuk ki, hogy \u00d6n nyugodt lehessen:<\/p>\n<ul>\n<li><strong>Id\u0151j\u00e1r\u00e1si garancia:<\/strong> Ha az id\u0151j\u00e1r\u00e1si k\u00f6r\u00fclm\u00e9nyek nem biztons\u00e1gosak, akkor lehet\u0151s\u00e9ge van \u00e1t\u00fctemezni a programot vagy teljes visszat\u00e9r\u00edt\u00e9st kapni.<\/li>\n<li><strong>Rugalmas lemond\u00e1sok:<\/strong> Az utaz\u00e1s el\u0151tt legfeljebb 8 nappal ingyenesen lemondhatja vagy \u00e1t\u00fctemezheti a foglal\u00e1st. A tervezett indul\u00e1st\u00f3l sz\u00e1m\u00edtott 8 napon bel\u00fcli lemond\u00e1s eset\u00e9n az el\u0151leg nem t\u00e9r\u00edthet\u0151 vissza.<\/li>\n<\/ul>\n<h3>\ud83d\udc68\u200d\u2708\ufe0f Tippek az Magic Island kalandhoz<\/h3>\n<p>Hozza ki a legt\u00f6bbet a napj\u00e1b\u00f3l ezekkel az egyszer\u0171 tippekkel:<\/p>\n<ul>\n<li>Hozzon mag\u00e1val f\u00fcrd\u0151ruh\u00e1t, t\u00f6r\u00f6lk\u00f6z\u0151t \u00e9s naptejet.<\/li>\n<li>Az id\u0151j\u00e1r\u00e1snak megfelel\u0151, k\u00e9nyelmes ruh\u00e1zatot viseljen.<\/li>\n<li>Tartsa k\u00e9szenl\u00e9tben az CanaryVIP jegy\u00e9t telefonj\u00e1n vagy kinyomtatva.<\/li>\n<li>El\u0151z\u0151leg egy k\u00f6nny\u0171 \u00e9tkez\u00e9st fogyasszon, hogy elker\u00fclje a tengeribetegs\u00e9get.<\/li>\n<\/ul>\n<h3>\ud83c\udf1f Mi\u00e9rt foglaljon az CanaryVIP-vel?<\/h3>\n<p>Az CanaryVIP-n\u00e9l arra szakosodtunk, hogy a legjobb lehet\u0151s\u00e9geket k\u00edn\u00e1ljuk a k\u00f6vetkez\u0151k sz\u00e1m\u00e1ra <a href=\"https:\/\/canaryvip.com\/hu\/gran-canaria\/\"><strong>haj\u00f3b\u00e9rl\u00e9s Gran Canaria<\/strong><\/a>. A luxusjachtokt\u00f3l kezdve, mint az Magic Island, eg\u00e9szen m\u00e1s, szem\u00e9lyre szabott kir\u00e1ndul\u00e1sokig, megk\u00f6nny\u00edtj\u00fck \u00d6nnek, hogy felejthetetlen eml\u00e9keket szerezzen a v\u00edzen.<\/p>\n<p>Foglalja le a <strong>Magic Island Yachtb\u00e9rl\u00e9s<\/strong> ma, \u00e9s induljon el egy olyan napra, amely tele van sz\u00f3rakoz\u00e1ssal, pihen\u00e9ssel \u00e9s a Gran Canaria leny\u0171g\u00f6z\u0151 partvid\u00e9k\u00e9nek l\u00e9legzetel\u00e1ll\u00edt\u00f3 l\u00e1tv\u00e1ny\u00e1val.<\/p>\n<p>\ud83d\udc49 <span>Tartal\u00e9k<\/span><span> Most<\/span> \u00e9s emelje a nyaral\u00e1s \u00e9lm\u00e9ny\u00e9t!<\/p>","protected":false},"excerpt":{"rendered":"<p><strong>\ud83d\udd0d Magic Island Gran Canaria:<\/strong><br \/>\n\u2705 Biztons\u00e1gos fizet\u00e9s.<br \/>\n\ud83d\udd10 Priv\u00e1t t\u00far\u00e1k.<br \/>\n\ud83d\udee5\ufe0f 18m Yacht Comfort.<br \/>\n\u23f3 Napi t\u00far\u00e1k a 3H &amp; 5H-ban.<br \/>\n\ud83d\udd59 Testreszabhat\u00f3 indul\u00e1si id\u0151k.<br \/>\n\ud83d\udc65 Legfeljebb 12 vend\u00e9g.<br \/>\n\ud83c\udfc4\u200d\u2640\ufe0f Paddle Boards Included.<br \/>\n\ud83e\udd3f Snorkel felszerel\u00e9s biztos\u00edtott.<br \/>\n\ud83d\udd0a J\u00e1tssza le a zen\u00e9j\u00e9t.<br \/>\n\ud83d\ude8c Felv\u00e9tel \u00e9s lead\u00e1s.<br \/>\n\ud83e\udd11 Garant\u00e1ltan legjobb \u00e1r.<br \/>\n\ud83d\udc6a Kedvezm\u00e9nyek aktiv\u00e1lva.<br \/>\n\ud83d\udd01 Ak\u00e1r 8 napos lemond\u00e1s.<br \/>\n\ud83c\udf0d T\u00f6bbnyelv\u0171 leg\u00e9nys\u00e9g.<br \/>\n\ud83c\udf1f Foglaljon kor\u00e1n \u00e9s takar\u00edtson meg!<br \/>\n\ud83d\udccd Indul\u00e1s a <a href=\"https:\/\/maps.app.goo.gl\/836RSsqAzbptb2Qy5\">Puerto Base<\/a>.<\/p>","protected":false},"featured_media":12212,"comment_status":"open","ping_status":"closed","template":"","meta":{"_acf_changed":false},"product_brand":[],"product_cat":[132],"product_tag":[],"class_list":{"0":"post-12210","1":"product","2":"type-product","3":"status-publish","4":"has-post-thumbnail","6":"product_cat-boat-hire-gran-canaria","7":"wcpa_has_options","9":"first","10":"instock","11":"virtual","12":"purchasable","13":"product-type-simple"},"acf":[],"wcpa_form_fields":{"wcpaData":{"product":{"product_price":550,"price_html":"From&nbsp;<span class=\"woocommerce-Price-amount amount\"><bdi>550,00&nbsp;<span class=\"woocommerce-Price-currencySymbol\">&euro;<\/span><\/bdi><\/span>","original_product_price":550,"price_including_tax":550,"price_excluding_tax":550,"product_id":{"parent":12210,"variation":false},"is_variable":false,"stock_status":"instock","stock_quantity":null,"parent_sku":"CV12210","product_attributes":[],"custom_fields":[],"is_taxable":false,"product_name":"Magic Island: Yacht Hire<br\/> Gran Canaria","hasImage":false},"fields":{"sec_26686cb82841ff":{"extra":{"key":"sec_26686cb82841ff","section_id":"sec_26686cb82841ff","name":"Default","status":1,"cl_rule":"show","enableCl":false,"relations":[],"toggle":true,"title_tag":"h3","show_title":false,"showPrice":"default","form_id":12242,"form_rules":{"exclude_from_discount":true,"fee_label":"Fee","disp_hide_options_price":true,"disp_show_section_price":false,"disp_show_field_price":true,"layout_option":"standard","pric_use_as_fee":false,"process_fee_as":"woo_fee"},"layout_option":"standard"},"fields":[[{"label":"\ud83d\udcc5 Date","active":true,"required":true,"elementId":"date_56686cb8284220","picker_type":"custom","picker_mode":"single","placeholder":"","description":"","tooltip":"","name":"date_56686cb8284220","label_position":"default","desc_position":"default","enablePrice":false,"className":"","enableCl":false,"relations":[{"operator":"and","rules":[{"operator":"AND","rules":{"cl_field":"radio-group_565c78ffa81208","cl_relation":"is","cl_val":"3 Hour Trip"}}]}],"date_pic_inline":true,"date_pic_inline_hide":true,"min_date":{"type":"days","val":"2"},"max_date":{"type":"days","val":"365"},"date_pic_conf":{"disabledWeeks":[]},"price":"","cl_rule":"show","col":6,"type":"date","error":false,"enableDesign":false,"LabelColor":"","gt_translate_keys":["label","placeholder","description","tooltip"],"price_dependency":false,"cl_dependency":false,"value":""}],[{"elementId":"separator_26686cb828423c","separatorType":"blank","className":"","height":"3","enableCl":false,"relations":false,"cl_rule":"show","col":6,"type":"separator","error":false,"gt_translate_keys":[],"price_dependency":false,"cl_dependency":false,"value":""}],[{"active":true,"col":6,"relations":false,"cl_rule":"show","enableCl":false,"price":"","enablePrice":true,"className":"","label_position":"default","desc_position":"default","type":"select","required":true,"elementId":"select_36686cb8284247","label":"\u23f3 Trip Duration","name":"select_36686cb8284247","values":[{"label":"3 Hours (550\u20ac)","value":"3","selected":false,"tempId":"aco_556","price":"550","gt_translate_keys":["label"]},{"label":"5 Hours (995\u20ac)","value":"5","selected":false,"tempId":"aco_122","price":"995","gt_translate_keys":["label"]}],"dropdown_type":"basic","error":false,"placeholder":"Select Trip Duration","priceOptions":"different_for_all","pricingType":"fixed","is_show_price":false,"gt_translate_keys":["label","placeholder"],"price_dependency":false,"cl_dependency":false,"value":""}],[{"label":"\u2705 Number of People","active":true,"required":true,"elementId":"select_76686cb828429b","dropdown_type":"basic","placeholder":"Select Number of People","name":"select_76686cb828429b","label_position":"default","desc_position":"default","enablePrice":true,"className":"","enableCl":false,"relations":[{"operator":false,"rules":[{"operator":"AND","rules":{"cl_field":"radio-group_565c78ffa81208","cl_relation":"is","cl_val":"3 Hour Trip"}}]}],"values":[{"label":"1 person","value":"1","selected":false,"tempId":"aco_1471","price":"0","gt_translate_keys":["label"]},{"label":"2 people","value":"2","selected":false,"tempId":"aco_1472","price":"0","gt_translate_keys":["label"]},{"label":"3 people","value":"3","selected":false,"tempId":"aco_1500","price":"0","gt_translate_keys":["label"]},{"label":"4 people","value":"4","selected":false,"tempId":"aco_1510","price":"0","gt_translate_keys":["label"]},{"label":"5 people","value":"5","selected":false,"tempId":"aco_1520","price":"0","gt_translate_keys":["label"]},{"label":"6 people","value":"6","selected":false,"tempId":"aco_1728","price":"0","gt_translate_keys":["label"]},{"label":"7 people","value":"7","selected":false,"tempId":"aco_1738","price":"0","gt_translate_keys":["label"]},{"label":"8 people","value":"8","selected":false,"tempId":"aco_1748","price":"0","gt_translate_keys":["label"]},{"label":"9 people (+50\u20ac)","value":"9","selected":false,"tempId":"aco_1912","price":"50","gt_translate_keys":["label"]},{"label":"10 people (+100\u20ac)","value":"10","selected":false,"tempId":"aco_1922","price":"100","gt_translate_keys":["label"]},{"label":"11 people (+150\u20ac)","value":"11","selected":false,"tempId":"aco_84","price":"150","gt_translate_keys":["label"]},{"label":"12 people (+200\u20ac)","value":"12","selected":false,"tempId":"aco_94","price":"200","gt_translate_keys":["label"]}],"price":"","cl_rule":"show","col":6,"type":"select","error":false,"priceOptions":"different_for_all","pricingType":"fixed","is_show_price":false,"gt_translate_keys":["label","placeholder"],"price_dependency":["select_5959492541"],"cl_dependency":false,"value":""}],[{"active":true,"col":6,"relations":false,"cl_rule":"show","enableCl":false,"price":"","enablePrice":true,"className":"","label_position":"default","desc_position":"default","type":"select","required":false,"elementId":"select_5959492541","label":"\ud83c\udf57 Meal (+10\u20ac\/person)","name":"select_5959492541","values":[{"label":"No","value":"No","selected":false,"tempId":"aco_2562","price":"","gt_translate_keys":["label"]},{"label":"Yes (+10\u20ac\/person)","value":"Yes","selected":false,"tempId":"aco_2563","price":"{field.select_76686cb828429b.value}*10","gt_translate_keys":["label"]}],"dropdown_type":"basic","error":false,"description":"Snacks and drinks are included. For an extra meal, please select marinated chicken with mojo potatoes and coleslaw. Paella is available at a different price upon request. Meals are paid for on the day of the tour on the boat.","priceOptions":"different_for_all","pricingType":"custom","isTemplate":false,"is_show_price":true,"gt_translate_keys":["label","description"],"price_dependency":false,"cl_dependency":false,"value":""}]]},"sec_36686cb8284272":{"extra":{"key":"sec_36686cb8284272","section_id":"sec_36686cb8284272","name":"Pickup Location","status":1,"cl_rule":"show","enableCl":false,"relations":[],"toggle":true,"title_tag":"h4","show_title":false,"showPrice":"default","form_id":12242,"form_rules":{"exclude_from_discount":true,"fee_label":"Fee","disp_hide_options_price":true,"disp_show_section_price":false,"disp_show_field_price":true,"layout_option":"standard","pric_use_as_fee":false,"process_fee_as":"woo_fee"},"layout_option":"standard"},"fields":[[{"elementId":"separator_16686cb828427d","separatorType":"blank","className":"","height":"3","enableCl":false,"relations":false,"cl_rule":"show","col":6,"type":"separator","error":false,"gt_translate_keys":[],"price_dependency":false,"cl_dependency":false,"value":""}],[{"active":true,"col":6,"relations":[{"operator":false,"rules":[{"operator":"AND","rules":{"cl_field":"radio-group_565c78ffa81208","cl_relation":"is","cl_val":"3 Hour Trip"}}]}],"cl_rule":"show","enableCl":false,"price":"","enablePrice":false,"className":"","label_position":"default","desc_position":"default","type":"select","required":false,"elementId":"select_86686cb8284287","label":"\u23f0 Departure","name":"select_86686cb8284287","values":[{"label":"09:00","value":"09:00","selected":false,"tempId":"aco_1471","gt_translate_keys":["label"]},{"label":"12:00","value":"12:00","selected":false,"tempId":"aco_1510","gt_translate_keys":["label"]},{"label":"15:00","value":"15:00","selected":false,"tempId":"aco_1738","gt_translate_keys":["label"]}],"dropdown_type":"basic","error":false,"placeholder":"Whichever Time is Best","gt_translate_keys":["label","placeholder"],"price_dependency":false,"cl_dependency":false,"value":""}],[{"elementId":"separator_56686cb8284291","separatorType":"blank","className":"","height":"1","enableCl":false,"relations":false,"cl_rule":"show","col":6,"type":"separator","gt_translate_keys":[],"price_dependency":false,"cl_dependency":false,"value":""}],[{"elementId":"separator_76686cb82842a6","separatorType":"blank","className":"","height":"1","enableCl":false,"relations":false,"cl_rule":"show","col":6,"type":"separator","error":false,"gt_translate_keys":[],"price_dependency":false,"cl_dependency":false,"value":""}],[{"active":true,"col":6,"relations":false,"cl_rule":"show","enableCl":false,"price":"","enablePrice":false,"className":"","label_position":"default","desc_position":"default","type":"text","subtype":"text","required":false,"elementId":"text_06686cb82842af","label":"\ud83d\ude8c Pickup Location","name":"text_06686cb82842af","value":"","error":false,"description":"Pick-up service in some locations. Simply provide your address or hotel name. (+2\u20ac\/person paid at pickup to the driver)","gt_translate_keys":["label","description","value"],"price_dependency":false,"cl_dependency":false}]]}},"config":{"price_override":"always","enable_recaptcha":false,"bind_quantity":false,"quantity_bind_formula":false,"disp_summ_show_option_price":true,"disp_summ_show_product_price":false,"disp_summ_show_total_price":true,"disp_summ_show_fee":true,"disp_summ_show_discount":true,"summary_title":"","options_total_label":"Options Price","total_label":"Total Amount","options_product_label":"Product Price","fee_label":"Fee","discount_label":"Discount","has_price":true,"has_quantity_formula":false},"mc_unit":1,"tax_rate":1,"tax_rate_real":1,"discount":{"percentage":0,"fixed":0},"design":{"conf":{"LabelPosition":"above","DescPosition":"above","UploadField":"custom_1","QuantityFieldStyle":"custom_1"},"css":{"LeftLabelWidth":"120px"}},"formulas":{"fmla_1708364241278155361":"(({field.select_3666b1eb2b11fe.value}>=8)?(1400):(({field.select_3666b1eb2b11fe.value}>=7)?(1225):(({field.select_3666b1eb2b11fe.value}>=6)?(1050):(({field.select_3666b1eb2b11fe.value}>=5)?(875):(({field.select_3666b1eb2b11fe.value}>=4)?(700):(({field.select_3666b1eb2b11fe.value}>=3)?(500):(0)))))))","fmla_1718295979528641619":"(({field.select_3666b1eb2b11fe.value}>=8)?(280):(({field.select_3666b1eb2b11fe.value}>=7)?(205):(({field.select_3666b1eb2b11fe.value}>=6)?(150):(({field.select_3666b1eb2b11fe.value}>=5)?(175):(({field.select_3666b1eb2b11fe.value}>=4)?(200):(({field.select_3666b1eb2b11fe.value}>=3)?(150):(0)))))))"},"lookuptables":[],"clones":false,"cartKey":false}},"_links":{"self":[{"href":"https:\/\/canaryvip.com\/hu\/wp-json\/wp\/v2\/product\/12210","targetHints":{"allow":["GET"]}}],"collection":[{"href":"https:\/\/canaryvip.com\/hu\/wp-json\/wp\/v2\/product"}],"about":[{"href":"https:\/\/canaryvip.com\/hu\/wp-json\/wp\/v2\/types\/product"}],"replies":[{"embeddable":true,"href":"https:\/\/canaryvip.com\/hu\/wp-json\/wp\/v2\/comments?post=12210"}],"wp:featuredmedia":[{"embeddable":true,"href":"https:\/\/canaryvip.com\/hu\/wp-json\/wp\/v2\/media\/12212"}],"wp:attachment":[{"href":"https:\/\/canaryvip.com\/hu\/wp-json\/wp\/v2\/media?parent=12210"}],"wp:term":[{"taxonomy":"product_brand","embeddable":true,"href":"https:\/\/canaryvip.com\/hu\/wp-json\/wp\/v2\/product_brand?post=12210"},{"taxonomy":"product_cat","embeddable":true,"href":"https:\/\/canaryvip.com\/hu\/wp-json\/wp\/v2\/product_cat?post=12210"},{"taxonomy":"product_tag","embeddable":true,"href":"https:\/\/canaryvip.com\/hu\/wp-json\/wp\/v2\/product_tag?post=12210"}],"curies":[{"name":"wp","href":"https:\/\/api.w.org\/{rel}","templated":true}]}}