{"id":12147,"date":"2024-07-01T09:53:41","date_gmt":"2024-07-01T08:53:41","guid":{"rendered":"https:\/\/canaryvip.com\/?post_type=product&#038;p=12147"},"modified":"2025-08-09T14:07:45","modified_gmt":"2025-08-09T13:07:45","slug":"siam-night","status":"publish","type":"product","link":"https:\/\/canaryvip.com\/hu\/shop\/siam-night\/","title":{"rendered":"Siam Night jegyek v\u00e1s\u00e1rl\u00e1sa"},"content":{"rendered":"<h2>\ud83c\udf0c <strong>Szi\u00e1mi \u00e9jszaka: Mer\u00fclj\u00f6n el a v\u00e9gs\u0151 \u00e9jszakai v\u00edzi kalandban!<\/strong><\/h2>\n<ul>\n<li><strong>Ny\u00e1ri \u00e9jszak\u00e1k (j\u00falius 2. - augusztus 31.):<\/strong> 20:00-t\u00f3l 00:00-ig. Keddt\u0151l szombatig.<\/li>\n<li><strong>Felejthetetlen est\u00e9k:<\/strong> Tapasztalja meg az Siam Park-t, mint m\u00e9g soha azel\u0151tt, izgalmas utaz\u00e1sokkal \u00e9s var\u00e1zslatos l\u00e9gk\u00f6rrel.<\/li>\n<\/ul>\n<p>\ud83d\udccd <strong>Helysz\u00edn:<\/strong> Costa Adeje sz\u00edv\u00e9ben tal\u00e1lhat\u00f3, D\u00e9l-Tenerif\u00e9n. K\u00f6nnyen megtal\u00e1l minket a <a href=\"https:\/\/maps.app.goo.gl\/UfftQG3CrqW5R81r9\" target=\"_blank\" rel=\"noopener\">Google Maps<\/a>.<\/p>\n<p>\ud83c\udf92 <strong>Csomagolj egy sz\u00f3rakoztat\u00f3 est\u00e9re:<\/strong> Hozzon mag\u00e1val f\u00fcrd\u0151ruh\u00e1t, t\u00f6r\u00f6lk\u00f6z\u0151t \u00e9s egy k\u00f6nny\u0171 kab\u00e1tot, ha a lovagl\u00e1s ut\u00e1ni h\u0171v\u00f6sre v\u00e1gyik. A szekr\u00e9nyb\u00e9rl\u00e9s mind\u00f6ssze 10\u20ac-\u00e9rt vehet\u0151 ig\u00e9nybe.<\/p>\n<p>\ud83d\udca7 <strong>Maradjon k\u00e9nyelmesen:<\/strong> A v\u00edz 24\u00baC-ra van felmeleg\u00edtve, ami t\u00f6k\u00e9letes az \u00e9jszakai csobban\u00e1sokhoz.<\/p>\n<p>\ud83c\udfab <strong>Rugalmas jegyek:<\/strong> A Siam Night jegye a rendezv\u00e9ny ideje alatt b\u00e1rmelyik nap \u00e9rv\u00e9nyes. Foglaljon az CanaryVIP-n kereszt\u00fcl a legjobb \u00e1rak\u00e9rt \u00e9s a k\u00f6nny\u0171 hozz\u00e1f\u00e9r\u00e9s\u00e9rt.<\/p>\n<p>\ud83c\udf1f <strong>Foglaljon az CanaryVIP-n\u00e9l:<\/strong> Biztos\u00edtsa jegyeit verhetetlen \u00e1ron. Feln\u0151tteknek 45\u20ac, gyerekeknek (3-11 \u00e9ves korig) 32\u20ac. A kisgyermekek ingyenesen l\u00e9phetnek be!<\/p>\n<ul>\n<li><strong>Legjobb \u00e1r garancia:<\/strong> A legjobb aj\u00e1nlatot az CanaryVIP-n kereszt\u00fcl t\u00f6rt\u00e9n\u0151 foglal\u00e1ssal \u00e9rheti el.<\/li>\n<li><strong>Early Bird el\u0151ny:<\/strong> Ker\u00fclje el az \u00e1remelked\u00e9seket, ha most foglal.<\/li>\n<li><strong>Rugalmas lemond\u00e1s:<\/strong> A l\u00e1togat\u00e1s el\u0151tt 48 \u00f3r\u00e1val lemondhatja a teljes \u00f6sszeg visszat\u00e9r\u00edt\u00e9s\u00e9t.<\/li>\n<\/ul>\n<p>\ud83d\udd25 <strong>Ne hagyja ki: Foglaljon most a k\u00fcl\u00f6nleges aj\u00e1nlatok\u00e9rt az CanaryVIP.com-on!<\/strong> K\u00e9sz\u00fclj\u00f6n fel egy felejthetetlen \u00e9jszak\u00e1ra az Siam Park-ben az CanaryVIP-vel. Mer\u00fclj el a f\u00e9nyek, a zene \u00e9s a v\u00edzi hull\u00e1mvasutak vil\u00e1g\u00e1ban!<\/p>\n<h3>\ud83d\udc6f <strong>Ikerjegy-akci\u00f3: Loro Parque + Siam Park<\/strong><\/h3>\n<p>Kombin\u00e1lja kalandjait exkluz\u00edv <a href=\"https:\/\/canaryvip.com\/hu\/shop\/twin-ticket-siam-park-and-loro-parque\/\">Twin Ticket aj\u00e1nlat<\/a>!<\/p>\n<p>Tapasztalja meg az izgalmas Siam Park \u00e9s a var\u00e1zslatos Loro Parque \u00e9lm\u00e9ny\u00e9t kedvezm\u00e9nyes \u00e1ron.<\/p>\n<ul>\n<li><strong>Dupla sz\u00f3rakoz\u00e1s:<\/strong> Egy jegy, k\u00e9t csod\u00e1latos park.<\/li>\n<li><strong>T\u00f6bbet takar\u00edthat meg:<\/strong> \u00c9lvezze mindk\u00e9t l\u00e1tnival\u00f3t alacsonyabb kombin\u00e1lt \u00e1ron.<\/li>\n<li><strong>Z\u00f6kken\u0151mentes \u00e9lm\u00e9ny:<\/strong> Egy v\u00e1s\u00e1rl\u00e1s k\u00e9t felejthetetlen \u00e9lm\u00e9ny\u00e9rt.<\/li>\n<\/ul>\n<p><a href=\"https:\/\/canaryvip.com\/hu\/shop\/twin-ticket-siam-park-and-loro-parque\/\" target=\"_new\" rel=\"noopener\">Kattintson ide, hogy t\u00f6bbet tudjon meg \u00e9s sp\u00f3roljon a Twin Ticket aj\u00e1nlatunkkal!<\/a><\/p>\n<h3>\ud83c\udf9f\ufe0f <strong>Mi\u00e9rt v\u00e1lassza az CanaryVIP-t a Siam Park jegyek\u00e9rt?<\/strong><\/h3>\n<ul>\n<li><strong>K\u00f6nny\u0171 foglal\u00e1s:<\/strong> Biztos\u00edtsa a jegyeket \u00e9s a sz\u00e1ll\u00edt\u00e1st egy menetben.<\/li>\n<li><strong>Exkluz\u00edv aj\u00e1nlatok:<\/strong> M\u00e1shol nem el\u00e9rhet\u0151 aj\u00e1nlatokhoz val\u00f3 hozz\u00e1f\u00e9r\u00e9s.<\/li>\n<li><strong>Dedik\u00e1lt t\u00e1mogat\u00e1s:<\/strong> Csapatunk k\u00e9szs\u00e9ggel \u00e1ll rendelkez\u00e9s\u00e9re, hogy b\u00e1rmilyen k\u00e9rd\u00e9ssel vagy m\u00f3dos\u00edt\u00e1ssal kapcsolatban seg\u00edts\u00e9get ny\u00fajtson.<\/li>\n<\/ul>\n<p><strong>\ud83d\udd17 Fedezze fel az Siam Park-t k\u00e9nyelemmel \u00e9s k\u00f6nnyed\u00e9n!<\/strong><br \/>\nAz CanaryVIP elk\u00f6telezett azir\u00e1nt, hogy az Siam Park l\u00e1togat\u00e1sa a lehet\u0151 leg\u00e9lvezetesebb \u00e9s legprobl\u00e9mamentesebb legyen. A k\u00e9nyelmes transzferekt\u0151l kezdve az exkluz\u00edv jegyaj\u00e1nlatokig, mi gondoskodunk \u00d6nr\u0151l. K\u00e9sz\u00fclj\u00f6n fel egy rendk\u00edv\u00fcli \u00e9jszak\u00e1ra az Siam Park-ben az CanaryVIP seg\u00edts\u00e9g\u00e9vel!<\/p>\n<h3>\ud83c\udf1f <strong>Tapasztalja meg a Szi\u00e1mi \u00e9jszak\u00e1t - GYIK<\/strong><\/h3>\n<ul>\n<li><strong>M\u0171k\u00f6d\u00e9si id\u0151:<\/strong> 20:00-t\u00f3l 00:00-ig. Keddt\u0151l szombatig (j\u00falius 2. - augusztus 31.).<\/li>\n<li><strong>Jegy\u00e1rak:<\/strong> 45\u20ac feln\u0151tteknek, 32\u20ac gyerekeknek (3-11 \u00e9ves korig).<\/li>\n<li><strong>Gyermekfelv\u00e9tel:<\/strong> Igen, de 16 \u00e9v alatti gyermekek csak feln\u0151tt k\u00eds\u00e9ret\u00e9ben vehetnek r\u00e9szt.<\/li>\n<li><strong>Minden l\u00e1tnival\u00f3 nyitva:<\/strong> Az \u00f6sszes nagyobb hull\u00e1mvas\u00fat, kiv\u00e9ve a kisebb gyerekeknek sz\u00e1ntakat.<\/li>\n<li><strong>H\u0151m\u00e9rs\u00e9klet:<\/strong> A v\u00edz 24\u00baC-ra van felmeleg\u00edtve, de hozzon mag\u00e1val kab\u00e1tot a lovagl\u00e1s ut\u00e1nra.<\/li>\n<li><strong>Hangulat:<\/strong> \u00c9l\u0151 DJ-zene, t\u00f6k\u00e9letes bar\u00e1ti t\u00e1rsas\u00e1gok sz\u00e1m\u00e1ra.<\/li>\n<li><strong>Lemond\u00e1si felt\u00e9telek:<\/strong> Ingyenes lemond\u00e1s a l\u00e1togat\u00e1s el\u0151tt 72 \u00f3r\u00e1val.<\/li>\n<\/ul>\n<p>K\u00e9sz\u00fclj fel egy izgalmas \u00e9jszak\u00e1ra a csillagok alatt az Siam Park-n\u00e9l az CanaryVIP-vel!<\/p>","protected":false},"excerpt":{"rendered":"<p><strong>\ud83d\udd0d Siam Park bel\u00e9p\u0151jegyek:<\/strong><br \/>\n\u2705 Biztons\u00e1gos fizet\u00e9s.<br \/>\n\ud83d\udd59 Nyitva 20:00-t\u00f3l 00:00-ig.<br \/>\n\ud83c\udf05 Csak ny\u00e1ron.<br \/>\n\ud83d\udca6 24\u00baC-ra meleg\u00edtett v\u00edz.<br \/>\n\ud83c\udf0a Hozz\u00e1f\u00e9r\u00e9s az \u00f6sszes izgalmas lovagl\u00e1shoz.<br \/>\n\ud83d\udcaf Eur\u00f3pa legjobb v\u00edzi parkja.<br \/>\n\ud83e\udd11 Garant\u00e1ltan legjobb \u00e1r.<br \/>\n\ud83d\udc6a Kedvezm\u00e9nyek csoportos foglal\u00e1sok eset\u00e9n.<br \/>\n\ud83d\udd01 72 \u00f3r\u00e1ig T\u00f6rl\u00e9s.<br \/>\n\ud83c\udf0d T\u00e1mogat\u00e1s t\u00f6bb nyelven.<br \/>\n\ud83c\udf1f Foglaljon most \u00e9s sp\u00f3roljon!<br \/>\n2\ufe0f\u20e3 Ellen\u0151rizze az aj\u00e1nlatot <a href=\"https:\/\/canaryvip.com\/hu\/shop\/twin-ticket-siam-park-and-loro-parque\/\">Siam + Loro Parque<\/a>.<br \/>\n\ud83d\udc32 Fedezd fel <a href=\"https:\/\/canaryvip.com\/hu\/tenerife\/theme-parks\/siam-park-tickets\/\">minden Siam Park jegyek itt<\/a>!<br \/>\n\ud83d\udccd Tal\u00e1ld meg <a href=\"https:\/\/maps.app.goo.gl\/UfftQG3CrqW5R81r9\">Siam Park a Google Maps-en<\/a>!<\/p>","protected":false},"featured_media":12151,"comment_status":"open","ping_status":"closed","template":"","meta":{"_acf_changed":false},"product_brand":[],"product_cat":[54,55],"product_tag":[],"class_list":{"0":"post-12147","1":"product","2":"type-product","3":"status-publish","4":"has-post-thumbnail","6":"product_cat-theme-parks","7":"product_cat-siam-park-tickets","8":"wcpa_has_options","10":"first","11":"instock","12":"virtual","13":"purchasable","14":"product-type-simple"},"acf":[],"wcpa_form_fields":{"wcpaData":{"product":{"product_price":48,"price_html":"From&nbsp;<span class=\"woocommerce-Price-amount amount\"><bdi>48,00&nbsp;<span class=\"woocommerce-Price-currencySymbol\">&euro;<\/span><\/bdi><\/span>","original_product_price":48,"price_including_tax":48,"price_excluding_tax":48,"product_id":{"parent":12147,"variation":false},"is_variable":false,"stock_status":"instock","stock_quantity":null,"parent_sku":"CV12147","product_attributes":[],"custom_fields":[],"is_taxable":false,"product_name":"Buy Siam Night Tickets","hasImage":false},"fields":{"sec_1066827b72b689a":{"extra":{"key":"sec_1066827b72b689a","section_id":"sec_1066827b72b689a","name":"Default","status":1,"cl_rule":"show","enableCl":false,"relations":[],"toggle":true,"title_tag":"h3","show_title":false,"showPrice":"default","form_id":12152,"form_rules":{"exclude_from_discount":true,"fee_label":"Fee","disp_hide_options_price":true,"disp_show_section_price":false,"disp_show_field_price":true,"layout_option":"standard","pric_use_as_fee":false,"process_fee_as":"woo_fee"},"layout_option":"standard"},"fields":[[{"label":"\ud83d\udcc5 Date","active":true,"required":true,"elementId":"date_066827b72b68b9","picker_type":"custom","picker_mode":"single","placeholder":"","description":"","tooltip":"","name":"date_066827b72b68b9","label_position":"default","desc_position":"default","enablePrice":false,"className":"","enableCl":false,"relations":[{"operator":"and","rules":[{"operator":"AND","rules":{"cl_field":"radio-group_666827b72b68c8","cl_relation":"is","cl_val":"3 Hour Trip"}}]}],"date_pic_inline":true,"date_pic_inline_hide":true,"min_date":{"type":"date","val":"2025-07-01"},"max_date":{"type":"date","val":"2025-08-31"},"date_pic_conf":{"disabledWeeks":[1,0],"enabledDates":[]},"price":"","cl_rule":"show","col":6,"type":"date","error":false,"enableDesign":false,"LabelColor":"","gt_translate_keys":["label","placeholder","description","tooltip"],"price_dependency":false,"cl_dependency":false,"value":""}]]},"sec_166827b72b68c9":{"extra":{"key":"sec_166827b72b68c9","section_id":"sec_166827b72b68c9","name":"Siam Park Regular Tickets","status":1,"cl_rule":"show","enableCl":false,"relations":[{"operator":false,"rules":[{"operator":"AND","rules":{"cl_field":"radio-group_666827b72b68c8","cl_relation":"is","cl_val":"Siam Park Regular Tickets"}}]}],"toggle":true,"title_tag":"h4","show_title":false,"showPrice":"default","layout_option":"standard","form_id":12152,"form_rules":{"exclude_from_discount":true,"fee_label":"Fee","disp_hide_options_price":true,"disp_show_section_price":false,"disp_show_field_price":true,"layout_option":"standard","pric_use_as_fee":false,"process_fee_as":"woo_fee"}},"fields":[[{"elementId":"separator_266827b72b68d5","separatorType":"blank","className":"","height":"10","enableCl":false,"relations":false,"cl_rule":"show","col":6,"type":"separator","gt_translate_keys":[],"price_dependency":false,"cl_dependency":false,"value":""}],[{"active":true,"col":6,"relations":false,"cl_rule":"show","enableCl":false,"price":"","enablePrice":false,"className":"","label_position":"default","desc_position":"default","type":"content","required":false,"elementId":"content_166827b72b68e0","label":"People","name":"content_166827b72b68e0","contentType":"plain","value":"","error":false,"show_in_checkout":true,"inline":false,"gt_translate_keys":["label","value"],"price_dependency":false,"cl_dependency":false}],[{"label":"","active":true,"required":false,"elementId":"radio-group_366827b72b68f5","name":"radio-group_366827b72b68f5","label_position":"default","desc_position":"default","enablePrice":true,"className":"","enableCl":false,"relations":[{"operator":false,"rules":[{"operator":"or","rules":{"cl_field":"date_066827b72b68b9","cl_relation":"month_is","cl_val":[1,2,3,4,5,6,10,11,12,9]}},{"operator":"AND","rules":{"cl_field":"date_066827b72b68b9","cl_relation":"is_empty","cl_val":""}}]}],"enable_quantity":true,"quantity_label":"","min_quantity":"0","checkUi":"button","layOut":"","options_tooltip":true,"options_description":true,"values":[{"label":"\ud83d\udc64 Adult (48\u20ac)","value":"Adult","selected":true,"tempId":"aco_32","tooltip":"+12 Years","description":"","gt_translate_keys":["label","tooltip","description"]}],"priceOptions":"fixed_for_all","pricingType":"fixed","price":"48","cl_rule":"hide","col":6,"type":"radio-group","error":false,"gt_translate_keys":["label","quantity_label"],"price_dependency":false,"cl_dependency":false,"value":""}],[{"label":"","active":true,"required":false,"elementId":"radio-group_166827b72b690a","name":"radio-group_166827b72b690a","label_position":"default","desc_position":"default","enablePrice":true,"className":"","enableCl":false,"relations":[{"operator":false,"rules":[{"operator":"or","rules":{"cl_field":"date_066827b72b68b9","cl_relation":"month_is","cl_val":[1,2,3,4,5,6,9,10,11,12]}},{"operator":"AND","rules":{"cl_field":"date_066827b72b68b9","cl_relation":"is_empty","cl_val":""}}]}],"enable_quantity":true,"quantity_label":"","min_quantity":"0","checkUi":"button","layOut":"","options_tooltip":true,"options_description":true,"values":[{"label":"\ud83d\udc66 Child (36\u20ac)","value":"Child","selected":true,"tempId":"aco_32","tooltip":"2-11 Years","description":"","gt_translate_keys":["label","tooltip","description"]}],"priceOptions":"fixed_for_all","pricingType":"fixed","price":"36","cl_rule":"hide","col":6,"type":"radio-group","error":false,"gt_translate_keys":["label","quantity_label"],"price_dependency":false,"cl_dependency":false,"value":""}],[{"label":"","active":true,"required":false,"elementId":"radio-group_866827b72b6914","name":"radio-group_866827b72b6914","label_position":"default","desc_position":"default","enablePrice":true,"className":"","enableCl":false,"relations":false,"enable_quantity":true,"quantity_label":"","min_quantity":"0","checkUi":"button","layOut":"","values":[{"label":"\ud83d\udc76 Infant (Free)","value":"Infant (Free)","selected":true,"tempId":"aco_32","tooltip":"0-1 Years","gt_translate_keys":["label","tooltip"]}],"priceOptions":"fixed_for_all","pricingType":"fixed","price":"0","cl_rule":"show","col":6,"type":"radio-group","error":false,"options_tooltip":true,"gt_translate_keys":["label","quantity_label"],"price_dependency":false,"cl_dependency":false,"value":""}]]}},"config":{"price_override":"always","enable_recaptcha":false,"bind_quantity":false,"quantity_bind_formula":false,"disp_summ_show_option_price":true,"disp_summ_show_product_price":false,"disp_summ_show_total_price":true,"disp_summ_show_fee":true,"disp_summ_show_discount":true,"summary_title":"","options_total_label":"Options Price","total_label":"Total Amount","options_product_label":"Product Price","fee_label":"Fee","discount_label":"Discount","has_price":true,"has_quantity_formula":false},"mc_unit":1,"tax_rate":1,"tax_rate_real":1,"discount":{"percentage":0,"fixed":0},"design":{"conf":{"LabelPosition":"above","DescPosition":"above","UploadField":"custom_1","QuantityFieldStyle":"custom_1"},"css":{"LeftLabelWidth":"120px"}},"formulas":[],"lookuptables":[],"clones":false,"cartKey":false}},"_links":{"self":[{"href":"https:\/\/canaryvip.com\/hu\/wp-json\/wp\/v2\/product\/12147","targetHints":{"allow":["GET"]}}],"collection":[{"href":"https:\/\/canaryvip.com\/hu\/wp-json\/wp\/v2\/product"}],"about":[{"href":"https:\/\/canaryvip.com\/hu\/wp-json\/wp\/v2\/types\/product"}],"replies":[{"embeddable":true,"href":"https:\/\/canaryvip.com\/hu\/wp-json\/wp\/v2\/comments?post=12147"}],"wp:featuredmedia":[{"embeddable":true,"href":"https:\/\/canaryvip.com\/hu\/wp-json\/wp\/v2\/media\/12151"}],"wp:attachment":[{"href":"https:\/\/canaryvip.com\/hu\/wp-json\/wp\/v2\/media?parent=12147"}],"wp:term":[{"taxonomy":"product_brand","embeddable":true,"href":"https:\/\/canaryvip.com\/hu\/wp-json\/wp\/v2\/product_brand?post=12147"},{"taxonomy":"product_cat","embeddable":true,"href":"https:\/\/canaryvip.com\/hu\/wp-json\/wp\/v2\/product_cat?post=12147"},{"taxonomy":"product_tag","embeddable":true,"href":"https:\/\/canaryvip.com\/hu\/wp-json\/wp\/v2\/product_tag?post=12147"}],"curies":[{"name":"wp","href":"https:\/\/api.w.org\/{rel}","templated":true}]}}