{"id":11971,"date":"2024-06-22T22:45:14","date_gmt":"2024-06-22T21:45:14","guid":{"rendered":"https:\/\/canaryvip.com\/?post_type=product&#038;p=11971"},"modified":"2025-08-09T14:04:29","modified_gmt":"2025-08-09T13:04:29","slug":"silvia-yacht-charter-gran-canaria","status":"publish","type":"product","link":"https:\/\/canaryvip.com\/hu\/shop\/silvia-yacht-charter-gran-canaria\/","title":{"rendered":"Silvia: Yacht Charter<br\/>Gran Canaria"},"content":{"rendered":"<h2>\ud83d\udee5\ufe0f Silvia Yacht Charter Gran Canaria CanaryVIP-vel<\/h2>\n<p>Fedezze fel a Kan\u00e1ri-szigetek var\u00e1zslat\u00e1t a <strong>Silvia Yacht Charter<\/strong>, egy exkluz\u00edv \u00e9s luxus m\u00f3dja Gran Canaria leny\u0171g\u00f6z\u0151 tengerpartj\u00e1nak felfedez\u00e9s\u00e9hez. Ez az eleg\u00e1ns, ak\u00e1r 8 vend\u00e9g befogad\u00e1s\u00e1ra is alkalmas sz\u00e1ll\u00e1shely <strong>mag\u00e1nhaj\u00f3 b\u00e9rl\u00e9s Gran Canaria<\/strong> t\u00f6k\u00e9letes menek\u00fcl\u00e9si lehet\u0151s\u00e9get k\u00edn\u00e1l kis csoportok sz\u00e1m\u00e1ra, akik kikapcsol\u00f3d\u00e1sra, kalandra \u00e9s felejthetetlen eml\u00e9kekre v\u00e1gynak.<\/p>\n<p>Az CanaryVIP-n\u00e9l megk\u00f6nny\u00edtj\u00fck \u00d6nnek, hogy \u00e9lvezhesse ezt a lehet\u0151s\u00e9get. <strong>jacht b\u00e9rl\u00e9s Gran Canaria<\/strong> z\u00f6kken\u0151mentes foglal\u00e1si folyamat \u00e9s kiv\u00e9teles kiszolg\u00e1l\u00e1s.<\/p>\n<h3>\u2b50\ufe0f Mi\u00e9rt v\u00e1lassza a Silvia Yacht Charter-t Gran Canari\u00e1n?<\/h3>\n<p>Itt van, mi\u00e9rt a <strong>Silvia Yacht Charter<\/strong> az egyik legjobb v\u00e1laszt\u00e1s a k\u00f6vetkez\u0151 kalandhoz:<\/p>\n<h4><strong>Priv\u00e1t \u00e9s exkluz\u00edv \u00e9lm\u00e9ny<\/strong><\/h4>\n<p>A 8 f\u0151 befogad\u00f3k\u00e9pess\u00e9g\u00e9vel ez a priv\u00e1t jacht t\u00f6k\u00e9letes a meghitt \u00f6sszej\u00f6vetelekhez, legyen sz\u00f3 csal\u00e1di kir\u00e1ndul\u00e1sr\u00f3l, romantikus menek\u00fcl\u00e9sr\u0151l vagy k\u00fcl\u00f6nleges \u00fcnnepl\u00e9sr\u0151l.<\/p>\n<h4><strong>K\u00e9nyelem \u00e9s kifinomults\u00e1g<\/strong><\/h4>\n<p>Pihenjen a t\u00e1gas, 13 m\u00e9teres jachton, amely j\u00f3l karbantartott \u00e9s eleg\u00e1ns bels\u0151 t\u00e9rrel rendelkezik. \u00c9lvezze a panor\u00e1m\u00e1t a szalonb\u00f3l, laz\u00edtson a fed\u00e9lzeten, vagy \u00e9lvezze a naps\u00fct\u00e9st, mik\u00f6zben Gran Canaria partjainak l\u00e9legzetel\u00e1ll\u00edt\u00f3 sz\u00e9ps\u00e9ge veszi k\u00f6r\u00fcl.<\/p>\n<h4><strong>Izgalmas v\u00edzi tev\u00e9kenys\u00e9gek<\/strong><\/h4>\n<p>Az \u00d6n <strong>haj\u00f3b\u00e9rl\u00e9s Gran Canaria<\/strong> rengeteg lehet\u0151s\u00e9ggel rendelkezik, hogy sz\u00f3rakoztasson:<\/p>\n<ul>\n<li><strong>\ud83e\udd3f Snorkeling felszerel\u00e9s:<\/strong> Fedezze fel a v\u00edz alatti vil\u00e1got a mell\u00e9kelt maszkkal \u00e9s uszonyokkal.<\/li>\n<li><strong>\ud83c\udf4c Ban\u00e1ncs\u00f3nak\u00e1z\u00e1s:<\/strong> Tegye izgalmasabb\u00e1 a napj\u00e1t egy ingyenes ban\u00e1nhaj\u00f3-t\u00far\u00e1val.<\/li>\n<li><strong>\ud83c\udfc4\u200d\u2640\ufe0f Paddle Board haszn\u00e1lata:<\/strong> Pr\u00f3b\u00e1lja ki a stand-up paddleboardingot, amely sz\u00f3rakoztat\u00f3 \u00e9s pihentet\u0151 m\u00f3dja a nyugodt vizek \u00e9lvezet\u00e9nek.<\/li>\n<li>A teljes kalandhoz tov\u00e1bbi v\u00edzi sportokra is ig\u00e9nybe vehet\u0151ek kedvezm\u00e9nyek.<\/li>\n<\/ul>\n<h3>\ud83d\udea4 Silvia Yacht Utaz\u00e1si lehet\u0151s\u00e9gek<\/h3>\n<p>V\u00e1lasszon k\u00e9tf\u00e9le id\u0151tartam\u00fa utaz\u00e1s k\u00f6z\u00fcl, hogy megfeleljen az \u00d6n id\u0151beoszt\u00e1s\u00e1nak \u00e9s preferenci\u00e1inak:<\/p>\n<ul>\n<li><strong>3 \u00f3r\u00e1s mag\u00e1n charter:<\/strong> R\u00f6vid, m\u00e9gis f\u00e9ny\u0171z\u0151 kiruccan\u00e1s, rengeteg id\u0151vel az \u00fasz\u00e1sra, b\u00fav\u00e1rkod\u00e1sra \u00e9s pihen\u00e9sre.\n<ul>\n<li>Indul\u00e1si id\u0151k: 09:00-12:00, 12:00-15:00, vagy 15:00-18:00.<\/li>\n<\/ul>\n<\/li>\n<li><strong>6 \u00f3r\u00e1s mag\u00e1n charter:<\/strong> Egy hosszabb utaz\u00e1s, hogy teljesen elmer\u00fclj\u00f6n Gran Canaria term\u00e9szeti sz\u00e9ps\u00e9g\u00e9ben.\n<ul>\n<li>Indul\u00e1si id\u0151k: 09:00-15:00, 12:00-18:00 vagy 15:00-21:00 (csak a ny\u00e1ri szezonban).<\/li>\n<\/ul>\n<\/li>\n<\/ul>\n<h3>\ud83e\udd42 Mit tartalmaz a Yacht Charter?<\/h3>\n<p>Az \u00d6n <strong>jacht b\u00e9rl\u00e9s Gran Canaria<\/strong> \u00e9lm\u00e9ny mindent tartalmaz, amire sz\u00fcks\u00e9ge lehet egy eml\u00e9kezetes naphoz a tengeren:<\/p>\n<ul>\n<li>R\u00e1gcs\u00e1lnival\u00f3k, p\u00e9ld\u00e1ul chips \u00e9s di\u00f3f\u00e9l\u00e9k.<\/li>\n<li>Italok a nyitott b\u00e1rb\u00f3l, bele\u00e9rtve s\u00f6rt, \u00fcd\u00edt\u0151ket \u00e9s vizet.<\/li>\n<li>Snorkeling felszerel\u00e9s, paddleboard haszn\u00e1lat \u00e9s ingyenes ban\u00e1nhaj\u00f3z\u00e1s.<\/li>\n<li>Sz\u00e1ll\u00edt\u00e1s a Gran Canaria d\u00e9li r\u00e9sz\u00e9n tal\u00e1lhat\u00f3 sz\u00e1llod\u00e1kba \u00e9s vissza (ha ig\u00e9nyli).<\/li>\n<li>Biztos\u00edt\u00e1s az \u00d6n nyugalm\u00e1\u00e9rt.<\/li>\n<li>Fakultat\u00edv eb\u00e9d (10 \u20ac\/f\u0151, foglal\u00e1skor k\u00e9rhet\u0151).<\/li>\n<\/ul>\n<h3>\ud83d\udccd Indul\u00e1s r\u00e9szletei<\/h3>\n<ul>\n<li><strong>Helysz\u00edn:<\/strong> <a href=\"https:\/\/maps.app.goo.gl\/Xhe545W98um3rx6W8\" target=\"_blank\" rel=\"noopener\">Puerto de Mog\u00e1n<\/a>, Gran Canaria.<\/li>\n<li><strong>K\u00f6zleked\u00e9s:<\/strong> A tov\u00e1bbi k\u00e9nyelem \u00e9rdek\u00e9ben opcion\u00e1lis \u00e1tv\u00e9teli szolg\u00e1ltat\u00e1s is rendelkez\u00e9sre \u00e1ll.<\/li>\n<li><strong>Times:<\/strong> Napi t\u00f6bbsz\u00f6ri indul\u00e1s az \u00d6n menetrendj\u00e9hez igazodva.<\/li>\n<\/ul>\n<h3>\u2705 \u00c1tl\u00e1that\u00f3 lemond\u00e1si felt\u00e9telek<\/h3>\n<p>Az egy\u00e9rtelm\u0171 \u00e9s rugalmas lemond\u00e1si szab\u00e1lyokkal az \u00d6n nyugalm\u00e1t helyezz\u00fck el\u0151t\u00e9rbe:<\/p>\n<ul>\n<li><strong>Id\u0151j\u00e1r\u00e1si garancia:<\/strong> Bizonytalan id\u0151j\u00e1r\u00e1s eset\u00e9n \u00e1t\u00fctemezheti a programot, vagy teljes visszat\u00e9r\u00edt\u00e9st kaphat.<\/li>\n<li><strong>Rugalmas lemond\u00e1sok:<\/strong> Az utaz\u00e1s el\u0151tt legfeljebb 8 nappal ingyenesen lemondhatja vagy \u00e1t\u00fctemezheti a foglal\u00e1st. A tervezett indul\u00e1st\u00f3l sz\u00e1m\u00edtott 8 napon bel\u00fcli lemond\u00e1s eset\u00e9n az el\u0151leg nem t\u00e9r\u00edthet\u0151 vissza.<\/li>\n<\/ul>\n<h3>\ud83d\udc68\u200d\u2708\ufe0f Tippek a Silvia Yacht kalandj\u00e1hoz<\/h3>\n<p>Az al\u00e1bbi tippekkel maximaliz\u00e1lhatja a tengeren t\u00f6lt\u00f6tt napj\u00e1t:<\/p>\n<ul>\n<li>Hozzon mag\u00e1val f\u00fcrd\u0151ruh\u00e1t, t\u00f6r\u00f6lk\u00f6z\u0151t \u00e9s naptejet.<\/li>\n<li>Az id\u0151j\u00e1r\u00e1snak megfelel\u0151, k\u00e9nyelmes ruh\u00e1zatot viseljen.<\/li>\n<li>K\u00e9sz\u00edtse el\u0151 az CanaryVIP jegy\u00e9t, ak\u00e1r telefonon, ak\u00e1r kinyomtatva.<\/li>\n<li>El\u0151z\u0151leg egy k\u00f6nny\u0171 \u00e9tkez\u00e9st fogyasszon, hogy elker\u00fclje a tengeribetegs\u00e9get.<\/li>\n<\/ul>\n<h3>\ud83c\udf1f Mi\u00e9rt foglaljon az CanaryVIP-vel?<\/h3>\n<p>Az CanaryVIP-n\u00e9l szenved\u00e9ly\u00fcnk, hogy felejthetetlen \u00e9lm\u00e9nyeket teremts\u00fcnk a v\u00edzen. Ak\u00e1r keres egy <strong>luxus jacht Gran Canaria<\/strong> vagy egy vid\u00e1m kaland, mi a legjobbat k\u00edn\u00e1ljuk a <a href=\"https:\/\/canaryvip.com\/hu\/shop\/magic-island-yacht-charter-gran-canaria\/\"><strong>haj\u00f3b\u00e9rl\u00e9s Gran Canaria<\/strong><\/a> lehet\u0151s\u00e9gek, az \u00d6n ig\u00e9nyeihez igaz\u00edtva.<\/p>\n<p>Foglalja le a <strong>Silvia Yacht Charter<\/strong> m\u00e9g ma, \u00e9s induljon el a kikapcsol\u00f3d\u00e1s, a kaland \u00e9s a l\u00e9legzetel\u00e1ll\u00edt\u00f3 kil\u00e1t\u00e1s \u00fatj\u00e1ra.<\/p>\n<p>\ud83d\udc49 <a href=\"https:\/\/canaryvip.com\/hu\/\" target=\"_new\" rel=\"noopener\"><span>Tartal\u00e9k<\/span><span> Most<\/span><\/a> \u00e9s emelje a nyaral\u00e1s \u00e9lm\u00e9ny\u00e9t!<\/p>","protected":false},"excerpt":{"rendered":"<p><strong>\ud83d\udd0d Magic Island Gran Canaria:<\/strong><br \/>\n\u2705 Biztons\u00e1gos fizet\u00e9s.<br \/>\n\ud83d\udd10 Priv\u00e1t t\u00far\u00e1k.<br \/>\n\ud83d\udee5\ufe0f 13m Yacht Comfort.<br \/>\n\u23f3 Napi t\u00far\u00e1k a 3H &amp; 6H-ban.<br \/>\n\ud83d\udd59 K\u00fcl\u00f6nb\u00f6z\u0151 indul\u00e1si id\u0151k.<br \/>\n\ud83d\udc65 Legfeljebb 12 vend\u00e9g.<br \/>\n\ud83e\udd3f Snorkel felszerel\u00e9s biztos\u00edtott.<br \/>\n\ud83d\ude8c Felv\u00e9tel \u00e9s lead\u00e1s.<br \/>\n\ud83e\udd11 Garant\u00e1ltan legjobb \u00e1r.<br \/>\n\ud83d\udc6a Kedvezm\u00e9nyek aktiv\u00e1lva.<br \/>\n\ud83d\udd01 Ak\u00e1r 8 napos lemond\u00e1s.<br \/>\n\ud83c\udf0d T\u00f6bbnyelv\u0171 leg\u00e9nys\u00e9g.<br \/>\n\ud83c\udf1f Foglaljon kor\u00e1n \u00e9s takar\u00edtson meg!<br \/>\n\ud83d\udccd Indul\u00e1s a <a href=\"https:\/\/maps.app.goo.gl\/4TJkgAg6UBpnsyhm9\">Puerto de Mog\u00e1n<\/a>.<\/p>","protected":false},"featured_media":12219,"comment_status":"open","ping_status":"closed","template":"","meta":{"_acf_changed":false},"product_brand":[],"product_cat":[132],"product_tag":[],"class_list":{"0":"post-11971","1":"product","2":"type-product","3":"status-publish","4":"has-post-thumbnail","6":"product_cat-boat-hire-gran-canaria","7":"wcpa_has_options","9":"first","10":"instock","11":"virtual","12":"purchasable","13":"product-type-simple"},"acf":[],"wcpa_form_fields":{"wcpaData":{"product":{"product_price":450,"price_html":"From&nbsp;<span class=\"woocommerce-Price-amount amount\"><bdi>450,00&nbsp;<span class=\"woocommerce-Price-currencySymbol\">&euro;<\/span><\/bdi><\/span>","original_product_price":450,"price_including_tax":450,"price_excluding_tax":450,"product_id":{"parent":11971,"variation":false},"is_variable":false,"stock_status":"instock","stock_quantity":null,"parent_sku":"CV11971","product_attributes":[],"custom_fields":[],"is_taxable":false,"product_name":"Silvia: Yacht Charter<br\/>Gran Canaria","hasImage":false},"fields":{"sec_26687d4f04b1a4":{"extra":{"key":"sec_26687d4f04b1a4","section_id":"sec_26687d4f04b1a4","name":"Default","status":1,"cl_rule":"show","enableCl":false,"relations":[],"toggle":true,"title_tag":"h3","show_title":false,"showPrice":"default","form_id":12255,"form_rules":{"exclude_from_discount":true,"fee_label":"Fee","disp_hide_options_price":true,"disp_show_section_price":false,"disp_show_field_price":true,"layout_option":"standard","pric_use_as_fee":false,"process_fee_as":"woo_fee"},"layout_option":"standard"},"fields":[[{"label":"\ud83d\udcc5 Date","active":true,"required":true,"elementId":"date_106687d4f04b1c4","picker_type":"custom","picker_mode":"single","placeholder":"","description":"","tooltip":"","name":"date_106687d4f04b1c4","label_position":"default","desc_position":"default","enablePrice":false,"className":"","enableCl":false,"relations":[{"operator":"and","rules":[{"operator":"AND","rules":{"cl_field":"radio-group_565c78ffa81208","cl_relation":"is","cl_val":"3 Hour Trip"}}]}],"date_pic_inline":true,"date_pic_inline_hide":true,"min_date":{"type":"days","val":"2"},"max_date":{"type":"days","val":"365"},"date_pic_conf":{"disabledWeeks":[]},"price":"","cl_rule":"show","col":6,"type":"date","error":false,"enableDesign":false,"LabelColor":"","gt_translate_keys":["label","placeholder","description","tooltip"],"price_dependency":false,"cl_dependency":false,"value":""}],[{"elementId":"separator_76687d4f04b1e0","separatorType":"blank","className":"","height":"3","enableCl":false,"relations":false,"cl_rule":"show","col":6,"type":"separator","error":false,"gt_translate_keys":[],"price_dependency":false,"cl_dependency":false,"value":""}],[{"active":true,"col":6,"relations":false,"cl_rule":"show","enableCl":false,"price":"","enablePrice":true,"className":"","label_position":"default","desc_position":"default","type":"select","required":true,"elementId":"select_96687d4f04b1ea","label":"\u23f3 Trip Duration","name":"select_96687d4f04b1ea","values":[{"label":"3 Hours (450\u20ac)","value":"3","selected":false,"tempId":"aco_556","price":"450","gt_translate_keys":["label"]},{"label":"6 Hours (800\u20ac)","value":"6","selected":false,"tempId":"aco_122","price":"800","gt_translate_keys":["label"]}],"dropdown_type":"basic","error":false,"placeholder":"Select Trip Duration","priceOptions":"different_for_all","pricingType":"fixed","is_show_price":false,"gt_translate_keys":["label","placeholder"],"price_dependency":false,"cl_dependency":false,"value":""}],[{"label":"\u2705 Number of People","active":true,"required":true,"elementId":"select_86687d4f04b1f4","dropdown_type":"basic","placeholder":"Select Number of People","name":"select_86687d4f04b1f4","label_position":"default","desc_position":"default","enablePrice":false,"className":"","enableCl":false,"relations":[{"operator":false,"rules":[{"operator":"AND","rules":{"cl_field":"radio-group_565c78ffa81208","cl_relation":"is","cl_val":"3 Hour Trip"}}]}],"values":[{"label":"1 person","value":"1","selected":false,"tempId":"aco_1471","price":"0","gt_translate_keys":["label"]},{"label":"2 people","value":"2","selected":false,"tempId":"aco_1472","price":"0","gt_translate_keys":["label"]},{"label":"3 people","value":"3","selected":false,"tempId":"aco_1500","price":"0","gt_translate_keys":["label"]},{"label":"4 people","value":"4","selected":false,"tempId":"aco_1510","price":"0","gt_translate_keys":["label"]},{"label":"5 people","value":"5","selected":false,"tempId":"aco_1520","price":"0","gt_translate_keys":["label"]},{"label":"6 people","value":"6","selected":false,"tempId":"aco_1728","price":"0","gt_translate_keys":["label"]},{"label":"7 people","value":"7","selected":false,"tempId":"aco_1738","price":"0","gt_translate_keys":["label"]},{"label":"8 people","value":"8","selected":false,"tempId":"aco_1748","price":"0","gt_translate_keys":["label"]}],"price":"","cl_rule":"show","col":6,"type":"select","error":false,"priceOptions":"different_for_all","pricingType":"fixed","is_show_price":false,"gt_translate_keys":["label","placeholder"],"price_dependency":["select_86687d4f04b1fe"],"cl_dependency":false,"value":""}],[{"active":true,"col":6,"relations":false,"cl_rule":"show","enableCl":false,"price":"","enablePrice":true,"className":"","label_position":"default","desc_position":"default","type":"select","required":false,"elementId":"select_86687d4f04b1fe","label":"\ud83c\udf57 Meal (+10\u20ac\/person)","name":"select_86687d4f04b1fe","values":[{"label":"No","value":"No","selected":false,"tempId":"aco_2562","price":"","gt_translate_keys":["label"]},{"label":"Yes (+10\u20ac\/person)","value":"Yes","selected":false,"tempId":"aco_2563","price":"{field.select_86687d4f04b1f4.value}*10","gt_translate_keys":["label"]}],"dropdown_type":"basic","error":false,"description":"Snacks and drinks are included. If you want an extra meal, please select this option. The meal is marinated chicken with mojo potatoes and coleslaw.","priceOptions":"different_for_all","pricingType":"custom","isTemplate":false,"is_show_price":true,"gt_translate_keys":["label","description"],"price_dependency":false,"cl_dependency":false,"value":""}]]},"sec_106687d4f04b227":{"extra":{"key":"sec_106687d4f04b227","section_id":"sec_106687d4f04b227","name":"Pickup Location","status":1,"cl_rule":"show","enableCl":false,"relations":[],"toggle":true,"title_tag":"h4","show_title":false,"showPrice":"default","form_id":12255,"form_rules":{"exclude_from_discount":true,"fee_label":"Fee","disp_hide_options_price":true,"disp_show_section_price":false,"disp_show_field_price":true,"layout_option":"standard","pric_use_as_fee":false,"process_fee_as":"woo_fee"},"layout_option":"standard"},"fields":[[{"elementId":"separator_16687d4f04b232","separatorType":"blank","className":"","height":"3","enableCl":false,"relations":false,"cl_rule":"show","col":6,"type":"separator","error":false,"gt_translate_keys":[],"price_dependency":false,"cl_dependency":false,"value":""}],[{"active":true,"col":6,"relations":[{"operator":false,"rules":[{"operator":"AND","rules":{"cl_field":"radio-group_565c78ffa81208","cl_relation":"is","cl_val":"3 Hour Trip"}}]}],"cl_rule":"show","enableCl":false,"price":"","enablePrice":false,"className":"","label_position":"default","desc_position":"default","type":"select","required":false,"elementId":"select_66687d4f04b23c","label":"\u23f0 Departure","name":"select_66687d4f04b23c","values":[{"label":"09:00","value":"09:00","selected":false,"tempId":"aco_1471","gt_translate_keys":["label"]},{"label":"12:00","value":"12:00","selected":false,"tempId":"aco_1510","gt_translate_keys":["label"]},{"label":"15:00","value":"15:00","selected":false,"tempId":"aco_1738","gt_translate_keys":["label"]}],"dropdown_type":"basic","error":false,"placeholder":"Whichever Time is Best","gt_translate_keys":["label","placeholder"],"price_dependency":false,"cl_dependency":false,"value":""}],[{"elementId":"separator_86687d4f04b246","separatorType":"blank","className":"","height":"1","enableCl":false,"relations":false,"cl_rule":"show","col":6,"type":"separator","gt_translate_keys":[],"price_dependency":false,"cl_dependency":false,"value":""}],[{"elementId":"separator_86687d4f04b250","separatorType":"blank","className":"","height":"1","enableCl":false,"relations":false,"cl_rule":"show","col":6,"type":"separator","error":false,"gt_translate_keys":[],"price_dependency":false,"cl_dependency":false,"value":""}],[{"active":true,"col":6,"relations":false,"cl_rule":"show","enableCl":false,"price":"","enablePrice":false,"className":"","label_position":"default","desc_position":"default","type":"text","subtype":"text","required":false,"elementId":"text_66687d4f04b259","label":"\ud83d\ude8c Pickup Location","name":"text_66687d4f04b259","value":"","error":false,"description":"Pick-up service in some locations. Simply provide your address or hotel name. (+2\u20ac\/person paid at pickup to the driver)","gt_translate_keys":["label","description","value"],"price_dependency":false,"cl_dependency":false}]]}},"config":{"price_override":"always","enable_recaptcha":false,"bind_quantity":false,"quantity_bind_formula":false,"disp_summ_show_option_price":true,"disp_summ_show_product_price":false,"disp_summ_show_total_price":true,"disp_summ_show_fee":true,"disp_summ_show_discount":true,"summary_title":"","options_total_label":"Options Price","total_label":"Total Amount","options_product_label":"Product Price","fee_label":"Fee","discount_label":"Discount","has_price":true,"has_quantity_formula":false},"mc_unit":1,"tax_rate":1,"tax_rate_real":1,"discount":{"percentage":0,"fixed":0},"design":{"conf":{"LabelPosition":"above","DescPosition":"above","UploadField":"custom_1","QuantityFieldStyle":"custom_1"},"css":{"LeftLabelWidth":"120px"}},"formulas":{"fmla_1708364241278155361":"(({field.select_3666b1eb2b11fe.value}>=8)?(1400):(({field.select_3666b1eb2b11fe.value}>=7)?(1225):(({field.select_3666b1eb2b11fe.value}>=6)?(1050):(({field.select_3666b1eb2b11fe.value}>=5)?(875):(({field.select_3666b1eb2b11fe.value}>=4)?(700):(({field.select_3666b1eb2b11fe.value}>=3)?(500):(0)))))))","fmla_1718295979528641619":"(({field.select_3666b1eb2b11fe.value}>=8)?(280):(({field.select_3666b1eb2b11fe.value}>=7)?(205):(({field.select_3666b1eb2b11fe.value}>=6)?(150):(({field.select_3666b1eb2b11fe.value}>=5)?(175):(({field.select_3666b1eb2b11fe.value}>=4)?(200):(({field.select_3666b1eb2b11fe.value}>=3)?(150):(0)))))))"},"lookuptables":[],"clones":false,"cartKey":false}},"_links":{"self":[{"href":"https:\/\/canaryvip.com\/hu\/wp-json\/wp\/v2\/product\/11971","targetHints":{"allow":["GET"]}}],"collection":[{"href":"https:\/\/canaryvip.com\/hu\/wp-json\/wp\/v2\/product"}],"about":[{"href":"https:\/\/canaryvip.com\/hu\/wp-json\/wp\/v2\/types\/product"}],"replies":[{"embeddable":true,"href":"https:\/\/canaryvip.com\/hu\/wp-json\/wp\/v2\/comments?post=11971"}],"wp:featuredmedia":[{"embeddable":true,"href":"https:\/\/canaryvip.com\/hu\/wp-json\/wp\/v2\/media\/12219"}],"wp:attachment":[{"href":"https:\/\/canaryvip.com\/hu\/wp-json\/wp\/v2\/media?parent=11971"}],"wp:term":[{"taxonomy":"product_brand","embeddable":true,"href":"https:\/\/canaryvip.com\/hu\/wp-json\/wp\/v2\/product_brand?post=11971"},{"taxonomy":"product_cat","embeddable":true,"href":"https:\/\/canaryvip.com\/hu\/wp-json\/wp\/v2\/product_cat?post=11971"},{"taxonomy":"product_tag","embeddable":true,"href":"https:\/\/canaryvip.com\/hu\/wp-json\/wp\/v2\/product_tag?post=11971"}],"curies":[{"name":"wp","href":"https:\/\/api.w.org\/{rel}","templated":true}]}}