{"id":11626,"date":"2024-06-06T11:14:41","date_gmt":"2024-06-06T10:14:41","guid":{"rendered":"https:\/\/canaryvip.com\/?post_type=product&#038;p=11626"},"modified":"2026-04-10T14:33:12","modified_gmt":"2026-04-10T13:33:12","slug":"natural-pools-masca-los-gigantes-tour","status":"publish","type":"product","link":"https:\/\/canaryvip.com\/hu\/shop\/natural-pools-masca-los-gigantes-tour\/","title":{"rendered":"Term\u00e9szetes medenc\u00e9k, Masca \u00e9s Los Gigantes t\u00fara + piknik"},"content":{"rendered":"<h2>\ud83c\udf0a Masca, Term\u00e9szetes medenc\u00e9k \u00e9s Los Gigantes t\u00far\u00e1r\u00f3l<\/h2>\n<p>Fedezze fel az egyik legteljesebb <strong>Tenerife idegenvezet\u00e9s<\/strong> ezzel a felejthetetlen \u00e9lm\u00e9nnyel, amely a term\u00e9szetet, a helyi kult\u00far\u00e1t \u00e9s a l\u00e9legzetel\u00e1ll\u00edt\u00f3 kil\u00e1t\u00e1st \u00f6tv\u00f6zi. Az CanaryVIP-n\u00e9l lehet\u0151s\u00e9get k\u00edn\u00e1lunk arra, hogy felfedezze a sziget rejtett gy\u00f6ngyszemeit ezen a <strong>vezetett Masca t\u00fara<\/strong>, bele\u00e9rtve a dr\u00e1mai szikl\u00e1kat, a hagyom\u00e1nyos falvakat \u00e9s a h\u00edres <strong>term\u00e9szetes medenc\u00e9k Tenerife<\/strong> ismert.<\/p>\n<p>Ezt a t\u00far\u00e1t azoknak az utaz\u00f3knak tervezt\u00e9k, akik Tenerife egy m\u00e1sik oldal\u00e1t szeretn\u00e9k megismerni egy kis csoportban, szem\u00e9lyesebb \u00e9s nyugodtabb l\u00e9gk\u00f6rben.<\/p>\n<h3>A t\u00fara f\u00e9nypontjai: Masca, term\u00e9szetes medenc\u00e9k \u00e9s Los Gigantes<\/h3>\n<ul>\n<li>\ud83c\udf04 <strong>Panor\u00e1ma n\u00e9z\u0151pont:<\/strong> \u00c9lvezze a leny\u0171g\u00f6z\u0151 kil\u00e1t\u00e1st a Masca-v\u00f6lgyre, Tenerife egyik legleny\u0171g\u00f6z\u0151bb t\u00e1j\u00e1ra.<\/li>\n<li>\ud83c\udfd8\ufe0f <strong>Masca falu:<\/strong> T\u00f6lts\u00f6n el k\u00f6r\u00fclbel\u00fcl 1 \u00f3r\u00e1t ennek a b\u00e1jos hegyi falunak a felfedez\u00e9s\u00e9vel. S\u00e9t\u00e1ljon v\u00e9gig a sz\u0171k utc\u00e1kon, fedezze fel a helyi term\u00e9keket, \u00e9s \u00e9lvezze a k\u00fcl\u00f6nleges hangulatot.<\/li>\n<li>\ud83c\udfd4\ufe0f <strong>Los Gigantes szikl\u00e1k:<\/strong> L\u00e1togasson el a h\u00edres szikl\u00e1khoz, amelyek ak\u00e1r 600 m\u00e9terrel is az \u00f3ce\u00e1n f\u00f6l\u00e9 magasodnak, \u00e9s a sziget egyik legikonikusabb term\u00e9szeti l\u00e1tv\u00e1nyoss\u00e1ga.<\/li>\n<li>\ud83c\udfca <strong>Term\u00e9szetes vulkanikus medenc\u00e9k \u00e9s piknik:<\/strong> Friss\u00fclj\u00f6n fel a tengerparti term\u00e9szetes vulkanikus medenc\u00e9kben, \u00e9s \u00e9lvezze a pihentet\u0151 pikniket a gy\u00f6ny\u00f6r\u0171 tengerparti k\u00f6rnyezetben.<\/li>\n<\/ul>\n<h3>Mit tartalmaz az \u00d6n \u00e9lm\u00e9nye<\/h3>\n<ul>\n<li>\ud83e\uddd1\u200d\ud83c\udfeb Helyi szak\u00e9rt\u0151 idegenvezet\u0151, aki alaposan ismeri a ter\u00fcletet.<\/li>\n<li>\ud83d\udee0\ufe0f Minden sz\u00fcks\u00e9ges felszerel\u00e9s a tev\u00e9kenys\u00e9ghez.<\/li>\n<li>\ud83d\udee1\ufe0f Tev\u00e9kenys\u00e9gbiztos\u00edt\u00e1s az \u00d6n nyugalm\u00e1\u00e9rt.<\/li>\n<li>\ud83d\ude90 Sz\u00e1ll\u00edt\u00e1s a tal\u00e1lkoz\u00f3helyr\u0151l\/pontra egy k\u00e9nyelmes 9 szem\u00e9lyes kisbusszal.<\/li>\n<li>\ud83d\udcf8 Fot\u00f3k \u00e9s vide\u00f3k az \u00e9lm\u00e9nyeir\u0151l, hogy felejthetetlen eml\u00e9keket vigyen haza.<\/li>\n<\/ul>\n<h3>A t\u00fara alapvet\u0151 r\u00e9szletei<\/h3>\n<ul>\n<li>\ud83d\udd52 <strong>Kezd\u00e9si id\u0151:<\/strong> T\u00e9len 15:00 \u00f3rakor | Ny\u00e1ron 16:00 \u00f3rakor.<\/li>\n<li>\u23f3 <strong>Id\u0151tartam:<\/strong> K\u00f6r\u00fclbel\u00fcl 5 \u00f3ra.<\/li>\n<li>\ud83d\udc65 <strong>Kiscsoportos tapasztalat:<\/strong> Korl\u00e1tozott sz\u00e1m\u00fa hely \u00e1ll rendelkez\u00e9sre egy szem\u00e9lyre szabott t\u00far\u00e1hoz.<\/li>\n<li>\ud83d\udccd <strong>K\u00f6zleked\u00e9s:<\/strong> Utaz\u00e1s egy k\u00e9nyelmes, 9 \u00fcl\u00e9ses furgonban.<\/li>\n<li>\ud83e\udde5 <strong>Mit hozzon mag\u00e1val:<\/strong> K\u00e9nyelmes ruh\u00e1zat, f\u00fcrd\u0151ruha \u00e9s t\u00f6r\u00f6lk\u00f6z\u0151 a term\u00e9szetes medenc\u00e9khez.<\/li>\n<\/ul>\n<h3>Fontos inform\u00e1ci\u00f3k \u00e9s ir\u00e1nyelvek<\/h3>\n<ul>\n<li>\ud83d\udd04 <strong>Lemond\u00e1si felt\u00e9telek:<\/strong> Ingyenes lemond\u00e1s akkor lehets\u00e9ges, ha legal\u00e1bb 72 \u00f3r\u00e1val el\u0151re k\u00e9rik a foglal\u00e1st legfeljebb 2 f\u0151ig. 3-7 f\u0151s foglal\u00e1sok eset\u00e9n legal\u00e1bb 5 nappal kor\u00e1bban kell lemondani a foglal\u00e1st. A 7 f\u0151n\u00e9l nagyobb csoportok eset\u00e9ben a lemond\u00e1st legal\u00e1bb 10 nappal kor\u00e1bban kell megtenni. A korl\u00e1tozott rendelkez\u00e9sre \u00e1ll\u00e1s \u00e9s a kis csoportm\u00e9ret miatt a k\u00e9s\u0151i lemond\u00e1sok vagy a meg nem jelen\u00e9sek teljes d\u00edjat vonhatnak maguk ut\u00e1n. Mindig javasoljuk, hogy terveit id\u0151ben er\u0151s\u00edtse meg.<\/li>\n<li>\ud83d\udd52 <strong>Pontoss\u00e1g:<\/strong> K\u00e9rj\u00fck, hogy a csoport z\u00f6kken\u0151mentes indul\u00e1sa \u00e9rdek\u00e9ben \u00e9rkezzen id\u0151ben a tal\u00e1lkoz\u00e1si pontra.<\/li>\n<li>\u26a0\ufe0f <strong>Korl\u00e1tozott el\u00e9rhet\u0151s\u00e9g:<\/strong> Ez az \u00e9lm\u00e9ny kis l\u00e9tsz\u00e1m\u00fa csoportokkal m\u0171k\u00f6dik, ez\u00e9rt a helyek sz\u00e1ma nagyon korl\u00e1tozott, \u00e9s gyorsan elfogynak.<\/li>\n<\/ul>\n<h4>On-Tour t\u00e1mogat\u00e1s<\/h4>\n<ul>\n<li>\u2714\ufe0f Az CanaryVIP-n\u00e9l gondosan kiv\u00e1lasztjuk a tapasztalatokat, hogy biztos\u00edtsuk a min\u0151s\u00e9get \u00e9s a biztons\u00e1got.<\/li>\n<li>\ud83d\udde3\ufe0f A t\u00fara sor\u00e1n b\u00e1rmikor k\u00f6zvetlen\u00fcl besz\u00e9lhet az idegenvezet\u0151j\u00e9vel, ha b\u00e1rmilyen seg\u00edts\u00e9get szeretne kapni.<\/li>\n<li>\ud83d\udcde Csapatunk a foglal\u00e1s el\u0151tt \u00e9s ut\u00e1n is rendelkez\u00e9sre \u00e1ll, ha seg\u00edts\u00e9gre van sz\u00fcks\u00e9ge vagy k\u00e9rd\u00e9se van.<\/li>\n<\/ul>\n<h3>\ud83c\udf0a\ud83c\udfd4\ufe0f Foglalja le Masca \u00e9s a term\u00e9szetes medenc\u00e9k t\u00far\u00e1j\u00e1t m\u00e9g ma!<\/h3>\n<p>Ha az egyik legjobbat keresed. <strong>Tenerife idegenvezet\u00e9s<\/strong>, ez az \u00e9lm\u00e9ny mindent \u00f6tv\u00f6z: hegyeket, \u00f3ce\u00e1nt, kult\u00far\u00e1t \u00e9s kikapcsol\u00f3d\u00e1st. Masca falu egyed\u00fcl\u00e1ll\u00f3 var\u00e1zs\u00e1t\u00f3l kezdve a friss\u00edt\u0151 <strong>term\u00e9szetes medenc\u00e9k Tenerife<\/strong> k\u00edn\u00e1l, minden pillanatot \u00fagy terveztek, hogy eml\u00e9kezetes legyen.<\/p>\n<p>Az CanaryVIP-n\u00e9l a foglal\u00e1st egyszer\u0171v\u00e9 \u00e9s megb\u00edzhat\u00f3v\u00e1 tessz\u00fck, hogy \u00d6n az utaz\u00e1s \u00e9lvezet\u00e9re koncentr\u00e1lhasson. Ak\u00e1r el\u0151sz\u00f6r l\u00e1togat el Tenerif\u00e9re, ak\u00e1r visszat\u00e9r, hogy t\u00f6bbet fedezzen fel, ez a <strong>vezetett Masca t\u00fara<\/strong> egy k\u00f6telez\u0151 \u00e9lm\u00e9ny.<\/p>\n<p>Biztos\u00edtsa be hely\u00e9t most, \u00e9s fedezze fel Tenerif\u00e9t m\u00e1sk\u00e9pp.<\/p>","protected":false},"excerpt":{"rendered":"<p><strong>\ud83d\udd0d R\u00e9szletek a t\u00far\u00e1r\u00f3l:<\/strong><br \/>\n\u2705 Biztons\u00e1gos fizet\u00e9s.<br \/>\n\ud83c\udf04 Fedezze fel Masca falut.<br \/>\n\ud83d\udca6 Fedezze fel a term\u00e9szetes medenc\u00e9ket.<br \/>\n\ud83c\udfd4\ufe0f L\u00e1togasson el a Los Gigantes szikl\u00e1hoz.<br \/>\n\ud83e\udd6a Pikniket is tartalmaz.<br \/>\n\ud83d\udcc5 Minden nap.<br \/>\n\u23f0 Id\u0151tartam K\u00f6r\u00fclbel\u00fcl 5h.<br \/>\n\ud83d\ude8c VAN 9 f\u0151ig.<br \/>\n\ud83d\ude90 Sz\u00e1llodai fel- \u00e9s lesz\u00e1ll\u00e1s.<br \/>\n\ud83d\udd04 72 \u00f3r\u00e1s ingyenes lemond\u00e1s.<br \/>\n\ud83e\udd11 Garant\u00e1ltan legjobb \u00e1r.<br \/>\n\ud83c\udf81 Csoportos kedvezm\u00e9nyek.<br \/>\n\ud83c\udf1f Foglaljon most \u00e9s sp\u00f3roljon!<\/p>","protected":false},"featured_media":16977,"comment_status":"open","ping_status":"closed","template":"","meta":{"_acf_changed":false},"product_brand":[],"product_cat":[52],"product_tag":[],"class_list":{"0":"post-11626","1":"product","2":"type-product","3":"status-publish","4":"has-post-thumbnail","6":"product_cat-bus-tours","7":"wcpa_has_options","9":"first","10":"instock","11":"sale","12":"virtual","13":"purchasable","14":"product-type-simple"},"acf":[],"wcpa_form_fields":{"wcpaData":{"product":{"product_price":85,"price_html":"From&nbsp;<del aria-hidden=\"true\"><span class=\"woocommerce-Price-amount amount\"><bdi>90,00&nbsp;<span class=\"woocommerce-Price-currencySymbol\">&euro;<\/span><\/bdi><\/span><\/del> <span class=\"screen-reader-text\">Az eredeti \u00e1r: 90,00&nbsp;&euro;.<\/span><ins aria-hidden=\"true\"><span class=\"woocommerce-Price-amount amount\"><bdi>85,00&nbsp;<span class=\"woocommerce-Price-currencySymbol\">&euro;<\/span><\/bdi><\/span><\/ins><span class=\"screen-reader-text\">A jelenlegi \u00e1r: 85,00&nbsp;&euro;.<\/span>","original_product_price":90,"price_including_tax":85,"price_excluding_tax":85,"product_id":{"parent":11626,"variation":false},"is_variable":false,"stock_status":"instock","stock_quantity":null,"parent_sku":"CV11626","product_attributes":[],"custom_fields":[],"is_taxable":false,"product_name":"Natural Pools, Masca & Los Gigantes Tour + Picnic","hasImage":false},"fields":{"sec_169cd3c7b1d53f":{"extra":{"key":"sec_169cd3c7b1d53f","section_id":"sec_169cd3c7b1d53f","name":"South Tenerife","status":1,"cl_rule":"show","enableCl":false,"relations":[{"operator":false,"rules":[{"operator":"AND","rules":{"cl_field":"radio-group_665df45fcbc30b","cl_relation":"is","cl_val":"Siam Park Regular Tickets"}}]}],"toggle":true,"title_tag":"h4","show_title":false,"showPrice":"default","form_id":16980,"form_rules":{"exclude_from_discount":true,"fee_label":"Fee","disp_hide_options_price":true,"disp_show_section_price":false,"disp_show_field_price":true,"layout_option":"standard","pric_use_as_fee":false,"process_fee_as":"woo_fee"},"layout_option":"standard"},"fields":[[{"label":"\ud83d\udcc5 Date","active":true,"required":true,"elementId":"date_869cd3c7b1d560","picker_type":"custom","picker_mode":"single","placeholder":"","description":"","tooltip":"","name":"date_869cd3c7b1d560","label_position":"default","desc_position":"default","enablePrice":false,"className":"","enableCl":false,"relations":[{"operator":"and","rules":[{"operator":"AND","rules":{"cl_field":"radio-group_665df45fcbc30b","cl_relation":"is","cl_val":"3 Hour Trip"}}]}],"date_pic_inline":true,"date_pic_inline_hide":true,"min_date":{"type":"days","val":"2"},"max_date":{"type":"days","val":"180"},"date_pic_conf":{"disabledWeeks":[],"enabledDates":[]},"price":"","cl_rule":"show","col":6,"type":"date","error":false,"enableDesign":false,"LabelColor":"","value":"2024-07-04","isWeightTemplate":false,"isTemplate":false,"min_quantity":"1","quantity_decimal":false,"quantity_step":"1","quantity_label":"Quantity","repeater_field_label":"{field_label}","repeater_bind":"","gt_translate_keys":["label","placeholder","description","value","tooltip","repeater_field_label","quantity_label"],"price_dependency":false,"cl_dependency":false}],[{"elementId":"separator_569cd3c7b1d57a","separatorType":"blank","className":"","height":"10","enableCl":false,"relations":false,"cl_rule":"show","col":6,"type":"separator","gt_translate_keys":[],"price_dependency":false,"cl_dependency":false,"value":""}],[{"active":true,"col":6,"relations":false,"cl_rule":"show","enableCl":false,"price":"","enablePrice":false,"className":"","label_position":"default","desc_position":"default","type":"content","required":false,"elementId":"content_369cd3c7b1d585","label":"People","name":"content_369cd3c7b1d585","contentType":"plain","value":"","error":false,"show_in_checkout":true,"inline":false,"gt_translate_keys":["label","value"],"price_dependency":false,"cl_dependency":false}],[{"active":true,"col":6,"relations":[{"operator":false,"rules":[{"operator":"AND","rules":{"cl_field":"","cl_relation":"","cl_val":""}}]}],"cl_rule":"show","enableCl":true,"price":"85","enablePrice":true,"className":"","label_position":"default","desc_position":"default","type":"radio-group","required":false,"elementId":"radio-group_969cd3c7b1d590","label":"","name":"radio-group_969cd3c7b1d590","values":[{"label":"\ud83d\udc64 People (85\u20ac)","value":"Adult","selected":true,"tempId":"aco_32","tooltip":"+12 Years","description":"","gt_translate_keys":["label","tooltip","description"]}],"layOut":"","error":false,"checkUi":"button","priceOptions":"fixed_for_all","pricingType":"fixed","enable_quantity":true,"quantity_label":"","min_quantity":"0","options_tooltip":true,"options_description":true,"isWeightTemplate":false,"isTemplate":false,"quantity_decimal":false,"quantity_step":"1","repeater_field_label":"{field_label}","repeater_bind":"","gt_translate_keys":["label","repeater_field_label","quantity_label"],"price_dependency":false,"cl_dependency":false,"value":""}],[{"active":true,"col":6,"relations":false,"cl_rule":"show","enableCl":false,"price":"","enablePrice":false,"className":"","label_position":"default","desc_position":"default","type":"separator","required":false,"elementId":"separator_269cd3c7b1d5af","label":"Separator Field","height":"7","separatorType":"blank","error":false,"gt_translate_keys":["label"],"price_dependency":false,"cl_dependency":false,"value":""}],[{"active":true,"col":6,"relations":false,"cl_rule":"show","enableCl":false,"price":"","enablePrice":false,"className":"","label_position":"default","desc_position":"default","type":"text","subtype":"text","required":false,"elementId":"text_369cd3c7b1d5b8","label":"\ud83d\ude8c Pickup Location","name":"text_369cd3c7b1d5b8","value":"","description":"Pick-up service in South Tenerife. Simply provide your address or hotel name.","error":false,"isWeightTemplate":false,"isTemplate":false,"min_quantity":"1","quantity_decimal":false,"quantity_step":"1","quantity_label":"Quantity","repeater_field_label":"{field_label}","repeater_bind":"","gt_translate_keys":["label","description","value","repeater_field_label","quantity_label"],"price_dependency":false,"cl_dependency":false}]]}},"config":{"price_override":"always","enable_recaptcha":false,"bind_quantity":false,"quantity_bind_formula":false,"disp_summ_show_option_price":true,"disp_summ_show_product_price":false,"disp_summ_show_total_price":true,"disp_summ_show_fee":true,"disp_summ_show_discount":true,"summary_title":"","options_total_label":"Options Price","total_label":"Total Amount","options_product_label":"Product Price","fee_label":"Fee","discount_label":"Discount","has_price":true,"has_quantity_formula":false},"mc_unit":1,"tax_rate":1,"tax_rate_real":1,"discount":{"percentage":0,"fixed":0},"design":{"conf":{"LabelPosition":"above","DescPosition":"above","UploadField":"custom_1","QuantityFieldStyle":"custom_1"},"css":{"LeftLabelWidth":"120px"}},"formulas":[],"lookuptables":[],"clones":false,"cartKey":false}},"_links":{"self":[{"href":"https:\/\/canaryvip.com\/hu\/wp-json\/wp\/v2\/product\/11626","targetHints":{"allow":["GET"]}}],"collection":[{"href":"https:\/\/canaryvip.com\/hu\/wp-json\/wp\/v2\/product"}],"about":[{"href":"https:\/\/canaryvip.com\/hu\/wp-json\/wp\/v2\/types\/product"}],"replies":[{"embeddable":true,"href":"https:\/\/canaryvip.com\/hu\/wp-json\/wp\/v2\/comments?post=11626"}],"wp:featuredmedia":[{"embeddable":true,"href":"https:\/\/canaryvip.com\/hu\/wp-json\/wp\/v2\/media\/16977"}],"wp:attachment":[{"href":"https:\/\/canaryvip.com\/hu\/wp-json\/wp\/v2\/media?parent=11626"}],"wp:term":[{"taxonomy":"product_brand","embeddable":true,"href":"https:\/\/canaryvip.com\/hu\/wp-json\/wp\/v2\/product_brand?post=11626"},{"taxonomy":"product_cat","embeddable":true,"href":"https:\/\/canaryvip.com\/hu\/wp-json\/wp\/v2\/product_cat?post=11626"},{"taxonomy":"product_tag","embeddable":true,"href":"https:\/\/canaryvip.com\/hu\/wp-json\/wp\/v2\/product_tag?post=11626"}],"curies":[{"name":"wp","href":"https:\/\/api.w.org\/{rel}","templated":true}]}}