{"id":11582,"date":"2024-06-03T16:40:35","date_gmt":"2024-06-03T15:40:35","guid":{"rendered":"https:\/\/canaryvip.com\/?post_type=product&#038;p=11582"},"modified":"2025-12-11T18:13:25","modified_gmt":"2025-12-11T18:13:25","slug":"stargazing-tenerife-teide-by-night","status":"publish","type":"product","link":"https:\/\/canaryvip.com\/hu\/shop\/stargazing-tenerife-teide-by-night\/","title":{"rendered":"Star Tour Tenerife:<br\/>Teide \u00e9jjel + vacsora"},"content":{"rendered":"<h2>\ud83d\ude8c A Stargazing Tenerife-r\u00f3l: Teide by Night<\/h2>\n<p>A <strong>Teide \u00e9jjel<\/strong> A CanaryVIP \u00e1ltal k\u00edn\u00e1lt t\u00fara az egyik legk\u00fcl\u00f6nlegesebb m\u00f3dja annak, hogy naplemente ut\u00e1n megcsod\u00e1lja a Teide-hegyet. A t\u00far\u00e1t egy helyi szolg\u00e1ltat\u00f3 szervezi, amely gy\u00f6ny\u00f6r\u0171 naplemente-meg\u00e1ll\u00e1st, vulk\u00e1ni t\u00e1jat \u00e9s nyugodt csillagn\u00e9z\u00e9st kombin\u00e1l Eur\u00f3pa egyik legtiszt\u00e1bb \u00e9gboltja alatt. A Teide Nemzeti Park Starlight Destination min\u0151s\u00edt\u00e9ssel rendelkezik, ami azt jelenti, hogy \u00e9gboltja kiv\u00e9telesen tiszta \u00e9s mentes a f\u00e9ny szennyez\u00e9st\u0151l.<\/p>\n<h3>A t\u00fara f\u00e9nypontjai: Teide \u00e9jszaka<\/h3>\n<ul>\n<li>\ud83c\udf04 <strong>Naplemente meg\u00e1ll\u00f3<\/strong>: Az \u00e9lm\u00e9ny a nemzeti park egyik kil\u00e1t\u00f3pontj\u00e1n\u00e1l kezd\u0151dik, ahol megcsod\u00e1lhatjuk a naplement\u00e9t. Az \u00e9gbolt v\u00e1ltoz\u00f3 sz\u00ednei nyugodt \u00e9s eml\u00e9kezetes pillanatokat teremtenek, ide\u00e1lisak fot\u00f3z\u00e1sra, miel\u0151tt az esti csillagn\u00e9z\u00e9s r\u00e9sz\u00e9hez \u00e1tl\u00e9p\u00fcnk.<\/li>\n<li>\ud83d\udd2d <strong>Csillag\u00e1szat Tenerife Experience<\/strong>: S\u00f6t\u00e9ted\u00e9s ut\u00e1n az idegenvezet\u0151 l\u00e9zerpointer seg\u00edts\u00e9g\u00e9vel vil\u00e1gosan \u00e9s bar\u00e1ts\u00e1gosan magyar\u00e1zza el a csillagk\u00e9peket. T\u00e1vcs\u0151 is rendelkez\u00e9sre \u00e1ll, \u00edgy a vend\u00e9gek csillagokat, bolyg\u00f3kat \u00e9s m\u00e9ly\u00e9g-objektumokat figyelhetnek meg, mik\u00f6zben \u00e9rdekes t\u00f6rt\u00e9neteket hallgatnak az \u00e9jszakai \u00e9gboltr\u00f3l.<\/li>\n<li>\ud83c\udfd4\ufe0f <strong>Teide-hegy<\/strong>: A 3715 m\u00e9ter magas Teide-hegy Spanyolorsz\u00e1g legmagasabb cs\u00facsa \u00e9s egy <a href=\"https:\/\/whc.unesco.org\/en\/list\/1258\/\" target=\"_blank\" rel=\"noopener\">UNESCO Vil\u00e1g\u00f6r\u00f6ks\u00e9g<\/a> helysz\u00edne. Vulkanikus t\u00e1jai szinte m\u00e1svil\u00e1gi hangulatot \u00e1rasztanak, \u00e9s sz\u00e1mos nemzetk\u00f6zi produkci\u00f3 forgat\u00e1si helysz\u00edn\u00e9\u00fcl szolg\u00e1ltak m\u00e1r.<\/li>\n<li>\ud83c\udf7d\ufe0f <strong>Vacsora<\/strong>: A vacsora az \u00e1rban benne van, \u00e9s \u00e1ltal\u00e1ban egy kan\u00e1ri-szigeteki \u00e9tteremben, p\u00e9ld\u00e1ul a Casa Sira-ban szolg\u00e1lj\u00e1k fel, b\u00e1r a pontos \u00e9tterem a rendelkez\u00e9sre \u00e1ll\u00e1s f\u00fcggv\u00e9ny\u00e9ben v\u00e1ltozhat. Az \u00e9tel egyszer\u0171 \u00e9s helyi, alkalmas az \u00e9jszakai csillagn\u00e9z\u00e9s el\u0151tt. \u00c1ltal\u00e1ban \u00e9trendi lehet\u0151s\u00e9gek is rendelkez\u00e9sre \u00e1llnak.<\/li>\n<\/ul>\n<h3>Az \u00d6n csillag\u00e1szata Tenerif\u00e9n a k\u00f6vetkez\u0151ket tartalmazza<\/h3>\n<ul>\n<li>\ud83d\ude8c Felv\u00e9tel \u00e9s lesz\u00e1ll\u00edt\u00e1s a sz\u00e1llod\u00e1b\u00f3l.<\/li>\n<li>\ud83d\udde3\ufe0f Angolul besz\u00e9l\u0151 idegenvezet\u0151k, akik az \u00e9lm\u00e9ny sor\u00e1n v\u00e9gig magyar\u00e1zatokat ny\u00fajtanak.<\/li>\n<li>\ud83d\udcf8 T\u00f6bb fot\u00f3z\u00e1si meg\u00e1ll\u00f3, k\u00fcl\u00f6n\u00f6sen naplemente idej\u00e9n.<\/li>\n<li>\ud83d\udcdc Egy teljes este a Teide t\u00e1jainak \u00e9s \u00e9jszakai \u00e9gboltj\u00e1nak felfedez\u00e9s\u00e9vel.<\/li>\n<li>\ud83d\udcb0 Legjobb \u00e1r garancia \u00e9s rugalmas lemond\u00e1si felt\u00e9telek.<\/li>\n<\/ul>\n<h3>Essential Stargazing Tenerife Tour R\u00e9szletek<\/h3>\n<ul>\n<li>\ud83c\udf9f\ufe0f Hozza mag\u00e1val digit\u00e1lis CanaryVIP jegy\u00e9t.<\/li>\n<li>\ud83d\udeab A busz fed\u00e9lzet\u00e9n nincs WC, \u00e9s nem alkalmas kerekessz\u00e9kesek sz\u00e1m\u00e1ra.<\/li>\n<li>\ud83c\udf7d\ufe0f A vacsora az \u00e1rban benne van.<\/li>\n<li>\u23f3 A t\u00fara k\u00f6r\u00fclbel\u00fcl 6 \u00f3r\u00e1ig tart.<\/li>\n<li>\ud83e\udde5 Meleg ruh\u00e1zat elengedhetetlen, mivel \u00e9jszaka jelent\u0151sen cs\u00f6kken a h\u0151m\u00e9rs\u00e9klet.<\/li>\n<li>\ud83d\udccc K\u00e9rj\u00fck, adja meg a sz\u00e1lloda pontos adatait, hogy a transzfer megfelel\u0151en megszervezhet\u0151 legyen.<\/li>\n<li>\ud83c\udf25\ufe0f <strong>Id\u0151j\u00e1r\u00e1si figyelmeztet\u00e9s<\/strong>: A csillagok megfigyel\u00e9s\u00e9nek l\u00e1that\u00f3s\u00e1ga az id\u0151j\u00e1r\u00e1si k\u00f6r\u00fclm\u00e9nyekt\u0151l f\u00fcgg, \u00e9s nem garant\u00e1lhat\u00f3 teljes m\u00e9rt\u00e9kben. Az \u00fczemeltet\u0151 mindig mindent megtesz annak \u00e9rdek\u00e9ben, hogy biztos\u00edtsa az \u00e9lm\u00e9nyt.<\/li>\n<\/ul>\n<h3>T\u00fara etikett \u00e9s ir\u00e1nyelvek<\/h3>\n<ul>\n<li>\ud83d\udd04 <strong>Rugalmas lemond\u00e1s<\/strong>: Ingyenes lemond\u00e1s az \u00e9lm\u00e9ny el\u0151tt 48 \u00f3r\u00e1val. Csoportokra k\u00fcl\u00f6nleges felt\u00e9telek vonatkoznak: 5-7 f\u0151s csoportok 72 \u00f3r\u00e1val el\u0151re lemondhatnak. 8-14 f\u0151s csoportok 4 nappal el\u0151re kell jelezz\u00e9k lemond\u00e1sukat. 15 vagy t\u00f6bb f\u0151s csoportok legal\u00e1bb 6 nappal el\u0151re kell lemondaniuk.<\/li>\n<li>\ud83d\udd52 <strong>Id\u0151szer\u0171s\u00e9g<\/strong>: K\u00e9rj\u00fck, legyenek k\u00e9szen a kijel\u00f6lt felsz\u00e1ll\u00f3helyen, hogy elker\u00fclj\u00e9k a t\u00f6bbi csoporttag k\u00e9s\u00e9s\u00e9t.<\/li>\n<li>\ud83d\udce2 <strong>K\u00f6vesse az \u00fctemtervet<\/strong>: A vend\u00e9geknek be kell tartaniuk az idegenvezet\u0151 utas\u00edt\u00e1sait, hogy mindenki sz\u00e1m\u00e1ra z\u00f6kken\u0151mentes \u00e9s \u00e9lvezetes \u00e9lm\u00e9nyt biztos\u00edtsanak.<\/li>\n<\/ul>\n<h4>T\u00faraseg\u00edts\u00e9gny\u00fajt\u00e1s \u00e9s felel\u0151ss\u00e9gv\u00e1llal\u00e1s<\/h4>\n<ul>\n<li>\u2714\ufe0f <strong>Szolg\u00e1ltat\u00e1si k\u00f6telezetts\u00e9gv\u00e1llal\u00e1s<\/strong>: Az CanaryVIP biztos\u00edtja a z\u00f6kken\u0151mentes foglal\u00e1si folyamatot \u00e9s a t\u00fara el\u0151tti egy\u00e9rtelm\u0171 kommunik\u00e1ci\u00f3t. Maga a tev\u00e9kenys\u00e9get egy enged\u00e9llyel rendelkez\u0151 helyi szolg\u00e1ltat\u00f3 v\u00e9gzi.<\/li>\n<li>\ud83d\udde3\ufe0f <strong>Seg\u00edts\u00e9g a t\u00fara sor\u00e1n<\/strong>: Az \u00e9lm\u00e9ny sor\u00e1n felmer\u00fcl\u0151 k\u00e9rd\u00e9sekkel vagy agg\u00e1lyokkal k\u00f6zvetlen\u00fcl a helysz\u00ednen tart\u00f3zkod\u00f3 idegenvezet\u0151h\u00f6z lehet fordulni, aki k\u00e9szs\u00e9gesen \u00e1ll rendelkez\u00e9sre.<\/li>\n<li>\ud83d\udcb0 <strong>Visszat\u00e9r\u00edt\u00e9si szab\u00e1lyzat t\u00faraprobl\u00e9m\u00e1k eset\u00e9n<\/strong>: Ha a tev\u00e9kenys\u00e9g sor\u00e1n v\u00e1ratlan esem\u00e9ny t\u00f6rt\u00e9nik, a visszat\u00e9r\u00edt\u00e9s a meg\u00e1llap\u00edtott szab\u00e1lyzat szerint t\u00f6rt\u00e9nik, mindig az \u00e1tl\u00e1that\u00f3s\u00e1got \u00e9s a vend\u00e9gek el\u00e9gedetts\u00e9g\u00e9t el\u0151t\u00e9rbe helyezve.<\/li>\n<\/ul>\n<h3>\ud83c\udf0b\ud83d\ude8c\ud83c\udfde\ufe0f Foglalja le most Teide-t\u00far\u00e1j\u00e1t!<\/h3>\n<p>A Teide by Night egy nyugodt \u00e9s eml\u00e9kezetes m\u00f3dja annak, hogy felfedezze Tenerife egyik legismertebb helysz\u00edn\u00e9t. A nemzeti parkb\u00f3l n\u00e9zni a naplement\u00e9t, majd megfigyelni az \u00e9jszakai \u00e9gboltot \u2013 ez a t\u00fara kedvelt program p\u00e1rok, csal\u00e1dok \u00e9s mindenki sz\u00e1m\u00e1ra, aki m\u00e1s szemsz\u00f6gb\u0151l szeretn\u00e9 megismerni a Teide-t.<\/p>\n<p>Ha napk\u00f6zben is szeretn\u00e9 felfedezni a parkot, tekintse meg <a href=\"https:\/\/canaryvip.com\/hu\/shop\/teide-guided-bus-tour\/\">Teide f\u00e9lnapos buszos t\u00fara<\/a>. Ez a nappali program vulk\u00e1ni t\u00e1jakat, kil\u00e1t\u00f3kat, Vilaflor falut \u00e9s a Roques de Garc\u00eda-t \u00f6leli fel, \u00e9s ha az id\u0151j\u00e1r\u00e1s engedi, opcion\u00e1lis felvon\u00f3\u00fattal is kieg\u00e9sz\u00fclhet.<\/p>\n<p>Ha mindk\u00e9t t\u00far\u00e1t a CanaryVIP-n kereszt\u00fcl foglalja le, \u00e9lvezheti a Teide teljes kontrasztj\u00e1t, a nappali ragyog\u00f3 sz\u00ednekt\u0151l a b\u00e9k\u00e9s csillagos \u00e9jszak\u00e1kig.<\/p>\n<p>A Teide-kalandod akkor kezd\u0151dik, amikor k\u00e9szen \u00e1llsz r\u00e1.<\/p>","protected":false},"excerpt":{"rendered":"<p><strong>\ud83d\udd0d Teide \u00e9jszaka:<\/strong><br \/>\n\u2705 Biztons\u00e1gos fizet\u00e9s.<br \/>\n\ud83d\uddfb L\u00e1togasson el a Teide Nemzeti Parkba.<br \/>\n\ud83d\udd2d Professzion\u00e1lis t\u00e1vcs\u00f6vek.<br \/>\n\ud83c\udf20 Watch Stars &amp; Constellations.<br \/>\n\ud83c\udf7d\ufe0f Kan\u00e1ri-szigeteki \u00e9tkez\u00e9s.<br \/>\n\ud83e\uddc3 Italokat tartalmaz.<br \/>\n\ud83d\udcc5 kedd, szerda, cs\u00fct\u00f6rt\u00f6k, p\u00e9ntek, szo.<br \/>\n\u23f0 Id\u0151tartam K\u00f6r\u00fclbel\u00fcl 6h.<br \/>\n\ud83d\ude8c Sz\u00e1llodai fel- \u00e9s lesz\u00e1ll\u00e1s.<br \/>\n\ud83d\udd04 48 \u00f3r\u00e1s ingyenes lemond\u00e1s.<br \/>\n\ud83e\udd11 Garant\u00e1ltan legjobb \u00e1r.<br \/>\n\ud83c\udf81 Csoportos kedvezm\u00e9nyek.<br \/>\n\ud83c\udf0d \u00datmutat\u00f3k az \u00d6n nyelv\u00e9n.<br \/>\n\ud83c\udf1f Foglaljon most \u00e9s sp\u00f3roljon!<\/p>","protected":false},"featured_media":11584,"comment_status":"open","ping_status":"closed","template":"","meta":{"_acf_changed":false},"product_brand":[],"product_cat":[52],"product_tag":[],"class_list":{"0":"post-11582","1":"product","2":"type-product","3":"status-publish","4":"has-post-thumbnail","6":"product_cat-bus-tours","7":"wcpa_has_options","9":"first","10":"instock","11":"sale","12":"virtual","13":"purchasable","14":"product-type-simple"},"acf":[],"wcpa_form_fields":{"wcpaData":{"product":{"product_price":79,"price_html":"From&nbsp;<del aria-hidden=\"true\"><span class=\"woocommerce-Price-amount amount\"><bdi>89,00&nbsp;<span class=\"woocommerce-Price-currencySymbol\">&euro;<\/span><\/bdi><\/span><\/del> <span class=\"screen-reader-text\">Az eredeti \u00e1r: 89,00&nbsp;&euro;.<\/span><ins aria-hidden=\"true\"><span class=\"woocommerce-Price-amount amount\"><bdi>79,00&nbsp;<span class=\"woocommerce-Price-currencySymbol\">&euro;<\/span><\/bdi><\/span><\/ins><span class=\"screen-reader-text\">A jelenlegi \u00e1r: 79,00&nbsp;&euro;.<\/span>","original_product_price":89,"price_including_tax":79,"price_excluding_tax":79,"product_id":{"parent":11582,"variation":false},"is_variable":false,"stock_status":"instock","stock_quantity":null,"parent_sku":"CV11582","product_attributes":[],"custom_fields":[],"is_taxable":false,"product_name":"Star Tour Tenerife:<br\/>Teide by Night + Dinner","hasImage":false},"fields":{"sec_2665e36bde09f4":{"extra":{"key":"sec_2665e36bde09f4","section_id":"sec_2665e36bde09f4","name":"South Tenerife","status":1,"cl_rule":"show","enableCl":false,"relations":[{"operator":false,"rules":[{"operator":"AND","rules":{"cl_field":"radio-group_665df45fcbc30b","cl_relation":"is","cl_val":"Siam Park Regular Tickets"}}]}],"toggle":true,"title_tag":"h4","show_title":false,"showPrice":"default","form_id":11592,"form_rules":{"exclude_from_discount":true,"fee_label":"Fee","disp_hide_options_price":true,"disp_show_section_price":false,"disp_show_field_price":true,"layout_option":"standard","pric_use_as_fee":false,"process_fee_as":"woo_fee"},"layout_option":"standard"},"fields":[[{"label":"\ud83d\udcc5 Date","active":true,"required":true,"elementId":"date_10665e36bde0a12","picker_type":"custom","picker_mode":"single","placeholder":"","description":"","tooltip":"","name":"date_10665e36bde0a12","label_position":"default","desc_position":"default","enablePrice":false,"className":"","enableCl":false,"relations":[{"operator":"and","rules":[{"operator":"AND","rules":{"cl_field":"radio-group_665df45fcbc30b","cl_relation":"is","cl_val":"3 Hour Trip"}}]}],"date_pic_inline":true,"date_pic_inline_hide":true,"min_date":{"type":"days","val":"1"},"max_date":{"type":"days","val":"365"},"date_pic_conf":{"disabledWeeks":[1]},"price":"","cl_rule":"show","col":6,"type":"date","error":false,"enableDesign":false,"LabelColor":"","isWeightTemplate":false,"isTemplate":false,"min_quantity":"1","quantity_decimal":false,"quantity_step":"1","quantity_label":"Quantity","repeater_field_label":"{field_label}","repeater_bind":"","gt_translate_keys":["label","placeholder","description","tooltip","repeater_field_label","quantity_label"],"price_dependency":false,"cl_dependency":false,"value":""}],[{"elementId":"separator_8665e36bde0a21","separatorType":"blank","className":"","height":"10","enableCl":false,"relations":false,"cl_rule":"show","col":6,"type":"separator","gt_translate_keys":[],"price_dependency":false,"cl_dependency":false,"value":""}],[{"active":true,"col":6,"relations":false,"cl_rule":"show","enableCl":false,"price":"","enablePrice":false,"className":"","label_position":"default","desc_position":"default","type":"content","required":false,"elementId":"content_9665e36bde0a2d","label":"People","name":"content_9665e36bde0a2d","contentType":"plain","value":"","error":false,"show_in_checkout":true,"inline":false,"gt_translate_keys":["label","value"],"price_dependency":false,"cl_dependency":false}],[{"active":true,"col":6,"relations":[{"operator":false,"rules":[{"operator":"AND","rules":{"cl_field":"","cl_relation":"","cl_val":""}}]}],"cl_rule":"show","enableCl":true,"price":"79","enablePrice":true,"className":"","label_position":"default","desc_position":"default","type":"radio-group","required":false,"elementId":"radio-group_10665e36bde0a38","label":"","name":"radio-group_10665e36bde0a38","values":[{"label":"\ud83d\udc64 Adult (79\u20ac)","value":"Adult","selected":true,"tempId":"aco_32","tooltip":"+14 Years","description":"","gt_translate_keys":["label","tooltip","description"]}],"layOut":"","error":false,"checkUi":"button","priceOptions":"fixed_for_all","pricingType":"fixed","enable_quantity":true,"quantity_label":"","min_quantity":"0","options_tooltip":true,"options_description":true,"gt_translate_keys":["label","quantity_label"],"price_dependency":false,"cl_dependency":false,"value":""}],[{"label":"","active":true,"required":false,"elementId":"radio-group_10665e36bde0a43","name":"radio-group_10665e36bde0a43","label_position":"default","desc_position":"default","enablePrice":true,"className":"","enableCl":false,"relations":false,"enable_quantity":true,"quantity_label":"","min_quantity":"0","checkUi":"button","layOut":"","values":[{"label":"\ud83d\udc66 Child (49\u20ac)","value":"Child","selected":true,"tempId":"aco_32","tooltip":"4-13 Years","description":"","gt_translate_keys":["label","tooltip","description"]}],"priceOptions":"fixed_for_all","pricingType":"fixed","price":"49","cl_rule":"show","col":6,"type":"radio-group","error":false,"options_tooltip":true,"options_description":true,"gt_translate_keys":["label","quantity_label"],"price_dependency":false,"cl_dependency":false,"value":""}],[{"label":"","active":true,"required":false,"elementId":"radio-group-0497504259","name":"radio-group-0497504259","label_position":"default","desc_position":"default","enablePrice":true,"className":"","enableCl":false,"relations":false,"enable_quantity":true,"quantity_label":"","min_quantity":"0","checkUi":"button","layOut":"","options_tooltip":true,"options_description":true,"values":[{"label":"\ud83d\udc76 Infant (Free)","value":"Infant","selected":true,"tempId":"aco_32","tooltip":"0-3 Years","description":"","gt_translate_keys":["label","tooltip","description"]}],"priceOptions":"fixed_for_all","pricingType":"fixed","price":"0","cl_rule":"show","col":6,"type":"radio-group","error":false,"gt_translate_keys":["label","quantity_label"],"price_dependency":false,"cl_dependency":false,"value":""}],[{"active":true,"col":6,"relations":false,"cl_rule":"show","enableCl":false,"price":"","enablePrice":false,"className":"","label_position":"default","desc_position":"default","type":"select","required":false,"elementId":"select_5665e36bde0a4d","label":"\ud83c\udf0e Language","name":"select_5665e36bde0a4d","values":[{"label":"English","value":"English","selected":false,"tempId":"aco_389","gt_translate_keys":["label"]},{"label":"Spanish","value":"Spanish","selected":false,"tempId":"aco_390","gt_translate_keys":["label"]},{"label":"Deutsch","value":"Deutsch","selected":false,"tempId":"aco_409","gt_translate_keys":["label"]},{"label":"French","value":"French","selected":false,"tempId":"aco_581","gt_translate_keys":["label"]},{"label":"Dutch","value":"Dutch","selected":false,"tempId":"aco_672","gt_translate_keys":["label"]},{"label":"Italian","value":"Italian","selected":false,"tempId":"aco_700","gt_translate_keys":["label"]}],"dropdown_type":"basic","error":false,"isWeightTemplate":false,"isTemplate":false,"min_quantity":"1","quantity_decimal":false,"quantity_step":"1","quantity_label":"Quantity","repeater_field_label":"{field_label}","repeater_bind":"","placeholder":"Select Language","gt_translate_keys":["label","placeholder","repeater_field_label","quantity_label"],"price_dependency":false,"cl_dependency":false,"value":""}],[{"active":true,"col":6,"relations":false,"cl_rule":"show","enableCl":false,"price":"","enablePrice":false,"className":"","label_position":"default","desc_position":"default","type":"separator","required":false,"elementId":"separator_4665e36bde0a57","label":"Separator Field","height":"7","separatorType":"blank","error":false,"gt_translate_keys":["label"],"price_dependency":false,"cl_dependency":false,"value":""}],[{"active":true,"col":6,"relations":false,"cl_rule":"show","enableCl":false,"price":"","enablePrice":false,"className":"","label_position":"default","desc_position":"default","type":"text","subtype":"text","required":false,"elementId":"text_10665e36bde0a60","label":"\ud83d\ude8c Pickup Location","name":"text_10665e36bde0a60","value":"","description":"Included Pick-up service in South Tenerife. Simply provide your address or hotel name.","error":false,"gt_translate_keys":["label","description","value"],"price_dependency":false,"cl_dependency":false}]]}},"config":{"price_override":"always","enable_recaptcha":false,"bind_quantity":false,"quantity_bind_formula":false,"disp_summ_show_option_price":true,"disp_summ_show_product_price":false,"disp_summ_show_total_price":true,"disp_summ_show_fee":true,"disp_summ_show_discount":true,"summary_title":"","options_total_label":"Options Price","total_label":"Total Amount","options_product_label":"Product Price","fee_label":"Fee","discount_label":"Discount","has_price":true,"has_quantity_formula":false},"mc_unit":1,"tax_rate":1,"tax_rate_real":1,"discount":{"percentage":0,"fixed":0},"design":{"conf":{"LabelPosition":"above","DescPosition":"above","UploadField":"custom_1","QuantityFieldStyle":"custom_1"},"css":{"LeftLabelWidth":"120px"}},"formulas":[],"lookuptables":[],"clones":false,"cartKey":false}},"_links":{"self":[{"href":"https:\/\/canaryvip.com\/hu\/wp-json\/wp\/v2\/product\/11582","targetHints":{"allow":["GET"]}}],"collection":[{"href":"https:\/\/canaryvip.com\/hu\/wp-json\/wp\/v2\/product"}],"about":[{"href":"https:\/\/canaryvip.com\/hu\/wp-json\/wp\/v2\/types\/product"}],"replies":[{"embeddable":true,"href":"https:\/\/canaryvip.com\/hu\/wp-json\/wp\/v2\/comments?post=11582"}],"wp:featuredmedia":[{"embeddable":true,"href":"https:\/\/canaryvip.com\/hu\/wp-json\/wp\/v2\/media\/11584"}],"wp:attachment":[{"href":"https:\/\/canaryvip.com\/hu\/wp-json\/wp\/v2\/media?parent=11582"}],"wp:term":[{"taxonomy":"product_brand","embeddable":true,"href":"https:\/\/canaryvip.com\/hu\/wp-json\/wp\/v2\/product_brand?post=11582"},{"taxonomy":"product_cat","embeddable":true,"href":"https:\/\/canaryvip.com\/hu\/wp-json\/wp\/v2\/product_cat?post=11582"},{"taxonomy":"product_tag","embeddable":true,"href":"https:\/\/canaryvip.com\/hu\/wp-json\/wp\/v2\/product_tag?post=11582"}],"curies":[{"name":"wp","href":"https:\/\/api.w.org\/{rel}","templated":true}]}}