{"id":11553,"date":"2024-05-22T11:32:13","date_gmt":"2024-05-22T10:32:13","guid":{"rendered":"https:\/\/canaryvip.com\/?post_type=product&#038;p=11553"},"modified":"2025-08-15T16:26:48","modified_gmt":"2025-08-15T15:26:48","slug":"lala-yacht-charter-tenerife","status":"publish","type":"product","link":"https:\/\/canaryvip.com\/hu\/shop\/lala-yacht-charter-tenerife\/","title":{"rendered":"LaLa mag\u00e1njacht Tenerife"},"content":{"rendered":"<h2><strong>\ud83d\udee5\ufe0f LaLa Yacht Charter: Fedezze fel a luxust Tenerif\u00e9n<\/strong><\/h2>\n<p>L\u00e9pjen be a luxus \u00e9s a kalandok vil\u00e1g\u00e1ba a LaLa Yacht fed\u00e9lzet\u00e9n, amely a legjobb v\u00e1laszt\u00e1s azok sz\u00e1m\u00e1ra, akik felejthetetlen \u00e9lm\u00e9nyt keresnek Tenerif\u00e9n. Ez a jacht a legnagyobb k\u00e9nyelmet \u00e9s st\u00edlust ny\u00fajtja, \u00e9s az elegancia \u00e9s a modern k\u00e9nyelem t\u00f6k\u00e9letes \u00f6tv\u00f6zet\u00e9t k\u00edn\u00e1lja.<\/p>\n<p>Ak\u00e1r a t\u00e1gas fed\u00e9lzeten szeretne s\u00fctk\u00e9rezni a napon, ak\u00e1r \u00ednyenc \u00e9teleket fogyasztani, ak\u00e1r a sziget krist\u00e1lytiszta viz\u00e9be mer\u00fclni, a LaLa Yacht felejthetetlen pillanatokkal teli utaz\u00e1st biztos\u00edt. A csal\u00e1dok, p\u00e1rok vagy csoportok sz\u00e1m\u00e1ra ide\u00e1lis luxushaj\u00f3 z\u00f6kken\u0151mentes \u00e9s felemel\u0151 m\u00f3dot \u00edg\u00e9r Tenerife leny\u0171g\u00f6z\u0151 partvid\u00e9k\u00e9nek \u00e9s \u00e9l\u00e9nk tengeri \u00e9l\u0151vil\u00e1g\u00e1nak felfedez\u00e9s\u00e9re.<\/p>\n<h3>\u2b50\ufe0f <strong>P\u00e1ratlan k\u00e9nyelem \u00e9s sz\u00f3rakoz\u00e1s a fed\u00e9lzeten<\/strong><\/h3>\n<p><span style=\"text-decoration: underline;\"><strong>Fedezze fel a LaLa Yacht kiv\u00e9teles jellemz\u0151it:<\/strong><\/span><\/p>\n<ul>\n<li>T\u00e1gas fed\u00e9lzet a v\u00e9gs\u0151 pihen\u00e9shez \u00e9s \u00e9lvezethez.<\/li>\n<li>Napoz\u00f3ter\u00fclet a haj\u00f3 elej\u00e9n, ahol a napf\u00e9nyt \u00e9lvezheti.<\/li>\n<li>Paddle-board \u00e9s snorkeling felszerel\u00e9s a v\u00edzi kalandokhoz.<\/li>\n<li>Korl\u00e1tlan italok, bele\u00e9rtve a pezsg\u0151t, feh\u00e9r \u00e9s roz\u00e9t, s\u00f6rt, \u00fcd\u00edt\u0151ket \u00e9s vizet.<\/li>\n<li>Finom \u00e9telek, p\u00e9ld\u00e1ul nachos guacamole-val \u00e9s csirke paella.<\/li>\n<li>K\u00e9tnyelv\u0171 leg\u00e9nys\u00e9g az \u00d6n ig\u00e9nyeihez igazodva, bele\u00e9rtve egy tapasztalt kapit\u00e1nyt.<\/li>\n<\/ul>\n<h4>\ud83d\udea4 <strong>Induljon el egy felfedez\u0151 \u00fatra<\/strong><\/h4>\n<p>A kaland kezd\u0151dik a <a href=\"https:\/\/www.google.com\/maps\/place\/Puerto+Col%C3%B3n\/@28.078002,-16.7394902,17z\/data=!3m2!4b1!5s0xc6a97433884bdf9:0x76d293b7b99db23a!4m6!3m5!1s0xc6a9743509c9ebf:0xd62345524f768247!8m2!3d28.078002!4d-16.7369153!16s%2Fg%2F11c6cqryw_?entry=ttu\" target=\"_blank\" rel=\"noopener\">Puerto Col\u00f3n<\/a>, Costa Adeje sz\u00edv\u00e9ben tal\u00e1lhat\u00f3. A LaLa Yacht legfeljebb 12 vend\u00e9g befogad\u00e1s\u00e1ra alkalmas, \u00edgy biztos\u00edtva a szem\u00e9lyes \u00e9s exkluz\u00edv \u00e9lm\u00e9nyt. V\u00e1lasszon a k\u00fcl\u00f6nb\u00f6z\u0151 charter lehet\u0151s\u00e9gek k\u00f6z\u00fcl, hogy megfeleljen a kaland ig\u00e9nyeinek.<\/p>\n<h4>\ud83c\udf0a <strong>Vegyen r\u00e9szt felejthetetlen tenger\u00e9szeti tev\u00e9kenys\u00e9gekben<\/strong><\/h4>\n<p>A LaLa Yacht fed\u00e9lzet\u00e9n Tenerife gy\u00f6ny\u00f6r\u0171 vizei az \u00d6n\u00e9, hogy felfedezze \u0151ket. Ak\u00e1r a helyi tengeri \u00e9l\u0151vil\u00e1ggal val\u00f3 sznorkelez\u00e9st, ak\u00e1r a paddleboardoz\u00e1st, vagy egyszer\u0171en csak a pihen\u00e9st \u00e9s a hihetetlen kil\u00e1t\u00e1s \u00e9lvezet\u00e9t v\u00e1lasztja, mindenki sz\u00e1m\u00e1ra van valami. Leg\u00e9nys\u00e9g\u00fcnk gondoskodik egy eml\u00e9kezetes, sz\u00f3rakoz\u00e1ssal \u00e9s felfedez\u00e9ssel teli utaz\u00e1sr\u00f3l.<\/p>\n<h4>\ud83d\udc2c <strong>A luxus tal\u00e1lkozik az \u00e9rt\u00e9kkel<\/strong><\/h4>\n<p>Az CanaryVIP a LaLa Yachttal emeli a jachtb\u00e9rl\u00e9s \u00e9lm\u00e9ny\u00e9t, \u00f6tv\u00f6zve a pazar luxust a verhetetlen \u00e9rt\u00e9kkel. Versenyk\u00e9pes \u00e1raink tartalmazz\u00e1k a rendk\u00edv\u00fcli tengeri kalandhoz sz\u00fcks\u00e9ges \u00f6sszes k\u00e9nyelmet \u00e9s szolg\u00e1ltat\u00e1st.<\/p>\n<h3>\ud83d\udd52 <strong>V\u00e1lassza ki a kalandj\u00e1t: A r\u00f6vid kir\u00e1ndul\u00e1sokt\u00f3l a hosszabb tart\u00f3zkod\u00e1sig<\/strong><\/h3>\n<ul>\n<li><strong>3 \u00f3r\u00e1s felfedez\u00e9s<\/strong>: T\u00f6k\u00e9letes olyan csal\u00e1dok sz\u00e1m\u00e1ra, akik Tenerife tengerparti sz\u00e9ps\u00e9g\u00e9b\u0151l \u00e9s a v\u00edzi tev\u00e9kenys\u00e9gekb\u0151l szeretn\u00e9nek \u00edzel\u00edt\u0151t kapni.<\/li>\n<li><strong>6 \u00f3r\u00e1s felfedez\u00e9s<\/strong>: M\u00e9lyebb mer\u00fcl\u00e9s Tenerife csod\u00e1iba, b\u0151s\u00e9ges id\u0151vel a b\u00fav\u00e1rkod\u00e1sra \u00e9s pihen\u00e9sre.<\/li>\n<li><strong>Kib\u0151v\u00edtett charta<\/strong>: Hosszabb\u00edtsa meg kalandj\u00e1t hat \u00f3r\u00e1n t\u00fal mind\u00f6ssze 150\u20ac-\u00e9rt plusz egy \u00f3r\u00e1nk\u00e9nt, \u00edgy teljes m\u00e9rt\u00e9kben megismerheti a Kan\u00e1ri-szigeteket.<\/li>\n<\/ul>\n<h3>\u2705 <strong>Minden, amire sz\u00fcks\u00e9ge van egy t\u00f6k\u00e9letes naphoz a tengeren<\/strong><\/h3>\n<ul>\n<li>Ingyenes \u00ednyenc falatok \u00e9s korl\u00e1tlan italok minden koroszt\u00e1ly sz\u00e1m\u00e1ra.<\/li>\n<li>Tapasztalt, t\u00f6bbnyelv\u0171 szem\u00e9lyzet, amely minden ig\u00e9nyt kiel\u00e9g\u00edt.<\/li>\n<li>Teljes b\u00fav\u00e1rfelszerel\u00e9s a v\u00edz alatti kalandokhoz.<\/li>\n<li>VIP-kezel\u00e9s k\u00e9nyelmes \u00fcl\u00e9sekkel \u00e9s b\u0151s\u00e9ges t\u00e9rrel.<\/li>\n<\/ul>\n<h3>\ud83c\udf7d\ufe0f <strong>\u00c9lelmiszer a fed\u00e9lzeten<\/strong><\/h3>\n<p>A LaLa Yacht \u00e9lm\u00e9nye sor\u00e1n gondosan v\u00e1logatott, friss \u00e9s \u00edzletes \u00e9teleket fogyaszthat, amelyek ide\u00e1lisak a tengeren val\u00f3 pihen\u00e9s k\u00f6zbeni megoszt\u00e1sra. Minden benne foglaltatik, \u00e9s korl\u00e1tlan italfogyaszt\u00e1ssal egy\u00fctt szolg\u00e1lj\u00e1k fel.<\/p>\n<p>A k\u00f6vetkez\u0151kre sz\u00e1m\u00edthat:<\/p>\n<ul>\n<li><strong>Ib\u00e9riai kolb\u00e1szs\u00fctem\u00e9nyt\u00e1bla:<\/strong>\u00a0Min\u0151s\u00e9gi p\u00e1colt h\u00fasok v\u00e1logat\u00e1sa autentikus spanyol \u00edzekkel.<\/li>\n<li><strong>Kan\u00e1ri sajtv\u00e1laszt\u00e9k:<\/strong>\u00a0Helyi sajtok gazdag \u00e9s egyedi \u00edzvil\u00e1ggal.<\/li>\n<li><strong>Gran Canaria Almogrote rusztikus keny\u00e9rszeletekkel:<\/strong>\u00a0Kr\u00e9mes, p\u00e1colt sajtkr\u00e9m egy csipetnyi mojo-val, ropog\u00f3s keny\u00e9rrel t\u00e1lalva.<\/li>\n<li><strong>Nachos guacamole-val:<\/strong>\u00a0Friss \u00e9s ropog\u00f3s, t\u00f6k\u00e9letes r\u00e1gcs\u00e1lnival\u00f3.<\/li>\n<li><strong>Kan\u00e1ri r\u00e1ncos burgonya v\u00f6r\u00f6s moj\u00f3val:<\/strong>\u00a0Helyi kedvenc, egyszer\u0171 \u00e9s \u00edzgazdag.<\/li>\n<li><strong>S\u00fclt csirke Wraps ropog\u00f3s sal\u00e1t\u00e1val:<\/strong>\u00a0K\u00f6nny\u0171 \u00e9s laktat\u00f3, ide\u00e1lis \u00fasz\u00e1s vagy paddleboardoz\u00e1s ut\u00e1n.<\/li>\n<li><strong>Szezon\u00e1lis gy\u00fcm\u00f6lcs\u00f6k \u00e9s s\u00fctem\u00e9nyek:<\/strong>\u00a0Valami \u00e9deset a fed\u00e9lzeten t\u00f6lt\u00f6tt id\u0151 lez\u00e1r\u00e1sak\u00e9nt.<\/li>\n<\/ul>\n<p>\u00c9lvezze a remek \u00e9teleket, a j\u00f3 italokat \u00e9s a m\u00e9g jobb kil\u00e1t\u00e1st - mindezt egy felejthetetlen utaz\u00e1s keret\u00e9ben.<\/p>\n<h3>\ud83d\udccd <strong>Indul\u00e1s Puerto Col\u00f3nb\u00f3l: Cololon: A kalandok kapuja<\/strong><\/h3>\n<p>A Costa Adeje 0. kapuj\u00e1n\u00e1l tal\u00e1lhat\u00f3 Puerto Col\u00f3n ide\u00e1lis kiindul\u00f3pont a LaLa <a href=\"https:\/\/canaryvip.com\/hu\/tenerife\/boat-hire-tenerife\/\">Jacht kaland.<\/a> A z\u00f6kken\u0151mentes indul\u00e1s \u00e9rdek\u00e9ben legal\u00e1bb 10 perccel az indul\u00e1s el\u0151tt \u00e9rkezzen meg. A kik\u00f6t\u0151ben k\u00e9nyelmes parkol\u00e1si lehet\u0151s\u00e9g \u00e1ll rendelkez\u00e9sre.<\/p>\n<h4>\ud83d\udcdc <strong>K\u00f6nny\u0171 foglal\u00e1s \u00e9s egy\u00e9rtelm\u0171 ir\u00e1nyelvek a nyugalom\u00e9rt<\/strong><\/h4>\n<p>A LaLa Yacht kaland lefoglal\u00e1sa az CanaryVIP seg\u00edts\u00e9g\u00e9vel z\u00f6kken\u0151mentes \u00e9s biztons\u00e1gos. Szab\u00e1lyzatainkat \u00fagy alak\u00edtottuk ki, hogy biztos\u00edtsuk az \u00d6n k\u00e9nyelm\u00e9t \u00e9s nyugalm\u00e1t.<\/p>\n<ul>\n<li><strong>Id\u0151j\u00e1r\u00e1si garancia<\/strong>: Rossz id\u0151j\u00e1r\u00e1s eset\u00e9n v\u00e1lasszon az \u00e1t\u00fctemez\u00e9s vagy a teljes visszat\u00e9r\u00edt\u00e9s k\u00f6z\u00f6tt az \u00d6n biztons\u00e1ga \u00e9rdek\u00e9ben.<\/li>\n<li><strong>Rugalmas lemond\u00e1s<\/strong>: Lemond\u00e1s vagy \u00e1t\u00fctemez\u00e9s legfeljebb 5 nappal kor\u00e1bban, teljes visszat\u00e9r\u00edt\u00e9s ellen\u00e9ben. Ezt k\u00f6vet\u0151en nem j\u00e1r visszat\u00e9r\u00edt\u00e9s.<\/li>\n<li><strong>Easy Access jegyek<\/strong>: Tartsa k\u00e9zn\u00e9l a besz\u00e1ll\u00f3k\u00e1rty\u00e1j\u00e1t a telefonj\u00e1n vagy kinyomtatva a k\u00e9nyelem \u00e9rdek\u00e9ben.<\/li>\n<li><strong>\u00c1tfog\u00f3 gondoz\u00e1s<\/strong>: Ha rosszul \u00e9rzi mag\u00e1t, vagy id\u0151 el\u0151tt befejezi az utaz\u00e1s\u00e1t, csapatunk seg\u00edt, b\u00e1r ilyen esetekben nem ny\u00fajtunk visszat\u00e9r\u00edt\u00e9st.<\/li>\n<li><strong>Fizet\u00e9si rugalmass\u00e1g<\/strong>: V\u00e1lassza ki az \u00d6nnek legmegfelel\u0151bb fizet\u00e9si m\u00f3dot.<\/li>\n<\/ul>\n<p><strong>\ud83c\udf0a\ud83c\udf1f\ud83d\udee5\ufe0f Foglalja le LaLa Yacht \u00e9lm\u00e9ny\u00e9t az CanaryVIP-n\u00e9l m\u00e9g ma, \u00e9s szerezzen felejthetetlen pillanatokat a tengeren.<\/strong><\/p>","protected":false},"excerpt":{"rendered":"<p><strong>\ud83d\udd0d LaLa Yacht:<\/strong><br \/>\n\u2705 Biztons\u00e1gos fizet\u00e9s.<br \/>\n\ud83d\udd10 Priv\u00e1t t\u00far\u00e1k.<br \/>\n\ud83d\udee5\ufe0f 14m Yacht Comfort.<br \/>\n\u23f3 Napi t\u00far\u00e1k 2-12 \u00f3ra k\u00f6z\u00f6tt.<br \/>\n\ud83d\udd59 Testreszabhat\u00f3 indul\u00e1si id\u0151k.<br \/>\n\ud83c\udf74 \u00c9tkez\u00e9st \u00e9s italokat tartalmaz.<br \/>\n\ud83d\udc65 Legfeljebb 12 vend\u00e9g.<br \/>\n\ud83c\udfc4\u200d\u2640\ufe0f Paddle Boards Included.<br \/>\n\ud83e\udd3f Snorkel felszerel\u00e9s biztos\u00edtott.<br \/>\n\ud83d\udd0a J\u00e1tssza le a zen\u00e9j\u00e9t.<br \/>\n\ud83e\udd11 Garant\u00e1ltan legjobb \u00e1r.<br \/>\n\ud83d\udc6a Kedvezm\u00e9nyek aktiv\u00e1lva.<br \/>\n\ud83d\udd01 Ak\u00e1r 5 napos lemond\u00e1s.<br \/>\n\ud83c\udf0d T\u00f6bbnyelv\u0171 leg\u00e9nys\u00e9g.<br \/>\n\ud83c\udf1f Foglaljon kor\u00e1n \u00e9s takar\u00edtson meg!<br \/>\n\ud83d\udccd Indul\u00e1s a\u00a0<a href=\"https:\/\/www.google.com\/maps\/place\/Puerto+Col%C3%B3n\/@28.0783432,-16.7368735,18.52z\/data=!4m6!3m5!1s0xc6a9743509c9ebf:0xd62345524f768247!8m2!3d28.0789928!4d-16.7359737!16s%2Fg%2F11c6cqryw_?entry=tts\">Puerto Colon<\/a>.<\/p>","protected":false},"featured_media":11556,"comment_status":"open","ping_status":"closed","template":"","meta":{"_acf_changed":false},"product_brand":[],"product_cat":[47],"product_tag":[],"class_list":{"0":"post-11553","1":"product","2":"type-product","3":"status-publish","4":"has-post-thumbnail","6":"product_cat-boat-hire-tenerife","7":"wcpa_has_options","9":"first","10":"instock","11":"virtual","12":"purchasable","13":"product-type-simple"},"acf":[],"wcpa_form_fields":{"wcpaData":{"product":{"product_price":815,"price_html":"From&nbsp;<span class=\"woocommerce-Price-amount amount\"><bdi>815,00&nbsp;<span class=\"woocommerce-Price-currencySymbol\">&euro;<\/span><\/bdi><\/span>","original_product_price":815,"price_including_tax":815,"price_excluding_tax":815,"product_id":{"parent":11553,"variation":false},"is_variable":false,"stock_status":"instock","stock_quantity":null,"parent_sku":"CV11553","product_attributes":[],"custom_fields":[],"is_taxable":false,"product_name":"LaLa Private Yacht Tenerife","hasImage":false},"fields":{"sec_4664dde58b0cc7":{"extra":{"key":"sec_4664dde58b0cc7","section_id":"sec_4664dde58b0cc7","name":"Default","status":1,"cl_rule":"show","enableCl":false,"relations":[],"toggle":true,"title_tag":"h3","show_title":false,"showPrice":"default","form_id":11559,"form_rules":{"exclude_from_discount":true,"fee_label":"Fee","disp_hide_options_price":true,"disp_show_section_price":false,"disp_show_field_price":true,"layout_option":"standard","pric_use_as_fee":false,"process_fee_as":"woo_fee"},"layout_option":"standard"},"fields":[[{"label":"\ud83d\udcc5 Date","active":true,"required":true,"elementId":"date_9664dde58b0ce8","picker_type":"custom","picker_mode":"single","placeholder":"","description":"","tooltip":"","name":"date_9664dde58b0ce8","label_position":"default","desc_position":"default","enablePrice":false,"className":"","enableCl":false,"relations":[{"operator":"and","rules":[{"operator":"AND","rules":{"cl_field":"radio-group_565c78ffa81208","cl_relation":"is","cl_val":"3 Hour Trip"}}]}],"date_pic_inline":true,"date_pic_inline_hide":true,"min_date":{"type":"days","val":"0"},"max_date":{"type":"days","val":"365"},"date_pic_conf":{"disabledWeeks":[]},"price":"","cl_rule":"show","col":6,"type":"date","error":false,"enableDesign":false,"LabelColor":"","date_conf_custom":{"minDate":"let d = new Date();\nif (d.getHours() >= 18) {\n  d.setDate(d.getDate() + 1);\n} else {\n  d.setDate(d.getDate() + 0);\n}\nreturn d;"},"gt_translate_keys":["label","placeholder","description","tooltip"],"price_dependency":false,"cl_dependency":false,"value":""}],[{"elementId":"separator_2664dde58b0d4d","separatorType":"blank","className":"","height":"1","enableCl":false,"relations":false,"cl_rule":"show","col":6,"type":"separator","error":false,"gt_translate_keys":[],"price_dependency":false,"cl_dependency":false,"value":""}],[{"active":true,"col":6,"relations":[{"operator":false,"rules":[{"operator":"AND","rules":{"cl_field":"radio-group_565c78ffa81208","cl_relation":"is","cl_val":"3 Hour Trip"}}]}],"cl_rule":"show","enableCl":false,"price":"","enablePrice":false,"className":"","label_position":"default","desc_position":"default","type":"select","required":false,"elementId":"select_3664dde58b0d57","label":"\u23f0 Departure","name":"select_3664dde58b0d57","values":[{"label":"09:00","value":"09:00","selected":false,"tempId":"aco_1471","gt_translate_keys":["label"]},{"label":"10:00","value":"10:00","selected":false,"tempId":"aco_1472","gt_translate_keys":["label"]},{"label":"11:00","value":"11:00","selected":false,"tempId":"aco_1500","gt_translate_keys":["label"]},{"label":"12:00","value":"12:00","selected":false,"tempId":"aco_1510","gt_translate_keys":["label"]},{"label":"13:30 (1:30 PM)","value":"13:30","selected":false,"tempId":"aco_1520","gt_translate_keys":["label"]},{"label":"14:00 (2:00 PM)","value":"14:00","selected":false,"tempId":"aco_1728","gt_translate_keys":["label"]},{"label":"15:00 (3:00 PM)","value":"15:00","selected":false,"tempId":"aco_1738","gt_translate_keys":["label"]}],"dropdown_type":"basic","error":false,"placeholder":"Whichever Time is Best","isWeightTemplate":false,"isTemplate":false,"min_quantity":"1","quantity_decimal":false,"quantity_step":"1","quantity_label":"Quantity","repeater_field_label":"{field_label}","repeater_bind":"","gt_translate_keys":["label","placeholder","repeater_field_label","quantity_label"],"price_dependency":false,"cl_dependency":false,"value":""}],[{"label":"\u2705 Number of People","active":true,"required":true,"elementId":"select_3664dde58b0d19","dropdown_type":"basic","placeholder":"Select Number of People","name":"select_3664dde58b0d19","label_position":"default","desc_position":"default","enablePrice":false,"className":"","enableCl":false,"relations":[{"operator":false,"rules":[{"operator":"AND","rules":{"cl_field":"radio-group_565c78ffa81208","cl_relation":"is","cl_val":"3 Hour Trip"}}]}],"values":[{"label":"1 person","value":"1","selected":false,"tempId":"aco_1471","price":"0","gt_translate_keys":["label"]},{"label":"2 people","value":"2","selected":false,"tempId":"aco_1472","price":"0","gt_translate_keys":["label"]},{"label":"3 people","value":"3","selected":false,"tempId":"aco_1500","price":"0","gt_translate_keys":["label"]},{"label":"4 people","value":"4","selected":false,"tempId":"aco_1510","price":"0","gt_translate_keys":["label"]},{"label":"5 people","value":"5","selected":false,"tempId":"aco_1520","price":"0","gt_translate_keys":["label"]},{"label":"6 people","value":"6","selected":false,"tempId":"aco_1728","price":"0","gt_translate_keys":["label"]},{"label":"7 people","value":"7","selected":false,"tempId":"aco_1738","price":"20","gt_translate_keys":["label"]},{"label":"8 people","value":"8","selected":false,"tempId":"aco_1748","price":"40","gt_translate_keys":["label"]},{"label":"9 people","value":"9","selected":false,"tempId":"aco_1912","price":"60","gt_translate_keys":["label"]},{"label":"10 people","value":"10","selected":false,"tempId":"aco_1922","price":"80","gt_translate_keys":["label"]},{"label":"11 people","value":"11","selected":false,"tempId":"aco_705","price":"100","gt_translate_keys":["label"]},{"label":"12 People","value":"12","selected":false,"tempId":"aco_85","gt_translate_keys":["label"]}],"price":"","cl_rule":"show","col":6,"type":"select","error":false,"priceOptions":"different_for_all","pricingType":"fixed","is_show_price":true,"gt_translate_keys":["label","placeholder"],"price_dependency":false,"cl_dependency":false,"value":""}],[{"elementId":"separator_1664dde58b0d62","separatorType":"blank","className":"","height":"1","enableCl":false,"relations":false,"cl_rule":"show","col":6,"type":"separator","error":false,"gt_translate_keys":[],"price_dependency":false,"cl_dependency":false,"value":""}],[{"contentType":"rich","active":true,"label":"","elementId":"content_8664dde58b0cf7","value":"<p>\ud83c\udf9f\ufe0f <strong>Reservation<\/strong>: Pay only a deposit now to reserve; the rest is due on the day of the activity upon arrival.<\/p>","inline":false,"name":"content_8664dde58b0cf7","enablePrice":false,"className":"","subtype":"p","enableCl":false,"relations":false,"price":"","cl_rule":"show","col":6,"type":"content","error":false,"pricingType":"custom","isTemplate":false,"is_show_price":true,"show_in_checkout":true,"gt_translate_keys":["label","value"],"price_dependency":false,"cl_dependency":false}],[{"elementId":"separator_3664dde58b0d04","separatorType":"blank","className":"","height":"3","enableCl":false,"relations":false,"cl_rule":"show","col":6,"type":"separator","error":false,"gt_translate_keys":[],"price_dependency":false,"cl_dependency":false,"value":""}],[{"active":true,"col":6,"relations":false,"cl_rule":"show","enableCl":false,"price":"","enablePrice":true,"className":"","label_position":"default","desc_position":"default","type":"select","required":true,"elementId":"select_7664dde58b0d0f","label":"\u23f3 Trip Duration","name":"select_7664dde58b0d0f","values":[{"label":"3 Hours (815\u20ac)","value":"3","selected":false,"tempId":"aco_556","price":"815","gt_translate_keys":["label"]},{"label":"4 Hours (960\u20ac)","value":"4","selected":false,"tempId":"aco_640","price":"960","gt_translate_keys":["label"]},{"label":"5 Hours (1.100\u20ac)","value":"5","selected":false,"tempId":"aco_660","price":"1100","gt_translate_keys":["label"]},{"label":"6 Hours (1.245\u20ac)","value":"6","selected":false,"tempId":"aco_566","price":"1245","gt_translate_keys":["label"]},{"label":"7 Hours (1.390\u20ac)","value":"7","selected":false,"tempId":"aco_19","price":"1390","gt_translate_keys":["label"]},{"label":"8 Hours (1.500\u20ac)","value":"8","selected":false,"tempId":"aco_792","price":"1500","gt_translate_keys":["label"]}],"dropdown_type":"basic","error":false,"placeholder":"Select Trip Duration","priceOptions":"different_for_all","pricingType":"fixed","is_show_price":true,"isTemplate":false,"isWeightTemplate":false,"min_quantity":"1","quantity_decimal":false,"quantity_step":"1","quantity_label":"Quantity","repeater_field_label":"{field_label}","repeater_bind":"","gt_translate_keys":["label","placeholder","repeater_field_label","quantity_label"],"price_dependency":["content_7664dde58b0d2e","content_5664dde58b0d38"],"cl_dependency":false,"value":""}],[{"active":true,"col":6,"relations":false,"cl_rule":"show","enableCl":false,"price":"","enablePrice":true,"className":"","label_position":"default","desc_position":"default","type":"select","required":false,"elementId":"select_6738878861","label":"\ud83d\udca6 Add jet-skis?","name":"select_6738878861","values":[{"label":"1 JetSki for 1 Hour (250\u20ac)","value":"1 JetSki","selected":false,"tempId":"aco_167","price":"250","gt_translate_keys":["label"]},{"label":"2 JetSkis for 1 Hour (500\u20ac)","value":"2 JetSkis","selected":false,"tempId":"aco_168","price":"500","gt_translate_keys":["label"]}],"isWeightTemplate":false,"error":false,"isTemplate":false,"min_quantity":"1","quantity_decimal":false,"quantity_step":"1","quantity_label":"Quantity","repeater_field_label":"{field_label}","repeater_bind":"","dropdown_type":"basic","description":"Private JetSki tour from the boat with a JetSki instructor.","priceOptions":"different_for_all","pricingType":"fixed","is_show_price":true,"placeholder":"None","gt_translate_keys":["label","placeholder","description","repeater_field_label","quantity_label"],"price_dependency":false,"cl_dependency":false,"value":""}],[{"elementId":"separator_4664dde58b0d24","separatorType":"fill","className":"","height":"6","enableCl":false,"relations":false,"cl_rule":"show","col":6,"type":"separator","error":false,"separatorColor":"#66a6b6","gt_translate_keys":[],"price_dependency":false,"cl_dependency":false,"value":""}],[{"active":true,"col":6,"relations":false,"cl_rule":"show","enableCl":false,"price":"({field.select_7664dde58b0d0f.price})*0.20","enablePrice":true,"className":"","label_position":"default","desc_position":"default","type":"content","required":false,"elementId":"content_7664dde58b0d2e","label":"Deposit Payment","name":"content_7664dde58b0d2e","contentType":"plain","value":"","error":false,"pricingType":"custom","isTemplate":true,"is_show_price":false,"enableDesign":true,"scrollBar":false,"use_as_fee":false,"fee_label":"Payment Now","inline":true,"show_in_checkout":true,"subtype":"div","formulaId":"fmla_1716380912562544169","LabelSize":"14px","gt_translate_keys":["label","value"],"price_dependency":["content_8664dde58b0d42"],"cl_dependency":false}],[{"contentType":"plain","active":true,"label":"Payment at Arrival","elementId":"content_5664dde58b0d38","value":"","inline":true,"show_in_checkout":true,"name":"content_5664dde58b0d38","enablePrice":true,"className":"","fee_label":"Payment at Arrival","subtype":"div","enableCl":false,"relations":false,"scrollBar":false,"enableDesign":true,"pricingType":"custom","isTemplate":true,"price":"({field.select_7664dde58b0d0f.price})*0.80","use_as_fee":false,"is_show_price":true,"cl_rule":"show","col":6,"type":"content","error":false,"formulaId":"fmla_1708364241278155361","LabelSize":"14px","gt_translate_keys":["label","value"],"price_dependency":["content_8664dde58b0d42"],"cl_dependency":false}],[{"contentType":"plain","active":true,"label":"Total Price","elementId":"content_8664dde58b0d42","value":"","inline":true,"show_in_checkout":true,"name":"content_8664dde58b0d42","enablePrice":true,"className":"","fee_label":"Payment at Arrival","subtype":"div","enableCl":false,"relations":false,"scrollBar":false,"enableDesign":true,"LabelSize":"14px","pricingType":"custom","isTemplate":false,"price":"({field.content_7664dde58b0d2e.price}) + ({field.content_5664dde58b0d38.price})","formulaId":"fmla_1708360988969136756","use_as_fee":false,"is_show_price":true,"cl_rule":"show","col":6,"type":"content","error":false,"gt_translate_keys":["label","value"],"price_dependency":false,"cl_dependency":false}]]}},"config":{"price_override":"always","enable_recaptcha":false,"bind_quantity":false,"quantity_bind_formula":false,"disp_summ_show_option_price":true,"disp_summ_show_product_price":false,"disp_summ_show_total_price":false,"disp_summ_show_fee":true,"disp_summ_show_discount":true,"summary_title":"","options_total_label":"Options Price","total_label":"Deposit Amount","options_product_label":"Product Price","fee_label":"Fee","discount_label":"Discount","has_price":true,"has_quantity_formula":false},"mc_unit":1,"tax_rate":1,"tax_rate_real":1,"discount":{"percentage":0,"fixed":0},"design":{"conf":{"LabelPosition":"above","DescPosition":"above","UploadField":"custom_1","QuantityFieldStyle":"custom_1"},"css":{"LeftLabelWidth":"120px"}},"formulas":{"fmla_1708364241278155361":"(({field.select_7664dde58b0d0f.value}>=8)?(1170):(({field.select_7664dde58b0d0f.value}>=7)?(1057.50):(({field.select_7664dde58b0d0f.value}>=6)?(945):(({field.select_7664dde58b0d0f.value}>=5)?(840):(({field.select_7664dde58b0d0f.value}>=4)?(727.50):(({field.select_7664dde58b0d0f.value}>=3)?(615):(0)))))))","fmla_1716380912562544169":"(({field.select_7664dde58b0d0f.value}>=8)?(330+{field.select_6738878861.price}):(({field.select_7664dde58b0d0f.value}>=7)?(332.50+{field.select_6738878861.price}):(({field.select_7664dde58b0d0f.value}>=6)?(300+{field.select_6738878861.price}):(({field.select_7664dde58b0d0f.value}>=5)?(260+{field.select_6738878861.price}):(({field.select_7664dde58b0d0f.value}>=4)?(232.50+{field.select_6738878861.price}):(({field.select_7664dde58b0d0f.value}>=3)?(200+{field.select_6738878861.price}):(0)))))))"},"lookuptables":[],"clones":false,"cartKey":false}},"_links":{"self":[{"href":"https:\/\/canaryvip.com\/hu\/wp-json\/wp\/v2\/product\/11553","targetHints":{"allow":["GET"]}}],"collection":[{"href":"https:\/\/canaryvip.com\/hu\/wp-json\/wp\/v2\/product"}],"about":[{"href":"https:\/\/canaryvip.com\/hu\/wp-json\/wp\/v2\/types\/product"}],"replies":[{"embeddable":true,"href":"https:\/\/canaryvip.com\/hu\/wp-json\/wp\/v2\/comments?post=11553"}],"wp:featuredmedia":[{"embeddable":true,"href":"https:\/\/canaryvip.com\/hu\/wp-json\/wp\/v2\/media\/11556"}],"wp:attachment":[{"href":"https:\/\/canaryvip.com\/hu\/wp-json\/wp\/v2\/media?parent=11553"}],"wp:term":[{"taxonomy":"product_brand","embeddable":true,"href":"https:\/\/canaryvip.com\/hu\/wp-json\/wp\/v2\/product_brand?post=11553"},{"taxonomy":"product_cat","embeddable":true,"href":"https:\/\/canaryvip.com\/hu\/wp-json\/wp\/v2\/product_cat?post=11553"},{"taxonomy":"product_tag","embeddable":true,"href":"https:\/\/canaryvip.com\/hu\/wp-json\/wp\/v2\/product_tag?post=11553"}],"curies":[{"name":"wp","href":"https:\/\/api.w.org\/{rel}","templated":true}]}}